{"id":40254,"date":"2025-01-16T15:07:22","date_gmt":"2025-01-16T21:07:22","guid":{"rendered":"https:\/\/nazarene.org\/livros-de-fontes-ministeriais\/"},"modified":"2026-03-25T06:17:55","modified_gmt":"2026-03-25T11:17:55","slug":"livros-de-fontes-ministeriais","status":"publish","type":"page","link":"https:\/\/nazarene.org\/pt-br\/desenvolvimento-global-do-clero\/livros-de-fontes-ministeriais\/","title":{"rendered":"Manuais de refer\u00eancia ministeriais"},"content":{"rendered":"\t\t<div data-elementor-type=\"wp-page\" data-elementor-id=\"40254\" class=\"elementor elementor-40254 elementor-6463\" data-elementor-post-type=\"page\">\n\t\t\t\t<div class=\"elementor-element elementor-element-3afea2b e-flex e-con-boxed e-con e-parent\" data-id=\"3afea2b\" data-element_type=\"container\" data-e-type=\"container\" data-settings=\"{&quot;background_background&quot;:&quot;gradient&quot;,&quot;jet_parallax_layout_list&quot;:[]}\">\n\t\t\t\t\t<div class=\"e-con-inner\">\n\t\t\t\t<div class=\"elementor-element elementor-element-d4ac1ba elementor-widget elementor-widget-heading\" data-id=\"d4ac1ba\" data-element_type=\"widget\" data-e-type=\"widget\" data-widget_type=\"heading.default\">\n\t\t\t\t<div class=\"elementor-widget-container\">\n\t\t\t\t\t<h1 class=\"elementor-heading-title elementor-size-default\">Manuais de refer\u00eancia ministeriais<\/h1>\t\t\t\t<\/div>\n\t\t\t\t<\/div>\n\t\t\t\t\t<\/div>\n\t\t\t\t<\/div>\n\t\t<div class=\"elementor-element elementor-element-50a963f e-flex e-con-boxed e-con e-parent\" data-id=\"50a963f\" data-element_type=\"container\" data-e-type=\"container\" data-settings=\"{&quot;jet_parallax_layout_list&quot;:[]}\">\n\t\t\t\t\t<div class=\"e-con-inner\">\n\t\t<div class=\"elementor-element elementor-element-f707a6d e-con-full e-flex e-con e-child\" data-id=\"f707a6d\" data-element_type=\"container\" data-e-type=\"container\" data-settings=\"{&quot;jet_parallax_layout_list&quot;:[]}\">\n\t\t\t\t<div class=\"elementor-element elementor-element-58f955f elementor-widget elementor-widget-heading\" data-id=\"58f955f\" data-element_type=\"widget\" data-e-type=\"widget\" data-widget_type=\"heading.default\">\n\t\t\t\t<div class=\"elementor-widget-container\">\n\t\t\t\t\t<h1 class=\"elementor-heading-title elementor-size-default\">Manuais de refer\u00eancia ministeriais<\/h1>\t\t\t\t<\/div>\n\t\t\t\t<\/div>\n\t\t\t\t<div class=\"elementor-element elementor-element-14d5629 elementor-hidden-widescreen elementor-hidden-desktop elementor-hidden-tablet elementor-hidden-mobile elementor-widget elementor-widget-text-editor\" data-id=\"14d5629\" data-element_type=\"widget\" data-e-type=\"widget\" data-widget_type=\"text-editor.default\">\n\t\t\t\t<div class=\"elementor-widget-container\">\n\t\t\t\t\t\t\t\t\t<p><a href=\"\/wp-content\/uploads\/2025\/01\/internationalsb.pdf\" target=\"_blank\" rel=\"noopener\">Internacional<\/a><br><a href=\"\/wp-content\/uploads\/2025\/01\/Sourcebook-Africa-Region-2019-2020.pdf\" target=\"_blank\" rel=\"noopener\">\u00c1frica<\/a><br><a href=\"\/wp-content\/uploads\/2025\/01\/AsiaPacific_Sourcebook_2015.pdf\" target=\"_blank\" rel=\"noopener\">\u00c1sia-Pac\u00edfico<\/a><br><a href=\"\/wp-content\/uploads\/2025\/01\/Eurasia_Sourcebook_2015.pdf\" target=\"_blank\" rel=\"noopener\">Eur\u00e1sia<\/a><br><a href=\"\/wp-content\/uploads\/2025\/01\/macsb.pdf\" target=\"_blank\" rel=\"noopener\">Mesoam\u00e9rica<\/a><br><a href=\"\/wp-content\/uploads\/2025\/01\/macsb.pdf\" target=\"_blank\" rel=\"noopener\">Am\u00e9rica do Sul<\/a><br>EUA\/Canad\u00e1 &#8211; <a href=\"\/wp-content\/uploads\/2025\/01\/USACanada_Sourcebook_Revised2015_Final1.pdf\" target=\"_blank\" rel=\"noopener\">Ingl\u00eas<\/a>, <a href=\"\/wp-content\/uploads\/2025\/01\/USA-Canada_Sourcebook_Revised2015_French.pdf\" target=\"_blank\" rel=\"noopener\">Franc\u00eas<\/a>, <a href=\"\/wp-content\/uploads\/2025\/01\/USA-Canada_Sourcebook_Revised2015_Spanish.pdf\" target=\"_blank\" rel=\"noopener\">Espanhol<\/a><\/p><p><em>Este manual (revisado em 2015) substitui as vers\u00f5es anteriores do manual do Canad\u00e1 e do manual dos EUA.<\/em><\/p>\t\t\t\t\t\t\t\t<\/div>\n\t\t\t\t<\/div>\n\t\t\t\t<div class=\"elementor-element elementor-element-a1bb84d elementor-widget elementor-widget-text-editor\" data-id=\"a1bb84d\" data-element_type=\"widget\" data-e-type=\"widget\" data-widget_type=\"text-editor.default\">\n\t\t\t\t<div class=\"elementor-widget-container\">\n\t\t\t\t\t\t\t\t\t<p>NOTA: Para obter essas informa\u00e7\u00f5es, entre em contato com o Departamento de Educa\u00e7\u00e3o Global e Desenvolvimento do Clero pelo e-mail <a href=\"mailto:gecd@nazarene.org\">gecd@nazarene.org<\/a>.<\/p>\t\t\t\t\t\t\t\t<\/div>\n\t\t\t\t<\/div>\n\t\t\t\t<div class=\"elementor-element elementor-element-d661b36 elementor-widget elementor-widget-heading\" data-id=\"d661b36\" data-element_type=\"widget\" data-e-type=\"widget\" data-widget_type=\"heading.default\">\n\t\t\t\t<div class=\"elementor-widget-container\">\n\t\t\t\t\t<h1 class=\"elementor-heading-title elementor-size-default\">Manuais regionais para candidatos ministeriais<\/h1>\t\t\t\t<\/div>\n\t\t\t\t<\/div>\n\t\t\t\t<div class=\"elementor-element elementor-element-4806a32 elementor-widget elementor-widget-text-editor\" data-id=\"4806a32\" data-element_type=\"widget\" data-e-type=\"widget\" data-widget_type=\"text-editor.default\">\n\t\t\t\t<div class=\"elementor-widget-container\">\n\t\t\t\t\t\t\t\t\t<p>EUA\/Canad\u00e1 \u2014<br><a href=\"https:\/\/resources.nazarene.org\/index.php\/s\/mqx42GR9YwpYRno\" target=\"_blank\" rel=\"noopener\">Guia para prepara\u00e7\u00e3o ministerial e ordena\u00e7\u00e3o<\/a><br><a href=\"\/wp-content\/uploads\/2025\/01\/CalltoMinistry_0.pdf\" target=\"_blank\" rel=\"noopener\">Registro da voca\u00e7\u00e3o ao minist\u00e9rio<\/a><\/p>\t\t\t\t\t\t\t\t<\/div>\n\t\t\t\t<\/div>\n\t\t\t\t<\/div>\n\t\t\t\t\t<\/div>\n\t\t\t\t<\/div>\n\t\t<div class=\"elementor-element elementor-element-ec502b3 e-flex e-con-boxed e-con e-parent\" data-id=\"ec502b3\" data-element_type=\"container\" data-e-type=\"container\" data-settings=\"{&quot;background_background&quot;:&quot;classic&quot;,&quot;jet_parallax_layout_list&quot;:[]}\">\n\t\t\t\t\t<div class=\"e-con-inner\">\n\t\t<div class=\"elementor-element elementor-element-4df6553 e-con-full e-flex e-con e-child\" data-id=\"4df6553\" data-element_type=\"container\" data-e-type=\"container\" data-settings=\"{&quot;jet_parallax_layout_list&quot;:[]}\">\n\t\t\t\t<div class=\"elementor-element elementor-element-e346b28 elementor-widget elementor-widget-heading\" data-id=\"e346b28\" data-element_type=\"widget\" data-e-type=\"widget\" data-widget_type=\"heading.default\">\n\t\t\t\t<div class=\"elementor-widget-container\">\n\t\t\t\t\t<h1 class=\"elementor-heading-title elementor-size-default\">Como entrar em contato com o Desenvolvimento do Clero<\/h1>\t\t\t\t<\/div>\n\t\t\t\t<\/div>\n\t\t\t\t<div class=\"elementor-element elementor-element-bfa9ec2 elementor-widget elementor-widget-heading\" data-id=\"bfa9ec2\" data-element_type=\"widget\" data-e-type=\"widget\" data-widget_type=\"heading.default\">\n\t\t\t\t<div class=\"elementor-widget-container\">\n\t\t\t\t\t<h2 class=\"elementor-heading-title elementor-size-default\">Cadastre-se para receber not\u00edcias semanais da Igreja do Nazareno.<\/h2>\t\t\t\t<\/div>\n\t\t\t\t<\/div>\n\t\t\t\t<\/div>\n\t\t<div class=\"elementor-element elementor-element-4ea9b22 e-con-full e-flex e-con e-child\" data-id=\"4ea9b22\" data-element_type=\"container\" data-e-type=\"container\" data-settings=\"{&quot;jet_parallax_layout_list&quot;:[]}\">\n\t\t\t\t<div class=\"elementor-element elementor-element-c4931a6 elementor-align-center elementor-widget elementor-widget-button\" data-id=\"c4931a6\" data-element_type=\"widget\" data-e-type=\"widget\" data-widget_type=\"button.default\">\n\t\t\t\t<div class=\"elementor-widget-container\">\n\t\t\t\t\t\t\t\t\t<div class=\"elementor-button-wrapper\">\n\t\t\t\t\t<a class=\"elementor-button elementor-button-link elementor-size-sm\" href=\"mailto:pastor@nazarene.org\">\n\t\t\t\t\t\t<span class=\"elementor-button-content-wrapper\">\n\t\t\t\t\t\t<span class=\"elementor-button-icon\">\n\t\t\t\t<svg aria-hidden=\"true\" class=\"e-font-icon-svg e-fas-arrow-right\" viewBox=\"0 0 448 512\" xmlns=\"http:\/\/www.w3.org\/2000\/svg\"><path d=\"M190.5 66.9l22.2-22.2c9.4-9.4 24.6-9.4 33.9 0L441 239c9.4 9.4 9.4 24.6 0 33.9L246.6 467.3c-9.4 9.4-24.6 9.4-33.9 0l-22.2-22.2c-9.5-9.5-9.3-25 .4-34.3L311.4 296H24c-13.3 0-24-10.7-24-24v-32c0-13.3 10.7-24 24-24h287.4L190.9 101.2c-9.8-9.3-10-24.8-.4-34.3z\"><\/path><\/svg>\t\t\t<\/span>\n\t\t\t\t\t\t\t\t\t<span class=\"elementor-button-text\">E-MAIL<\/span>\n\t\t\t\t\t<\/span>\n\t\t\t\t\t<\/a>\n\t\t\t\t<\/div>\n\t\t\t\t\t\t\t\t<\/div>\n\t\t\t\t<\/div>\n\t\t\t\t<div class=\"elementor-element elementor-element-d0162a7 elementor-align-center elementor-widget elementor-widget-button\" data-id=\"d0162a7\" data-element_type=\"widget\" data-e-type=\"widget\" data-widget_type=\"button.default\">\n\t\t\t\t<div class=\"elementor-widget-container\">\n\t\t\t\t\t\t\t\t\t<div class=\"elementor-button-wrapper\">\n\t\t\t\t\t<a class=\"elementor-button elementor-button-link elementor-size-sm\" href=\"tel:1-800-306-7651\">\n\t\t\t\t\t\t<span class=\"elementor-button-content-wrapper\">\n\t\t\t\t\t\t<span class=\"elementor-button-icon\">\n\t\t\t\t<svg aria-hidden=\"true\" class=\"e-font-icon-svg e-fas-arrow-right\" viewBox=\"0 0 448 512\" xmlns=\"http:\/\/www.w3.org\/2000\/svg\"><path d=\"M190.5 66.9l22.2-22.2c9.4-9.4 24.6-9.4 33.9 0L441 239c9.4 9.4 9.4 24.6 0 33.9L246.6 467.3c-9.4 9.4-24.6 9.4-33.9 0l-22.2-22.2c-9.5-9.5-9.3-25 .4-34.3L311.4 296H24c-13.3 0-24-10.7-24-24v-32c0-13.3 10.7-24 24-24h287.4L190.9 101.2c-9.8-9.3-10-24.8-.4-34.3z\"><\/path><\/svg>\t\t\t<\/span>\n\t\t\t\t\t\t\t\t\t<span class=\"elementor-button-text\">1-800-306-7651<\/span>\n\t\t\t\t\t<\/span>\n\t\t\t\t\t<\/a>\n\t\t\t\t<\/div>\n\t\t\t\t\t\t\t\t<\/div>\n\t\t\t\t<\/div>\n\t\t\t\t<\/div>\n\t\t\t\t\t<\/div>\n\t\t\t\t<\/div>\n\t\t\t\t<\/div>\n\t\t","protected":false},"excerpt":{"rendered":"<p>Manuais de refer\u00eancia ministeriais Manuais de refer\u00eancia ministeriais Internacional\u00c1frica\u00c1sia-Pac\u00edficoEur\u00e1siaMesoam\u00e9ricaAm\u00e9rica do SulEUA\/Canad\u00e1 &#8211; Ingl\u00eas, Franc\u00eas, Espanhol Este manual (revisado em 2015) substitui as vers\u00f5es anteriores do manual do Canad\u00e1 e do manual dos EUA. NOTA: Para obter essas informa\u00e7\u00f5es, entre em contato com o Departamento de Educa\u00e7\u00e3o Global e Desenvolvimento do Clero pelo e-mail gecd@nazarene.org. Manuais [&hellip;]<\/p>\n","protected":false},"author":6,"featured_media":0,"parent":40279,"menu_order":0,"comment_status":"closed","ping_status":"closed","template":"","meta":{"content-type":"","_jet_sm_ready_style":"","_jet_sm_style":"","_jet_sm_controls_values":"","_jet_sm_fonts_collection":"","_jet_sm_fonts_links":"","footnotes":""},"class_list":["post-40254","page","type-page","status-publish","hentry"],"yoast_head":"<!-- This site is optimized with the Yoast SEO Premium plugin v27.1 (Yoast SEO v27.1.1) - https:\/\/yoast.com\/product\/yoast-seo-premium-wordpress\/ -->\n<title>Manuais de refer\u00eancia ministeriais - Church of the Nazarene<\/title>\n<meta name=\"robots\" content=\"index, follow, max-snippet:-1, max-image-preview:large, max-video-preview:-1\" \/>\n<link rel=\"canonical\" href=\"https:\/\/nazarene.org\/pt-br\/desenvolvimento-global-do-clero\/livros-de-fontes-ministeriais\/\" \/>\n<meta property=\"og:locale\" content=\"pt_BR\" \/>\n<meta property=\"og:type\" content=\"article\" \/>\n<meta property=\"og:title\" content=\"Manuais de refer\u00eancia ministeriais\" \/>\n<meta property=\"og:description\" content=\"Manuais de refer\u00eancia ministeriais Manuais de refer\u00eancia ministeriais Internacional\u00c1frica\u00c1sia-Pac\u00edficoEur\u00e1siaMesoam\u00e9ricaAm\u00e9rica do SulEUA\/Canad\u00e1 &#8211; Ingl\u00eas, Franc\u00eas, Espanhol Este manual (revisado em 2015) substitui as vers\u00f5es anteriores do manual do Canad\u00e1 e do manual dos EUA. NOTA: Para obter essas informa\u00e7\u00f5es, entre em contato com o Departamento de Educa\u00e7\u00e3o Global e Desenvolvimento do Clero pelo e-mail gecd@nazarene.org. Manuais [&hellip;]\" \/>\n<meta property=\"og:url\" content=\"https:\/\/nazarene.org\/pt-br\/desenvolvimento-global-do-clero\/livros-de-fontes-ministeriais\/\" \/>\n<meta property=\"og:site_name\" content=\"Church of the Nazarene\" \/>\n<meta property=\"article:publisher\" content=\"https:\/\/www.facebook.com\/NazareneOfficial\/\" \/>\n<meta property=\"article:modified_time\" content=\"2026-03-25T11:17:55+00:00\" \/>\n<meta name=\"twitter:card\" content=\"summary_large_image\" \/>\n<meta name=\"twitter:site\" content=\"@Nazarene\" \/>\n<script type=\"application\/ld+json\" class=\"yoast-schema-graph\">{\"@context\":\"https:\/\/schema.org\",\"@graph\":[{\"@type\":\"WebPage\",\"@id\":\"https:\/\/nazarene.org\/pt-br\/desenvolvimento-global-do-clero\/livros-de-fontes-ministeriais\/\",\"url\":\"https:\/\/nazarene.org\/pt-br\/desenvolvimento-global-do-clero\/livros-de-fontes-ministeriais\/\",\"name\":\"Manuais de refer\u00eancia ministeriais - Church of the Nazarene\",\"isPartOf\":{\"@id\":\"https:\/\/nazarene.org\/pt-br\/#website\"},\"datePublished\":\"2025-01-16T21:07:22+00:00\",\"dateModified\":\"2026-03-25T11:17:55+00:00\",\"breadcrumb\":{\"@id\":\"https:\/\/nazarene.org\/pt-br\/desenvolvimento-global-do-clero\/livros-de-fontes-ministeriais\/#breadcrumb\"},\"inLanguage\":\"pt-BR\",\"potentialAction\":[{\"@type\":\"ReadAction\",\"target\":[\"https:\/\/nazarene.org\/pt-br\/desenvolvimento-global-do-clero\/livros-de-fontes-ministeriais\/\"]}]},{\"@type\":\"BreadcrumbList\",\"@id\":\"https:\/\/nazarene.org\/pt-br\/desenvolvimento-global-do-clero\/livros-de-fontes-ministeriais\/#breadcrumb\",\"itemListElement\":[{\"@type\":\"ListItem\",\"position\":1,\"name\":\"Home\",\"item\":\"https:\/\/nazarene.org\/pt-br\/casa\/\"},{\"@type\":\"ListItem\",\"position\":2,\"name\":\"Desenvolvimento Global do Clero\",\"item\":\"https:\/\/nazarene.org\/pt-br\/desenvolvimento-global-do-clero\/\"},{\"@type\":\"ListItem\",\"position\":3,\"name\":\"Manuais de refer\u00eancia ministeriais\"}]},{\"@type\":\"WebSite\",\"@id\":\"https:\/\/nazarene.org\/pt-br\/#website\",\"url\":\"https:\/\/nazarene.org\/pt-br\/\",\"name\":\"Church of the Nazarene\",\"description\":\"Making Christlike Disciples in the Nations\",\"publisher\":{\"@id\":\"https:\/\/nazarene.org\/pt-br\/#organization\"},\"potentialAction\":[{\"@type\":\"SearchAction\",\"target\":{\"@type\":\"EntryPoint\",\"urlTemplate\":\"https:\/\/nazarene.org\/pt-br\/?s={search_term_string}\"},\"query-input\":{\"@type\":\"PropertyValueSpecification\",\"valueRequired\":true,\"valueName\":\"search_term_string\"}}],\"inLanguage\":\"pt-BR\"},{\"@type\":\"Organization\",\"@id\":\"https:\/\/nazarene.org\/pt-br\/#organization\",\"name\":\"Church of the Nazarene\",\"url\":\"https:\/\/nazarene.org\/pt-br\/\",\"logo\":{\"@type\":\"ImageObject\",\"inLanguage\":\"pt-BR\",\"@id\":\"https:\/\/nazarene.org\/pt-br\/#\/schema\/logo\/image\/\",\"url\":\"https:\/\/nazarene.org\/wp-content\/uploads\/2024\/06\/Naz_Desktop_Black_Logo-1.svg\",\"contentUrl\":\"https:\/\/nazarene.org\/wp-content\/uploads\/2024\/06\/Naz_Desktop_Black_Logo-1.svg\",\"width\":258,\"height\":36,\"caption\":\"Church of the Nazarene\"},\"image\":{\"@id\":\"https:\/\/nazarene.org\/pt-br\/#\/schema\/logo\/image\/\"},\"sameAs\":[\"https:\/\/www.facebook.com\/NazareneOfficial\/\",\"https:\/\/x.com\/Nazarene\",\"https:\/\/www.instagram.com\/nazareneofficial\/\"]}]}<\/script>\n<!-- \/ Yoast SEO Premium plugin. -->","yoast_head_json":{"title":"Manuais de refer\u00eancia ministeriais - Church of the Nazarene","robots":{"index":"index","follow":"follow","max-snippet":"max-snippet:-1","max-image-preview":"max-image-preview:large","max-video-preview":"max-video-preview:-1"},"canonical":"https:\/\/nazarene.org\/pt-br\/desenvolvimento-global-do-clero\/livros-de-fontes-ministeriais\/","og_locale":"pt_BR","og_type":"article","og_title":"Manuais de refer\u00eancia ministeriais","og_description":"Manuais de refer\u00eancia ministeriais Manuais de refer\u00eancia ministeriais Internacional\u00c1frica\u00c1sia-Pac\u00edficoEur\u00e1siaMesoam\u00e9ricaAm\u00e9rica do SulEUA\/Canad\u00e1 &#8211; Ingl\u00eas, Franc\u00eas, Espanhol Este manual (revisado em 2015) substitui as vers\u00f5es anteriores do manual do Canad\u00e1 e do manual dos EUA. NOTA: Para obter essas informa\u00e7\u00f5es, entre em contato com o Departamento de Educa\u00e7\u00e3o Global e Desenvolvimento do Clero pelo e-mail gecd@nazarene.org. Manuais [&hellip;]","og_url":"https:\/\/nazarene.org\/pt-br\/desenvolvimento-global-do-clero\/livros-de-fontes-ministeriais\/","og_site_name":"Church of the Nazarene","article_publisher":"https:\/\/www.facebook.com\/NazareneOfficial\/","article_modified_time":"2026-03-25T11:17:55+00:00","twitter_card":"summary_large_image","twitter_site":"@Nazarene","schema":{"@context":"https:\/\/schema.org","@graph":[{"@type":"WebPage","@id":"https:\/\/nazarene.org\/pt-br\/desenvolvimento-global-do-clero\/livros-de-fontes-ministeriais\/","url":"https:\/\/nazarene.org\/pt-br\/desenvolvimento-global-do-clero\/livros-de-fontes-ministeriais\/","name":"Manuais de refer\u00eancia ministeriais - Church of the Nazarene","isPartOf":{"@id":"https:\/\/nazarene.org\/pt-br\/#website"},"datePublished":"2025-01-16T21:07:22+00:00","dateModified":"2026-03-25T11:17:55+00:00","breadcrumb":{"@id":"https:\/\/nazarene.org\/pt-br\/desenvolvimento-global-do-clero\/livros-de-fontes-ministeriais\/#breadcrumb"},"inLanguage":"pt-BR","potentialAction":[{"@type":"ReadAction","target":["https:\/\/nazarene.org\/pt-br\/desenvolvimento-global-do-clero\/livros-de-fontes-ministeriais\/"]}]},{"@type":"BreadcrumbList","@id":"https:\/\/nazarene.org\/pt-br\/desenvolvimento-global-do-clero\/livros-de-fontes-ministeriais\/#breadcrumb","itemListElement":[{"@type":"ListItem","position":1,"name":"Home","item":"https:\/\/nazarene.org\/pt-br\/casa\/"},{"@type":"ListItem","position":2,"name":"Desenvolvimento Global do Clero","item":"https:\/\/nazarene.org\/pt-br\/desenvolvimento-global-do-clero\/"},{"@type":"ListItem","position":3,"name":"Manuais de refer\u00eancia ministeriais"}]},{"@type":"WebSite","@id":"https:\/\/nazarene.org\/pt-br\/#website","url":"https:\/\/nazarene.org\/pt-br\/","name":"Church of the Nazarene","description":"Making Christlike Disciples in the Nations","publisher":{"@id":"https:\/\/nazarene.org\/pt-br\/#organization"},"potentialAction":[{"@type":"SearchAction","target":{"@type":"EntryPoint","urlTemplate":"https:\/\/nazarene.org\/pt-br\/?s={search_term_string}"},"query-input":{"@type":"PropertyValueSpecification","valueRequired":true,"valueName":"search_term_string"}}],"inLanguage":"pt-BR"},{"@type":"Organization","@id":"https:\/\/nazarene.org\/pt-br\/#organization","name":"Church of the Nazarene","url":"https:\/\/nazarene.org\/pt-br\/","logo":{"@type":"ImageObject","inLanguage":"pt-BR","@id":"https:\/\/nazarene.org\/pt-br\/#\/schema\/logo\/image\/","url":"https:\/\/nazarene.org\/wp-content\/uploads\/2024\/06\/Naz_Desktop_Black_Logo-1.svg","contentUrl":"https:\/\/nazarene.org\/wp-content\/uploads\/2024\/06\/Naz_Desktop_Black_Logo-1.svg","width":258,"height":36,"caption":"Church of the Nazarene"},"image":{"@id":"https:\/\/nazarene.org\/pt-br\/#\/schema\/logo\/image\/"},"sameAs":["https:\/\/www.facebook.com\/NazareneOfficial\/","https:\/\/x.com\/Nazarene","https:\/\/www.instagram.com\/nazareneofficial\/"]}]}},"_links":{"self":[{"href":"https:\/\/nazarene.org\/pt-br\/wp-json\/wp\/v2\/pages\/40254","targetHints":{"allow":["GET"]}}],"collection":[{"href":"https:\/\/nazarene.org\/pt-br\/wp-json\/wp\/v2\/pages"}],"about":[{"href":"https:\/\/nazarene.org\/pt-br\/wp-json\/wp\/v2\/types\/page"}],"author":[{"embeddable":true,"href":"https:\/\/nazarene.org\/pt-br\/wp-json\/wp\/v2\/users\/6"}],"replies":[{"embeddable":true,"href":"https:\/\/nazarene.org\/pt-br\/wp-json\/wp\/v2\/comments?post=40254"}],"version-history":[{"count":4,"href":"https:\/\/nazarene.org\/pt-br\/wp-json\/wp\/v2\/pages\/40254\/revisions"}],"predecessor-version":[{"id":70475,"href":"https:\/\/nazarene.org\/pt-br\/wp-json\/wp\/v2\/pages\/40254\/revisions\/70475"}],"up":[{"embeddable":true,"href":"https:\/\/nazarene.org\/pt-br\/wp-json\/wp\/v2\/pages\/40279"}],"wp:attachment":[{"href":"https:\/\/nazarene.org\/pt-br\/wp-json\/wp\/v2\/media?parent=40254"}],"curies":[{"name":"wp","href":"https:\/\/api.w.org\/{rel}","templated":true}]}}