{"id":39936,"date":"2025-03-20T15:27:27","date_gmt":"2025-03-20T20:27:27","guid":{"rendered":"https:\/\/nazarene.org\/pontos-de-viragem\/"},"modified":"2025-06-10T03:16:47","modified_gmt":"2025-06-10T08:16:47","slug":"pontos-de-viragem","status":"publish","type":"page","link":"https:\/\/nazarene.org\/pt-br\/pontos-de-viragem\/","title":{"rendered":"Pontos de viragem"},"content":{"rendered":"\t\t<div data-elementor-type=\"wp-page\" data-elementor-id=\"39936\" class=\"elementor elementor-39936 elementor-21722\" data-elementor-post-type=\"page\">\n\t\t\t\t<div class=\"elementor-element elementor-element-3afea2b e-flex e-con-boxed e-con e-parent\" data-id=\"3afea2b\" data-element_type=\"container\" data-e-type=\"container\" data-settings=\"{&quot;background_background&quot;:&quot;classic&quot;,&quot;jet_parallax_layout_list&quot;:[]}\">\n\t\t\t\t\t<div class=\"e-con-inner\">\n\t\t\t\t<div class=\"elementor-element elementor-element-d4ac1ba elementor-widget elementor-widget-heading\" data-id=\"d4ac1ba\" data-element_type=\"widget\" data-e-type=\"widget\" data-widget_type=\"heading.default\">\n\t\t\t\t<div class=\"elementor-widget-container\">\n\t\t\t\t\t<h1 class=\"elementor-heading-title elementor-size-default\">Pontos de Viragem na Hist\u00f3ria Nazarena<\/h1>\t\t\t\t<\/div>\n\t\t\t\t<\/div>\n\t\t\t\t\t<\/div>\n\t\t\t\t<\/div>\n\t\t<div class=\"elementor-element elementor-element-12e9800 e-flex e-con-boxed e-con e-parent\" data-id=\"12e9800\" data-element_type=\"container\" data-e-type=\"container\" data-settings=\"{&quot;background_background&quot;:&quot;classic&quot;,&quot;jet_parallax_layout_list&quot;:[]}\">\n\t\t\t\t\t<div class=\"e-con-inner\">\n\t\t<div class=\"elementor-element elementor-element-43e6c2c e-con-full e-flex e-con e-child\" data-id=\"43e6c2c\" data-element_type=\"container\" data-e-type=\"container\" data-settings=\"{&quot;jet_parallax_layout_list&quot;:[],&quot;background_background&quot;:&quot;classic&quot;}\">\n\t\t\t\t<div class=\"elementor-element elementor-element-a9cae34 elementor-widget elementor-widget-heading\" data-id=\"a9cae34\" data-element_type=\"widget\" data-e-type=\"widget\" data-widget_type=\"heading.default\">\n\t\t\t\t<div class=\"elementor-widget-container\">\n\t\t\t\t\t<h3 class=\"elementor-heading-title elementor-size-default\">Um esbo\u00e7o das principais tend\u00eancias<\/h3>\t\t\t\t<\/div>\n\t\t\t\t<\/div>\n\t\t\t\t<div class=\"elementor-element elementor-element-f98ea5a elementor-widget__width-initial elementor-widget elementor-widget-text-editor\" data-id=\"f98ea5a\" data-element_type=\"widget\" data-e-type=\"widget\" data-widget_type=\"text-editor.default\">\n\t\t\t\t<div class=\"elementor-widget-container\">\n\t\t\t\t\t\t\t\t\t<div class=\"layout__region layout__region--left flex-1-1 flex-grow-0 xl-flex-4-5\">\n<div class=\"block__wysiwyg\" data-layout-content-preview-placeholder-label=\"\" content=\"\" block=\"\">\n<div class=\"styles-wrapper-6edf979c-a596-4e08-89bf-7db386c9819b\">\n<section class=\"wysiwyg\">\n<div class=\"wysiwyg__content\">\n<div class=\"flex-container flex-wrap\">\n<p><strong>Per\u00edodo Um: A busca por funda\u00e7\u00f5es, 1887-1915<\/strong><\/p>\n<p><em>Funda\u00e7\u00e3o dos \u00f3rg\u00e3os matrizes.<\/em><br> LESTE DOS ESTADOS UNIDOS: O MOVIMENTO NOVA INGLATERRA<\/p>\n<p>Igreja Evang\u00e9lica do Povo, Providence, Rhode Island (1887)<br>A Igreja Pentecostal, Lynn, Mass., (1888)<br>Outras Igrejas da Nova Inglaterra.<br>Associa\u00e7\u00e3o Central de Santidade Evang\u00e9lica (1890), primeira organiza\u00e7\u00e3o de igrejas na linhagem nazarena.<\/p>\n<p> <\/p>\n<p>SUL DOS ESTADOS UNIDOS: O MOVIMENTO TENNESSEE<\/p>\n<p>Igreja do Novo Testamento de Cristo se origina no Tennessee (1894)<\/p>\n<p> <\/p>\n<p>LESTE DOS ESTADOS UNIDOS: O MOVIMENTO BROOKLYN<\/p>\n<p>Tr\u00eas congrega\u00e7\u00f5es no Brooklyn fundadas por William Howard Hoople, come\u00e7ando com a Igreja Pentecostal Utica Avenue (1894)<br>Associa\u00e7\u00e3o de Igrejas Pentecostais da Am\u00e9rica organizada (1895) como uma associa\u00e7\u00e3o de igrejas de santidade da \u00e1rea da cidade de Nova York.<\/p>\n<p> <\/p>\n<p>OESTE DOS ESTADOS UNIDOS: O MOVIMENTO DO PAC\u00cdFICO<\/p>\n<p>Primeira Igreja do Nazareno em Los Angeles estabelecida (1895). Torna-se a igreja m\u00e3e do ramo ocidental<\/p>\n<p> <\/p>\n<p>SUL DOS ESTADOS UNIDOS: O MOVIMENTO TEXAS<\/p>\n<p>A Igreja Independente de Santidade se origina no leste do Texas (1901).<\/p>\n<p> <\/p>\n<p>CORPOS REGIONAIS CONSOLIDAM E CRESCEM<\/p>\n<p>Os movimentos Nova Inglaterra e Brooklyn se unem em 1896. O corpo unido mant\u00e9m o nome do movimento Brooklyn e \u00e9 chamado de Associa\u00e7\u00e3o de Igrejas Pentecostais da Am\u00e9rica. Em 1907, estende-se da Nova Esc\u00f3cia, Canad\u00e1, at\u00e9 Iowa.<br>Os grupos de Tennessee e Texas unem-se em 1904, criando a Igreja da Santidade de Cristo. Em 1908 a Igreja da Santidade de Cristo chega do Novo M\u00e9xico \u00e0 Ge\u00f3rgia.<br>Em 1907, a Igreja do Nazareno de Bresee se estende do sul da Calif\u00f3rnia ao norte at\u00e9 Seattle e ao leste at\u00e9 Illinois.<\/p>\n<p> <\/p>\n<p>Um importante ponto de viragem \u00e9 o <em>movimento de unidade<\/em>, que culmina em fus\u00f5es em 1907, 1908 e 1915. Na \u00faltima data, o que antes havia sido sete grupos distintos nos Estados Unidos e um na Esc\u00f3cia, havia se unido em uma \u00fanica denomina\u00e7\u00e3o internacional com igrejas no Caribe, Am\u00e9rica Central, Am\u00e9rica do Sul, \u00c1frica, \u00c1sia e Cabo Verde.<br> <\/p>\n<p>Primeira Assembleia Geral em Chicago, Ill., (1907) une a Associa\u00e7\u00e3o de Igrejas Pentecostais da Am\u00e9rica e a Igreja do Nazareno. O nome &#8220;Igreja Pentecostal do Nazareno&#8221; \u00e9 selecionado como nome da igreja.<br>Segunda Assembleia Geral em Pilot Point, Tex., (1908) traz a Igreja de Santidade de Cristo para o corpo unido. A Igreja Pentecostal do Nazareno agora existe na maioria das \u00e1reas dos Estados Unidos e na prov\u00edncia canadense de Nova Esc\u00f3cia.<br>Duas fus\u00f5es importantes em 1915 adicionam a Miss\u00e3o Pentecostal (Sudeste dos EUA) e a Igreja Pentecostal da Esc\u00f3cia \u00e0 igreja.<br>A Quinta Assembleia Geral exclui a palavra &#8220;Pentecostal&#8221; do nome da igreja porque o surgimento do pentecostalismo de l\u00edngua moderna deu \u00e0 palavra novos significados populares.<br>Sexta Assembleia Geral (1923) escolhe 1908 como data de anivers\u00e1rio oficial para a igreja unida.<\/p>\n<p> <\/p>\n<p>Um ponto de viragem cr\u00edtico ocorreu com a cria\u00e7\u00e3o da Editora Nazarena por a\u00e7\u00e3o da Terceira Assembleia Geral (1911). Essa a\u00e7\u00e3o substituiu tr\u00eas empresas editoras regionais por uma empresa central e substituiu tr\u00eas jornais regionais por um jornal denominacional forte, <em>Herald of Holiness<\/em>, que come\u00e7ou a publica\u00e7\u00e3o na primavera de 1912 e continuou at\u00e9 1998, quando foi substitu\u00eddo por <em>Holiness Today<\/em>.<\/p>\n<p> <\/p>\n<p>Outro destaque foi o <em>desenvolvimento de uma rede de faculdades de artes liberais<\/em> para educar ministros e um leigo crist\u00e3o. Os primeiros nazarenos se inclinavam para o modelo metodista de ensino superior, que inclu\u00eda uma ampla educa\u00e7\u00e3o em ci\u00eancia e humanidades. Metodistas tamb\u00e9m acreditavam que cada confer\u00eancia anual deveria ter seu pr\u00f3prio col\u00e9gio. Em contraste, o modelo batista enfatizava faculdades b\u00edblicas com um curr\u00edculo estreito. Os primeiros nazarenos escolheram o modelo metodista porque (1) lhes permitia educar seu clero e leigos juntos, e (2) fornecia ao clero uma educa\u00e7\u00e3o ampla.<\/p>\n<p> <\/p>\n<p><em>Empresa mission\u00e1ria<\/em>. O primeiro trabalho fora dos Estados Unidos e Canad\u00e1 foi na \u00cdndia, seguido por Cabo Verde, China, Jap\u00e3o e M\u00e9xico. Miss\u00e3o Pentecostal, que se fundiu \u00e0 Igreja do Nazareno em 1915, adicionou trabalho mission\u00e1rio em Cuba, Am\u00e9rica Central e Am\u00e9rica do Sul. O desenvolvimento da empresa mission\u00e1ria nazarena tornou-se uma das caracter\u00edsticas definidoras da igreja nas gera\u00e7\u00f5es que estavam \u00e0 frente.<br>Per\u00edodo Dois: A Era da Organiza\u00e7\u00e3o, 1915-1945<\/p>\n<p> <\/p>\n<p><em>Mulheres se organizam para miss\u00f5es.<\/em> Sociedade Mission\u00e1ria da Mulher foi autorizada em 1915 como auxiliar da igreja. Em data posterior, abriu sua ades\u00e3o a homens e tornou-se a Sociedade Mission\u00e1ria Mundial Nazarena.<\/p>\n<p> <\/p>\n<p><em>Conselho Geral foi criado<\/em> por a\u00e7\u00e3o da Assembleia Geral de 1923 e come\u00e7ou a funcionar imediatamente. Substituiu um sistema de conselhos independentes que muitas vezes competiam uns com os outros pelo d\u00f3lar da igreja. Esses conselhos independentes tornaram-se departamentos do Conselho Geral.<\/p>\n<p> <\/p>\n<p>Assembleia Geral de 1923 autoriza o <em>Departamento de Escolas da Igreja<\/em> e, pela primeira vez, a Igreja do Nazareno come\u00e7ou um planejamento detalhado e sistem\u00e1tico do curr\u00edculo de educa\u00e7\u00e3o crist\u00e3.<\/p>\n<p> <\/p>\n<p>O programa internacional da Igreja do Nazareno sofreu muito com as consequ\u00eancias sociais e econ\u00f4micas da Grande Depress\u00e3o e da subsequente Guerra Mundial. <em>&#8220;Redu\u00e7\u00e3o&#8221;<\/em> tornou-se a palavra de ordem quando a igreja foi for\u00e7ada a organizar seus recursos cuidadosamente. Ao mesmo tempo, l\u00edderes da igreja estabeleceram planos para uma expans\u00e3o significativa dos esfor\u00e7os mission\u00e1rios na era p\u00f3s-guerra \u00e0 frente.<\/p>\n<p> <\/p>\n<p><strong>Per\u00edodo Tr\u00eas: A Era do Evangelismo, 1946-1970<\/strong><\/p>\n<p> <\/p>\n<p>O terceiro per\u00edodo \u00e9 marcado por uma <em>explos\u00e3o de atividade mission\u00e1ria<\/em> que levou a igreja a novas \u00e1reas, como Cor\u00e9ia e Filipinas. Tamb\u00e9m entrou na Austr\u00e1lia e It\u00e1lia quando obras ind\u00edgenas significativas nesses pa\u00edses se uniram \u00e0 Igreja do Nazareno. Cruzada de Meados do S\u00e9culo por Almas e outros esfor\u00e7os reavivistas caracterizaram a igreja na Am\u00e9rica do Norte e em outros continentes.<\/p>\n<p> <\/p>\n<p>A igreja realizou treinamento <em>teol\u00f3gico de p\u00f3s-gradua\u00e7\u00e3o para o minist\u00e9rio<\/em> quando o Semin\u00e1rio Teol\u00f3gico Nazareno foi fundado em 1945. Agora h\u00e1 v\u00e1rias institui\u00e7\u00f5es de p\u00f3s-gradua\u00e7\u00e3o em religi\u00e3o que fornecem treinamento especializado.<\/p>\n<p> <\/p>\n<p>Transmiss\u00f5es de r\u00e1dio foram autorizadas e o programa <em>&#8220;Chuveiros de B\u00ean\u00e7\u00e3o&#8221;<\/em> come\u00e7a, logo seguido por <em>&#8220;La Hora Nazarena&#8221; <\/em>e transmiss\u00f5es em outros idiomas.<\/p>\n<p> <\/p>\n<p>A igreja <em>respondeu ao Movimento Juvenil <\/em>dos anos 60 criando Corpo Mission\u00e1rio Estudantil e grupos de canto orientados a jovens, como Lost and Found. A Igreja Maranatha do Nazareno em Paramus, N.J., tipifica o alcance da cultura hippie.<\/p>\n<p> <\/p>\n<p><strong>Per\u00edodo Quatro: Busca de Identidade em uma Era de Mudan\u00e7a, 1971 a Presente<\/strong><\/p>\n<p> <\/p>\n<p>A igreja levou a s\u00e9rio a <em>internacionaliza\u00e7\u00e3o<\/em> ao lidar com as crescentes demandas de tamanho e diversidade cultural.<\/p>\n<p> <\/p>\n<p><em>Minist\u00e9rios compassivos<\/em> retornaram ao cora\u00e7\u00e3o da igreja, como um aspecto do evangelismo e como um sinal do Reino de Deus em trabalho em nosso meio. Isso ocorreu primeiro atrav\u00e9s da funda\u00e7\u00e3o de minist\u00e9rios urbanos, particularmente a Comunidade de Esperan\u00e7a em Washington, D.C., e a Igreja Manhattan do Nazareno na cidade de Nova York. Posteriormente pelo Escrit\u00f3rio de Minist\u00e9rios Compassivos no Centro de Minist\u00e9rio Global<\/p>\n<\/div>\n<\/div>\n<\/section>\n<\/div>\n<\/div>\n<\/div>\t\t\t\t\t\t\t\t<\/div>\n\t\t\t\t<\/div>\n\t\t\t\t<\/div>\n\t\t\t\t\t<\/div>\n\t\t\t\t<\/div>\n\t\t<div class=\"elementor-element elementor-element-5d6e2fe elementor-hidden-widescreen elementor-hidden-desktop elementor-hidden-tablet elementor-hidden-mobile e-flex e-con-boxed e-con e-parent\" data-id=\"5d6e2fe\" data-element_type=\"container\" data-e-type=\"container\" data-settings=\"{&quot;jet_parallax_layout_list&quot;:[],&quot;background_background&quot;:&quot;classic&quot;}\">\n\t\t\t\t\t<div class=\"e-con-inner\">\n\t\t\t\t<div class=\"elementor-element elementor-element-6f0ae55 elementor-widget elementor-widget-heading\" data-id=\"6f0ae55\" data-element_type=\"widget\" data-e-type=\"widget\" data-widget_type=\"heading.default\">\n\t\t\t\t<div class=\"elementor-widget-container\">\n\t\t\t\t\t<h3 class=\"elementor-heading-title elementor-size-default\">Essenciais Nazarenos<\/h3>\t\t\t\t<\/div>\n\t\t\t\t<\/div>\n\t\t\t\t<div class=\"elementor-element elementor-element-242fee2 elementor-widget-divider--view-line elementor-widget elementor-widget-divider\" data-id=\"242fee2\" data-element_type=\"widget\" data-e-type=\"widget\" data-widget_type=\"divider.default\">\n\t\t\t\t<div class=\"elementor-widget-container\">\n\t\t\t\t\t\t\t<div class=\"elementor-divider\">\n\t\t\t<span class=\"elementor-divider-separator\">\n\t\t\t\t\t\t<\/span>\n\t\t<\/div>\n\t\t\t\t\t\t<\/div>\n\t\t\t\t<\/div>\n\t\t\t\t<div class=\"elementor-element elementor-element-13139cb elementor-widget__width-initial elementor-widget-mobile__width-inherit elementor-widget elementor-widget-text-editor\" data-id=\"13139cb\" data-element_type=\"widget\" data-e-type=\"widget\" data-widget_type=\"text-editor.default\">\n\t\t\t\t<div class=\"elementor-widget-container\">\n\t\t\t\t\t\t\t\t\t<p>Nazarene Essentials explica por que a Igreja do Nazareno existe como um movimento mundial de Santidade e Grande Comiss\u00e3o na tradi\u00e7\u00e3o Wesleyana-Arminiana.<\/p>\t\t\t\t\t\t\t\t<\/div>\n\t\t\t\t<\/div>\n\t\t\t\t<div class=\"elementor-element elementor-element-b77c5f1 elementor-align-center elementor-widget elementor-widget-button\" data-id=\"b77c5f1\" data-element_type=\"widget\" data-e-type=\"widget\" data-widget_type=\"button.default\">\n\t\t\t\t<div class=\"elementor-widget-container\">\n\t\t\t\t\t\t\t\t\t<div class=\"elementor-button-wrapper\">\n\t\t\t\t\t<a class=\"elementor-button elementor-button-link elementor-size-sm\" href=\"https:\/\/nazarene.org\/pt-br\/essenciais-nazarenos\/\">\n\t\t\t\t\t\t<span class=\"elementor-button-content-wrapper\">\n\t\t\t\t\t\t<span class=\"elementor-button-icon\">\n\t\t\t\t<svg aria-hidden=\"true\" class=\"e-font-icon-svg e-fas-arrow-right\" viewBox=\"0 0 448 512\" xmlns=\"http:\/\/www.w3.org\/2000\/svg\"><path d=\"M190.5 66.9l22.2-22.2c9.4-9.4 24.6-9.4 33.9 0L441 239c9.4 9.4 9.4 24.6 0 33.9L246.6 467.3c-9.4 9.4-24.6 9.4-33.9 0l-22.2-22.2c-9.5-9.5-9.3-25 .4-34.3L311.4 296H24c-13.3 0-24-10.7-24-24v-32c0-13.3 10.7-24 24-24h287.4L190.9 101.2c-9.8-9.3-10-24.8-.4-34.3z\"><\/path><\/svg>\t\t\t<\/span>\n\t\t\t\t\t\t\t\t\t<span class=\"elementor-button-text\">SAIBA MAIS<\/span>\n\t\t\t\t\t<\/span>\n\t\t\t\t\t<\/a>\n\t\t\t\t<\/div>\n\t\t\t\t\t\t\t\t<\/div>\n\t\t\t\t<\/div>\n\t\t\t\t\t<\/div>\n\t\t\t\t<\/div>\n\t\t\t\t<\/div>\n\t\t","protected":false},"excerpt":{"rendered":"<p>Pontos de Viragem na Hist\u00f3ria Nazarena Um esbo\u00e7o das principais tend\u00eancias Per\u00edodo Um: A busca por funda\u00e7\u00f5es, 1887-1915 Funda\u00e7\u00e3o dos \u00f3rg\u00e3os matrizes. LESTE DOS ESTADOS UNIDOS: O MOVIMENTO NOVA INGLATERRA Igreja Evang\u00e9lica do Povo, Providence, Rhode Island (1887)A Igreja Pentecostal, Lynn, Mass., (1888)Outras Igrejas da Nova Inglaterra.Associa\u00e7\u00e3o Central de Santidade Evang\u00e9lica (1890), primeira organiza\u00e7\u00e3o de [&hellip;]<\/p>\n","protected":false},"author":8,"featured_media":0,"parent":0,"menu_order":0,"comment_status":"closed","ping_status":"closed","template":"","meta":{"content-type":"","_jet_sm_ready_style":"","_jet_sm_style":"","_jet_sm_controls_values":"","_jet_sm_fonts_collection":"","_jet_sm_fonts_links":"","footnotes":""},"class_list":["post-39936","page","type-page","status-publish","hentry"],"yoast_head":"<!-- This site is optimized with the Yoast SEO Premium plugin v27.1 (Yoast SEO v27.1.1) - https:\/\/yoast.com\/product\/yoast-seo-premium-wordpress\/ -->\n<title>Pontos de viragem - Church of the Nazarene<\/title>\n<meta name=\"robots\" content=\"index, follow, max-snippet:-1, max-image-preview:large, max-video-preview:-1\" \/>\n<link rel=\"canonical\" href=\"https:\/\/nazarene.org\/pt-br\/pontos-de-viragem\/\" \/>\n<meta property=\"og:locale\" content=\"pt_BR\" \/>\n<meta property=\"og:type\" content=\"article\" \/>\n<meta property=\"og:title\" content=\"Pontos de viragem\" \/>\n<meta property=\"og:description\" content=\"Pontos de Viragem na Hist\u00f3ria Nazarena Um esbo\u00e7o das principais tend\u00eancias Per\u00edodo Um: A busca por funda\u00e7\u00f5es, 1887-1915 Funda\u00e7\u00e3o dos \u00f3rg\u00e3os matrizes. LESTE DOS ESTADOS UNIDOS: O MOVIMENTO NOVA INGLATERRA Igreja Evang\u00e9lica do Povo, Providence, Rhode Island (1887)A Igreja Pentecostal, Lynn, Mass., (1888)Outras Igrejas da Nova Inglaterra.Associa\u00e7\u00e3o Central de Santidade Evang\u00e9lica (1890), primeira organiza\u00e7\u00e3o de [&hellip;]\" \/>\n<meta property=\"og:url\" content=\"https:\/\/nazarene.org\/pt-br\/pontos-de-viragem\/\" \/>\n<meta property=\"og:site_name\" content=\"Church of the Nazarene\" \/>\n<meta property=\"article:publisher\" content=\"https:\/\/www.facebook.com\/NazareneOfficial\/\" \/>\n<meta property=\"article:modified_time\" content=\"2025-06-10T08:16:47+00:00\" \/>\n<meta name=\"twitter:card\" content=\"summary_large_image\" \/>\n<meta name=\"twitter:site\" content=\"@Nazarene\" \/>\n<script type=\"application\/ld+json\" class=\"yoast-schema-graph\">{\"@context\":\"https:\/\/schema.org\",\"@graph\":[{\"@type\":\"WebPage\",\"@id\":\"https:\/\/nazarene.org\/pt-br\/pontos-de-viragem\/\",\"url\":\"https:\/\/nazarene.org\/pt-br\/pontos-de-viragem\/\",\"name\":\"Pontos de viragem - Church of the Nazarene\",\"isPartOf\":{\"@id\":\"https:\/\/nazarene.org\/pt-br\/#website\"},\"datePublished\":\"2025-03-20T20:27:27+00:00\",\"dateModified\":\"2025-06-10T08:16:47+00:00\",\"breadcrumb\":{\"@id\":\"https:\/\/nazarene.org\/pt-br\/pontos-de-viragem\/#breadcrumb\"},\"inLanguage\":\"pt-BR\",\"potentialAction\":[{\"@type\":\"ReadAction\",\"target\":[\"https:\/\/nazarene.org\/pt-br\/pontos-de-viragem\/\"]}]},{\"@type\":\"BreadcrumbList\",\"@id\":\"https:\/\/nazarene.org\/pt-br\/pontos-de-viragem\/#breadcrumb\",\"itemListElement\":[{\"@type\":\"ListItem\",\"position\":1,\"name\":\"Home\",\"item\":\"https:\/\/nazarene.org\/pt-br\/casa\/\"},{\"@type\":\"ListItem\",\"position\":2,\"name\":\"Pontos de viragem\"}]},{\"@type\":\"WebSite\",\"@id\":\"https:\/\/nazarene.org\/pt-br\/#website\",\"url\":\"https:\/\/nazarene.org\/pt-br\/\",\"name\":\"Church of the Nazarene\",\"description\":\"Making Christlike Disciples in the Nations\",\"publisher\":{\"@id\":\"https:\/\/nazarene.org\/pt-br\/#organization\"},\"potentialAction\":[{\"@type\":\"SearchAction\",\"target\":{\"@type\":\"EntryPoint\",\"urlTemplate\":\"https:\/\/nazarene.org\/pt-br\/?s={search_term_string}\"},\"query-input\":{\"@type\":\"PropertyValueSpecification\",\"valueRequired\":true,\"valueName\":\"search_term_string\"}}],\"inLanguage\":\"pt-BR\"},{\"@type\":\"Organization\",\"@id\":\"https:\/\/nazarene.org\/pt-br\/#organization\",\"name\":\"Church of the Nazarene\",\"url\":\"https:\/\/nazarene.org\/pt-br\/\",\"logo\":{\"@type\":\"ImageObject\",\"inLanguage\":\"pt-BR\",\"@id\":\"https:\/\/nazarene.org\/pt-br\/#\/schema\/logo\/image\/\",\"url\":\"https:\/\/nazarene.org\/wp-content\/uploads\/2024\/06\/Naz_Desktop_Black_Logo-1.svg\",\"contentUrl\":\"https:\/\/nazarene.org\/wp-content\/uploads\/2024\/06\/Naz_Desktop_Black_Logo-1.svg\",\"width\":258,\"height\":36,\"caption\":\"Church of the Nazarene\"},\"image\":{\"@id\":\"https:\/\/nazarene.org\/pt-br\/#\/schema\/logo\/image\/\"},\"sameAs\":[\"https:\/\/www.facebook.com\/NazareneOfficial\/\",\"https:\/\/x.com\/Nazarene\",\"https:\/\/www.instagram.com\/nazareneofficial\/\"]}]}<\/script>\n<!-- \/ Yoast SEO Premium plugin. -->","yoast_head_json":{"title":"Pontos de viragem - Church of the Nazarene","robots":{"index":"index","follow":"follow","max-snippet":"max-snippet:-1","max-image-preview":"max-image-preview:large","max-video-preview":"max-video-preview:-1"},"canonical":"https:\/\/nazarene.org\/pt-br\/pontos-de-viragem\/","og_locale":"pt_BR","og_type":"article","og_title":"Pontos de viragem","og_description":"Pontos de Viragem na Hist\u00f3ria Nazarena Um esbo\u00e7o das principais tend\u00eancias Per\u00edodo Um: A busca por funda\u00e7\u00f5es, 1887-1915 Funda\u00e7\u00e3o dos \u00f3rg\u00e3os matrizes. LESTE DOS ESTADOS UNIDOS: O MOVIMENTO NOVA INGLATERRA Igreja Evang\u00e9lica do Povo, Providence, Rhode Island (1887)A Igreja Pentecostal, Lynn, Mass., (1888)Outras Igrejas da Nova Inglaterra.Associa\u00e7\u00e3o Central de Santidade Evang\u00e9lica (1890), primeira organiza\u00e7\u00e3o de [&hellip;]","og_url":"https:\/\/nazarene.org\/pt-br\/pontos-de-viragem\/","og_site_name":"Church of the Nazarene","article_publisher":"https:\/\/www.facebook.com\/NazareneOfficial\/","article_modified_time":"2025-06-10T08:16:47+00:00","twitter_card":"summary_large_image","twitter_site":"@Nazarene","schema":{"@context":"https:\/\/schema.org","@graph":[{"@type":"WebPage","@id":"https:\/\/nazarene.org\/pt-br\/pontos-de-viragem\/","url":"https:\/\/nazarene.org\/pt-br\/pontos-de-viragem\/","name":"Pontos de viragem - Church of the Nazarene","isPartOf":{"@id":"https:\/\/nazarene.org\/pt-br\/#website"},"datePublished":"2025-03-20T20:27:27+00:00","dateModified":"2025-06-10T08:16:47+00:00","breadcrumb":{"@id":"https:\/\/nazarene.org\/pt-br\/pontos-de-viragem\/#breadcrumb"},"inLanguage":"pt-BR","potentialAction":[{"@type":"ReadAction","target":["https:\/\/nazarene.org\/pt-br\/pontos-de-viragem\/"]}]},{"@type":"BreadcrumbList","@id":"https:\/\/nazarene.org\/pt-br\/pontos-de-viragem\/#breadcrumb","itemListElement":[{"@type":"ListItem","position":1,"name":"Home","item":"https:\/\/nazarene.org\/pt-br\/casa\/"},{"@type":"ListItem","position":2,"name":"Pontos de viragem"}]},{"@type":"WebSite","@id":"https:\/\/nazarene.org\/pt-br\/#website","url":"https:\/\/nazarene.org\/pt-br\/","name":"Church of the Nazarene","description":"Making Christlike Disciples in the Nations","publisher":{"@id":"https:\/\/nazarene.org\/pt-br\/#organization"},"potentialAction":[{"@type":"SearchAction","target":{"@type":"EntryPoint","urlTemplate":"https:\/\/nazarene.org\/pt-br\/?s={search_term_string}"},"query-input":{"@type":"PropertyValueSpecification","valueRequired":true,"valueName":"search_term_string"}}],"inLanguage":"pt-BR"},{"@type":"Organization","@id":"https:\/\/nazarene.org\/pt-br\/#organization","name":"Church of the Nazarene","url":"https:\/\/nazarene.org\/pt-br\/","logo":{"@type":"ImageObject","inLanguage":"pt-BR","@id":"https:\/\/nazarene.org\/pt-br\/#\/schema\/logo\/image\/","url":"https:\/\/nazarene.org\/wp-content\/uploads\/2024\/06\/Naz_Desktop_Black_Logo-1.svg","contentUrl":"https:\/\/nazarene.org\/wp-content\/uploads\/2024\/06\/Naz_Desktop_Black_Logo-1.svg","width":258,"height":36,"caption":"Church of the Nazarene"},"image":{"@id":"https:\/\/nazarene.org\/pt-br\/#\/schema\/logo\/image\/"},"sameAs":["https:\/\/www.facebook.com\/NazareneOfficial\/","https:\/\/x.com\/Nazarene","https:\/\/www.instagram.com\/nazareneofficial\/"]}]}},"_links":{"self":[{"href":"https:\/\/nazarene.org\/pt-br\/wp-json\/wp\/v2\/pages\/39936","targetHints":{"allow":["GET"]}}],"collection":[{"href":"https:\/\/nazarene.org\/pt-br\/wp-json\/wp\/v2\/pages"}],"about":[{"href":"https:\/\/nazarene.org\/pt-br\/wp-json\/wp\/v2\/types\/page"}],"author":[{"embeddable":true,"href":"https:\/\/nazarene.org\/pt-br\/wp-json\/wp\/v2\/users\/8"}],"replies":[{"embeddable":true,"href":"https:\/\/nazarene.org\/pt-br\/wp-json\/wp\/v2\/comments?post=39936"}],"version-history":[{"count":0,"href":"https:\/\/nazarene.org\/pt-br\/wp-json\/wp\/v2\/pages\/39936\/revisions"}],"wp:attachment":[{"href":"https:\/\/nazarene.org\/pt-br\/wp-json\/wp\/v2\/media?parent=39936"}],"curies":[{"name":"wp","href":"https:\/\/api.w.org\/{rel}","templated":true}]}}