{"id":39920,"date":"2025-03-20T15:24:29","date_gmt":"2025-03-20T20:24:29","guid":{"rendered":"https:\/\/nazarene.org\/smith-nazarene-visao\/"},"modified":"2025-06-10T03:16:46","modified_gmt":"2025-06-10T08:16:46","slug":"smith-nazarene-visao","status":"publish","type":"page","link":"https:\/\/nazarene.org\/pt-br\/smith-nazarene-visao\/","title":{"rendered":"Smith &amp; Nazarene Vis\u00e3o"},"content":{"rendered":"\t\t<div data-elementor-type=\"wp-page\" data-elementor-id=\"39920\" class=\"elementor elementor-39920 elementor-21716\" data-elementor-post-type=\"page\">\n\t\t\t\t<div class=\"elementor-element elementor-element-3afea2b e-flex e-con-boxed e-con e-parent\" data-id=\"3afea2b\" data-element_type=\"container\" data-e-type=\"container\" data-settings=\"{&quot;background_background&quot;:&quot;classic&quot;,&quot;jet_parallax_layout_list&quot;:[]}\">\n\t\t\t\t\t<div class=\"e-con-inner\">\n\t\t\t\t<div class=\"elementor-element elementor-element-d4ac1ba elementor-widget elementor-widget-heading\" data-id=\"d4ac1ba\" data-element_type=\"widget\" data-e-type=\"widget\" data-widget_type=\"heading.default\">\n\t\t\t\t<div class=\"elementor-widget-container\">\n\t\t\t\t\t<h1 class=\"elementor-heading-title elementor-size-default\">Smith &amp; Nazarene Vis\u00e3o<\/h1>\t\t\t\t<\/div>\n\t\t\t\t<\/div>\n\t\t\t\t\t<\/div>\n\t\t\t\t<\/div>\n\t\t<div class=\"elementor-element elementor-element-12e9800 e-flex e-con-boxed e-con e-parent\" data-id=\"12e9800\" data-element_type=\"container\" data-e-type=\"container\" data-settings=\"{&quot;background_background&quot;:&quot;classic&quot;,&quot;jet_parallax_layout_list&quot;:[]}\">\n\t\t\t\t\t<div class=\"e-con-inner\">\n\t\t<div class=\"elementor-element elementor-element-43e6c2c e-con-full e-flex e-con e-child\" data-id=\"43e6c2c\" data-element_type=\"container\" data-e-type=\"container\" data-settings=\"{&quot;jet_parallax_layout_list&quot;:[],&quot;background_background&quot;:&quot;classic&quot;}\">\n\t\t\t\t<div class=\"elementor-element elementor-element-a9cae34 elementor-widget elementor-widget-heading\" data-id=\"a9cae34\" data-element_type=\"widget\" data-e-type=\"widget\" data-widget_type=\"heading.default\">\n\t\t\t\t<div class=\"elementor-widget-container\">\n\t\t\t\t\t<h3 class=\"elementor-heading-title elementor-size-default\">Timothy Smith e a Recupera\u00e7\u00e3o da Vis\u00e3o Nazarena<\/h3>\t\t\t\t<\/div>\n\t\t\t\t<\/div>\n\t\t\t\t<div class=\"elementor-element elementor-element-f98ea5a elementor-widget__width-initial elementor-widget elementor-widget-text-editor\" data-id=\"f98ea5a\" data-element_type=\"widget\" data-e-type=\"widget\" data-widget_type=\"text-editor.default\">\n\t\t\t\t<div class=\"elementor-widget-container\">\n\t\t\t\t\t\t\t\t\t<div class=\"layout__region layout__region--left flex-1-1 flex-grow-0 xl-flex-4-5\"><div class=\"block__wysiwyg\" data-layout-content-preview-placeholder-label=\"\" content=\"\" block=\"\"><div class=\"styles-wrapper-c99c42b8-ff27-4af5-a290-1259c4c27ea2\"><section class=\"wysiwyg\"><div class=\"wysiwyg__content\"><div class=\"flex-container flex-wrap\"><p>Santidade Hoje (Mar\u00e7o de 1999)<\/p><p>Ningu\u00e9m rastreou as pegadas em toda a paisagem nazarena melhor do que Timothy L. Smith. Historiador, pastor, professor e pregador, Smith incorporava um dos ideais mais nobres de John Wesley \u2014 a uni\u00e3o de &#8220;conhecimento e piedade vital&#8221;.<\/p><p>Smith era o produto de uma casa nazarena, e ambos os pais, de fato, eram ministros. Come\u00e7ou a conduzir avivamentos bem antes de se formar com honras em hist\u00f3ria na Universidade de Virg\u00ednia, mostrando um compromisso inicial tanto com a igreja quanto com a aprendizagem.<\/p><p>Obteve diplomas avan\u00e7ados em hist\u00f3ria americana na Universidade de Harvard, herdando os interesses de seu mentor, Arthur Schlesinger, Sr., na Am\u00e9rica urbana, fermento social e reforma. O primeiro livro de Smith, <em>Revivalismo e Reforma Social<\/em>, foi uma publica\u00e7\u00e3o importante e tem sido impresso quase continuamente desde 1957. Nele, Smith contrap\u00f4s ideias ent\u00e3o prevalecentes sobre o reavivamento.<\/p><p>Na \u00e9poca, muitos estudiosos assumiram que o reavivamento era uma for\u00e7a conservadora que impedia a mudan\u00e7a, mas Smith argumentou que o reavivamento muitas vezes expandia vis\u00f5es e criava energias que iniciavam, em vez de impedir, a reforma social. Sublinhou o papel de abolicionistas evang\u00e9licos como Charles Finney e Orange Scott na campanha antiescravid\u00e3o, e homens e mulheres com cora\u00e7\u00f5es para os pobres como Phoebe Palmer e B. T. Roberts, que se recusaram a abandonar a cidade, mas a viam, em vez disso, como seu local de servi\u00e7o. Al\u00e9m disso, Smith foi o primeiro a chamar a aten\u00e7\u00e3o para a lideran\u00e7a da Sra. Palmer do movimento de santidade wesleyano inicial.<\/p><p><em>Revivalismo e Reforma Social<\/em> estabeleceram a reputa\u00e7\u00e3o de Smith como estudioso e catapultaram-no para as fileiras da lideran\u00e7a evang\u00e9lica. Enquanto estudiosos debatiam suas teses, os evang\u00e9licos o usavam como um recurso para redescobrir sua heran\u00e7a. O livro de Smith, juntamente com A Consci\u00eancia Inquieta do <em>Fundamentalismo Moderno<\/em>, de Carl F. H. Henry, e A Grande Reversal, de David Moberg, ajudou os evang\u00e9licos a redescobrir o minist\u00e9rio social em nome de Cristo &#8211; uma dimens\u00e3o de minist\u00e9rio amplamente abandonada durante a fase fundamentalista do evangelicalismo.<\/p><p>Smith continuou a sondar. Ele escreveu ensaios pioneiros sobre religi\u00e3o e educa\u00e7\u00e3o superior e o papel da etnia na forma\u00e7\u00e3o da religi\u00e3o americana. E ele subiu aos degraus mais altos de sua profiss\u00e3o, eventualmente ensinando hist\u00f3ria americana na Universidade Johns Hopkins e servindo como presidente da Sociedade Americana de Hist\u00f3ria da Igreja.<\/p><p>O que ele considerava como sua conquista profissional mais destacada? Em 1981 ou assim, ele respondeu diretamente a essa pergunta, citando seu segundo livro, <em>Chamado At\u00e9 a Santidade <\/em>(1962), uma hist\u00f3ria de origens nazarenas e desenvolvimento inicial.<\/p><p>Chamado \u00e0 Santidade foi uma conquista not\u00e1vel de muitas maneiras. Os materiais b\u00e1sicos para entender as origens da igreja eram escassos e fugitivos. O desafio de Smith n\u00e3o era apenas escrever a hist\u00f3ria, mas realmente descobrir e montar fontes originais adequadas para apoiar o projeto. Muitos dos di\u00e1rios, livros de grava\u00e7\u00e3o e cartas que ele encontrou em m\u00e3os privadas foram eventualmente doados para os Arquivos Nazarenos.<\/p><p>Al\u00e9m disso, Smith desenvolveu uma tese clara e convincente sobre origens e desenvolvimento nazarenos que mantinha seu livro unido. Ele argumentou que a Igreja do Nazareno n\u00e3o pode ser entendida a menos que primeiro percebamos que sempre houve mais de uma tradi\u00e7\u00e3o de santidade trabalhando em nosso meio. Especificamente, ele viu duas tradi\u00e7\u00f5es de santidade em trabalho entre os primeiros nazarenos \u2013 uma rural e uma urbana. Smith argumentou que o casamento dessas duas tradi\u00e7\u00f5es ajuda muito a entender como a igreja se originou e explica algumas das tens\u00f5es cont\u00ednuas que caracterizaram sua vida. Esse livro &#8211; t\u00e3o ricamente povoado com pessoas chamadas Bresee, Reynolds, Jernigan, Cagle, Chapman, Fitkin, Williams, Hoople e muitos outros nomes &#8211; \u00e9 leitura b\u00e1sica para quem quer entender essa igreja.<\/p><p>A vida frut\u00edfera de Timothy Smith terminou em 1997, mas sua influ\u00eancia continua. Vale a pena lembrar dele pelos outros que tamb\u00e9m rastreiam as pegadas deixadas na paisagem nazarena.<\/p><p><em>Isto foi publicado originalmente como um artigo em Santidade Hoje (mar\u00e7o de 1999) sob o t\u00edtulo &#8220;Timothy Smith e a Recupera\u00e7\u00e3o da Vis\u00e3o Nazarena&#8221;. \u00c9 reutilizado com permiss\u00e3o. <\/em><\/p><p>Para ler uma c\u00f3pia digital de Chamado \u00e0 Santidade de Timothy Smith (ISBN 083-410-282) <a href=\"http:\/\/wesley.nnu.edu\/fileadmin\/lib\/view_wc_book.php?hdm=2593\" target=\"_blank\" rel=\"noopener\">Clique Aqui<\/a><\/p><\/div><\/div><\/section><\/div><\/div><\/div>\t\t\t\t\t\t\t\t<\/div>\n\t\t\t\t<\/div>\n\t\t\t\t<\/div>\n\t\t\t\t\t<\/div>\n\t\t\t\t<\/div>\n\t\t<div class=\"elementor-element elementor-element-5d6e2fe elementor-hidden-widescreen elementor-hidden-desktop elementor-hidden-tablet elementor-hidden-mobile e-flex e-con-boxed e-con e-parent\" data-id=\"5d6e2fe\" data-element_type=\"container\" data-e-type=\"container\" data-settings=\"{&quot;jet_parallax_layout_list&quot;:[],&quot;background_background&quot;:&quot;classic&quot;}\">\n\t\t\t\t\t<div class=\"e-con-inner\">\n\t\t\t\t<div class=\"elementor-element elementor-element-6f0ae55 elementor-widget elementor-widget-heading\" data-id=\"6f0ae55\" data-element_type=\"widget\" data-e-type=\"widget\" data-widget_type=\"heading.default\">\n\t\t\t\t<div class=\"elementor-widget-container\">\n\t\t\t\t\t<h3 class=\"elementor-heading-title elementor-size-default\">Essenciais Nazarenos<\/h3>\t\t\t\t<\/div>\n\t\t\t\t<\/div>\n\t\t\t\t<div class=\"elementor-element elementor-element-242fee2 elementor-widget-divider--view-line elementor-widget elementor-widget-divider\" data-id=\"242fee2\" data-element_type=\"widget\" data-e-type=\"widget\" data-widget_type=\"divider.default\">\n\t\t\t\t<div class=\"elementor-widget-container\">\n\t\t\t\t\t\t\t<div class=\"elementor-divider\">\n\t\t\t<span class=\"elementor-divider-separator\">\n\t\t\t\t\t\t<\/span>\n\t\t<\/div>\n\t\t\t\t\t\t<\/div>\n\t\t\t\t<\/div>\n\t\t\t\t<div class=\"elementor-element elementor-element-13139cb elementor-widget__width-initial elementor-widget-mobile__width-inherit elementor-widget elementor-widget-text-editor\" data-id=\"13139cb\" data-element_type=\"widget\" data-e-type=\"widget\" data-widget_type=\"text-editor.default\">\n\t\t\t\t<div class=\"elementor-widget-container\">\n\t\t\t\t\t\t\t\t\t<p>Nazarene Essentials explica por que a Igreja do Nazareno existe como um movimento mundial de Santidade e Grande Comiss\u00e3o na tradi\u00e7\u00e3o Wesleyana-Arminiana.<\/p>\t\t\t\t\t\t\t\t<\/div>\n\t\t\t\t<\/div>\n\t\t\t\t<div class=\"elementor-element elementor-element-b77c5f1 elementor-align-center elementor-widget elementor-widget-button\" data-id=\"b77c5f1\" data-element_type=\"widget\" data-e-type=\"widget\" data-widget_type=\"button.default\">\n\t\t\t\t<div class=\"elementor-widget-container\">\n\t\t\t\t\t\t\t\t\t<div class=\"elementor-button-wrapper\">\n\t\t\t\t\t<a class=\"elementor-button elementor-button-link elementor-size-sm\" href=\"https:\/\/nazarene.org\/pt-br\/essenciais-nazarenos\/\">\n\t\t\t\t\t\t<span class=\"elementor-button-content-wrapper\">\n\t\t\t\t\t\t<span class=\"elementor-button-icon\">\n\t\t\t\t<svg aria-hidden=\"true\" class=\"e-font-icon-svg e-fas-arrow-right\" viewBox=\"0 0 448 512\" xmlns=\"http:\/\/www.w3.org\/2000\/svg\"><path d=\"M190.5 66.9l22.2-22.2c9.4-9.4 24.6-9.4 33.9 0L441 239c9.4 9.4 9.4 24.6 0 33.9L246.6 467.3c-9.4 9.4-24.6 9.4-33.9 0l-22.2-22.2c-9.5-9.5-9.3-25 .4-34.3L311.4 296H24c-13.3 0-24-10.7-24-24v-32c0-13.3 10.7-24 24-24h287.4L190.9 101.2c-9.8-9.3-10-24.8-.4-34.3z\"><\/path><\/svg>\t\t\t<\/span>\n\t\t\t\t\t\t\t\t\t<span class=\"elementor-button-text\">SAIBA MAIS<\/span>\n\t\t\t\t\t<\/span>\n\t\t\t\t\t<\/a>\n\t\t\t\t<\/div>\n\t\t\t\t\t\t\t\t<\/div>\n\t\t\t\t<\/div>\n\t\t\t\t\t<\/div>\n\t\t\t\t<\/div>\n\t\t\t\t<\/div>\n\t\t","protected":false},"excerpt":{"rendered":"<p>Smith &amp; Nazarene Vis\u00e3o Timothy Smith e a Recupera\u00e7\u00e3o da Vis\u00e3o Nazarena Santidade Hoje (Mar\u00e7o de 1999) Ningu\u00e9m rastreou as pegadas em toda a paisagem nazarena melhor do que Timothy L. Smith. Historiador, pastor, professor e pregador, Smith incorporava um dos ideais mais nobres de John Wesley \u2014 a uni\u00e3o de &#8220;conhecimento e piedade vital&#8221;. [&hellip;]<\/p>\n","protected":false},"author":8,"featured_media":0,"parent":0,"menu_order":0,"comment_status":"closed","ping_status":"closed","template":"","meta":{"content-type":"","_jet_sm_ready_style":"","_jet_sm_style":"","_jet_sm_controls_values":"","_jet_sm_fonts_collection":"","_jet_sm_fonts_links":"","footnotes":""},"class_list":["post-39920","page","type-page","status-publish","hentry"],"yoast_head":"<!-- This site is optimized with the Yoast SEO Premium plugin v27.1 (Yoast SEO v27.1.1) - https:\/\/yoast.com\/product\/yoast-seo-premium-wordpress\/ -->\n<title>Smith &amp; Nazarene Vis\u00e3o - Church of the Nazarene<\/title>\n<meta name=\"robots\" content=\"index, follow, max-snippet:-1, max-image-preview:large, max-video-preview:-1\" \/>\n<link rel=\"canonical\" href=\"https:\/\/nazarene.org\/pt-br\/smith-nazarene-visao\/\" \/>\n<meta property=\"og:locale\" content=\"pt_BR\" \/>\n<meta property=\"og:type\" content=\"article\" \/>\n<meta property=\"og:title\" content=\"Smith &amp; Nazarene Vis\u00e3o\" \/>\n<meta property=\"og:description\" content=\"Smith &amp; Nazarene Vis\u00e3o Timothy Smith e a Recupera\u00e7\u00e3o da Vis\u00e3o Nazarena Santidade Hoje (Mar\u00e7o de 1999) Ningu\u00e9m rastreou as pegadas em toda a paisagem nazarena melhor do que Timothy L. Smith. Historiador, pastor, professor e pregador, Smith incorporava um dos ideais mais nobres de John Wesley \u2014 a uni\u00e3o de &#8220;conhecimento e piedade vital&#8221;. [&hellip;]\" \/>\n<meta property=\"og:url\" content=\"https:\/\/nazarene.org\/pt-br\/smith-nazarene-visao\/\" \/>\n<meta property=\"og:site_name\" content=\"Church of the Nazarene\" \/>\n<meta property=\"article:publisher\" content=\"https:\/\/www.facebook.com\/NazareneOfficial\/\" \/>\n<meta property=\"article:modified_time\" content=\"2025-06-10T08:16:46+00:00\" \/>\n<meta name=\"twitter:card\" content=\"summary_large_image\" \/>\n<meta name=\"twitter:site\" content=\"@Nazarene\" \/>\n<script type=\"application\/ld+json\" class=\"yoast-schema-graph\">{\"@context\":\"https:\/\/schema.org\",\"@graph\":[{\"@type\":\"WebPage\",\"@id\":\"https:\/\/nazarene.org\/pt-br\/smith-nazarene-visao\/\",\"url\":\"https:\/\/nazarene.org\/pt-br\/smith-nazarene-visao\/\",\"name\":\"Smith &amp; Nazarene Vis\u00e3o - Church of the Nazarene\",\"isPartOf\":{\"@id\":\"https:\/\/nazarene.org\/pt-br\/#website\"},\"datePublished\":\"2025-03-20T20:24:29+00:00\",\"dateModified\":\"2025-06-10T08:16:46+00:00\",\"breadcrumb\":{\"@id\":\"https:\/\/nazarene.org\/pt-br\/smith-nazarene-visao\/#breadcrumb\"},\"inLanguage\":\"pt-BR\",\"potentialAction\":[{\"@type\":\"ReadAction\",\"target\":[\"https:\/\/nazarene.org\/pt-br\/smith-nazarene-visao\/\"]}]},{\"@type\":\"BreadcrumbList\",\"@id\":\"https:\/\/nazarene.org\/pt-br\/smith-nazarene-visao\/#breadcrumb\",\"itemListElement\":[{\"@type\":\"ListItem\",\"position\":1,\"name\":\"Home\",\"item\":\"https:\/\/nazarene.org\/pt-br\/casa\/\"},{\"@type\":\"ListItem\",\"position\":2,\"name\":\"Smith &amp; Nazarene Vis\u00e3o\"}]},{\"@type\":\"WebSite\",\"@id\":\"https:\/\/nazarene.org\/pt-br\/#website\",\"url\":\"https:\/\/nazarene.org\/pt-br\/\",\"name\":\"Church of the Nazarene\",\"description\":\"Making Christlike Disciples in the Nations\",\"publisher\":{\"@id\":\"https:\/\/nazarene.org\/pt-br\/#organization\"},\"potentialAction\":[{\"@type\":\"SearchAction\",\"target\":{\"@type\":\"EntryPoint\",\"urlTemplate\":\"https:\/\/nazarene.org\/pt-br\/?s={search_term_string}\"},\"query-input\":{\"@type\":\"PropertyValueSpecification\",\"valueRequired\":true,\"valueName\":\"search_term_string\"}}],\"inLanguage\":\"pt-BR\"},{\"@type\":\"Organization\",\"@id\":\"https:\/\/nazarene.org\/pt-br\/#organization\",\"name\":\"Church of the Nazarene\",\"url\":\"https:\/\/nazarene.org\/pt-br\/\",\"logo\":{\"@type\":\"ImageObject\",\"inLanguage\":\"pt-BR\",\"@id\":\"https:\/\/nazarene.org\/pt-br\/#\/schema\/logo\/image\/\",\"url\":\"https:\/\/nazarene.org\/wp-content\/uploads\/2024\/06\/Naz_Desktop_Black_Logo-1.svg\",\"contentUrl\":\"https:\/\/nazarene.org\/wp-content\/uploads\/2024\/06\/Naz_Desktop_Black_Logo-1.svg\",\"width\":258,\"height\":36,\"caption\":\"Church of the Nazarene\"},\"image\":{\"@id\":\"https:\/\/nazarene.org\/pt-br\/#\/schema\/logo\/image\/\"},\"sameAs\":[\"https:\/\/www.facebook.com\/NazareneOfficial\/\",\"https:\/\/x.com\/Nazarene\",\"https:\/\/www.instagram.com\/nazareneofficial\/\"]}]}<\/script>\n<!-- \/ Yoast SEO Premium plugin. -->","yoast_head_json":{"title":"Smith &amp; Nazarene Vis\u00e3o - Church of the Nazarene","robots":{"index":"index","follow":"follow","max-snippet":"max-snippet:-1","max-image-preview":"max-image-preview:large","max-video-preview":"max-video-preview:-1"},"canonical":"https:\/\/nazarene.org\/pt-br\/smith-nazarene-visao\/","og_locale":"pt_BR","og_type":"article","og_title":"Smith &amp; Nazarene Vis\u00e3o","og_description":"Smith &amp; Nazarene Vis\u00e3o Timothy Smith e a Recupera\u00e7\u00e3o da Vis\u00e3o Nazarena Santidade Hoje (Mar\u00e7o de 1999) Ningu\u00e9m rastreou as pegadas em toda a paisagem nazarena melhor do que Timothy L. Smith. Historiador, pastor, professor e pregador, Smith incorporava um dos ideais mais nobres de John Wesley \u2014 a uni\u00e3o de &#8220;conhecimento e piedade vital&#8221;. [&hellip;]","og_url":"https:\/\/nazarene.org\/pt-br\/smith-nazarene-visao\/","og_site_name":"Church of the Nazarene","article_publisher":"https:\/\/www.facebook.com\/NazareneOfficial\/","article_modified_time":"2025-06-10T08:16:46+00:00","twitter_card":"summary_large_image","twitter_site":"@Nazarene","schema":{"@context":"https:\/\/schema.org","@graph":[{"@type":"WebPage","@id":"https:\/\/nazarene.org\/pt-br\/smith-nazarene-visao\/","url":"https:\/\/nazarene.org\/pt-br\/smith-nazarene-visao\/","name":"Smith &amp; Nazarene Vis\u00e3o - Church of the Nazarene","isPartOf":{"@id":"https:\/\/nazarene.org\/pt-br\/#website"},"datePublished":"2025-03-20T20:24:29+00:00","dateModified":"2025-06-10T08:16:46+00:00","breadcrumb":{"@id":"https:\/\/nazarene.org\/pt-br\/smith-nazarene-visao\/#breadcrumb"},"inLanguage":"pt-BR","potentialAction":[{"@type":"ReadAction","target":["https:\/\/nazarene.org\/pt-br\/smith-nazarene-visao\/"]}]},{"@type":"BreadcrumbList","@id":"https:\/\/nazarene.org\/pt-br\/smith-nazarene-visao\/#breadcrumb","itemListElement":[{"@type":"ListItem","position":1,"name":"Home","item":"https:\/\/nazarene.org\/pt-br\/casa\/"},{"@type":"ListItem","position":2,"name":"Smith &amp; Nazarene Vis\u00e3o"}]},{"@type":"WebSite","@id":"https:\/\/nazarene.org\/pt-br\/#website","url":"https:\/\/nazarene.org\/pt-br\/","name":"Church of the Nazarene","description":"Making Christlike Disciples in the Nations","publisher":{"@id":"https:\/\/nazarene.org\/pt-br\/#organization"},"potentialAction":[{"@type":"SearchAction","target":{"@type":"EntryPoint","urlTemplate":"https:\/\/nazarene.org\/pt-br\/?s={search_term_string}"},"query-input":{"@type":"PropertyValueSpecification","valueRequired":true,"valueName":"search_term_string"}}],"inLanguage":"pt-BR"},{"@type":"Organization","@id":"https:\/\/nazarene.org\/pt-br\/#organization","name":"Church of the Nazarene","url":"https:\/\/nazarene.org\/pt-br\/","logo":{"@type":"ImageObject","inLanguage":"pt-BR","@id":"https:\/\/nazarene.org\/pt-br\/#\/schema\/logo\/image\/","url":"https:\/\/nazarene.org\/wp-content\/uploads\/2024\/06\/Naz_Desktop_Black_Logo-1.svg","contentUrl":"https:\/\/nazarene.org\/wp-content\/uploads\/2024\/06\/Naz_Desktop_Black_Logo-1.svg","width":258,"height":36,"caption":"Church of the Nazarene"},"image":{"@id":"https:\/\/nazarene.org\/pt-br\/#\/schema\/logo\/image\/"},"sameAs":["https:\/\/www.facebook.com\/NazareneOfficial\/","https:\/\/x.com\/Nazarene","https:\/\/www.instagram.com\/nazareneofficial\/"]}]}},"_links":{"self":[{"href":"https:\/\/nazarene.org\/pt-br\/wp-json\/wp\/v2\/pages\/39920","targetHints":{"allow":["GET"]}}],"collection":[{"href":"https:\/\/nazarene.org\/pt-br\/wp-json\/wp\/v2\/pages"}],"about":[{"href":"https:\/\/nazarene.org\/pt-br\/wp-json\/wp\/v2\/types\/page"}],"author":[{"embeddable":true,"href":"https:\/\/nazarene.org\/pt-br\/wp-json\/wp\/v2\/users\/8"}],"replies":[{"embeddable":true,"href":"https:\/\/nazarene.org\/pt-br\/wp-json\/wp\/v2\/comments?post=39920"}],"version-history":[{"count":0,"href":"https:\/\/nazarene.org\/pt-br\/wp-json\/wp\/v2\/pages\/39920\/revisions"}],"wp:attachment":[{"href":"https:\/\/nazarene.org\/pt-br\/wp-json\/wp\/v2\/media?parent=39920"}],"curies":[{"name":"wp","href":"https:\/\/api.w.org\/{rel}","templated":true}]}}