{"id":39893,"date":"2025-03-20T15:34:46","date_gmt":"2025-03-20T20:34:46","guid":{"rendered":"https:\/\/nazarene.org\/tradicao-wesleyana\/"},"modified":"2026-03-28T07:45:30","modified_gmt":"2026-03-28T12:45:30","slug":"tradicao-wesleyana","status":"publish","type":"page","link":"https:\/\/nazarene.org\/pt-br\/tradicao-wesleyana\/","title":{"rendered":"Tradi\u00e7\u00e3o Wesleyana"},"content":{"rendered":"\t\t<div data-elementor-type=\"wp-page\" data-elementor-id=\"39893\" class=\"elementor elementor-39893 elementor-21738\" data-elementor-post-type=\"page\">\n\t\t\t\t<div class=\"elementor-element elementor-element-3afea2b e-flex e-con-boxed e-con e-parent\" data-id=\"3afea2b\" data-element_type=\"container\" data-e-type=\"container\" data-settings=\"{&quot;background_background&quot;:&quot;classic&quot;,&quot;jet_parallax_layout_list&quot;:[]}\">\n\t\t\t\t\t<div class=\"e-con-inner\">\n\t\t\t\t<div class=\"elementor-element elementor-element-d4ac1ba elementor-widget elementor-widget-heading\" data-id=\"d4ac1ba\" data-element_type=\"widget\" data-e-type=\"widget\" data-widget_type=\"heading.default\">\n\t\t\t\t<div class=\"elementor-widget-container\">\n\t\t\t\t\t<h1 class=\"elementor-heading-title elementor-size-default\">Tradi\u00e7\u00e3o Wesleyana<\/h1>\t\t\t\t<\/div>\n\t\t\t\t<\/div>\n\t\t\t\t\t<\/div>\n\t\t\t\t<\/div>\n\t\t<div class=\"elementor-element elementor-element-12e9800 e-flex e-con-boxed e-con e-parent\" data-id=\"12e9800\" data-element_type=\"container\" data-e-type=\"container\" data-settings=\"{&quot;background_background&quot;:&quot;classic&quot;,&quot;jet_parallax_layout_list&quot;:[]}\">\n\t\t\t\t\t<div class=\"e-con-inner\">\n\t\t<div class=\"elementor-element elementor-element-43e6c2c e-con-full e-flex e-con e-child\" data-id=\"43e6c2c\" data-element_type=\"container\" data-e-type=\"container\" data-settings=\"{&quot;jet_parallax_layout_list&quot;:[],&quot;background_background&quot;:&quot;classic&quot;}\">\n\t\t\t\t<div class=\"elementor-element elementor-element-d6cdfe0 elementor-widget elementor-widget-heading\" data-id=\"d6cdfe0\" data-element_type=\"widget\" data-e-type=\"widget\" data-widget_type=\"heading.default\">\n\t\t\t\t<div class=\"elementor-widget-container\">\n\t\t\t\t\t<h2 class=\"elementor-heading-title elementor-size-default\">Uma Igreja na tradi\u00e7\u00e3o wesleyana<\/h2>\t\t\t\t<\/div>\n\t\t\t\t<\/div>\n\t\t\t\t<div class=\"elementor-element elementor-element-f98ea5a elementor-widget__width-initial elementor-widget elementor-widget-text-editor\" data-id=\"f98ea5a\" data-element_type=\"widget\" data-e-type=\"widget\" data-widget_type=\"text-editor.default\">\n\t\t\t\t<div class=\"elementor-widget-container\">\n\t\t\t\t\t\t\t\t\t<p><strong>De onde viemos<\/strong><\/p>\n<p>A linhagem nazarena percorre a Reforma Inglesa, a dissemina\u00e7\u00e3o internacional do Metodismo e o movimento de santidade wesleyanana na Am\u00e9rica.<br>\u2022 A Igreja do Nazareno surgiu como uma uni\u00e3o de v\u00e1rias denomina\u00e7\u00f5es wesleyanas de santidade e, em 1915, incorporou sete organiza\u00e7\u00f5es norte-americanas e brit\u00e2nicas anteriormente separadas.<br>\u2022 Phineas F. Bresee moldou a forma de governan\u00e7a da igreja. Hiram F. Reynolds cultivou sua identidade como uma igreja comprometida com miss\u00f5es globais. Outros l\u00edderes pioneiros inclu\u00edram C. W. Ruth, C. B. Jernigan, William Howard Hoople, Mary Lee Cagle, George Sharpe, J. O. McClurkan, Susan Fitkin, R. T. Williams, J. B. Chapman e H. Orton Wiley.  <br>\u2022 Desde o seu in\u00edcio, a Igreja teve uma dimens\u00e3o internacional. Hoje, intencionalmente, \u00e9 uma igreja global com mais de 380 distritos em todo o mundo, dos quais tr\u00eas quartos est\u00e3o fora da Am\u00e9rica do Norte. H\u00e1 quase 1,4 milh\u00e3o de nazarenos. Mais da metade vive fora dos Estados Unidos e do Canad\u00e1.   <\/p>\n<p> <\/p>\n<p><strong>Em que cremos e ensinamos<\/strong><\/p>\n<p>\u2022 Cremos que somos apenas uma parte da Igreja universal de Cristo e compartilhamos com os crentes em outras comunidades um s\u00f3 Senhor, uma s\u00f3 f\u00e9 e um s\u00f3 batismo.<br>\u2022 Juntamente com outros protestantes, afirmamos a prioridade da salva\u00e7\u00e3o somente pela gra\u00e7a mediante a f\u00e9 em Cristo, o sacerd\u00f3cio de todos os crentes e a B\u00edblia como regra final da f\u00e9 e pr\u00e1tica crist\u00e3s.<br>\u2022 Cremos que o Antigo e o Novo Testamento revelam a vontade de Deus para todas as pessoas a respeito do pecado, da salva\u00e7\u00e3o e da nova vida em Cristo.<br>\u2022 Afirmamos que a morte de Cristo expiou os pecados de todas as pessoas e que essa gra\u00e7a \u00e9 eficaz para a salva\u00e7\u00e3o de toda pessoa que a aceita.<br>\u2022 Cremos que os crist\u00e3os s\u00e3o justificados e santificados somente pela f\u00e9.<br>\u2022 Cremos que a gra\u00e7a santificadora de Cristo \u00e9 recebida inicialmente no Novo Nascimento (regenera\u00e7\u00e3o), quando o Esp\u00edrito Santo implanta um novo princ\u00edpio de vida espiritual em n\u00f3s, e que essa gra\u00e7a santificadora aumenta \u00e0 medida que vivemos a vida pelo Esp\u00edrito. Afirmamos que a inteira santifica\u00e7\u00e3o \u00e9 uma provis\u00e3o e possibilidade graciosa para todos os crentes, na qual o cora\u00e7\u00e3o \u00e9 purificado de todo pecado e transborda de amor por Deus e pelo pr\u00f3ximo. <\/p>\n<p> <\/p>\n<p><strong>Nossa miss\u00e3o<\/strong><\/p>\n<p>\u2022 A Igreja do Nazareno \u00e9 uma igreja da \u201cGrande Comiss\u00e3o\u201d.<br>\u2022 Assim, nossos membros buscam testemunhar de forma fiel e atraente para todas as pessoas, para que a vida crist\u00e3 interior atraia outros ao amor, \u00e0 adora\u00e7\u00e3o e ao servi\u00e7o a Deus.<br>\u2022 Somos chamados, sobretudo, a pregar o Evangelho aos pobres.<br>\u2022 Os principais ve\u00edculos pelos quais realizamos nossa miss\u00e3o s\u00e3o: culto comunit\u00e1rio, evangelismo, minist\u00e9rio compassivo, forma\u00e7\u00e3o crist\u00e3 e educa\u00e7\u00e3o.<br>\u2022 Visto que todo o povo de Deus constitui \u201ca Igreja\u201d, e visto que cada crist\u00e3o \u00e9 chamado ao minist\u00e9rio em virtude do seu batismo, cada crente na Igreja do Nazareno tem um papel a desempenhar no cumprimento da miss\u00e3o para a qual somos chamados como corpo coletivo.<\/p>\n<p> <\/p>\n<p>Stan Ingersol, 2001. Adaptado de Wes Tracy e Stan Ingersol, Here We Stand: Where Nazarenes Fit in the Religious Marketplace (1999). Publicado em Holiness Today (junho de 2001): 66.  <\/p>\t\t\t\t\t\t\t\t<\/div>\n\t\t\t\t<\/div>\n\t\t\t\t<\/div>\n\t\t\t\t\t<\/div>\n\t\t\t\t<\/div>\n\t\t<div class=\"elementor-element elementor-element-5d6e2fe elementor-hidden-widescreen elementor-hidden-desktop elementor-hidden-tablet elementor-hidden-mobile e-flex e-con-boxed e-con e-parent\" data-id=\"5d6e2fe\" data-element_type=\"container\" data-e-type=\"container\" data-settings=\"{&quot;jet_parallax_layout_list&quot;:[],&quot;background_background&quot;:&quot;classic&quot;}\">\n\t\t\t\t\t<div class=\"e-con-inner\">\n\t\t\t\t<div class=\"elementor-element elementor-element-6f0ae55 elementor-widget elementor-widget-heading\" data-id=\"6f0ae55\" data-element_type=\"widget\" data-e-type=\"widget\" data-widget_type=\"heading.default\">\n\t\t\t\t<div class=\"elementor-widget-container\">\n\t\t\t\t\t<h3 class=\"elementor-heading-title elementor-size-default\">Fundamentos Nazarenos<\/h3>\t\t\t\t<\/div>\n\t\t\t\t<\/div>\n\t\t\t\t<div class=\"elementor-element elementor-element-242fee2 elementor-widget-divider--view-line elementor-widget elementor-widget-divider\" data-id=\"242fee2\" data-element_type=\"widget\" data-e-type=\"widget\" data-widget_type=\"divider.default\">\n\t\t\t\t<div class=\"elementor-widget-container\">\n\t\t\t\t\t\t\t<div class=\"elementor-divider\">\n\t\t\t<span class=\"elementor-divider-separator\">\n\t\t\t\t\t\t<\/span>\n\t\t<\/div>\n\t\t\t\t\t\t<\/div>\n\t\t\t\t<\/div>\n\t\t\t\t<div class=\"elementor-element elementor-element-13139cb elementor-widget__width-initial elementor-widget-mobile__width-inherit elementor-widget elementor-widget-text-editor\" data-id=\"13139cb\" data-element_type=\"widget\" data-e-type=\"widget\" data-widget_type=\"text-editor.default\">\n\t\t\t\t<div class=\"elementor-widget-container\">\n\t\t\t\t\t\t\t\t\t<p>O livro &#8220;Fundamentos Nazarenos&#8221; explica por que a Igreja do Nazareno existe como um movimento global de santidade e da Grande Comiss\u00e3o, dentro da tradi\u00e7\u00e3o wesleyana-arminiana.<\/p>\t\t\t\t\t\t\t\t<\/div>\n\t\t\t\t<\/div>\n\t\t\t\t<div class=\"elementor-element elementor-element-b77c5f1 elementor-align-center elementor-widget elementor-widget-button\" data-id=\"b77c5f1\" data-element_type=\"widget\" data-e-type=\"widget\" data-widget_type=\"button.default\">\n\t\t\t\t<div class=\"elementor-widget-container\">\n\t\t\t\t\t\t\t\t\t<div class=\"elementor-button-wrapper\">\n\t\t\t\t\t<a class=\"elementor-button elementor-button-link elementor-size-sm\" href=\"https:\/\/nazarene.org\/pt-br\/essenciais-nazarenos\/\">\n\t\t\t\t\t\t<span class=\"elementor-button-content-wrapper\">\n\t\t\t\t\t\t<span class=\"elementor-button-icon\">\n\t\t\t\t<svg aria-hidden=\"true\" class=\"e-font-icon-svg e-fas-arrow-right\" viewBox=\"0 0 448 512\" xmlns=\"http:\/\/www.w3.org\/2000\/svg\"><path d=\"M190.5 66.9l22.2-22.2c9.4-9.4 24.6-9.4 33.9 0L441 239c9.4 9.4 9.4 24.6 0 33.9L246.6 467.3c-9.4 9.4-24.6 9.4-33.9 0l-22.2-22.2c-9.5-9.5-9.3-25 .4-34.3L311.4 296H24c-13.3 0-24-10.7-24-24v-32c0-13.3 10.7-24 24-24h287.4L190.9 101.2c-9.8-9.3-10-24.8-.4-34.3z\"><\/path><\/svg>\t\t\t<\/span>\n\t\t\t\t\t\t\t\t\t<span class=\"elementor-button-text\">SAIBA MAIS<\/span>\n\t\t\t\t\t<\/span>\n\t\t\t\t\t<\/a>\n\t\t\t\t<\/div>\n\t\t\t\t\t\t\t\t<\/div>\n\t\t\t\t<\/div>\n\t\t\t\t\t<\/div>\n\t\t\t\t<\/div>\n\t\t\t\t<\/div>\n\t\t","protected":false},"excerpt":{"rendered":"<p>Tradi\u00e7\u00e3o Wesleyana Uma Igreja na tradi\u00e7\u00e3o wesleyana De onde viemos A linhagem nazarena percorre a Reforma Inglesa, a dissemina\u00e7\u00e3o internacional do Metodismo e o movimento de santidade wesleyanana na Am\u00e9rica.\u2022 A Igreja do Nazareno surgiu como uma uni\u00e3o de v\u00e1rias denomina\u00e7\u00f5es wesleyanas de santidade e, em 1915, incorporou sete organiza\u00e7\u00f5es norte-americanas e brit\u00e2nicas anteriormente separadas.\u2022 [&hellip;]<\/p>\n","protected":false},"author":8,"featured_media":0,"parent":0,"menu_order":0,"comment_status":"closed","ping_status":"closed","template":"","meta":{"content-type":"","_jet_sm_ready_style":"","_jet_sm_style":"","_jet_sm_controls_values":"","_jet_sm_fonts_collection":"","_jet_sm_fonts_links":"","footnotes":""},"class_list":["post-39893","page","type-page","status-publish","hentry"],"yoast_head":"<!-- This site is optimized with the Yoast SEO Premium plugin v27.1 (Yoast SEO v27.1.1) - https:\/\/yoast.com\/product\/yoast-seo-premium-wordpress\/ -->\n<title>Tradi\u00e7\u00e3o Wesleyana - Church of the Nazarene<\/title>\n<meta name=\"robots\" content=\"index, follow, max-snippet:-1, max-image-preview:large, max-video-preview:-1\" \/>\n<link rel=\"canonical\" href=\"https:\/\/nazarene.org\/pt-br\/tradicao-wesleyana\/\" \/>\n<meta property=\"og:locale\" content=\"pt_BR\" \/>\n<meta property=\"og:type\" content=\"article\" \/>\n<meta property=\"og:title\" content=\"Tradi\u00e7\u00e3o Wesleyana\" \/>\n<meta property=\"og:description\" content=\"Tradi\u00e7\u00e3o Wesleyana Uma Igreja na tradi\u00e7\u00e3o wesleyana De onde viemos A linhagem nazarena percorre a Reforma Inglesa, a dissemina\u00e7\u00e3o internacional do Metodismo e o movimento de santidade wesleyanana na Am\u00e9rica.\u2022 A Igreja do Nazareno surgiu como uma uni\u00e3o de v\u00e1rias denomina\u00e7\u00f5es wesleyanas de santidade e, em 1915, incorporou sete organiza\u00e7\u00f5es norte-americanas e brit\u00e2nicas anteriormente separadas.\u2022 [&hellip;]\" \/>\n<meta property=\"og:url\" content=\"https:\/\/nazarene.org\/pt-br\/tradicao-wesleyana\/\" \/>\n<meta property=\"og:site_name\" content=\"Church of the Nazarene\" \/>\n<meta property=\"article:publisher\" content=\"https:\/\/www.facebook.com\/NazareneOfficial\/\" \/>\n<meta property=\"article:modified_time\" content=\"2026-03-28T12:45:30+00:00\" \/>\n<meta name=\"twitter:card\" content=\"summary_large_image\" \/>\n<meta name=\"twitter:site\" content=\"@Nazarene\" \/>\n<script type=\"application\/ld+json\" class=\"yoast-schema-graph\">{\"@context\":\"https:\/\/schema.org\",\"@graph\":[{\"@type\":\"WebPage\",\"@id\":\"https:\/\/nazarene.org\/pt-br\/tradicao-wesleyana\/\",\"url\":\"https:\/\/nazarene.org\/pt-br\/tradicao-wesleyana\/\",\"name\":\"Tradi\u00e7\u00e3o Wesleyana - Church of the Nazarene\",\"isPartOf\":{\"@id\":\"https:\/\/nazarene.org\/pt-br\/#website\"},\"datePublished\":\"2025-03-20T20:34:46+00:00\",\"dateModified\":\"2026-03-28T12:45:30+00:00\",\"breadcrumb\":{\"@id\":\"https:\/\/nazarene.org\/pt-br\/tradicao-wesleyana\/#breadcrumb\"},\"inLanguage\":\"pt-BR\",\"potentialAction\":[{\"@type\":\"ReadAction\",\"target\":[\"https:\/\/nazarene.org\/pt-br\/tradicao-wesleyana\/\"]}]},{\"@type\":\"BreadcrumbList\",\"@id\":\"https:\/\/nazarene.org\/pt-br\/tradicao-wesleyana\/#breadcrumb\",\"itemListElement\":[{\"@type\":\"ListItem\",\"position\":1,\"name\":\"Home\",\"item\":\"https:\/\/nazarene.org\/pt-br\/casa\/\"},{\"@type\":\"ListItem\",\"position\":2,\"name\":\"Tradi\u00e7\u00e3o Wesleyana\"}]},{\"@type\":\"WebSite\",\"@id\":\"https:\/\/nazarene.org\/pt-br\/#website\",\"url\":\"https:\/\/nazarene.org\/pt-br\/\",\"name\":\"Church of the Nazarene\",\"description\":\"Making Christlike Disciples in the Nations\",\"publisher\":{\"@id\":\"https:\/\/nazarene.org\/pt-br\/#organization\"},\"potentialAction\":[{\"@type\":\"SearchAction\",\"target\":{\"@type\":\"EntryPoint\",\"urlTemplate\":\"https:\/\/nazarene.org\/pt-br\/?s={search_term_string}\"},\"query-input\":{\"@type\":\"PropertyValueSpecification\",\"valueRequired\":true,\"valueName\":\"search_term_string\"}}],\"inLanguage\":\"pt-BR\"},{\"@type\":\"Organization\",\"@id\":\"https:\/\/nazarene.org\/pt-br\/#organization\",\"name\":\"Church of the Nazarene\",\"url\":\"https:\/\/nazarene.org\/pt-br\/\",\"logo\":{\"@type\":\"ImageObject\",\"inLanguage\":\"pt-BR\",\"@id\":\"https:\/\/nazarene.org\/pt-br\/#\/schema\/logo\/image\/\",\"url\":\"https:\/\/nazarene.org\/wp-content\/uploads\/2024\/06\/Naz_Desktop_Black_Logo-1.svg\",\"contentUrl\":\"https:\/\/nazarene.org\/wp-content\/uploads\/2024\/06\/Naz_Desktop_Black_Logo-1.svg\",\"width\":258,\"height\":36,\"caption\":\"Church of the Nazarene\"},\"image\":{\"@id\":\"https:\/\/nazarene.org\/pt-br\/#\/schema\/logo\/image\/\"},\"sameAs\":[\"https:\/\/www.facebook.com\/NazareneOfficial\/\",\"https:\/\/x.com\/Nazarene\",\"https:\/\/www.instagram.com\/nazareneofficial\/\"]}]}<\/script>\n<!-- \/ Yoast SEO Premium plugin. -->","yoast_head_json":{"title":"Tradi\u00e7\u00e3o Wesleyana - Church of the Nazarene","robots":{"index":"index","follow":"follow","max-snippet":"max-snippet:-1","max-image-preview":"max-image-preview:large","max-video-preview":"max-video-preview:-1"},"canonical":"https:\/\/nazarene.org\/pt-br\/tradicao-wesleyana\/","og_locale":"pt_BR","og_type":"article","og_title":"Tradi\u00e7\u00e3o Wesleyana","og_description":"Tradi\u00e7\u00e3o Wesleyana Uma Igreja na tradi\u00e7\u00e3o wesleyana De onde viemos A linhagem nazarena percorre a Reforma Inglesa, a dissemina\u00e7\u00e3o internacional do Metodismo e o movimento de santidade wesleyanana na Am\u00e9rica.\u2022 A Igreja do Nazareno surgiu como uma uni\u00e3o de v\u00e1rias denomina\u00e7\u00f5es wesleyanas de santidade e, em 1915, incorporou sete organiza\u00e7\u00f5es norte-americanas e brit\u00e2nicas anteriormente separadas.\u2022 [&hellip;]","og_url":"https:\/\/nazarene.org\/pt-br\/tradicao-wesleyana\/","og_site_name":"Church of the Nazarene","article_publisher":"https:\/\/www.facebook.com\/NazareneOfficial\/","article_modified_time":"2026-03-28T12:45:30+00:00","twitter_card":"summary_large_image","twitter_site":"@Nazarene","schema":{"@context":"https:\/\/schema.org","@graph":[{"@type":"WebPage","@id":"https:\/\/nazarene.org\/pt-br\/tradicao-wesleyana\/","url":"https:\/\/nazarene.org\/pt-br\/tradicao-wesleyana\/","name":"Tradi\u00e7\u00e3o Wesleyana - Church of the Nazarene","isPartOf":{"@id":"https:\/\/nazarene.org\/pt-br\/#website"},"datePublished":"2025-03-20T20:34:46+00:00","dateModified":"2026-03-28T12:45:30+00:00","breadcrumb":{"@id":"https:\/\/nazarene.org\/pt-br\/tradicao-wesleyana\/#breadcrumb"},"inLanguage":"pt-BR","potentialAction":[{"@type":"ReadAction","target":["https:\/\/nazarene.org\/pt-br\/tradicao-wesleyana\/"]}]},{"@type":"BreadcrumbList","@id":"https:\/\/nazarene.org\/pt-br\/tradicao-wesleyana\/#breadcrumb","itemListElement":[{"@type":"ListItem","position":1,"name":"Home","item":"https:\/\/nazarene.org\/pt-br\/casa\/"},{"@type":"ListItem","position":2,"name":"Tradi\u00e7\u00e3o Wesleyana"}]},{"@type":"WebSite","@id":"https:\/\/nazarene.org\/pt-br\/#website","url":"https:\/\/nazarene.org\/pt-br\/","name":"Church of the Nazarene","description":"Making Christlike Disciples in the Nations","publisher":{"@id":"https:\/\/nazarene.org\/pt-br\/#organization"},"potentialAction":[{"@type":"SearchAction","target":{"@type":"EntryPoint","urlTemplate":"https:\/\/nazarene.org\/pt-br\/?s={search_term_string}"},"query-input":{"@type":"PropertyValueSpecification","valueRequired":true,"valueName":"search_term_string"}}],"inLanguage":"pt-BR"},{"@type":"Organization","@id":"https:\/\/nazarene.org\/pt-br\/#organization","name":"Church of the Nazarene","url":"https:\/\/nazarene.org\/pt-br\/","logo":{"@type":"ImageObject","inLanguage":"pt-BR","@id":"https:\/\/nazarene.org\/pt-br\/#\/schema\/logo\/image\/","url":"https:\/\/nazarene.org\/wp-content\/uploads\/2024\/06\/Naz_Desktop_Black_Logo-1.svg","contentUrl":"https:\/\/nazarene.org\/wp-content\/uploads\/2024\/06\/Naz_Desktop_Black_Logo-1.svg","width":258,"height":36,"caption":"Church of the Nazarene"},"image":{"@id":"https:\/\/nazarene.org\/pt-br\/#\/schema\/logo\/image\/"},"sameAs":["https:\/\/www.facebook.com\/NazareneOfficial\/","https:\/\/x.com\/Nazarene","https:\/\/www.instagram.com\/nazareneofficial\/"]}]}},"_links":{"self":[{"href":"https:\/\/nazarene.org\/pt-br\/wp-json\/wp\/v2\/pages\/39893","targetHints":{"allow":["GET"]}}],"collection":[{"href":"https:\/\/nazarene.org\/pt-br\/wp-json\/wp\/v2\/pages"}],"about":[{"href":"https:\/\/nazarene.org\/pt-br\/wp-json\/wp\/v2\/types\/page"}],"author":[{"embeddable":true,"href":"https:\/\/nazarene.org\/pt-br\/wp-json\/wp\/v2\/users\/8"}],"replies":[{"embeddable":true,"href":"https:\/\/nazarene.org\/pt-br\/wp-json\/wp\/v2\/comments?post=39893"}],"version-history":[{"count":4,"href":"https:\/\/nazarene.org\/pt-br\/wp-json\/wp\/v2\/pages\/39893\/revisions"}],"predecessor-version":[{"id":71181,"href":"https:\/\/nazarene.org\/pt-br\/wp-json\/wp\/v2\/pages\/39893\/revisions\/71181"}],"wp:attachment":[{"href":"https:\/\/nazarene.org\/pt-br\/wp-json\/wp\/v2\/media?parent=39893"}],"curies":[{"name":"wp","href":"https:\/\/api.w.org\/{rel}","templated":true}]}}