{"id":39887,"date":"2025-03-20T15:32:44","date_gmt":"2025-03-20T20:32:44","guid":{"rendered":"https:\/\/nazarene.org\/w-c-wilson\/"},"modified":"2025-06-10T03:16:48","modified_gmt":"2025-06-10T08:16:48","slug":"w-c-wilson","status":"publish","type":"page","link":"https:\/\/nazarene.org\/pt-br\/w-c-wilson\/","title":{"rendered":"W.C. Wilson"},"content":{"rendered":"\t\t<div data-elementor-type=\"wp-page\" data-elementor-id=\"39887\" class=\"elementor elementor-39887 elementor-21732\" data-elementor-post-type=\"page\">\n\t\t\t\t<div class=\"elementor-element elementor-element-3afea2b e-flex e-con-boxed e-con e-parent\" data-id=\"3afea2b\" data-element_type=\"container\" data-e-type=\"container\" data-settings=\"{&quot;background_background&quot;:&quot;classic&quot;,&quot;jet_parallax_layout_list&quot;:[]}\">\n\t\t\t\t\t<div class=\"e-con-inner\">\n\t\t\t\t<div class=\"elementor-element elementor-element-d4ac1ba elementor-widget elementor-widget-heading\" data-id=\"d4ac1ba\" data-element_type=\"widget\" data-e-type=\"widget\" data-widget_type=\"heading.default\">\n\t\t\t\t<div class=\"elementor-widget-container\">\n\t\t\t\t\t<h1 class=\"elementor-heading-title elementor-size-default\">W.C. Wilson<\/h1>\t\t\t\t<\/div>\n\t\t\t\t<\/div>\n\t\t\t\t\t<\/div>\n\t\t\t\t<\/div>\n\t\t<div class=\"elementor-element elementor-element-12e9800 e-flex e-con-boxed e-con e-parent\" data-id=\"12e9800\" data-element_type=\"container\" data-e-type=\"container\" data-settings=\"{&quot;background_background&quot;:&quot;classic&quot;,&quot;jet_parallax_layout_list&quot;:[]}\">\n\t\t\t\t\t<div class=\"e-con-inner\">\n\t\t<div class=\"elementor-element elementor-element-43e6c2c e-con-full e-flex e-con e-child\" data-id=\"43e6c2c\" data-element_type=\"container\" data-e-type=\"container\" data-settings=\"{&quot;jet_parallax_layout_list&quot;:[],&quot;background_background&quot;:&quot;classic&quot;}\">\n\t\t\t\t<div class=\"elementor-element elementor-element-f98ea5a elementor-widget__width-initial elementor-widget elementor-widget-text-editor\" data-id=\"f98ea5a\" data-element_type=\"widget\" data-e-type=\"widget\" data-widget_type=\"text-editor.default\">\n\t\t\t\t<div class=\"elementor-widget-container\">\n\t\t\t\t\t\t\t\t\t<div class=\"layout__region layout__region--left flex-1-1 flex-grow-0 xl-flex-4-5\"><div class=\"block__wysiwyg\" data-layout-content-preview-placeholder-label=\"\" content=\"\" block=\"\"><div class=\"styles-wrapper-ea7ee296-ca47-48bb-b068-0a6a1851ccbc\"><section class=\"wysiwyg\"><div class=\"wysiwyg__content\"><div class=\"flex-container flex-wrap\"><p>William C. Wilson resolveu muitas das contradi\u00e7\u00f5es da Igreja Primitiva do Nazareno. Ele construiu uma ponte com seu regionalismo subjacente, conhecendo bem as atitudes secionais de seu Sul nativo, enquanto crescia a apreciar o ethos da Calif\u00f3rnia do in\u00edcio do s\u00e9culo XX. Da mesma forma, ele superou a mente dividida da denomina\u00e7\u00e3o inicial sobre a \u00e9tica, entendendo (e durante um tempo pregando) uma \u00e9tica do legalismo, mas aceitando gradualmente a vis\u00e3o de que a santidade fornece liberdade, n\u00e3o lei, na vida crist\u00e3. Pregou a realidade das experi\u00eancias de crise da gra\u00e7a, mas reconhecia que seu chamado para pregar era uma consci\u00eancia gradual, n\u00e3o a &#8220;voz de Deus&#8221; distinta \u00e0 qual os associados \u00e0s vezes testemunhavam. Como superintendente de distrito, ele foi pressionado a participar da vida administrativa de uma denomina\u00e7\u00e3o infante, embora seu maior amor fosse pregar \u2013 uma voca\u00e7\u00e3o que ele tamb\u00e9m despertou em tr\u00eas de seus filhos. Finalmente, em um momento de sua vida em que Wilson mal podia se dar ao luxo de fazer sacrif\u00edcios financeiros, ele foi eleito superintendente geral de sua igreja, embora a remunera\u00e7\u00e3o do escrit\u00f3rio mal se qualificasse como renda suplementar.<\/p><p> <\/p><p>Wilson enfrentou as ironias de sua vida com gra\u00e7a extremamente grande. Ele era, acima de tudo, um pregador da reconcilia\u00e7\u00e3o, primeiro entre pecadores e Gra\u00e7a Divina; em segundo lugar, entre e entre aqueles que confessam juntos sua lealdade a Cristo e sua Igreja.<\/p><p> <\/p><p>Seu minist\u00e9rio foi auxiliado por esposas e filhos que conheciam pessoalmente a gra\u00e7a que ele pregava. Seus filhos mais velhos experimentaram a dor da morte de sua jovem m\u00e3e, a ruptura de sua casa e a ressurrei\u00e7\u00e3o da fam\u00edlia ap\u00f3s o novo casamento de Wilson. Juntos, a fam\u00edlia Wilson experimentou o desamparo da morte de um beb\u00ea e a perda tr\u00e1gica de uma crian\u00e7a adulta logo ap\u00f3s seu casamento. Mas eles tamb\u00e9m experimentaram reuni\u00f5es alegres, aproveitaram alguns &#8220;bons pastorados&#8221; e encontraram tempo na Calif\u00f3rnia para passar alguns momentos felizes juntos na praia.<\/p><p> <\/p><p>Apenas o falecido Mallalieu Wilson poderia ter escrito esse retrato \u00edntimo de seu pai, W. C. Wilson. Mallalieu Wilson estava pessoalmente familiarizado com muitos dos fundadores da Igreja do Nazareno. De fato, ele pode ser caracterizado como um de seus &#8220;jovens fundadores&#8221;. Nascido em 1898, ele foi criado entre as igrejas nazarenas da Costa Oeste, onde participou de seus programas pioneiros de jovens. Cresceu em torno de Phineas Bresee, John Goodwin, Edward F. Walker, A. O. Henricks, E. P. Ellyson, Seth Rees e outros que lideraram a igreja no sul da Calif\u00f3rnia e al\u00e9m. Conhecia isso atrav\u00e9s da igreja, reuni\u00e3o de acampamento, assembleia distrital e atrav\u00e9s da comunidade \u00edntima de Pasadena e sua Universidade Nazarena (mais tarde Pasadena College), onde ele era l\u00edder estudantil tanto na Academia (escola secund\u00e1ria) quanto no Col\u00e9gio.<\/p><p> <\/p><p>Este relato reflete a vis\u00e3o de Mallalieu Wilson sobre personalidades que moldaram a Igreja do Nazareno em seus anos formativos. Por tr\u00e1s de suas vis\u00f5es, \u00e0s vezes h\u00e1 as opini\u00f5es de seu pai. Mas o livro n\u00e3o \u00e9 apenas sobre nazarenos; tamb\u00e9m ilumina pessoas e quest\u00f5es significativas no Movimento de Santidade mais amplo.<\/p><p> <\/p><p>Acima de tudo, registra a hist\u00f3ria de William C. Wilson, cuja jornada de f\u00e9 o levou atrav\u00e9s da paisagem de seitas de santidade dispersas para a Igreja do Nazareno e de uma extremidade da na\u00e7\u00e3o \u00e0 outra. Na provid\u00eancia de Deus, Wilson foi eleito por pares e leigos para ser um de seus superintendentes gerais.<\/p><p> <\/p><p>Para ler uma c\u00f3pia digital da hist\u00f3ria de vida de W. C. Wilson, <a href=\"http:\/\/wesley.nnu.edu\/wesleyctr\/books\/2501-2600\/HDM2594.pdf\" target=\"_blank\" rel=\"noopener\">clique aqui<\/a>.<\/p><\/div><\/div><\/section><\/div><\/div><\/div>\t\t\t\t\t\t\t\t<\/div>\n\t\t\t\t<\/div>\n\t\t\t\t<\/div>\n\t\t\t\t\t<\/div>\n\t\t\t\t<\/div>\n\t\t<div class=\"elementor-element elementor-element-5d6e2fe elementor-hidden-widescreen elementor-hidden-desktop elementor-hidden-tablet elementor-hidden-mobile e-flex e-con-boxed e-con e-parent\" data-id=\"5d6e2fe\" data-element_type=\"container\" data-e-type=\"container\" data-settings=\"{&quot;jet_parallax_layout_list&quot;:[],&quot;background_background&quot;:&quot;classic&quot;}\">\n\t\t\t\t\t<div class=\"e-con-inner\">\n\t\t\t\t<div class=\"elementor-element elementor-element-6f0ae55 elementor-widget elementor-widget-heading\" data-id=\"6f0ae55\" data-element_type=\"widget\" data-e-type=\"widget\" data-widget_type=\"heading.default\">\n\t\t\t\t<div class=\"elementor-widget-container\">\n\t\t\t\t\t<h3 class=\"elementor-heading-title elementor-size-default\">Essenciais Nazarenos<\/h3>\t\t\t\t<\/div>\n\t\t\t\t<\/div>\n\t\t\t\t<div class=\"elementor-element elementor-element-242fee2 elementor-widget-divider--view-line elementor-widget elementor-widget-divider\" data-id=\"242fee2\" data-element_type=\"widget\" data-e-type=\"widget\" data-widget_type=\"divider.default\">\n\t\t\t\t<div class=\"elementor-widget-container\">\n\t\t\t\t\t\t\t<div class=\"elementor-divider\">\n\t\t\t<span class=\"elementor-divider-separator\">\n\t\t\t\t\t\t<\/span>\n\t\t<\/div>\n\t\t\t\t\t\t<\/div>\n\t\t\t\t<\/div>\n\t\t\t\t<div class=\"elementor-element elementor-element-13139cb elementor-widget__width-initial elementor-widget-mobile__width-inherit elementor-widget elementor-widget-text-editor\" data-id=\"13139cb\" data-element_type=\"widget\" data-e-type=\"widget\" data-widget_type=\"text-editor.default\">\n\t\t\t\t<div class=\"elementor-widget-container\">\n\t\t\t\t\t\t\t\t\t<p>Nazarene Essentials explica por que a Igreja do Nazareno existe como um movimento mundial de Santidade e Grande Comiss\u00e3o na tradi\u00e7\u00e3o Wesleyana-Arminiana.<\/p>\t\t\t\t\t\t\t\t<\/div>\n\t\t\t\t<\/div>\n\t\t\t\t<div class=\"elementor-element elementor-element-b77c5f1 elementor-align-center elementor-widget elementor-widget-button\" data-id=\"b77c5f1\" data-element_type=\"widget\" data-e-type=\"widget\" data-widget_type=\"button.default\">\n\t\t\t\t<div class=\"elementor-widget-container\">\n\t\t\t\t\t\t\t\t\t<div class=\"elementor-button-wrapper\">\n\t\t\t\t\t<a class=\"elementor-button elementor-button-link elementor-size-sm\" href=\"https:\/\/nazarene.org\/pt-br\/essenciais-nazarenos\/\">\n\t\t\t\t\t\t<span class=\"elementor-button-content-wrapper\">\n\t\t\t\t\t\t<span class=\"elementor-button-icon\">\n\t\t\t\t<svg aria-hidden=\"true\" class=\"e-font-icon-svg e-fas-arrow-right\" viewBox=\"0 0 448 512\" xmlns=\"http:\/\/www.w3.org\/2000\/svg\"><path d=\"M190.5 66.9l22.2-22.2c9.4-9.4 24.6-9.4 33.9 0L441 239c9.4 9.4 9.4 24.6 0 33.9L246.6 467.3c-9.4 9.4-24.6 9.4-33.9 0l-22.2-22.2c-9.5-9.5-9.3-25 .4-34.3L311.4 296H24c-13.3 0-24-10.7-24-24v-32c0-13.3 10.7-24 24-24h287.4L190.9 101.2c-9.8-9.3-10-24.8-.4-34.3z\"><\/path><\/svg>\t\t\t<\/span>\n\t\t\t\t\t\t\t\t\t<span class=\"elementor-button-text\">SAIBA MAIS<\/span>\n\t\t\t\t\t<\/span>\n\t\t\t\t\t<\/a>\n\t\t\t\t<\/div>\n\t\t\t\t\t\t\t\t<\/div>\n\t\t\t\t<\/div>\n\t\t\t\t\t<\/div>\n\t\t\t\t<\/div>\n\t\t\t\t<\/div>\n\t\t","protected":false},"excerpt":{"rendered":"<p>W.C. Wilson William C. Wilson resolveu muitas das contradi\u00e7\u00f5es da Igreja Primitiva do Nazareno. Ele construiu uma ponte com seu regionalismo subjacente, conhecendo bem as atitudes secionais de seu Sul nativo, enquanto crescia a apreciar o ethos da Calif\u00f3rnia do in\u00edcio do s\u00e9culo XX. Da mesma forma, ele superou a mente dividida da denomina\u00e7\u00e3o inicial [&hellip;]<\/p>\n","protected":false},"author":8,"featured_media":0,"parent":0,"menu_order":0,"comment_status":"closed","ping_status":"closed","template":"","meta":{"content-type":"","_jet_sm_ready_style":"","_jet_sm_style":"","_jet_sm_controls_values":"","_jet_sm_fonts_collection":"","_jet_sm_fonts_links":"","footnotes":""},"class_list":["post-39887","page","type-page","status-publish","hentry"],"yoast_head":"<!-- This site is optimized with the Yoast SEO Premium plugin v27.1 (Yoast SEO v27.1.1) - https:\/\/yoast.com\/product\/yoast-seo-premium-wordpress\/ -->\n<title>W.C. Wilson - Church of the Nazarene<\/title>\n<meta name=\"robots\" content=\"index, follow, max-snippet:-1, max-image-preview:large, max-video-preview:-1\" \/>\n<link rel=\"canonical\" href=\"https:\/\/nazarene.org\/pt-br\/w-c-wilson\/\" \/>\n<meta property=\"og:locale\" content=\"pt_BR\" \/>\n<meta property=\"og:type\" content=\"article\" \/>\n<meta property=\"og:title\" content=\"W.C. Wilson\" \/>\n<meta property=\"og:description\" content=\"W.C. Wilson William C. Wilson resolveu muitas das contradi\u00e7\u00f5es da Igreja Primitiva do Nazareno. Ele construiu uma ponte com seu regionalismo subjacente, conhecendo bem as atitudes secionais de seu Sul nativo, enquanto crescia a apreciar o ethos da Calif\u00f3rnia do in\u00edcio do s\u00e9culo XX. Da mesma forma, ele superou a mente dividida da denomina\u00e7\u00e3o inicial [&hellip;]\" \/>\n<meta property=\"og:url\" content=\"https:\/\/nazarene.org\/pt-br\/w-c-wilson\/\" \/>\n<meta property=\"og:site_name\" content=\"Church of the Nazarene\" \/>\n<meta property=\"article:publisher\" content=\"https:\/\/www.facebook.com\/NazareneOfficial\/\" \/>\n<meta property=\"article:modified_time\" content=\"2025-06-10T08:16:48+00:00\" \/>\n<meta name=\"twitter:card\" content=\"summary_large_image\" \/>\n<meta name=\"twitter:site\" content=\"@Nazarene\" \/>\n<script type=\"application\/ld+json\" class=\"yoast-schema-graph\">{\"@context\":\"https:\/\/schema.org\",\"@graph\":[{\"@type\":\"WebPage\",\"@id\":\"https:\/\/nazarene.org\/pt-br\/w-c-wilson\/\",\"url\":\"https:\/\/nazarene.org\/pt-br\/w-c-wilson\/\",\"name\":\"W.C. Wilson - Church of the Nazarene\",\"isPartOf\":{\"@id\":\"https:\/\/nazarene.org\/pt-br\/#website\"},\"datePublished\":\"2025-03-20T20:32:44+00:00\",\"dateModified\":\"2025-06-10T08:16:48+00:00\",\"breadcrumb\":{\"@id\":\"https:\/\/nazarene.org\/pt-br\/w-c-wilson\/#breadcrumb\"},\"inLanguage\":\"pt-BR\",\"potentialAction\":[{\"@type\":\"ReadAction\",\"target\":[\"https:\/\/nazarene.org\/pt-br\/w-c-wilson\/\"]}]},{\"@type\":\"BreadcrumbList\",\"@id\":\"https:\/\/nazarene.org\/pt-br\/w-c-wilson\/#breadcrumb\",\"itemListElement\":[{\"@type\":\"ListItem\",\"position\":1,\"name\":\"Home\",\"item\":\"https:\/\/nazarene.org\/pt-br\/casa\/\"},{\"@type\":\"ListItem\",\"position\":2,\"name\":\"W.C. Wilson\"}]},{\"@type\":\"WebSite\",\"@id\":\"https:\/\/nazarene.org\/pt-br\/#website\",\"url\":\"https:\/\/nazarene.org\/pt-br\/\",\"name\":\"Church of the Nazarene\",\"description\":\"Making Christlike Disciples in the Nations\",\"publisher\":{\"@id\":\"https:\/\/nazarene.org\/pt-br\/#organization\"},\"potentialAction\":[{\"@type\":\"SearchAction\",\"target\":{\"@type\":\"EntryPoint\",\"urlTemplate\":\"https:\/\/nazarene.org\/pt-br\/?s={search_term_string}\"},\"query-input\":{\"@type\":\"PropertyValueSpecification\",\"valueRequired\":true,\"valueName\":\"search_term_string\"}}],\"inLanguage\":\"pt-BR\"},{\"@type\":\"Organization\",\"@id\":\"https:\/\/nazarene.org\/pt-br\/#organization\",\"name\":\"Church of the Nazarene\",\"url\":\"https:\/\/nazarene.org\/pt-br\/\",\"logo\":{\"@type\":\"ImageObject\",\"inLanguage\":\"pt-BR\",\"@id\":\"https:\/\/nazarene.org\/pt-br\/#\/schema\/logo\/image\/\",\"url\":\"https:\/\/nazarene.org\/wp-content\/uploads\/2024\/06\/Naz_Desktop_Black_Logo-1.svg\",\"contentUrl\":\"https:\/\/nazarene.org\/wp-content\/uploads\/2024\/06\/Naz_Desktop_Black_Logo-1.svg\",\"width\":258,\"height\":36,\"caption\":\"Church of the Nazarene\"},\"image\":{\"@id\":\"https:\/\/nazarene.org\/pt-br\/#\/schema\/logo\/image\/\"},\"sameAs\":[\"https:\/\/www.facebook.com\/NazareneOfficial\/\",\"https:\/\/x.com\/Nazarene\",\"https:\/\/www.instagram.com\/nazareneofficial\/\"]}]}<\/script>\n<!-- \/ Yoast SEO Premium plugin. -->","yoast_head_json":{"title":"W.C. Wilson - Church of the Nazarene","robots":{"index":"index","follow":"follow","max-snippet":"max-snippet:-1","max-image-preview":"max-image-preview:large","max-video-preview":"max-video-preview:-1"},"canonical":"https:\/\/nazarene.org\/pt-br\/w-c-wilson\/","og_locale":"pt_BR","og_type":"article","og_title":"W.C. Wilson","og_description":"W.C. Wilson William C. Wilson resolveu muitas das contradi\u00e7\u00f5es da Igreja Primitiva do Nazareno. Ele construiu uma ponte com seu regionalismo subjacente, conhecendo bem as atitudes secionais de seu Sul nativo, enquanto crescia a apreciar o ethos da Calif\u00f3rnia do in\u00edcio do s\u00e9culo XX. Da mesma forma, ele superou a mente dividida da denomina\u00e7\u00e3o inicial [&hellip;]","og_url":"https:\/\/nazarene.org\/pt-br\/w-c-wilson\/","og_site_name":"Church of the Nazarene","article_publisher":"https:\/\/www.facebook.com\/NazareneOfficial\/","article_modified_time":"2025-06-10T08:16:48+00:00","twitter_card":"summary_large_image","twitter_site":"@Nazarene","schema":{"@context":"https:\/\/schema.org","@graph":[{"@type":"WebPage","@id":"https:\/\/nazarene.org\/pt-br\/w-c-wilson\/","url":"https:\/\/nazarene.org\/pt-br\/w-c-wilson\/","name":"W.C. Wilson - Church of the Nazarene","isPartOf":{"@id":"https:\/\/nazarene.org\/pt-br\/#website"},"datePublished":"2025-03-20T20:32:44+00:00","dateModified":"2025-06-10T08:16:48+00:00","breadcrumb":{"@id":"https:\/\/nazarene.org\/pt-br\/w-c-wilson\/#breadcrumb"},"inLanguage":"pt-BR","potentialAction":[{"@type":"ReadAction","target":["https:\/\/nazarene.org\/pt-br\/w-c-wilson\/"]}]},{"@type":"BreadcrumbList","@id":"https:\/\/nazarene.org\/pt-br\/w-c-wilson\/#breadcrumb","itemListElement":[{"@type":"ListItem","position":1,"name":"Home","item":"https:\/\/nazarene.org\/pt-br\/casa\/"},{"@type":"ListItem","position":2,"name":"W.C. Wilson"}]},{"@type":"WebSite","@id":"https:\/\/nazarene.org\/pt-br\/#website","url":"https:\/\/nazarene.org\/pt-br\/","name":"Church of the Nazarene","description":"Making Christlike Disciples in the Nations","publisher":{"@id":"https:\/\/nazarene.org\/pt-br\/#organization"},"potentialAction":[{"@type":"SearchAction","target":{"@type":"EntryPoint","urlTemplate":"https:\/\/nazarene.org\/pt-br\/?s={search_term_string}"},"query-input":{"@type":"PropertyValueSpecification","valueRequired":true,"valueName":"search_term_string"}}],"inLanguage":"pt-BR"},{"@type":"Organization","@id":"https:\/\/nazarene.org\/pt-br\/#organization","name":"Church of the Nazarene","url":"https:\/\/nazarene.org\/pt-br\/","logo":{"@type":"ImageObject","inLanguage":"pt-BR","@id":"https:\/\/nazarene.org\/pt-br\/#\/schema\/logo\/image\/","url":"https:\/\/nazarene.org\/wp-content\/uploads\/2024\/06\/Naz_Desktop_Black_Logo-1.svg","contentUrl":"https:\/\/nazarene.org\/wp-content\/uploads\/2024\/06\/Naz_Desktop_Black_Logo-1.svg","width":258,"height":36,"caption":"Church of the Nazarene"},"image":{"@id":"https:\/\/nazarene.org\/pt-br\/#\/schema\/logo\/image\/"},"sameAs":["https:\/\/www.facebook.com\/NazareneOfficial\/","https:\/\/x.com\/Nazarene","https:\/\/www.instagram.com\/nazareneofficial\/"]}]}},"_links":{"self":[{"href":"https:\/\/nazarene.org\/pt-br\/wp-json\/wp\/v2\/pages\/39887","targetHints":{"allow":["GET"]}}],"collection":[{"href":"https:\/\/nazarene.org\/pt-br\/wp-json\/wp\/v2\/pages"}],"about":[{"href":"https:\/\/nazarene.org\/pt-br\/wp-json\/wp\/v2\/types\/page"}],"author":[{"embeddable":true,"href":"https:\/\/nazarene.org\/pt-br\/wp-json\/wp\/v2\/users\/8"}],"replies":[{"embeddable":true,"href":"https:\/\/nazarene.org\/pt-br\/wp-json\/wp\/v2\/comments?post=39887"}],"version-history":[{"count":0,"href":"https:\/\/nazarene.org\/pt-br\/wp-json\/wp\/v2\/pages\/39887\/revisions"}],"wp:attachment":[{"href":"https:\/\/nazarene.org\/pt-br\/wp-json\/wp\/v2\/media?parent=39887"}],"curies":[{"name":"wp","href":"https:\/\/api.w.org\/{rel}","templated":true}]}}