{"id":39757,"date":"2025-03-20T14:55:49","date_gmt":"2025-03-20T19:55:49","guid":{"rendered":"https:\/\/nazarene.org\/phineas-f-bresee\/"},"modified":"2025-06-10T03:01:37","modified_gmt":"2025-06-10T08:01:37","slug":"phineas-f-bresee","status":"publish","type":"page","link":"https:\/\/nazarene.org\/pt-br\/phineas-f-bresee\/","title":{"rendered":"Phineas F. Bresee"},"content":{"rendered":"\t\t<div data-elementor-type=\"wp-page\" data-elementor-id=\"39757\" class=\"elementor elementor-39757 elementor-21679\" data-elementor-post-type=\"page\">\n\t\t\t\t<div class=\"elementor-element elementor-element-3afea2b e-flex e-con-boxed e-con e-parent\" data-id=\"3afea2b\" data-element_type=\"container\" data-e-type=\"container\" data-settings=\"{&quot;background_background&quot;:&quot;classic&quot;,&quot;jet_parallax_layout_list&quot;:[]}\">\n\t\t\t\t\t<div class=\"e-con-inner\">\n\t\t\t\t<div class=\"elementor-element elementor-element-d4ac1ba elementor-widget elementor-widget-heading\" data-id=\"d4ac1ba\" data-element_type=\"widget\" data-e-type=\"widget\" data-widget_type=\"heading.default\">\n\t\t\t\t<div class=\"elementor-widget-container\">\n\t\t\t\t\t<h1 class=\"elementor-heading-title elementor-size-default\">Declara\u00e7\u00e3o Hist\u00f3rica<\/h1>\t\t\t\t<\/div>\n\t\t\t\t<\/div>\n\t\t\t\t\t<\/div>\n\t\t\t\t<\/div>\n\t\t<div class=\"elementor-element elementor-element-8e2fef3 e-flex e-con-boxed e-con e-parent\" data-id=\"8e2fef3\" data-element_type=\"container\" data-e-type=\"container\" data-settings=\"{&quot;background_background&quot;:&quot;classic&quot;,&quot;jet_parallax_layout_list&quot;:[]}\">\n\t\t\t\t\t<div class=\"e-con-inner\">\n\t\t<div class=\"elementor-element elementor-element-0c43af7 e-con-full e-flex e-con e-child\" data-id=\"0c43af7\" data-element_type=\"container\" data-e-type=\"container\" data-settings=\"{&quot;jet_parallax_layout_list&quot;:[]}\">\n\t\t\t\t<div class=\"elementor-element elementor-element-0e17ad9 elementor-widget elementor-widget-image\" data-id=\"0e17ad9\" data-element_type=\"widget\" data-e-type=\"widget\" data-widget_type=\"image.default\">\n\t\t\t\t<div class=\"elementor-widget-container\">\n\t\t\t\t\t\t\t\t\t\t\t\t\t\t\t<img fetchpriority=\"high\" decoding=\"async\" width=\"450\" height=\"500\" src=\"https:\/\/nazarene.org\/wp-content\/uploads\/2025\/03\/PBresee.webp\" class=\"attachment-large size-large wp-image-21684\" alt=\"\" srcset=\"https:\/\/nazarene.org\/wp-content\/uploads\/2025\/03\/PBresee.webp 450w, https:\/\/nazarene.org\/wp-content\/uploads\/2025\/03\/PBresee-270x300.webp 270w\" sizes=\"(max-width: 450px) 100vw, 450px\" \/>\t\t\t\t\t\t\t\t\t\t\t\t\t\t\t<\/div>\n\t\t\t\t<\/div>\n\t\t\t\t<\/div>\n\t\t<div class=\"elementor-element elementor-element-9311c3b e-con-full e-flex e-con e-child\" data-id=\"9311c3b\" data-element_type=\"container\" data-e-type=\"container\" data-settings=\"{&quot;jet_parallax_layout_list&quot;:[]}\">\n\t\t\t\t<div class=\"elementor-element elementor-element-8c43b6e elementor-widget__width-initial elementor-widget-mobile__width-inherit elementor-widget elementor-widget-text-editor\" data-id=\"8c43b6e\" data-element_type=\"widget\" data-e-type=\"widget\" data-widget_type=\"text-editor.default\">\n\t\t\t\t<div class=\"elementor-widget-container\">\n\t\t\t\t\t\t\t\t\t<div class=\"layout__region layout__region--left flex-1-1 flex-grow-0 xl-flex-4-5\"><div class=\"block__wysiwyg\" data-layout-content-preview-placeholder-label=\"\" content=\"\" block=\"\"><div class=\"styles-wrapper-5b7fa342-041e-4e19-a1d4-834e1dffe346\"><section class=\"wysiwyg\"><div class=\"wysiwyg__content\"><div class=\"flex-container flex-wrap\"><div class=\"flex-container flex-dir-row\"><div class=\"flex-1-1 md-flex-3-4 padding\"><p>Carl O. Bangs<\/p><p>A publica\u00e7\u00e3o em 1995 da biografia de Carl Bangs de Phineas F. Bresee move nossa compreens\u00e3o da hist\u00f3ria nazarena primitiva um passo de gigante. Bresee tem sido assunto de v\u00e1rias biografias grandes e pequenas, mas Phineas F. Bresee: Sua Vida no Metodismo, o Movimento de Santidade e a Igreja do Nazareno \u00e9 o primeiro escrito por um estudioso experiente e conhecido internacionalmente.<\/p><p> <\/p><p>A perspectiva do livro difere acentuadamente da de biografias anteriores de Bresee, que examinaram sua vida do ponto de vista de seu papel como fundador nazareno, abreviando sua carreira metodista \u2014 25 anos em Iowa e mais 12 na Calif\u00f3rnia. Em contraste, o minist\u00e9rio metodista de Bresee ocupa mais da metade da nova biografia, pois Bangs faz a pergunta mais simples, mas fundamentalmente diferente: &#8220;Quem era Bresee?&#8221; Essa pergunta l\u00edder simples resultou em um tipo diferente de biografia de seus predecessores. Bangs demonstra habilmente no processo que para entender o significado da Igreja do Nazareno para Bresee, \u00e9 preciso primeiro entender o que o metodismo significava para ele.<br> <\/p><p>Primeiro, Bangs constr\u00f3i o caso de que a teologia da santidade de Bresee estava firmemente enraizada no metodismo.<br>Em segundo lugar, Bangs mostra o qu\u00e3o crucial o minist\u00e9rio de Iowa foi no desenvolvimento de Bresee.<br>Terceiro, a pr\u00e1tica de Bresee de misturar neg\u00f3cios com religi\u00e3o e suas consequ\u00eancias infelizes s\u00e3o consideradas totalmente e com mais detalhes do que em contas anteriores e \u00e9 colocada sob uma nova luz.<br>Quarto, a nova biografia mostra a ascens\u00e3o de Bresee \u00e0 proemin\u00eancia no metodismo californiano entre 1883 e 1892.<br>Quinto, fornece material novo sobre as circunst\u00e2ncias que cercam a retirada de Bresee do minist\u00e9rio metodista, sua expuls\u00e3o da Miss\u00e3o Peniel e as origens da Igreja do Nazareno em Los Angeles.<br>Por \u00faltimo, o livro mostra como a vida inteira de reflex\u00e3o de Bresee sobre a igreja e seu minist\u00e9rio afetou a teologia e a pr\u00e1tica de Los Angeles Nazarenos e, eventualmente, uma uni\u00e3o mais ampla de pessoas de santidade que comp\u00f5em a atual Igreja do Nazareno.<\/p><p> <\/p><p>H\u00e1 muitas luzes interessantes ao longo do caminho: o uso pelo autor dos di\u00e1rios da filha de Phineas, Sue Bresee; a tempestade que irrompeu sobre Bresee durante o ano em que ele ministrou atrav\u00e9s da Miss\u00e3o Peniel independente; a influ\u00eancia de metodistas-chave como Leslie F. Gay e o juiz W. S. Knott em Bresee, e sua influ\u00eancia sobre eles; a dissens\u00e3o que dilacerou o cora\u00e7\u00e3o da Primeira Igreja de Los Angeles em 1907 e 1908, no momento que deveria ter sido o momento de triunfo de Breseee; e muitos outros vertentes fascinantes da hist\u00f3ria de Bresee.<\/p><p> <\/p><p>Stan Ingersol, Ph.D. Gerente de Arquivos, Igreja do Nazareno<\/p><\/div><\/div><\/div><\/div><\/section><\/div><\/div><\/div>\t\t\t\t\t\t\t\t<\/div>\n\t\t\t\t<\/div>\n\t\t\t\t<\/div>\n\t\t\t\t\t<\/div>\n\t\t\t\t<\/div>\n\t\t\t\t<\/div>\n\t\t","protected":false},"excerpt":{"rendered":"<p>Declara\u00e7\u00e3o Hist\u00f3rica Carl O. Bangs A publica\u00e7\u00e3o em 1995 da biografia de Carl Bangs de Phineas F. Bresee move nossa compreens\u00e3o da hist\u00f3ria nazarena primitiva um passo de gigante. Bresee tem sido assunto de v\u00e1rias biografias grandes e pequenas, mas Phineas F. Bresee: Sua Vida no Metodismo, o Movimento de Santidade e a Igreja do [&hellip;]<\/p>\n","protected":false},"author":8,"featured_media":0,"parent":0,"menu_order":0,"comment_status":"closed","ping_status":"closed","template":"","meta":{"content-type":"","_jet_sm_ready_style":"","_jet_sm_style":"","_jet_sm_controls_values":"","_jet_sm_fonts_collection":"","_jet_sm_fonts_links":"","footnotes":""},"class_list":["post-39757","page","type-page","status-publish","hentry"],"yoast_head":"<!-- This site is optimized with the Yoast SEO Premium plugin v27.1 (Yoast SEO v27.1.1) - https:\/\/yoast.com\/product\/yoast-seo-premium-wordpress\/ -->\n<title>Phineas F. Bresee - Church of the Nazarene<\/title>\n<meta name=\"robots\" content=\"index, follow, max-snippet:-1, max-image-preview:large, max-video-preview:-1\" \/>\n<link rel=\"canonical\" href=\"https:\/\/nazarene.org\/pt-br\/phineas-f-bresee\/\" \/>\n<meta property=\"og:locale\" content=\"pt_BR\" \/>\n<meta property=\"og:type\" content=\"article\" \/>\n<meta property=\"og:title\" content=\"Phineas F. Bresee\" \/>\n<meta property=\"og:description\" content=\"Declara\u00e7\u00e3o Hist\u00f3rica Carl O. Bangs A publica\u00e7\u00e3o em 1995 da biografia de Carl Bangs de Phineas F. Bresee move nossa compreens\u00e3o da hist\u00f3ria nazarena primitiva um passo de gigante. Bresee tem sido assunto de v\u00e1rias biografias grandes e pequenas, mas Phineas F. Bresee: Sua Vida no Metodismo, o Movimento de Santidade e a Igreja do [&hellip;]\" \/>\n<meta property=\"og:url\" content=\"https:\/\/nazarene.org\/pt-br\/phineas-f-bresee\/\" \/>\n<meta property=\"og:site_name\" content=\"Church of the Nazarene\" \/>\n<meta property=\"article:publisher\" content=\"https:\/\/www.facebook.com\/NazareneOfficial\/\" \/>\n<meta property=\"article:modified_time\" content=\"2025-06-10T08:01:37+00:00\" \/>\n<meta property=\"og:image\" content=\"https:\/\/nazarene.org\/wp-content\/uploads\/2025\/03\/PBresee.webp\" \/>\n\t<meta property=\"og:image:width\" content=\"450\" \/>\n\t<meta property=\"og:image:height\" content=\"500\" \/>\n\t<meta property=\"og:image:type\" content=\"image\/webp\" \/>\n<meta name=\"twitter:card\" content=\"summary_large_image\" \/>\n<meta name=\"twitter:site\" content=\"@Nazarene\" \/>\n<script type=\"application\/ld+json\" class=\"yoast-schema-graph\">{\"@context\":\"https:\/\/schema.org\",\"@graph\":[{\"@type\":\"WebPage\",\"@id\":\"https:\/\/nazarene.org\/pt-br\/phineas-f-bresee\/\",\"url\":\"https:\/\/nazarene.org\/pt-br\/phineas-f-bresee\/\",\"name\":\"Phineas F. Bresee - Church of the Nazarene\",\"isPartOf\":{\"@id\":\"https:\/\/nazarene.org\/pt-br\/#website\"},\"primaryImageOfPage\":{\"@id\":\"https:\/\/nazarene.org\/pt-br\/phineas-f-bresee\/#primaryimage\"},\"image\":{\"@id\":\"https:\/\/nazarene.org\/pt-br\/phineas-f-bresee\/#primaryimage\"},\"thumbnailUrl\":\"https:\/\/nazarene.org\/wp-content\/uploads\/2025\/03\/PBresee.webp\",\"datePublished\":\"2025-03-20T19:55:49+00:00\",\"dateModified\":\"2025-06-10T08:01:37+00:00\",\"breadcrumb\":{\"@id\":\"https:\/\/nazarene.org\/pt-br\/phineas-f-bresee\/#breadcrumb\"},\"inLanguage\":\"pt-BR\",\"potentialAction\":[{\"@type\":\"ReadAction\",\"target\":[\"https:\/\/nazarene.org\/pt-br\/phineas-f-bresee\/\"]}]},{\"@type\":\"ImageObject\",\"inLanguage\":\"pt-BR\",\"@id\":\"https:\/\/nazarene.org\/pt-br\/phineas-f-bresee\/#primaryimage\",\"url\":\"https:\/\/nazarene.org\/wp-content\/uploads\/2025\/03\/PBresee.webp\",\"contentUrl\":\"https:\/\/nazarene.org\/wp-content\/uploads\/2025\/03\/PBresee.webp\"},{\"@type\":\"BreadcrumbList\",\"@id\":\"https:\/\/nazarene.org\/pt-br\/phineas-f-bresee\/#breadcrumb\",\"itemListElement\":[{\"@type\":\"ListItem\",\"position\":1,\"name\":\"Home\",\"item\":\"https:\/\/nazarene.org\/pt-br\/casa\/\"},{\"@type\":\"ListItem\",\"position\":2,\"name\":\"Phineas F. Bresee\"}]},{\"@type\":\"WebSite\",\"@id\":\"https:\/\/nazarene.org\/pt-br\/#website\",\"url\":\"https:\/\/nazarene.org\/pt-br\/\",\"name\":\"Church of the Nazarene\",\"description\":\"Making Christlike Disciples in the Nations\",\"publisher\":{\"@id\":\"https:\/\/nazarene.org\/pt-br\/#organization\"},\"potentialAction\":[{\"@type\":\"SearchAction\",\"target\":{\"@type\":\"EntryPoint\",\"urlTemplate\":\"https:\/\/nazarene.org\/pt-br\/?s={search_term_string}\"},\"query-input\":{\"@type\":\"PropertyValueSpecification\",\"valueRequired\":true,\"valueName\":\"search_term_string\"}}],\"inLanguage\":\"pt-BR\"},{\"@type\":\"Organization\",\"@id\":\"https:\/\/nazarene.org\/pt-br\/#organization\",\"name\":\"Church of the Nazarene\",\"url\":\"https:\/\/nazarene.org\/pt-br\/\",\"logo\":{\"@type\":\"ImageObject\",\"inLanguage\":\"pt-BR\",\"@id\":\"https:\/\/nazarene.org\/pt-br\/#\/schema\/logo\/image\/\",\"url\":\"https:\/\/nazarene.org\/wp-content\/uploads\/2024\/06\/Naz_Desktop_Black_Logo-1.svg\",\"contentUrl\":\"https:\/\/nazarene.org\/wp-content\/uploads\/2024\/06\/Naz_Desktop_Black_Logo-1.svg\",\"width\":258,\"height\":36,\"caption\":\"Church of the Nazarene\"},\"image\":{\"@id\":\"https:\/\/nazarene.org\/pt-br\/#\/schema\/logo\/image\/\"},\"sameAs\":[\"https:\/\/www.facebook.com\/NazareneOfficial\/\",\"https:\/\/x.com\/Nazarene\",\"https:\/\/www.instagram.com\/nazareneofficial\/\"]}]}<\/script>\n<!-- \/ Yoast SEO Premium plugin. -->","yoast_head_json":{"title":"Phineas F. Bresee - Church of the Nazarene","robots":{"index":"index","follow":"follow","max-snippet":"max-snippet:-1","max-image-preview":"max-image-preview:large","max-video-preview":"max-video-preview:-1"},"canonical":"https:\/\/nazarene.org\/pt-br\/phineas-f-bresee\/","og_locale":"pt_BR","og_type":"article","og_title":"Phineas F. Bresee","og_description":"Declara\u00e7\u00e3o Hist\u00f3rica Carl O. Bangs A publica\u00e7\u00e3o em 1995 da biografia de Carl Bangs de Phineas F. Bresee move nossa compreens\u00e3o da hist\u00f3ria nazarena primitiva um passo de gigante. Bresee tem sido assunto de v\u00e1rias biografias grandes e pequenas, mas Phineas F. Bresee: Sua Vida no Metodismo, o Movimento de Santidade e a Igreja do [&hellip;]","og_url":"https:\/\/nazarene.org\/pt-br\/phineas-f-bresee\/","og_site_name":"Church of the Nazarene","article_publisher":"https:\/\/www.facebook.com\/NazareneOfficial\/","article_modified_time":"2025-06-10T08:01:37+00:00","og_image":[{"width":450,"height":500,"url":"https:\/\/nazarene.org\/wp-content\/uploads\/2025\/03\/PBresee.webp","type":"image\/webp"}],"twitter_card":"summary_large_image","twitter_site":"@Nazarene","schema":{"@context":"https:\/\/schema.org","@graph":[{"@type":"WebPage","@id":"https:\/\/nazarene.org\/pt-br\/phineas-f-bresee\/","url":"https:\/\/nazarene.org\/pt-br\/phineas-f-bresee\/","name":"Phineas F. Bresee - Church of the Nazarene","isPartOf":{"@id":"https:\/\/nazarene.org\/pt-br\/#website"},"primaryImageOfPage":{"@id":"https:\/\/nazarene.org\/pt-br\/phineas-f-bresee\/#primaryimage"},"image":{"@id":"https:\/\/nazarene.org\/pt-br\/phineas-f-bresee\/#primaryimage"},"thumbnailUrl":"https:\/\/nazarene.org\/wp-content\/uploads\/2025\/03\/PBresee.webp","datePublished":"2025-03-20T19:55:49+00:00","dateModified":"2025-06-10T08:01:37+00:00","breadcrumb":{"@id":"https:\/\/nazarene.org\/pt-br\/phineas-f-bresee\/#breadcrumb"},"inLanguage":"pt-BR","potentialAction":[{"@type":"ReadAction","target":["https:\/\/nazarene.org\/pt-br\/phineas-f-bresee\/"]}]},{"@type":"ImageObject","inLanguage":"pt-BR","@id":"https:\/\/nazarene.org\/pt-br\/phineas-f-bresee\/#primaryimage","url":"https:\/\/nazarene.org\/wp-content\/uploads\/2025\/03\/PBresee.webp","contentUrl":"https:\/\/nazarene.org\/wp-content\/uploads\/2025\/03\/PBresee.webp"},{"@type":"BreadcrumbList","@id":"https:\/\/nazarene.org\/pt-br\/phineas-f-bresee\/#breadcrumb","itemListElement":[{"@type":"ListItem","position":1,"name":"Home","item":"https:\/\/nazarene.org\/pt-br\/casa\/"},{"@type":"ListItem","position":2,"name":"Phineas F. Bresee"}]},{"@type":"WebSite","@id":"https:\/\/nazarene.org\/pt-br\/#website","url":"https:\/\/nazarene.org\/pt-br\/","name":"Church of the Nazarene","description":"Making Christlike Disciples in the Nations","publisher":{"@id":"https:\/\/nazarene.org\/pt-br\/#organization"},"potentialAction":[{"@type":"SearchAction","target":{"@type":"EntryPoint","urlTemplate":"https:\/\/nazarene.org\/pt-br\/?s={search_term_string}"},"query-input":{"@type":"PropertyValueSpecification","valueRequired":true,"valueName":"search_term_string"}}],"inLanguage":"pt-BR"},{"@type":"Organization","@id":"https:\/\/nazarene.org\/pt-br\/#organization","name":"Church of the Nazarene","url":"https:\/\/nazarene.org\/pt-br\/","logo":{"@type":"ImageObject","inLanguage":"pt-BR","@id":"https:\/\/nazarene.org\/pt-br\/#\/schema\/logo\/image\/","url":"https:\/\/nazarene.org\/wp-content\/uploads\/2024\/06\/Naz_Desktop_Black_Logo-1.svg","contentUrl":"https:\/\/nazarene.org\/wp-content\/uploads\/2024\/06\/Naz_Desktop_Black_Logo-1.svg","width":258,"height":36,"caption":"Church of the Nazarene"},"image":{"@id":"https:\/\/nazarene.org\/pt-br\/#\/schema\/logo\/image\/"},"sameAs":["https:\/\/www.facebook.com\/NazareneOfficial\/","https:\/\/x.com\/Nazarene","https:\/\/www.instagram.com\/nazareneofficial\/"]}]}},"_links":{"self":[{"href":"https:\/\/nazarene.org\/pt-br\/wp-json\/wp\/v2\/pages\/39757","targetHints":{"allow":["GET"]}}],"collection":[{"href":"https:\/\/nazarene.org\/pt-br\/wp-json\/wp\/v2\/pages"}],"about":[{"href":"https:\/\/nazarene.org\/pt-br\/wp-json\/wp\/v2\/types\/page"}],"author":[{"embeddable":true,"href":"https:\/\/nazarene.org\/pt-br\/wp-json\/wp\/v2\/users\/8"}],"replies":[{"embeddable":true,"href":"https:\/\/nazarene.org\/pt-br\/wp-json\/wp\/v2\/comments?post=39757"}],"version-history":[{"count":0,"href":"https:\/\/nazarene.org\/pt-br\/wp-json\/wp\/v2\/pages\/39757\/revisions"}],"wp:attachment":[{"href":"https:\/\/nazarene.org\/pt-br\/wp-json\/wp\/v2\/media?parent=39757"}],"curies":[{"name":"wp","href":"https:\/\/api.w.org\/{rel}","templated":true}]}}