{"id":39375,"date":"2025-02-13T14:44:54","date_gmt":"2025-02-13T20:44:54","guid":{"rendered":"https:\/\/nazarene.org\/gnecsis-informacoes-gerais\/"},"modified":"2025-10-08T21:12:44","modified_gmt":"2025-10-09T02:12:44","slug":"gnecsis-informacoes-gerais","status":"publish","type":"page","link":"https:\/\/nazarene.org\/pt-br\/gnecsis\/gnecsis-informacoes-gerais\/","title":{"rendered":"GNECsis &#8211; Informa\u00e7\u00f5es Gerais"},"content":{"rendered":"\t\t<div data-elementor-type=\"wp-page\" data-elementor-id=\"39375\" class=\"elementor elementor-39375 elementor-15099\" data-elementor-post-type=\"page\">\n\t\t\t\t<div class=\"elementor-element elementor-element-3afea2b e-flex e-con-boxed e-con e-parent\" data-id=\"3afea2b\" data-element_type=\"container\" data-e-type=\"container\" data-settings=\"{&quot;background_background&quot;:&quot;classic&quot;,&quot;jet_parallax_layout_list&quot;:[]}\">\n\t\t\t\t\t<div class=\"e-con-inner\">\n\t\t\t\t<div class=\"elementor-element elementor-element-d4ac1ba elementor-widget elementor-widget-heading\" data-id=\"d4ac1ba\" data-element_type=\"widget\" data-e-type=\"widget\" data-widget_type=\"heading.default\">\n\t\t\t\t<div class=\"elementor-widget-container\">\n\t\t\t\t\t<h1 class=\"elementor-heading-title elementor-size-default\">GNECsis<\/h1>\t\t\t\t<\/div>\n\t\t\t\t<\/div>\n\t\t\t\t\t<\/div>\n\t\t\t\t<\/div>\n\t\t<div class=\"elementor-element elementor-element-4ea39de e-flex e-con-boxed e-con e-parent\" data-id=\"4ea39de\" data-element_type=\"container\" data-e-type=\"container\" data-settings=\"{&quot;jet_parallax_layout_list&quot;:[],&quot;background_background&quot;:&quot;classic&quot;}\">\n\t\t\t\t\t<div class=\"e-con-inner\">\n\t\t<div class=\"elementor-element elementor-element-67e09d3 e-con-full e-flex e-con e-child\" data-id=\"67e09d3\" data-element_type=\"container\" data-e-type=\"container\" data-settings=\"{&quot;background_background&quot;:&quot;classic&quot;,&quot;jet_parallax_layout_list&quot;:[]}\">\n\t\t\t\t<div class=\"elementor-element elementor-element-1dca3a1 elementor-widget-widescreen__width-initial elementor-widget elementor-widget-heading\" data-id=\"1dca3a1\" data-element_type=\"widget\" data-e-type=\"widget\" data-widget_type=\"heading.default\">\n\t\t\t\t<div class=\"elementor-widget-container\">\n\t\t\t\t\t<h3 class=\"elementor-heading-title elementor-size-default\">Informa\u00e7\u00f5es Gerais<\/h3>\t\t\t\t<\/div>\n\t\t\t\t<\/div>\n\t\t\t\t<div class=\"elementor-element elementor-element-ccb014f elementor-widget-divider--view-line elementor-widget elementor-widget-divider\" data-id=\"ccb014f\" data-element_type=\"widget\" data-e-type=\"widget\" data-widget_type=\"divider.default\">\n\t\t\t\t<div class=\"elementor-widget-container\">\n\t\t\t\t\t\t\t<div class=\"elementor-divider\">\n\t\t\t<span class=\"elementor-divider-separator\">\n\t\t\t\t\t\t<\/span>\n\t\t<\/div>\n\t\t\t\t\t\t<\/div>\n\t\t\t\t<\/div>\n\t\t\t\t<div class=\"elementor-element elementor-element-41aee3e elementor-widget elementor-widget-text-editor\" data-id=\"41aee3e\" data-element_type=\"widget\" data-e-type=\"widget\" data-widget_type=\"text-editor.default\">\n\t\t\t\t<div class=\"elementor-widget-container\">\n\t\t\t\t\t\t\t\t\t<ul><li class=\"Indent1\" style=\"text-align: left;\">Admiss\u00f5es, acad\u00eamicos, recursos humanos, vida estudantil e faturamento dos estudantes est\u00e3o integrados em um banco de dados centralizado<\/li><li class=\"Indent1\" style=\"text-align: left;\">Entrega baseada na Web<\/li><li class=\"Indent1\" style=\"text-align: left;\">As informa\u00e7\u00f5es est\u00e3o dispon\u00edveis por meio de um portal do corpo docente, um portal do aluno e um portal da equipe com permiss\u00f5es personalizadas baseadas em fun\u00e7\u00f5es.<\/li><li class=\"Indent1\" style=\"text-align: left;\">Biblioteca de relat\u00f3rios pr\u00e9-configurados e a capacidade de fazer consultas personalizadas. Outros relat\u00f3rios personalizados dispon\u00edveis mediante solicita\u00e7\u00e3o<\/li><li class=\"Indent1\" style=\"text-align: left;\">F\u00e1cil de usar<\/li><li class=\"Indent1\" style=\"text-align: left;\">Dispon\u00edvel em ingl\u00eas e espanhol (portugu\u00eas em breve)<\/li><li class=\"Indent1\" style=\"text-align: left;\">Reconhecimento m\u00f3vel<\/li><li class=\"Indent1\" style=\"text-align: left;\">Personaliz\u00e1vel com cores e logotipos da escola<\/li><li class=\"Indent1\" style=\"text-align: left;\">Implantado em Linux ou Windows<\/li><li class=\"Indent1\" style=\"text-align: left;\">Banco de dados SQL Server ou MySQL<\/li><li class=\"Indent1\" style=\"text-align: left;\">N\u00e3o requer Internet para opera\u00e7\u00f5es b\u00e1sicas, mas maior funcionalidade dispon\u00edvel com uma conex\u00e3o \u00e0 Internet<\/li><li class=\"Indent1\" style=\"text-align: left;\">Projetado para trabalhar internacionalmente com uma variedade de diferentes estruturas educacionais.<\/li><li class=\"Indent1\" style=\"text-align: left;\">Inclui funcionalidade para rastreamento de denomina\u00e7\u00f5es e envolvimento da igreja.<\/li><li class=\"Indent1\" style=\"text-align: left;\">Rastreamento do hist\u00f3rico de contatos dispon\u00edvel para clientes em potencial e alunos, a fim de manter um hist\u00f3rico cont\u00ednuo de conversas significativas. Os e-mails enviados diretamente do sistema s\u00e3o automaticamente registrados.<\/li><li class=\"Indent1\" style=\"text-align: left;\">Auditoria de grau dispon\u00edvel para funcion\u00e1rios, orientadores e alunos<\/li><li class=\"Indent1\" style=\"text-align: left;\">Cria\u00e7\u00e3o de listas salvas facilita o trabalho com listas<\/li><li class=\"Indent1\" style=\"text-align: left;\">Funciona com v\u00e1rios campi\/locais<\/li><li class=\"Indent1\" style=\"text-align: left;\">Permite o rastreamento de v\u00e1rios graus para o mesmo aluno<\/li><li class=\"Indent1\" style=\"text-align: left;\">Rastreamento de visto de estudante internacional<\/li><li class=\"Indent1\" style=\"text-align: left;\">Banco de dados de pessoas compartilhado permite que toda a administra\u00e7\u00e3o compartilhe informa\u00e7\u00f5es de contato<\/li><li class=\"Indent1\" style=\"text-align: left;\">Carregar fotos de cada pessoa relacionada \u00e0 sua escola<\/li><\/ul>\t\t\t\t\t\t\t\t<\/div>\n\t\t\t\t<\/div>\n\t\t\t\t<\/div>\n\t\t\t\t\t<\/div>\n\t\t\t\t<\/div>\n\t\t<div class=\"elementor-element elementor-element-c37c69f e-flex e-con-boxed e-con e-parent\" data-id=\"c37c69f\" data-element_type=\"container\" data-e-type=\"container\" data-settings=\"{&quot;jet_parallax_layout_list&quot;:[],&quot;background_background&quot;:&quot;classic&quot;}\">\n\t\t\t\t\t<div class=\"e-con-inner\">\n\t\t<div class=\"elementor-element elementor-element-4990676 e-con-full e-flex e-con e-child\" data-id=\"4990676\" data-element_type=\"container\" data-e-type=\"container\" data-settings=\"{&quot;background_background&quot;:&quot;classic&quot;,&quot;jet_parallax_layout_list&quot;:[]}\">\n\t\t\t\t<div class=\"elementor-element elementor-element-959d6c3 elementor-widget-widescreen__width-initial elementor-widget-tablet__width-initial elementor-widget elementor-widget-heading\" data-id=\"959d6c3\" data-element_type=\"widget\" data-e-type=\"widget\" data-widget_type=\"heading.default\">\n\t\t\t\t<div class=\"elementor-widget-container\">\n\t\t\t\t\t<h3 class=\"elementor-heading-title elementor-size-default\">Interessado em GNECsis para sua escola?<\/h3>\t\t\t\t<\/div>\n\t\t\t\t<\/div>\n\t\t\t\t<div class=\"elementor-element elementor-element-ffc831c elementor-widget-divider--view-line elementor-widget elementor-widget-divider\" data-id=\"ffc831c\" data-element_type=\"widget\" data-e-type=\"widget\" data-widget_type=\"divider.default\">\n\t\t\t\t<div class=\"elementor-widget-container\">\n\t\t\t\t\t\t\t<div class=\"elementor-divider\">\n\t\t\t<span class=\"elementor-divider-separator\">\n\t\t\t\t\t\t<\/span>\n\t\t<\/div>\n\t\t\t\t\t\t<\/div>\n\t\t\t\t<\/div>\n\t\t\t\t<div class=\"elementor-element elementor-element-bc81d4c elementor-widget elementor-widget-text-editor\" data-id=\"bc81d4c\" data-element_type=\"widget\" data-e-type=\"widget\" data-widget_type=\"text-editor.default\">\n\t\t\t\t<div class=\"elementor-widget-container\">\n\t\t\t\t\t\t\t\t\t<p>Voc\u00ea est\u00e1 interessado em GNECsis para sua escola? Preencha o <a href=\"\/wp-content\/uploads\/2025\/02\/GNECsis-School-Review.pdf\" target=\"_blank\" rel=\"noopener\">GNECsis \u2013 Revis\u00e3o da Escola (ingl\u00eas)<\/a> ou <a href=\"\/wp-content\/uploads\/2025\/02\/GNECsis-School-Review-Spanish.pdf\" target=\"_blank\" rel=\"noopener\">GNECsis \u2013 Revis\u00e3o da Escola (espanhol)<\/a> e envie-o para <a href=\"mailto:GNECsis@nazarene.org\">GNECsis@nazarene.org<\/a>, para que possamos saber mais sobre sua escola. Depois de analisarmos suas informa\u00e7\u00f5es, entraremos em contato com voc\u00ea com mais informa\u00e7\u00f5es.<\/p>\t\t\t\t\t\t\t\t<\/div>\n\t\t\t\t<\/div>\n\t\t\t\t<\/div>\n\t\t\t\t\t<\/div>\n\t\t\t\t<\/div>\n\t\t\t\t<\/div>\n\t\t","protected":false},"excerpt":{"rendered":"<p>GNECsis Informa\u00e7\u00f5es Gerais Admiss\u00f5es, acad\u00eamicos, recursos humanos, vida estudantil e faturamento dos estudantes est\u00e3o integrados em um banco de dados centralizado Entrega baseada na Web As informa\u00e7\u00f5es est\u00e3o dispon\u00edveis por meio de um portal do corpo docente, um portal do aluno e um portal da equipe com permiss\u00f5es personalizadas baseadas em fun\u00e7\u00f5es. Biblioteca de relat\u00f3rios [&hellip;]<\/p>\n","protected":false},"author":6,"featured_media":0,"parent":44762,"menu_order":0,"comment_status":"closed","ping_status":"closed","template":"","meta":{"content-type":"","_jet_sm_ready_style":"","_jet_sm_style":"","_jet_sm_controls_values":"","_jet_sm_fonts_collection":"","_jet_sm_fonts_links":"","footnotes":""},"class_list":["post-39375","page","type-page","status-publish","hentry"],"yoast_head":"<!-- This site is optimized with the Yoast SEO Premium plugin v27.1 (Yoast SEO v27.1.1) - https:\/\/yoast.com\/product\/yoast-seo-premium-wordpress\/ -->\n<title>GNECsis - Informa\u00e7\u00f5es Gerais - Church of the Nazarene<\/title>\n<meta name=\"robots\" content=\"index, follow, max-snippet:-1, max-image-preview:large, max-video-preview:-1\" \/>\n<link rel=\"canonical\" href=\"https:\/\/nazarene.org\/pt-br\/gnecsis\/gnecsis-informacoes-gerais\/\" \/>\n<meta property=\"og:locale\" content=\"pt_BR\" \/>\n<meta property=\"og:type\" content=\"article\" \/>\n<meta property=\"og:title\" content=\"GNECsis - Informa\u00e7\u00f5es Gerais\" \/>\n<meta property=\"og:description\" content=\"GNECsis Informa\u00e7\u00f5es Gerais Admiss\u00f5es, acad\u00eamicos, recursos humanos, vida estudantil e faturamento dos estudantes est\u00e3o integrados em um banco de dados centralizado Entrega baseada na Web As informa\u00e7\u00f5es est\u00e3o dispon\u00edveis por meio de um portal do corpo docente, um portal do aluno e um portal da equipe com permiss\u00f5es personalizadas baseadas em fun\u00e7\u00f5es. Biblioteca de relat\u00f3rios [&hellip;]\" \/>\n<meta property=\"og:url\" content=\"https:\/\/nazarene.org\/pt-br\/gnecsis\/gnecsis-informacoes-gerais\/\" \/>\n<meta property=\"og:site_name\" content=\"Church of the Nazarene\" \/>\n<meta property=\"article:publisher\" content=\"https:\/\/www.facebook.com\/NazareneOfficial\/\" \/>\n<meta property=\"article:modified_time\" content=\"2025-10-09T02:12:44+00:00\" \/>\n<meta name=\"twitter:card\" content=\"summary_large_image\" \/>\n<meta name=\"twitter:site\" content=\"@Nazarene\" \/>\n<script type=\"application\/ld+json\" class=\"yoast-schema-graph\">{\"@context\":\"https:\/\/schema.org\",\"@graph\":[{\"@type\":\"WebPage\",\"@id\":\"https:\/\/nazarene.org\/pt-br\/gnecsis\/gnecsis-informacoes-gerais\/\",\"url\":\"https:\/\/nazarene.org\/pt-br\/gnecsis\/gnecsis-informacoes-gerais\/\",\"name\":\"GNECsis - Informa\u00e7\u00f5es Gerais - Church of the Nazarene\",\"isPartOf\":{\"@id\":\"https:\/\/nazarene.org\/pt-br\/#website\"},\"datePublished\":\"2025-02-13T20:44:54+00:00\",\"dateModified\":\"2025-10-09T02:12:44+00:00\",\"breadcrumb\":{\"@id\":\"https:\/\/nazarene.org\/pt-br\/gnecsis\/gnecsis-informacoes-gerais\/#breadcrumb\"},\"inLanguage\":\"pt-BR\",\"potentialAction\":[{\"@type\":\"ReadAction\",\"target\":[\"https:\/\/nazarene.org\/pt-br\/gnecsis\/gnecsis-informacoes-gerais\/\"]}]},{\"@type\":\"BreadcrumbList\",\"@id\":\"https:\/\/nazarene.org\/pt-br\/gnecsis\/gnecsis-informacoes-gerais\/#breadcrumb\",\"itemListElement\":[{\"@type\":\"ListItem\",\"position\":1,\"name\":\"Home\",\"item\":\"https:\/\/nazarene.org\/pt-br\/casa\/\"},{\"@type\":\"ListItem\",\"position\":2,\"name\":\"GNECsis\",\"item\":\"https:\/\/nazarene.org\/pt-br\/gnecsis\/\"},{\"@type\":\"ListItem\",\"position\":3,\"name\":\"GNECsis &#8211; Informa\u00e7\u00f5es Gerais\"}]},{\"@type\":\"WebSite\",\"@id\":\"https:\/\/nazarene.org\/pt-br\/#website\",\"url\":\"https:\/\/nazarene.org\/pt-br\/\",\"name\":\"Church of the Nazarene\",\"description\":\"Making Christlike Disciples in the Nations\",\"publisher\":{\"@id\":\"https:\/\/nazarene.org\/pt-br\/#organization\"},\"potentialAction\":[{\"@type\":\"SearchAction\",\"target\":{\"@type\":\"EntryPoint\",\"urlTemplate\":\"https:\/\/nazarene.org\/pt-br\/?s={search_term_string}\"},\"query-input\":{\"@type\":\"PropertyValueSpecification\",\"valueRequired\":true,\"valueName\":\"search_term_string\"}}],\"inLanguage\":\"pt-BR\"},{\"@type\":\"Organization\",\"@id\":\"https:\/\/nazarene.org\/pt-br\/#organization\",\"name\":\"Church of the Nazarene\",\"url\":\"https:\/\/nazarene.org\/pt-br\/\",\"logo\":{\"@type\":\"ImageObject\",\"inLanguage\":\"pt-BR\",\"@id\":\"https:\/\/nazarene.org\/pt-br\/#\/schema\/logo\/image\/\",\"url\":\"https:\/\/nazarene.org\/wp-content\/uploads\/2024\/06\/Naz_Desktop_Black_Logo-1.svg\",\"contentUrl\":\"https:\/\/nazarene.org\/wp-content\/uploads\/2024\/06\/Naz_Desktop_Black_Logo-1.svg\",\"width\":258,\"height\":36,\"caption\":\"Church of the Nazarene\"},\"image\":{\"@id\":\"https:\/\/nazarene.org\/pt-br\/#\/schema\/logo\/image\/\"},\"sameAs\":[\"https:\/\/www.facebook.com\/NazareneOfficial\/\",\"https:\/\/x.com\/Nazarene\",\"https:\/\/www.instagram.com\/nazareneofficial\/\"]}]}<\/script>\n<!-- \/ Yoast SEO Premium plugin. -->","yoast_head_json":{"title":"GNECsis - Informa\u00e7\u00f5es Gerais - Church of the Nazarene","robots":{"index":"index","follow":"follow","max-snippet":"max-snippet:-1","max-image-preview":"max-image-preview:large","max-video-preview":"max-video-preview:-1"},"canonical":"https:\/\/nazarene.org\/pt-br\/gnecsis\/gnecsis-informacoes-gerais\/","og_locale":"pt_BR","og_type":"article","og_title":"GNECsis - Informa\u00e7\u00f5es Gerais","og_description":"GNECsis Informa\u00e7\u00f5es Gerais Admiss\u00f5es, acad\u00eamicos, recursos humanos, vida estudantil e faturamento dos estudantes est\u00e3o integrados em um banco de dados centralizado Entrega baseada na Web As informa\u00e7\u00f5es est\u00e3o dispon\u00edveis por meio de um portal do corpo docente, um portal do aluno e um portal da equipe com permiss\u00f5es personalizadas baseadas em fun\u00e7\u00f5es. Biblioteca de relat\u00f3rios [&hellip;]","og_url":"https:\/\/nazarene.org\/pt-br\/gnecsis\/gnecsis-informacoes-gerais\/","og_site_name":"Church of the Nazarene","article_publisher":"https:\/\/www.facebook.com\/NazareneOfficial\/","article_modified_time":"2025-10-09T02:12:44+00:00","twitter_card":"summary_large_image","twitter_site":"@Nazarene","schema":{"@context":"https:\/\/schema.org","@graph":[{"@type":"WebPage","@id":"https:\/\/nazarene.org\/pt-br\/gnecsis\/gnecsis-informacoes-gerais\/","url":"https:\/\/nazarene.org\/pt-br\/gnecsis\/gnecsis-informacoes-gerais\/","name":"GNECsis - Informa\u00e7\u00f5es Gerais - Church of the Nazarene","isPartOf":{"@id":"https:\/\/nazarene.org\/pt-br\/#website"},"datePublished":"2025-02-13T20:44:54+00:00","dateModified":"2025-10-09T02:12:44+00:00","breadcrumb":{"@id":"https:\/\/nazarene.org\/pt-br\/gnecsis\/gnecsis-informacoes-gerais\/#breadcrumb"},"inLanguage":"pt-BR","potentialAction":[{"@type":"ReadAction","target":["https:\/\/nazarene.org\/pt-br\/gnecsis\/gnecsis-informacoes-gerais\/"]}]},{"@type":"BreadcrumbList","@id":"https:\/\/nazarene.org\/pt-br\/gnecsis\/gnecsis-informacoes-gerais\/#breadcrumb","itemListElement":[{"@type":"ListItem","position":1,"name":"Home","item":"https:\/\/nazarene.org\/pt-br\/casa\/"},{"@type":"ListItem","position":2,"name":"GNECsis","item":"https:\/\/nazarene.org\/pt-br\/gnecsis\/"},{"@type":"ListItem","position":3,"name":"GNECsis &#8211; Informa\u00e7\u00f5es Gerais"}]},{"@type":"WebSite","@id":"https:\/\/nazarene.org\/pt-br\/#website","url":"https:\/\/nazarene.org\/pt-br\/","name":"Church of the Nazarene","description":"Making Christlike Disciples in the Nations","publisher":{"@id":"https:\/\/nazarene.org\/pt-br\/#organization"},"potentialAction":[{"@type":"SearchAction","target":{"@type":"EntryPoint","urlTemplate":"https:\/\/nazarene.org\/pt-br\/?s={search_term_string}"},"query-input":{"@type":"PropertyValueSpecification","valueRequired":true,"valueName":"search_term_string"}}],"inLanguage":"pt-BR"},{"@type":"Organization","@id":"https:\/\/nazarene.org\/pt-br\/#organization","name":"Church of the Nazarene","url":"https:\/\/nazarene.org\/pt-br\/","logo":{"@type":"ImageObject","inLanguage":"pt-BR","@id":"https:\/\/nazarene.org\/pt-br\/#\/schema\/logo\/image\/","url":"https:\/\/nazarene.org\/wp-content\/uploads\/2024\/06\/Naz_Desktop_Black_Logo-1.svg","contentUrl":"https:\/\/nazarene.org\/wp-content\/uploads\/2024\/06\/Naz_Desktop_Black_Logo-1.svg","width":258,"height":36,"caption":"Church of the Nazarene"},"image":{"@id":"https:\/\/nazarene.org\/pt-br\/#\/schema\/logo\/image\/"},"sameAs":["https:\/\/www.facebook.com\/NazareneOfficial\/","https:\/\/x.com\/Nazarene","https:\/\/www.instagram.com\/nazareneofficial\/"]}]}},"_links":{"self":[{"href":"https:\/\/nazarene.org\/pt-br\/wp-json\/wp\/v2\/pages\/39375","targetHints":{"allow":["GET"]}}],"collection":[{"href":"https:\/\/nazarene.org\/pt-br\/wp-json\/wp\/v2\/pages"}],"about":[{"href":"https:\/\/nazarene.org\/pt-br\/wp-json\/wp\/v2\/types\/page"}],"author":[{"embeddable":true,"href":"https:\/\/nazarene.org\/pt-br\/wp-json\/wp\/v2\/users\/6"}],"replies":[{"embeddable":true,"href":"https:\/\/nazarene.org\/pt-br\/wp-json\/wp\/v2\/comments?post=39375"}],"version-history":[{"count":1,"href":"https:\/\/nazarene.org\/pt-br\/wp-json\/wp\/v2\/pages\/39375\/revisions"}],"predecessor-version":[{"id":61179,"href":"https:\/\/nazarene.org\/pt-br\/wp-json\/wp\/v2\/pages\/39375\/revisions\/61179"}],"up":[{"embeddable":true,"href":"https:\/\/nazarene.org\/pt-br\/wp-json\/wp\/v2\/pages\/44762"}],"wp:attachment":[{"href":"https:\/\/nazarene.org\/pt-br\/wp-json\/wp\/v2\/media?parent=39375"}],"curies":[{"name":"wp","href":"https:\/\/api.w.org\/{rel}","templated":true}]}}