{"id":38801,"date":"2025-01-29T11:13:37","date_gmt":"2025-01-29T17:13:37","guid":{"rendered":"https:\/\/nazarene.org\/nazareno-aprovou-projetos-de-missoes\/"},"modified":"2025-06-10T00:43:15","modified_gmt":"2025-06-10T05:43:15","slug":"nazareno-aprovou-projetos-de-missoes","status":"publish","type":"page","link":"https:\/\/nazarene.org\/pt-br\/desenvolvimento-de-administracao\/nazareno-aprovou-projetos-de-missoes\/","title":{"rendered":"Nazareno aprovou projetos de miss\u00f5es"},"content":{"rendered":"\t\t<div data-elementor-type=\"wp-page\" data-elementor-id=\"38801\" class=\"elementor elementor-38801 elementor-7163\" data-elementor-post-type=\"page\">\n\t\t\t\t<div class=\"elementor-element elementor-element-3afea2b e-flex e-con-boxed e-con e-parent\" data-id=\"3afea2b\" data-element_type=\"container\" data-e-type=\"container\" data-settings=\"{&quot;background_background&quot;:&quot;classic&quot;,&quot;jet_parallax_layout_list&quot;:[]}\">\n\t\t\t\t\t<div class=\"e-con-inner\">\n\t\t\t\t<div class=\"elementor-element elementor-element-d4ac1ba elementor-widget elementor-widget-heading\" data-id=\"d4ac1ba\" data-element_type=\"widget\" data-e-type=\"widget\" data-widget_type=\"heading.default\">\n\t\t\t\t<div class=\"elementor-widget-container\">\n\t\t\t\t\t<h1 class=\"elementor-heading-title elementor-size-default\">Nazareno aprovou projetos de miss\u00f5es<\/h1>\t\t\t\t<\/div>\n\t\t\t\t<\/div>\n\t\t\t\t\t<\/div>\n\t\t\t\t<\/div>\n\t\t<div class=\"elementor-element elementor-element-fe9b9eb e-flex e-con-boxed e-con e-parent\" data-id=\"fe9b9eb\" data-element_type=\"container\" data-e-type=\"container\" data-settings=\"{&quot;jet_parallax_layout_list&quot;:[],&quot;background_background&quot;:&quot;classic&quot;}\">\n\t\t\t\t\t<div class=\"e-con-inner\">\n\t\t<div class=\"elementor-element elementor-element-c7b06dd e-con-full e-flex e-con e-child\" data-id=\"c7b06dd\" data-element_type=\"container\" data-e-type=\"container\" data-settings=\"{&quot;background_background&quot;:&quot;classic&quot;,&quot;jet_parallax_layout_list&quot;:[]}\">\n\t\t\t\t<div class=\"elementor-element elementor-element-b0d8025 elementor-widget elementor-widget-heading\" data-id=\"b0d8025\" data-element_type=\"widget\" data-e-type=\"widget\" data-widget_type=\"heading.default\">\n\t\t\t\t<div class=\"elementor-widget-container\">\n\t\t\t\t\t<h2 class=\"elementor-heading-title elementor-size-default\">Projetos de Miss\u00f5es Nazarenos Aprovados (antigos 10% Miss\u00f5es Especiais)<\/h2>\t\t\t\t<\/div>\n\t\t\t\t<\/div>\n\t\t\t\t<div class=\"elementor-element elementor-element-5bd070c elementor-widget elementor-widget-text-editor\" data-id=\"5bd070c\" data-element_type=\"widget\" data-e-type=\"widget\" data-widget_type=\"text-editor.default\">\n\t\t\t\t<div class=\"elementor-widget-container\">\n\t\t\t\t\t\t\t\t\t<p>Todos os anos, os nazarenos doam aproximadamente US$ 26 milh\u00f5es, al\u00e9m das doa\u00e7\u00f5es para a Evangeliza\u00e7\u00e3o Mundial, a fim de fazer disc\u00edpulos semelhantes a Cristo nas na\u00e7\u00f5es. Para ver o relat\u00f3rio anual mais recente da Igreja do Nazareno, <a href=\"https:\/\/nazarene.org\/financial-accountability\/\">clique aqui<\/a>.<\/p><p>Projetos de Miss\u00f5es Nazarenas Aprovados s\u00e3o aprovados estrategicamente em cada uma das seis regi\u00f5es globais da Igreja do Nazareno e ajudam a financiar projetos que v\u00e3o al\u00e9m da infraestrutura e tecnologia fornecidas atrav\u00e9s das doa\u00e7\u00f5es de Evangelismo Mundial de cada igreja nazarena local.<\/p><p>Uma lista abrangente de Projetos de Miss\u00f5es Nazarenas Aprovados est\u00e1 dispon\u00edvel em nazarene.org\/give. Esses projetos est\u00e3o listados por categoria: Alabastro, regi\u00e3o, nossos mission\u00e1rios, Filme JESUS, Juventude Nazarena, Transmiss\u00e3o Mission\u00e1ria Mundial, Minist\u00e9rios Compassivos Nazarenos e iniciativas educacionais. Se voc\u00ea n\u00e3o encontrar o projeto aprovado ao qual deseja doar, entre em contato com <a href=\"mailto:stewardship@nazarene.org\">stewardship@nazarene.org<\/a> ou ligue para 1-800-544-8413 para obter assist\u00eancia.<\/p><p>Todas as doa\u00e7\u00f5es para Projetos de Miss\u00f5es Aprovados Nazarenos contam para o reconhecimento da sua igreja local e para as metas de doa\u00e7\u00e3o do Financiamento da Miss\u00e3o.<\/p>\t\t\t\t\t\t\t\t<\/div>\n\t\t\t\t<\/div>\n\t\t\t\t<\/div>\n\t\t\t\t\t<\/div>\n\t\t\t\t<\/div>\n\t\t<div class=\"elementor-element elementor-element-cac5911 e-flex e-con-boxed e-con e-parent\" data-id=\"cac5911\" data-element_type=\"container\" data-e-type=\"container\" data-settings=\"{&quot;jet_parallax_layout_list&quot;:[],&quot;background_background&quot;:&quot;classic&quot;}\">\n\t\t\t\t\t<div class=\"e-con-inner\">\n\t\t<div class=\"elementor-element elementor-element-5ceccb6 e-con-full e-flex e-con e-child\" data-id=\"5ceccb6\" data-element_type=\"container\" data-e-type=\"container\" data-settings=\"{&quot;background_background&quot;:&quot;classic&quot;,&quot;jet_parallax_layout_list&quot;:[]}\">\n\t\t\t\t<div class=\"elementor-element elementor-element-3577c54 elementor-widget elementor-widget-heading\" data-id=\"3577c54\" data-element_type=\"widget\" data-e-type=\"widget\" data-widget_type=\"heading.default\">\n\t\t\t\t<div class=\"elementor-widget-container\">\n\t\t\t\t\t<h2 class=\"elementor-heading-title elementor-size-default\">Como fa\u00e7o para doar para um projeto de miss\u00f5es aprovado pelo Nazareno? <\/h2>\t\t\t\t<\/div>\n\t\t\t\t<\/div>\n\t\t\t\t<div class=\"elementor-element elementor-element-0fe592c elementor-widget elementor-widget-text-editor\" data-id=\"0fe592c\" data-element_type=\"widget\" data-e-type=\"widget\" data-widget_type=\"text-editor.default\">\n\t\t\t\t<div class=\"elementor-widget-container\">\n\t\t\t\t\t\t\t\t\t<h6>Doe eletronicamente ou por cheque para projetos fora dos EUA<\/h6><p>A maneira mais econ\u00f4mica de doar \u00e9 on-line atrav\u00e9s do <a href=\"https:\/\/give.nazarene.org\/donate\/world-evangelism-fund\" target=\"_blank\" rel=\"noopener\">nazarene.org\/give<\/a> para doa\u00e7\u00f5es individuais e FundingtheMission.org para doa\u00e7\u00f5es \u00e0 igreja. Presentes tamb\u00e9m podem ser dados por cheque usando um formul\u00e1rio de remessa individual ou da igreja.<\/p><h6>Doar para um projeto aprovado nos EUA<\/h6><p>Todas as doa\u00e7\u00f5es para Projetos de Miss\u00f5es Nazarenas Aprovados pelos EUA s\u00e3o enviadas diretamente para o projeto dos EUA. Para receber reconhecimento por essas doa\u00e7\u00f5es, uma igreja \u00e9 convidada a preencher o formul\u00e1rio de doa\u00e7\u00e3o ponto a ponto no FundingtheMission.org.<br>Projetos aprovados nos EUA atendem a um dos seguintes:<\/p><ul><li>O minist\u00e9rio \u00e9 um centro de minist\u00e9rio compassivo nazareno aprovado na regi\u00e3o EUA\/Canad\u00e1.<\/li><li>O minist\u00e9rio \u00e9 um novo desenvolvimento de igreja aprovado na regi\u00e3o EUA\/Canad\u00e1 em seu primeiro ano de organiza\u00e7\u00e3o.<\/li><li>O minist\u00e9rio \u00e9 um Projeto de Miss\u00f5es Nazarenas aprovado pela regi\u00e3o EUA\/Canad\u00e1.<\/li><\/ul><h6><br>3. Funda\u00e7\u00e3o Igreja do Nazareno<\/h6><p>Indiv\u00edduos e algumas igrejas optam por fazer doa\u00e7\u00f5es n\u00e3o monet\u00e1rias, como a\u00e7\u00f5es, ativos apreciados ou doa\u00e7\u00f5es de propriedades planejadas, para Projetos de Miss\u00f5es Nazarenas Aprovadas por meio da Funda\u00e7\u00e3o Nazarena. A Funda\u00e7\u00e3o ajuda a transformar qualquer ativo comercializ\u00e1vel de valor em dinheiro para doar ao projeto de sua escolha.<\/p>\t\t\t\t\t\t\t\t<\/div>\n\t\t\t\t<\/div>\n\t\t\t\t<\/div>\n\t\t\t\t\t<\/div>\n\t\t\t\t<\/div>\n\t\t<div class=\"elementor-element elementor-element-811431c e-flex e-con-boxed e-con e-parent\" data-id=\"811431c\" data-element_type=\"container\" data-e-type=\"container\" data-settings=\"{&quot;jet_parallax_layout_list&quot;:[],&quot;background_background&quot;:&quot;classic&quot;}\">\n\t\t\t\t\t<div class=\"e-con-inner\">\n\t\t<div class=\"elementor-element elementor-element-3b7b51a e-con-full e-flex e-con e-child\" data-id=\"3b7b51a\" data-element_type=\"container\" data-e-type=\"container\" data-settings=\"{&quot;background_background&quot;:&quot;classic&quot;,&quot;jet_parallax_layout_list&quot;:[]}\">\n\t\t\t\t<div class=\"elementor-element elementor-element-129e075 elementor-widget elementor-widget-heading\" data-id=\"129e075\" data-element_type=\"widget\" data-e-type=\"widget\" data-widget_type=\"heading.default\">\n\t\t\t\t<div class=\"elementor-widget-container\">\n\t\t\t\t\t<h2 class=\"elementor-heading-title elementor-size-default\">Reconhecimento da Igreja por doa\u00e7\u00f5es generosas <\/h2>\t\t\t\t<\/div>\n\t\t\t\t<\/div>\n\t\t\t\t<div class=\"elementor-element elementor-element-09cd184 elementor-widget elementor-widget-text-editor\" data-id=\"09cd184\" data-element_type=\"widget\" data-e-type=\"widget\" data-widget_type=\"text-editor.default\">\n\t\t\t\t<div class=\"elementor-widget-container\">\n\t\t\t\t\t\t\t\t\t<p>As generosas doa\u00e7\u00f5es de nazarenos e igrejas permitem que a Igreja do Nazareno flores\u00e7a. Existem v\u00e1rias igrejas que s\u00e3o reconhecidas por suas doa\u00e7\u00f5es. <a href=\"\/stewardship-recognition\/\">Leia mais<\/a>.<\/p><p><strong>Igreja Evangel\u00edstica Mundial<\/strong><\/p><p>Congrega\u00e7\u00f5es que doam pelo menos 5,5% de sua renda total para o Evangelismo Mundial e cumprem todas as outras metas distritais, educacionais e de Pens\u00f5es e Benef\u00edcios (EUA).<\/p><p><strong>Igreja Mundial de Excel\u00eancia em Evangelismo (NMI) <\/strong><\/p><p>Congrega\u00e7\u00f5es que doam pelo menos 5,7% de sua renda total (ou excedem a meta de 5,5% em US$ 1.500) para o Evangelismo Mundial.<\/p><p><strong>Miss\u00e3o 10 (15, 20, 25, 30 e +) Igreja<\/strong><\/p><p>Congrega\u00e7\u00f5es que doam pelo menos 5,5% de sua renda total para a Evangeliza\u00e7\u00e3o Mundial e cumprem todas as outras metas distritais, educacionais e de Pens\u00f5es e Benef\u00edcios (EUA) e generosamente aumentam suas doa\u00e7\u00f5es para Projetos de Miss\u00f5es Nazarenas Aprovados (Evangelismo Mundial e Projetos Aprovados) para 10 (15, 20, 25, 30)% de sua renda total.<\/p>\t\t\t\t\t\t\t\t<\/div>\n\t\t\t\t<\/div>\n\t\t\t\t<\/div>\n\t\t\t\t\t<\/div>\n\t\t\t\t<\/div>\n\t\t<div class=\"elementor-element elementor-element-614b5b8 e-flex e-con-boxed e-con e-parent\" data-id=\"614b5b8\" data-element_type=\"container\" data-e-type=\"container\" data-settings=\"{&quot;jet_parallax_layout_list&quot;:[],&quot;background_background&quot;:&quot;classic&quot;}\">\n\t\t\t\t\t<div class=\"e-con-inner\">\n\t\t<div class=\"elementor-element elementor-element-9cbcb2a e-con-full e-flex e-con e-child\" data-id=\"9cbcb2a\" data-element_type=\"container\" data-e-type=\"container\" data-settings=\"{&quot;background_background&quot;:&quot;classic&quot;,&quot;jet_parallax_layout_list&quot;:[]}\">\n\t\t\t\t<div class=\"elementor-element elementor-element-a3a9e2b elementor-widget elementor-widget-heading\" data-id=\"a3a9e2b\" data-element_type=\"widget\" data-e-type=\"widget\" data-widget_type=\"heading.default\">\n\t\t\t\t<div class=\"elementor-widget-container\">\n\t\t\t\t\t<h2 class=\"elementor-heading-title elementor-size-default\">Hist\u00f3ria da Doa\u00e7\u00e3o Mission\u00e1ria na Igreja do Nazareno<\/h2>\t\t\t\t<\/div>\n\t\t\t\t<\/div>\n\t\t\t\t<div class=\"elementor-element elementor-element-b002191 elementor-widget elementor-widget-text-editor\" data-id=\"b002191\" data-element_type=\"widget\" data-e-type=\"widget\" data-widget_type=\"text-editor.default\">\n\t\t\t\t<div class=\"elementor-widget-container\">\n\t\t\t\t\t\t\t\t\t<p>Em 1905, Leslie F. Gay, vice-presidente do Conselho Mission\u00e1rio Geral da Primeira Igreja do Nazareno de Los Angeles, defendeu uma resolu\u00e7\u00e3o incentivando as igrejas a doarem 10% de sua renda total para o trabalho mission\u00e1rio. Em 1949, a presidente de Miss\u00f5es Nazarenas Internacionais, Louise Robinson Chapman, em um discurso apaixonado, desafiou as igrejas nazarenas a mostrar sua devo\u00e7\u00e3o \u00e0 miss\u00e3o cumprindo essa meta de doa\u00e7\u00e3o de dez por cento. <br><br>Hoje, muitos indiv\u00edduos e igrejas ainda continuam a honrar tradi\u00e7\u00f5es passadas e se desafiam a responder ao chamado e dar al\u00e9m de seu d\u00edzimo e doar para Projetos de Miss\u00f5es Nazarenas Aprovadas que Deus coloca em seus cora\u00e7\u00f5es. Esses projetos eram historicamente chamados de Especiais de Miss\u00e3o Dez por Cento (agora Projetos de Miss\u00f5es Aprovadas Nazarenas).<\/p>\t\t\t\t\t\t\t\t<\/div>\n\t\t\t\t<\/div>\n\t\t\t\t<\/div>\n\t\t\t\t\t<\/div>\n\t\t\t\t<\/div>\n\t\t<div class=\"elementor-element elementor-element-76cc461 e-flex e-con-boxed e-con e-parent\" data-id=\"76cc461\" data-element_type=\"container\" data-e-type=\"container\" data-settings=\"{&quot;jet_parallax_layout_list&quot;:[],&quot;background_background&quot;:&quot;classic&quot;}\">\n\t\t\t\t\t<div class=\"e-con-inner\">\n\t\t<div class=\"elementor-element elementor-element-1f0c8a8 e-con-full e-flex e-con e-child\" data-id=\"1f0c8a8\" data-element_type=\"container\" data-e-type=\"container\" data-settings=\"{&quot;background_background&quot;:&quot;classic&quot;,&quot;jet_parallax_layout_list&quot;:[]}\">\n\t\t\t\t<div class=\"elementor-element elementor-element-e85cf50 elementor-widget__width-initial elementor-widget elementor-widget-heading\" data-id=\"e85cf50\" data-element_type=\"widget\" data-e-type=\"widget\" data-widget_type=\"heading.default\">\n\t\t\t\t<div class=\"elementor-widget-container\">\n\t\t\t\t\t<h3 class=\"elementor-heading-title elementor-size-default\"><a href=\"mailto:stewardship@nazarene.org\">stewardship@nazarene.org<\/a><br>\nLiga\u00e7\u00e3o gratuita: 1-800-544-8413<br>\nFax: 913-577-0875<br><\/h3>\t\t\t\t<\/div>\n\t\t\t\t<\/div>\n\t\t\t\t<\/div>\n\t\t\t\t\t<\/div>\n\t\t\t\t<\/div>\n\t\t\t\t<\/div>\n\t\t","protected":false},"excerpt":{"rendered":"<p>Nazareno aprovou projetos de miss\u00f5es Projetos de Miss\u00f5es Nazarenos Aprovados (antigos 10% Miss\u00f5es Especiais) Todos os anos, os nazarenos doam aproximadamente US$ 26 milh\u00f5es, al\u00e9m das doa\u00e7\u00f5es para a Evangeliza\u00e7\u00e3o Mundial, a fim de fazer disc\u00edpulos semelhantes a Cristo nas na\u00e7\u00f5es. Para ver o relat\u00f3rio anual mais recente da Igreja do Nazareno, clique aqui. Projetos [&hellip;]<\/p>\n","protected":false},"author":6,"featured_media":0,"parent":40291,"menu_order":0,"comment_status":"closed","ping_status":"closed","template":"","meta":{"content-type":"","_jet_sm_ready_style":"","_jet_sm_style":"","_jet_sm_controls_values":"","_jet_sm_fonts_collection":"","_jet_sm_fonts_links":"","footnotes":""},"class_list":["post-38801","page","type-page","status-publish","hentry"],"yoast_head":"<!-- This site is optimized with the Yoast SEO Premium plugin v27.1 (Yoast SEO v27.1.1) - https:\/\/yoast.com\/product\/yoast-seo-premium-wordpress\/ -->\n<title>Nazareno aprovou projetos de miss\u00f5es - Church of the Nazarene<\/title>\n<meta name=\"robots\" content=\"index, follow, max-snippet:-1, max-image-preview:large, max-video-preview:-1\" \/>\n<link rel=\"canonical\" href=\"https:\/\/nazarene.org\/pt-br\/desenvolvimento-de-administracao\/nazareno-aprovou-projetos-de-missoes\/\" \/>\n<meta property=\"og:locale\" content=\"pt_BR\" \/>\n<meta property=\"og:type\" content=\"article\" \/>\n<meta property=\"og:title\" content=\"Nazareno aprovou projetos de miss\u00f5es\" \/>\n<meta property=\"og:description\" content=\"Nazareno aprovou projetos de miss\u00f5es Projetos de Miss\u00f5es Nazarenos Aprovados (antigos 10% Miss\u00f5es Especiais) Todos os anos, os nazarenos doam aproximadamente US$ 26 milh\u00f5es, al\u00e9m das doa\u00e7\u00f5es para a Evangeliza\u00e7\u00e3o Mundial, a fim de fazer disc\u00edpulos semelhantes a Cristo nas na\u00e7\u00f5es. Para ver o relat\u00f3rio anual mais recente da Igreja do Nazareno, clique aqui. Projetos [&hellip;]\" \/>\n<meta property=\"og:url\" content=\"https:\/\/nazarene.org\/pt-br\/desenvolvimento-de-administracao\/nazareno-aprovou-projetos-de-missoes\/\" \/>\n<meta property=\"og:site_name\" content=\"Church of the Nazarene\" \/>\n<meta property=\"article:publisher\" content=\"https:\/\/www.facebook.com\/NazareneOfficial\/\" \/>\n<meta property=\"article:modified_time\" content=\"2025-06-10T05:43:15+00:00\" \/>\n<meta name=\"twitter:card\" content=\"summary_large_image\" \/>\n<meta name=\"twitter:site\" content=\"@Nazarene\" \/>\n<script type=\"application\/ld+json\" class=\"yoast-schema-graph\">{\"@context\":\"https:\/\/schema.org\",\"@graph\":[{\"@type\":\"WebPage\",\"@id\":\"https:\/\/nazarene.org\/pt-br\/desenvolvimento-de-administracao\/nazareno-aprovou-projetos-de-missoes\/\",\"url\":\"https:\/\/nazarene.org\/pt-br\/desenvolvimento-de-administracao\/nazareno-aprovou-projetos-de-missoes\/\",\"name\":\"Nazareno aprovou projetos de miss\u00f5es - Church of the Nazarene\",\"isPartOf\":{\"@id\":\"https:\/\/nazarene.org\/pt-br\/#website\"},\"datePublished\":\"2025-01-29T17:13:37+00:00\",\"dateModified\":\"2025-06-10T05:43:15+00:00\",\"breadcrumb\":{\"@id\":\"https:\/\/nazarene.org\/pt-br\/desenvolvimento-de-administracao\/nazareno-aprovou-projetos-de-missoes\/#breadcrumb\"},\"inLanguage\":\"pt-BR\",\"potentialAction\":[{\"@type\":\"ReadAction\",\"target\":[\"https:\/\/nazarene.org\/pt-br\/desenvolvimento-de-administracao\/nazareno-aprovou-projetos-de-missoes\/\"]}]},{\"@type\":\"BreadcrumbList\",\"@id\":\"https:\/\/nazarene.org\/pt-br\/desenvolvimento-de-administracao\/nazareno-aprovou-projetos-de-missoes\/#breadcrumb\",\"itemListElement\":[{\"@type\":\"ListItem\",\"position\":1,\"name\":\"Home\",\"item\":\"https:\/\/nazarene.org\/pt-br\/casa\/\"},{\"@type\":\"ListItem\",\"position\":2,\"name\":\"Nazareno aprovou projetos de miss\u00f5es\"}]},{\"@type\":\"WebSite\",\"@id\":\"https:\/\/nazarene.org\/pt-br\/#website\",\"url\":\"https:\/\/nazarene.org\/pt-br\/\",\"name\":\"Church of the Nazarene\",\"description\":\"Making Christlike Disciples in the Nations\",\"publisher\":{\"@id\":\"https:\/\/nazarene.org\/pt-br\/#organization\"},\"potentialAction\":[{\"@type\":\"SearchAction\",\"target\":{\"@type\":\"EntryPoint\",\"urlTemplate\":\"https:\/\/nazarene.org\/pt-br\/?s={search_term_string}\"},\"query-input\":{\"@type\":\"PropertyValueSpecification\",\"valueRequired\":true,\"valueName\":\"search_term_string\"}}],\"inLanguage\":\"pt-BR\"},{\"@type\":\"Organization\",\"@id\":\"https:\/\/nazarene.org\/pt-br\/#organization\",\"name\":\"Church of the Nazarene\",\"url\":\"https:\/\/nazarene.org\/pt-br\/\",\"logo\":{\"@type\":\"ImageObject\",\"inLanguage\":\"pt-BR\",\"@id\":\"https:\/\/nazarene.org\/pt-br\/#\/schema\/logo\/image\/\",\"url\":\"https:\/\/nazarene.org\/wp-content\/uploads\/2024\/06\/Naz_Desktop_Black_Logo-1.svg\",\"contentUrl\":\"https:\/\/nazarene.org\/wp-content\/uploads\/2024\/06\/Naz_Desktop_Black_Logo-1.svg\",\"width\":258,\"height\":36,\"caption\":\"Church of the Nazarene\"},\"image\":{\"@id\":\"https:\/\/nazarene.org\/pt-br\/#\/schema\/logo\/image\/\"},\"sameAs\":[\"https:\/\/www.facebook.com\/NazareneOfficial\/\",\"https:\/\/x.com\/Nazarene\",\"https:\/\/www.instagram.com\/nazareneofficial\/\"]}]}<\/script>\n<!-- \/ Yoast SEO Premium plugin. -->","yoast_head_json":{"title":"Nazareno aprovou projetos de miss\u00f5es - Church of the Nazarene","robots":{"index":"index","follow":"follow","max-snippet":"max-snippet:-1","max-image-preview":"max-image-preview:large","max-video-preview":"max-video-preview:-1"},"canonical":"https:\/\/nazarene.org\/pt-br\/desenvolvimento-de-administracao\/nazareno-aprovou-projetos-de-missoes\/","og_locale":"pt_BR","og_type":"article","og_title":"Nazareno aprovou projetos de miss\u00f5es","og_description":"Nazareno aprovou projetos de miss\u00f5es Projetos de Miss\u00f5es Nazarenos Aprovados (antigos 10% Miss\u00f5es Especiais) Todos os anos, os nazarenos doam aproximadamente US$ 26 milh\u00f5es, al\u00e9m das doa\u00e7\u00f5es para a Evangeliza\u00e7\u00e3o Mundial, a fim de fazer disc\u00edpulos semelhantes a Cristo nas na\u00e7\u00f5es. Para ver o relat\u00f3rio anual mais recente da Igreja do Nazareno, clique aqui. Projetos [&hellip;]","og_url":"https:\/\/nazarene.org\/pt-br\/desenvolvimento-de-administracao\/nazareno-aprovou-projetos-de-missoes\/","og_site_name":"Church of the Nazarene","article_publisher":"https:\/\/www.facebook.com\/NazareneOfficial\/","article_modified_time":"2025-06-10T05:43:15+00:00","twitter_card":"summary_large_image","twitter_site":"@Nazarene","schema":{"@context":"https:\/\/schema.org","@graph":[{"@type":"WebPage","@id":"https:\/\/nazarene.org\/pt-br\/desenvolvimento-de-administracao\/nazareno-aprovou-projetos-de-missoes\/","url":"https:\/\/nazarene.org\/pt-br\/desenvolvimento-de-administracao\/nazareno-aprovou-projetos-de-missoes\/","name":"Nazareno aprovou projetos de miss\u00f5es - Church of the Nazarene","isPartOf":{"@id":"https:\/\/nazarene.org\/pt-br\/#website"},"datePublished":"2025-01-29T17:13:37+00:00","dateModified":"2025-06-10T05:43:15+00:00","breadcrumb":{"@id":"https:\/\/nazarene.org\/pt-br\/desenvolvimento-de-administracao\/nazareno-aprovou-projetos-de-missoes\/#breadcrumb"},"inLanguage":"pt-BR","potentialAction":[{"@type":"ReadAction","target":["https:\/\/nazarene.org\/pt-br\/desenvolvimento-de-administracao\/nazareno-aprovou-projetos-de-missoes\/"]}]},{"@type":"BreadcrumbList","@id":"https:\/\/nazarene.org\/pt-br\/desenvolvimento-de-administracao\/nazareno-aprovou-projetos-de-missoes\/#breadcrumb","itemListElement":[{"@type":"ListItem","position":1,"name":"Home","item":"https:\/\/nazarene.org\/pt-br\/casa\/"},{"@type":"ListItem","position":2,"name":"Nazareno aprovou projetos de miss\u00f5es"}]},{"@type":"WebSite","@id":"https:\/\/nazarene.org\/pt-br\/#website","url":"https:\/\/nazarene.org\/pt-br\/","name":"Church of the Nazarene","description":"Making Christlike Disciples in the Nations","publisher":{"@id":"https:\/\/nazarene.org\/pt-br\/#organization"},"potentialAction":[{"@type":"SearchAction","target":{"@type":"EntryPoint","urlTemplate":"https:\/\/nazarene.org\/pt-br\/?s={search_term_string}"},"query-input":{"@type":"PropertyValueSpecification","valueRequired":true,"valueName":"search_term_string"}}],"inLanguage":"pt-BR"},{"@type":"Organization","@id":"https:\/\/nazarene.org\/pt-br\/#organization","name":"Church of the Nazarene","url":"https:\/\/nazarene.org\/pt-br\/","logo":{"@type":"ImageObject","inLanguage":"pt-BR","@id":"https:\/\/nazarene.org\/pt-br\/#\/schema\/logo\/image\/","url":"https:\/\/nazarene.org\/wp-content\/uploads\/2024\/06\/Naz_Desktop_Black_Logo-1.svg","contentUrl":"https:\/\/nazarene.org\/wp-content\/uploads\/2024\/06\/Naz_Desktop_Black_Logo-1.svg","width":258,"height":36,"caption":"Church of the Nazarene"},"image":{"@id":"https:\/\/nazarene.org\/pt-br\/#\/schema\/logo\/image\/"},"sameAs":["https:\/\/www.facebook.com\/NazareneOfficial\/","https:\/\/x.com\/Nazarene","https:\/\/www.instagram.com\/nazareneofficial\/"]}]}},"_links":{"self":[{"href":"https:\/\/nazarene.org\/pt-br\/wp-json\/wp\/v2\/pages\/38801","targetHints":{"allow":["GET"]}}],"collection":[{"href":"https:\/\/nazarene.org\/pt-br\/wp-json\/wp\/v2\/pages"}],"about":[{"href":"https:\/\/nazarene.org\/pt-br\/wp-json\/wp\/v2\/types\/page"}],"author":[{"embeddable":true,"href":"https:\/\/nazarene.org\/pt-br\/wp-json\/wp\/v2\/users\/6"}],"replies":[{"embeddable":true,"href":"https:\/\/nazarene.org\/pt-br\/wp-json\/wp\/v2\/comments?post=38801"}],"version-history":[{"count":0,"href":"https:\/\/nazarene.org\/pt-br\/wp-json\/wp\/v2\/pages\/38801\/revisions"}],"up":[{"embeddable":true,"href":"https:\/\/nazarene.org\/pt-br\/wp-json\/wp\/v2\/pages\/40291"}],"wp:attachment":[{"href":"https:\/\/nazarene.org\/pt-br\/wp-json\/wp\/v2\/media?parent=38801"}],"curies":[{"name":"wp","href":"https:\/\/api.w.org\/{rel}","templated":true}]}}