{"id":38390,"date":"2025-03-21T14:22:26","date_gmt":"2025-03-21T19:22:26","guid":{"rendered":"https:\/\/nazarene.org\/ministerio-do-discipulado-feminino\/"},"modified":"2026-03-27T13:49:00","modified_gmt":"2026-03-27T18:49:00","slug":"ministerio-do-discipulado-feminino","status":"publish","type":"page","link":"https:\/\/nazarene.org\/pt-br\/ndi\/ministerio-do-discipulado-feminino\/","title":{"rendered":"Minist\u00e9rio do Discipulado Feminino"},"content":{"rendered":"\t\t<div data-elementor-type=\"wp-page\" data-elementor-id=\"38390\" class=\"elementor elementor-38390 elementor-22278\" data-elementor-post-type=\"page\">\n\t\t\t\t<div class=\"elementor-element elementor-element-9d80112 e-con-full e-flex e-con e-parent\" data-id=\"9d80112\" data-element_type=\"container\" data-e-type=\"container\" data-settings=\"{&quot;jet_parallax_layout_list&quot;:[],&quot;sticky&quot;:&quot;top&quot;,&quot;sticky_on&quot;:[&quot;widescreen&quot;,&quot;desktop&quot;,&quot;tablet&quot;,&quot;mobile&quot;],&quot;sticky_offset&quot;:0,&quot;sticky_effects_offset&quot;:0,&quot;sticky_anchor_link_offset&quot;:0}\">\n\t\t\t\t<div class=\"elementor-element elementor-element-0d3f8aa elementor-widget elementor-widget-template\" data-id=\"0d3f8aa\" data-element_type=\"widget\" data-e-type=\"widget\" data-widget_type=\"template.default\">\n\t\t\t\t<div class=\"elementor-widget-container\">\n\t\t\t\t\t\t\t<div class=\"elementor-template\">\n\t\t\t\t\t<div data-elementor-type=\"container\" data-elementor-id=\"61286\" class=\"elementor elementor-61286\" data-elementor-post-type=\"elementor_library\">\n\t\t\t\t<div class=\"elementor-element elementor-element-427b09b5 elementor-hidden-tablet elementor-hidden-mobile e-con-full e-flex e-con e-parent\" data-id=\"427b09b5\" data-element_type=\"container\" data-e-type=\"container\" data-settings=\"{&quot;background_background&quot;:&quot;classic&quot;,&quot;jet_parallax_layout_list&quot;:[],&quot;sticky&quot;:&quot;top&quot;,&quot;sticky_offset&quot;:125,&quot;sticky_offset_mobile&quot;:107,&quot;sticky_on&quot;:[&quot;widescreen&quot;,&quot;desktop&quot;,&quot;tablet&quot;,&quot;mobile&quot;],&quot;sticky_effects_offset&quot;:0,&quot;sticky_anchor_link_offset&quot;:0}\">\n\t\t\t\t<div class=\"elementor-element elementor-element-03015b9 elementor-nav-menu__align-center elementor-nav-menu--dropdown-tablet elementor-nav-menu__text-align-aside elementor-nav-menu--toggle elementor-nav-menu--burger elementor-widget elementor-widget-nav-menu\" data-id=\"03015b9\" data-element_type=\"widget\" data-e-type=\"widget\" data-settings=\"{&quot;layout&quot;:&quot;horizontal&quot;,&quot;submenu_icon&quot;:{&quot;value&quot;:&quot;&lt;svg aria-hidden=\\&quot;true\\&quot; class=\\&quot;e-font-icon-svg e-fas-caret-down\\&quot; viewBox=\\&quot;0 0 320 512\\&quot; xmlns=\\&quot;http:\\\/\\\/www.w3.org\\\/2000\\\/svg\\&quot;&gt;&lt;path d=\\&quot;M31.3 192h257.3c17.8 0 26.7 21.5 14.1 34.1L174.1 354.8c-7.8 7.8-20.5 7.8-28.3 0L17.2 226.1C4.6 213.5 13.5 192 31.3 192z\\&quot;&gt;&lt;\\\/path&gt;&lt;\\\/svg&gt;&quot;,&quot;library&quot;:&quot;fa-solid&quot;},&quot;toggle&quot;:&quot;burger&quot;}\" data-widget_type=\"nav-menu.default\">\n\t\t\t\t<div class=\"elementor-widget-container\">\n\t\t\t\t\t\t\t\t<nav aria-label=\"Menu\" class=\"elementor-nav-menu--main elementor-nav-menu__container elementor-nav-menu--layout-horizontal e--pointer-background e--animation-fade\">\n\t\t\t\t<ul id=\"menu-1-03015b9\" class=\"elementor-nav-menu\"><li class=\"menu-item menu-item-type-post_type menu-item-object-page menu-item-67414\"><a href=\"https:\/\/nazarene.org\/ndi\/\" class=\"elementor-item\">DNI<\/a><\/li>\n<li class=\"menu-item menu-item-type-custom menu-item-object-custom menu-item-has-children menu-item-67423\"><a href=\"#\" class=\"elementor-item elementor-item-anchor\">Journey of Grace<\/a>\n<ul class=\"sub-menu elementor-nav-menu--dropdown\">\n\t<li class=\"menu-item menu-item-type-post_type menu-item-object-page menu-item-67415\"><a href=\"https:\/\/nazarene.org\/a-journey-of-grace\/\" class=\"elementor-sub-item\">Jornada da Gra\u00e7a<\/a><\/li>\n\t<li class=\"menu-item menu-item-type-custom menu-item-object-custom menu-item-67420\"><a href=\"https:\/\/nazarene.org\/resource-collection\/?jsf=jet-engine:resources-center&#038;_s=Journey%20of%20Grace%20Testimonials\" class=\"elementor-sub-item\">Testimonies<\/a><\/li>\n\t<li class=\"menu-item menu-item-type-custom menu-item-object-custom menu-item-67421\"><a href=\"https:\/\/www.journeyofgrace.games\/\" class=\"elementor-sub-item\">Video Game<\/a><\/li>\n\t<li class=\"menu-item menu-item-type-post_type menu-item-object-page menu-item-67422\"><a href=\"https:\/\/nazarene.org\/ndi\/being-a-disciple\/\" class=\"elementor-sub-item\">Ser um disc\u00edpulo<\/a><\/li>\n<\/ul>\n<\/li>\n<li class=\"menu-item menu-item-type-post_type menu-item-object-page menu-item-67424\"><a href=\"https:\/\/nazarene.org\/ndi\/discipleship-values\/\" class=\"elementor-item\">Valores do Discipulado<\/a><\/li>\n<li class=\"menu-item menu-item-type-custom menu-item-object-custom menu-item-has-children menu-item-67436\"><a href=\"#\" class=\"elementor-item elementor-item-anchor\">Ministries<\/a>\n<ul class=\"sub-menu elementor-nav-menu--dropdown\">\n\t<li class=\"menu-item menu-item-type-post_type menu-item-object-page menu-item-67425\"><a href=\"https:\/\/nazarene.org\/ndi\/nazarene-disability-ministry\/\" class=\"elementor-sub-item\">Minist\u00e9rio Nazareno para pessoas com defici\u00eancia<\/a><\/li>\n\t<li class=\"menu-item menu-item-type-post_type menu-item-object-page menu-item-67426\"><a href=\"https:\/\/nazarene.org\/ndi\/womens-discipleship-ministry\/\" class=\"elementor-sub-item\">Minist\u00e9rio do Discipulado Feminino<\/a><\/li>\n<\/ul>\n<\/li>\n<li class=\"menu-item menu-item-type-custom menu-item-object-custom menu-item-has-children menu-item-67435\"><a href=\"#\" class=\"elementor-item elementor-item-anchor\">Resources<\/a>\n<ul class=\"sub-menu elementor-nav-menu--dropdown\">\n\t<li class=\"menu-item menu-item-type-custom menu-item-object-custom menu-item-67428\"><a href=\"https:\/\/ga2023.nazarene.org\/kids\" class=\"elementor-sub-item\">GA Kids<\/a><\/li>\n\t<li class=\"menu-item menu-item-type-post_type menu-item-object-page menu-item-67432\"><a href=\"https:\/\/nazarene.org\/ndi\/kids-reaching-kids\/\" class=\"elementor-sub-item\">Crian\u00e7as alcan\u00e7ando crian\u00e7as<\/a><\/li>\n\t<li class=\"menu-item menu-item-type-post_type menu-item-object-page menu-item-67433\"><a href=\"https:\/\/nazarene.org\/vbs\/\" class=\"elementor-sub-item\">Escola B\u00edblica de F\u00e9rias<\/a><\/li>\n\t<li class=\"menu-item menu-item-type-post_type menu-item-object-page menu-item-67434\"><a href=\"https:\/\/nazarene.org\/ndi\/workshops\/\" class=\"elementor-sub-item\">Workshops DNI<\/a><\/li>\n<\/ul>\n<\/li>\n<li class=\"menu-item menu-item-type-custom menu-item-object-custom menu-item-67437\"><a href=\"https:\/\/discipleshipplace.org\/\" class=\"elementor-item\">Discipleship Place<\/a><\/li>\n<\/ul>\t\t\t<\/nav>\n\t\t\t\t\t<div class=\"elementor-menu-toggle\" role=\"button\" tabindex=\"0\" aria-label=\"Alternar menu\" aria-expanded=\"false\">\n\t\t\t<svg aria-hidden=\"true\" role=\"presentation\" class=\"elementor-menu-toggle__icon--open e-font-icon-svg e-eicon-menu-bar\" viewBox=\"0 0 1000 1000\" xmlns=\"http:\/\/www.w3.org\/2000\/svg\"><path d=\"M104 333H896C929 333 958 304 958 271S929 208 896 208H104C71 208 42 237 42 271S71 333 104 333ZM104 583H896C929 583 958 554 958 521S929 458 896 458H104C71 458 42 487 42 521S71 583 104 583ZM104 833H896C929 833 958 804 958 771S929 708 896 708H104C71 708 42 737 42 771S71 833 104 833Z\"><\/path><\/svg><svg aria-hidden=\"true\" role=\"presentation\" class=\"elementor-menu-toggle__icon--close e-font-icon-svg e-eicon-close\" viewBox=\"0 0 1000 1000\" xmlns=\"http:\/\/www.w3.org\/2000\/svg\"><path d=\"M742 167L500 408 258 167C246 154 233 150 217 150 196 150 179 158 167 167 154 179 150 196 150 212 150 229 154 242 171 254L408 500 167 742C138 771 138 800 167 829 196 858 225 858 254 829L496 587 738 829C750 842 767 846 783 846 800 846 817 842 829 829 842 817 846 804 846 783 846 767 842 750 829 737L588 500 833 258C863 229 863 200 833 171 804 137 775 137 742 167Z\"><\/path><\/svg>\t\t<\/div>\n\t\t\t\t\t<nav class=\"elementor-nav-menu--dropdown elementor-nav-menu__container\" aria-hidden=\"true\">\n\t\t\t\t<ul id=\"menu-2-03015b9\" class=\"elementor-nav-menu\"><li class=\"menu-item menu-item-type-post_type menu-item-object-page menu-item-67414\"><a href=\"https:\/\/nazarene.org\/ndi\/\" class=\"elementor-item\" tabindex=\"-1\">DNI<\/a><\/li>\n<li class=\"menu-item menu-item-type-custom menu-item-object-custom menu-item-has-children menu-item-67423\"><a href=\"#\" class=\"elementor-item elementor-item-anchor\" tabindex=\"-1\">Journey of Grace<\/a>\n<ul class=\"sub-menu elementor-nav-menu--dropdown\">\n\t<li class=\"menu-item menu-item-type-post_type menu-item-object-page menu-item-67415\"><a href=\"https:\/\/nazarene.org\/a-journey-of-grace\/\" class=\"elementor-sub-item\" tabindex=\"-1\">Jornada da Gra\u00e7a<\/a><\/li>\n\t<li class=\"menu-item menu-item-type-custom menu-item-object-custom menu-item-67420\"><a href=\"https:\/\/nazarene.org\/resource-collection\/?jsf=jet-engine:resources-center&#038;_s=Journey%20of%20Grace%20Testimonials\" class=\"elementor-sub-item\" tabindex=\"-1\">Testimonies<\/a><\/li>\n\t<li class=\"menu-item menu-item-type-custom menu-item-object-custom menu-item-67421\"><a href=\"https:\/\/www.journeyofgrace.games\/\" class=\"elementor-sub-item\" tabindex=\"-1\">Video Game<\/a><\/li>\n\t<li class=\"menu-item menu-item-type-post_type menu-item-object-page menu-item-67422\"><a href=\"https:\/\/nazarene.org\/ndi\/being-a-disciple\/\" class=\"elementor-sub-item\" tabindex=\"-1\">Ser um disc\u00edpulo<\/a><\/li>\n<\/ul>\n<\/li>\n<li class=\"menu-item menu-item-type-post_type menu-item-object-page menu-item-67424\"><a href=\"https:\/\/nazarene.org\/ndi\/discipleship-values\/\" class=\"elementor-item\" tabindex=\"-1\">Valores do Discipulado<\/a><\/li>\n<li class=\"menu-item menu-item-type-custom menu-item-object-custom menu-item-has-children menu-item-67436\"><a href=\"#\" class=\"elementor-item elementor-item-anchor\" tabindex=\"-1\">Ministries<\/a>\n<ul class=\"sub-menu elementor-nav-menu--dropdown\">\n\t<li class=\"menu-item menu-item-type-post_type menu-item-object-page menu-item-67425\"><a href=\"https:\/\/nazarene.org\/ndi\/nazarene-disability-ministry\/\" class=\"elementor-sub-item\" tabindex=\"-1\">Minist\u00e9rio Nazareno para pessoas com defici\u00eancia<\/a><\/li>\n\t<li class=\"menu-item menu-item-type-post_type menu-item-object-page menu-item-67426\"><a href=\"https:\/\/nazarene.org\/ndi\/womens-discipleship-ministry\/\" class=\"elementor-sub-item\" tabindex=\"-1\">Minist\u00e9rio do Discipulado Feminino<\/a><\/li>\n<\/ul>\n<\/li>\n<li class=\"menu-item menu-item-type-custom menu-item-object-custom menu-item-has-children menu-item-67435\"><a href=\"#\" class=\"elementor-item elementor-item-anchor\" tabindex=\"-1\">Resources<\/a>\n<ul class=\"sub-menu elementor-nav-menu--dropdown\">\n\t<li class=\"menu-item menu-item-type-custom menu-item-object-custom menu-item-67428\"><a href=\"https:\/\/ga2023.nazarene.org\/kids\" class=\"elementor-sub-item\" tabindex=\"-1\">GA Kids<\/a><\/li>\n\t<li class=\"menu-item menu-item-type-post_type menu-item-object-page menu-item-67432\"><a href=\"https:\/\/nazarene.org\/ndi\/kids-reaching-kids\/\" class=\"elementor-sub-item\" tabindex=\"-1\">Crian\u00e7as alcan\u00e7ando crian\u00e7as<\/a><\/li>\n\t<li class=\"menu-item menu-item-type-post_type menu-item-object-page menu-item-67433\"><a href=\"https:\/\/nazarene.org\/vbs\/\" class=\"elementor-sub-item\" tabindex=\"-1\">Escola B\u00edblica de F\u00e9rias<\/a><\/li>\n\t<li class=\"menu-item menu-item-type-post_type menu-item-object-page menu-item-67434\"><a href=\"https:\/\/nazarene.org\/ndi\/workshops\/\" class=\"elementor-sub-item\" tabindex=\"-1\">Workshops DNI<\/a><\/li>\n<\/ul>\n<\/li>\n<li class=\"menu-item menu-item-type-custom menu-item-object-custom menu-item-67437\"><a href=\"https:\/\/discipleshipplace.org\/\" class=\"elementor-item\" tabindex=\"-1\">Discipleship Place<\/a><\/li>\n<\/ul>\t\t\t<\/nav>\n\t\t\t\t\t\t<\/div>\n\t\t\t\t<\/div>\n\t\t\t\t<\/div>\n\t\t\t\t<\/div>\n\t\t\t\t<\/div>\n\t\t\t\t\t\t<\/div>\n\t\t\t\t<\/div>\n\t\t\t\t<\/div>\n\t\t<div class=\"elementor-element elementor-element-dc39374 e-flex e-con-boxed e-con e-parent\" data-id=\"dc39374\" data-element_type=\"container\" data-e-type=\"container\" data-settings=\"{&quot;background_background&quot;:&quot;classic&quot;,&quot;jet_parallax_layout_list&quot;:[]}\">\n\t\t\t\t\t<div class=\"e-con-inner\">\n\t\t\t\t<div class=\"elementor-element elementor-element-eed81cd elementor-widget elementor-widget-heading\" data-id=\"eed81cd\" data-element_type=\"widget\" data-e-type=\"widget\" data-widget_type=\"heading.default\">\n\t\t\t\t<div class=\"elementor-widget-container\">\n\t\t\t\t\t<h1 class=\"elementor-heading-title elementor-size-default\">Minist\u00e9rio do Discipulado Feminino<\/h1>\t\t\t\t<\/div>\n\t\t\t\t<\/div>\n\t\t\t\t\t<\/div>\n\t\t\t\t<\/div>\n\t\t<div class=\"elementor-element elementor-element-19a1500 e-flex e-con-boxed e-con e-parent\" data-id=\"19a1500\" data-element_type=\"container\" data-e-type=\"container\" data-settings=\"{&quot;background_background&quot;:&quot;classic&quot;,&quot;jet_parallax_layout_list&quot;:[]}\">\n\t\t\t\t\t<div class=\"e-con-inner\">\n\t\t<div class=\"elementor-element elementor-element-0e3a1d9 e-con-full e-flex e-con e-child\" data-id=\"0e3a1d9\" data-element_type=\"container\" data-e-type=\"container\" data-settings=\"{&quot;jet_parallax_layout_list&quot;:[]}\">\n\t\t\t\t<div class=\"elementor-element elementor-element-1773520 elementor-widget elementor-widget-heading\" data-id=\"1773520\" data-element_type=\"widget\" data-e-type=\"widget\" data-widget_type=\"heading.default\">\n\t\t\t\t<div class=\"elementor-widget-container\">\n\t\t\t\t\t<h1 class=\"elementor-heading-title elementor-size-default\">Quem somos<\/h1>\t\t\t\t<\/div>\n\t\t\t\t<\/div>\n\t\t\t\t<\/div>\n\t\t<div class=\"elementor-element elementor-element-4c94e8a e-con-full e-flex e-con e-child\" data-id=\"4c94e8a\" data-element_type=\"container\" data-e-type=\"container\" data-settings=\"{&quot;jet_parallax_layout_list&quot;:[]}\">\n\t\t\t\t<div class=\"elementor-element elementor-element-c595673 elementor-widget elementor-widget-text-editor\" data-id=\"c595673\" data-element_type=\"widget\" data-e-type=\"widget\" data-widget_type=\"text-editor.default\">\n\t\t\t\t<div class=\"elementor-widget-container\">\n\t\t\t\t\t\t\t\t\t<p>Mulheres nazarenas transformadas pelo amor de Jesus Cristo, capacitadas pelo Esp\u00edrito Santo para viver vidas santas, comprometidas em nutrir uma comunidade de disc\u00edpulos \u00e0 semelhan\u00e7a de Cristo. Expressando-se em um estilo de vida caracterizado por: <\/p><ul><li>Encontrando Deus atrav\u00e9s da ora\u00e7\u00e3o e da Palavra.<\/li><li>Relacionamentos intencionais multigeneracionais<\/li><li>Desenvolvimento de lideran\u00e7a<\/li><li>Compaix\u00e3o<\/li><\/ul><p><br>Filipenses 1.9-11: Minha ora\u00e7\u00e3o por voc\u00eas \u00e9 que cada vez mais voc\u00eas transbordem de amor, e que, ao mesmo tempo, continuem a crescer em conhecimento e compreens\u00e3o espiritual, pois eu desejo que voc\u00eas sempre vejam com toda a clareza a diferen\u00e7a entre o certo e o errado, e que sejam intimamente puros, para que ningu\u00e9m possa censur\u00e1-los desde agora at\u00e9 que Cristo volte. Que voc\u00eas possam estar sempre fazendo coisas boas, pois isso resultar\u00e1 em muito louvor e gl\u00f3ria ao Senhor. (NBV-P)  <\/p><p><em><strong>(do Manual de Minist\u00e9rio e Discipulado Feminino)<\/strong><\/em><\/p>\t\t\t\t\t\t\t\t<\/div>\n\t\t\t\t<\/div>\n\t\t\t\t<\/div>\n\t\t\t\t\t<\/div>\n\t\t\t\t<\/div>\n\t\t\t\t<\/div>\n\t\t","protected":false},"excerpt":{"rendered":"<p>Minist\u00e9rio do Discipulado Feminino Quem somos Mulheres nazarenas transformadas pelo amor de Jesus Cristo, capacitadas pelo Esp\u00edrito Santo para viver vidas santas, comprometidas em nutrir uma comunidade de disc\u00edpulos \u00e0 semelhan\u00e7a de Cristo. Expressando-se em um estilo de vida caracterizado por: Encontrando Deus atrav\u00e9s da ora\u00e7\u00e3o e da Palavra. Relacionamentos intencionais multigeneracionais Desenvolvimento de lideran\u00e7a [&hellip;]<\/p>\n","protected":false},"author":6,"featured_media":0,"parent":40155,"menu_order":0,"comment_status":"closed","ping_status":"closed","template":"","meta":{"content-type":"","_jet_sm_ready_style":"","_jet_sm_style":"","_jet_sm_controls_values":"","_jet_sm_fonts_collection":"","_jet_sm_fonts_links":"","footnotes":""},"class_list":["post-38390","page","type-page","status-publish","hentry"],"yoast_head":"<!-- This site is optimized with the Yoast SEO Premium plugin v27.1 (Yoast SEO v27.1.1) - https:\/\/yoast.com\/product\/yoast-seo-premium-wordpress\/ -->\n<title>Minist\u00e9rio do Discipulado Feminino - Church of the Nazarene<\/title>\n<meta name=\"robots\" content=\"index, follow, max-snippet:-1, max-image-preview:large, max-video-preview:-1\" \/>\n<link rel=\"canonical\" href=\"https:\/\/nazarene.org\/pt-br\/ndi\/ministerio-do-discipulado-feminino\/\" \/>\n<meta property=\"og:locale\" content=\"pt_BR\" \/>\n<meta property=\"og:type\" content=\"article\" \/>\n<meta property=\"og:title\" content=\"Minist\u00e9rio do Discipulado Feminino\" \/>\n<meta property=\"og:description\" content=\"Minist\u00e9rio do Discipulado Feminino Quem somos Mulheres nazarenas transformadas pelo amor de Jesus Cristo, capacitadas pelo Esp\u00edrito Santo para viver vidas santas, comprometidas em nutrir uma comunidade de disc\u00edpulos \u00e0 semelhan\u00e7a de Cristo. Expressando-se em um estilo de vida caracterizado por: Encontrando Deus atrav\u00e9s da ora\u00e7\u00e3o e da Palavra. Relacionamentos intencionais multigeneracionais Desenvolvimento de lideran\u00e7a [&hellip;]\" \/>\n<meta property=\"og:url\" content=\"https:\/\/nazarene.org\/pt-br\/ndi\/ministerio-do-discipulado-feminino\/\" \/>\n<meta property=\"og:site_name\" content=\"Church of the Nazarene\" \/>\n<meta property=\"article:publisher\" content=\"https:\/\/www.facebook.com\/NazareneOfficial\/\" \/>\n<meta property=\"article:modified_time\" content=\"2026-03-27T18:49:00+00:00\" \/>\n<meta name=\"twitter:card\" content=\"summary_large_image\" \/>\n<meta name=\"twitter:site\" content=\"@Nazarene\" \/>\n<script type=\"application\/ld+json\" class=\"yoast-schema-graph\">{\"@context\":\"https:\/\/schema.org\",\"@graph\":[{\"@type\":\"WebPage\",\"@id\":\"https:\/\/nazarene.org\/pt-br\/ndi\/ministerio-do-discipulado-feminino\/\",\"url\":\"https:\/\/nazarene.org\/pt-br\/ndi\/ministerio-do-discipulado-feminino\/\",\"name\":\"Minist\u00e9rio do Discipulado Feminino - Church of the Nazarene\",\"isPartOf\":{\"@id\":\"https:\/\/nazarene.org\/pt-br\/#website\"},\"datePublished\":\"2025-03-21T19:22:26+00:00\",\"dateModified\":\"2026-03-27T18:49:00+00:00\",\"breadcrumb\":{\"@id\":\"https:\/\/nazarene.org\/pt-br\/ndi\/ministerio-do-discipulado-feminino\/#breadcrumb\"},\"inLanguage\":\"pt-BR\",\"potentialAction\":[{\"@type\":\"ReadAction\",\"target\":[\"https:\/\/nazarene.org\/pt-br\/ndi\/ministerio-do-discipulado-feminino\/\"]}]},{\"@type\":\"BreadcrumbList\",\"@id\":\"https:\/\/nazarene.org\/pt-br\/ndi\/ministerio-do-discipulado-feminino\/#breadcrumb\",\"itemListElement\":[{\"@type\":\"ListItem\",\"position\":1,\"name\":\"Home\",\"item\":\"https:\/\/nazarene.org\/pt-br\/casa\/\"},{\"@type\":\"ListItem\",\"position\":2,\"name\":\"DNI\",\"item\":\"https:\/\/nazarene.org\/pt-br\/ndi\/\"},{\"@type\":\"ListItem\",\"position\":3,\"name\":\"Minist\u00e9rio do Discipulado Feminino\"}]},{\"@type\":\"WebSite\",\"@id\":\"https:\/\/nazarene.org\/pt-br\/#website\",\"url\":\"https:\/\/nazarene.org\/pt-br\/\",\"name\":\"Church of the Nazarene\",\"description\":\"Making Christlike Disciples in the Nations\",\"publisher\":{\"@id\":\"https:\/\/nazarene.org\/pt-br\/#organization\"},\"potentialAction\":[{\"@type\":\"SearchAction\",\"target\":{\"@type\":\"EntryPoint\",\"urlTemplate\":\"https:\/\/nazarene.org\/pt-br\/?s={search_term_string}\"},\"query-input\":{\"@type\":\"PropertyValueSpecification\",\"valueRequired\":true,\"valueName\":\"search_term_string\"}}],\"inLanguage\":\"pt-BR\"},{\"@type\":\"Organization\",\"@id\":\"https:\/\/nazarene.org\/pt-br\/#organization\",\"name\":\"Church of the Nazarene\",\"url\":\"https:\/\/nazarene.org\/pt-br\/\",\"logo\":{\"@type\":\"ImageObject\",\"inLanguage\":\"pt-BR\",\"@id\":\"https:\/\/nazarene.org\/pt-br\/#\/schema\/logo\/image\/\",\"url\":\"https:\/\/nazarene.org\/wp-content\/uploads\/2024\/06\/Naz_Desktop_Black_Logo-1.svg\",\"contentUrl\":\"https:\/\/nazarene.org\/wp-content\/uploads\/2024\/06\/Naz_Desktop_Black_Logo-1.svg\",\"width\":258,\"height\":36,\"caption\":\"Church of the Nazarene\"},\"image\":{\"@id\":\"https:\/\/nazarene.org\/pt-br\/#\/schema\/logo\/image\/\"},\"sameAs\":[\"https:\/\/www.facebook.com\/NazareneOfficial\/\",\"https:\/\/x.com\/Nazarene\",\"https:\/\/www.instagram.com\/nazareneofficial\/\"]}]}<\/script>\n<!-- \/ Yoast SEO Premium plugin. -->","yoast_head_json":{"title":"Minist\u00e9rio do Discipulado Feminino - Church of the Nazarene","robots":{"index":"index","follow":"follow","max-snippet":"max-snippet:-1","max-image-preview":"max-image-preview:large","max-video-preview":"max-video-preview:-1"},"canonical":"https:\/\/nazarene.org\/pt-br\/ndi\/ministerio-do-discipulado-feminino\/","og_locale":"pt_BR","og_type":"article","og_title":"Minist\u00e9rio do Discipulado Feminino","og_description":"Minist\u00e9rio do Discipulado Feminino Quem somos Mulheres nazarenas transformadas pelo amor de Jesus Cristo, capacitadas pelo Esp\u00edrito Santo para viver vidas santas, comprometidas em nutrir uma comunidade de disc\u00edpulos \u00e0 semelhan\u00e7a de Cristo. Expressando-se em um estilo de vida caracterizado por: Encontrando Deus atrav\u00e9s da ora\u00e7\u00e3o e da Palavra. Relacionamentos intencionais multigeneracionais Desenvolvimento de lideran\u00e7a [&hellip;]","og_url":"https:\/\/nazarene.org\/pt-br\/ndi\/ministerio-do-discipulado-feminino\/","og_site_name":"Church of the Nazarene","article_publisher":"https:\/\/www.facebook.com\/NazareneOfficial\/","article_modified_time":"2026-03-27T18:49:00+00:00","twitter_card":"summary_large_image","twitter_site":"@Nazarene","schema":{"@context":"https:\/\/schema.org","@graph":[{"@type":"WebPage","@id":"https:\/\/nazarene.org\/pt-br\/ndi\/ministerio-do-discipulado-feminino\/","url":"https:\/\/nazarene.org\/pt-br\/ndi\/ministerio-do-discipulado-feminino\/","name":"Minist\u00e9rio do Discipulado Feminino - Church of the Nazarene","isPartOf":{"@id":"https:\/\/nazarene.org\/pt-br\/#website"},"datePublished":"2025-03-21T19:22:26+00:00","dateModified":"2026-03-27T18:49:00+00:00","breadcrumb":{"@id":"https:\/\/nazarene.org\/pt-br\/ndi\/ministerio-do-discipulado-feminino\/#breadcrumb"},"inLanguage":"pt-BR","potentialAction":[{"@type":"ReadAction","target":["https:\/\/nazarene.org\/pt-br\/ndi\/ministerio-do-discipulado-feminino\/"]}]},{"@type":"BreadcrumbList","@id":"https:\/\/nazarene.org\/pt-br\/ndi\/ministerio-do-discipulado-feminino\/#breadcrumb","itemListElement":[{"@type":"ListItem","position":1,"name":"Home","item":"https:\/\/nazarene.org\/pt-br\/casa\/"},{"@type":"ListItem","position":2,"name":"DNI","item":"https:\/\/nazarene.org\/pt-br\/ndi\/"},{"@type":"ListItem","position":3,"name":"Minist\u00e9rio do Discipulado Feminino"}]},{"@type":"WebSite","@id":"https:\/\/nazarene.org\/pt-br\/#website","url":"https:\/\/nazarene.org\/pt-br\/","name":"Church of the Nazarene","description":"Making Christlike Disciples in the Nations","publisher":{"@id":"https:\/\/nazarene.org\/pt-br\/#organization"},"potentialAction":[{"@type":"SearchAction","target":{"@type":"EntryPoint","urlTemplate":"https:\/\/nazarene.org\/pt-br\/?s={search_term_string}"},"query-input":{"@type":"PropertyValueSpecification","valueRequired":true,"valueName":"search_term_string"}}],"inLanguage":"pt-BR"},{"@type":"Organization","@id":"https:\/\/nazarene.org\/pt-br\/#organization","name":"Church of the Nazarene","url":"https:\/\/nazarene.org\/pt-br\/","logo":{"@type":"ImageObject","inLanguage":"pt-BR","@id":"https:\/\/nazarene.org\/pt-br\/#\/schema\/logo\/image\/","url":"https:\/\/nazarene.org\/wp-content\/uploads\/2024\/06\/Naz_Desktop_Black_Logo-1.svg","contentUrl":"https:\/\/nazarene.org\/wp-content\/uploads\/2024\/06\/Naz_Desktop_Black_Logo-1.svg","width":258,"height":36,"caption":"Church of the Nazarene"},"image":{"@id":"https:\/\/nazarene.org\/pt-br\/#\/schema\/logo\/image\/"},"sameAs":["https:\/\/www.facebook.com\/NazareneOfficial\/","https:\/\/x.com\/Nazarene","https:\/\/www.instagram.com\/nazareneofficial\/"]}]}},"_links":{"self":[{"href":"https:\/\/nazarene.org\/pt-br\/wp-json\/wp\/v2\/pages\/38390","targetHints":{"allow":["GET"]}}],"collection":[{"href":"https:\/\/nazarene.org\/pt-br\/wp-json\/wp\/v2\/pages"}],"about":[{"href":"https:\/\/nazarene.org\/pt-br\/wp-json\/wp\/v2\/types\/page"}],"author":[{"embeddable":true,"href":"https:\/\/nazarene.org\/pt-br\/wp-json\/wp\/v2\/users\/6"}],"replies":[{"embeddable":true,"href":"https:\/\/nazarene.org\/pt-br\/wp-json\/wp\/v2\/comments?post=38390"}],"version-history":[{"count":6,"href":"https:\/\/nazarene.org\/pt-br\/wp-json\/wp\/v2\/pages\/38390\/revisions"}],"predecessor-version":[{"id":71135,"href":"https:\/\/nazarene.org\/pt-br\/wp-json\/wp\/v2\/pages\/38390\/revisions\/71135"}],"up":[{"embeddable":true,"href":"https:\/\/nazarene.org\/pt-br\/wp-json\/wp\/v2\/pages\/40155"}],"wp:attachment":[{"href":"https:\/\/nazarene.org\/pt-br\/wp-json\/wp\/v2\/media?parent=38390"}],"curies":[{"name":"wp","href":"https:\/\/api.w.org\/{rel}","templated":true}]}}