{"id":38171,"date":"2025-05-23T14:35:57","date_gmt":"2025-05-23T19:35:57","guid":{"rendered":"https:\/\/nazarene.org\/mobilizacao-explorar\/"},"modified":"2026-03-29T18:23:19","modified_gmt":"2026-03-29T23:23:19","slug":"mobilizacao-explorar","status":"publish","type":"page","link":"https:\/\/nazarene.org\/pt-br\/missoes-globais-2\/mobilizacao-explorar\/","title":{"rendered":"Mobiliza\u00e7\u00e3o Explore"},"content":{"rendered":"\t\t<div data-elementor-type=\"wp-page\" data-elementor-id=\"38171\" class=\"elementor elementor-38171 elementor-36347\" data-elementor-post-type=\"page\">\n\t\t\t\t<div class=\"elementor-element elementor-element-3afea2b e-flex e-con-boxed e-con e-parent\" data-id=\"3afea2b\" data-element_type=\"container\" data-e-type=\"container\" data-settings=\"{&quot;background_background&quot;:&quot;classic&quot;,&quot;jet_parallax_layout_list&quot;:[]}\">\n\t\t\t\t\t<div class=\"e-con-inner\">\n\t\t\t\t<div class=\"elementor-element elementor-element-d4ac1ba elementor-widget elementor-widget-heading\" data-id=\"d4ac1ba\" data-element_type=\"widget\" data-e-type=\"widget\" data-widget_type=\"heading.default\">\n\t\t\t\t<div class=\"elementor-widget-container\">\n\t\t\t\t\t<h1 class=\"elementor-heading-title elementor-size-default\">Mobiliza\u00e7\u00e3o Explore<\/h1>\t\t\t\t<\/div>\n\t\t\t\t<\/div>\n\t\t\t\t<div class=\"elementor-element elementor-element-25ce95e elementor-widget-divider--view-line elementor-widget elementor-widget-divider\" data-id=\"25ce95e\" data-element_type=\"widget\" data-e-type=\"widget\" data-widget_type=\"divider.default\">\n\t\t\t\t<div class=\"elementor-widget-container\">\n\t\t\t\t\t\t\t<div class=\"elementor-divider\">\n\t\t\t<span class=\"elementor-divider-separator\">\n\t\t\t\t\t\t<\/span>\n\t\t<\/div>\n\t\t\t\t\t\t<\/div>\n\t\t\t\t<\/div>\n\t\t\t\t<div class=\"elementor-element elementor-element-832d92a elementor-widget__width-initial elementor-widget elementor-widget-text-editor\" data-id=\"832d92a\" data-element_type=\"widget\" data-e-type=\"widget\" data-widget_type=\"text-editor.default\">\n\t\t\t\t<div class=\"elementor-widget-container\">\n\t\t\t\t\t\t\t\t\t<p>Um evento criado para ajudar voc\u00ea a explorar seu chamado e capacit\u00e1-lo para o servi\u00e7o mission\u00e1rio.<\/p>\t\t\t\t\t\t\t\t<\/div>\n\t\t\t\t<\/div>\n\t\t\t\t\t<\/div>\n\t\t\t\t<\/div>\n\t\t<div class=\"elementor-element elementor-element-b3820bb e-flex e-con-boxed e-con e-parent\" data-id=\"b3820bb\" data-element_type=\"container\" data-e-type=\"container\" data-settings=\"{&quot;background_background&quot;:&quot;classic&quot;,&quot;jet_parallax_layout_list&quot;:[]}\">\n\t\t\t\t\t<div class=\"e-con-inner\">\n\t\t<div class=\"elementor-element elementor-element-875aa3b e-con-full e-flex e-con e-child\" data-id=\"875aa3b\" data-element_type=\"container\" data-e-type=\"container\" data-settings=\"{&quot;jet_parallax_layout_list&quot;:[]}\">\n\t\t<div class=\"elementor-element elementor-element-29015e3 e-con-full e-flex e-con e-child\" data-id=\"29015e3\" data-element_type=\"container\" data-e-type=\"container\" data-settings=\"{&quot;jet_parallax_layout_list&quot;:[]}\">\n\t\t<div class=\"elementor-element elementor-element-ebe2d08 e-con-full e-flex e-con e-child\" data-id=\"ebe2d08\" data-element_type=\"container\" data-e-type=\"container\" data-settings=\"{&quot;jet_parallax_layout_list&quot;:[],&quot;background_background&quot;:&quot;classic&quot;}\">\n\t\t<div class=\"elementor-element elementor-element-63e89d4 e-con-full e-flex e-con e-child\" data-id=\"63e89d4\" data-element_type=\"container\" data-e-type=\"container\" data-settings=\"{&quot;jet_parallax_layout_list&quot;:[],&quot;background_background&quot;:&quot;classic&quot;}\">\n\t\t<div class=\"elementor-element elementor-element-6b2f27c e-con-full e-flex e-con e-child\" data-id=\"6b2f27c\" data-element_type=\"container\" data-e-type=\"container\" data-settings=\"{&quot;jet_parallax_layout_list&quot;:[]}\">\n\t\t\t\t<div class=\"elementor-element elementor-element-f682f9f elementor-widget elementor-widget-heading\" data-id=\"f682f9f\" data-element_type=\"widget\" data-e-type=\"widget\" data-widget_type=\"heading.default\">\n\t\t\t\t<div class=\"elementor-widget-container\">\n\t\t\t\t\t<h2 class=\"elementor-heading-title elementor-size-default\">INSCREVA-SE PARA UM EVENTO\n\n<\/h2>\t\t\t\t<\/div>\n\t\t\t\t<\/div>\n\t\t\t\t<div class=\"elementor-element elementor-element-d638929 elementor-widget elementor-widget-text-editor\" data-id=\"d638929\" data-element_type=\"widget\" data-e-type=\"widget\" data-widget_type=\"text-editor.default\">\n\t\t\t\t<div class=\"elementor-widget-container\">\n\t\t\t\t\t\t\t\t\t<p>Encontre um evento Explore (anteriormente chamado de Orienta\u00e7\u00e3o Intercultural) perto de voc\u00ea e reserve sua vaga hoje mesmo.<\/p>\t\t\t\t\t\t\t\t<\/div>\n\t\t\t\t<\/div>\n\t\t\t\t<\/div>\n\t\t\t\t<div class=\"elementor-element elementor-element-4984ecd elementor-widget elementor-widget-button\" data-id=\"4984ecd\" data-element_type=\"widget\" data-e-type=\"widget\" data-widget_type=\"button.default\">\n\t\t\t\t<div class=\"elementor-widget-container\">\n\t\t\t\t\t\t\t\t\t<div class=\"elementor-button-wrapper\">\n\t\t\t\t\t<a class=\"elementor-button elementor-button-link elementor-size-sm\" href=\"mailto:sendme@nazarene.org\" target=\"_blank\">\n\t\t\t\t\t\t<span class=\"elementor-button-content-wrapper\">\n\t\t\t\t\t\t<span class=\"elementor-button-icon\">\n\t\t\t\t<svg aria-hidden=\"true\" class=\"e-font-icon-svg e-fas-arrow-right\" viewBox=\"0 0 448 512\" xmlns=\"http:\/\/www.w3.org\/2000\/svg\"><path d=\"M190.5 66.9l22.2-22.2c9.4-9.4 24.6-9.4 33.9 0L441 239c9.4 9.4 9.4 24.6 0 33.9L246.6 467.3c-9.4 9.4-24.6 9.4-33.9 0l-22.2-22.2c-9.5-9.5-9.3-25 .4-34.3L311.4 296H24c-13.3 0-24-10.7-24-24v-32c0-13.3 10.7-24 24-24h287.4L190.9 101.2c-9.8-9.3-10-24.8-.4-34.3z\"><\/path><\/svg>\t\t\t<\/span>\n\t\t\t\t\t\t\t\t\t<span class=\"elementor-button-text\">Envie-nos um e-mail<\/span>\n\t\t\t\t\t<\/span>\n\t\t\t\t\t<\/a>\n\t\t\t\t<\/div>\n\t\t\t\t\t\t\t\t<\/div>\n\t\t\t\t<\/div>\n\t\t\t\t<\/div>\n\t\t\t\t<\/div>\n\t\t<div class=\"elementor-element elementor-element-78201bc e-con-full e-flex e-con e-child\" data-id=\"78201bc\" data-element_type=\"container\" data-e-type=\"container\" data-settings=\"{&quot;jet_parallax_layout_list&quot;:[],&quot;background_background&quot;:&quot;classic&quot;}\">\n\t\t<div class=\"elementor-element elementor-element-8924e57 e-con-full e-flex e-con e-child\" data-id=\"8924e57\" data-element_type=\"container\" data-e-type=\"container\" data-settings=\"{&quot;jet_parallax_layout_list&quot;:[],&quot;background_background&quot;:&quot;classic&quot;}\">\n\t\t<div class=\"elementor-element elementor-element-1c557dd e-con-full e-flex e-con e-child\" data-id=\"1c557dd\" data-element_type=\"container\" data-e-type=\"container\" data-settings=\"{&quot;jet_parallax_layout_list&quot;:[]}\">\n\t\t\t\t<div class=\"elementor-element elementor-element-7b5749d elementor-widget elementor-widget-heading\" data-id=\"7b5749d\" data-element_type=\"widget\" data-e-type=\"widget\" data-widget_type=\"heading.default\">\n\t\t\t\t<div class=\"elementor-widget-container\">\n\t\t\t\t\t<h2 class=\"elementor-heading-title elementor-size-default\">PARTICIPAR DO EVENTO<\/h2>\t\t\t\t<\/div>\n\t\t\t\t<\/div>\n\t\t\t\t<div class=\"elementor-element elementor-element-1700e8e elementor-widget elementor-widget-text-editor\" data-id=\"1700e8e\" data-element_type=\"widget\" data-e-type=\"widget\" data-widget_type=\"text-editor.default\">\n\t\t\t\t<div class=\"elementor-widget-container\">\n\t\t\t\t\t\t\t\t\t<div class=\"block__wysiwyg\" data-layout-content-preview-placeholder-label=\"\"TITLE\" block\"><div class=\"styles-wrapper-7d67fe0d-6b68-4224-bf36-8c25f554f991\"><section class=\"wysiwyg\"><div class=\"wysiwyg__content border\"><div class=\"flex-container flex-wrap\"><div><p>Conhe\u00e7a mission\u00e1rios e l\u00edderes mission\u00e1rios que ir\u00e3o gui\u00e1-lo em sua jornada.<\/p><\/div><\/div><\/div><\/section><\/div><\/div>\t\t\t\t\t\t\t\t<\/div>\n\t\t\t\t<\/div>\n\t\t\t\t<\/div>\n\t\t\t\t<\/div>\n\t\t\t\t<\/div>\n\t\t<div class=\"elementor-element elementor-element-2fca1c8 e-con-full e-flex e-con e-child\" data-id=\"2fca1c8\" data-element_type=\"container\" data-e-type=\"container\" data-settings=\"{&quot;jet_parallax_layout_list&quot;:[],&quot;background_background&quot;:&quot;classic&quot;}\">\n\t\t<div class=\"elementor-element elementor-element-1f297a9 e-con-full e-flex e-con e-child\" data-id=\"1f297a9\" data-element_type=\"container\" data-e-type=\"container\" data-settings=\"{&quot;jet_parallax_layout_list&quot;:[],&quot;background_background&quot;:&quot;classic&quot;}\">\n\t\t<div class=\"elementor-element elementor-element-6d0a06b e-con-full e-flex e-con e-child\" data-id=\"6d0a06b\" data-element_type=\"container\" data-e-type=\"container\" data-settings=\"{&quot;jet_parallax_layout_list&quot;:[]}\">\n\t\t\t\t<div class=\"elementor-element elementor-element-129b82c elementor-widget elementor-widget-heading\" data-id=\"129b82c\" data-element_type=\"widget\" data-e-type=\"widget\" data-widget_type=\"heading.default\">\n\t\t\t\t<div class=\"elementor-widget-container\">\n\t\t\t\t\t<h2 class=\"elementor-heading-title elementor-size-default\">PREPARE-SE<\/h2>\t\t\t\t<\/div>\n\t\t\t\t<\/div>\n\t\t\t\t<div class=\"elementor-element elementor-element-ce50596 elementor-widget elementor-widget-text-editor\" data-id=\"ce50596\" data-element_type=\"widget\" data-e-type=\"widget\" data-widget_type=\"text-editor.default\">\n\t\t\t\t<div class=\"elementor-widget-container\">\n\t\t\t\t\t\t\t\t\t<div class=\"block__wysiwyg\" data-layout-content-preview-placeholder-label=\"\"TITLE\" block\"><div class=\"styles-wrapper-fa666082-544a-4fc9-9d9c-f88c187511a3\"><section class=\"wysiwyg\"><div class=\"wysiwyg__content border\"><div class=\"flex-container flex-wrap\"><div><p>Receba um plano de desenvolvimento personalizado para ajud\u00e1-lo a se capacitar para um minist\u00e9rio eficaz.<\/p><\/div><\/div><\/div><\/section><\/div><\/div>\t\t\t\t\t\t\t\t<\/div>\n\t\t\t\t<\/div>\n\t\t\t\t<\/div>\n\t\t\t\t<\/div>\n\t\t\t\t<\/div>\n\t\t\t\t<\/div>\n\t\t\t\t<\/div>\n\t\t\t\t\t<\/div>\n\t\t\t\t<\/div>\n\t\t<div class=\"elementor-element elementor-element-fa4a2e5 e-flex e-con-boxed e-con e-parent\" data-id=\"fa4a2e5\" data-element_type=\"container\" data-e-type=\"container\" data-settings=\"{&quot;background_background&quot;:&quot;classic&quot;,&quot;jet_parallax_layout_list&quot;:[]}\">\n\t\t\t\t\t<div class=\"e-con-inner\">\n\t\t<div class=\"elementor-element elementor-element-2e0fef6 e-flex e-con-boxed e-con e-child\" data-id=\"2e0fef6\" data-element_type=\"container\" data-e-type=\"container\" data-settings=\"{&quot;jet_parallax_layout_list&quot;:[]}\">\n\t\t\t\t\t<div class=\"e-con-inner\">\n\t\t<div class=\"elementor-element elementor-element-2d4d3ff e-con-full e-flex e-con e-child\" data-id=\"2d4d3ff\" data-element_type=\"container\" data-e-type=\"container\" data-settings=\"{&quot;jet_parallax_layout_list&quot;:[]}\">\n\t\t\t\t<div class=\"elementor-element elementor-element-13ed142 elementor-widget elementor-widget-heading\" data-id=\"13ed142\" data-element_type=\"widget\" data-e-type=\"widget\" data-widget_type=\"heading.default\">\n\t\t\t\t<div class=\"elementor-widget-container\">\n\t\t\t\t\t<h3 class=\"elementor-heading-title elementor-size-default\">O que voc\u00ea pode ESPERAR no EXPLORE<\/h3>\t\t\t\t<\/div>\n\t\t\t\t<\/div>\n\t\t\t\t<\/div>\n\t\t\t\t<div class=\"elementor-element elementor-element-31fda61 elementor-widget-divider--view-line elementor-widget elementor-widget-divider\" data-id=\"31fda61\" data-element_type=\"widget\" data-e-type=\"widget\" data-widget_type=\"divider.default\">\n\t\t\t\t<div class=\"elementor-widget-container\">\n\t\t\t\t\t\t\t<div class=\"elementor-divider\">\n\t\t\t<span class=\"elementor-divider-separator\">\n\t\t\t\t\t\t<\/span>\n\t\t<\/div>\n\t\t\t\t\t\t<\/div>\n\t\t\t\t<\/div>\n\t\t\t\t<div class=\"elementor-element elementor-element-617d8e8 elementor-widget__width-initial elementor-widget elementor-widget-text-editor\" data-id=\"617d8e8\" data-element_type=\"widget\" data-e-type=\"widget\" data-widget_type=\"text-editor.default\">\n\t\t\t\t<div class=\"elementor-widget-container\">\n\t\t\t\t\t\t\t\t\t<p style=\"text-align: center;\"> \u2022 Reunir-se com mission\u00e1rios nazarenos experientes e l\u00edderes mission\u00e1rios.<\/p><p style=\"text-align: center;\"> \u2022 Participar de exerc\u00edcios de desenvolvimento de habilidades mission\u00e1rias.<\/p><p style=\"text-align: center;\"> \u2022 Descubrir os elementos-chave para um servi\u00e7o mission\u00e1rio eficaz<\/p><p style=\"text-align: center;\"> \u2022 Familiarize-se com as miss\u00f5es da Igreja do Nazareno<\/p><p style=\"text-align: center;\"> \u2022 Saber mais sobre futuras oportunidades de servi\u00e7o mission\u00e1rio<\/p><p style=\"text-align: center;\"> \u2022 Receber recomenda\u00e7\u00f5es sobre os pr\u00f3ximos passos para sua jornada<\/p>\t\t\t\t\t\t\t\t<\/div>\n\t\t\t\t<\/div>\n\t\t\t\t\t<\/div>\n\t\t\t\t<\/div>\n\t\t\t\t\t<\/div>\n\t\t\t\t<\/div>\n\t\t<div class=\"elementor-element elementor-element-39f8f9e e-flex e-con-boxed e-con e-parent\" data-id=\"39f8f9e\" data-element_type=\"container\" data-e-type=\"container\" data-settings=\"{&quot;background_background&quot;:&quot;classic&quot;,&quot;jet_parallax_layout_list&quot;:[]}\">\n\t\t\t\t\t<div class=\"e-con-inner\">\n\t\t<div class=\"elementor-element elementor-element-e45487a e-con-full e-flex e-con e-child\" data-id=\"e45487a\" data-element_type=\"container\" data-e-type=\"container\" data-settings=\"{&quot;jet_parallax_layout_list&quot;:[],&quot;background_background&quot;:&quot;classic&quot;}\">\n\t\t\t\t<div class=\"elementor-element elementor-element-5e54c90 elementor-widget elementor-widget-heading\" data-id=\"5e54c90\" data-element_type=\"widget\" data-e-type=\"widget\" data-widget_type=\"heading.default\">\n\t\t\t\t<div class=\"elementor-widget-container\">\n\t\t\t\t\t<h3 class=\"elementor-heading-title elementor-size-default\">Pr\u00f3ximos Eventos Explore<\/h3>\t\t\t\t<\/div>\n\t\t\t\t<\/div>\n\t\t\t\t<div class=\"elementor-element elementor-element-66e1b9b elementor-widget-divider--view-line elementor-widget elementor-widget-divider\" data-id=\"66e1b9b\" data-element_type=\"widget\" data-e-type=\"widget\" data-widget_type=\"divider.default\">\n\t\t\t\t<div class=\"elementor-widget-container\">\n\t\t\t\t\t\t\t<div class=\"elementor-divider\">\n\t\t\t<span class=\"elementor-divider-separator\">\n\t\t\t\t\t\t<\/span>\n\t\t<\/div>\n\t\t\t\t\t\t<\/div>\n\t\t\t\t<\/div>\n\t\t\t\t<div class=\"elementor-element elementor-element-a9b2572 elementor-widget__width-initial elementor-widget elementor-widget-text-editor\" data-id=\"a9b2572\" data-element_type=\"widget\" data-e-type=\"widget\" data-widget_type=\"text-editor.default\">\n\t\t\t\t<div class=\"elementor-widget-container\">\n\t\t\t\t\t\t\t\t\t<p>Fique atento aos pr\u00f3ximos eventos Explore e entre em contato com a equipe de engajamento de Miss\u00f5es Globais caso tenha alguma d\u00favida em <a href=\"mailto:sendme@nazarene.org\" target=\"_blank\" rel=\"noopener\">sendme@nazarene.org<\/a>.<\/p>\t\t\t\t\t\t\t\t<\/div>\n\t\t\t\t<\/div>\n\t\t\t\t<\/div>\n\t\t<div class=\"elementor-element elementor-element-e52b0d9 e-con-full e-flex e-con e-child\" data-id=\"e52b0d9\" data-element_type=\"container\" data-e-type=\"container\" data-settings=\"{&quot;background_background&quot;:&quot;classic&quot;,&quot;jet_parallax_layout_list&quot;:[]}\">\n\t\t\t\t<div class=\"elementor-element elementor-element-5e664f2 elementor-widget__width-initial elementor-widget elementor-widget-heading\" data-id=\"5e664f2\" data-element_type=\"widget\" data-e-type=\"widget\" data-widget_type=\"heading.default\">\n\t\t\t\t<div class=\"elementor-widget-container\">\n\t\t\t\t\t<h2 class=\"elementor-heading-title elementor-size-default\">\"Participar do Explore foi emocionante porque Deus estava falando comigo claramente.\"<\/h2>\t\t\t\t<\/div>\n\t\t\t\t<\/div>\n\t\t\t\t<div class=\"elementor-element elementor-element-c0c6bf8 elementor-widget elementor-widget-spacer\" data-id=\"c0c6bf8\" data-element_type=\"widget\" data-e-type=\"widget\" data-widget_type=\"spacer.default\">\n\t\t\t\t<div class=\"elementor-widget-container\">\n\t\t\t\t\t\t\t<div class=\"elementor-spacer\">\n\t\t\t<div class=\"elementor-spacer-inner\"><\/div>\n\t\t<\/div>\n\t\t\t\t\t\t<\/div>\n\t\t\t\t<\/div>\n\t\t\t\t<div class=\"elementor-element elementor-element-e1244d6 elementor-widget elementor-widget-text-editor\" data-id=\"e1244d6\" data-element_type=\"widget\" data-e-type=\"widget\" data-widget_type=\"text-editor.default\">\n\t\t\t\t<div class=\"elementor-widget-container\">\n\t\t\t\t\t\t\t\t\t<p>Eu sabia que queria servir em um contexto transcultural, mas n\u00e3o sabia onde ou como. A equipe do Explore foi muito atenciosa, eles me ouviram, compartilharam experi\u00eancias e oraram comigo! Foi f\u00e1cil criar uma conex\u00e3o, eles foram genu\u00ednos e se importaram com o que Deus estava fazendo na vida de todos que participaram do evento! Participar do Explore foi emocionante porque Deus estava falando comigo claramente. Desde ent\u00e3o, Deus tem aberto as portas para onde Ele quer que eu v\u00e1. &#8211; Tamara B.     <\/p>\t\t\t\t\t\t\t\t<\/div>\n\t\t\t\t<\/div>\n\t\t\t\t<\/div>\n\t\t\t\t\t<\/div>\n\t\t\t\t<\/div>\n\t\t\t\t<\/div>\n\t\t","protected":false},"excerpt":{"rendered":"<p>Mobiliza\u00e7\u00e3o Explore Um evento criado para ajudar voc\u00ea a explorar seu chamado e capacit\u00e1-lo para o servi\u00e7o mission\u00e1rio. INSCREVA-SE PARA UM EVENTO Encontre um evento Explore (anteriormente chamado de Orienta\u00e7\u00e3o Intercultural) perto de voc\u00ea e reserve sua vaga hoje mesmo. Envie-nos um e-mail PARTICIPAR DO EVENTO Conhe\u00e7a mission\u00e1rios e l\u00edderes mission\u00e1rios que ir\u00e3o gui\u00e1-lo em [&hellip;]<\/p>\n","protected":false},"author":8,"featured_media":0,"parent":65323,"menu_order":0,"comment_status":"closed","ping_status":"closed","template":"","meta":{"content-type":"","_jet_sm_ready_style":"","_jet_sm_style":"","_jet_sm_controls_values":"","_jet_sm_fonts_collection":"","_jet_sm_fonts_links":"","footnotes":""},"class_list":["post-38171","page","type-page","status-publish","hentry"],"yoast_head":"<!-- This site is optimized with the Yoast SEO Premium plugin v27.1 (Yoast SEO v27.1.1) - https:\/\/yoast.com\/product\/yoast-seo-premium-wordpress\/ -->\n<title>Mobiliza\u00e7\u00e3o Explore - Church of the Nazarene<\/title>\n<meta name=\"robots\" content=\"index, follow, max-snippet:-1, max-image-preview:large, max-video-preview:-1\" \/>\n<link rel=\"canonical\" href=\"https:\/\/nazarene.org\/pt-br\/missoes-globais-2\/mobilizacao-explorar\/\" \/>\n<meta property=\"og:locale\" content=\"pt_BR\" \/>\n<meta property=\"og:type\" content=\"article\" \/>\n<meta property=\"og:title\" content=\"Mobiliza\u00e7\u00e3o Explore\" \/>\n<meta property=\"og:description\" content=\"Mobiliza\u00e7\u00e3o Explore Um evento criado para ajudar voc\u00ea a explorar seu chamado e capacit\u00e1-lo para o servi\u00e7o mission\u00e1rio. INSCREVA-SE PARA UM EVENTO Encontre um evento Explore (anteriormente chamado de Orienta\u00e7\u00e3o Intercultural) perto de voc\u00ea e reserve sua vaga hoje mesmo. Envie-nos um e-mail PARTICIPAR DO EVENTO Conhe\u00e7a mission\u00e1rios e l\u00edderes mission\u00e1rios que ir\u00e3o gui\u00e1-lo em [&hellip;]\" \/>\n<meta property=\"og:url\" content=\"https:\/\/nazarene.org\/pt-br\/missoes-globais-2\/mobilizacao-explorar\/\" \/>\n<meta property=\"og:site_name\" content=\"Church of the Nazarene\" \/>\n<meta property=\"article:publisher\" content=\"https:\/\/www.facebook.com\/NazareneOfficial\/\" \/>\n<meta property=\"article:modified_time\" content=\"2026-03-29T23:23:19+00:00\" \/>\n<meta name=\"twitter:card\" content=\"summary_large_image\" \/>\n<meta name=\"twitter:site\" content=\"@Nazarene\" \/>\n<script type=\"application\/ld+json\" class=\"yoast-schema-graph\">{\"@context\":\"https:\/\/schema.org\",\"@graph\":[{\"@type\":\"WebPage\",\"@id\":\"https:\/\/nazarene.org\/pt-br\/missoes-globais-2\/mobilizacao-explorar\/\",\"url\":\"https:\/\/nazarene.org\/pt-br\/missoes-globais-2\/mobilizacao-explorar\/\",\"name\":\"Mobiliza\u00e7\u00e3o Explore - Church of the Nazarene\",\"isPartOf\":{\"@id\":\"https:\/\/nazarene.org\/pt-br\/#website\"},\"datePublished\":\"2025-05-23T19:35:57+00:00\",\"dateModified\":\"2026-03-29T23:23:19+00:00\",\"breadcrumb\":{\"@id\":\"https:\/\/nazarene.org\/pt-br\/missoes-globais-2\/mobilizacao-explorar\/#breadcrumb\"},\"inLanguage\":\"pt-BR\",\"potentialAction\":[{\"@type\":\"ReadAction\",\"target\":[\"https:\/\/nazarene.org\/pt-br\/missoes-globais-2\/mobilizacao-explorar\/\"]}]},{\"@type\":\"BreadcrumbList\",\"@id\":\"https:\/\/nazarene.org\/pt-br\/missoes-globais-2\/mobilizacao-explorar\/#breadcrumb\",\"itemListElement\":[{\"@type\":\"ListItem\",\"position\":1,\"name\":\"Home\",\"item\":\"https:\/\/nazarene.org\/pt-br\/casa\/\"},{\"@type\":\"ListItem\",\"position\":2,\"name\":\"Miss\u00f5es Globais\",\"item\":\"https:\/\/nazarene.org\/pt-br\/missoes-globais-2\/\"},{\"@type\":\"ListItem\",\"position\":3,\"name\":\"Mobiliza\u00e7\u00e3o Explore\"}]},{\"@type\":\"WebSite\",\"@id\":\"https:\/\/nazarene.org\/pt-br\/#website\",\"url\":\"https:\/\/nazarene.org\/pt-br\/\",\"name\":\"Church of the Nazarene\",\"description\":\"Making Christlike Disciples in the Nations\",\"publisher\":{\"@id\":\"https:\/\/nazarene.org\/pt-br\/#organization\"},\"potentialAction\":[{\"@type\":\"SearchAction\",\"target\":{\"@type\":\"EntryPoint\",\"urlTemplate\":\"https:\/\/nazarene.org\/pt-br\/?s={search_term_string}\"},\"query-input\":{\"@type\":\"PropertyValueSpecification\",\"valueRequired\":true,\"valueName\":\"search_term_string\"}}],\"inLanguage\":\"pt-BR\"},{\"@type\":\"Organization\",\"@id\":\"https:\/\/nazarene.org\/pt-br\/#organization\",\"name\":\"Church of the Nazarene\",\"url\":\"https:\/\/nazarene.org\/pt-br\/\",\"logo\":{\"@type\":\"ImageObject\",\"inLanguage\":\"pt-BR\",\"@id\":\"https:\/\/nazarene.org\/pt-br\/#\/schema\/logo\/image\/\",\"url\":\"https:\/\/nazarene.org\/wp-content\/uploads\/2024\/06\/Naz_Desktop_Black_Logo-1.svg\",\"contentUrl\":\"https:\/\/nazarene.org\/wp-content\/uploads\/2024\/06\/Naz_Desktop_Black_Logo-1.svg\",\"width\":258,\"height\":36,\"caption\":\"Church of the Nazarene\"},\"image\":{\"@id\":\"https:\/\/nazarene.org\/pt-br\/#\/schema\/logo\/image\/\"},\"sameAs\":[\"https:\/\/www.facebook.com\/NazareneOfficial\/\",\"https:\/\/x.com\/Nazarene\",\"https:\/\/www.instagram.com\/nazareneofficial\/\"]}]}<\/script>\n<!-- \/ Yoast SEO Premium plugin. -->","yoast_head_json":{"title":"Mobiliza\u00e7\u00e3o Explore - Church of the Nazarene","robots":{"index":"index","follow":"follow","max-snippet":"max-snippet:-1","max-image-preview":"max-image-preview:large","max-video-preview":"max-video-preview:-1"},"canonical":"https:\/\/nazarene.org\/pt-br\/missoes-globais-2\/mobilizacao-explorar\/","og_locale":"pt_BR","og_type":"article","og_title":"Mobiliza\u00e7\u00e3o Explore","og_description":"Mobiliza\u00e7\u00e3o Explore Um evento criado para ajudar voc\u00ea a explorar seu chamado e capacit\u00e1-lo para o servi\u00e7o mission\u00e1rio. INSCREVA-SE PARA UM EVENTO Encontre um evento Explore (anteriormente chamado de Orienta\u00e7\u00e3o Intercultural) perto de voc\u00ea e reserve sua vaga hoje mesmo. Envie-nos um e-mail PARTICIPAR DO EVENTO Conhe\u00e7a mission\u00e1rios e l\u00edderes mission\u00e1rios que ir\u00e3o gui\u00e1-lo em [&hellip;]","og_url":"https:\/\/nazarene.org\/pt-br\/missoes-globais-2\/mobilizacao-explorar\/","og_site_name":"Church of the Nazarene","article_publisher":"https:\/\/www.facebook.com\/NazareneOfficial\/","article_modified_time":"2026-03-29T23:23:19+00:00","twitter_card":"summary_large_image","twitter_site":"@Nazarene","schema":{"@context":"https:\/\/schema.org","@graph":[{"@type":"WebPage","@id":"https:\/\/nazarene.org\/pt-br\/missoes-globais-2\/mobilizacao-explorar\/","url":"https:\/\/nazarene.org\/pt-br\/missoes-globais-2\/mobilizacao-explorar\/","name":"Mobiliza\u00e7\u00e3o Explore - Church of the Nazarene","isPartOf":{"@id":"https:\/\/nazarene.org\/pt-br\/#website"},"datePublished":"2025-05-23T19:35:57+00:00","dateModified":"2026-03-29T23:23:19+00:00","breadcrumb":{"@id":"https:\/\/nazarene.org\/pt-br\/missoes-globais-2\/mobilizacao-explorar\/#breadcrumb"},"inLanguage":"pt-BR","potentialAction":[{"@type":"ReadAction","target":["https:\/\/nazarene.org\/pt-br\/missoes-globais-2\/mobilizacao-explorar\/"]}]},{"@type":"BreadcrumbList","@id":"https:\/\/nazarene.org\/pt-br\/missoes-globais-2\/mobilizacao-explorar\/#breadcrumb","itemListElement":[{"@type":"ListItem","position":1,"name":"Home","item":"https:\/\/nazarene.org\/pt-br\/casa\/"},{"@type":"ListItem","position":2,"name":"Miss\u00f5es Globais","item":"https:\/\/nazarene.org\/pt-br\/missoes-globais-2\/"},{"@type":"ListItem","position":3,"name":"Mobiliza\u00e7\u00e3o Explore"}]},{"@type":"WebSite","@id":"https:\/\/nazarene.org\/pt-br\/#website","url":"https:\/\/nazarene.org\/pt-br\/","name":"Church of the Nazarene","description":"Making Christlike Disciples in the Nations","publisher":{"@id":"https:\/\/nazarene.org\/pt-br\/#organization"},"potentialAction":[{"@type":"SearchAction","target":{"@type":"EntryPoint","urlTemplate":"https:\/\/nazarene.org\/pt-br\/?s={search_term_string}"},"query-input":{"@type":"PropertyValueSpecification","valueRequired":true,"valueName":"search_term_string"}}],"inLanguage":"pt-BR"},{"@type":"Organization","@id":"https:\/\/nazarene.org\/pt-br\/#organization","name":"Church of the Nazarene","url":"https:\/\/nazarene.org\/pt-br\/","logo":{"@type":"ImageObject","inLanguage":"pt-BR","@id":"https:\/\/nazarene.org\/pt-br\/#\/schema\/logo\/image\/","url":"https:\/\/nazarene.org\/wp-content\/uploads\/2024\/06\/Naz_Desktop_Black_Logo-1.svg","contentUrl":"https:\/\/nazarene.org\/wp-content\/uploads\/2024\/06\/Naz_Desktop_Black_Logo-1.svg","width":258,"height":36,"caption":"Church of the Nazarene"},"image":{"@id":"https:\/\/nazarene.org\/pt-br\/#\/schema\/logo\/image\/"},"sameAs":["https:\/\/www.facebook.com\/NazareneOfficial\/","https:\/\/x.com\/Nazarene","https:\/\/www.instagram.com\/nazareneofficial\/"]}]}},"_links":{"self":[{"href":"https:\/\/nazarene.org\/pt-br\/wp-json\/wp\/v2\/pages\/38171","targetHints":{"allow":["GET"]}}],"collection":[{"href":"https:\/\/nazarene.org\/pt-br\/wp-json\/wp\/v2\/pages"}],"about":[{"href":"https:\/\/nazarene.org\/pt-br\/wp-json\/wp\/v2\/types\/page"}],"author":[{"embeddable":true,"href":"https:\/\/nazarene.org\/pt-br\/wp-json\/wp\/v2\/users\/8"}],"replies":[{"embeddable":true,"href":"https:\/\/nazarene.org\/pt-br\/wp-json\/wp\/v2\/comments?post=38171"}],"version-history":[{"count":4,"href":"https:\/\/nazarene.org\/pt-br\/wp-json\/wp\/v2\/pages\/38171\/revisions"}],"predecessor-version":[{"id":71253,"href":"https:\/\/nazarene.org\/pt-br\/wp-json\/wp\/v2\/pages\/38171\/revisions\/71253"}],"up":[{"embeddable":true,"href":"https:\/\/nazarene.org\/pt-br\/wp-json\/wp\/v2\/pages\/65323"}],"wp:attachment":[{"href":"https:\/\/nazarene.org\/pt-br\/wp-json\/wp\/v2\/media?parent=38171"}],"curies":[{"name":"wp","href":"https:\/\/api.w.org\/{rel}","templated":true}]}}