{"id":38153,"date":"2025-05-23T15:04:40","date_gmt":"2025-05-23T20:04:40","guid":{"rendered":"https:\/\/nazarene.org\/suporte-ao-wmb\/"},"modified":"2026-03-29T18:09:50","modified_gmt":"2026-03-29T23:09:50","slug":"suporte-ao-wmb","status":"publish","type":"page","link":"https:\/\/nazarene.org\/pt-br\/transmissao-missao-mundial\/suporte-ao-wmb\/","title":{"rendered":"Apoie a TMM"},"content":{"rendered":"\t\t<div data-elementor-type=\"wp-page\" data-elementor-id=\"38153\" class=\"elementor elementor-38153 elementor-36390\" data-elementor-post-type=\"page\">\n\t\t\t\t<div class=\"elementor-element elementor-element-3afea2b e-flex e-con-boxed e-con e-parent\" data-id=\"3afea2b\" data-element_type=\"container\" data-e-type=\"container\" data-settings=\"{&quot;background_background&quot;:&quot;classic&quot;,&quot;jet_parallax_layout_list&quot;:[]}\">\n\t\t\t\t\t<div class=\"e-con-inner\">\n\t\t\t\t<div class=\"elementor-element elementor-element-d4ac1ba elementor-widget elementor-widget-heading\" data-id=\"d4ac1ba\" data-element_type=\"widget\" data-e-type=\"widget\" data-widget_type=\"heading.default\">\n\t\t\t\t<div class=\"elementor-widget-container\">\n\t\t\t\t\t<h1 class=\"elementor-heading-title elementor-size-default\">Apoie a TMM<\/h1>\t\t\t\t<\/div>\n\t\t\t\t<\/div>\n\t\t\t\t\t<\/div>\n\t\t\t\t<\/div>\n\t\t<div class=\"elementor-element elementor-element-39f8f9e e-flex e-con-boxed e-con e-parent\" data-id=\"39f8f9e\" data-element_type=\"container\" data-e-type=\"container\" data-settings=\"{&quot;background_background&quot;:&quot;classic&quot;,&quot;jet_parallax_layout_list&quot;:[]}\">\n\t\t\t\t\t<div class=\"e-con-inner\">\n\t\t<div class=\"elementor-element elementor-element-e45487a e-con-full e-flex e-con e-child\" data-id=\"e45487a\" data-element_type=\"container\" data-e-type=\"container\" data-settings=\"{&quot;jet_parallax_layout_list&quot;:[],&quot;background_background&quot;:&quot;classic&quot;}\">\n\t\t\t\t<div class=\"elementor-element elementor-element-5e54c90 elementor-widget elementor-widget-heading\" data-id=\"5e54c90\" data-element_type=\"widget\" data-e-type=\"widget\" data-widget_type=\"heading.default\">\n\t\t\t\t<div class=\"elementor-widget-container\">\n\t\t\t\t\t<h3 class=\"elementor-heading-title elementor-size-default\">Oferta para Trasmiss\u00f5es de Miss\u00e3o Mundial\n<\/h3>\t\t\t\t<\/div>\n\t\t\t\t<\/div>\n\t\t\t\t<div class=\"elementor-element elementor-element-66e1b9b elementor-widget-divider--view-line elementor-widget elementor-widget-divider\" data-id=\"66e1b9b\" data-element_type=\"widget\" data-e-type=\"widget\" data-widget_type=\"divider.default\">\n\t\t\t\t<div class=\"elementor-widget-container\">\n\t\t\t\t\t\t\t<div class=\"elementor-divider\">\n\t\t\t<span class=\"elementor-divider-separator\">\n\t\t\t\t\t\t<\/span>\n\t\t<\/div>\n\t\t\t\t\t\t<\/div>\n\t\t\t\t<\/div>\n\t\t\t\t<div class=\"elementor-element elementor-element-a9b2572 elementor-widget__width-initial elementor-widget elementor-widget-text-editor\" data-id=\"a9b2572\" data-element_type=\"widget\" data-e-type=\"widget\" data-widget_type=\"text-editor.default\">\n\t\t\t\t<div class=\"elementor-widget-container\">\n\t\t\t\t\t\t\t\t\t<p>Contribuir para a Transmiss\u00f5es de Miss\u00e3o Mundial (WMB, em ingl\u00eas) possibilita alcan\u00e7ar milh\u00f5es de pessoas ao redor do mundo para Cristo, fornecendo o financiamento para a produ\u00e7\u00e3o de programas, tempo de transmiss\u00e3o e materiais de acompanhamento. <\/p><p> <\/p><p>Programas sobre santidade, veiculados por r\u00e1dio, televis\u00e3o e internet, est\u00e3o alcan\u00e7ando os confins do mundo com a mensagem de Jesus e seu amor redentor. Isso tamb\u00e9m ajuda a discipular aqueles que respondem. <\/p><p> <\/p><p>As ora\u00e7\u00f5es e o apoio financeiro das Igrejas do Nazareno e pessoas individuais s\u00e3o vitais para manter a programa\u00e7\u00e3o da TMM no ar. Sugerimos que voc\u00ea trabalhe em estreita colabora\u00e7\u00e3o com a lideran\u00e7a da sua igreja para encontrar o melhor hor\u00e1rio poss\u00edvel para divulgar a TMM e receber as ofertas. <\/p>\t\t\t\t\t\t\t\t<\/div>\n\t\t\t\t<\/div>\n\t\t\t\t<div class=\"elementor-element elementor-element-423039f elementor-hidden-mobile elementor-widget elementor-widget-spacer\" data-id=\"423039f\" data-element_type=\"widget\" data-e-type=\"widget\" data-widget_type=\"spacer.default\">\n\t\t\t\t<div class=\"elementor-widget-container\">\n\t\t\t\t\t\t\t<div class=\"elementor-spacer\">\n\t\t\t<div class=\"elementor-spacer-inner\"><\/div>\n\t\t<\/div>\n\t\t\t\t\t\t<\/div>\n\t\t\t\t<\/div>\n\t\t\t\t<\/div>\n\t\t\t\t\t<\/div>\n\t\t\t\t<\/div>\n\t\t<div class=\"elementor-element elementor-element-5eff4ab e-flex e-con-boxed e-con e-parent\" data-id=\"5eff4ab\" data-element_type=\"container\" data-e-type=\"container\" data-settings=\"{&quot;background_background&quot;:&quot;classic&quot;,&quot;jet_parallax_layout_list&quot;:[]}\">\n\t\t\t\t\t<div class=\"e-con-inner\">\n\t\t<div class=\"elementor-element elementor-element-37d8b9f e-flex e-con-boxed e-con e-child\" data-id=\"37d8b9f\" data-element_type=\"container\" data-e-type=\"container\" data-settings=\"{&quot;jet_parallax_layout_list&quot;:[]}\">\n\t\t\t\t\t<div class=\"e-con-inner\">\n\t\t<div class=\"elementor-element elementor-element-136262f e-con-full e-flex e-con e-child\" data-id=\"136262f\" data-element_type=\"container\" data-e-type=\"container\" data-settings=\"{&quot;jet_parallax_layout_list&quot;:[]}\">\n\t\t\t\t<div class=\"elementor-element elementor-element-2ef5ac1 elementor-widget elementor-widget-heading\" data-id=\"2ef5ac1\" data-element_type=\"widget\" data-e-type=\"widget\" data-widget_type=\"heading.default\">\n\t\t\t\t<div class=\"elementor-widget-container\">\n\t\t\t\t\t<h3 class=\"elementor-heading-title elementor-size-default\">Doe On-line<\/h3>\t\t\t\t<\/div>\n\t\t\t\t<\/div>\n\t\t\t\t<\/div>\n\t\t\t\t<div class=\"elementor-element elementor-element-d48f2dd elementor-widget-divider--view-line elementor-widget elementor-widget-divider\" data-id=\"d48f2dd\" data-element_type=\"widget\" data-e-type=\"widget\" data-widget_type=\"divider.default\">\n\t\t\t\t<div class=\"elementor-widget-container\">\n\t\t\t\t\t\t\t<div class=\"elementor-divider\">\n\t\t\t<span class=\"elementor-divider-separator\">\n\t\t\t\t\t\t<\/span>\n\t\t<\/div>\n\t\t\t\t\t\t<\/div>\n\t\t\t\t<\/div>\n\t\t\t\t<div class=\"elementor-element elementor-element-c24e727 elementor-widget__width-initial elementor-widget elementor-widget-text-editor\" data-id=\"c24e727\" data-element_type=\"widget\" data-e-type=\"widget\" data-widget_type=\"text-editor.default\">\n\t\t\t\t<div class=\"elementor-widget-container\">\n\t\t\t\t\t\t\t\t\t<p>Ou emita cheques nominais \u200b\u200b\u00e0 Transmiss\u00f5es de Miss\u00e3o Mundial e envie para:<\/p><p> <\/p><p>Igreja do Nazareno<\/p><p>Servi\u00e7os da tesouraria global<\/p><p>P.O. Box 843116<\/p><p>Kansas City, MO 64184-3116<\/p>\t\t\t\t\t\t\t\t<\/div>\n\t\t\t\t<\/div>\n\t\t\t\t<div class=\"elementor-element elementor-element-16854e2 elementor-align-center elementor-widget elementor-widget-button\" data-id=\"16854e2\" data-element_type=\"widget\" data-e-type=\"widget\" data-widget_type=\"button.default\">\n\t\t\t\t<div class=\"elementor-widget-container\">\n\t\t\t\t\t\t\t\t\t<div class=\"elementor-button-wrapper\">\n\t\t\t\t\t<a class=\"elementor-button elementor-button-link elementor-size-sm\" href=\"https:\/\/give.nazarene.org\/donate\/world-mission-broadcast\" target=\"_blank\">\n\t\t\t\t\t\t<span class=\"elementor-button-content-wrapper\">\n\t\t\t\t\t\t<span class=\"elementor-button-icon\">\n\t\t\t\t<svg aria-hidden=\"true\" class=\"e-font-icon-svg e-fas-arrow-right\" viewBox=\"0 0 448 512\" xmlns=\"http:\/\/www.w3.org\/2000\/svg\"><path d=\"M190.5 66.9l22.2-22.2c9.4-9.4 24.6-9.4 33.9 0L441 239c9.4 9.4 9.4 24.6 0 33.9L246.6 467.3c-9.4 9.4-24.6 9.4-33.9 0l-22.2-22.2c-9.5-9.5-9.3-25 .4-34.3L311.4 296H24c-13.3 0-24-10.7-24-24v-32c0-13.3 10.7-24 24-24h287.4L190.9 101.2c-9.8-9.3-10-24.8-.4-34.3z\"><\/path><\/svg>\t\t\t<\/span>\n\t\t\t\t\t\t\t\t\t<span class=\"elementor-button-text\">DOAR AGORA<\/span>\n\t\t\t\t\t<\/span>\n\t\t\t\t\t<\/a>\n\t\t\t\t<\/div>\n\t\t\t\t\t\t\t\t<\/div>\n\t\t\t\t<\/div>\n\t\t\t\t\t<\/div>\n\t\t\t\t<\/div>\n\t\t\t\t\t<\/div>\n\t\t\t\t<\/div>\n\t\t<div class=\"elementor-element elementor-element-f619eb2 e-flex e-con-boxed e-con e-parent\" data-id=\"f619eb2\" data-element_type=\"container\" data-e-type=\"container\" data-settings=\"{&quot;background_background&quot;:&quot;classic&quot;,&quot;jet_parallax_layout_list&quot;:[]}\">\n\t\t\t\t\t<div class=\"e-con-inner\">\n\t\t<div class=\"elementor-element elementor-element-e47f33b e-con-full e-flex e-con e-child\" data-id=\"e47f33b\" data-element_type=\"container\" data-e-type=\"container\" data-settings=\"{&quot;jet_parallax_layout_list&quot;:[],&quot;background_background&quot;:&quot;classic&quot;}\">\n\t\t\t\t<div class=\"elementor-element elementor-element-7e6e7ed elementor-widget elementor-widget-heading\" data-id=\"7e6e7ed\" data-element_type=\"widget\" data-e-type=\"widget\" data-widget_type=\"heading.default\">\n\t\t\t\t<div class=\"elementor-widget-container\">\n\t\t\t\t\t<h3 class=\"elementor-heading-title elementor-size-default\">Adote um projeto da TMM<\/h3>\t\t\t\t<\/div>\n\t\t\t\t<\/div>\n\t\t\t\t<div class=\"elementor-element elementor-element-654391f elementor-widget-divider--view-line elementor-widget elementor-widget-divider\" data-id=\"654391f\" data-element_type=\"widget\" data-e-type=\"widget\" data-widget_type=\"divider.default\">\n\t\t\t\t<div class=\"elementor-widget-container\">\n\t\t\t\t\t\t\t<div class=\"elementor-divider\">\n\t\t\t<span class=\"elementor-divider-separator\">\n\t\t\t\t\t\t<\/span>\n\t\t<\/div>\n\t\t\t\t\t\t<\/div>\n\t\t\t\t<\/div>\n\t\t\t\t<div class=\"elementor-element elementor-element-17f2c41 elementor-widget__width-initial elementor-widget elementor-widget-text-editor\" data-id=\"17f2c41\" data-element_type=\"widget\" data-e-type=\"widget\" data-widget_type=\"text-editor.default\">\n\t\t\t\t<div class=\"elementor-widget-container\">\n\t\t\t\t\t\t\t\t\t<div class=\"layout__region layout__region--left flex-1-1 flex-grow-0 xl-flex-4-5\"><div class=\"block__wysiwyg\" data-layout-content-preview-placeholder-label=\"\"text\" block\"><div class=\"styles-wrapper-584d2a84-5c7d-4792-875a-8c11232d4a09\"><section class=\"wysiwyg\"><div class=\"wysiwyg__content\"><div class=\"flex-container flex-wrap\"><p>Voc\u00ea prefere se envolver com um projeto espec\u00edfico da TMM? Se sim, ent\u00e3o nossos projetos de &#8220;Adote um Projeto&#8221; s\u00e3o para voc\u00ea. Existem muitos programas da TMM que n\u00e3o s\u00e3o financiados pela verba anual, mas as oportunidades existem. Os projetos atuais est\u00e3o listados abaixo:   <\/p><p> <\/p><p><a href=\"https:\/\/asiapacificnazarene.org\/nyi-across-the-philippines-challenged-to-get-involved-in-radio-ministry\/\" target=\"_blank\" rel=\"noopener\"><strong>Kits de Produ\u00e7\u00e3o<\/strong><\/a> \u2013 A TMM est\u00e1 capacitando l\u00edderes ao redor do mundo que s\u00e3o apaixonados por alcan\u00e7ar sua gera\u00e7\u00e3o com o evangelho. Ao fornecer fundos para um Kit de Produ\u00e7\u00e3o, voc\u00ea possibilitar\u00e1 que uma emissora crie programas envolventes e relevantes que levar\u00e3o as Boas Novas \u00e0s pessoas de sua comunidade. Cada kit cont\u00e9m um laptop, software de grava\u00e7\u00e3o e edi\u00e7\u00e3o de \u00e1udio, interface de hardware, um microfone e fones de ouvido. Um inversor de energia permite a grava\u00e7\u00e3o em campo atrav\u00e9s da conex\u00e3o com a bateria de um carro.    Cabos e acess\u00f3rios completam o est\u00fadio de grava\u00e7\u00e3o virtual em um kit de produ\u00e7\u00e3o. <\/p><p> <\/p><p>Custo: US$ 1.400,00 por kit de produ\u00e7\u00e3o baseado em Windows ou US$ 1.600,00 por kit de produ\u00e7\u00e3o baseado em MAC.<\/p><\/div><\/div><\/section><\/div><\/div><\/div>\t\t\t\t\t\t\t\t<\/div>\n\t\t\t\t<\/div>\n\t\t\t\t<div class=\"elementor-element elementor-element-b84e2d9 elementor-widget elementor-widget-spacer\" data-id=\"b84e2d9\" data-element_type=\"widget\" data-e-type=\"widget\" data-widget_type=\"spacer.default\">\n\t\t\t\t<div class=\"elementor-widget-container\">\n\t\t\t\t\t\t\t<div class=\"elementor-spacer\">\n\t\t\t<div class=\"elementor-spacer-inner\"><\/div>\n\t\t<\/div>\n\t\t\t\t\t\t<\/div>\n\t\t\t\t<\/div>\n\t\t\t\t<\/div>\n\t\t\t\t\t<\/div>\n\t\t\t\t<\/div>\n\t\t<div class=\"elementor-element elementor-element-66c93bb e-flex e-con-boxed e-con e-parent\" data-id=\"66c93bb\" data-element_type=\"container\" data-e-type=\"container\" data-settings=\"{&quot;background_background&quot;:&quot;classic&quot;,&quot;jet_parallax_layout_list&quot;:[]}\">\n\t\t\t\t\t<div class=\"e-con-inner\">\n\t\t<div class=\"elementor-element elementor-element-cc047ad e-con-full e-flex e-con e-child\" data-id=\"cc047ad\" data-element_type=\"container\" data-e-type=\"container\" data-settings=\"{&quot;background_background&quot;:&quot;classic&quot;,&quot;jet_parallax_layout_list&quot;:[]}\">\n\t\t<div class=\"elementor-element elementor-element-a16f554 e-con-full e-flex e-con e-child\" data-id=\"a16f554\" data-element_type=\"container\" data-e-type=\"container\" data-settings=\"{&quot;jet_parallax_layout_list&quot;:[]}\">\n\t\t\t\t<div class=\"elementor-element elementor-element-0a3a44c elementor-widget__width-initial elementor-widget elementor-widget-heading\" data-id=\"0a3a44c\" data-element_type=\"widget\" data-e-type=\"widget\" data-widget_type=\"heading.default\">\n\t\t\t\t<div class=\"elementor-widget-container\">\n\t\t\t\t\t<h2 class=\"elementor-heading-title elementor-size-default\">Entre em contato conosco<\/h2>\t\t\t\t<\/div>\n\t\t\t\t<\/div>\n\t\t\t\t<div class=\"elementor-element elementor-element-7ec5b5a elementor-widget elementor-widget-text-editor\" data-id=\"7ec5b5a\" data-element_type=\"widget\" data-e-type=\"widget\" data-widget_type=\"text-editor.default\">\n\t\t\t\t<div class=\"elementor-widget-container\">\n\t\t\t\t\t\t\t\t\t<p><a href=\"mailto:wmb@nazarene.org\">wmb@nazarene.org<\/a><a href=\"mailto:%20wmb@nazarene.org\"> <\/a><br>Fone: 913-577-2901<\/p><div class=\"layout-content md-flex-3-4 xl-flex-4-5\"><div><div id=\"block-nazarene-org-content\"><article class=\"node node__component-page node__component-page__view_mode_full support-wmb\" role=\"article\"><div><div class=\"layout layout--eighty-twenty-regions flex-container flex-dir-column overlay-top-light\"><div class=\"layout-content-overlay flex-container flex-dir-column flex-jc-center\"><div class=\"layout--inner flex-container flex-dir-column xl-flex-dir-row flex-jc-flex-start flex-ai-flex-start row flex-gutters\"><div class=\"layout__region layout__region--right flex-1-1 flex-grow-0 xl-flex-1-5\"><div class=\"block__wysiwyg\" data-layout-content-preview-placeholder-label=\"\"text\" block\"><div class=\"styles-wrapper-df09d713-6a3c-408f-a472-a22f06a23141\"><section class=\"wysiwyg\"><div class=\"wysiwyg__content\"><div class=\"flex-container flex-wrap\"><p><strong>World Mission Broadcast<\/strong><br>17001 Prairie Star Parkway<br>Lenexa, KS, USA 66220<\/p><\/div><\/div><\/section><\/div><\/div><\/div><\/div><\/div><\/div><\/div><\/article><\/div><\/div><\/div>\t\t\t\t\t\t\t\t<\/div>\n\t\t\t\t<\/div>\n\t\t\t\t<\/div>\n\t\t\t\t<\/div>\n\t\t\t\t\t<\/div>\n\t\t\t\t<\/div>\n\t\t\t\t<\/div>\n\t\t","protected":false},"excerpt":{"rendered":"<p>Apoie a TMM Oferta para Trasmiss\u00f5es de Miss\u00e3o Mundial Contribuir para a Transmiss\u00f5es de Miss\u00e3o Mundial (WMB, em ingl\u00eas) possibilita alcan\u00e7ar milh\u00f5es de pessoas ao redor do mundo para Cristo, fornecendo o financiamento para a produ\u00e7\u00e3o de programas, tempo de transmiss\u00e3o e materiais de acompanhamento. Programas sobre santidade, veiculados por r\u00e1dio, televis\u00e3o e internet, est\u00e3o [&hellip;]<\/p>\n","protected":false},"author":8,"featured_media":0,"parent":37725,"menu_order":0,"comment_status":"closed","ping_status":"closed","template":"","meta":{"content-type":"","_jet_sm_ready_style":"","_jet_sm_style":"","_jet_sm_controls_values":"","_jet_sm_fonts_collection":"","_jet_sm_fonts_links":"","footnotes":""},"class_list":["post-38153","page","type-page","status-publish","hentry"],"yoast_head":"<!-- This site is optimized with the Yoast SEO Premium plugin v27.1 (Yoast SEO v27.1.1) - https:\/\/yoast.com\/product\/yoast-seo-premium-wordpress\/ -->\n<title>Apoie a TMM - Church of the Nazarene<\/title>\n<meta name=\"robots\" content=\"index, follow, max-snippet:-1, max-image-preview:large, max-video-preview:-1\" \/>\n<link rel=\"canonical\" href=\"https:\/\/nazarene.org\/pt-br\/transmissao-missao-mundial\/suporte-ao-wmb\/\" \/>\n<meta property=\"og:locale\" content=\"pt_BR\" \/>\n<meta property=\"og:type\" content=\"article\" \/>\n<meta property=\"og:title\" content=\"Apoie a TMM\" \/>\n<meta property=\"og:description\" content=\"Apoie a TMM Oferta para Trasmiss\u00f5es de Miss\u00e3o Mundial Contribuir para a Transmiss\u00f5es de Miss\u00e3o Mundial (WMB, em ingl\u00eas) possibilita alcan\u00e7ar milh\u00f5es de pessoas ao redor do mundo para Cristo, fornecendo o financiamento para a produ\u00e7\u00e3o de programas, tempo de transmiss\u00e3o e materiais de acompanhamento. Programas sobre santidade, veiculados por r\u00e1dio, televis\u00e3o e internet, est\u00e3o [&hellip;]\" \/>\n<meta property=\"og:url\" content=\"https:\/\/nazarene.org\/pt-br\/transmissao-missao-mundial\/suporte-ao-wmb\/\" \/>\n<meta property=\"og:site_name\" content=\"Church of the Nazarene\" \/>\n<meta property=\"article:publisher\" content=\"https:\/\/www.facebook.com\/NazareneOfficial\/\" \/>\n<meta property=\"article:modified_time\" content=\"2026-03-29T23:09:50+00:00\" \/>\n<meta name=\"twitter:card\" content=\"summary_large_image\" \/>\n<meta name=\"twitter:site\" content=\"@Nazarene\" \/>\n<script type=\"application\/ld+json\" class=\"yoast-schema-graph\">{\"@context\":\"https:\/\/schema.org\",\"@graph\":[{\"@type\":\"WebPage\",\"@id\":\"https:\/\/nazarene.org\/pt-br\/transmissao-missao-mundial\/suporte-ao-wmb\/\",\"url\":\"https:\/\/nazarene.org\/pt-br\/transmissao-missao-mundial\/suporte-ao-wmb\/\",\"name\":\"Apoie a TMM - Church of the Nazarene\",\"isPartOf\":{\"@id\":\"https:\/\/nazarene.org\/pt-br\/#website\"},\"datePublished\":\"2025-05-23T20:04:40+00:00\",\"dateModified\":\"2026-03-29T23:09:50+00:00\",\"breadcrumb\":{\"@id\":\"https:\/\/nazarene.org\/pt-br\/transmissao-missao-mundial\/suporte-ao-wmb\/#breadcrumb\"},\"inLanguage\":\"pt-BR\",\"potentialAction\":[{\"@type\":\"ReadAction\",\"target\":[\"https:\/\/nazarene.org\/pt-br\/transmissao-missao-mundial\/suporte-ao-wmb\/\"]}]},{\"@type\":\"BreadcrumbList\",\"@id\":\"https:\/\/nazarene.org\/pt-br\/transmissao-missao-mundial\/suporte-ao-wmb\/#breadcrumb\",\"itemListElement\":[{\"@type\":\"ListItem\",\"position\":1,\"name\":\"Home\",\"item\":\"https:\/\/nazarene.org\/pt-br\/casa\/\"},{\"@type\":\"ListItem\",\"position\":2,\"name\":\"Transmiss\u00f5es de Miss\u00e3o Mundial\",\"item\":\"https:\/\/nazarene.org\/pt-br\/transmissao-missao-mundial\/\"},{\"@type\":\"ListItem\",\"position\":3,\"name\":\"Apoie a TMM\"}]},{\"@type\":\"WebSite\",\"@id\":\"https:\/\/nazarene.org\/pt-br\/#website\",\"url\":\"https:\/\/nazarene.org\/pt-br\/\",\"name\":\"Church of the Nazarene\",\"description\":\"Making Christlike Disciples in the Nations\",\"publisher\":{\"@id\":\"https:\/\/nazarene.org\/pt-br\/#organization\"},\"potentialAction\":[{\"@type\":\"SearchAction\",\"target\":{\"@type\":\"EntryPoint\",\"urlTemplate\":\"https:\/\/nazarene.org\/pt-br\/?s={search_term_string}\"},\"query-input\":{\"@type\":\"PropertyValueSpecification\",\"valueRequired\":true,\"valueName\":\"search_term_string\"}}],\"inLanguage\":\"pt-BR\"},{\"@type\":\"Organization\",\"@id\":\"https:\/\/nazarene.org\/pt-br\/#organization\",\"name\":\"Church of the Nazarene\",\"url\":\"https:\/\/nazarene.org\/pt-br\/\",\"logo\":{\"@type\":\"ImageObject\",\"inLanguage\":\"pt-BR\",\"@id\":\"https:\/\/nazarene.org\/pt-br\/#\/schema\/logo\/image\/\",\"url\":\"https:\/\/nazarene.org\/wp-content\/uploads\/2024\/06\/Naz_Desktop_Black_Logo-1.svg\",\"contentUrl\":\"https:\/\/nazarene.org\/wp-content\/uploads\/2024\/06\/Naz_Desktop_Black_Logo-1.svg\",\"width\":258,\"height\":36,\"caption\":\"Church of the Nazarene\"},\"image\":{\"@id\":\"https:\/\/nazarene.org\/pt-br\/#\/schema\/logo\/image\/\"},\"sameAs\":[\"https:\/\/www.facebook.com\/NazareneOfficial\/\",\"https:\/\/x.com\/Nazarene\",\"https:\/\/www.instagram.com\/nazareneofficial\/\"]}]}<\/script>\n<!-- \/ Yoast SEO Premium plugin. -->","yoast_head_json":{"title":"Apoie a TMM - Church of the Nazarene","robots":{"index":"index","follow":"follow","max-snippet":"max-snippet:-1","max-image-preview":"max-image-preview:large","max-video-preview":"max-video-preview:-1"},"canonical":"https:\/\/nazarene.org\/pt-br\/transmissao-missao-mundial\/suporte-ao-wmb\/","og_locale":"pt_BR","og_type":"article","og_title":"Apoie a TMM","og_description":"Apoie a TMM Oferta para Trasmiss\u00f5es de Miss\u00e3o Mundial Contribuir para a Transmiss\u00f5es de Miss\u00e3o Mundial (WMB, em ingl\u00eas) possibilita alcan\u00e7ar milh\u00f5es de pessoas ao redor do mundo para Cristo, fornecendo o financiamento para a produ\u00e7\u00e3o de programas, tempo de transmiss\u00e3o e materiais de acompanhamento. Programas sobre santidade, veiculados por r\u00e1dio, televis\u00e3o e internet, est\u00e3o [&hellip;]","og_url":"https:\/\/nazarene.org\/pt-br\/transmissao-missao-mundial\/suporte-ao-wmb\/","og_site_name":"Church of the Nazarene","article_publisher":"https:\/\/www.facebook.com\/NazareneOfficial\/","article_modified_time":"2026-03-29T23:09:50+00:00","twitter_card":"summary_large_image","twitter_site":"@Nazarene","schema":{"@context":"https:\/\/schema.org","@graph":[{"@type":"WebPage","@id":"https:\/\/nazarene.org\/pt-br\/transmissao-missao-mundial\/suporte-ao-wmb\/","url":"https:\/\/nazarene.org\/pt-br\/transmissao-missao-mundial\/suporte-ao-wmb\/","name":"Apoie a TMM - Church of the Nazarene","isPartOf":{"@id":"https:\/\/nazarene.org\/pt-br\/#website"},"datePublished":"2025-05-23T20:04:40+00:00","dateModified":"2026-03-29T23:09:50+00:00","breadcrumb":{"@id":"https:\/\/nazarene.org\/pt-br\/transmissao-missao-mundial\/suporte-ao-wmb\/#breadcrumb"},"inLanguage":"pt-BR","potentialAction":[{"@type":"ReadAction","target":["https:\/\/nazarene.org\/pt-br\/transmissao-missao-mundial\/suporte-ao-wmb\/"]}]},{"@type":"BreadcrumbList","@id":"https:\/\/nazarene.org\/pt-br\/transmissao-missao-mundial\/suporte-ao-wmb\/#breadcrumb","itemListElement":[{"@type":"ListItem","position":1,"name":"Home","item":"https:\/\/nazarene.org\/pt-br\/casa\/"},{"@type":"ListItem","position":2,"name":"Transmiss\u00f5es de Miss\u00e3o Mundial","item":"https:\/\/nazarene.org\/pt-br\/transmissao-missao-mundial\/"},{"@type":"ListItem","position":3,"name":"Apoie a TMM"}]},{"@type":"WebSite","@id":"https:\/\/nazarene.org\/pt-br\/#website","url":"https:\/\/nazarene.org\/pt-br\/","name":"Church of the Nazarene","description":"Making Christlike Disciples in the Nations","publisher":{"@id":"https:\/\/nazarene.org\/pt-br\/#organization"},"potentialAction":[{"@type":"SearchAction","target":{"@type":"EntryPoint","urlTemplate":"https:\/\/nazarene.org\/pt-br\/?s={search_term_string}"},"query-input":{"@type":"PropertyValueSpecification","valueRequired":true,"valueName":"search_term_string"}}],"inLanguage":"pt-BR"},{"@type":"Organization","@id":"https:\/\/nazarene.org\/pt-br\/#organization","name":"Church of the Nazarene","url":"https:\/\/nazarene.org\/pt-br\/","logo":{"@type":"ImageObject","inLanguage":"pt-BR","@id":"https:\/\/nazarene.org\/pt-br\/#\/schema\/logo\/image\/","url":"https:\/\/nazarene.org\/wp-content\/uploads\/2024\/06\/Naz_Desktop_Black_Logo-1.svg","contentUrl":"https:\/\/nazarene.org\/wp-content\/uploads\/2024\/06\/Naz_Desktop_Black_Logo-1.svg","width":258,"height":36,"caption":"Church of the Nazarene"},"image":{"@id":"https:\/\/nazarene.org\/pt-br\/#\/schema\/logo\/image\/"},"sameAs":["https:\/\/www.facebook.com\/NazareneOfficial\/","https:\/\/x.com\/Nazarene","https:\/\/www.instagram.com\/nazareneofficial\/"]}]}},"_links":{"self":[{"href":"https:\/\/nazarene.org\/pt-br\/wp-json\/wp\/v2\/pages\/38153","targetHints":{"allow":["GET"]}}],"collection":[{"href":"https:\/\/nazarene.org\/pt-br\/wp-json\/wp\/v2\/pages"}],"about":[{"href":"https:\/\/nazarene.org\/pt-br\/wp-json\/wp\/v2\/types\/page"}],"author":[{"embeddable":true,"href":"https:\/\/nazarene.org\/pt-br\/wp-json\/wp\/v2\/users\/8"}],"replies":[{"embeddable":true,"href":"https:\/\/nazarene.org\/pt-br\/wp-json\/wp\/v2\/comments?post=38153"}],"version-history":[{"count":14,"href":"https:\/\/nazarene.org\/pt-br\/wp-json\/wp\/v2\/pages\/38153\/revisions"}],"predecessor-version":[{"id":71249,"href":"https:\/\/nazarene.org\/pt-br\/wp-json\/wp\/v2\/pages\/38153\/revisions\/71249"}],"up":[{"embeddable":true,"href":"https:\/\/nazarene.org\/pt-br\/wp-json\/wp\/v2\/pages\/37725"}],"wp:attachment":[{"href":"https:\/\/nazarene.org\/pt-br\/wp-json\/wp\/v2\/media?parent=38153"}],"curies":[{"name":"wp","href":"https:\/\/api.w.org\/{rel}","templated":true}]}}