{"id":40257,"date":"2025-01-16T11:12:57","date_gmt":"2025-01-16T17:12:57","guid":{"rendered":"https:\/\/nazarene.org\/developpement-mondial-du-clerge\/licences-et-ordination\/"},"modified":"2025-06-10T03:56:09","modified_gmt":"2025-06-10T08:56:09","slug":"licences-et-ordination","status":"publish","type":"page","link":"https:\/\/nazarene.org\/fr\/developpement-mondial-du-clerge\/licences-et-ordination\/","title":{"rendered":"Licences et ordination"},"content":{"rendered":"\t\t<div data-elementor-type=\"wp-page\" data-elementor-id=\"40257\" class=\"elementor elementor-40257 elementor-6268\" data-elementor-post-type=\"page\">\n\t\t\t\t<div class=\"elementor-element elementor-element-3afea2b e-flex e-con-boxed e-con e-parent\" data-id=\"3afea2b\" data-element_type=\"container\" data-e-type=\"container\" data-settings=\"{&quot;background_background&quot;:&quot;gradient&quot;,&quot;jet_parallax_layout_list&quot;:[]}\">\n\t\t\t\t\t<div class=\"e-con-inner\">\n\t\t\t\t<div class=\"elementor-element elementor-element-d4ac1ba elementor-widget elementor-widget-heading\" data-id=\"d4ac1ba\" data-element_type=\"widget\" data-e-type=\"widget\" data-widget_type=\"heading.default\">\n\t\t\t\t<div class=\"elementor-widget-container\">\n\t\t\t\t\t<h1 class=\"elementor-heading-title elementor-size-default\">Licences et ordination<\/h1>\t\t\t\t<\/div>\n\t\t\t\t<\/div>\n\t\t\t\t\t<\/div>\n\t\t\t\t<\/div>\n\t\t<div class=\"elementor-element elementor-element-4ea39de e-flex e-con-boxed e-con e-parent\" data-id=\"4ea39de\" data-element_type=\"container\" data-e-type=\"container\" data-settings=\"{&quot;jet_parallax_layout_list&quot;:[],&quot;background_background&quot;:&quot;classic&quot;}\">\n\t\t\t\t\t<div class=\"e-con-inner\">\n\t\t<div class=\"elementor-element elementor-element-67e09d3 e-con-full e-flex e-con e-child\" data-id=\"67e09d3\" data-element_type=\"container\" data-e-type=\"container\" data-settings=\"{&quot;background_background&quot;:&quot;classic&quot;,&quot;jet_parallax_layout_list&quot;:[]}\">\n\t\t\t\t<div class=\"elementor-element elementor-element-5061490 elementor-widget__width-initial elementor-widget-mobile__width-inherit elementor-widget elementor-widget-heading\" data-id=\"5061490\" data-element_type=\"widget\" data-e-type=\"widget\" data-widget_type=\"heading.default\">\n\t\t\t\t<div class=\"elementor-widget-container\">\n\t\t\t\t\t<h3 class=\"elementor-heading-title elementor-size-default\">Vous trouverez ci-dessous les formulaires et les demandes requis pour la licence minist\u00e9rielle et l'ordination. Pour conna\u00eetre les proc\u00e9dures sp\u00e9cifiques \u00e0 votre r\u00e9gion, consultez votre site Web r\u00e9gional .<\/h3>\t\t\t\t<\/div>\n\t\t\t\t<\/div>\n\t\t\t\t<\/div>\n\t\t\t\t\t<\/div>\n\t\t\t\t<\/div>\n\t\t<div class=\"elementor-element elementor-element-d81cb13 e-flex e-con-boxed e-con e-parent\" data-id=\"d81cb13\" data-element_type=\"container\" data-e-type=\"container\" data-settings=\"{&quot;jet_parallax_layout_list&quot;:[],&quot;background_background&quot;:&quot;classic&quot;}\">\n\t\t\t\t\t<div class=\"e-con-inner\">\n\t\t<div class=\"elementor-element elementor-element-d0c3a6c e-con-full e-flex e-con e-child\" data-id=\"d0c3a6c\" data-element_type=\"container\" data-e-type=\"container\" data-settings=\"{&quot;background_background&quot;:&quot;classic&quot;,&quot;jet_parallax_layout_list&quot;:[]}\">\n\t\t\t\t<div class=\"elementor-element elementor-element-5645119 elementor-widget elementor-widget-heading\" data-id=\"5645119\" data-element_type=\"widget\" data-e-type=\"widget\" data-widget_type=\"heading.default\">\n\t\t\t\t<div class=\"elementor-widget-container\">\n\t\t\t\t\t<h1 class=\"elementor-heading-title elementor-size-default\">Formulaires<\/h1>\t\t\t\t<\/div>\n\t\t\t\t<\/div>\n\t\t\t\t<div class=\"elementor-element elementor-element-e50a656 elementor-widget elementor-widget-text-editor\" data-id=\"e50a656\" data-element_type=\"widget\" data-e-type=\"widget\" data-widget_type=\"text-editor.default\">\n\t\t\t\t<div class=\"elementor-widget-container\">\n\t\t\t\t\t\t\t\t\t<p><strong>Formulaire de v\u00e9rification des ant\u00e9c\u00e9dents de comp\u00e9tences<\/strong> &#8211; <a href=\"\/wp-content\/uploads\/2025\/01\/Verification_CredentialHistoryRequest_fillableForm_2016-11.pdf\" target=\"_blank\" rel=\"noopener\">anglais<\/a>, <a href=\"\/wp-content\/uploads\/2025\/01\/Demande-de-verification-de-lhistorique-de-laccreditation.pdf\" target=\"_blank\" rel=\"noopener\">fran\u00e7ais<\/a>, <a href=\"\/wp-content\/uploads\/2025\/01\/CredentialVerificationKorean.pdf\" target=\"_blank\" rel=\"noopener\">\ud55c\uad6d\uc5b4<\/a>, <a href=\"\/wp-content\/uploads\/2025\/01\/CredentialVerificationPortuguese.pdf\" target=\"_blank\" rel=\"noopener\">portugais<\/a>)<\/p><p><strong>Manuels r\u00e9gionaux pour les candidats minist\u00e9riels<\/strong> &#8211; \u00c9tats-Unis\/Canada : <a href=\"\/wp-content\/uploads\/2025\/01\/GuideToMinisterialPrepAndOrdination.pdf\" target=\"_blank\" rel=\"noopener\">anglais<\/a>, <a href=\"\/wp-content\/uploads\/2025\/01\/Guide-de-la-preparation-ministerielle-et-de-lordination.pdf\" target=\"_blank\" rel=\"noopener\">fran\u00e7ais<\/a>, <a href=\"\/wp-content\/uploads\/2025\/01\/Guia-para-la-Preparacion-Ministerial-y-Ordenacion-2017.pdf\" target=\"_blank\" rel=\"noopener\">espagnol<\/a><\/p><p><a href=\"\/wp-content\/uploads\/2025\/01\/ApplicationForDistrictMinistersLicensePortuguese-1.30.2018-Rev.pdf\" target=\"_blank\" rel=\"noopener\">Demande<\/a> <strong>de licence de ministre de district<\/strong> &#8211; <a href=\"\/wp-content\/uploads\/2025\/01\/ApplicationForDistrictMinistersLicenseEnglish-FORM-1.30.18.pdf\" target=\"_blank\" rel=\"noopener\">Anglais<\/a>, <a href=\"\/wp-content\/uploads\/2025\/01\/Application-For-District-Ministers-License-French-1.3.2018-Rev.pdf\" target=\"_blank\" rel=\"noopener\">fran\u00e7ais<\/a>, <a href=\"\/wp-content\/uploads\/2025\/01\/ApplicationForDistrictMinistersLicenseSpanish-FORM-1.30.2018.pdf\" target=\"_blank\" rel=\"noopener\">espagnol<\/a>, portugais<\/p><p>Une \u00e9tape essentielle pour se qualifier toute personne cherchant \u00e0 obtenir une licence de ministre local ou de district est de v\u00e9rifier les ant\u00e9c\u00e9dents de la personne dans l&rsquo;\u00c9glise du Nazar\u00e9en aupr\u00e8s du bureau du secr\u00e9taire g\u00e9n\u00e9ral. Une telle v\u00e9rification est un exercice indispensable de diligence raisonnable par les conseils d&rsquo;\u00e9glises locales et de district dans l&rsquo;exercice de leurs responsabilit\u00e9s respectives en ce qui concerne les licences minist\u00e9rielles.<\/p>\t\t\t\t\t\t\t\t<\/div>\n\t\t\t\t<\/div>\n\t\t\t\t<div class=\"elementor-element elementor-element-c713665 elementor-widget elementor-widget-heading\" data-id=\"c713665\" data-element_type=\"widget\" data-e-type=\"widget\" data-widget_type=\"heading.default\">\n\t\t\t\t<div class=\"elementor-widget-container\">\n\t\t\t\t\t<h1 class=\"elementor-heading-title elementor-size-default\">Demande d'ordination \/ reconnaissance de l'ordination<\/h1>\t\t\t\t<\/div>\n\t\t\t\t<\/div>\n\t\t\t\t<div class=\"elementor-element elementor-element-743cff7 elementor-widget__width-inherit elementor-widget elementor-widget-text-editor\" data-id=\"743cff7\" data-element_type=\"widget\" data-e-type=\"widget\" data-widget_type=\"text-editor.default\">\n\t\t\t\t<div class=\"elementor-widget-container\">\n\t\t\t\t\t\t\t\t\t<p><a href=\"\/wp-content\/uploads\/2025\/01\/Ordination-Recognition-Questionnaire-English-rev-11.2.18-fill-in.pdf\" target=\"_blank\" rel=\"noopener\">Application d&rsquo;ordination<\/a><br>Pour les candidats \u00e0 l&rsquo;ordination ou les ministres ordonn\u00e9s demandant la reconnaissance des comp\u00e9tences<\/p><p><a href=\"\/wp-content\/uploads\/2025\/01\/QUESTIONNAIRE-POUR-LORDINATION-OU-LA-RECONNAISSANCE-rev-02.11.2018.pdf\" target=\"_blank\" rel=\"noopener\">Demande d&rsquo;ordination (fran\u00e7ais)<\/a><br>Pour les candidats \u00e0 l&rsquo;ordination ou les ministres ordonn\u00e9s demandant la reconnaissance de leur accr\u00e9ditation <\/p><p><a href=\"\/wp-content\/uploads\/2025\/01\/Cuestionario-para-Ordenacion-y-Reconocimiento-de-Credencial-rev-11-2018-fill-in.pdf\" target=\"_blank\" rel=\"noopener\">Demande d&rsquo;ordination (espagnol)<\/a><br>Pour les candidats ordonn\u00e9s ou les ministres ordonn\u00e9s n\u00e9cessitant la reconnaissance des comp\u00e9tences<\/p><p><a href=\"\/wp-content\/uploads\/2025\/01\/Questionario-para-Ordenacao-Reconhecimento-Rev-5.11.18-Fill-in.pdf\" target=\"_blank\" rel=\"noopener\">Demande de commande (portugais)<\/a><br>Pour les candidats \u00e0 l&rsquo;ordination ou les ministres ordonn\u00e9s demandant la reconnaissance des cr\u00e9ances<\/p>\t\t\t\t\t\t\t\t<\/div>\n\t\t\t\t<\/div>\n\t\t\t\t<\/div>\n\t\t\t\t\t<\/div>\n\t\t\t\t<\/div>\n\t\t<div class=\"elementor-element elementor-element-8f468c7 e-flex e-con-boxed e-con e-parent\" data-id=\"8f468c7\" data-element_type=\"container\" data-e-type=\"container\" data-settings=\"{&quot;background_background&quot;:&quot;classic&quot;,&quot;jet_parallax_layout_list&quot;:[]}\">\n\t\t\t\t\t<div class=\"e-con-inner\">\n\t\t<div class=\"elementor-element elementor-element-73b55ea e-con-full e-flex e-con e-child\" data-id=\"73b55ea\" data-element_type=\"container\" data-e-type=\"container\" data-settings=\"{&quot;jet_parallax_layout_list&quot;:[]}\">\n\t\t\t\t<div class=\"elementor-element elementor-element-b68b509 elementor-widget elementor-widget-heading\" data-id=\"b68b509\" data-element_type=\"widget\" data-e-type=\"widget\" data-widget_type=\"heading.default\">\n\t\t\t\t<div class=\"elementor-widget-container\">\n\t\t\t\t\t<h1 class=\"elementor-heading-title elementor-size-default\">Comment contacter Clergy Development<\/h1>\t\t\t\t<\/div>\n\t\t\t\t<\/div>\n\t\t\t\t<div class=\"elementor-element elementor-element-796d497 elementor-widget elementor-widget-heading\" data-id=\"796d497\" data-element_type=\"widget\" data-e-type=\"widget\" data-widget_type=\"heading.default\">\n\t\t\t\t<div class=\"elementor-widget-container\">\n\t\t\t\t\t<h2 class=\"elementor-heading-title elementor-size-default\">Inscrivez-vous pour recevoir des nouvelles hebdomadaires de l'\u00c9glise du Nazar\u00e9en.<\/h2>\t\t\t\t<\/div>\n\t\t\t\t<\/div>\n\t\t\t\t<\/div>\n\t\t<div class=\"elementor-element elementor-element-92eaceb e-con-full e-flex e-con e-child\" data-id=\"92eaceb\" data-element_type=\"container\" data-e-type=\"container\" data-settings=\"{&quot;jet_parallax_layout_list&quot;:[]}\">\n\t\t\t\t<div class=\"elementor-element elementor-element-0d18b7c elementor-align-center elementor-widget elementor-widget-button\" data-id=\"0d18b7c\" data-element_type=\"widget\" data-e-type=\"widget\" data-widget_type=\"button.default\">\n\t\t\t\t<div class=\"elementor-widget-container\">\n\t\t\t\t\t\t\t\t\t<div class=\"elementor-button-wrapper\">\n\t\t\t\t\t<a class=\"elementor-button elementor-button-link elementor-size-sm\" href=\"\">\n\t\t\t\t\t\t<span class=\"elementor-button-content-wrapper\">\n\t\t\t\t\t\t<span class=\"elementor-button-icon\">\n\t\t\t\t<svg aria-hidden=\"true\" class=\"e-font-icon-svg e-fas-arrow-right\" viewBox=\"0 0 448 512\" xmlns=\"http:\/\/www.w3.org\/2000\/svg\"><path d=\"M190.5 66.9l22.2-22.2c9.4-9.4 24.6-9.4 33.9 0L441 239c9.4 9.4 9.4 24.6 0 33.9L246.6 467.3c-9.4 9.4-24.6 9.4-33.9 0l-22.2-22.2c-9.5-9.5-9.3-25 .4-34.3L311.4 296H24c-13.3 0-24-10.7-24-24v-32c0-13.3 10.7-24 24-24h287.4L190.9 101.2c-9.8-9.3-10-24.8-.4-34.3z\"><\/path><\/svg>\t\t\t<\/span>\n\t\t\t\t\t\t\t\t\t<span class=\"elementor-button-text\">COURRIEL<\/span>\n\t\t\t\t\t<\/span>\n\t\t\t\t\t<\/a>\n\t\t\t\t<\/div>\n\t\t\t\t\t\t\t\t<\/div>\n\t\t\t\t<\/div>\n\t\t\t\t<div class=\"elementor-element elementor-element-a338f67 elementor-align-center elementor-widget elementor-widget-button\" data-id=\"a338f67\" data-element_type=\"widget\" data-e-type=\"widget\" data-widget_type=\"button.default\">\n\t\t\t\t<div class=\"elementor-widget-container\">\n\t\t\t\t\t\t\t\t\t<div class=\"elementor-button-wrapper\">\n\t\t\t\t\t<a class=\"elementor-button elementor-button-link elementor-size-sm\" href=\"\">\n\t\t\t\t\t\t<span class=\"elementor-button-content-wrapper\">\n\t\t\t\t\t\t<span class=\"elementor-button-icon\">\n\t\t\t\t<svg aria-hidden=\"true\" class=\"e-font-icon-svg e-fas-arrow-right\" viewBox=\"0 0 448 512\" xmlns=\"http:\/\/www.w3.org\/2000\/svg\"><path d=\"M190.5 66.9l22.2-22.2c9.4-9.4 24.6-9.4 33.9 0L441 239c9.4 9.4 9.4 24.6 0 33.9L246.6 467.3c-9.4 9.4-24.6 9.4-33.9 0l-22.2-22.2c-9.5-9.5-9.3-25 .4-34.3L311.4 296H24c-13.3 0-24-10.7-24-24v-32c0-13.3 10.7-24 24-24h287.4L190.9 101.2c-9.8-9.3-10-24.8-.4-34.3z\"><\/path><\/svg>\t\t\t<\/span>\n\t\t\t\t\t\t\t\t\t<span class=\"elementor-button-text\">1-800-306-7651<\/span>\n\t\t\t\t\t<\/span>\n\t\t\t\t\t<\/a>\n\t\t\t\t<\/div>\n\t\t\t\t\t\t\t\t<\/div>\n\t\t\t\t<\/div>\n\t\t\t\t<\/div>\n\t\t\t\t\t<\/div>\n\t\t\t\t<\/div>\n\t\t\t\t<\/div>\n\t\t","protected":false},"excerpt":{"rendered":"<p>Licences et ordination Vous trouverez ci-dessous les formulaires et les demandes requis pour la licence minist\u00e9rielle et l&rsquo;ordination. Pour conna\u00eetre les proc\u00e9dures sp\u00e9cifiques \u00e0 votre r\u00e9gion, consultez votre site Web r\u00e9gional . Formulaires Formulaire de v\u00e9rification des ant\u00e9c\u00e9dents de comp\u00e9tences &#8211; anglais, fran\u00e7ais, \ud55c\uad6d\uc5b4, portugais) Manuels r\u00e9gionaux pour les candidats minist\u00e9riels &#8211; \u00c9tats-Unis\/Canada : anglais, [&hellip;]<\/p>\n","protected":false},"author":6,"featured_media":0,"parent":40238,"menu_order":0,"comment_status":"closed","ping_status":"closed","template":"","meta":{"content-type":"","_jet_sm_ready_style":"","_jet_sm_style":"","_jet_sm_controls_values":"","_jet_sm_fonts_collection":"","_jet_sm_fonts_links":"","footnotes":""},"class_list":["post-40257","page","type-page","status-publish","hentry"],"yoast_head":"<!-- This site is optimized with the Yoast SEO Premium plugin v27.1 (Yoast SEO v27.1.1) - https:\/\/yoast.com\/product\/yoast-seo-premium-wordpress\/ -->\n<title>Licences et ordination - Church of the Nazarene<\/title>\n<meta name=\"robots\" content=\"index, follow, max-snippet:-1, max-image-preview:large, max-video-preview:-1\" \/>\n<link rel=\"canonical\" href=\"https:\/\/nazarene.org\/fr\/developpement-mondial-du-clerge\/licences-et-ordination\/\" \/>\n<meta property=\"og:locale\" content=\"fr_FR\" \/>\n<meta property=\"og:type\" content=\"article\" \/>\n<meta property=\"og:title\" content=\"Licences et ordination\" \/>\n<meta property=\"og:description\" content=\"Licences et ordination Vous trouverez ci-dessous les formulaires et les demandes requis pour la licence minist\u00e9rielle et l&rsquo;ordination. Pour conna\u00eetre les proc\u00e9dures sp\u00e9cifiques \u00e0 votre r\u00e9gion, consultez votre site Web r\u00e9gional . Formulaires Formulaire de v\u00e9rification des ant\u00e9c\u00e9dents de comp\u00e9tences &#8211; anglais, fran\u00e7ais, \ud55c\uad6d\uc5b4, portugais) Manuels r\u00e9gionaux pour les candidats minist\u00e9riels &#8211; \u00c9tats-Unis\/Canada : anglais, [&hellip;]\" \/>\n<meta property=\"og:url\" content=\"https:\/\/nazarene.org\/fr\/developpement-mondial-du-clerge\/licences-et-ordination\/\" \/>\n<meta property=\"og:site_name\" content=\"Church of the Nazarene\" \/>\n<meta property=\"article:publisher\" content=\"https:\/\/www.facebook.com\/NazareneOfficial\/\" \/>\n<meta property=\"article:modified_time\" content=\"2025-06-10T08:56:09+00:00\" \/>\n<meta name=\"twitter:card\" content=\"summary_large_image\" \/>\n<meta name=\"twitter:site\" content=\"@Nazarene\" \/>\n<script type=\"application\/ld+json\" class=\"yoast-schema-graph\">{\"@context\":\"https:\/\/schema.org\",\"@graph\":[{\"@type\":\"WebPage\",\"@id\":\"https:\/\/nazarene.org\/fr\/developpement-mondial-du-clerge\/licences-et-ordination\/\",\"url\":\"https:\/\/nazarene.org\/fr\/developpement-mondial-du-clerge\/licences-et-ordination\/\",\"name\":\"Licences et ordination - Church of the Nazarene\",\"isPartOf\":{\"@id\":\"https:\/\/nazarene.org\/fr\/#website\"},\"datePublished\":\"2025-01-16T17:12:57+00:00\",\"dateModified\":\"2025-06-10T08:56:09+00:00\",\"breadcrumb\":{\"@id\":\"https:\/\/nazarene.org\/fr\/developpement-mondial-du-clerge\/licences-et-ordination\/#breadcrumb\"},\"inLanguage\":\"fr-FR\",\"potentialAction\":[{\"@type\":\"ReadAction\",\"target\":[\"https:\/\/nazarene.org\/fr\/developpement-mondial-du-clerge\/licences-et-ordination\/\"]}]},{\"@type\":\"BreadcrumbList\",\"@id\":\"https:\/\/nazarene.org\/fr\/developpement-mondial-du-clerge\/licences-et-ordination\/#breadcrumb\",\"itemListElement\":[{\"@type\":\"ListItem\",\"position\":1,\"name\":\"Home\",\"item\":\"https:\/\/nazarene.org\/fr\/\"},{\"@type\":\"ListItem\",\"position\":2,\"name\":\"D\u00e9veloppement mondial du clerg\u00e9\",\"item\":\"https:\/\/nazarene.org\/fr\/developpement-mondial-du-clerge\/\"},{\"@type\":\"ListItem\",\"position\":3,\"name\":\"Licences et ordination\"}]},{\"@type\":\"WebSite\",\"@id\":\"https:\/\/nazarene.org\/fr\/#website\",\"url\":\"https:\/\/nazarene.org\/fr\/\",\"name\":\"Church of the Nazarene\",\"description\":\"Making Christlike Disciples in the Nations\",\"publisher\":{\"@id\":\"https:\/\/nazarene.org\/fr\/#organization\"},\"potentialAction\":[{\"@type\":\"SearchAction\",\"target\":{\"@type\":\"EntryPoint\",\"urlTemplate\":\"https:\/\/nazarene.org\/fr\/?s={search_term_string}\"},\"query-input\":{\"@type\":\"PropertyValueSpecification\",\"valueRequired\":true,\"valueName\":\"search_term_string\"}}],\"inLanguage\":\"fr-FR\"},{\"@type\":\"Organization\",\"@id\":\"https:\/\/nazarene.org\/fr\/#organization\",\"name\":\"Church of the Nazarene\",\"url\":\"https:\/\/nazarene.org\/fr\/\",\"logo\":{\"@type\":\"ImageObject\",\"inLanguage\":\"fr-FR\",\"@id\":\"https:\/\/nazarene.org\/fr\/#\/schema\/logo\/image\/\",\"url\":\"https:\/\/nazarene.org\/wp-content\/uploads\/2024\/06\/Naz_Desktop_Black_Logo-1.svg\",\"contentUrl\":\"https:\/\/nazarene.org\/wp-content\/uploads\/2024\/06\/Naz_Desktop_Black_Logo-1.svg\",\"width\":258,\"height\":36,\"caption\":\"Church of the Nazarene\"},\"image\":{\"@id\":\"https:\/\/nazarene.org\/fr\/#\/schema\/logo\/image\/\"},\"sameAs\":[\"https:\/\/www.facebook.com\/NazareneOfficial\/\",\"https:\/\/x.com\/Nazarene\",\"https:\/\/www.instagram.com\/nazareneofficial\/\"]}]}<\/script>\n<!-- \/ Yoast SEO Premium plugin. -->","yoast_head_json":{"title":"Licences et ordination - Church of the Nazarene","robots":{"index":"index","follow":"follow","max-snippet":"max-snippet:-1","max-image-preview":"max-image-preview:large","max-video-preview":"max-video-preview:-1"},"canonical":"https:\/\/nazarene.org\/fr\/developpement-mondial-du-clerge\/licences-et-ordination\/","og_locale":"fr_FR","og_type":"article","og_title":"Licences et ordination","og_description":"Licences et ordination Vous trouverez ci-dessous les formulaires et les demandes requis pour la licence minist\u00e9rielle et l&rsquo;ordination. Pour conna\u00eetre les proc\u00e9dures sp\u00e9cifiques \u00e0 votre r\u00e9gion, consultez votre site Web r\u00e9gional . Formulaires Formulaire de v\u00e9rification des ant\u00e9c\u00e9dents de comp\u00e9tences &#8211; anglais, fran\u00e7ais, \ud55c\uad6d\uc5b4, portugais) Manuels r\u00e9gionaux pour les candidats minist\u00e9riels &#8211; \u00c9tats-Unis\/Canada : anglais, [&hellip;]","og_url":"https:\/\/nazarene.org\/fr\/developpement-mondial-du-clerge\/licences-et-ordination\/","og_site_name":"Church of the Nazarene","article_publisher":"https:\/\/www.facebook.com\/NazareneOfficial\/","article_modified_time":"2025-06-10T08:56:09+00:00","twitter_card":"summary_large_image","twitter_site":"@Nazarene","schema":{"@context":"https:\/\/schema.org","@graph":[{"@type":"WebPage","@id":"https:\/\/nazarene.org\/fr\/developpement-mondial-du-clerge\/licences-et-ordination\/","url":"https:\/\/nazarene.org\/fr\/developpement-mondial-du-clerge\/licences-et-ordination\/","name":"Licences et ordination - Church of the Nazarene","isPartOf":{"@id":"https:\/\/nazarene.org\/fr\/#website"},"datePublished":"2025-01-16T17:12:57+00:00","dateModified":"2025-06-10T08:56:09+00:00","breadcrumb":{"@id":"https:\/\/nazarene.org\/fr\/developpement-mondial-du-clerge\/licences-et-ordination\/#breadcrumb"},"inLanguage":"fr-FR","potentialAction":[{"@type":"ReadAction","target":["https:\/\/nazarene.org\/fr\/developpement-mondial-du-clerge\/licences-et-ordination\/"]}]},{"@type":"BreadcrumbList","@id":"https:\/\/nazarene.org\/fr\/developpement-mondial-du-clerge\/licences-et-ordination\/#breadcrumb","itemListElement":[{"@type":"ListItem","position":1,"name":"Home","item":"https:\/\/nazarene.org\/fr\/"},{"@type":"ListItem","position":2,"name":"D\u00e9veloppement mondial du clerg\u00e9","item":"https:\/\/nazarene.org\/fr\/developpement-mondial-du-clerge\/"},{"@type":"ListItem","position":3,"name":"Licences et ordination"}]},{"@type":"WebSite","@id":"https:\/\/nazarene.org\/fr\/#website","url":"https:\/\/nazarene.org\/fr\/","name":"Church of the Nazarene","description":"Making Christlike Disciples in the Nations","publisher":{"@id":"https:\/\/nazarene.org\/fr\/#organization"},"potentialAction":[{"@type":"SearchAction","target":{"@type":"EntryPoint","urlTemplate":"https:\/\/nazarene.org\/fr\/?s={search_term_string}"},"query-input":{"@type":"PropertyValueSpecification","valueRequired":true,"valueName":"search_term_string"}}],"inLanguage":"fr-FR"},{"@type":"Organization","@id":"https:\/\/nazarene.org\/fr\/#organization","name":"Church of the Nazarene","url":"https:\/\/nazarene.org\/fr\/","logo":{"@type":"ImageObject","inLanguage":"fr-FR","@id":"https:\/\/nazarene.org\/fr\/#\/schema\/logo\/image\/","url":"https:\/\/nazarene.org\/wp-content\/uploads\/2024\/06\/Naz_Desktop_Black_Logo-1.svg","contentUrl":"https:\/\/nazarene.org\/wp-content\/uploads\/2024\/06\/Naz_Desktop_Black_Logo-1.svg","width":258,"height":36,"caption":"Church of the Nazarene"},"image":{"@id":"https:\/\/nazarene.org\/fr\/#\/schema\/logo\/image\/"},"sameAs":["https:\/\/www.facebook.com\/NazareneOfficial\/","https:\/\/x.com\/Nazarene","https:\/\/www.instagram.com\/nazareneofficial\/"]}]}},"_links":{"self":[{"href":"https:\/\/nazarene.org\/fr\/wp-json\/wp\/v2\/pages\/40257","targetHints":{"allow":["GET"]}}],"collection":[{"href":"https:\/\/nazarene.org\/fr\/wp-json\/wp\/v2\/pages"}],"about":[{"href":"https:\/\/nazarene.org\/fr\/wp-json\/wp\/v2\/types\/page"}],"author":[{"embeddable":true,"href":"https:\/\/nazarene.org\/fr\/wp-json\/wp\/v2\/users\/6"}],"replies":[{"embeddable":true,"href":"https:\/\/nazarene.org\/fr\/wp-json\/wp\/v2\/comments?post=40257"}],"version-history":[{"count":0,"href":"https:\/\/nazarene.org\/fr\/wp-json\/wp\/v2\/pages\/40257\/revisions"}],"up":[{"embeddable":true,"href":"https:\/\/nazarene.org\/fr\/wp-json\/wp\/v2\/pages\/40238"}],"wp:attachment":[{"href":"https:\/\/nazarene.org\/fr\/wp-json\/wp\/v2\/media?parent=40257"}],"curies":[{"name":"wp","href":"https:\/\/api.w.org\/{rel}","templated":true}]}}