{"id":39953,"date":"2025-03-21T10:49:39","date_gmt":"2025-03-21T15:49:39","guid":{"rendered":"https:\/\/nazarene.org\/sources-et-guides\/"},"modified":"2025-06-10T03:20:38","modified_gmt":"2025-06-10T08:20:38","slug":"sources-et-guides","status":"publish","type":"page","link":"https:\/\/nazarene.org\/fr\/sources-et-guides\/","title":{"rendered":"Sources et guides"},"content":{"rendered":"\t\t<div data-elementor-type=\"wp-page\" data-elementor-id=\"39953\" class=\"elementor elementor-39953 elementor-22094\" data-elementor-post-type=\"page\">\n\t\t\t\t<div class=\"elementor-element elementor-element-3afea2b e-flex e-con-boxed e-con e-parent\" data-id=\"3afea2b\" data-element_type=\"container\" data-e-type=\"container\" data-settings=\"{&quot;background_background&quot;:&quot;classic&quot;,&quot;jet_parallax_layout_list&quot;:[]}\">\n\t\t\t\t\t<div class=\"e-con-inner\">\n\t\t\t\t<div class=\"elementor-element elementor-element-d4ac1ba elementor-widget elementor-widget-heading\" data-id=\"d4ac1ba\" data-element_type=\"widget\" data-e-type=\"widget\" data-widget_type=\"heading.default\">\n\t\t\t\t<div class=\"elementor-widget-container\">\n\t\t\t\t\t<h1 class=\"elementor-heading-title elementor-size-default\">Sources et guides<\/h1>\t\t\t\t<\/div>\n\t\t\t\t<\/div>\n\t\t\t\t\t<\/div>\n\t\t\t\t<\/div>\n\t\t<div class=\"elementor-element elementor-element-12e9800 e-flex e-con-boxed e-con e-parent\" data-id=\"12e9800\" data-element_type=\"container\" data-e-type=\"container\" data-settings=\"{&quot;background_background&quot;:&quot;classic&quot;,&quot;jet_parallax_layout_list&quot;:[]}\">\n\t\t\t\t\t<div class=\"e-con-inner\">\n\t\t<div class=\"elementor-element elementor-element-43e6c2c e-con-full e-flex e-con e-child\" data-id=\"43e6c2c\" data-element_type=\"container\" data-e-type=\"container\" data-settings=\"{&quot;jet_parallax_layout_list&quot;:[],&quot;background_background&quot;:&quot;classic&quot;}\">\n\t\t\t\t<div class=\"elementor-element elementor-element-f98ea5a elementor-widget__width-initial elementor-widget elementor-widget-text-editor\" data-id=\"f98ea5a\" data-element_type=\"widget\" data-e-type=\"widget\" data-widget_type=\"text-editor.default\">\n\t\t\t\t<div class=\"elementor-widget-container\">\n\t\t\t\t\t\t\t\t\t<div class=\"layout__region layout__region--left flex-1-1 flex-grow-0 xl-flex-4-5\"><div class=\"block__wysiwyg\" data-layout-content-preview-placeholder-label=\"\" content=\"\" block=\"\"><div class=\"styles-wrapper-1dd1c89d-1fc8-4253-968e-1b4e7246cee9\"><section class=\"wysiwyg\"><div class=\"wysiwyg__content\"><div class=\"flex-container flex-wrap\"><p>Quelles sources existent pour rechercher l&rsquo;histoire et la vie nazar\u00e9ennes ? Et quels mat\u00e9riaux sont disponibles pour l&rsquo;\u00e9tude du mouvement wesleyen plus large dont l&rsquo;\u00c9glise du Nazar\u00e9en fait partie ? Les liens sur le c\u00f4t\u00e9 gauche de votre \u00e9cran vous am\u00e8neront \u00e0 des bibliographies et des guides d&rsquo;archives concernant le mouvement de saintet\u00e9 wesleyenne et l&rsquo;\u00c9glise du Nazar\u00e9en.<\/p><p> <\/p><p><a href=\"https:\/\/nazarene.org\/wesleyan-holiness-movement\" target=\"_self\">La bibliographie du mouvement wesleyen-de saintet\u00e9<\/a> a \u00e9t\u00e9 d\u00e9velopp\u00e9e pour un cours de s\u00e9minaire sur l&rsquo; \u00ab Histoire du mouvement am\u00e9ricain de saintet\u00e9 \u00bb. Beaucoup des livres r\u00e9pertori\u00e9s sont imprim\u00e9s et peuvent \u00eatre command\u00e9s aupr\u00e8s de librairies locales. Si vous vivez aux \u00c9tats-Unis ou au Canada, vous pouvez obtenir beaucoup de ces livres par l&rsquo;interm\u00e9diaire des services de pr\u00eat interbiblioth\u00e8que de votre biblioth\u00e8que locale. La plupart de la litt\u00e9rature p\u00e9riodique r\u00e9pertori\u00e9e a \u00e9t\u00e9 publi\u00e9e dans le Wesleyan Theological Journal ou dans l&rsquo;Histoire m\u00e9thodiste. Ces journaux sont disponibles dans de nombreux coll\u00e8ges, universit\u00e9s et s\u00e9minaires, y compris ceux associ\u00e9s \u00e0 l&rsquo;\u00c9glise du Nazar\u00e9en.<\/p><p> <\/p><p><a href=\"https:\/\/nazarene.org\/nazarene-women-and-religion\">La bibliographie des femmes nazar\u00e9ennes et de la religion<\/a> r\u00e9pertorie des sources publi\u00e9es et non publi\u00e9es li\u00e9es aux femmes dans la vie nazar\u00e9enne. Beaucoup des livres r\u00e9pertori\u00e9s sont \u00e9puis\u00e9s mais peuvent \u00eatre obtenus par pr\u00eat interbiblioth\u00e8que. Et la bibliographie comprend des descriptions de collections d&rsquo;archives de femmes conserv\u00e9es par les Archives nazar\u00e9ennes \u00e0 Kansas City, Missouri.<\/p><p> <\/p><p><a href=\"https:\/\/nazarene.org\/compassion-book\" target=\"_blank\" rel=\"noopener\">Sauver le p\u00e9rissant, Soins de la mort : Deuxi\u00e8me \u00e9dition<\/a> est une \u00e9dition en ligne d&rsquo;une brochure publi\u00e9e pour la premi\u00e8re fois en 1985 et r\u00e9vis\u00e9e en 1998 conjointement avec des conf\u00e9rences du Minist\u00e8re nazar\u00e9en de compassion. La brochure d\u00e9crit le contenu des collections des Archives concernant les minist\u00e8res sociaux nazar\u00e9ens du d\u00e9but de la d\u00e9nomination jusqu&rsquo;au pr\u00e9sent. En parcourant les listes, vous serez peut-\u00eatre surpris du nombre de minist\u00e8res sociaux qui ont fait partie de la vie nazar\u00e9enne.<\/p><p> <\/p><p><a href=\"https:\/\/nazarene.org\/historiography-timothy-smith\" target=\"_blank\" rel=\"noopener\">L&rsquo;historiographie de Timothy L. Smith : une bibliographie chronologique<\/a>. La plupart des Nazar\u00e9ens connaissent Timothy L. Smith comme \u00ab le doyen des historiens de l&rsquo;\u00c9glise nazar\u00e9enne \u00bb. Mais l&rsquo;influence de Smith sur l&rsquo;\u00e9tude de la religion am\u00e9ricaine \u00e9tait beaucoup plus large que cela. Il a rassembl\u00e9 un noyau d&rsquo;historiens \u00e9vang\u00e9liques d\u00e9vou\u00e9s qui ont influenc\u00e9 la prochaine g\u00e9n\u00e9ration de chercheurs \u00e9vang\u00e9liques et ont favoris\u00e9 l&rsquo;\u00e9mergence des \u00e9tudes \u00e9vang\u00e9liques en tant que domaine d&rsquo;enqu\u00eate dynamique au sein de la discipline plus large de l&rsquo;histoire religieuse. Smith a \u00e9galement d\u00e9fi\u00e9 ses coll\u00e8gues au sein de la Soci\u00e9t\u00e9 am\u00e9ricaine d&rsquo;histoire de l&rsquo;\u00c9glise avec une s\u00e9rie d&rsquo;articles dans les domaines du revivalisme et de son impact sur le changement social, l&rsquo;influence de la race et de l&rsquo;ethnicit\u00e9 dans la formation du protestantisme am\u00e9ricain, la relation entre protestantisme et enseignement sup\u00e9rieur et le r\u00f4le critique de la diversit\u00e9 sectaire dans les \u00c9tats de l&rsquo;Atlantique moyen-Atlantique en tant que terrain de germe de la libert\u00e9 religieuse am\u00e9ricaine. L&rsquo;\u00e9ventail de la bourse de Smith est \u00e9vident dans la bibliographie suivante, pr\u00e9par\u00e9e par Floyd W. Cunningham, doyen acad\u00e9mique du S\u00e9minaire th\u00e9ologique nazar\u00e9en Asie-Pacifique et l&rsquo;un des anciens \u00e9tudiants de Smith.<\/p><\/div><\/div><\/section><\/div><\/div><\/div>\t\t\t\t\t\t\t\t<\/div>\n\t\t\t\t<\/div>\n\t\t\t\t<\/div>\n\t\t<div class=\"elementor-element elementor-element-1055f6a e-con-full e-flex e-con e-child\" data-id=\"1055f6a\" data-element_type=\"container\" data-e-type=\"container\" data-settings=\"{&quot;background_background&quot;:&quot;classic&quot;,&quot;jet_parallax_layout_list&quot;:[]}\">\n\t\t<a class=\"elementor-element elementor-element-9d9a373 e-con-full e-transform e-flex e-con e-child\" data-id=\"9d9a373\" data-element_type=\"container\" data-e-type=\"container\" data-settings=\"{&quot;background_background&quot;:&quot;classic&quot;,&quot;jet_parallax_layout_list&quot;:[],&quot;_transform_scale_effect_hover_widescreen&quot;:{&quot;unit&quot;:&quot;px&quot;,&quot;size&quot;:1.02,&quot;sizes&quot;:[]},&quot;_transform_scale_effect_hover&quot;:{&quot;unit&quot;:&quot;px&quot;,&quot;size&quot;:1.02,&quot;sizes&quot;:[]},&quot;_transform_scale_effect_hover_tablet&quot;:{&quot;unit&quot;:&quot;px&quot;,&quot;size&quot;:&quot;&quot;,&quot;sizes&quot;:[]},&quot;_transform_scale_effect_hover_mobile&quot;:{&quot;unit&quot;:&quot;px&quot;,&quot;size&quot;:&quot;&quot;,&quot;sizes&quot;:[]}}\" href=\"https:\/\/nazarene.org\/fr\/historiographie-de-timothy-smith\/\">\n\t\t<div class=\"elementor-element elementor-element-887af7d e-con-full e-flex e-con e-child\" data-id=\"887af7d\" data-element_type=\"container\" data-e-type=\"container\" data-settings=\"{&quot;jet_parallax_layout_list&quot;:[]}\">\n\t\t\t\t<div class=\"elementor-element elementor-element-8e7b813 elementor-widget elementor-widget-heading\" data-id=\"8e7b813\" data-element_type=\"widget\" data-e-type=\"widget\" data-widget_type=\"heading.default\">\n\t\t\t\t<div class=\"elementor-widget-container\">\n\t\t\t\t\t<h2 class=\"elementor-heading-title elementor-size-default\">Historiographie de Timothy Smith<\/h2>\t\t\t\t<\/div>\n\t\t\t\t<\/div>\n\t\t\t\t<\/div>\n\t\t<div class=\"elementor-element elementor-element-e72d21c e-con-full e-flex e-con e-child\" data-id=\"e72d21c\" data-element_type=\"container\" data-e-type=\"container\" data-settings=\"{&quot;jet_parallax_layout_list&quot;:[]}\">\n\t\t\t\t<div class=\"elementor-element elementor-element-3825f6a elementor-view-default elementor-widget elementor-widget-icon\" data-id=\"3825f6a\" data-element_type=\"widget\" data-e-type=\"widget\" data-widget_type=\"icon.default\">\n\t\t\t\t<div class=\"elementor-widget-container\">\n\t\t\t\t\t\t\t<div class=\"elementor-icon-wrapper\">\n\t\t\t<div class=\"elementor-icon\">\n\t\t\t<svg aria-hidden=\"true\" class=\"e-font-icon-svg e-fas-arrow-right\" viewBox=\"0 0 448 512\" xmlns=\"http:\/\/www.w3.org\/2000\/svg\"><path d=\"M190.5 66.9l22.2-22.2c9.4-9.4 24.6-9.4 33.9 0L441 239c9.4 9.4 9.4 24.6 0 33.9L246.6 467.3c-9.4 9.4-24.6 9.4-33.9 0l-22.2-22.2c-9.5-9.5-9.3-25 .4-34.3L311.4 296H24c-13.3 0-24-10.7-24-24v-32c0-13.3 10.7-24 24-24h287.4L190.9 101.2c-9.8-9.3-10-24.8-.4-34.3z\"><\/path><\/svg>\t\t\t<\/div>\n\t\t<\/div>\n\t\t\t\t\t\t<\/div>\n\t\t\t\t<\/div>\n\t\t\t\t<\/div>\n\t\t\t\t<\/a>\n\t\t<a class=\"elementor-element elementor-element-fd18ca4 e-con-full e-transform e-flex e-con e-child\" data-id=\"fd18ca4\" data-element_type=\"container\" data-e-type=\"container\" data-settings=\"{&quot;background_background&quot;:&quot;classic&quot;,&quot;jet_parallax_layout_list&quot;:[],&quot;_transform_scale_effect_hover_widescreen&quot;:{&quot;unit&quot;:&quot;px&quot;,&quot;size&quot;:1.02,&quot;sizes&quot;:[]},&quot;_transform_scale_effect_hover&quot;:{&quot;unit&quot;:&quot;px&quot;,&quot;size&quot;:1.02,&quot;sizes&quot;:[]},&quot;_transform_scale_effect_hover_tablet&quot;:{&quot;unit&quot;:&quot;px&quot;,&quot;size&quot;:&quot;&quot;,&quot;sizes&quot;:[]},&quot;_transform_scale_effect_hover_mobile&quot;:{&quot;unit&quot;:&quot;px&quot;,&quot;size&quot;:&quot;&quot;,&quot;sizes&quot;:[]}}\" href=\"https:\/\/resources.nazarene.org\/index.php\/s\/fs2mdaZmAKzGzwm\" target=\"_blank\">\n\t\t<div class=\"elementor-element elementor-element-92efc6a e-con-full e-flex e-con e-child\" data-id=\"92efc6a\" data-element_type=\"container\" data-e-type=\"container\" data-settings=\"{&quot;jet_parallax_layout_list&quot;:[]}\">\n\t\t\t\t<div class=\"elementor-element elementor-element-280ba48 elementor-widget elementor-widget-heading\" data-id=\"280ba48\" data-element_type=\"widget\" data-e-type=\"widget\" data-widget_type=\"heading.default\">\n\t\t\t\t<div class=\"elementor-widget-container\">\n\t\t\t\t\t<h2 class=\"elementor-heading-title elementor-size-default\">Livre de la compassion<\/h2>\t\t\t\t<\/div>\n\t\t\t\t<\/div>\n\t\t\t\t<\/div>\n\t\t<div class=\"elementor-element elementor-element-fffa1a8 e-con-full e-flex e-con e-child\" data-id=\"fffa1a8\" data-element_type=\"container\" data-e-type=\"container\" data-settings=\"{&quot;jet_parallax_layout_list&quot;:[]}\">\n\t\t\t\t<div class=\"elementor-element elementor-element-f08b1c4 elementor-view-default elementor-widget elementor-widget-icon\" data-id=\"f08b1c4\" data-element_type=\"widget\" data-e-type=\"widget\" data-widget_type=\"icon.default\">\n\t\t\t\t<div class=\"elementor-widget-container\">\n\t\t\t\t\t\t\t<div class=\"elementor-icon-wrapper\">\n\t\t\t<div class=\"elementor-icon\">\n\t\t\t<svg aria-hidden=\"true\" class=\"e-font-icon-svg e-fas-arrow-right\" viewBox=\"0 0 448 512\" xmlns=\"http:\/\/www.w3.org\/2000\/svg\"><path d=\"M190.5 66.9l22.2-22.2c9.4-9.4 24.6-9.4 33.9 0L441 239c9.4 9.4 9.4 24.6 0 33.9L246.6 467.3c-9.4 9.4-24.6 9.4-33.9 0l-22.2-22.2c-9.5-9.5-9.3-25 .4-34.3L311.4 296H24c-13.3 0-24-10.7-24-24v-32c0-13.3 10.7-24 24-24h287.4L190.9 101.2c-9.8-9.3-10-24.8-.4-34.3z\"><\/path><\/svg>\t\t\t<\/div>\n\t\t<\/div>\n\t\t\t\t\t\t<\/div>\n\t\t\t\t<\/div>\n\t\t\t\t<\/div>\n\t\t\t\t<\/a>\n\t\t<a class=\"elementor-element elementor-element-49f09e8 e-con-full e-transform e-flex e-con e-child\" data-id=\"49f09e8\" data-element_type=\"container\" data-e-type=\"container\" data-settings=\"{&quot;background_background&quot;:&quot;classic&quot;,&quot;jet_parallax_layout_list&quot;:[],&quot;_transform_scale_effect_hover_widescreen&quot;:{&quot;unit&quot;:&quot;px&quot;,&quot;size&quot;:1.02,&quot;sizes&quot;:[]},&quot;_transform_scale_effect_hover&quot;:{&quot;unit&quot;:&quot;px&quot;,&quot;size&quot;:1.02,&quot;sizes&quot;:[]},&quot;_transform_scale_effect_hover_tablet&quot;:{&quot;unit&quot;:&quot;px&quot;,&quot;size&quot;:&quot;&quot;,&quot;sizes&quot;:[]},&quot;_transform_scale_effect_hover_mobile&quot;:{&quot;unit&quot;:&quot;px&quot;,&quot;size&quot;:&quot;&quot;,&quot;sizes&quot;:[]}}\" href=\"https:\/\/resources.nazarene.org\/index.php\/s\/nrt4tfrK8bbsfTj\" target=\"_blank\">\n\t\t<div class=\"elementor-element elementor-element-cb8880e e-con-full e-flex e-con e-child\" data-id=\"cb8880e\" data-element_type=\"container\" data-e-type=\"container\" data-settings=\"{&quot;jet_parallax_layout_list&quot;:[]}\">\n\t\t\t\t<div class=\"elementor-element elementor-element-5845d7b elementor-widget elementor-widget-heading\" data-id=\"5845d7b\" data-element_type=\"widget\" data-e-type=\"widget\" data-widget_type=\"heading.default\">\n\t\t\t\t<div class=\"elementor-widget-container\">\n\t\t\t\t\t<h2 class=\"elementor-heading-title elementor-size-default\">Mouvement Wesleyen-Saintet\u00e9<\/h2>\t\t\t\t<\/div>\n\t\t\t\t<\/div>\n\t\t\t\t<\/div>\n\t\t<div class=\"elementor-element elementor-element-b5925a4 e-con-full e-flex e-con e-child\" data-id=\"b5925a4\" data-element_type=\"container\" data-e-type=\"container\" data-settings=\"{&quot;jet_parallax_layout_list&quot;:[]}\">\n\t\t\t\t<div class=\"elementor-element elementor-element-025773d elementor-view-default elementor-widget elementor-widget-icon\" data-id=\"025773d\" data-element_type=\"widget\" data-e-type=\"widget\" data-widget_type=\"icon.default\">\n\t\t\t\t<div class=\"elementor-widget-container\">\n\t\t\t\t\t\t\t<div class=\"elementor-icon-wrapper\">\n\t\t\t<div class=\"elementor-icon\">\n\t\t\t<svg aria-hidden=\"true\" class=\"e-font-icon-svg e-fas-arrow-right\" viewBox=\"0 0 448 512\" xmlns=\"http:\/\/www.w3.org\/2000\/svg\"><path d=\"M190.5 66.9l22.2-22.2c9.4-9.4 24.6-9.4 33.9 0L441 239c9.4 9.4 9.4 24.6 0 33.9L246.6 467.3c-9.4 9.4-24.6 9.4-33.9 0l-22.2-22.2c-9.5-9.5-9.3-25 .4-34.3L311.4 296H24c-13.3 0-24-10.7-24-24v-32c0-13.3 10.7-24 24-24h287.4L190.9 101.2c-9.8-9.3-10-24.8-.4-34.3z\"><\/path><\/svg>\t\t\t<\/div>\n\t\t<\/div>\n\t\t\t\t\t\t<\/div>\n\t\t\t\t<\/div>\n\t\t\t\t<\/div>\n\t\t\t\t<\/a>\n\t\t<a class=\"elementor-element elementor-element-86e30c6 e-con-full e-transform e-flex e-con e-child\" data-id=\"86e30c6\" data-element_type=\"container\" data-e-type=\"container\" data-settings=\"{&quot;background_background&quot;:&quot;classic&quot;,&quot;jet_parallax_layout_list&quot;:[],&quot;_transform_scale_effect_hover_widescreen&quot;:{&quot;unit&quot;:&quot;px&quot;,&quot;size&quot;:1.02,&quot;sizes&quot;:[]},&quot;_transform_scale_effect_hover&quot;:{&quot;unit&quot;:&quot;px&quot;,&quot;size&quot;:1.02,&quot;sizes&quot;:[]},&quot;_transform_scale_effect_hover_tablet&quot;:{&quot;unit&quot;:&quot;px&quot;,&quot;size&quot;:&quot;&quot;,&quot;sizes&quot;:[]},&quot;_transform_scale_effect_hover_mobile&quot;:{&quot;unit&quot;:&quot;px&quot;,&quot;size&quot;:&quot;&quot;,&quot;sizes&quot;:[]}}\" href=\"https:\/\/nazarene.org\/fr\/femmes-nazareennes-et-religion\/\">\n\t\t<div class=\"elementor-element elementor-element-05dd9b0 e-con-full e-flex e-con e-child\" data-id=\"05dd9b0\" data-element_type=\"container\" data-e-type=\"container\" data-settings=\"{&quot;jet_parallax_layout_list&quot;:[]}\">\n\t\t\t\t<div class=\"elementor-element elementor-element-dc8d50d elementor-widget elementor-widget-heading\" data-id=\"dc8d50d\" data-element_type=\"widget\" data-e-type=\"widget\" data-widget_type=\"heading.default\">\n\t\t\t\t<div class=\"elementor-widget-container\">\n\t\t\t\t\t<h2 class=\"elementor-heading-title elementor-size-default\">Femmes nazar\u00e9ennes et religion<\/h2>\t\t\t\t<\/div>\n\t\t\t\t<\/div>\n\t\t\t\t<\/div>\n\t\t<div class=\"elementor-element elementor-element-6952339 e-con-full e-flex e-con e-child\" data-id=\"6952339\" data-element_type=\"container\" data-e-type=\"container\" data-settings=\"{&quot;jet_parallax_layout_list&quot;:[]}\">\n\t\t\t\t<div class=\"elementor-element elementor-element-a9bb923 elementor-view-default elementor-widget elementor-widget-icon\" data-id=\"a9bb923\" data-element_type=\"widget\" data-e-type=\"widget\" data-widget_type=\"icon.default\">\n\t\t\t\t<div class=\"elementor-widget-container\">\n\t\t\t\t\t\t\t<div class=\"elementor-icon-wrapper\">\n\t\t\t<div class=\"elementor-icon\">\n\t\t\t<svg aria-hidden=\"true\" class=\"e-font-icon-svg e-fas-arrow-right\" viewBox=\"0 0 448 512\" xmlns=\"http:\/\/www.w3.org\/2000\/svg\"><path d=\"M190.5 66.9l22.2-22.2c9.4-9.4 24.6-9.4 33.9 0L441 239c9.4 9.4 9.4 24.6 0 33.9L246.6 467.3c-9.4 9.4-24.6 9.4-33.9 0l-22.2-22.2c-9.5-9.5-9.3-25 .4-34.3L311.4 296H24c-13.3 0-24-10.7-24-24v-32c0-13.3 10.7-24 24-24h287.4L190.9 101.2c-9.8-9.3-10-24.8-.4-34.3z\"><\/path><\/svg>\t\t\t<\/div>\n\t\t<\/div>\n\t\t\t\t\t\t<\/div>\n\t\t\t\t<\/div>\n\t\t\t\t<\/div>\n\t\t\t\t<\/a>\n\t\t\t\t<\/div>\n\t\t\t\t\t<\/div>\n\t\t\t\t<\/div>\n\t\t\t\t<\/div>\n\t\t","protected":false},"excerpt":{"rendered":"<p>Sources et guides Quelles sources existent pour rechercher l&rsquo;histoire et la vie nazar\u00e9ennes ? Et quels mat\u00e9riaux sont disponibles pour l&rsquo;\u00e9tude du mouvement wesleyen plus large dont l&rsquo;\u00c9glise du Nazar\u00e9en fait partie ? Les liens sur le c\u00f4t\u00e9 gauche de votre \u00e9cran vous am\u00e8neront \u00e0 des bibliographies et des guides d&rsquo;archives concernant le mouvement de [&hellip;]<\/p>\n","protected":false},"author":8,"featured_media":0,"parent":0,"menu_order":0,"comment_status":"closed","ping_status":"closed","template":"","meta":{"content-type":"","_jet_sm_ready_style":"","_jet_sm_style":"","_jet_sm_controls_values":"","_jet_sm_fonts_collection":"","_jet_sm_fonts_links":"","footnotes":""},"class_list":["post-39953","page","type-page","status-publish","hentry"],"yoast_head":"<!-- This site is optimized with the Yoast SEO Premium plugin v27.1 (Yoast SEO v27.1.1) - https:\/\/yoast.com\/product\/yoast-seo-premium-wordpress\/ -->\n<title>Sources et guides - Church of the Nazarene<\/title>\n<meta name=\"robots\" content=\"index, follow, max-snippet:-1, max-image-preview:large, max-video-preview:-1\" \/>\n<link rel=\"canonical\" href=\"https:\/\/nazarene.org\/fr\/sources-et-guides\/\" \/>\n<meta property=\"og:locale\" content=\"fr_FR\" \/>\n<meta property=\"og:type\" content=\"article\" \/>\n<meta property=\"og:title\" content=\"Sources et guides\" \/>\n<meta property=\"og:description\" content=\"Sources et guides Quelles sources existent pour rechercher l&rsquo;histoire et la vie nazar\u00e9ennes ? Et quels mat\u00e9riaux sont disponibles pour l&rsquo;\u00e9tude du mouvement wesleyen plus large dont l&rsquo;\u00c9glise du Nazar\u00e9en fait partie ? Les liens sur le c\u00f4t\u00e9 gauche de votre \u00e9cran vous am\u00e8neront \u00e0 des bibliographies et des guides d&rsquo;archives concernant le mouvement de [&hellip;]\" \/>\n<meta property=\"og:url\" content=\"https:\/\/nazarene.org\/fr\/sources-et-guides\/\" \/>\n<meta property=\"og:site_name\" content=\"Church of the Nazarene\" \/>\n<meta property=\"article:publisher\" content=\"https:\/\/www.facebook.com\/NazareneOfficial\/\" \/>\n<meta property=\"article:modified_time\" content=\"2025-06-10T08:20:38+00:00\" \/>\n<meta name=\"twitter:card\" content=\"summary_large_image\" \/>\n<meta name=\"twitter:site\" content=\"@Nazarene\" \/>\n<script type=\"application\/ld+json\" class=\"yoast-schema-graph\">{\"@context\":\"https:\/\/schema.org\",\"@graph\":[{\"@type\":\"WebPage\",\"@id\":\"https:\/\/nazarene.org\/fr\/sources-et-guides\/\",\"url\":\"https:\/\/nazarene.org\/fr\/sources-et-guides\/\",\"name\":\"Sources et guides - Church of the Nazarene\",\"isPartOf\":{\"@id\":\"https:\/\/nazarene.org\/fr\/#website\"},\"datePublished\":\"2025-03-21T15:49:39+00:00\",\"dateModified\":\"2025-06-10T08:20:38+00:00\",\"breadcrumb\":{\"@id\":\"https:\/\/nazarene.org\/fr\/sources-et-guides\/#breadcrumb\"},\"inLanguage\":\"fr-FR\",\"potentialAction\":[{\"@type\":\"ReadAction\",\"target\":[\"https:\/\/nazarene.org\/fr\/sources-et-guides\/\"]}]},{\"@type\":\"BreadcrumbList\",\"@id\":\"https:\/\/nazarene.org\/fr\/sources-et-guides\/#breadcrumb\",\"itemListElement\":[{\"@type\":\"ListItem\",\"position\":1,\"name\":\"Home\",\"item\":\"https:\/\/nazarene.org\/fr\/\"},{\"@type\":\"ListItem\",\"position\":2,\"name\":\"Sources et guides\"}]},{\"@type\":\"WebSite\",\"@id\":\"https:\/\/nazarene.org\/fr\/#website\",\"url\":\"https:\/\/nazarene.org\/fr\/\",\"name\":\"Church of the Nazarene\",\"description\":\"Making Christlike Disciples in the Nations\",\"publisher\":{\"@id\":\"https:\/\/nazarene.org\/fr\/#organization\"},\"potentialAction\":[{\"@type\":\"SearchAction\",\"target\":{\"@type\":\"EntryPoint\",\"urlTemplate\":\"https:\/\/nazarene.org\/fr\/?s={search_term_string}\"},\"query-input\":{\"@type\":\"PropertyValueSpecification\",\"valueRequired\":true,\"valueName\":\"search_term_string\"}}],\"inLanguage\":\"fr-FR\"},{\"@type\":\"Organization\",\"@id\":\"https:\/\/nazarene.org\/fr\/#organization\",\"name\":\"Church of the Nazarene\",\"url\":\"https:\/\/nazarene.org\/fr\/\",\"logo\":{\"@type\":\"ImageObject\",\"inLanguage\":\"fr-FR\",\"@id\":\"https:\/\/nazarene.org\/fr\/#\/schema\/logo\/image\/\",\"url\":\"https:\/\/nazarene.org\/wp-content\/uploads\/2024\/06\/Naz_Desktop_Black_Logo-1.svg\",\"contentUrl\":\"https:\/\/nazarene.org\/wp-content\/uploads\/2024\/06\/Naz_Desktop_Black_Logo-1.svg\",\"width\":258,\"height\":36,\"caption\":\"Church of the Nazarene\"},\"image\":{\"@id\":\"https:\/\/nazarene.org\/fr\/#\/schema\/logo\/image\/\"},\"sameAs\":[\"https:\/\/www.facebook.com\/NazareneOfficial\/\",\"https:\/\/x.com\/Nazarene\",\"https:\/\/www.instagram.com\/nazareneofficial\/\"]}]}<\/script>\n<!-- \/ Yoast SEO Premium plugin. -->","yoast_head_json":{"title":"Sources et guides - Church of the Nazarene","robots":{"index":"index","follow":"follow","max-snippet":"max-snippet:-1","max-image-preview":"max-image-preview:large","max-video-preview":"max-video-preview:-1"},"canonical":"https:\/\/nazarene.org\/fr\/sources-et-guides\/","og_locale":"fr_FR","og_type":"article","og_title":"Sources et guides","og_description":"Sources et guides Quelles sources existent pour rechercher l&rsquo;histoire et la vie nazar\u00e9ennes ? Et quels mat\u00e9riaux sont disponibles pour l&rsquo;\u00e9tude du mouvement wesleyen plus large dont l&rsquo;\u00c9glise du Nazar\u00e9en fait partie ? Les liens sur le c\u00f4t\u00e9 gauche de votre \u00e9cran vous am\u00e8neront \u00e0 des bibliographies et des guides d&rsquo;archives concernant le mouvement de [&hellip;]","og_url":"https:\/\/nazarene.org\/fr\/sources-et-guides\/","og_site_name":"Church of the Nazarene","article_publisher":"https:\/\/www.facebook.com\/NazareneOfficial\/","article_modified_time":"2025-06-10T08:20:38+00:00","twitter_card":"summary_large_image","twitter_site":"@Nazarene","schema":{"@context":"https:\/\/schema.org","@graph":[{"@type":"WebPage","@id":"https:\/\/nazarene.org\/fr\/sources-et-guides\/","url":"https:\/\/nazarene.org\/fr\/sources-et-guides\/","name":"Sources et guides - Church of the Nazarene","isPartOf":{"@id":"https:\/\/nazarene.org\/fr\/#website"},"datePublished":"2025-03-21T15:49:39+00:00","dateModified":"2025-06-10T08:20:38+00:00","breadcrumb":{"@id":"https:\/\/nazarene.org\/fr\/sources-et-guides\/#breadcrumb"},"inLanguage":"fr-FR","potentialAction":[{"@type":"ReadAction","target":["https:\/\/nazarene.org\/fr\/sources-et-guides\/"]}]},{"@type":"BreadcrumbList","@id":"https:\/\/nazarene.org\/fr\/sources-et-guides\/#breadcrumb","itemListElement":[{"@type":"ListItem","position":1,"name":"Home","item":"https:\/\/nazarene.org\/fr\/"},{"@type":"ListItem","position":2,"name":"Sources et guides"}]},{"@type":"WebSite","@id":"https:\/\/nazarene.org\/fr\/#website","url":"https:\/\/nazarene.org\/fr\/","name":"Church of the Nazarene","description":"Making Christlike Disciples in the Nations","publisher":{"@id":"https:\/\/nazarene.org\/fr\/#organization"},"potentialAction":[{"@type":"SearchAction","target":{"@type":"EntryPoint","urlTemplate":"https:\/\/nazarene.org\/fr\/?s={search_term_string}"},"query-input":{"@type":"PropertyValueSpecification","valueRequired":true,"valueName":"search_term_string"}}],"inLanguage":"fr-FR"},{"@type":"Organization","@id":"https:\/\/nazarene.org\/fr\/#organization","name":"Church of the Nazarene","url":"https:\/\/nazarene.org\/fr\/","logo":{"@type":"ImageObject","inLanguage":"fr-FR","@id":"https:\/\/nazarene.org\/fr\/#\/schema\/logo\/image\/","url":"https:\/\/nazarene.org\/wp-content\/uploads\/2024\/06\/Naz_Desktop_Black_Logo-1.svg","contentUrl":"https:\/\/nazarene.org\/wp-content\/uploads\/2024\/06\/Naz_Desktop_Black_Logo-1.svg","width":258,"height":36,"caption":"Church of the Nazarene"},"image":{"@id":"https:\/\/nazarene.org\/fr\/#\/schema\/logo\/image\/"},"sameAs":["https:\/\/www.facebook.com\/NazareneOfficial\/","https:\/\/x.com\/Nazarene","https:\/\/www.instagram.com\/nazareneofficial\/"]}]}},"_links":{"self":[{"href":"https:\/\/nazarene.org\/fr\/wp-json\/wp\/v2\/pages\/39953","targetHints":{"allow":["GET"]}}],"collection":[{"href":"https:\/\/nazarene.org\/fr\/wp-json\/wp\/v2\/pages"}],"about":[{"href":"https:\/\/nazarene.org\/fr\/wp-json\/wp\/v2\/types\/page"}],"author":[{"embeddable":true,"href":"https:\/\/nazarene.org\/fr\/wp-json\/wp\/v2\/users\/8"}],"replies":[{"embeddable":true,"href":"https:\/\/nazarene.org\/fr\/wp-json\/wp\/v2\/comments?post=39953"}],"version-history":[{"count":0,"href":"https:\/\/nazarene.org\/fr\/wp-json\/wp\/v2\/pages\/39953\/revisions"}],"wp:attachment":[{"href":"https:\/\/nazarene.org\/fr\/wp-json\/wp\/v2\/media?parent=39953"}],"curies":[{"name":"wp","href":"https:\/\/api.w.org\/{rel}","templated":true}]}}