{"id":39910,"date":"2025-03-20T15:32:44","date_gmt":"2025-03-20T20:32:44","guid":{"rendered":"https:\/\/nazarene.org\/w-c-wilson\/"},"modified":"2025-06-19T20:11:14","modified_gmt":"2025-06-20T01:11:14","slug":"w-c-wilson","status":"publish","type":"page","link":"https:\/\/nazarene.org\/fr\/w-c-wilson\/","title":{"rendered":"W.C. Wilson"},"content":{"rendered":"\t\t<div data-elementor-type=\"wp-page\" data-elementor-id=\"39910\" class=\"elementor elementor-39910 elementor-21732\" data-elementor-post-type=\"page\">\n\t\t\t\t<div class=\"elementor-element elementor-element-3afea2b e-flex e-con-boxed e-con e-parent\" data-id=\"3afea2b\" data-element_type=\"container\" data-e-type=\"container\" data-settings=\"{&quot;background_background&quot;:&quot;classic&quot;,&quot;jet_parallax_layout_list&quot;:[]}\">\n\t\t\t\t\t<div class=\"e-con-inner\">\n\t\t\t\t<div class=\"elementor-element elementor-element-d4ac1ba elementor-widget elementor-widget-heading\" data-id=\"d4ac1ba\" data-element_type=\"widget\" data-e-type=\"widget\" data-widget_type=\"heading.default\">\n\t\t\t\t<div class=\"elementor-widget-container\">\n\t\t\t\t\t<h1 class=\"elementor-heading-title elementor-size-default\">W.C. Wilson<\/h1>\t\t\t\t<\/div>\n\t\t\t\t<\/div>\n\t\t\t\t\t<\/div>\n\t\t\t\t<\/div>\n\t\t<div class=\"elementor-element elementor-element-12e9800 e-flex e-con-boxed e-con e-parent\" data-id=\"12e9800\" data-element_type=\"container\" data-e-type=\"container\" data-settings=\"{&quot;background_background&quot;:&quot;classic&quot;,&quot;jet_parallax_layout_list&quot;:[]}\">\n\t\t\t\t\t<div class=\"e-con-inner\">\n\t\t<div class=\"elementor-element elementor-element-43e6c2c e-con-full e-flex e-con e-child\" data-id=\"43e6c2c\" data-element_type=\"container\" data-e-type=\"container\" data-settings=\"{&quot;jet_parallax_layout_list&quot;:[],&quot;background_background&quot;:&quot;classic&quot;}\">\n\t\t\t\t<div class=\"elementor-element elementor-element-f98ea5a elementor-widget__width-initial elementor-widget elementor-widget-text-editor\" data-id=\"f98ea5a\" data-element_type=\"widget\" data-e-type=\"widget\" data-widget_type=\"text-editor.default\">\n\t\t\t\t<div class=\"elementor-widget-container\">\n\t\t\t\t\t\t\t\t\t<div class=\"layout__region layout__region--left flex-1-1 flex-grow-0 xl-flex-4-5\"><div class=\"block__wysiwyg\" data-layout-content-preview-placeholder-label=\"\" content=\"\" block=\"\"><div class=\"styles-wrapper-ea7ee296-ca47-48bb-b068-0a6a1851ccbc\"><section class=\"wysiwyg\"><div class=\"wysiwyg__content\"><div class=\"flex-container flex-wrap\"><p>William C. Wilson a combl\u00e9 beaucoup des contradictions de l&rsquo;\u00c9glise primitive du Nazar\u00e9en. Il a surmont\u00e9 son r\u00e9gionalisme sous-jacent, connaissant bien les attitudes sectionnelles de son Sud natal, tout en appr\u00e9ciant l&rsquo;\u00e9thos de la Californie du d\u00e9but du XXe si\u00e8cle. De m\u00eame, il a combl\u00e9 l&rsquo;esprit divis\u00e9 de la premi\u00e8re d\u00e9nomination sur l&rsquo;\u00e9thique, en comprenant (et pendant un certain temps) une \u00e9thique du l\u00e9galisme, mais en acceptant progressivement la vue que la saintet\u00e9 fournit la libert\u00e9, et non la loi, dans la vie chr\u00e9tienne. Il a pr\u00each\u00e9 la r\u00e9alit\u00e9 des exp\u00e9riences de crise de la gr\u00e2ce et a reconnu que son appel \u00e0 pr\u00eacher \u00e9tait une prise de conscience graduelle, et non la \u00ab voix de Dieu \u00bb distincte dont les associ\u00e9s ont parfois t\u00e9moign\u00e9. En tant que premier surintendant de district, il a \u00e9t\u00e9 press\u00e9 dans la vie administrative d&rsquo;une d\u00e9nomination en bas \u00e2ge, bien que son plus grand amour f\u00fbt de pr\u00eacher &#8211; une vocation qu&rsquo;il a \u00e9galement r\u00e9veill\u00e9e chez trois de ses enfants. Enfin, \u00e0 un moment de sa vie o\u00f9 Wilson pouvait mal se permettre de faire des sacrifices financiers, il a \u00e9t\u00e9 \u00e9lu surintendant g\u00e9n\u00e9ral de son \u00c9glise, bien que la r\u00e9mun\u00e9ration du bureau soit \u00e0 peine qualifi\u00e9e de revenu suppl\u00e9mentaire.<\/p><p> <\/p><p>Wilson a fait face aux ironies de sa vie avec une gr\u00e2ce extr\u00eamement grande. Il \u00e9tait, avant tout, un pr\u00e9dicateur de la r\u00e9conciliation, d&rsquo;abord entre les p\u00e9cheurs et la Gr\u00e2ce divine ; deuxi\u00e8mement, parmi et entre ceux qui confessent ensemble leur loyaut\u00e9 au Christ et \u00e0 son \u00c9glise.<\/p><p> <\/p><p>Son minist\u00e8re a \u00e9t\u00e9 assist\u00e9 par des femmes et des enfants qui connaissaient personnellement la gr\u00e2ce qu&rsquo;il pr\u00eachait. Ses enfants plus \u00e2g\u00e9s ont v\u00e9cu le chagrin de la mort de leur jeune m\u00e8re, de la rupture de leur maison et de la r\u00e9surrection de la famille apr\u00e8s le remariage de Wilson. Ensemble, la famille Wilson a v\u00e9cu l&rsquo;impuissance de la mort d&rsquo;un nourrisson et la perte tragique d&rsquo;un enfant adulte peu apr\u00e8s son mariage. Mais ils ont \u00e9galement v\u00e9cu des r\u00e9unions joyeuses, ont appr\u00e9ci\u00e9 de \u00ab bons pastorats \u00bb et ont trouv\u00e9 du temps en Californie pour passer des moments heureux ensemble sur la plage.<\/p><p> <\/p><p>Seul le feu Mallalieu Wilson aurait pu \u00e9crire ce portrait intime de son p\u00e8re, W. C. Wilson. Mallalieu Wilson \u00e9tait personnellement familier avec de nombreux fondateurs de l&rsquo;\u00c9glise du Nazar\u00e9en. En effet, il peut \u00eatre caract\u00e9ris\u00e9 comme l&rsquo;un de ses \u00ab jeunes fondateurs \u00bb. N\u00e9 en 1898, il a grandi parmi les \u00e9glises nazar\u00e9ennes de la c\u00f4te ouest o\u00f9 il a particip\u00e9 \u00e0 ses programmes pionniers pour les jeunes. Il a grandi autour de Phineas Bresee, John Goodwin, Edward F. Walker, A. O. Henricks, E. P. Ellyson, Seth Rees et d&rsquo;autres qui ont dirig\u00e9 l&rsquo;\u00c9glise en Californie du Sud et au-del\u00e0. Il les connaissait \u00e0 l&rsquo;\u00c9glise, \u00e0 une r\u00e9union de camp, \u00e0 une assembl\u00e9e de district et \u00e0 travers la communaut\u00e9 intime de Pasadena et de son Universit\u00e9 nazar\u00e9enne (plus tard Coll\u00e8ge Pasadena), o\u00f9 il \u00e9tait leader \u00e9tudiant \u00e0 la fois \u00e0 l&rsquo;Acad\u00e9mie (\u00e9cole secondaire) et au Coll\u00e8ge.<\/p><p> <\/p><p>Ce r\u00e9cit refl\u00e8te la vision de Mallalieu Wilson sur les personnalit\u00e9s qui ont fa\u00e7onn\u00e9 l&rsquo;\u00c9glise du Nazar\u00e9en dans ses ann\u00e9es formatives. Derri\u00e8re ses points de vue, il y a parfois les opinions de son p\u00e8re. Mais le livre n&rsquo;est pas seulement sur les Nazar\u00e9ens ; il \u00e9claire \u00e9galement les gens et les probl\u00e8mes importants dans le Mouvement de saintet\u00e9 plus large.<\/p><p> <\/p><p>Il enregistre l&rsquo;histoire de William C. Wilson, dont le voyage de foi l&rsquo;a conduit \u00e0 travers le paysage de sectes de saintet\u00e9 dispers\u00e9es dans l&rsquo;\u00c9glise du Nazar\u00e9en et d&rsquo;un bout de la nation \u00e0 l&rsquo;autre. Dans la providence de Dieu, Wilson a \u00e9t\u00e9 \u00e9lu par des pairs et des la\u00efcs pour \u00eatre l&rsquo;un de leurs surintendants g\u00e9n\u00e9raux.<\/p><p> <\/p><p>Pour lire une copie num\u00e9rique de l&rsquo;histoire de vie de W. C. Wilson, <a href=\"http:\/\/wesley.nnu.edu\/wesleyctr\/books\/2501-2600\/HDM2594.pdf\" target=\"_blank\" rel=\"noopener\">cliquez ici<\/a>.<\/p><\/div><\/div><\/section><\/div><\/div><\/div>\t\t\t\t\t\t\t\t<\/div>\n\t\t\t\t<\/div>\n\t\t\t\t<\/div>\n\t\t\t\t\t<\/div>\n\t\t\t\t<\/div>\n\t\t<div class=\"elementor-element elementor-element-5d6e2fe elementor-hidden-widescreen elementor-hidden-desktop elementor-hidden-tablet elementor-hidden-mobile e-flex e-con-boxed e-con e-parent\" data-id=\"5d6e2fe\" data-element_type=\"container\" data-e-type=\"container\" data-settings=\"{&quot;jet_parallax_layout_list&quot;:[],&quot;background_background&quot;:&quot;classic&quot;}\">\n\t\t\t\t\t<div class=\"e-con-inner\">\n\t\t\t\t<div class=\"elementor-element elementor-element-6f0ae55 elementor-widget elementor-widget-heading\" data-id=\"6f0ae55\" data-element_type=\"widget\" data-e-type=\"widget\" data-widget_type=\"heading.default\">\n\t\t\t\t<div class=\"elementor-widget-container\">\n\t\t\t\t\t<h3 class=\"elementor-heading-title elementor-size-default\">Essentiels nazar\u00e9ens<\/h3>\t\t\t\t<\/div>\n\t\t\t\t<\/div>\n\t\t\t\t<div class=\"elementor-element elementor-element-242fee2 elementor-widget-divider--view-line elementor-widget elementor-widget-divider\" data-id=\"242fee2\" data-element_type=\"widget\" data-e-type=\"widget\" data-widget_type=\"divider.default\">\n\t\t\t\t<div class=\"elementor-widget-container\">\n\t\t\t\t\t\t\t<div class=\"elementor-divider\">\n\t\t\t<span class=\"elementor-divider-separator\">\n\t\t\t\t\t\t<\/span>\n\t\t<\/div>\n\t\t\t\t\t\t<\/div>\n\t\t\t\t<\/div>\n\t\t\t\t<div class=\"elementor-element elementor-element-13139cb elementor-widget__width-initial elementor-widget-mobile__width-inherit elementor-widget elementor-widget-text-editor\" data-id=\"13139cb\" data-element_type=\"widget\" data-e-type=\"widget\" data-widget_type=\"text-editor.default\">\n\t\t\t\t<div class=\"elementor-widget-container\">\n\t\t\t\t\t\t\t\t\t<p>Essentiels nazar\u00e9ens explique pourquoi l&rsquo;\u00c9glise du Nazar\u00e9en existe en tant que mouvement mondial de Saintet\u00e9 et de Grande Commission dans la tradition wesleyenne-arminienne.<\/p>\t\t\t\t\t\t\t\t<\/div>\n\t\t\t\t<\/div>\n\t\t\t\t<div class=\"elementor-element elementor-element-b77c5f1 elementor-align-center elementor-widget elementor-widget-button\" data-id=\"b77c5f1\" data-element_type=\"widget\" data-e-type=\"widget\" data-widget_type=\"button.default\">\n\t\t\t\t<div class=\"elementor-widget-container\">\n\t\t\t\t\t\t\t\t\t<div class=\"elementor-button-wrapper\">\n\t\t\t\t\t<a class=\"elementor-button elementor-button-link elementor-size-sm\" href=\"https:\/\/nazarene.org\/fr\/essentiels-nazareens\/\">\n\t\t\t\t\t\t<span class=\"elementor-button-content-wrapper\">\n\t\t\t\t\t\t<span class=\"elementor-button-icon\">\n\t\t\t\t<svg aria-hidden=\"true\" class=\"e-font-icon-svg e-fas-arrow-right\" viewBox=\"0 0 448 512\" xmlns=\"http:\/\/www.w3.org\/2000\/svg\"><path d=\"M190.5 66.9l22.2-22.2c9.4-9.4 24.6-9.4 33.9 0L441 239c9.4 9.4 9.4 24.6 0 33.9L246.6 467.3c-9.4 9.4-24.6 9.4-33.9 0l-22.2-22.2c-9.5-9.5-9.3-25 .4-34.3L311.4 296H24c-13.3 0-24-10.7-24-24v-32c0-13.3 10.7-24 24-24h287.4L190.9 101.2c-9.8-9.3-10-24.8-.4-34.3z\"><\/path><\/svg>\t\t\t<\/span>\n\t\t\t\t\t\t\t\t\t<span class=\"elementor-button-text\">EN SAVOIR PLUS<\/span>\n\t\t\t\t\t<\/span>\n\t\t\t\t\t<\/a>\n\t\t\t\t<\/div>\n\t\t\t\t\t\t\t\t<\/div>\n\t\t\t\t<\/div>\n\t\t\t\t\t<\/div>\n\t\t\t\t<\/div>\n\t\t\t\t<\/div>\n\t\t","protected":false},"excerpt":{"rendered":"<p>W.C. Wilson William C. Wilson a combl\u00e9 beaucoup des contradictions de l&rsquo;\u00c9glise primitive du Nazar\u00e9en. Il a surmont\u00e9 son r\u00e9gionalisme sous-jacent, connaissant bien les attitudes sectionnelles de son Sud natal, tout en appr\u00e9ciant l&rsquo;\u00e9thos de la Californie du d\u00e9but du XXe si\u00e8cle. De m\u00eame, il a combl\u00e9 l&rsquo;esprit divis\u00e9 de la premi\u00e8re d\u00e9nomination sur l&rsquo;\u00e9thique, [&hellip;]<\/p>\n","protected":false},"author":8,"featured_media":0,"parent":0,"menu_order":0,"comment_status":"closed","ping_status":"closed","template":"","meta":{"content-type":"","_jet_sm_ready_style":"","_jet_sm_style":"","_jet_sm_controls_values":"","_jet_sm_fonts_collection":"","_jet_sm_fonts_links":"","footnotes":""},"class_list":["post-39910","page","type-page","status-publish","hentry"],"yoast_head":"<!-- This site is optimized with the Yoast SEO Premium plugin v27.1 (Yoast SEO v27.1.1) - https:\/\/yoast.com\/product\/yoast-seo-premium-wordpress\/ -->\n<title>W.C. Wilson - Church of the Nazarene<\/title>\n<meta name=\"robots\" content=\"index, follow, max-snippet:-1, max-image-preview:large, max-video-preview:-1\" \/>\n<link rel=\"canonical\" href=\"https:\/\/nazarene.org\/fr\/w-c-wilson\/\" \/>\n<meta property=\"og:locale\" content=\"fr_FR\" \/>\n<meta property=\"og:type\" content=\"article\" \/>\n<meta property=\"og:title\" content=\"W.C. Wilson\" \/>\n<meta property=\"og:description\" content=\"W.C. Wilson William C. Wilson a combl\u00e9 beaucoup des contradictions de l&rsquo;\u00c9glise primitive du Nazar\u00e9en. Il a surmont\u00e9 son r\u00e9gionalisme sous-jacent, connaissant bien les attitudes sectionnelles de son Sud natal, tout en appr\u00e9ciant l&rsquo;\u00e9thos de la Californie du d\u00e9but du XXe si\u00e8cle. De m\u00eame, il a combl\u00e9 l&rsquo;esprit divis\u00e9 de la premi\u00e8re d\u00e9nomination sur l&rsquo;\u00e9thique, [&hellip;]\" \/>\n<meta property=\"og:url\" content=\"https:\/\/nazarene.org\/fr\/w-c-wilson\/\" \/>\n<meta property=\"og:site_name\" content=\"Church of the Nazarene\" \/>\n<meta property=\"article:publisher\" content=\"https:\/\/www.facebook.com\/NazareneOfficial\/\" \/>\n<meta property=\"article:modified_time\" content=\"2025-06-20T01:11:14+00:00\" \/>\n<meta name=\"twitter:card\" content=\"summary_large_image\" \/>\n<meta name=\"twitter:site\" content=\"@Nazarene\" \/>\n<script type=\"application\/ld+json\" class=\"yoast-schema-graph\">{\"@context\":\"https:\/\/schema.org\",\"@graph\":[{\"@type\":\"WebPage\",\"@id\":\"https:\/\/nazarene.org\/fr\/w-c-wilson\/\",\"url\":\"https:\/\/nazarene.org\/fr\/w-c-wilson\/\",\"name\":\"W.C. Wilson - Church of the Nazarene\",\"isPartOf\":{\"@id\":\"https:\/\/nazarene.org\/fr\/#website\"},\"datePublished\":\"2025-03-20T20:32:44+00:00\",\"dateModified\":\"2025-06-20T01:11:14+00:00\",\"breadcrumb\":{\"@id\":\"https:\/\/nazarene.org\/fr\/w-c-wilson\/#breadcrumb\"},\"inLanguage\":\"fr-FR\",\"potentialAction\":[{\"@type\":\"ReadAction\",\"target\":[\"https:\/\/nazarene.org\/fr\/w-c-wilson\/\"]}]},{\"@type\":\"BreadcrumbList\",\"@id\":\"https:\/\/nazarene.org\/fr\/w-c-wilson\/#breadcrumb\",\"itemListElement\":[{\"@type\":\"ListItem\",\"position\":1,\"name\":\"Home\",\"item\":\"https:\/\/nazarene.org\/fr\/\"},{\"@type\":\"ListItem\",\"position\":2,\"name\":\"W.C. Wilson\"}]},{\"@type\":\"WebSite\",\"@id\":\"https:\/\/nazarene.org\/fr\/#website\",\"url\":\"https:\/\/nazarene.org\/fr\/\",\"name\":\"Church of the Nazarene\",\"description\":\"Making Christlike Disciples in the Nations\",\"publisher\":{\"@id\":\"https:\/\/nazarene.org\/fr\/#organization\"},\"potentialAction\":[{\"@type\":\"SearchAction\",\"target\":{\"@type\":\"EntryPoint\",\"urlTemplate\":\"https:\/\/nazarene.org\/fr\/?s={search_term_string}\"},\"query-input\":{\"@type\":\"PropertyValueSpecification\",\"valueRequired\":true,\"valueName\":\"search_term_string\"}}],\"inLanguage\":\"fr-FR\"},{\"@type\":\"Organization\",\"@id\":\"https:\/\/nazarene.org\/fr\/#organization\",\"name\":\"Church of the Nazarene\",\"url\":\"https:\/\/nazarene.org\/fr\/\",\"logo\":{\"@type\":\"ImageObject\",\"inLanguage\":\"fr-FR\",\"@id\":\"https:\/\/nazarene.org\/fr\/#\/schema\/logo\/image\/\",\"url\":\"https:\/\/nazarene.org\/wp-content\/uploads\/2024\/06\/Naz_Desktop_Black_Logo-1.svg\",\"contentUrl\":\"https:\/\/nazarene.org\/wp-content\/uploads\/2024\/06\/Naz_Desktop_Black_Logo-1.svg\",\"width\":258,\"height\":36,\"caption\":\"Church of the Nazarene\"},\"image\":{\"@id\":\"https:\/\/nazarene.org\/fr\/#\/schema\/logo\/image\/\"},\"sameAs\":[\"https:\/\/www.facebook.com\/NazareneOfficial\/\",\"https:\/\/x.com\/Nazarene\",\"https:\/\/www.instagram.com\/nazareneofficial\/\"]}]}<\/script>\n<!-- \/ Yoast SEO Premium plugin. -->","yoast_head_json":{"title":"W.C. Wilson - Church of the Nazarene","robots":{"index":"index","follow":"follow","max-snippet":"max-snippet:-1","max-image-preview":"max-image-preview:large","max-video-preview":"max-video-preview:-1"},"canonical":"https:\/\/nazarene.org\/fr\/w-c-wilson\/","og_locale":"fr_FR","og_type":"article","og_title":"W.C. Wilson","og_description":"W.C. Wilson William C. Wilson a combl\u00e9 beaucoup des contradictions de l&rsquo;\u00c9glise primitive du Nazar\u00e9en. Il a surmont\u00e9 son r\u00e9gionalisme sous-jacent, connaissant bien les attitudes sectionnelles de son Sud natal, tout en appr\u00e9ciant l&rsquo;\u00e9thos de la Californie du d\u00e9but du XXe si\u00e8cle. De m\u00eame, il a combl\u00e9 l&rsquo;esprit divis\u00e9 de la premi\u00e8re d\u00e9nomination sur l&rsquo;\u00e9thique, [&hellip;]","og_url":"https:\/\/nazarene.org\/fr\/w-c-wilson\/","og_site_name":"Church of the Nazarene","article_publisher":"https:\/\/www.facebook.com\/NazareneOfficial\/","article_modified_time":"2025-06-20T01:11:14+00:00","twitter_card":"summary_large_image","twitter_site":"@Nazarene","schema":{"@context":"https:\/\/schema.org","@graph":[{"@type":"WebPage","@id":"https:\/\/nazarene.org\/fr\/w-c-wilson\/","url":"https:\/\/nazarene.org\/fr\/w-c-wilson\/","name":"W.C. Wilson - Church of the Nazarene","isPartOf":{"@id":"https:\/\/nazarene.org\/fr\/#website"},"datePublished":"2025-03-20T20:32:44+00:00","dateModified":"2025-06-20T01:11:14+00:00","breadcrumb":{"@id":"https:\/\/nazarene.org\/fr\/w-c-wilson\/#breadcrumb"},"inLanguage":"fr-FR","potentialAction":[{"@type":"ReadAction","target":["https:\/\/nazarene.org\/fr\/w-c-wilson\/"]}]},{"@type":"BreadcrumbList","@id":"https:\/\/nazarene.org\/fr\/w-c-wilson\/#breadcrumb","itemListElement":[{"@type":"ListItem","position":1,"name":"Home","item":"https:\/\/nazarene.org\/fr\/"},{"@type":"ListItem","position":2,"name":"W.C. Wilson"}]},{"@type":"WebSite","@id":"https:\/\/nazarene.org\/fr\/#website","url":"https:\/\/nazarene.org\/fr\/","name":"Church of the Nazarene","description":"Making Christlike Disciples in the Nations","publisher":{"@id":"https:\/\/nazarene.org\/fr\/#organization"},"potentialAction":[{"@type":"SearchAction","target":{"@type":"EntryPoint","urlTemplate":"https:\/\/nazarene.org\/fr\/?s={search_term_string}"},"query-input":{"@type":"PropertyValueSpecification","valueRequired":true,"valueName":"search_term_string"}}],"inLanguage":"fr-FR"},{"@type":"Organization","@id":"https:\/\/nazarene.org\/fr\/#organization","name":"Church of the Nazarene","url":"https:\/\/nazarene.org\/fr\/","logo":{"@type":"ImageObject","inLanguage":"fr-FR","@id":"https:\/\/nazarene.org\/fr\/#\/schema\/logo\/image\/","url":"https:\/\/nazarene.org\/wp-content\/uploads\/2024\/06\/Naz_Desktop_Black_Logo-1.svg","contentUrl":"https:\/\/nazarene.org\/wp-content\/uploads\/2024\/06\/Naz_Desktop_Black_Logo-1.svg","width":258,"height":36,"caption":"Church of the Nazarene"},"image":{"@id":"https:\/\/nazarene.org\/fr\/#\/schema\/logo\/image\/"},"sameAs":["https:\/\/www.facebook.com\/NazareneOfficial\/","https:\/\/x.com\/Nazarene","https:\/\/www.instagram.com\/nazareneofficial\/"]}]}},"_links":{"self":[{"href":"https:\/\/nazarene.org\/fr\/wp-json\/wp\/v2\/pages\/39910","targetHints":{"allow":["GET"]}}],"collection":[{"href":"https:\/\/nazarene.org\/fr\/wp-json\/wp\/v2\/pages"}],"about":[{"href":"https:\/\/nazarene.org\/fr\/wp-json\/wp\/v2\/types\/page"}],"author":[{"embeddable":true,"href":"https:\/\/nazarene.org\/fr\/wp-json\/wp\/v2\/users\/8"}],"replies":[{"embeddable":true,"href":"https:\/\/nazarene.org\/fr\/wp-json\/wp\/v2\/comments?post=39910"}],"version-history":[{"count":0,"href":"https:\/\/nazarene.org\/fr\/wp-json\/wp\/v2\/pages\/39910\/revisions"}],"wp:attachment":[{"href":"https:\/\/nazarene.org\/fr\/wp-json\/wp\/v2\/media?parent=39910"}],"curies":[{"name":"wp","href":"https:\/\/api.w.org\/{rel}","templated":true}]}}