{"id":39909,"date":"2025-03-20T15:27:27","date_gmt":"2025-03-20T20:27:27","guid":{"rendered":"https:\/\/nazarene.org\/points-de-tournant\/"},"modified":"2025-06-19T20:11:13","modified_gmt":"2025-06-20T01:11:13","slug":"points-de-tournant","status":"publish","type":"page","link":"https:\/\/nazarene.org\/fr\/points-de-tournant\/","title":{"rendered":"Points de tournant"},"content":{"rendered":"\t\t<div data-elementor-type=\"wp-page\" data-elementor-id=\"39909\" class=\"elementor elementor-39909 elementor-21722\" data-elementor-post-type=\"page\">\n\t\t\t\t<div class=\"elementor-element elementor-element-3afea2b e-flex e-con-boxed e-con e-parent\" data-id=\"3afea2b\" data-element_type=\"container\" data-e-type=\"container\" data-settings=\"{&quot;background_background&quot;:&quot;classic&quot;,&quot;jet_parallax_layout_list&quot;:[]}\">\n\t\t\t\t\t<div class=\"e-con-inner\">\n\t\t\t\t<div class=\"elementor-element elementor-element-d4ac1ba elementor-widget elementor-widget-heading\" data-id=\"d4ac1ba\" data-element_type=\"widget\" data-e-type=\"widget\" data-widget_type=\"heading.default\">\n\t\t\t\t<div class=\"elementor-widget-container\">\n\t\t\t\t\t<h1 class=\"elementor-heading-title elementor-size-default\">Points de tournant dans l'histoire nazar\u00e9enne<\/h1>\t\t\t\t<\/div>\n\t\t\t\t<\/div>\n\t\t\t\t\t<\/div>\n\t\t\t\t<\/div>\n\t\t<div class=\"elementor-element elementor-element-12e9800 e-flex e-con-boxed e-con e-parent\" data-id=\"12e9800\" data-element_type=\"container\" data-e-type=\"container\" data-settings=\"{&quot;background_background&quot;:&quot;classic&quot;,&quot;jet_parallax_layout_list&quot;:[]}\">\n\t\t\t\t\t<div class=\"e-con-inner\">\n\t\t<div class=\"elementor-element elementor-element-43e6c2c e-con-full e-flex e-con e-child\" data-id=\"43e6c2c\" data-element_type=\"container\" data-e-type=\"container\" data-settings=\"{&quot;jet_parallax_layout_list&quot;:[],&quot;background_background&quot;:&quot;classic&quot;}\">\n\t\t\t\t<div class=\"elementor-element elementor-element-a9cae34 elementor-widget elementor-widget-heading\" data-id=\"a9cae34\" data-element_type=\"widget\" data-e-type=\"widget\" data-widget_type=\"heading.default\">\n\t\t\t\t<div class=\"elementor-widget-container\">\n\t\t\t\t\t<h3 class=\"elementor-heading-title elementor-size-default\">Un aper\u00e7u des tendances principales<\/h3>\t\t\t\t<\/div>\n\t\t\t\t<\/div>\n\t\t\t\t<div class=\"elementor-element elementor-element-f98ea5a elementor-widget__width-initial elementor-widget elementor-widget-text-editor\" data-id=\"f98ea5a\" data-element_type=\"widget\" data-e-type=\"widget\" data-widget_type=\"text-editor.default\">\n\t\t\t\t<div class=\"elementor-widget-container\">\n\t\t\t\t\t\t\t\t\t<div class=\"layout__region layout__region--left flex-1-1 flex-grow-0 xl-flex-4-5\">\n<div class=\"block__wysiwyg\" data-layout-content-preview-placeholder-label=\"\" content=\"\" block=\"\">\n<div class=\"styles-wrapper-6edf979c-a596-4e08-89bf-7db386c9819b\">\n<section class=\"wysiwyg\">\n<div class=\"wysiwyg__content\">\n<div class=\"flex-container flex-wrap\">\n<p><strong>P\u00e9riode un : La recherche de fondations, 1887-1915<\/strong><\/p>\n<p><em>La fondation des corps de parents.<\/em><br> EST DES \u00c9TATS-UNIS : LE MOUVEMENT DE NOUVELLE ANGLETERRE<\/p>\n<p>L&rsquo;\u00c9glise \u00e9vang\u00e9lique du peuple, Providence, Rhode Island (1887)<br>L&rsquo;\u00c9glise pentec\u00f4tiste, Lynn, Mass., (1888)<br>Autres \u00e9glises de Nouvelle-Angleterre.<br>Association centrale de Saintet\u00e9 \u00e9vang\u00e9lique (1890), premi\u00e8re organisation d&rsquo;\u00e9glises de la lign\u00e9e nazar\u00e9enne.<\/p>\n<p> <\/p>\n<p>SUD DES \u00c9TATS-UNIS : LE MOUVEMENT DU TENNESSEE<\/p>\n<p>\u00c9glise du Nouveau Testament du Christ est originaire du Tennessee (1894)<\/p>\n<p> <\/p>\n<p>EST DES \u00c9TATS-UNIS : LE MOUVEMENT BROOKLYN<\/p>\n<p>Trois congr\u00e9gations \u00e0 Brooklyn fond\u00e9es par William Howard Hoople, en commen\u00e7ant par l&rsquo;\u00c9glise pentec\u00f4tiste Utica Avenue (1894)<br>Association des \u00c9glises pentec\u00f4tistes d&rsquo;Am\u00e9rique organis\u00e9e (1895) en tant qu&rsquo;association d&rsquo;\u00e9glises de saintet\u00e9 de la r\u00e9gion de New York.<\/p>\n<p> <\/p>\n<p>OUEST DES \u00c9TATS-UNIS : LE MOUVEMENT PACIFIQUE<\/p>\n<p>Premi\u00e8re \u00c9glise du Nazar\u00e9en de Los Angeles \u00e9tablie (1895). Il devient l&rsquo;\u00e9glise m\u00e8re de la branche occidentale<\/p>\n<p> <\/p>\n<p>SUD DES \u00c9TATS-UNIS : LE MOUVEMENT TEXAS<\/p>\n<p>L&rsquo;\u00c9glise ind\u00e9pendante de Saintet\u00e9 est originaire de l&rsquo;est du Texas (1901).<\/p>\n<p> <\/p>\n<p>CORPS R\u00c9GIONAUX CONSOLIDENT ET GRANDISSENT<\/p>\n<p>Les mouvements de Nouvelle-Angleterre et Brooklyn s&rsquo;unissent en 1896. Le corps uni conserve le nom du mouvement Brooklyn et s&rsquo;appelle Association des \u00c9glises pentec\u00f4tistes d&rsquo;Am\u00e9rique. En 1907, il s&rsquo;\u00e9tend de la Nouvelle-\u00c9cosse, du Canada \u00e0 l&rsquo;Iowa.<br>Les groupes du Tennessee et du Texas s&rsquo;unissent en 1904, cr\u00e9ant l&rsquo;\u00c9glise de la Saintet\u00e9 du Christ. En 1908, l&rsquo;\u00c9glise de Saintet\u00e9 du Christ s&rsquo;\u00e9tend du Nouveau-Mexique \u00e0 la G\u00e9orgie.<br>En 1907, l&rsquo;\u00c9glise du Nazar\u00e9en de Bresee s&rsquo;\u00e9tend de la Californie du Sud au nord \u00e0 Seattle et \u00e0 l&rsquo;est de l&rsquo;Illinois.<\/p>\n<p> <\/p>\n<p>Un point de tournant majeur est le <em>mouvement d&rsquo;unit\u00e9<\/em>, qui culmine par des fusions en 1907, 1908 et 1915. \u00c0 cette derni\u00e8re date, ce qui \u00e9tait autrefois sept groupes distincts aux \u00c9tats-Unis et un en \u00c9cosse avait fusionn\u00e9 en une seule d\u00e9nomination internationale avec des \u00c9glises dans les Cara\u00efbes, en Am\u00e9rique centrale, en Am\u00e9rique du Sud, en Afrique, en Asie et au Cap-Vert.<br> <\/p>\n<p>Premi\u00e8re Assembl\u00e9e g\u00e9n\u00e9rale \u00e0 Chicago, Ill., (1907) unit l&rsquo;Association des \u00c9glises pentec\u00f4tistes d&rsquo;Am\u00e9rique et l&rsquo;\u00c9glise du Nazar\u00e9en. Le nom \u00ab \u00c9glise pentec\u00f4tiste du Nazar\u00e9en \u00bb est s\u00e9lectionn\u00e9 comme nom de l&rsquo;\u00c9glise.<br>Deuxi\u00e8me Assembl\u00e9e g\u00e9n\u00e9rale \u00e0 Pilot Point, Tex., (1908) am\u00e8ne l&rsquo;\u00c9glise de Saintet\u00e9 du Christ dans le corps uni. L&rsquo;\u00c9glise pentec\u00f4tiste du Nazar\u00e9en existe maintenant dans la plupart des r\u00e9gions des \u00c9tats-Unis et dans la province canadienne de Nouvelle-\u00c9cosse.<br>Deux fusions cl\u00e9s en 1915 ajoutent la Mission pentec\u00f4tiste (Sud-Est des \u00c9tats-Unis) et l&rsquo;\u00c9glise pentec\u00f4tiste d&rsquo;\u00c9cosse \u00e0 l&rsquo;\u00c9glise.<br>La cinqui\u00e8me Assembl\u00e9e g\u00e9n\u00e9rale supprime le mot \u00ab Pentec\u00f4tiste \u00bb du nom de l&rsquo;\u00c9glise parce que la mont\u00e9e du Pentec\u00f4tiste moderne parlant des langues a donn\u00e9 au mot de nouvelles significations populaires.<br>La sixi\u00e8me Assembl\u00e9e g\u00e9n\u00e9rale (1923) choisit 1908 comme date d&rsquo;anniversaire officielle de l&rsquo;\u00c9glise unie.<\/p>\n<p> <\/p>\n<p>Un tournant critique est survenu avec la cr\u00e9ation de la Maison d&rsquo;\u00e9dition nazar\u00e9enne par l&rsquo;action de la troisi\u00e8me Assembl\u00e9e g\u00e9n\u00e9rale (1911). Cette action a remplac\u00e9 trois soci\u00e9t\u00e9s d&rsquo;\u00e9dition r\u00e9gionales par une soci\u00e9t\u00e9 centrale et elle a remplac\u00e9 trois documents r\u00e9gionaux par un document d\u00e9nominationnel fort, <em>H\u00e9raut de Saintet\u00e9<\/em>, qui a commenc\u00e9 sa publication au printemps 1912 et a continu\u00e9 jusqu&rsquo;en 1998, date \u00e0 laquelle il a \u00e9t\u00e9 remplac\u00e9 par <em>Saintet\u00e9 aujourd&rsquo;hui<\/em>.<\/p>\n<p> <\/p>\n<p>Un autre point saillant a \u00e9t\u00e9 le <em>d\u00e9veloppement d&rsquo;un r\u00e9seau de coll\u00e8ges d&rsquo;arts lib\u00e9raux<\/em> pour \u00e9duquer des ministres et un la\u00efc chr\u00e9tien. Les premiers Nazar\u00e9ens se penchaient vers le mod\u00e8le m\u00e9thodiste de l&rsquo;enseignement sup\u00e9rieur, qui comprenait une large \u00e9ducation en sciences et en sciences humaines. Les m\u00e9thodistes croyaient \u00e9galement que chaque conf\u00e9rence annuelle devrait avoir son propre coll\u00e8ge. En revanche, le mod\u00e8le baptiste a soulign\u00e9 les coll\u00e8ges bibliques avec un programme d&rsquo;\u00e9tudes \u00e9troit. Les premiers Nazar\u00e9ens ont choisi le mod\u00e8le m\u00e9thodiste parce que (1) il leur permettait d&rsquo;\u00e9duquer leur clerg\u00e9 et leurs la\u00efcs ensemble et (2) il fournissait au clerg\u00e9 une large \u00e9ducation.<\/p>\n<p> <\/p>\n<p><em>Entreprise missionnaire<\/em>. Le premier travail en dehors des \u00c9tats-Unis et du Canada a \u00e9t\u00e9 en Inde, suivi du Cap-Vert, de la Chine, du Japon et du Mexique. La Mission pentec\u00f4tiste, qui a fusionn\u00e9 avec l&rsquo;\u00c9glise du Nazar\u00e9en en 1915, a ajout\u00e9 un travail missionnaire \u00e0 Cuba, en Am\u00e9rique centrale et en Am\u00e9rique du Sud. Le d\u00e9veloppement de l&rsquo;entreprise missionnaire nazar\u00e9enne est devenu l&rsquo;une des caract\u00e9ristiques d\u00e9finissantes de l&rsquo;\u00c9glise dans les g\u00e9n\u00e9rations \u00e0 venir.<br>P\u00e9riode deux : L&rsquo;\u00e8re de l&rsquo;organisation, 1915-1945<\/p>\n<p> <\/p>\n<p><em>Les femmes s&rsquo;organisent pour des missions.<\/em> La Soci\u00e9t\u00e9 missionnaire de la femme a \u00e9t\u00e9 autoris\u00e9e en 1915 en tant qu&rsquo;auxiliaire de l&rsquo;\u00c9glise. \u00c0 une date ult\u00e9rieure, il a ouvert son adh\u00e9sion aux hommes et est devenu la Soci\u00e9t\u00e9 missionnaire mondiale nazar\u00e9enne.<\/p>\n<p> <\/p>\n<p><em>Le Conseil g\u00e9n\u00e9ral a \u00e9t\u00e9 cr\u00e9\u00e9<\/em> par une action de l&rsquo;Assembl\u00e9e g\u00e9n\u00e9rale de 1923 et a commenc\u00e9 \u00e0 fonctionner imm\u00e9diatement. Il a remplac\u00e9 un syst\u00e8me de conseils ind\u00e9pendants qui \u00e9taient souvent en concurrence les uns avec les autres pour le dollar de l&rsquo;\u00c9glise. Ces conseils ind\u00e9pendants sont devenus des d\u00e9partements du Conseil g\u00e9n\u00e9ral.<\/p>\n<p> <\/p>\n<p>L&rsquo;Assembl\u00e9e g\u00e9n\u00e9rale de 1923 autorise le <em>D\u00e9partement des \u00e9coles de l&rsquo;\u00c9glise<\/em> et pour la premi\u00e8re fois l&rsquo;\u00c9glise du Nazar\u00e9en a commenc\u00e9 une planification d\u00e9taill\u00e9e et syst\u00e9matique du programme d&rsquo;\u00e9ducation chr\u00e9tienne.<\/p>\n<p> <\/p>\n<p>Le programme international de l&rsquo;\u00c9glise du Nazar\u00e9en a beaucoup souffert des cons\u00e9quences sociales et \u00e9conomiques de la Grande D\u00e9pression et de la Guerre mondiale qui a suivi. La <em>\u00ab Retrenchement \u00bb<\/em> est devenue le mot d&rsquo;ordre alors que l&rsquo;\u00c9glise \u00e9tait forc\u00e9e de mobiliser ses ressources avec soin. Dans le m\u00eame temps, les dirigeants de l&rsquo;\u00c9glise ont mis en place des plans pour une expansion significative des efforts missionnaires dans l&rsquo;\u00e8re d&rsquo;apr\u00e8s-guerre \u00e0 venir.<\/p>\n<p> <\/p>\n<p><strong>P\u00e9riode trois : L&rsquo;\u00e8re de l&rsquo;\u00e9vang\u00e9lisation, 1946-1970<\/strong><\/p>\n<p> <\/p>\n<p>La p\u00e9riode trois est marqu\u00e9e par une <em>explosion d&rsquo;activit\u00e9 missionnaire<\/em> qui a conduit l&rsquo;\u00c9glise dans de nouveaux domaines, tels que la Cor\u00e9e et les Philippines. Il est \u00e9galement entr\u00e9 en Australie et en Italie lorsque des \u0153uvres autochtones importantes dans ces pays se sont unies \u00e0 l&rsquo;\u00c9glise du Nazar\u00e9en. La Croisade du milieu du si\u00e8cle pour les \u00e2mes et d&rsquo;autres efforts revivalistes ont caract\u00e9ris\u00e9 l&rsquo;\u00c9glise en Am\u00e9rique du Nord et sur d&rsquo;autres continents.<\/p>\n<p> <\/p>\n<p>L&rsquo;\u00c9glise a suivi une <em>formation th\u00e9ologique universitaire pour le minist\u00e8re<\/em> lorsque le S\u00e9minaire th\u00e9ologique nazar\u00e9en a \u00e9t\u00e9 fond\u00e9 en 1945. Il y a maintenant plusieurs institutions d&rsquo;\u00e9tudes sup\u00e9rieures de religion qui fournissent une formation sp\u00e9cialis\u00e9e.<\/p>\n<p> <\/p>\n<p>Des \u00e9missions radio ont \u00e9t\u00e9 autoris\u00e9es et le programme <em>\u00ab Douches de b\u00e9n\u00e9diction \u00bb<\/em> commence, bient\u00f4t suivi de <em>\u00ab La Hora Nazarena \u00bb <\/em>et d&rsquo;\u00e9missions dans d&rsquo;autres langues.<\/p>\n<p> <\/p>\n<p>L&rsquo;\u00c9glise <em>a r\u00e9pondu au Mouvement <\/em>de jeunes des ann\u00e9es 60 en cr\u00e9ant un Corps missionnaire \u00e9tudiant et des groupes de chant orient\u00e9s vers les jeunes, tels que Lost et trouv\u00e9s. L&rsquo;\u00c9glise Maranatha du Nazar\u00e9en \u00e0 Paramus, N.J., typifie la sensibilisation \u00e0 la culture hippie.<\/p>\n<p> <\/p>\n<p><strong>P\u00e9riode Quatre : Rechercher une identit\u00e9 \u00e0 une \u00e8re de changement, 1971-pr\u00e9sent<\/strong><\/p>\n<p> <\/p>\n<p>L&rsquo;\u00c9glise a pris au s\u00e9rieux <em>l&rsquo;internationalisation<\/em> alors qu&rsquo;elle faisait face aux demandes croissantes de taille et de diversit\u00e9 culturelle.<\/p>\n<p> <\/p>\n<p><em>Les minist\u00e8res de compassion<\/em> sont revenus au c\u0153ur de l&rsquo;\u00c9glise, comme aspect de l&rsquo;\u00e9vang\u00e9lisation et comme signe du Royaume de Dieu \u00e0 l&rsquo;\u0153uvre au milieu de nous. Cela s&rsquo;est produit d&rsquo;abord par la fondation de minist\u00e8res urbains, en particulier la Communaut\u00e9 d&rsquo;Espoir \u00e0 Washington, D.C. et l&rsquo;\u00c9glise de Manhattan du Nazar\u00e9en \u00e0 New York. Plus tard par le Bureau des Minist\u00e8res compatissants au Centre du minist\u00e8re mondial.<\/p>\n<\/div>\n<\/div>\n<\/section>\n<\/div>\n<\/div>\n<\/div>\t\t\t\t\t\t\t\t<\/div>\n\t\t\t\t<\/div>\n\t\t\t\t<\/div>\n\t\t\t\t\t<\/div>\n\t\t\t\t<\/div>\n\t\t<div class=\"elementor-element elementor-element-5d6e2fe elementor-hidden-widescreen elementor-hidden-desktop elementor-hidden-tablet elementor-hidden-mobile e-flex e-con-boxed e-con e-parent\" data-id=\"5d6e2fe\" data-element_type=\"container\" data-e-type=\"container\" data-settings=\"{&quot;jet_parallax_layout_list&quot;:[],&quot;background_background&quot;:&quot;classic&quot;}\">\n\t\t\t\t\t<div class=\"e-con-inner\">\n\t\t\t\t<div class=\"elementor-element elementor-element-6f0ae55 elementor-widget elementor-widget-heading\" data-id=\"6f0ae55\" data-element_type=\"widget\" data-e-type=\"widget\" data-widget_type=\"heading.default\">\n\t\t\t\t<div class=\"elementor-widget-container\">\n\t\t\t\t\t<h3 class=\"elementor-heading-title elementor-size-default\">Essentiels nazar\u00e9ens<\/h3>\t\t\t\t<\/div>\n\t\t\t\t<\/div>\n\t\t\t\t<div class=\"elementor-element elementor-element-242fee2 elementor-widget-divider--view-line elementor-widget elementor-widget-divider\" data-id=\"242fee2\" data-element_type=\"widget\" data-e-type=\"widget\" data-widget_type=\"divider.default\">\n\t\t\t\t<div class=\"elementor-widget-container\">\n\t\t\t\t\t\t\t<div class=\"elementor-divider\">\n\t\t\t<span class=\"elementor-divider-separator\">\n\t\t\t\t\t\t<\/span>\n\t\t<\/div>\n\t\t\t\t\t\t<\/div>\n\t\t\t\t<\/div>\n\t\t\t\t<div class=\"elementor-element elementor-element-13139cb elementor-widget__width-initial elementor-widget-mobile__width-inherit elementor-widget elementor-widget-text-editor\" data-id=\"13139cb\" data-element_type=\"widget\" data-e-type=\"widget\" data-widget_type=\"text-editor.default\">\n\t\t\t\t<div class=\"elementor-widget-container\">\n\t\t\t\t\t\t\t\t\t<p>Essentiels nazar\u00e9ens explique pourquoi l&rsquo;\u00c9glise du Nazar\u00e9en existe en tant que mouvement mondial de Saintet\u00e9 et de Grande Commission dans la tradition wesleyenne-arminienne.<\/p>\t\t\t\t\t\t\t\t<\/div>\n\t\t\t\t<\/div>\n\t\t\t\t<div class=\"elementor-element elementor-element-b77c5f1 elementor-align-center elementor-widget elementor-widget-button\" data-id=\"b77c5f1\" data-element_type=\"widget\" data-e-type=\"widget\" data-widget_type=\"button.default\">\n\t\t\t\t<div class=\"elementor-widget-container\">\n\t\t\t\t\t\t\t\t\t<div class=\"elementor-button-wrapper\">\n\t\t\t\t\t<a class=\"elementor-button elementor-button-link elementor-size-sm\" href=\"https:\/\/nazarene.org\/fr\/essentiels-nazareens\/\">\n\t\t\t\t\t\t<span class=\"elementor-button-content-wrapper\">\n\t\t\t\t\t\t<span class=\"elementor-button-icon\">\n\t\t\t\t<svg aria-hidden=\"true\" class=\"e-font-icon-svg e-fas-arrow-right\" viewBox=\"0 0 448 512\" xmlns=\"http:\/\/www.w3.org\/2000\/svg\"><path d=\"M190.5 66.9l22.2-22.2c9.4-9.4 24.6-9.4 33.9 0L441 239c9.4 9.4 9.4 24.6 0 33.9L246.6 467.3c-9.4 9.4-24.6 9.4-33.9 0l-22.2-22.2c-9.5-9.5-9.3-25 .4-34.3L311.4 296H24c-13.3 0-24-10.7-24-24v-32c0-13.3 10.7-24 24-24h287.4L190.9 101.2c-9.8-9.3-10-24.8-.4-34.3z\"><\/path><\/svg>\t\t\t<\/span>\n\t\t\t\t\t\t\t\t\t<span class=\"elementor-button-text\">EN SAVOIR PLUS<\/span>\n\t\t\t\t\t<\/span>\n\t\t\t\t\t<\/a>\n\t\t\t\t<\/div>\n\t\t\t\t\t\t\t\t<\/div>\n\t\t\t\t<\/div>\n\t\t\t\t\t<\/div>\n\t\t\t\t<\/div>\n\t\t\t\t<\/div>\n\t\t","protected":false},"excerpt":{"rendered":"<p>Points de tournant dans l&rsquo;histoire nazar\u00e9enne Un aper\u00e7u des tendances principales P\u00e9riode un : La recherche de fondations, 1887-1915 La fondation des corps de parents. EST DES \u00c9TATS-UNIS : LE MOUVEMENT DE NOUVELLE ANGLETERRE L&rsquo;\u00c9glise \u00e9vang\u00e9lique du peuple, Providence, Rhode Island (1887)L&rsquo;\u00c9glise pentec\u00f4tiste, Lynn, Mass., (1888)Autres \u00e9glises de Nouvelle-Angleterre.Association centrale de Saintet\u00e9 \u00e9vang\u00e9lique (1890), premi\u00e8re [&hellip;]<\/p>\n","protected":false},"author":8,"featured_media":0,"parent":0,"menu_order":0,"comment_status":"closed","ping_status":"closed","template":"","meta":{"content-type":"","_jet_sm_ready_style":"","_jet_sm_style":"","_jet_sm_controls_values":"","_jet_sm_fonts_collection":"","_jet_sm_fonts_links":"","footnotes":""},"class_list":["post-39909","page","type-page","status-publish","hentry"],"yoast_head":"<!-- This site is optimized with the Yoast SEO Premium plugin v27.1 (Yoast SEO v27.1.1) - https:\/\/yoast.com\/product\/yoast-seo-premium-wordpress\/ -->\n<title>Points de tournant - Church of the Nazarene<\/title>\n<meta name=\"robots\" content=\"index, follow, max-snippet:-1, max-image-preview:large, max-video-preview:-1\" \/>\n<link rel=\"canonical\" href=\"https:\/\/nazarene.org\/fr\/points-de-tournant\/\" \/>\n<meta property=\"og:locale\" content=\"fr_FR\" \/>\n<meta property=\"og:type\" content=\"article\" \/>\n<meta property=\"og:title\" content=\"Points de tournant\" \/>\n<meta property=\"og:description\" content=\"Points de tournant dans l&rsquo;histoire nazar\u00e9enne Un aper\u00e7u des tendances principales P\u00e9riode un : La recherche de fondations, 1887-1915 La fondation des corps de parents. EST DES \u00c9TATS-UNIS : LE MOUVEMENT DE NOUVELLE ANGLETERRE L&rsquo;\u00c9glise \u00e9vang\u00e9lique du peuple, Providence, Rhode Island (1887)L&rsquo;\u00c9glise pentec\u00f4tiste, Lynn, Mass., (1888)Autres \u00e9glises de Nouvelle-Angleterre.Association centrale de Saintet\u00e9 \u00e9vang\u00e9lique (1890), premi\u00e8re [&hellip;]\" \/>\n<meta property=\"og:url\" content=\"https:\/\/nazarene.org\/fr\/points-de-tournant\/\" \/>\n<meta property=\"og:site_name\" content=\"Church of the Nazarene\" \/>\n<meta property=\"article:publisher\" content=\"https:\/\/www.facebook.com\/NazareneOfficial\/\" \/>\n<meta property=\"article:modified_time\" content=\"2025-06-20T01:11:13+00:00\" \/>\n<meta name=\"twitter:card\" content=\"summary_large_image\" \/>\n<meta name=\"twitter:site\" content=\"@Nazarene\" \/>\n<script type=\"application\/ld+json\" class=\"yoast-schema-graph\">{\"@context\":\"https:\/\/schema.org\",\"@graph\":[{\"@type\":\"WebPage\",\"@id\":\"https:\/\/nazarene.org\/fr\/points-de-tournant\/\",\"url\":\"https:\/\/nazarene.org\/fr\/points-de-tournant\/\",\"name\":\"Points de tournant - Church of the Nazarene\",\"isPartOf\":{\"@id\":\"https:\/\/nazarene.org\/fr\/#website\"},\"datePublished\":\"2025-03-20T20:27:27+00:00\",\"dateModified\":\"2025-06-20T01:11:13+00:00\",\"breadcrumb\":{\"@id\":\"https:\/\/nazarene.org\/fr\/points-de-tournant\/#breadcrumb\"},\"inLanguage\":\"fr-FR\",\"potentialAction\":[{\"@type\":\"ReadAction\",\"target\":[\"https:\/\/nazarene.org\/fr\/points-de-tournant\/\"]}]},{\"@type\":\"BreadcrumbList\",\"@id\":\"https:\/\/nazarene.org\/fr\/points-de-tournant\/#breadcrumb\",\"itemListElement\":[{\"@type\":\"ListItem\",\"position\":1,\"name\":\"Home\",\"item\":\"https:\/\/nazarene.org\/fr\/\"},{\"@type\":\"ListItem\",\"position\":2,\"name\":\"Points de tournant\"}]},{\"@type\":\"WebSite\",\"@id\":\"https:\/\/nazarene.org\/fr\/#website\",\"url\":\"https:\/\/nazarene.org\/fr\/\",\"name\":\"Church of the Nazarene\",\"description\":\"Making Christlike Disciples in the Nations\",\"publisher\":{\"@id\":\"https:\/\/nazarene.org\/fr\/#organization\"},\"potentialAction\":[{\"@type\":\"SearchAction\",\"target\":{\"@type\":\"EntryPoint\",\"urlTemplate\":\"https:\/\/nazarene.org\/fr\/?s={search_term_string}\"},\"query-input\":{\"@type\":\"PropertyValueSpecification\",\"valueRequired\":true,\"valueName\":\"search_term_string\"}}],\"inLanguage\":\"fr-FR\"},{\"@type\":\"Organization\",\"@id\":\"https:\/\/nazarene.org\/fr\/#organization\",\"name\":\"Church of the Nazarene\",\"url\":\"https:\/\/nazarene.org\/fr\/\",\"logo\":{\"@type\":\"ImageObject\",\"inLanguage\":\"fr-FR\",\"@id\":\"https:\/\/nazarene.org\/fr\/#\/schema\/logo\/image\/\",\"url\":\"https:\/\/nazarene.org\/wp-content\/uploads\/2024\/06\/Naz_Desktop_Black_Logo-1.svg\",\"contentUrl\":\"https:\/\/nazarene.org\/wp-content\/uploads\/2024\/06\/Naz_Desktop_Black_Logo-1.svg\",\"width\":258,\"height\":36,\"caption\":\"Church of the Nazarene\"},\"image\":{\"@id\":\"https:\/\/nazarene.org\/fr\/#\/schema\/logo\/image\/\"},\"sameAs\":[\"https:\/\/www.facebook.com\/NazareneOfficial\/\",\"https:\/\/x.com\/Nazarene\",\"https:\/\/www.instagram.com\/nazareneofficial\/\"]}]}<\/script>\n<!-- \/ Yoast SEO Premium plugin. -->","yoast_head_json":{"title":"Points de tournant - Church of the Nazarene","robots":{"index":"index","follow":"follow","max-snippet":"max-snippet:-1","max-image-preview":"max-image-preview:large","max-video-preview":"max-video-preview:-1"},"canonical":"https:\/\/nazarene.org\/fr\/points-de-tournant\/","og_locale":"fr_FR","og_type":"article","og_title":"Points de tournant","og_description":"Points de tournant dans l&rsquo;histoire nazar\u00e9enne Un aper\u00e7u des tendances principales P\u00e9riode un : La recherche de fondations, 1887-1915 La fondation des corps de parents. EST DES \u00c9TATS-UNIS : LE MOUVEMENT DE NOUVELLE ANGLETERRE L&rsquo;\u00c9glise \u00e9vang\u00e9lique du peuple, Providence, Rhode Island (1887)L&rsquo;\u00c9glise pentec\u00f4tiste, Lynn, Mass., (1888)Autres \u00e9glises de Nouvelle-Angleterre.Association centrale de Saintet\u00e9 \u00e9vang\u00e9lique (1890), premi\u00e8re [&hellip;]","og_url":"https:\/\/nazarene.org\/fr\/points-de-tournant\/","og_site_name":"Church of the Nazarene","article_publisher":"https:\/\/www.facebook.com\/NazareneOfficial\/","article_modified_time":"2025-06-20T01:11:13+00:00","twitter_card":"summary_large_image","twitter_site":"@Nazarene","schema":{"@context":"https:\/\/schema.org","@graph":[{"@type":"WebPage","@id":"https:\/\/nazarene.org\/fr\/points-de-tournant\/","url":"https:\/\/nazarene.org\/fr\/points-de-tournant\/","name":"Points de tournant - Church of the Nazarene","isPartOf":{"@id":"https:\/\/nazarene.org\/fr\/#website"},"datePublished":"2025-03-20T20:27:27+00:00","dateModified":"2025-06-20T01:11:13+00:00","breadcrumb":{"@id":"https:\/\/nazarene.org\/fr\/points-de-tournant\/#breadcrumb"},"inLanguage":"fr-FR","potentialAction":[{"@type":"ReadAction","target":["https:\/\/nazarene.org\/fr\/points-de-tournant\/"]}]},{"@type":"BreadcrumbList","@id":"https:\/\/nazarene.org\/fr\/points-de-tournant\/#breadcrumb","itemListElement":[{"@type":"ListItem","position":1,"name":"Home","item":"https:\/\/nazarene.org\/fr\/"},{"@type":"ListItem","position":2,"name":"Points de tournant"}]},{"@type":"WebSite","@id":"https:\/\/nazarene.org\/fr\/#website","url":"https:\/\/nazarene.org\/fr\/","name":"Church of the Nazarene","description":"Making Christlike Disciples in the Nations","publisher":{"@id":"https:\/\/nazarene.org\/fr\/#organization"},"potentialAction":[{"@type":"SearchAction","target":{"@type":"EntryPoint","urlTemplate":"https:\/\/nazarene.org\/fr\/?s={search_term_string}"},"query-input":{"@type":"PropertyValueSpecification","valueRequired":true,"valueName":"search_term_string"}}],"inLanguage":"fr-FR"},{"@type":"Organization","@id":"https:\/\/nazarene.org\/fr\/#organization","name":"Church of the Nazarene","url":"https:\/\/nazarene.org\/fr\/","logo":{"@type":"ImageObject","inLanguage":"fr-FR","@id":"https:\/\/nazarene.org\/fr\/#\/schema\/logo\/image\/","url":"https:\/\/nazarene.org\/wp-content\/uploads\/2024\/06\/Naz_Desktop_Black_Logo-1.svg","contentUrl":"https:\/\/nazarene.org\/wp-content\/uploads\/2024\/06\/Naz_Desktop_Black_Logo-1.svg","width":258,"height":36,"caption":"Church of the Nazarene"},"image":{"@id":"https:\/\/nazarene.org\/fr\/#\/schema\/logo\/image\/"},"sameAs":["https:\/\/www.facebook.com\/NazareneOfficial\/","https:\/\/x.com\/Nazarene","https:\/\/www.instagram.com\/nazareneofficial\/"]}]}},"_links":{"self":[{"href":"https:\/\/nazarene.org\/fr\/wp-json\/wp\/v2\/pages\/39909","targetHints":{"allow":["GET"]}}],"collection":[{"href":"https:\/\/nazarene.org\/fr\/wp-json\/wp\/v2\/pages"}],"about":[{"href":"https:\/\/nazarene.org\/fr\/wp-json\/wp\/v2\/types\/page"}],"author":[{"embeddable":true,"href":"https:\/\/nazarene.org\/fr\/wp-json\/wp\/v2\/users\/8"}],"replies":[{"embeddable":true,"href":"https:\/\/nazarene.org\/fr\/wp-json\/wp\/v2\/comments?post=39909"}],"version-history":[{"count":0,"href":"https:\/\/nazarene.org\/fr\/wp-json\/wp\/v2\/pages\/39909\/revisions"}],"wp:attachment":[{"href":"https:\/\/nazarene.org\/fr\/wp-json\/wp\/v2\/media?parent=39909"}],"curies":[{"name":"wp","href":"https:\/\/api.w.org\/{rel}","templated":true}]}}