{"id":39898,"date":"2025-03-20T15:24:29","date_gmt":"2025-03-20T20:24:29","guid":{"rendered":"https:\/\/nazarene.org\/smith-et-vision-nazareenne\/"},"modified":"2025-06-19T20:11:13","modified_gmt":"2025-06-20T01:11:13","slug":"smith-et-vision-nazareenne","status":"publish","type":"page","link":"https:\/\/nazarene.org\/fr\/smith-et-vision-nazareenne\/","title":{"rendered":"Smith et Vision nazar\u00e9enne"},"content":{"rendered":"\t\t<div data-elementor-type=\"wp-page\" data-elementor-id=\"39898\" class=\"elementor elementor-39898 elementor-21716\" data-elementor-post-type=\"page\">\n\t\t\t\t<div class=\"elementor-element elementor-element-3afea2b e-flex e-con-boxed e-con e-parent\" data-id=\"3afea2b\" data-element_type=\"container\" data-e-type=\"container\" data-settings=\"{&quot;background_background&quot;:&quot;classic&quot;,&quot;jet_parallax_layout_list&quot;:[]}\">\n\t\t\t\t\t<div class=\"e-con-inner\">\n\t\t\t\t<div class=\"elementor-element elementor-element-d4ac1ba elementor-widget elementor-widget-heading\" data-id=\"d4ac1ba\" data-element_type=\"widget\" data-e-type=\"widget\" data-widget_type=\"heading.default\">\n\t\t\t\t<div class=\"elementor-widget-container\">\n\t\t\t\t\t<h1 class=\"elementor-heading-title elementor-size-default\">Smith et Vision nazar\u00e9enne<\/h1>\t\t\t\t<\/div>\n\t\t\t\t<\/div>\n\t\t\t\t\t<\/div>\n\t\t\t\t<\/div>\n\t\t<div class=\"elementor-element elementor-element-12e9800 e-flex e-con-boxed e-con e-parent\" data-id=\"12e9800\" data-element_type=\"container\" data-e-type=\"container\" data-settings=\"{&quot;background_background&quot;:&quot;classic&quot;,&quot;jet_parallax_layout_list&quot;:[]}\">\n\t\t\t\t\t<div class=\"e-con-inner\">\n\t\t<div class=\"elementor-element elementor-element-43e6c2c e-con-full e-flex e-con e-child\" data-id=\"43e6c2c\" data-element_type=\"container\" data-e-type=\"container\" data-settings=\"{&quot;jet_parallax_layout_list&quot;:[],&quot;background_background&quot;:&quot;classic&quot;}\">\n\t\t\t\t<div class=\"elementor-element elementor-element-a9cae34 elementor-widget elementor-widget-heading\" data-id=\"a9cae34\" data-element_type=\"widget\" data-e-type=\"widget\" data-widget_type=\"heading.default\">\n\t\t\t\t<div class=\"elementor-widget-container\">\n\t\t\t\t\t<h3 class=\"elementor-heading-title elementor-size-default\">Timothy Smith et la r\u00e9cup\u00e9ration de la vision nazar\u00e9enne<\/h3>\t\t\t\t<\/div>\n\t\t\t\t<\/div>\n\t\t\t\t<div class=\"elementor-element elementor-element-f98ea5a elementor-widget__width-initial elementor-widget elementor-widget-text-editor\" data-id=\"f98ea5a\" data-element_type=\"widget\" data-e-type=\"widget\" data-widget_type=\"text-editor.default\">\n\t\t\t\t<div class=\"elementor-widget-container\">\n\t\t\t\t\t\t\t\t\t<div class=\"layout__region layout__region--left flex-1-1 flex-grow-0 xl-flex-4-5\"><div class=\"block__wysiwyg\" data-layout-content-preview-placeholder-label=\"\" content=\"\" block=\"\"><div class=\"styles-wrapper-c99c42b8-ff27-4af5-a290-1259c4c27ea2\"><section class=\"wysiwyg\"><div class=\"wysiwyg__content\"><div class=\"flex-container flex-wrap\"><p>La Saintet\u00e9 aujourd&rsquo;hui (mars 1999)<\/p><p>Personne n&rsquo;a mieux suivi les empreintes de pas dans le paysage nazar\u00e9en que Timothy L. Smith. Historien, pasteur, professeur et pr\u00e9dicateur, Smith a incarn\u00e9 l&rsquo;un des id\u00e9aux les plus nobles de John Wesley &#8211; l&rsquo;union de la connaissance et de la pi\u00e9t\u00e9 vitale \u00ab\u00a0.<\/p><p>Smith \u00e9tait le produit d&rsquo;un foyer nazar\u00e9en et les deux parents, en fait, \u00e9taient des ministres. Il a commenc\u00e9 \u00e0 conduire des r\u00e9veils bien avant d&rsquo;obtenir son dipl\u00f4me avec honneurs en histoire de l&rsquo;Universit\u00e9 de Virginie, montrant un engagement pr\u00e9coce \u00e0 la fois envers l&rsquo;\u00c9glise et envers l&rsquo;apprentissage.<\/p><p>Il a obtenu des dipl\u00f4mes avanc\u00e9s en histoire am\u00e9ricaine \u00e0 l&rsquo;Universit\u00e9 Harvard, h\u00e9ritant des int\u00e9r\u00eats de son mentor, Arthur Schlesinger, Sr., pour l&rsquo;Am\u00e9rique urbaine, le ferment social et la r\u00e9forme. Le premier livre de Smith, <em>Revivalisme et r\u00e9forme sociale<\/em>, \u00e9tait une publication majeure et a \u00e9t\u00e9 imprim\u00e9 presque continuellement depuis 1957. Smith a contr\u00e9 les id\u00e9es alors r\u00e9pandues sur le revivalisme.<\/p><p>\u00c0 l&rsquo;\u00e9poque, de nombreux chercheurs ont suppos\u00e9 que le revivalisme \u00e9tait une force conservatrice qui emp\u00eachait le changement, mais Smith a fait valoir que le revivalisme \u00e9largissait souvent les visions et cr\u00e9ait des \u00e9nergies qui initiaient plut\u00f4t qu&rsquo;entraver la r\u00e9forme sociale. Il a soulign\u00e9 le r\u00f4le des abolitionnistes \u00e9vang\u00e9liques comme Charles Finney et Orange Scott dans la campagne antiesclavage et des hommes et des femmes avec un c\u0153ur pour les pauvres comme Phoebe Palmer et B. T. Roberts, qui ont refus\u00e9 d&rsquo;abandonner la ville mais la voyaient comme lieu de service. En outre, Smith a \u00e9t\u00e9 le premier \u00e0 attirer l&rsquo;attention sur le leadership de Mme Palmer du mouvement de saintet\u00e9 wesleyenne pr\u00e9coce.<\/p><p><em>Revivalisme et r\u00e9forme sociale<\/em> ont \u00e9tabli la r\u00e9putation de Smith en tant que chercheur et l&rsquo;ont catapult\u00e9 dans les rangs du leadership \u00e9vang\u00e9lique. Tandis que les chercheurs ont d\u00e9battu de ses th\u00e8ses, les \u00e9vang\u00e9liques l&rsquo;ont utilis\u00e9 comme ressource pour red\u00e9couvrir leur patrimoine. Le livre de Smith, associ\u00e9 \u00e0 <em>La Conscience inconfortable du fondamentalisme moderne de Carl F. H. Henry<\/em> et Le Grand Renversement de David Moberg, a aid\u00e9 les \u00e9vang\u00e9liques \u00e0 red\u00e9couvrir le minist\u00e8re social au nom du Christ &#8211; une dimension du minist\u00e8re en grande partie abandonn\u00e9e pendant la phase fondamentaliste de l&rsquo;\u00e9vang\u00e9lisme.<\/p><p>Smith a continu\u00e9 \u00e0 sonder. Il a \u00e9crit des essais pionniers sur la religion et l&rsquo;enseignement sup\u00e9rieur et le r\u00f4le de l&rsquo;ethnicit\u00e9 dans la formation de la religion am\u00e9ricaine. Et il a gravi les \u00e9chelons les plus \u00e9lev\u00e9s de sa profession, enseignant finalement l&rsquo;histoire am\u00e9ricaine \u00e0 l&rsquo;Universit\u00e9 Johns Hopkins et servant de pr\u00e9sident de la Soci\u00e9t\u00e9 am\u00e9ricaine d&rsquo;histoire de l&rsquo;\u00c9glise.<\/p><p>Que consid\u00e9rait-il comme sa r\u00e9alisation professionnelle la plus exceptionnelle ? En 1981 environ, il a r\u00e9pondu directement \u00e0 cette question, citant son deuxi\u00e8me livre, <em>Appel\u00e9 \u00e0 la saintet\u00e9 <\/em>(1962), une histoire d&rsquo;origines nazar\u00e9ennes et de d\u00e9veloppement pr\u00e9coce.<\/p><p>Appel\u00e9 \u00e0 la saintet\u00e9 \u00e9tait une r\u00e9alisation remarquable \u00e0 bien des \u00e9gards. Les mat\u00e9riaux de base pour comprendre les origines de l&rsquo;\u00c9glise \u00e9taient rares et fugitifs. Le d\u00e9fi de Smith \u00e9tait non seulement d&rsquo;\u00e9crire l&rsquo;histoire, mais de d\u00e9couvrir et d&rsquo;assembler des sources originales ad\u00e9quates pour soutenir le projet. Beaucoup des journaux intimes, des livres d&rsquo;enregistrements et des lettres qu&rsquo;il a trouv\u00e9s entre des mains priv\u00e9es ont finalement \u00e9t\u00e9 donn\u00e9s aux Archives nazar\u00e9ennes.<\/p><p>En outre, Smith a d\u00e9velopp\u00e9 une th\u00e8se claire et convaincante sur les origines nazar\u00e9ennes et le d\u00e9veloppement qui a maintenu son livre ensemble. Il a soutenu que l&rsquo;\u00c9glise du Nazar\u00e9en ne peut pas \u00eatre comprise \u00e0 moins que nous ne r\u00e9alisions d&rsquo;abord qu&rsquo;il y a toujours eu plus d&rsquo;une tradition de saintet\u00e9 \u00e0 l&rsquo;\u0153uvre au milieu de nous. Sp\u00e9cifiquement, il a vu deux traditions de saintet\u00e9 \u00e0 l&rsquo;\u0153uvre parmi les premiers Nazar\u00e9ens &#8211; une rurale et une urbaine. Smith a soutenu que le mariage de ces deux traditions va loin vers la compr\u00e9hension de la fa\u00e7on dont l&rsquo;\u00c9glise est n\u00e9e et vers l&rsquo;explication de certaines des tensions continues qui ont caract\u00e9ris\u00e9 sa vie. Ce livre &#8211; si richement peupl\u00e9 de gens nomm\u00e9s Bresee, Reynolds, Jernigan, Cagle, Chapman, Fitkin, Williams, Hoople et de nombreux autres noms &#8211; est une lecture de base pour quiconque veut comprendre cette \u00c9glise.<\/p><p>La vie fructueuse de Timothy Smith s&rsquo;est termin\u00e9e en 1997 mais son influence vit. Et il vaut la peine d&rsquo;\u00eatre souvenu par les autres qui suivent \u00e9galement les empreintes laiss\u00e9es sur le paysage nazar\u00e9en.<\/p><p><em>Ceci a \u00e9t\u00e9 publi\u00e9 \u00e0 l&rsquo;origine sous forme d&rsquo;article dans Saintet\u00e9 aujourd&rsquo;hui (mars 1999) sous le titre \u00ab Timothy Smith et la r\u00e9cup\u00e9ration de la vision nazar\u00e9enne \u00bb. Il est r\u00e9utilis\u00e9 avec permission. <\/em><\/p><p>Pour lire une copie num\u00e9rique de Timothy Smith Appel\u00e9 \u00e0 la saintet\u00e9 (ISBN 083-410-282) <a href=\"http:\/\/wesley.nnu.edu\/fileadmin\/lib\/view_wc_book.php?hdm=2593\" target=\"_blank\" rel=\"noopener\">Cliquez ici<\/a><\/p><\/div><\/div><\/section><\/div><\/div><\/div>\t\t\t\t\t\t\t\t<\/div>\n\t\t\t\t<\/div>\n\t\t\t\t<\/div>\n\t\t\t\t\t<\/div>\n\t\t\t\t<\/div>\n\t\t<div class=\"elementor-element elementor-element-5d6e2fe elementor-hidden-widescreen elementor-hidden-desktop elementor-hidden-tablet elementor-hidden-mobile e-flex e-con-boxed e-con e-parent\" data-id=\"5d6e2fe\" data-element_type=\"container\" data-e-type=\"container\" data-settings=\"{&quot;jet_parallax_layout_list&quot;:[],&quot;background_background&quot;:&quot;classic&quot;}\">\n\t\t\t\t\t<div class=\"e-con-inner\">\n\t\t\t\t<div class=\"elementor-element elementor-element-6f0ae55 elementor-widget elementor-widget-heading\" data-id=\"6f0ae55\" data-element_type=\"widget\" data-e-type=\"widget\" data-widget_type=\"heading.default\">\n\t\t\t\t<div class=\"elementor-widget-container\">\n\t\t\t\t\t<h3 class=\"elementor-heading-title elementor-size-default\">Essentiels nazar\u00e9ens<\/h3>\t\t\t\t<\/div>\n\t\t\t\t<\/div>\n\t\t\t\t<div class=\"elementor-element elementor-element-242fee2 elementor-widget-divider--view-line elementor-widget elementor-widget-divider\" data-id=\"242fee2\" data-element_type=\"widget\" data-e-type=\"widget\" data-widget_type=\"divider.default\">\n\t\t\t\t<div class=\"elementor-widget-container\">\n\t\t\t\t\t\t\t<div class=\"elementor-divider\">\n\t\t\t<span class=\"elementor-divider-separator\">\n\t\t\t\t\t\t<\/span>\n\t\t<\/div>\n\t\t\t\t\t\t<\/div>\n\t\t\t\t<\/div>\n\t\t\t\t<div class=\"elementor-element elementor-element-13139cb elementor-widget__width-initial elementor-widget-mobile__width-inherit elementor-widget elementor-widget-text-editor\" data-id=\"13139cb\" data-element_type=\"widget\" data-e-type=\"widget\" data-widget_type=\"text-editor.default\">\n\t\t\t\t<div class=\"elementor-widget-container\">\n\t\t\t\t\t\t\t\t\t<p>Essentiels nazar\u00e9ens explique pourquoi l&rsquo;\u00c9glise du Nazar\u00e9en existe en tant que mouvement mondial de Saintet\u00e9 et de Grande Commission dans la tradition wesleyenne-arminienne.<\/p>\t\t\t\t\t\t\t\t<\/div>\n\t\t\t\t<\/div>\n\t\t\t\t<div class=\"elementor-element elementor-element-b77c5f1 elementor-align-center elementor-widget elementor-widget-button\" data-id=\"b77c5f1\" data-element_type=\"widget\" data-e-type=\"widget\" data-widget_type=\"button.default\">\n\t\t\t\t<div class=\"elementor-widget-container\">\n\t\t\t\t\t\t\t\t\t<div class=\"elementor-button-wrapper\">\n\t\t\t\t\t<a class=\"elementor-button elementor-button-link elementor-size-sm\" href=\"https:\/\/nazarene.org\/fr\/essentiels-nazareens\/\">\n\t\t\t\t\t\t<span class=\"elementor-button-content-wrapper\">\n\t\t\t\t\t\t<span class=\"elementor-button-icon\">\n\t\t\t\t<svg aria-hidden=\"true\" class=\"e-font-icon-svg e-fas-arrow-right\" viewBox=\"0 0 448 512\" xmlns=\"http:\/\/www.w3.org\/2000\/svg\"><path d=\"M190.5 66.9l22.2-22.2c9.4-9.4 24.6-9.4 33.9 0L441 239c9.4 9.4 9.4 24.6 0 33.9L246.6 467.3c-9.4 9.4-24.6 9.4-33.9 0l-22.2-22.2c-9.5-9.5-9.3-25 .4-34.3L311.4 296H24c-13.3 0-24-10.7-24-24v-32c0-13.3 10.7-24 24-24h287.4L190.9 101.2c-9.8-9.3-10-24.8-.4-34.3z\"><\/path><\/svg>\t\t\t<\/span>\n\t\t\t\t\t\t\t\t\t<span class=\"elementor-button-text\">EN SAVOIR PLUS<\/span>\n\t\t\t\t\t<\/span>\n\t\t\t\t\t<\/a>\n\t\t\t\t<\/div>\n\t\t\t\t\t\t\t\t<\/div>\n\t\t\t\t<\/div>\n\t\t\t\t\t<\/div>\n\t\t\t\t<\/div>\n\t\t\t\t<\/div>\n\t\t","protected":false},"excerpt":{"rendered":"<p>Smith et Vision nazar\u00e9enne Timothy Smith et la r\u00e9cup\u00e9ration de la vision nazar\u00e9enne La Saintet\u00e9 aujourd&rsquo;hui (mars 1999) Personne n&rsquo;a mieux suivi les empreintes de pas dans le paysage nazar\u00e9en que Timothy L. Smith. Historien, pasteur, professeur et pr\u00e9dicateur, Smith a incarn\u00e9 l&rsquo;un des id\u00e9aux les plus nobles de John Wesley &#8211; l&rsquo;union de la [&hellip;]<\/p>\n","protected":false},"author":8,"featured_media":0,"parent":0,"menu_order":0,"comment_status":"closed","ping_status":"closed","template":"","meta":{"content-type":"","_jet_sm_ready_style":"","_jet_sm_style":"","_jet_sm_controls_values":"","_jet_sm_fonts_collection":"","_jet_sm_fonts_links":"","footnotes":""},"class_list":["post-39898","page","type-page","status-publish","hentry"],"yoast_head":"<!-- This site is optimized with the Yoast SEO Premium plugin v27.1 (Yoast SEO v27.1.1) - https:\/\/yoast.com\/product\/yoast-seo-premium-wordpress\/ -->\n<title>Smith et Vision nazar\u00e9enne - Church of the Nazarene<\/title>\n<meta name=\"robots\" content=\"index, follow, max-snippet:-1, max-image-preview:large, max-video-preview:-1\" \/>\n<link rel=\"canonical\" href=\"https:\/\/nazarene.org\/fr\/smith-et-vision-nazareenne\/\" \/>\n<meta property=\"og:locale\" content=\"fr_FR\" \/>\n<meta property=\"og:type\" content=\"article\" \/>\n<meta property=\"og:title\" content=\"Smith et Vision nazar\u00e9enne\" \/>\n<meta property=\"og:description\" content=\"Smith et Vision nazar\u00e9enne Timothy Smith et la r\u00e9cup\u00e9ration de la vision nazar\u00e9enne La Saintet\u00e9 aujourd&rsquo;hui (mars 1999) Personne n&rsquo;a mieux suivi les empreintes de pas dans le paysage nazar\u00e9en que Timothy L. Smith. Historien, pasteur, professeur et pr\u00e9dicateur, Smith a incarn\u00e9 l&rsquo;un des id\u00e9aux les plus nobles de John Wesley &#8211; l&rsquo;union de la [&hellip;]\" \/>\n<meta property=\"og:url\" content=\"https:\/\/nazarene.org\/fr\/smith-et-vision-nazareenne\/\" \/>\n<meta property=\"og:site_name\" content=\"Church of the Nazarene\" \/>\n<meta property=\"article:publisher\" content=\"https:\/\/www.facebook.com\/NazareneOfficial\/\" \/>\n<meta property=\"article:modified_time\" content=\"2025-06-20T01:11:13+00:00\" \/>\n<meta name=\"twitter:card\" content=\"summary_large_image\" \/>\n<meta name=\"twitter:site\" content=\"@Nazarene\" \/>\n<script type=\"application\/ld+json\" class=\"yoast-schema-graph\">{\"@context\":\"https:\/\/schema.org\",\"@graph\":[{\"@type\":\"WebPage\",\"@id\":\"https:\/\/nazarene.org\/fr\/smith-et-vision-nazareenne\/\",\"url\":\"https:\/\/nazarene.org\/fr\/smith-et-vision-nazareenne\/\",\"name\":\"Smith et Vision nazar\u00e9enne - Church of the Nazarene\",\"isPartOf\":{\"@id\":\"https:\/\/nazarene.org\/fr\/#website\"},\"datePublished\":\"2025-03-20T20:24:29+00:00\",\"dateModified\":\"2025-06-20T01:11:13+00:00\",\"breadcrumb\":{\"@id\":\"https:\/\/nazarene.org\/fr\/smith-et-vision-nazareenne\/#breadcrumb\"},\"inLanguage\":\"fr-FR\",\"potentialAction\":[{\"@type\":\"ReadAction\",\"target\":[\"https:\/\/nazarene.org\/fr\/smith-et-vision-nazareenne\/\"]}]},{\"@type\":\"BreadcrumbList\",\"@id\":\"https:\/\/nazarene.org\/fr\/smith-et-vision-nazareenne\/#breadcrumb\",\"itemListElement\":[{\"@type\":\"ListItem\",\"position\":1,\"name\":\"Home\",\"item\":\"https:\/\/nazarene.org\/fr\/\"},{\"@type\":\"ListItem\",\"position\":2,\"name\":\"Smith et Vision nazar\u00e9enne\"}]},{\"@type\":\"WebSite\",\"@id\":\"https:\/\/nazarene.org\/fr\/#website\",\"url\":\"https:\/\/nazarene.org\/fr\/\",\"name\":\"Church of the Nazarene\",\"description\":\"Making Christlike Disciples in the Nations\",\"publisher\":{\"@id\":\"https:\/\/nazarene.org\/fr\/#organization\"},\"potentialAction\":[{\"@type\":\"SearchAction\",\"target\":{\"@type\":\"EntryPoint\",\"urlTemplate\":\"https:\/\/nazarene.org\/fr\/?s={search_term_string}\"},\"query-input\":{\"@type\":\"PropertyValueSpecification\",\"valueRequired\":true,\"valueName\":\"search_term_string\"}}],\"inLanguage\":\"fr-FR\"},{\"@type\":\"Organization\",\"@id\":\"https:\/\/nazarene.org\/fr\/#organization\",\"name\":\"Church of the Nazarene\",\"url\":\"https:\/\/nazarene.org\/fr\/\",\"logo\":{\"@type\":\"ImageObject\",\"inLanguage\":\"fr-FR\",\"@id\":\"https:\/\/nazarene.org\/fr\/#\/schema\/logo\/image\/\",\"url\":\"https:\/\/nazarene.org\/wp-content\/uploads\/2024\/06\/Naz_Desktop_Black_Logo-1.svg\",\"contentUrl\":\"https:\/\/nazarene.org\/wp-content\/uploads\/2024\/06\/Naz_Desktop_Black_Logo-1.svg\",\"width\":258,\"height\":36,\"caption\":\"Church of the Nazarene\"},\"image\":{\"@id\":\"https:\/\/nazarene.org\/fr\/#\/schema\/logo\/image\/\"},\"sameAs\":[\"https:\/\/www.facebook.com\/NazareneOfficial\/\",\"https:\/\/x.com\/Nazarene\",\"https:\/\/www.instagram.com\/nazareneofficial\/\"]}]}<\/script>\n<!-- \/ Yoast SEO Premium plugin. -->","yoast_head_json":{"title":"Smith et Vision nazar\u00e9enne - Church of the Nazarene","robots":{"index":"index","follow":"follow","max-snippet":"max-snippet:-1","max-image-preview":"max-image-preview:large","max-video-preview":"max-video-preview:-1"},"canonical":"https:\/\/nazarene.org\/fr\/smith-et-vision-nazareenne\/","og_locale":"fr_FR","og_type":"article","og_title":"Smith et Vision nazar\u00e9enne","og_description":"Smith et Vision nazar\u00e9enne Timothy Smith et la r\u00e9cup\u00e9ration de la vision nazar\u00e9enne La Saintet\u00e9 aujourd&rsquo;hui (mars 1999) Personne n&rsquo;a mieux suivi les empreintes de pas dans le paysage nazar\u00e9en que Timothy L. Smith. Historien, pasteur, professeur et pr\u00e9dicateur, Smith a incarn\u00e9 l&rsquo;un des id\u00e9aux les plus nobles de John Wesley &#8211; l&rsquo;union de la [&hellip;]","og_url":"https:\/\/nazarene.org\/fr\/smith-et-vision-nazareenne\/","og_site_name":"Church of the Nazarene","article_publisher":"https:\/\/www.facebook.com\/NazareneOfficial\/","article_modified_time":"2025-06-20T01:11:13+00:00","twitter_card":"summary_large_image","twitter_site":"@Nazarene","schema":{"@context":"https:\/\/schema.org","@graph":[{"@type":"WebPage","@id":"https:\/\/nazarene.org\/fr\/smith-et-vision-nazareenne\/","url":"https:\/\/nazarene.org\/fr\/smith-et-vision-nazareenne\/","name":"Smith et Vision nazar\u00e9enne - Church of the Nazarene","isPartOf":{"@id":"https:\/\/nazarene.org\/fr\/#website"},"datePublished":"2025-03-20T20:24:29+00:00","dateModified":"2025-06-20T01:11:13+00:00","breadcrumb":{"@id":"https:\/\/nazarene.org\/fr\/smith-et-vision-nazareenne\/#breadcrumb"},"inLanguage":"fr-FR","potentialAction":[{"@type":"ReadAction","target":["https:\/\/nazarene.org\/fr\/smith-et-vision-nazareenne\/"]}]},{"@type":"BreadcrumbList","@id":"https:\/\/nazarene.org\/fr\/smith-et-vision-nazareenne\/#breadcrumb","itemListElement":[{"@type":"ListItem","position":1,"name":"Home","item":"https:\/\/nazarene.org\/fr\/"},{"@type":"ListItem","position":2,"name":"Smith et Vision nazar\u00e9enne"}]},{"@type":"WebSite","@id":"https:\/\/nazarene.org\/fr\/#website","url":"https:\/\/nazarene.org\/fr\/","name":"Church of the Nazarene","description":"Making Christlike Disciples in the Nations","publisher":{"@id":"https:\/\/nazarene.org\/fr\/#organization"},"potentialAction":[{"@type":"SearchAction","target":{"@type":"EntryPoint","urlTemplate":"https:\/\/nazarene.org\/fr\/?s={search_term_string}"},"query-input":{"@type":"PropertyValueSpecification","valueRequired":true,"valueName":"search_term_string"}}],"inLanguage":"fr-FR"},{"@type":"Organization","@id":"https:\/\/nazarene.org\/fr\/#organization","name":"Church of the Nazarene","url":"https:\/\/nazarene.org\/fr\/","logo":{"@type":"ImageObject","inLanguage":"fr-FR","@id":"https:\/\/nazarene.org\/fr\/#\/schema\/logo\/image\/","url":"https:\/\/nazarene.org\/wp-content\/uploads\/2024\/06\/Naz_Desktop_Black_Logo-1.svg","contentUrl":"https:\/\/nazarene.org\/wp-content\/uploads\/2024\/06\/Naz_Desktop_Black_Logo-1.svg","width":258,"height":36,"caption":"Church of the Nazarene"},"image":{"@id":"https:\/\/nazarene.org\/fr\/#\/schema\/logo\/image\/"},"sameAs":["https:\/\/www.facebook.com\/NazareneOfficial\/","https:\/\/x.com\/Nazarene","https:\/\/www.instagram.com\/nazareneofficial\/"]}]}},"_links":{"self":[{"href":"https:\/\/nazarene.org\/fr\/wp-json\/wp\/v2\/pages\/39898","targetHints":{"allow":["GET"]}}],"collection":[{"href":"https:\/\/nazarene.org\/fr\/wp-json\/wp\/v2\/pages"}],"about":[{"href":"https:\/\/nazarene.org\/fr\/wp-json\/wp\/v2\/types\/page"}],"author":[{"embeddable":true,"href":"https:\/\/nazarene.org\/fr\/wp-json\/wp\/v2\/users\/8"}],"replies":[{"embeddable":true,"href":"https:\/\/nazarene.org\/fr\/wp-json\/wp\/v2\/comments?post=39898"}],"version-history":[{"count":0,"href":"https:\/\/nazarene.org\/fr\/wp-json\/wp\/v2\/pages\/39898\/revisions"}],"wp:attachment":[{"href":"https:\/\/nazarene.org\/fr\/wp-json\/wp\/v2\/media?parent=39898"}],"curies":[{"name":"wp","href":"https:\/\/api.w.org\/{rel}","templated":true}]}}