{"id":39877,"date":"2025-03-20T15:34:46","date_gmt":"2025-03-20T20:34:46","guid":{"rendered":"https:\/\/nazarene.org\/tradition-wesleyenne\/"},"modified":"2025-06-19T20:11:14","modified_gmt":"2025-06-20T01:11:14","slug":"tradition-wesleyenne","status":"publish","type":"page","link":"https:\/\/nazarene.org\/fr\/tradition-wesleyenne\/","title":{"rendered":"Tradition wesleyenne"},"content":{"rendered":"\t\t<div data-elementor-type=\"wp-page\" data-elementor-id=\"39877\" class=\"elementor elementor-39877 elementor-21738\" data-elementor-post-type=\"page\">\n\t\t\t\t<div class=\"elementor-element elementor-element-3afea2b e-flex e-con-boxed e-con e-parent\" data-id=\"3afea2b\" data-element_type=\"container\" data-e-type=\"container\" data-settings=\"{&quot;background_background&quot;:&quot;classic&quot;,&quot;jet_parallax_layout_list&quot;:[]}\">\n\t\t\t\t\t<div class=\"e-con-inner\">\n\t\t\t\t<div class=\"elementor-element elementor-element-d4ac1ba elementor-widget elementor-widget-heading\" data-id=\"d4ac1ba\" data-element_type=\"widget\" data-e-type=\"widget\" data-widget_type=\"heading.default\">\n\t\t\t\t<div class=\"elementor-widget-container\">\n\t\t\t\t\t<h1 class=\"elementor-heading-title elementor-size-default\">Tradition wesleyenne<\/h1>\t\t\t\t<\/div>\n\t\t\t\t<\/div>\n\t\t\t\t\t<\/div>\n\t\t\t\t<\/div>\n\t\t<div class=\"elementor-element elementor-element-12e9800 e-flex e-con-boxed e-con e-parent\" data-id=\"12e9800\" data-element_type=\"container\" data-e-type=\"container\" data-settings=\"{&quot;background_background&quot;:&quot;classic&quot;,&quot;jet_parallax_layout_list&quot;:[]}\">\n\t\t\t\t\t<div class=\"e-con-inner\">\n\t\t<div class=\"elementor-element elementor-element-43e6c2c e-con-full e-flex e-con e-child\" data-id=\"43e6c2c\" data-element_type=\"container\" data-e-type=\"container\" data-settings=\"{&quot;jet_parallax_layout_list&quot;:[],&quot;background_background&quot;:&quot;classic&quot;}\">\n\t\t\t\t<div class=\"elementor-element elementor-element-d6cdfe0 elementor-widget elementor-widget-heading\" data-id=\"d6cdfe0\" data-element_type=\"widget\" data-e-type=\"widget\" data-widget_type=\"heading.default\">\n\t\t\t\t<div class=\"elementor-widget-container\">\n\t\t\t\t\t<h2 class=\"elementor-heading-title elementor-size-default\">Une \u00c9glise dans la tradition wesleyenne<\/h2>\t\t\t\t<\/div>\n\t\t\t\t<\/div>\n\t\t\t\t<div class=\"elementor-element elementor-element-f98ea5a elementor-widget__width-initial elementor-widget elementor-widget-text-editor\" data-id=\"f98ea5a\" data-element_type=\"widget\" data-e-type=\"widget\" data-widget_type=\"text-editor.default\">\n\t\t\t\t<div class=\"elementor-widget-container\">\n\t\t\t\t\t\t\t\t\t<p><strong>D&rsquo;o\u00f9 nous venons<\/strong><\/p>\n<p>La lign\u00e9e nazar\u00e9enne traverse la R\u00e9forme anglaise, la propagation internationale du m\u00e9thodisme et le mouvement wesleyen-Saintet\u00e9 en Am\u00e9rique.<br>L&rsquo;\u00c9glise du Nazar\u00e9en a \u00e9merg\u00e9 comme une union de diverses d\u00e9nominations wesleyennes-de Saintet\u00e9 et, en 1915, embrassait sept corps nord-am\u00e9ricains et britanniques pr\u00e9c\u00e9demment distincts.<br>Phineas F. Bresee a fa\u00e7onn\u00e9 la forme de gouvernance de l&rsquo;\u00c9glise. Hiram F. Reynolds a nourri son identit\u00e9 en tant qu&rsquo;\u00c9glise engag\u00e9e dans des missions mondiales. Autres premiers leaders comprenaient C. W. Ruth, C. B. Jernigan, William Howard Hoople, Mary Lee Cagle, George Sharpe, J. O. McClurkan, Susan Fitkin, R. T. Williams, J. B. Chapman et H. Orton Wiley.<br>L&rsquo;\u00c9glise a eu une dimension internationale depuis ses d\u00e9buts. Aujourd&rsquo;hui, elle est, par intention, une \u00c9glise internationale avec plus de 380 districts dans le monde entier, dont les trois quarts sont en dehors de l&rsquo;Am\u00e9rique du Nord. Il y a pr\u00e8s de 1,4 million de Nazar\u00e9ens. Plus de la moiti\u00e9 vivent en dehors des \u00c9tats-Unis et du Canada.<\/p>\n<p> <\/p>\n<p><strong>Ce que nous croyons et enseignons<\/strong><\/p>\n<p>Nous croyons que nous ne sommes qu&rsquo;une partie de l&rsquo;\u00c9glise universelle du Christ et que nous partageons avec des croyants dans d&rsquo;autres communions un Seigneur, une foi et un bapt\u00eame.<br>Avec d&rsquo;autres protestants, nous affirmons la priorit\u00e9 du salut par la gr\u00e2ce seule par la foi dans le Christ, le sacerdoce de tous les croyants et la Bible comme r\u00e8gle finale de la foi et de la pratique chr\u00e9tiennes.<br>Nous croyons que l&rsquo;Ancien et le Nouveau Testaments r\u00e9v\u00e8lent la volont\u00e9 de Dieu pour toutes les personnes concernant le p\u00e9ch\u00e9, le salut et la nouvelle vie dans le Christ.<br>Nous affirmons que la mort du Christ a expi\u00e9 les p\u00e9ch\u00e9s de tous les gens et que cette gr\u00e2ce est efficace pour le salut de chaque personne qui l&rsquo;accepte.<br>Nous croyons que les chr\u00e9tiens sont justifi\u00e9s et sanctifi\u00e9s par la foi seule.<br>Nous croyons que la gr\u00e2ce sanctifiante du Christ est re\u00e7ue initialement dans la Nouvelle naissance (r\u00e9g\u00e9n\u00e9ration) lorsque le Saint-Esprit plante un nouveau principe de vie spirituelle en l&rsquo;int\u00e9rieur et que la gr\u00e2ce sanctifiante augmente \u00e0 mesure que nous vivons la vie par l&rsquo;Esprit. Nous affirmons que la sanctification enti\u00e8re est une provision gracieuse et une possibilit\u00e9 pour tous les croyants, dans laquelle le c\u0153ur est purifi\u00e9 de tout p\u00e9ch\u00e9 et d\u00e9borde d&rsquo;amour pour Dieu et le prochain.<\/p>\n<p> <\/p>\n<p><strong>Notre mission<\/strong><\/p>\n<p>L&rsquo;\u00c9glise du Nazar\u00e9en est une \u00c9glise de la \u00ab Grande Commission \u00bb.<br>En tant que tels, nos membres cherchent \u00e0 t\u00e9moigner fid\u00e8lement et de mani\u00e8re attrayante devant tous les gens, de sorte que la vie du Christ en l&rsquo;int\u00e9rieur attire les autres \u00e0 l&rsquo;amour, \u00e0 l&rsquo;adoration et au service de Dieu.<br>Nous sommes appel\u00e9s, sp\u00e9cialement, \u00e0 pr\u00eacher l&rsquo;\u00c9vangile aux pauvres.<br>Les v\u00e9hicules de base par lesquels nous effectuons notre mission sont les suivants : adoration corporelle, \u00e9vang\u00e9lisation, minist\u00e8re de compassion, nutrition chr\u00e9tienne et \u00e9ducation.<br>Parce que tout le peuple de Dieu constitue \u00ab l&rsquo;\u00c9glise \u00bb et parce que chaque chr\u00e9tien est appel\u00e9 au minist\u00e8re en vertu de son bapt\u00eame, chaque croyant en l&rsquo;\u00c9glise du Nazar\u00e9en a un r\u00f4le dans l&rsquo;accomplissement de la mission \u00e0 laquelle nous sommes appel\u00e9s en tant que corps corporatif.<\/p>\n<p> <\/p>\n<p>Stan Ingersol, 2001. Adapt\u00e9 de Wes Tracy et Stan Ingersol, Nous sommes ici : O\u00f9 les Nazar\u00e9ens s&rsquo;int\u00e8grent au march\u00e9 religieux (1999). Publi\u00e9 dans Saintet\u00e9 aujourd&rsquo;hui (juin 2001) : 66.<\/p>\t\t\t\t\t\t\t\t<\/div>\n\t\t\t\t<\/div>\n\t\t\t\t<\/div>\n\t\t\t\t\t<\/div>\n\t\t\t\t<\/div>\n\t\t<div class=\"elementor-element elementor-element-5d6e2fe elementor-hidden-widescreen elementor-hidden-desktop elementor-hidden-tablet elementor-hidden-mobile e-flex e-con-boxed e-con e-parent\" data-id=\"5d6e2fe\" data-element_type=\"container\" data-e-type=\"container\" data-settings=\"{&quot;jet_parallax_layout_list&quot;:[],&quot;background_background&quot;:&quot;classic&quot;}\">\n\t\t\t\t\t<div class=\"e-con-inner\">\n\t\t\t\t<div class=\"elementor-element elementor-element-6f0ae55 elementor-widget elementor-widget-heading\" data-id=\"6f0ae55\" data-element_type=\"widget\" data-e-type=\"widget\" data-widget_type=\"heading.default\">\n\t\t\t\t<div class=\"elementor-widget-container\">\n\t\t\t\t\t<h3 class=\"elementor-heading-title elementor-size-default\">Essentiels nazar\u00e9ens<\/h3>\t\t\t\t<\/div>\n\t\t\t\t<\/div>\n\t\t\t\t<div class=\"elementor-element elementor-element-242fee2 elementor-widget-divider--view-line elementor-widget elementor-widget-divider\" data-id=\"242fee2\" data-element_type=\"widget\" data-e-type=\"widget\" data-widget_type=\"divider.default\">\n\t\t\t\t<div class=\"elementor-widget-container\">\n\t\t\t\t\t\t\t<div class=\"elementor-divider\">\n\t\t\t<span class=\"elementor-divider-separator\">\n\t\t\t\t\t\t<\/span>\n\t\t<\/div>\n\t\t\t\t\t\t<\/div>\n\t\t\t\t<\/div>\n\t\t\t\t<div class=\"elementor-element elementor-element-13139cb elementor-widget__width-initial elementor-widget-mobile__width-inherit elementor-widget elementor-widget-text-editor\" data-id=\"13139cb\" data-element_type=\"widget\" data-e-type=\"widget\" data-widget_type=\"text-editor.default\">\n\t\t\t\t<div class=\"elementor-widget-container\">\n\t\t\t\t\t\t\t\t\t<p>Essentiels nazar\u00e9ens explique pourquoi l&rsquo;\u00c9glise du Nazar\u00e9en existe en tant que mouvement mondial de Saintet\u00e9 et de Grande Commission dans la tradition wesleyenne-arminienne.<\/p>\t\t\t\t\t\t\t\t<\/div>\n\t\t\t\t<\/div>\n\t\t\t\t<div class=\"elementor-element elementor-element-b77c5f1 elementor-align-center elementor-widget elementor-widget-button\" data-id=\"b77c5f1\" data-element_type=\"widget\" data-e-type=\"widget\" data-widget_type=\"button.default\">\n\t\t\t\t<div class=\"elementor-widget-container\">\n\t\t\t\t\t\t\t\t\t<div class=\"elementor-button-wrapper\">\n\t\t\t\t\t<a class=\"elementor-button elementor-button-link elementor-size-sm\" href=\"https:\/\/nazarene.org\/fr\/essentiels-nazareens\/\">\n\t\t\t\t\t\t<span class=\"elementor-button-content-wrapper\">\n\t\t\t\t\t\t<span class=\"elementor-button-icon\">\n\t\t\t\t<svg aria-hidden=\"true\" class=\"e-font-icon-svg e-fas-arrow-right\" viewBox=\"0 0 448 512\" xmlns=\"http:\/\/www.w3.org\/2000\/svg\"><path d=\"M190.5 66.9l22.2-22.2c9.4-9.4 24.6-9.4 33.9 0L441 239c9.4 9.4 9.4 24.6 0 33.9L246.6 467.3c-9.4 9.4-24.6 9.4-33.9 0l-22.2-22.2c-9.5-9.5-9.3-25 .4-34.3L311.4 296H24c-13.3 0-24-10.7-24-24v-32c0-13.3 10.7-24 24-24h287.4L190.9 101.2c-9.8-9.3-10-24.8-.4-34.3z\"><\/path><\/svg>\t\t\t<\/span>\n\t\t\t\t\t\t\t\t\t<span class=\"elementor-button-text\">EN SAVOIR PLUS<\/span>\n\t\t\t\t\t<\/span>\n\t\t\t\t\t<\/a>\n\t\t\t\t<\/div>\n\t\t\t\t\t\t\t\t<\/div>\n\t\t\t\t<\/div>\n\t\t\t\t\t<\/div>\n\t\t\t\t<\/div>\n\t\t\t\t<\/div>\n\t\t","protected":false},"excerpt":{"rendered":"<p>Tradition wesleyenne Une \u00c9glise dans la tradition wesleyenne D&rsquo;o\u00f9 nous venons La lign\u00e9e nazar\u00e9enne traverse la R\u00e9forme anglaise, la propagation internationale du m\u00e9thodisme et le mouvement wesleyen-Saintet\u00e9 en Am\u00e9rique.L&rsquo;\u00c9glise du Nazar\u00e9en a \u00e9merg\u00e9 comme une union de diverses d\u00e9nominations wesleyennes-de Saintet\u00e9 et, en 1915, embrassait sept corps nord-am\u00e9ricains et britanniques pr\u00e9c\u00e9demment distincts.Phineas F. Bresee a [&hellip;]<\/p>\n","protected":false},"author":8,"featured_media":0,"parent":0,"menu_order":0,"comment_status":"closed","ping_status":"closed","template":"","meta":{"content-type":"","_jet_sm_ready_style":"","_jet_sm_style":"","_jet_sm_controls_values":"","_jet_sm_fonts_collection":"","_jet_sm_fonts_links":"","footnotes":""},"class_list":["post-39877","page","type-page","status-publish","hentry"],"yoast_head":"<!-- This site is optimized with the Yoast SEO Premium plugin v27.1 (Yoast SEO v27.1.1) - https:\/\/yoast.com\/product\/yoast-seo-premium-wordpress\/ -->\n<title>Tradition wesleyenne - Church of the Nazarene<\/title>\n<meta name=\"robots\" content=\"index, follow, max-snippet:-1, max-image-preview:large, max-video-preview:-1\" \/>\n<link rel=\"canonical\" href=\"https:\/\/nazarene.org\/fr\/tradition-wesleyenne\/\" \/>\n<meta property=\"og:locale\" content=\"fr_FR\" \/>\n<meta property=\"og:type\" content=\"article\" \/>\n<meta property=\"og:title\" content=\"Tradition wesleyenne\" \/>\n<meta property=\"og:description\" content=\"Tradition wesleyenne Une \u00c9glise dans la tradition wesleyenne D&rsquo;o\u00f9 nous venons La lign\u00e9e nazar\u00e9enne traverse la R\u00e9forme anglaise, la propagation internationale du m\u00e9thodisme et le mouvement wesleyen-Saintet\u00e9 en Am\u00e9rique.L&rsquo;\u00c9glise du Nazar\u00e9en a \u00e9merg\u00e9 comme une union de diverses d\u00e9nominations wesleyennes-de Saintet\u00e9 et, en 1915, embrassait sept corps nord-am\u00e9ricains et britanniques pr\u00e9c\u00e9demment distincts.Phineas F. Bresee a [&hellip;]\" \/>\n<meta property=\"og:url\" content=\"https:\/\/nazarene.org\/fr\/tradition-wesleyenne\/\" \/>\n<meta property=\"og:site_name\" content=\"Church of the Nazarene\" \/>\n<meta property=\"article:publisher\" content=\"https:\/\/www.facebook.com\/NazareneOfficial\/\" \/>\n<meta property=\"article:modified_time\" content=\"2025-06-20T01:11:14+00:00\" \/>\n<meta name=\"twitter:card\" content=\"summary_large_image\" \/>\n<meta name=\"twitter:site\" content=\"@Nazarene\" \/>\n<script type=\"application\/ld+json\" class=\"yoast-schema-graph\">{\"@context\":\"https:\/\/schema.org\",\"@graph\":[{\"@type\":\"WebPage\",\"@id\":\"https:\/\/nazarene.org\/fr\/tradition-wesleyenne\/\",\"url\":\"https:\/\/nazarene.org\/fr\/tradition-wesleyenne\/\",\"name\":\"Tradition wesleyenne - Church of the Nazarene\",\"isPartOf\":{\"@id\":\"https:\/\/nazarene.org\/fr\/#website\"},\"datePublished\":\"2025-03-20T20:34:46+00:00\",\"dateModified\":\"2025-06-20T01:11:14+00:00\",\"breadcrumb\":{\"@id\":\"https:\/\/nazarene.org\/fr\/tradition-wesleyenne\/#breadcrumb\"},\"inLanguage\":\"fr-FR\",\"potentialAction\":[{\"@type\":\"ReadAction\",\"target\":[\"https:\/\/nazarene.org\/fr\/tradition-wesleyenne\/\"]}]},{\"@type\":\"BreadcrumbList\",\"@id\":\"https:\/\/nazarene.org\/fr\/tradition-wesleyenne\/#breadcrumb\",\"itemListElement\":[{\"@type\":\"ListItem\",\"position\":1,\"name\":\"Home\",\"item\":\"https:\/\/nazarene.org\/fr\/\"},{\"@type\":\"ListItem\",\"position\":2,\"name\":\"Tradition wesleyenne\"}]},{\"@type\":\"WebSite\",\"@id\":\"https:\/\/nazarene.org\/fr\/#website\",\"url\":\"https:\/\/nazarene.org\/fr\/\",\"name\":\"Church of the Nazarene\",\"description\":\"Making Christlike Disciples in the Nations\",\"publisher\":{\"@id\":\"https:\/\/nazarene.org\/fr\/#organization\"},\"potentialAction\":[{\"@type\":\"SearchAction\",\"target\":{\"@type\":\"EntryPoint\",\"urlTemplate\":\"https:\/\/nazarene.org\/fr\/?s={search_term_string}\"},\"query-input\":{\"@type\":\"PropertyValueSpecification\",\"valueRequired\":true,\"valueName\":\"search_term_string\"}}],\"inLanguage\":\"fr-FR\"},{\"@type\":\"Organization\",\"@id\":\"https:\/\/nazarene.org\/fr\/#organization\",\"name\":\"Church of the Nazarene\",\"url\":\"https:\/\/nazarene.org\/fr\/\",\"logo\":{\"@type\":\"ImageObject\",\"inLanguage\":\"fr-FR\",\"@id\":\"https:\/\/nazarene.org\/fr\/#\/schema\/logo\/image\/\",\"url\":\"https:\/\/nazarene.org\/wp-content\/uploads\/2024\/06\/Naz_Desktop_Black_Logo-1.svg\",\"contentUrl\":\"https:\/\/nazarene.org\/wp-content\/uploads\/2024\/06\/Naz_Desktop_Black_Logo-1.svg\",\"width\":258,\"height\":36,\"caption\":\"Church of the Nazarene\"},\"image\":{\"@id\":\"https:\/\/nazarene.org\/fr\/#\/schema\/logo\/image\/\"},\"sameAs\":[\"https:\/\/www.facebook.com\/NazareneOfficial\/\",\"https:\/\/x.com\/Nazarene\",\"https:\/\/www.instagram.com\/nazareneofficial\/\"]}]}<\/script>\n<!-- \/ Yoast SEO Premium plugin. -->","yoast_head_json":{"title":"Tradition wesleyenne - Church of the Nazarene","robots":{"index":"index","follow":"follow","max-snippet":"max-snippet:-1","max-image-preview":"max-image-preview:large","max-video-preview":"max-video-preview:-1"},"canonical":"https:\/\/nazarene.org\/fr\/tradition-wesleyenne\/","og_locale":"fr_FR","og_type":"article","og_title":"Tradition wesleyenne","og_description":"Tradition wesleyenne Une \u00c9glise dans la tradition wesleyenne D&rsquo;o\u00f9 nous venons La lign\u00e9e nazar\u00e9enne traverse la R\u00e9forme anglaise, la propagation internationale du m\u00e9thodisme et le mouvement wesleyen-Saintet\u00e9 en Am\u00e9rique.L&rsquo;\u00c9glise du Nazar\u00e9en a \u00e9merg\u00e9 comme une union de diverses d\u00e9nominations wesleyennes-de Saintet\u00e9 et, en 1915, embrassait sept corps nord-am\u00e9ricains et britanniques pr\u00e9c\u00e9demment distincts.Phineas F. Bresee a [&hellip;]","og_url":"https:\/\/nazarene.org\/fr\/tradition-wesleyenne\/","og_site_name":"Church of the Nazarene","article_publisher":"https:\/\/www.facebook.com\/NazareneOfficial\/","article_modified_time":"2025-06-20T01:11:14+00:00","twitter_card":"summary_large_image","twitter_site":"@Nazarene","schema":{"@context":"https:\/\/schema.org","@graph":[{"@type":"WebPage","@id":"https:\/\/nazarene.org\/fr\/tradition-wesleyenne\/","url":"https:\/\/nazarene.org\/fr\/tradition-wesleyenne\/","name":"Tradition wesleyenne - Church of the Nazarene","isPartOf":{"@id":"https:\/\/nazarene.org\/fr\/#website"},"datePublished":"2025-03-20T20:34:46+00:00","dateModified":"2025-06-20T01:11:14+00:00","breadcrumb":{"@id":"https:\/\/nazarene.org\/fr\/tradition-wesleyenne\/#breadcrumb"},"inLanguage":"fr-FR","potentialAction":[{"@type":"ReadAction","target":["https:\/\/nazarene.org\/fr\/tradition-wesleyenne\/"]}]},{"@type":"BreadcrumbList","@id":"https:\/\/nazarene.org\/fr\/tradition-wesleyenne\/#breadcrumb","itemListElement":[{"@type":"ListItem","position":1,"name":"Home","item":"https:\/\/nazarene.org\/fr\/"},{"@type":"ListItem","position":2,"name":"Tradition wesleyenne"}]},{"@type":"WebSite","@id":"https:\/\/nazarene.org\/fr\/#website","url":"https:\/\/nazarene.org\/fr\/","name":"Church of the Nazarene","description":"Making Christlike Disciples in the Nations","publisher":{"@id":"https:\/\/nazarene.org\/fr\/#organization"},"potentialAction":[{"@type":"SearchAction","target":{"@type":"EntryPoint","urlTemplate":"https:\/\/nazarene.org\/fr\/?s={search_term_string}"},"query-input":{"@type":"PropertyValueSpecification","valueRequired":true,"valueName":"search_term_string"}}],"inLanguage":"fr-FR"},{"@type":"Organization","@id":"https:\/\/nazarene.org\/fr\/#organization","name":"Church of the Nazarene","url":"https:\/\/nazarene.org\/fr\/","logo":{"@type":"ImageObject","inLanguage":"fr-FR","@id":"https:\/\/nazarene.org\/fr\/#\/schema\/logo\/image\/","url":"https:\/\/nazarene.org\/wp-content\/uploads\/2024\/06\/Naz_Desktop_Black_Logo-1.svg","contentUrl":"https:\/\/nazarene.org\/wp-content\/uploads\/2024\/06\/Naz_Desktop_Black_Logo-1.svg","width":258,"height":36,"caption":"Church of the Nazarene"},"image":{"@id":"https:\/\/nazarene.org\/fr\/#\/schema\/logo\/image\/"},"sameAs":["https:\/\/www.facebook.com\/NazareneOfficial\/","https:\/\/x.com\/Nazarene","https:\/\/www.instagram.com\/nazareneofficial\/"]}]}},"_links":{"self":[{"href":"https:\/\/nazarene.org\/fr\/wp-json\/wp\/v2\/pages\/39877","targetHints":{"allow":["GET"]}}],"collection":[{"href":"https:\/\/nazarene.org\/fr\/wp-json\/wp\/v2\/pages"}],"about":[{"href":"https:\/\/nazarene.org\/fr\/wp-json\/wp\/v2\/types\/page"}],"author":[{"embeddable":true,"href":"https:\/\/nazarene.org\/fr\/wp-json\/wp\/v2\/users\/8"}],"replies":[{"embeddable":true,"href":"https:\/\/nazarene.org\/fr\/wp-json\/wp\/v2\/comments?post=39877"}],"version-history":[{"count":0,"href":"https:\/\/nazarene.org\/fr\/wp-json\/wp\/v2\/pages\/39877\/revisions"}],"wp:attachment":[{"href":"https:\/\/nazarene.org\/fr\/wp-json\/wp\/v2\/media?parent=39877"}],"curies":[{"name":"wp","href":"https:\/\/api.w.org\/{rel}","templated":true}]}}