{"id":39734,"date":"2025-03-20T14:55:49","date_gmt":"2025-03-20T19:55:49","guid":{"rendered":"https:\/\/nazarene.org\/phineas-f-bresee\/"},"modified":"2025-06-10T03:01:37","modified_gmt":"2025-06-10T08:01:37","slug":"phineas-f-bresee","status":"publish","type":"page","link":"https:\/\/nazarene.org\/fr\/phineas-f-bresee\/","title":{"rendered":"Phineas F. Bresee"},"content":{"rendered":"\t\t<div data-elementor-type=\"wp-page\" data-elementor-id=\"39734\" class=\"elementor elementor-39734 elementor-21679\" data-elementor-post-type=\"page\">\n\t\t\t\t<div class=\"elementor-element elementor-element-3afea2b e-flex e-con-boxed e-con e-parent\" data-id=\"3afea2b\" data-element_type=\"container\" data-e-type=\"container\" data-settings=\"{&quot;background_background&quot;:&quot;classic&quot;,&quot;jet_parallax_layout_list&quot;:[]}\">\n\t\t\t\t\t<div class=\"e-con-inner\">\n\t\t\t\t<div class=\"elementor-element elementor-element-d4ac1ba elementor-widget elementor-widget-heading\" data-id=\"d4ac1ba\" data-element_type=\"widget\" data-e-type=\"widget\" data-widget_type=\"heading.default\">\n\t\t\t\t<div class=\"elementor-widget-container\">\n\t\t\t\t\t<h1 class=\"elementor-heading-title elementor-size-default\">D\u00e9claration historique<\/h1>\t\t\t\t<\/div>\n\t\t\t\t<\/div>\n\t\t\t\t\t<\/div>\n\t\t\t\t<\/div>\n\t\t<div class=\"elementor-element elementor-element-8e2fef3 e-flex e-con-boxed e-con e-parent\" data-id=\"8e2fef3\" data-element_type=\"container\" data-e-type=\"container\" data-settings=\"{&quot;background_background&quot;:&quot;classic&quot;,&quot;jet_parallax_layout_list&quot;:[]}\">\n\t\t\t\t\t<div class=\"e-con-inner\">\n\t\t<div class=\"elementor-element elementor-element-0c43af7 e-con-full e-flex e-con e-child\" data-id=\"0c43af7\" data-element_type=\"container\" data-e-type=\"container\" data-settings=\"{&quot;jet_parallax_layout_list&quot;:[]}\">\n\t\t\t\t<div class=\"elementor-element elementor-element-0e17ad9 elementor-widget elementor-widget-image\" data-id=\"0e17ad9\" data-element_type=\"widget\" data-e-type=\"widget\" data-widget_type=\"image.default\">\n\t\t\t\t<div class=\"elementor-widget-container\">\n\t\t\t\t\t\t\t\t\t\t\t\t\t\t\t<img fetchpriority=\"high\" decoding=\"async\" width=\"450\" height=\"500\" src=\"https:\/\/nazarene.org\/wp-content\/uploads\/2025\/03\/PBresee.webp\" class=\"attachment-large size-large wp-image-21682\" alt=\"\" srcset=\"https:\/\/nazarene.org\/wp-content\/uploads\/2025\/03\/PBresee.webp 450w, https:\/\/nazarene.org\/wp-content\/uploads\/2025\/03\/PBresee-270x300.webp 270w\" sizes=\"(max-width: 450px) 100vw, 450px\" \/>\t\t\t\t\t\t\t\t\t\t\t\t\t\t\t<\/div>\n\t\t\t\t<\/div>\n\t\t\t\t<\/div>\n\t\t<div class=\"elementor-element elementor-element-9311c3b e-con-full e-flex e-con e-child\" data-id=\"9311c3b\" data-element_type=\"container\" data-e-type=\"container\" data-settings=\"{&quot;jet_parallax_layout_list&quot;:[]}\">\n\t\t\t\t<div class=\"elementor-element elementor-element-8c43b6e elementor-widget__width-initial elementor-widget-mobile__width-inherit elementor-widget elementor-widget-text-editor\" data-id=\"8c43b6e\" data-element_type=\"widget\" data-e-type=\"widget\" data-widget_type=\"text-editor.default\">\n\t\t\t\t<div class=\"elementor-widget-container\">\n\t\t\t\t\t\t\t\t\t<div class=\"layout__region layout__region--left flex-1-1 flex-grow-0 xl-flex-4-5\"><div class=\"block__wysiwyg\" data-layout-content-preview-placeholder-label=\"\" content=\"\" block=\"\"><div class=\"styles-wrapper-5b7fa342-041e-4e19-a1d4-834e1dffe346\"><section class=\"wysiwyg\"><div class=\"wysiwyg__content\"><div class=\"flex-container flex-wrap\"><div class=\"flex-container flex-dir-row\"><div class=\"flex-1-1 md-flex-3-4 padding\"><p>Carl O. Bangs<\/p><p>La publication en 1995 de la biographie de Carl Bangs de Phineas F. Bresee fait avancer notre compr\u00e9hension de l&rsquo;histoire nazar\u00e9enne primitive d&rsquo;un pas de g\u00e9ant. Bresee a fait l&rsquo;objet de diverses biographies grandes et petites, mais Phineas F. Bresee : Sa vie dans le m\u00e9thodisme, le Mouvement de Saintet\u00e9 et l&rsquo;\u00c9glise du Nazar\u00e9en est le premier \u00e9crit par un chercheur chevronn\u00e9 et connu internationalement.<\/p><p> <\/p><p>La perspective du livre diff\u00e8re nettement de celle des biographies pr\u00e9c\u00e9dentes de Bresee, qui ont examin\u00e9 sa vie du point de vue de son r\u00f4le de fondateur nazar\u00e9en, abr\u00e9gant sa carri\u00e8re m\u00e9thodiste &#8211; 25 ans dans Iowa et 12 de plus en Californie. En revanche, le minist\u00e8re m\u00e9thodiste de Bresee occupe plus de la moiti\u00e9 de la nouvelle biographie, car Bangs pose la question plus simple mais fondamentalement diff\u00e9rente : \u00ab Qui \u00e9tait Bresee ? \u00bb Cette question principale simple a entra\u00een\u00e9 un type de biographie diff\u00e9rent de ses pr\u00e9d\u00e9cesseurs. Bangs d\u00e9montre de mani\u00e8re intelligente dans le processus que pour comprendre la signification de l&rsquo;\u00c9glise du Nazar\u00e9en pour Bresee, on doit d&rsquo;abord comprendre ce que le m\u00e9thodisme signifiait pour lui.<br> <\/p><p>Premi\u00e8rement, Bangs construit le cas selon lequel la th\u00e9ologie de la saintet\u00e9 de Bresee \u00e9tait fermement enracin\u00e9e dans le m\u00e9thodisme.<br>Deuxi\u00e8mement, Bangs montre \u00e0 quel point le minist\u00e8re de l&rsquo;Iowa \u00e9tait crucial dans le d\u00e9veloppement de Bresee.<br>Troisi\u00e8mement, la pratique de Bresee de m\u00e9langer les affaires et la religion et ses cons\u00e9quences malheureuses sont consid\u00e9r\u00e9es pleinement et plus en d\u00e9tail que dans les comptes pr\u00e9c\u00e9dents et est plac\u00e9e sous un nouveau jour.<br>Quatri\u00e8mement, la nouvelle biographie montre l&rsquo;ascension de Bresee \u00e0 la pro\u00e9minence dans le m\u00e9thodisme californien entre 1883 et 1892.<br>Cinqui\u00e8mement, il fournit un tout nouveau mat\u00e9riel sur les circonstances entourant le retrait de Bresee du minist\u00e8re m\u00e9thodiste, son \u00e9viction de la mission Peniel et les origines de l&rsquo;\u00c9glise du Nazar\u00e9en \u00e0 Los Angeles.<br>Enfin, le livre montre comment la vie de r\u00e9flexion de Bresee sur l&rsquo;\u00c9glise et son minist\u00e8re a affect\u00e9 la th\u00e9ologie et la pratique des Nazar\u00e9ens de Los Angeles et \u00e9ventuellement une union plus large de gens de saintet\u00e9 qui composent l&rsquo;\u00c9glise du Nazar\u00e9en d&rsquo;aujourd&rsquo;hui.<\/p><p> <\/p><p>Il y a beaucoup de choses lat\u00e9rales int\u00e9ressantes en cours de chemin : l&rsquo;utilisation par l&rsquo;auteur des journaux intimes de la fille de Phineas, Sue Bresee ; la temp\u00eate qui a \u00e9clat\u00e9 sur Bresee au cours de l&rsquo;ann\u00e9e o\u00f9 il a minist\u00e9r\u00e9 par l&rsquo;interm\u00e9diaire de la Mission ind\u00e9pendante Peniel ; l&rsquo;influence de m\u00e9thodistes cl\u00e9s comme Leslie F. Gay et le juge W. S. Knott sur Bresee et son influence sur eux ; la dissension qui a d\u00e9chir\u00e9 le c\u0153ur de la Premi\u00e8re \u00c9glise de L.A. en 1907 et 1908, au moment qui aurait d\u00fb \u00eatre le moment de triomphe de Bresee ; et de nombreux autres volets fascinants de l&rsquo;histoire de Bresee.<\/p><p> <\/p><p>Stan Ingersol, Ph.D. Gestionnaire des archives, \u00c9glise du Nazar\u00e9en<\/p><\/div><\/div><\/div><\/div><\/section><\/div><\/div><\/div>\t\t\t\t\t\t\t\t<\/div>\n\t\t\t\t<\/div>\n\t\t\t\t<\/div>\n\t\t\t\t\t<\/div>\n\t\t\t\t<\/div>\n\t\t\t\t<\/div>\n\t\t","protected":false},"excerpt":{"rendered":"<p>D\u00e9claration historique Carl O. Bangs La publication en 1995 de la biographie de Carl Bangs de Phineas F. Bresee fait avancer notre compr\u00e9hension de l&rsquo;histoire nazar\u00e9enne primitive d&rsquo;un pas de g\u00e9ant. Bresee a fait l&rsquo;objet de diverses biographies grandes et petites, mais Phineas F. Bresee : Sa vie dans le m\u00e9thodisme, le Mouvement de Saintet\u00e9 [&hellip;]<\/p>\n","protected":false},"author":8,"featured_media":0,"parent":0,"menu_order":0,"comment_status":"closed","ping_status":"closed","template":"","meta":{"content-type":"","_jet_sm_ready_style":"","_jet_sm_style":"","_jet_sm_controls_values":"","_jet_sm_fonts_collection":"","_jet_sm_fonts_links":"","footnotes":""},"class_list":["post-39734","page","type-page","status-publish","hentry"],"yoast_head":"<!-- This site is optimized with the Yoast SEO Premium plugin v27.1 (Yoast SEO v27.1.1) - https:\/\/yoast.com\/product\/yoast-seo-premium-wordpress\/ -->\n<title>Phineas F. Bresee - Church of the Nazarene<\/title>\n<meta name=\"robots\" content=\"index, follow, max-snippet:-1, max-image-preview:large, max-video-preview:-1\" \/>\n<link rel=\"canonical\" href=\"https:\/\/nazarene.org\/fr\/phineas-f-bresee\/\" \/>\n<meta property=\"og:locale\" content=\"fr_FR\" \/>\n<meta property=\"og:type\" content=\"article\" \/>\n<meta property=\"og:title\" content=\"Phineas F. Bresee\" \/>\n<meta property=\"og:description\" content=\"D\u00e9claration historique Carl O. Bangs La publication en 1995 de la biographie de Carl Bangs de Phineas F. Bresee fait avancer notre compr\u00e9hension de l&rsquo;histoire nazar\u00e9enne primitive d&rsquo;un pas de g\u00e9ant. Bresee a fait l&rsquo;objet de diverses biographies grandes et petites, mais Phineas F. Bresee : Sa vie dans le m\u00e9thodisme, le Mouvement de Saintet\u00e9 [&hellip;]\" \/>\n<meta property=\"og:url\" content=\"https:\/\/nazarene.org\/fr\/phineas-f-bresee\/\" \/>\n<meta property=\"og:site_name\" content=\"Church of the Nazarene\" \/>\n<meta property=\"article:publisher\" content=\"https:\/\/www.facebook.com\/NazareneOfficial\/\" \/>\n<meta property=\"article:modified_time\" content=\"2025-06-10T08:01:37+00:00\" \/>\n<meta property=\"og:image\" content=\"https:\/\/nazarene.org\/wp-content\/uploads\/2025\/03\/PBresee.webp\" \/>\n\t<meta property=\"og:image:width\" content=\"450\" \/>\n\t<meta property=\"og:image:height\" content=\"500\" \/>\n\t<meta property=\"og:image:type\" content=\"image\/webp\" \/>\n<meta name=\"twitter:card\" content=\"summary_large_image\" \/>\n<meta name=\"twitter:site\" content=\"@Nazarene\" \/>\n<script type=\"application\/ld+json\" class=\"yoast-schema-graph\">{\"@context\":\"https:\/\/schema.org\",\"@graph\":[{\"@type\":\"WebPage\",\"@id\":\"https:\/\/nazarene.org\/fr\/phineas-f-bresee\/\",\"url\":\"https:\/\/nazarene.org\/fr\/phineas-f-bresee\/\",\"name\":\"Phineas F. Bresee - Church of the Nazarene\",\"isPartOf\":{\"@id\":\"https:\/\/nazarene.org\/fr\/#website\"},\"primaryImageOfPage\":{\"@id\":\"https:\/\/nazarene.org\/fr\/phineas-f-bresee\/#primaryimage\"},\"image\":{\"@id\":\"https:\/\/nazarene.org\/fr\/phineas-f-bresee\/#primaryimage\"},\"thumbnailUrl\":\"https:\/\/nazarene.org\/wp-content\/uploads\/2025\/03\/PBresee.webp\",\"datePublished\":\"2025-03-20T19:55:49+00:00\",\"dateModified\":\"2025-06-10T08:01:37+00:00\",\"breadcrumb\":{\"@id\":\"https:\/\/nazarene.org\/fr\/phineas-f-bresee\/#breadcrumb\"},\"inLanguage\":\"fr-FR\",\"potentialAction\":[{\"@type\":\"ReadAction\",\"target\":[\"https:\/\/nazarene.org\/fr\/phineas-f-bresee\/\"]}]},{\"@type\":\"ImageObject\",\"inLanguage\":\"fr-FR\",\"@id\":\"https:\/\/nazarene.org\/fr\/phineas-f-bresee\/#primaryimage\",\"url\":\"https:\/\/nazarene.org\/wp-content\/uploads\/2025\/03\/PBresee.webp\",\"contentUrl\":\"https:\/\/nazarene.org\/wp-content\/uploads\/2025\/03\/PBresee.webp\"},{\"@type\":\"BreadcrumbList\",\"@id\":\"https:\/\/nazarene.org\/fr\/phineas-f-bresee\/#breadcrumb\",\"itemListElement\":[{\"@type\":\"ListItem\",\"position\":1,\"name\":\"Home\",\"item\":\"https:\/\/nazarene.org\/fr\/\"},{\"@type\":\"ListItem\",\"position\":2,\"name\":\"Phineas F. Bresee\"}]},{\"@type\":\"WebSite\",\"@id\":\"https:\/\/nazarene.org\/fr\/#website\",\"url\":\"https:\/\/nazarene.org\/fr\/\",\"name\":\"Church of the Nazarene\",\"description\":\"Making Christlike Disciples in the Nations\",\"publisher\":{\"@id\":\"https:\/\/nazarene.org\/fr\/#organization\"},\"potentialAction\":[{\"@type\":\"SearchAction\",\"target\":{\"@type\":\"EntryPoint\",\"urlTemplate\":\"https:\/\/nazarene.org\/fr\/?s={search_term_string}\"},\"query-input\":{\"@type\":\"PropertyValueSpecification\",\"valueRequired\":true,\"valueName\":\"search_term_string\"}}],\"inLanguage\":\"fr-FR\"},{\"@type\":\"Organization\",\"@id\":\"https:\/\/nazarene.org\/fr\/#organization\",\"name\":\"Church of the Nazarene\",\"url\":\"https:\/\/nazarene.org\/fr\/\",\"logo\":{\"@type\":\"ImageObject\",\"inLanguage\":\"fr-FR\",\"@id\":\"https:\/\/nazarene.org\/fr\/#\/schema\/logo\/image\/\",\"url\":\"https:\/\/nazarene.org\/wp-content\/uploads\/2024\/06\/Naz_Desktop_Black_Logo-1.svg\",\"contentUrl\":\"https:\/\/nazarene.org\/wp-content\/uploads\/2024\/06\/Naz_Desktop_Black_Logo-1.svg\",\"width\":258,\"height\":36,\"caption\":\"Church of the Nazarene\"},\"image\":{\"@id\":\"https:\/\/nazarene.org\/fr\/#\/schema\/logo\/image\/\"},\"sameAs\":[\"https:\/\/www.facebook.com\/NazareneOfficial\/\",\"https:\/\/x.com\/Nazarene\",\"https:\/\/www.instagram.com\/nazareneofficial\/\"]}]}<\/script>\n<!-- \/ Yoast SEO Premium plugin. -->","yoast_head_json":{"title":"Phineas F. Bresee - Church of the Nazarene","robots":{"index":"index","follow":"follow","max-snippet":"max-snippet:-1","max-image-preview":"max-image-preview:large","max-video-preview":"max-video-preview:-1"},"canonical":"https:\/\/nazarene.org\/fr\/phineas-f-bresee\/","og_locale":"fr_FR","og_type":"article","og_title":"Phineas F. Bresee","og_description":"D\u00e9claration historique Carl O. Bangs La publication en 1995 de la biographie de Carl Bangs de Phineas F. Bresee fait avancer notre compr\u00e9hension de l&rsquo;histoire nazar\u00e9enne primitive d&rsquo;un pas de g\u00e9ant. Bresee a fait l&rsquo;objet de diverses biographies grandes et petites, mais Phineas F. Bresee : Sa vie dans le m\u00e9thodisme, le Mouvement de Saintet\u00e9 [&hellip;]","og_url":"https:\/\/nazarene.org\/fr\/phineas-f-bresee\/","og_site_name":"Church of the Nazarene","article_publisher":"https:\/\/www.facebook.com\/NazareneOfficial\/","article_modified_time":"2025-06-10T08:01:37+00:00","og_image":[{"width":450,"height":500,"url":"https:\/\/nazarene.org\/wp-content\/uploads\/2025\/03\/PBresee.webp","type":"image\/webp"}],"twitter_card":"summary_large_image","twitter_site":"@Nazarene","schema":{"@context":"https:\/\/schema.org","@graph":[{"@type":"WebPage","@id":"https:\/\/nazarene.org\/fr\/phineas-f-bresee\/","url":"https:\/\/nazarene.org\/fr\/phineas-f-bresee\/","name":"Phineas F. Bresee - Church of the Nazarene","isPartOf":{"@id":"https:\/\/nazarene.org\/fr\/#website"},"primaryImageOfPage":{"@id":"https:\/\/nazarene.org\/fr\/phineas-f-bresee\/#primaryimage"},"image":{"@id":"https:\/\/nazarene.org\/fr\/phineas-f-bresee\/#primaryimage"},"thumbnailUrl":"https:\/\/nazarene.org\/wp-content\/uploads\/2025\/03\/PBresee.webp","datePublished":"2025-03-20T19:55:49+00:00","dateModified":"2025-06-10T08:01:37+00:00","breadcrumb":{"@id":"https:\/\/nazarene.org\/fr\/phineas-f-bresee\/#breadcrumb"},"inLanguage":"fr-FR","potentialAction":[{"@type":"ReadAction","target":["https:\/\/nazarene.org\/fr\/phineas-f-bresee\/"]}]},{"@type":"ImageObject","inLanguage":"fr-FR","@id":"https:\/\/nazarene.org\/fr\/phineas-f-bresee\/#primaryimage","url":"https:\/\/nazarene.org\/wp-content\/uploads\/2025\/03\/PBresee.webp","contentUrl":"https:\/\/nazarene.org\/wp-content\/uploads\/2025\/03\/PBresee.webp"},{"@type":"BreadcrumbList","@id":"https:\/\/nazarene.org\/fr\/phineas-f-bresee\/#breadcrumb","itemListElement":[{"@type":"ListItem","position":1,"name":"Home","item":"https:\/\/nazarene.org\/fr\/"},{"@type":"ListItem","position":2,"name":"Phineas F. Bresee"}]},{"@type":"WebSite","@id":"https:\/\/nazarene.org\/fr\/#website","url":"https:\/\/nazarene.org\/fr\/","name":"Church of the Nazarene","description":"Making Christlike Disciples in the Nations","publisher":{"@id":"https:\/\/nazarene.org\/fr\/#organization"},"potentialAction":[{"@type":"SearchAction","target":{"@type":"EntryPoint","urlTemplate":"https:\/\/nazarene.org\/fr\/?s={search_term_string}"},"query-input":{"@type":"PropertyValueSpecification","valueRequired":true,"valueName":"search_term_string"}}],"inLanguage":"fr-FR"},{"@type":"Organization","@id":"https:\/\/nazarene.org\/fr\/#organization","name":"Church of the Nazarene","url":"https:\/\/nazarene.org\/fr\/","logo":{"@type":"ImageObject","inLanguage":"fr-FR","@id":"https:\/\/nazarene.org\/fr\/#\/schema\/logo\/image\/","url":"https:\/\/nazarene.org\/wp-content\/uploads\/2024\/06\/Naz_Desktop_Black_Logo-1.svg","contentUrl":"https:\/\/nazarene.org\/wp-content\/uploads\/2024\/06\/Naz_Desktop_Black_Logo-1.svg","width":258,"height":36,"caption":"Church of the Nazarene"},"image":{"@id":"https:\/\/nazarene.org\/fr\/#\/schema\/logo\/image\/"},"sameAs":["https:\/\/www.facebook.com\/NazareneOfficial\/","https:\/\/x.com\/Nazarene","https:\/\/www.instagram.com\/nazareneofficial\/"]}]}},"_links":{"self":[{"href":"https:\/\/nazarene.org\/fr\/wp-json\/wp\/v2\/pages\/39734","targetHints":{"allow":["GET"]}}],"collection":[{"href":"https:\/\/nazarene.org\/fr\/wp-json\/wp\/v2\/pages"}],"about":[{"href":"https:\/\/nazarene.org\/fr\/wp-json\/wp\/v2\/types\/page"}],"author":[{"embeddable":true,"href":"https:\/\/nazarene.org\/fr\/wp-json\/wp\/v2\/users\/8"}],"replies":[{"embeddable":true,"href":"https:\/\/nazarene.org\/fr\/wp-json\/wp\/v2\/comments?post=39734"}],"version-history":[{"count":0,"href":"https:\/\/nazarene.org\/fr\/wp-json\/wp\/v2\/pages\/39734\/revisions"}],"wp:attachment":[{"href":"https:\/\/nazarene.org\/fr\/wp-json\/wp\/v2\/media?parent=39734"}],"curies":[{"name":"wp","href":"https:\/\/api.w.org\/{rel}","templated":true}]}}