{"id":39359,"date":"2025-02-13T14:44:54","date_gmt":"2025-02-13T20:44:54","guid":{"rendered":"https:\/\/nazarene.org\/gnecsis-informations-generales\/"},"modified":"2025-10-08T21:12:42","modified_gmt":"2025-10-09T02:12:42","slug":"gnecsis-informations-generales","status":"publish","type":"page","link":"https:\/\/nazarene.org\/fr\/gnecsis\/gnecsis-informations-generales\/","title":{"rendered":"GNECsis &#8211; Informations g\u00e9n\u00e9rales"},"content":{"rendered":"\t\t<div data-elementor-type=\"wp-page\" data-elementor-id=\"39359\" class=\"elementor elementor-39359 elementor-15099\" data-elementor-post-type=\"page\">\n\t\t\t\t<div class=\"elementor-element elementor-element-3afea2b e-flex e-con-boxed e-con e-parent\" data-id=\"3afea2b\" data-element_type=\"container\" data-e-type=\"container\" data-settings=\"{&quot;background_background&quot;:&quot;classic&quot;,&quot;jet_parallax_layout_list&quot;:[]}\">\n\t\t\t\t\t<div class=\"e-con-inner\">\n\t\t\t\t<div class=\"elementor-element elementor-element-d4ac1ba elementor-widget elementor-widget-heading\" data-id=\"d4ac1ba\" data-element_type=\"widget\" data-e-type=\"widget\" data-widget_type=\"heading.default\">\n\t\t\t\t<div class=\"elementor-widget-container\">\n\t\t\t\t\t<h1 class=\"elementor-heading-title elementor-size-default\">GNECsis<\/h1>\t\t\t\t<\/div>\n\t\t\t\t<\/div>\n\t\t\t\t\t<\/div>\n\t\t\t\t<\/div>\n\t\t<div class=\"elementor-element elementor-element-4ea39de e-flex e-con-boxed e-con e-parent\" data-id=\"4ea39de\" data-element_type=\"container\" data-e-type=\"container\" data-settings=\"{&quot;jet_parallax_layout_list&quot;:[],&quot;background_background&quot;:&quot;classic&quot;}\">\n\t\t\t\t\t<div class=\"e-con-inner\">\n\t\t<div class=\"elementor-element elementor-element-67e09d3 e-con-full e-flex e-con e-child\" data-id=\"67e09d3\" data-element_type=\"container\" data-e-type=\"container\" data-settings=\"{&quot;background_background&quot;:&quot;classic&quot;,&quot;jet_parallax_layout_list&quot;:[]}\">\n\t\t\t\t<div class=\"elementor-element elementor-element-1dca3a1 elementor-widget-widescreen__width-initial elementor-widget elementor-widget-heading\" data-id=\"1dca3a1\" data-element_type=\"widget\" data-e-type=\"widget\" data-widget_type=\"heading.default\">\n\t\t\t\t<div class=\"elementor-widget-container\">\n\t\t\t\t\t<h3 class=\"elementor-heading-title elementor-size-default\">Informations g\u00e9n\u00e9rales<\/h3>\t\t\t\t<\/div>\n\t\t\t\t<\/div>\n\t\t\t\t<div class=\"elementor-element elementor-element-ccb014f elementor-widget-divider--view-line elementor-widget elementor-widget-divider\" data-id=\"ccb014f\" data-element_type=\"widget\" data-e-type=\"widget\" data-widget_type=\"divider.default\">\n\t\t\t\t<div class=\"elementor-widget-container\">\n\t\t\t\t\t\t\t<div class=\"elementor-divider\">\n\t\t\t<span class=\"elementor-divider-separator\">\n\t\t\t\t\t\t<\/span>\n\t\t<\/div>\n\t\t\t\t\t\t<\/div>\n\t\t\t\t<\/div>\n\t\t\t\t<div class=\"elementor-element elementor-element-41aee3e elementor-widget elementor-widget-text-editor\" data-id=\"41aee3e\" data-element_type=\"widget\" data-e-type=\"widget\" data-widget_type=\"text-editor.default\">\n\t\t\t\t<div class=\"elementor-widget-container\">\n\t\t\t\t\t\t\t\t\t<ul><li class=\"Indent1\" style=\"text-align: left;\">Les admissions, les enseignants, les ressources humaines, la vie \u00e9tudiante et la facturation des \u00e9tudiants sont tous int\u00e9gr\u00e9s dans une base de donn\u00e9es centralis\u00e9e<\/li><li class=\"Indent1\" style=\"text-align: left;\">Diffusion sur le Web<\/li><li class=\"Indent1\" style=\"text-align: left;\">Les informations sont disponibles via un portail enseignant, un portail \u00e9tudiant et un portail personnel avec des autorisations personnalis\u00e9es bas\u00e9es sur les r\u00f4les.<\/li><li class=\"Indent1\" style=\"text-align: left;\">Biblioth\u00e8que de rapports pr\u00e9configur\u00e9s et possibilit\u00e9 de cr\u00e9er des requ\u00eates personnalis\u00e9es. Autres rapports personnalis\u00e9s disponibles sur demande<\/li><li class=\"Indent1\" style=\"text-align: left;\">Facile \u00e0 utiliser<\/li><li class=\"Indent1\" style=\"text-align: left;\">Disponible en anglais et espagnol (portugais \u00e0 venir)<\/li><li class=\"Indent1\" style=\"text-align: left;\">Adapt\u00e9 aux mobiles<\/li><li class=\"Indent1\" style=\"text-align: left;\">Personnalisable avec les couleurs et logos de l&rsquo;\u00e9cole<\/li><li class=\"Indent1\" style=\"text-align: left;\">D\u00e9ploy\u00e9 sur Linux ou Windows<\/li><li class=\"Indent1\" style=\"text-align: left;\">Bases de donn\u00e9es SQL Server ou MySQL<\/li><li class=\"Indent1\" style=\"text-align: left;\">Ne n\u00e9cessite pas Internet pour les op\u00e9rations de base, mais des fonctionnalit\u00e9s am\u00e9lior\u00e9es sont disponibles avec une connexion Internet<\/li><li class=\"Indent1\" style=\"text-align: left;\">Con\u00e7u pour fonctionner \u00e0 l&rsquo;\u00e9chelle internationale avec une vari\u00e9t\u00e9 de structures \u00e9ducatives diff\u00e9rentes.<\/li><li class=\"Indent1\" style=\"text-align: left;\">Inclut une fonctionnalit\u00e9 de suivi de la d\u00e9nomination et de l&rsquo;implication de l&rsquo;\u00e9glise<\/li><li class=\"Indent1\" style=\"text-align: left;\">Suivi de l&rsquo;historique des contacts disponible pour les prospects et les \u00e9tudiants, afin de conserver un historique continu des conversations importantes. Les e-mails envoy\u00e9s directement depuis le syst\u00e8me sont automatiquement enregistr\u00e9s.<\/li><li class=\"Indent1\" style=\"text-align: left;\">V\u00e9rification des dipl\u00f4mes disponible pour le personnel, le conseiller et l&rsquo;\u00e9tudiant<\/li><li class=\"Indent1\" style=\"text-align: left;\">La cr\u00e9ation de listes enregistr\u00e9es facilite l&rsquo;utilisation des listes<\/li><li class=\"Indent1\" style=\"text-align: left;\">Fonctionne avec plusieurs campus\/sites<\/li><li class=\"Indent1\" style=\"text-align: left;\">Permet le suivi de plusieurs dipl\u00f4mes pour le m\u00eame \u00e9tudiant<\/li><li class=\"Indent1\" style=\"text-align: left;\">Suivi des visas \u00e9tudiants internationaux<\/li><li class=\"Indent1\" style=\"text-align: left;\">Base de donn\u00e9es de personnes partag\u00e9e permettant \u00e0 toute l&rsquo;administration de partager les informations de contact<\/li><li class=\"Indent1\" style=\"text-align: left;\">T\u00e9l\u00e9chargez des photos de chaque personne li\u00e9e \u00e0 votre \u00e9cole<\/li><\/ul>\t\t\t\t\t\t\t\t<\/div>\n\t\t\t\t<\/div>\n\t\t\t\t<\/div>\n\t\t\t\t\t<\/div>\n\t\t\t\t<\/div>\n\t\t<div class=\"elementor-element elementor-element-c37c69f e-flex e-con-boxed e-con e-parent\" data-id=\"c37c69f\" data-element_type=\"container\" data-e-type=\"container\" data-settings=\"{&quot;jet_parallax_layout_list&quot;:[],&quot;background_background&quot;:&quot;classic&quot;}\">\n\t\t\t\t\t<div class=\"e-con-inner\">\n\t\t<div class=\"elementor-element elementor-element-4990676 e-con-full e-flex e-con e-child\" data-id=\"4990676\" data-element_type=\"container\" data-e-type=\"container\" data-settings=\"{&quot;background_background&quot;:&quot;classic&quot;,&quot;jet_parallax_layout_list&quot;:[]}\">\n\t\t\t\t<div class=\"elementor-element elementor-element-959d6c3 elementor-widget-widescreen__width-initial elementor-widget-tablet__width-initial elementor-widget elementor-widget-heading\" data-id=\"959d6c3\" data-element_type=\"widget\" data-e-type=\"widget\" data-widget_type=\"heading.default\">\n\t\t\t\t<div class=\"elementor-widget-container\">\n\t\t\t\t\t<h3 class=\"elementor-heading-title elementor-size-default\">Int\u00e9ress\u00e9 par GNECsis pour votre \u00e9cole&nbsp;?<\/h3>\t\t\t\t<\/div>\n\t\t\t\t<\/div>\n\t\t\t\t<div class=\"elementor-element elementor-element-ffc831c elementor-widget-divider--view-line elementor-widget elementor-widget-divider\" data-id=\"ffc831c\" data-element_type=\"widget\" data-e-type=\"widget\" data-widget_type=\"divider.default\">\n\t\t\t\t<div class=\"elementor-widget-container\">\n\t\t\t\t\t\t\t<div class=\"elementor-divider\">\n\t\t\t<span class=\"elementor-divider-separator\">\n\t\t\t\t\t\t<\/span>\n\t\t<\/div>\n\t\t\t\t\t\t<\/div>\n\t\t\t\t<\/div>\n\t\t\t\t<div class=\"elementor-element elementor-element-bc81d4c elementor-widget elementor-widget-text-editor\" data-id=\"bc81d4c\" data-element_type=\"widget\" data-e-type=\"widget\" data-widget_type=\"text-editor.default\">\n\t\t\t\t<div class=\"elementor-widget-container\">\n\t\t\t\t\t\t\t\t\t<p>Vous \u00eates int\u00e9ress\u00e9 par GNECsis pour votre \u00e9cole&nbsp;? Veuillez remplir le formulaire <a href=\"\/wp-content\/uploads\/2025\/02\/GNECsis-School-Review.pdf\" target=\"_blank\" rel=\"noopener\">GNECsis \u2013 Revue de l&rsquo;\u00e9cole (anglais)<\/a> ou <a href=\"\/wp-content\/uploads\/2025\/02\/GNECsis-School-Review-Spanish.pdf\" target=\"_blank\" rel=\"noopener\">GNECsis \u2013 Revue de l&rsquo;\u00e9cole (espagnol)<\/a> et l&rsquo;envoyer \u00e0 <a href=\"mailto:GNECsis@nazarene.org\">GNECsis@nazarene.org<\/a> afin que nous puissions en apprendre davantage sur votre \u00e9cole. Une fois que nous aurons examin\u00e9 vos informations, nous vous contacterons pour vous fournir de plus amples informations.<\/p>\t\t\t\t\t\t\t\t<\/div>\n\t\t\t\t<\/div>\n\t\t\t\t<\/div>\n\t\t\t\t\t<\/div>\n\t\t\t\t<\/div>\n\t\t\t\t<\/div>\n\t\t","protected":false},"excerpt":{"rendered":"<p>GNECsis Informations g\u00e9n\u00e9rales Les admissions, les enseignants, les ressources humaines, la vie \u00e9tudiante et la facturation des \u00e9tudiants sont tous int\u00e9gr\u00e9s dans une base de donn\u00e9es centralis\u00e9e Diffusion sur le Web Les informations sont disponibles via un portail enseignant, un portail \u00e9tudiant et un portail personnel avec des autorisations personnalis\u00e9es bas\u00e9es sur les r\u00f4les. Biblioth\u00e8que [&hellip;]<\/p>\n","protected":false},"author":6,"featured_media":0,"parent":39339,"menu_order":0,"comment_status":"closed","ping_status":"closed","template":"","meta":{"content-type":"","_jet_sm_ready_style":"","_jet_sm_style":"","_jet_sm_controls_values":"","_jet_sm_fonts_collection":"","_jet_sm_fonts_links":"","footnotes":""},"class_list":["post-39359","page","type-page","status-publish","hentry"],"yoast_head":"<!-- This site is optimized with the Yoast SEO Premium plugin v27.1 (Yoast SEO v27.1.1) - https:\/\/yoast.com\/product\/yoast-seo-premium-wordpress\/ -->\n<title>GNECsis - Informations g\u00e9n\u00e9rales - Church of the Nazarene<\/title>\n<meta name=\"robots\" content=\"index, follow, max-snippet:-1, max-image-preview:large, max-video-preview:-1\" \/>\n<link rel=\"canonical\" href=\"https:\/\/nazarene.org\/fr\/gnecsis\/gnecsis-informations-generales\/\" \/>\n<meta property=\"og:locale\" content=\"fr_FR\" \/>\n<meta property=\"og:type\" content=\"article\" \/>\n<meta property=\"og:title\" content=\"GNECsis - Informations g\u00e9n\u00e9rales\" \/>\n<meta property=\"og:description\" content=\"GNECsis Informations g\u00e9n\u00e9rales Les admissions, les enseignants, les ressources humaines, la vie \u00e9tudiante et la facturation des \u00e9tudiants sont tous int\u00e9gr\u00e9s dans une base de donn\u00e9es centralis\u00e9e Diffusion sur le Web Les informations sont disponibles via un portail enseignant, un portail \u00e9tudiant et un portail personnel avec des autorisations personnalis\u00e9es bas\u00e9es sur les r\u00f4les. Biblioth\u00e8que [&hellip;]\" \/>\n<meta property=\"og:url\" content=\"https:\/\/nazarene.org\/fr\/gnecsis\/gnecsis-informations-generales\/\" \/>\n<meta property=\"og:site_name\" content=\"Church of the Nazarene\" \/>\n<meta property=\"article:publisher\" content=\"https:\/\/www.facebook.com\/NazareneOfficial\/\" \/>\n<meta property=\"article:modified_time\" content=\"2025-10-09T02:12:42+00:00\" \/>\n<meta name=\"twitter:card\" content=\"summary_large_image\" \/>\n<meta name=\"twitter:site\" content=\"@Nazarene\" \/>\n<script type=\"application\/ld+json\" class=\"yoast-schema-graph\">{\"@context\":\"https:\/\/schema.org\",\"@graph\":[{\"@type\":\"WebPage\",\"@id\":\"https:\/\/nazarene.org\/fr\/gnecsis\/gnecsis-informations-generales\/\",\"url\":\"https:\/\/nazarene.org\/fr\/gnecsis\/gnecsis-informations-generales\/\",\"name\":\"GNECsis - Informations g\u00e9n\u00e9rales - Church of the Nazarene\",\"isPartOf\":{\"@id\":\"https:\/\/nazarene.org\/fr\/#website\"},\"datePublished\":\"2025-02-13T20:44:54+00:00\",\"dateModified\":\"2025-10-09T02:12:42+00:00\",\"breadcrumb\":{\"@id\":\"https:\/\/nazarene.org\/fr\/gnecsis\/gnecsis-informations-generales\/#breadcrumb\"},\"inLanguage\":\"fr-FR\",\"potentialAction\":[{\"@type\":\"ReadAction\",\"target\":[\"https:\/\/nazarene.org\/fr\/gnecsis\/gnecsis-informations-generales\/\"]}]},{\"@type\":\"BreadcrumbList\",\"@id\":\"https:\/\/nazarene.org\/fr\/gnecsis\/gnecsis-informations-generales\/#breadcrumb\",\"itemListElement\":[{\"@type\":\"ListItem\",\"position\":1,\"name\":\"Home\",\"item\":\"https:\/\/nazarene.org\/fr\/\"},{\"@type\":\"ListItem\",\"position\":2,\"name\":\"GNECsis\",\"item\":\"https:\/\/nazarene.org\/fr\/gnecsis\/\"},{\"@type\":\"ListItem\",\"position\":3,\"name\":\"GNECsis &#8211; Informations g\u00e9n\u00e9rales\"}]},{\"@type\":\"WebSite\",\"@id\":\"https:\/\/nazarene.org\/fr\/#website\",\"url\":\"https:\/\/nazarene.org\/fr\/\",\"name\":\"Church of the Nazarene\",\"description\":\"Making Christlike Disciples in the Nations\",\"publisher\":{\"@id\":\"https:\/\/nazarene.org\/fr\/#organization\"},\"potentialAction\":[{\"@type\":\"SearchAction\",\"target\":{\"@type\":\"EntryPoint\",\"urlTemplate\":\"https:\/\/nazarene.org\/fr\/?s={search_term_string}\"},\"query-input\":{\"@type\":\"PropertyValueSpecification\",\"valueRequired\":true,\"valueName\":\"search_term_string\"}}],\"inLanguage\":\"fr-FR\"},{\"@type\":\"Organization\",\"@id\":\"https:\/\/nazarene.org\/fr\/#organization\",\"name\":\"Church of the Nazarene\",\"url\":\"https:\/\/nazarene.org\/fr\/\",\"logo\":{\"@type\":\"ImageObject\",\"inLanguage\":\"fr-FR\",\"@id\":\"https:\/\/nazarene.org\/fr\/#\/schema\/logo\/image\/\",\"url\":\"https:\/\/nazarene.org\/wp-content\/uploads\/2024\/06\/Naz_Desktop_Black_Logo-1.svg\",\"contentUrl\":\"https:\/\/nazarene.org\/wp-content\/uploads\/2024\/06\/Naz_Desktop_Black_Logo-1.svg\",\"width\":258,\"height\":36,\"caption\":\"Church of the Nazarene\"},\"image\":{\"@id\":\"https:\/\/nazarene.org\/fr\/#\/schema\/logo\/image\/\"},\"sameAs\":[\"https:\/\/www.facebook.com\/NazareneOfficial\/\",\"https:\/\/x.com\/Nazarene\",\"https:\/\/www.instagram.com\/nazareneofficial\/\"]}]}<\/script>\n<!-- \/ Yoast SEO Premium plugin. -->","yoast_head_json":{"title":"GNECsis - Informations g\u00e9n\u00e9rales - Church of the Nazarene","robots":{"index":"index","follow":"follow","max-snippet":"max-snippet:-1","max-image-preview":"max-image-preview:large","max-video-preview":"max-video-preview:-1"},"canonical":"https:\/\/nazarene.org\/fr\/gnecsis\/gnecsis-informations-generales\/","og_locale":"fr_FR","og_type":"article","og_title":"GNECsis - Informations g\u00e9n\u00e9rales","og_description":"GNECsis Informations g\u00e9n\u00e9rales Les admissions, les enseignants, les ressources humaines, la vie \u00e9tudiante et la facturation des \u00e9tudiants sont tous int\u00e9gr\u00e9s dans une base de donn\u00e9es centralis\u00e9e Diffusion sur le Web Les informations sont disponibles via un portail enseignant, un portail \u00e9tudiant et un portail personnel avec des autorisations personnalis\u00e9es bas\u00e9es sur les r\u00f4les. Biblioth\u00e8que [&hellip;]","og_url":"https:\/\/nazarene.org\/fr\/gnecsis\/gnecsis-informations-generales\/","og_site_name":"Church of the Nazarene","article_publisher":"https:\/\/www.facebook.com\/NazareneOfficial\/","article_modified_time":"2025-10-09T02:12:42+00:00","twitter_card":"summary_large_image","twitter_site":"@Nazarene","schema":{"@context":"https:\/\/schema.org","@graph":[{"@type":"WebPage","@id":"https:\/\/nazarene.org\/fr\/gnecsis\/gnecsis-informations-generales\/","url":"https:\/\/nazarene.org\/fr\/gnecsis\/gnecsis-informations-generales\/","name":"GNECsis - Informations g\u00e9n\u00e9rales - Church of the Nazarene","isPartOf":{"@id":"https:\/\/nazarene.org\/fr\/#website"},"datePublished":"2025-02-13T20:44:54+00:00","dateModified":"2025-10-09T02:12:42+00:00","breadcrumb":{"@id":"https:\/\/nazarene.org\/fr\/gnecsis\/gnecsis-informations-generales\/#breadcrumb"},"inLanguage":"fr-FR","potentialAction":[{"@type":"ReadAction","target":["https:\/\/nazarene.org\/fr\/gnecsis\/gnecsis-informations-generales\/"]}]},{"@type":"BreadcrumbList","@id":"https:\/\/nazarene.org\/fr\/gnecsis\/gnecsis-informations-generales\/#breadcrumb","itemListElement":[{"@type":"ListItem","position":1,"name":"Home","item":"https:\/\/nazarene.org\/fr\/"},{"@type":"ListItem","position":2,"name":"GNECsis","item":"https:\/\/nazarene.org\/fr\/gnecsis\/"},{"@type":"ListItem","position":3,"name":"GNECsis &#8211; Informations g\u00e9n\u00e9rales"}]},{"@type":"WebSite","@id":"https:\/\/nazarene.org\/fr\/#website","url":"https:\/\/nazarene.org\/fr\/","name":"Church of the Nazarene","description":"Making Christlike Disciples in the Nations","publisher":{"@id":"https:\/\/nazarene.org\/fr\/#organization"},"potentialAction":[{"@type":"SearchAction","target":{"@type":"EntryPoint","urlTemplate":"https:\/\/nazarene.org\/fr\/?s={search_term_string}"},"query-input":{"@type":"PropertyValueSpecification","valueRequired":true,"valueName":"search_term_string"}}],"inLanguage":"fr-FR"},{"@type":"Organization","@id":"https:\/\/nazarene.org\/fr\/#organization","name":"Church of the Nazarene","url":"https:\/\/nazarene.org\/fr\/","logo":{"@type":"ImageObject","inLanguage":"fr-FR","@id":"https:\/\/nazarene.org\/fr\/#\/schema\/logo\/image\/","url":"https:\/\/nazarene.org\/wp-content\/uploads\/2024\/06\/Naz_Desktop_Black_Logo-1.svg","contentUrl":"https:\/\/nazarene.org\/wp-content\/uploads\/2024\/06\/Naz_Desktop_Black_Logo-1.svg","width":258,"height":36,"caption":"Church of the Nazarene"},"image":{"@id":"https:\/\/nazarene.org\/fr\/#\/schema\/logo\/image\/"},"sameAs":["https:\/\/www.facebook.com\/NazareneOfficial\/","https:\/\/x.com\/Nazarene","https:\/\/www.instagram.com\/nazareneofficial\/"]}]}},"_links":{"self":[{"href":"https:\/\/nazarene.org\/fr\/wp-json\/wp\/v2\/pages\/39359","targetHints":{"allow":["GET"]}}],"collection":[{"href":"https:\/\/nazarene.org\/fr\/wp-json\/wp\/v2\/pages"}],"about":[{"href":"https:\/\/nazarene.org\/fr\/wp-json\/wp\/v2\/types\/page"}],"author":[{"embeddable":true,"href":"https:\/\/nazarene.org\/fr\/wp-json\/wp\/v2\/users\/6"}],"replies":[{"embeddable":true,"href":"https:\/\/nazarene.org\/fr\/wp-json\/wp\/v2\/comments?post=39359"}],"version-history":[{"count":1,"href":"https:\/\/nazarene.org\/fr\/wp-json\/wp\/v2\/pages\/39359\/revisions"}],"predecessor-version":[{"id":61176,"href":"https:\/\/nazarene.org\/fr\/wp-json\/wp\/v2\/pages\/39359\/revisions\/61176"}],"up":[{"embeddable":true,"href":"https:\/\/nazarene.org\/fr\/wp-json\/wp\/v2\/pages\/39339"}],"wp:attachment":[{"href":"https:\/\/nazarene.org\/fr\/wp-json\/wp\/v2\/media?parent=39359"}],"curies":[{"name":"wp","href":"https:\/\/api.w.org\/{rel}","templated":true}]}}