{"id":38794,"date":"2025-01-29T11:13:37","date_gmt":"2025-01-29T17:13:37","guid":{"rendered":"https:\/\/nazarene.org\/projets-missionnaires-nazareens-approuves\/"},"modified":"2025-06-10T00:43:15","modified_gmt":"2025-06-10T05:43:15","slug":"projets-missionnaires-nazareens-approuves","status":"publish","type":"page","link":"https:\/\/nazarene.org\/fr\/developpement-de-lintendance\/projets-missionnaires-nazareens-approuves\/","title":{"rendered":"Projets missionnaires nazar\u00e9ens approuv\u00e9s"},"content":{"rendered":"\t\t<div data-elementor-type=\"wp-page\" data-elementor-id=\"38794\" class=\"elementor elementor-38794 elementor-7163\" data-elementor-post-type=\"page\">\n\t\t\t\t<div class=\"elementor-element elementor-element-3afea2b e-flex e-con-boxed e-con e-parent\" data-id=\"3afea2b\" data-element_type=\"container\" data-e-type=\"container\" data-settings=\"{&quot;background_background&quot;:&quot;classic&quot;,&quot;jet_parallax_layout_list&quot;:[]}\">\n\t\t\t\t\t<div class=\"e-con-inner\">\n\t\t\t\t<div class=\"elementor-element elementor-element-d4ac1ba elementor-widget elementor-widget-heading\" data-id=\"d4ac1ba\" data-element_type=\"widget\" data-e-type=\"widget\" data-widget_type=\"heading.default\">\n\t\t\t\t<div class=\"elementor-widget-container\">\n\t\t\t\t\t<h1 class=\"elementor-heading-title elementor-size-default\">Projets missionnaires nazar\u00e9ens approuv\u00e9s<\/h1>\t\t\t\t<\/div>\n\t\t\t\t<\/div>\n\t\t\t\t\t<\/div>\n\t\t\t\t<\/div>\n\t\t<div class=\"elementor-element elementor-element-fe9b9eb e-flex e-con-boxed e-con e-parent\" data-id=\"fe9b9eb\" data-element_type=\"container\" data-e-type=\"container\" data-settings=\"{&quot;jet_parallax_layout_list&quot;:[],&quot;background_background&quot;:&quot;classic&quot;}\">\n\t\t\t\t\t<div class=\"e-con-inner\">\n\t\t<div class=\"elementor-element elementor-element-c7b06dd e-con-full e-flex e-con e-child\" data-id=\"c7b06dd\" data-element_type=\"container\" data-e-type=\"container\" data-settings=\"{&quot;background_background&quot;:&quot;classic&quot;,&quot;jet_parallax_layout_list&quot;:[]}\">\n\t\t\t\t<div class=\"elementor-element elementor-element-b0d8025 elementor-widget elementor-widget-heading\" data-id=\"b0d8025\" data-element_type=\"widget\" data-e-type=\"widget\" data-widget_type=\"heading.default\">\n\t\t\t\t<div class=\"elementor-widget-container\">\n\t\t\t\t\t<h2 class=\"elementor-heading-title elementor-size-default\">Projets de missions nazar\u00e9ens approuv\u00e9s (anciennement projets de missions sp\u00e9ciales 10 %&nbsp;)<\/h2>\t\t\t\t<\/div>\n\t\t\t\t<\/div>\n\t\t\t\t<div class=\"elementor-element elementor-element-5bd070c elementor-widget elementor-widget-text-editor\" data-id=\"5bd070c\" data-element_type=\"widget\" data-e-type=\"widget\" data-widget_type=\"text-editor.default\">\n\t\t\t\t<div class=\"elementor-widget-container\">\n\t\t\t\t\t\t\t\t\t<p>Chaque ann\u00e9e, les nazar\u00e9ens donnent environ 26 millions de dollars en plus de leurs dons pour l&rsquo;\u00e9vang\u00e9lisation mondiale afin de faire des disciples semblables au Christ dans les nations. Pour voir le rapport annuel le plus r\u00e9cent de l&rsquo;\u00c9glise du Nazar\u00e9en, <a href=\"https:\/\/nazarene.org\/financial-accountability\/\">cliquez ici<\/a>.<\/p><p>Les projets missionnaires nazar\u00e9ens approuv\u00e9s sont approuv\u00e9s strat\u00e9giquement dans chacune des six r\u00e9gions du monde pour l&rsquo;\u00c9glise du Nazar\u00e9en et aident \u00e0 financer des projets qui vont au-del\u00e0 de l&rsquo;infrastructure et de la technologie fournies par les dons pour l&rsquo;\u00e9vang\u00e9lisation mondiale de chaque \u00e9glise nazar\u00e9enne locale.<\/p><p>Une liste compl\u00e8te des projets de missions nazar\u00e9ennes approuv\u00e9s est disponible sur nazarene.org\/give. Ces projets sont r\u00e9pertori\u00e9s par cat\u00e9gorie : Alb\u00e2tre, r\u00e9gion, nos missionnaires, film JESUS, jeunesse nazar\u00e9enne, diffusion missionnaire mondiale, minist\u00e8res nazar\u00e9ens de compassion et initiatives \u00e9ducatives. Si vous ne trouvez pas le projet approuv\u00e9 auquel vous voulez donner, contactez <a href=\"mailto:stewardship@nazarene.org\">stewardship@nazarene.org<\/a> ou appelez le 1-800-544-8413 pour obtenir de l&rsquo;aide.<\/p><p>Tous les dons pour les projets missionnaires nazar\u00e9ens approuv\u00e9s comptent pour la reconnaissance de votre \u00e9glise locale et pour les objectifs de financement de la mission.<\/p>\t\t\t\t\t\t\t\t<\/div>\n\t\t\t\t<\/div>\n\t\t\t\t<\/div>\n\t\t\t\t\t<\/div>\n\t\t\t\t<\/div>\n\t\t<div class=\"elementor-element elementor-element-cac5911 e-flex e-con-boxed e-con e-parent\" data-id=\"cac5911\" data-element_type=\"container\" data-e-type=\"container\" data-settings=\"{&quot;jet_parallax_layout_list&quot;:[],&quot;background_background&quot;:&quot;classic&quot;}\">\n\t\t\t\t\t<div class=\"e-con-inner\">\n\t\t<div class=\"elementor-element elementor-element-5ceccb6 e-con-full e-flex e-con e-child\" data-id=\"5ceccb6\" data-element_type=\"container\" data-e-type=\"container\" data-settings=\"{&quot;background_background&quot;:&quot;classic&quot;,&quot;jet_parallax_layout_list&quot;:[]}\">\n\t\t\t\t<div class=\"elementor-element elementor-element-3577c54 elementor-widget elementor-widget-heading\" data-id=\"3577c54\" data-element_type=\"widget\" data-e-type=\"widget\" data-widget_type=\"heading.default\">\n\t\t\t\t<div class=\"elementor-widget-container\">\n\t\t\t\t\t<h2 class=\"elementor-heading-title elementor-size-default\">Comment puis-je donner \u00e0 un projet missionnaire nazar\u00e9en approuv\u00e9 ? <\/h2>\t\t\t\t<\/div>\n\t\t\t\t<\/div>\n\t\t\t\t<div class=\"elementor-element elementor-element-0fe592c elementor-widget elementor-widget-text-editor\" data-id=\"0fe592c\" data-element_type=\"widget\" data-e-type=\"widget\" data-widget_type=\"text-editor.default\">\n\t\t\t\t<div class=\"elementor-widget-container\">\n\t\t\t\t\t\t\t\t\t<h6>1. Donner par voie \u00e9lectronique ou par ch\u00e8que \u00e0 des projets r\u00e9alis\u00e9s \u00e0 l&rsquo;ext\u00e9rieur des \u00c9tats-Unis.<\/h6><p>La fa\u00e7on la plus \u00e9conomique de donner est en ligne via <a href=\"https:\/\/give.nazarene.org\/donate\/world-evangelism-fund\" target=\"_blank\" rel=\"noopener\">nazarene.org\/give<\/a> pour les dons individuels et FundingtheMission.org pour les dons \u00e0 l&rsquo;\u00e9glise. Les dons peuvent \u00e9galement \u00eatre donn\u00e9s par ch\u00e8que en utilisant un formulaire de versement individuel ou \u00e9glise.<\/p><h6>2. Faire un don \u00e0 un projet approuv\u00e9 aux \u00c9tats-Unis.<\/h6><p>Tous les dons pour les projets missionnaires nazar\u00e9ens approuv\u00e9s aux \u00c9tats-Unis sont envoy\u00e9s directement au projet am\u00e9ricain. Pour recevoir une reconnaissance pour ces dons, une \u00e9glise est invit\u00e9e \u00e0 remplir le formulaire de don point \u00e0 point sur FundingtheMission.org.<br>Les projets am\u00e9ricains approuv\u00e9s r\u00e9pondent \u00e0 l&rsquo;un des crit\u00e8res suivants :<\/p><ul><li>Le minist\u00e8re est un centre minist\u00e9riel nazar\u00e9en de compassion approuv\u00e9 de la r\u00e9gion \u00c9tats-Unis \/ Canada.<\/li><li>Le minist\u00e8re est un nouveau d\u00e9veloppement de l&rsquo;\u00e9glise approuv\u00e9 dans la r\u00e9gion des \u00c9tats-Unis \/ Canada dans sa premi\u00e8re ann\u00e9e d&rsquo;organisation.<\/li><li>Le minist\u00e8re est un projet de missions nazar\u00e9ennes approuv\u00e9 par la r\u00e9gion \u00c9tats-Unis \/ Canada.<\/li><\/ul><h6><br>Fondation de l&rsquo;\u00c9glise du Nazar\u00e9en<\/h6><p>Des individus et certaines \u00e9glises choisissent de faire des dons non mon\u00e9taires, tels que des actions, des actifs appr\u00e9ci\u00e9s ou des dons successoraux planifi\u00e9s, pour des projets missionnaires nazar\u00e9ens approuv\u00e9s par l&rsquo;interm\u00e9diaire de la Fondation nazar\u00e9enne. La Fondation aide \u00e0 transformer tout actif commercialisable de valeur en argent liquide \u00e0 donner au projet de votre choix.<\/p>\t\t\t\t\t\t\t\t<\/div>\n\t\t\t\t<\/div>\n\t\t\t\t<\/div>\n\t\t\t\t\t<\/div>\n\t\t\t\t<\/div>\n\t\t<div class=\"elementor-element elementor-element-811431c e-flex e-con-boxed e-con e-parent\" data-id=\"811431c\" data-element_type=\"container\" data-e-type=\"container\" data-settings=\"{&quot;jet_parallax_layout_list&quot;:[],&quot;background_background&quot;:&quot;classic&quot;}\">\n\t\t\t\t\t<div class=\"e-con-inner\">\n\t\t<div class=\"elementor-element elementor-element-3b7b51a e-con-full e-flex e-con e-child\" data-id=\"3b7b51a\" data-element_type=\"container\" data-e-type=\"container\" data-settings=\"{&quot;background_background&quot;:&quot;classic&quot;,&quot;jet_parallax_layout_list&quot;:[]}\">\n\t\t\t\t<div class=\"elementor-element elementor-element-129e075 elementor-widget elementor-widget-heading\" data-id=\"129e075\" data-element_type=\"widget\" data-e-type=\"widget\" data-widget_type=\"heading.default\">\n\t\t\t\t<div class=\"elementor-widget-container\">\n\t\t\t\t\t<h2 class=\"elementor-heading-title elementor-size-default\">Reconnaissance de l'\u00c9glise pour les dons g\u00e9n\u00e9reux <\/h2>\t\t\t\t<\/div>\n\t\t\t\t<\/div>\n\t\t\t\t<div class=\"elementor-element elementor-element-09cd184 elementor-widget elementor-widget-text-editor\" data-id=\"09cd184\" data-element_type=\"widget\" data-e-type=\"widget\" data-widget_type=\"text-editor.default\">\n\t\t\t\t<div class=\"elementor-widget-container\">\n\t\t\t\t\t\t\t\t\t<p>Les dons g\u00e9n\u00e9reux des Nazar\u00e9ens et des \u00e9glises permettent \u00e0 l&rsquo;\u00c9glise du Nazar\u00e9en de s&rsquo;\u00e9panouir. Plusieurs \u00e9glises sont reconnues pour leurs dons. <a href=\"\/stewardship-recognition\/\">Lire la suite<\/a>.<\/p><p><strong>\u00c9glise \u00e9vang\u00e9lisatrice mondiale<\/strong><\/p><p>Congr\u00e9gations qui donnent au moins 5,5 % de leur revenu total pour l&rsquo;\u00e9vang\u00e9lisation mondiale et qui atteignent tous les autres objectifs de district, \u00e9ducatifs et de pensions et avantages sociaux (\u00c9tats-Unis).<\/p><p><strong>\u00c9glise mondiale d&rsquo;\u00e9vang\u00e9lisation d&rsquo;excellence (NMI) <\/strong><\/p><p>Congr\u00e9gations qui donnent au moins 5,7 % de leur revenu total (ou d\u00e9passent l&rsquo;objectif de 5,5 % de 1 500 dollars am\u00e9ricains) pour l&rsquo;\u00e9vang\u00e9lisation mondiale.<\/p><p><strong>Mission 10 (15, 20, 25, 30 et +) \u00c9glise<\/strong><\/p><p>Congr\u00e9gations qui donnent au moins 5,5 % de leur revenu total pour l&rsquo;\u00e9vang\u00e9lisation mondiale et atteignent tous les autres objectifs de district, \u00e9ducatifs et de pensions et avantages sociaux (\u00c9tats-Unis) et augmentent g\u00e9n\u00e9reusement leurs dons pour les projets missionnaires nazar\u00e9ens approuv\u00e9s (\u00e9vang\u00e9lisation mondiale et projets approuv\u00e9s) \u00e0 10 (15, 20, 25, 30) % de leur revenu total.<\/p>\t\t\t\t\t\t\t\t<\/div>\n\t\t\t\t<\/div>\n\t\t\t\t<\/div>\n\t\t\t\t\t<\/div>\n\t\t\t\t<\/div>\n\t\t<div class=\"elementor-element elementor-element-614b5b8 e-flex e-con-boxed e-con e-parent\" data-id=\"614b5b8\" data-element_type=\"container\" data-e-type=\"container\" data-settings=\"{&quot;jet_parallax_layout_list&quot;:[],&quot;background_background&quot;:&quot;classic&quot;}\">\n\t\t\t\t\t<div class=\"e-con-inner\">\n\t\t<div class=\"elementor-element elementor-element-9cbcb2a e-con-full e-flex e-con e-child\" data-id=\"9cbcb2a\" data-element_type=\"container\" data-e-type=\"container\" data-settings=\"{&quot;background_background&quot;:&quot;classic&quot;,&quot;jet_parallax_layout_list&quot;:[]}\">\n\t\t\t\t<div class=\"elementor-element elementor-element-a3a9e2b elementor-widget elementor-widget-heading\" data-id=\"a3a9e2b\" data-element_type=\"widget\" data-e-type=\"widget\" data-widget_type=\"heading.default\">\n\t\t\t\t<div class=\"elementor-widget-container\">\n\t\t\t\t\t<h2 class=\"elementor-heading-title elementor-size-default\">Histoire du don missionnaire dans l'\u00c9glise du Nazar\u00e9en<\/h2>\t\t\t\t<\/div>\n\t\t\t\t<\/div>\n\t\t\t\t<div class=\"elementor-element elementor-element-b002191 elementor-widget elementor-widget-text-editor\" data-id=\"b002191\" data-element_type=\"widget\" data-e-type=\"widget\" data-widget_type=\"text-editor.default\">\n\t\t\t\t<div class=\"elementor-widget-container\">\n\t\t\t\t\t\t\t\t\t<p>En 1905, Leslie F. Gay, vice-pr\u00e9sident du Conseil g\u00e9n\u00e9ral missionnaire de la Premi\u00e8re \u00c9glise du nazar\u00e9en de Los Angeles, a d\u00e9fendu une r\u00e9solution encourageant les \u00e9glises \u00e0 donner 10 % de leur revenu total pour le travail missionnaire. En 1949, la pr\u00e9sidente des Missions nazar\u00e9ennes internationales, Louise Robinson Chapman, dans un discours passionn\u00e9, a d\u00e9fi\u00e9 les \u00e9glises nazar\u00e9ennes de montrer leur d\u00e9vouement \u00e0 la mission en atteignant cet objectif de dix pour cent. <br><br>Aujourd&rsquo;hui, de nombreuses personnes et \u00e9glises continuent d&rsquo;honorer les traditions pass\u00e9es et se mettent au d\u00e9fi de r\u00e9pondre \u00e0 l&rsquo;appel et de donner au-del\u00e0 de leur d\u00eeme et de faire un don aux projets missionnaires nazar\u00e9ens approuv\u00e9s que Dieu place dans leur c\u0153ur. Ces projets \u00e9taient historiquement appel\u00e9s projets missionnaires sp\u00e9ciaux \u00e0 dix pour cent (maintenant projets de missions nazar\u00e9ens approuv\u00e9s).<\/p>\t\t\t\t\t\t\t\t<\/div>\n\t\t\t\t<\/div>\n\t\t\t\t<\/div>\n\t\t\t\t\t<\/div>\n\t\t\t\t<\/div>\n\t\t<div class=\"elementor-element elementor-element-76cc461 e-flex e-con-boxed e-con e-parent\" data-id=\"76cc461\" data-element_type=\"container\" data-e-type=\"container\" data-settings=\"{&quot;jet_parallax_layout_list&quot;:[],&quot;background_background&quot;:&quot;classic&quot;}\">\n\t\t\t\t\t<div class=\"e-con-inner\">\n\t\t<div class=\"elementor-element elementor-element-1f0c8a8 e-con-full e-flex e-con e-child\" data-id=\"1f0c8a8\" data-element_type=\"container\" data-e-type=\"container\" data-settings=\"{&quot;background_background&quot;:&quot;classic&quot;,&quot;jet_parallax_layout_list&quot;:[]}\">\n\t\t\t\t<div class=\"elementor-element elementor-element-e85cf50 elementor-widget__width-initial elementor-widget elementor-widget-heading\" data-id=\"e85cf50\" data-element_type=\"widget\" data-e-type=\"widget\" data-widget_type=\"heading.default\">\n\t\t\t\t<div class=\"elementor-widget-container\">\n\t\t\t\t\t<h3 class=\"elementor-heading-title elementor-size-default\"><a href=\"mailto:stewardship@nazarene.org\">stewardship@nazarene.org<\/a><br>\nAppelez sans frais : 1-800-544-8413<br>\nT\u00e9l\u00e9copieur : 913-577-0875<br><\/h3>\t\t\t\t<\/div>\n\t\t\t\t<\/div>\n\t\t\t\t<\/div>\n\t\t\t\t\t<\/div>\n\t\t\t\t<\/div>\n\t\t\t\t<\/div>\n\t\t","protected":false},"excerpt":{"rendered":"<p>Projets missionnaires nazar\u00e9ens approuv\u00e9s Projets de missions nazar\u00e9ens approuv\u00e9s (anciennement projets de missions sp\u00e9ciales 10 %&nbsp;) Chaque ann\u00e9e, les nazar\u00e9ens donnent environ 26 millions de dollars en plus de leurs dons pour l&rsquo;\u00e9vang\u00e9lisation mondiale afin de faire des disciples semblables au Christ dans les nations. Pour voir le rapport annuel le plus r\u00e9cent de l&rsquo;\u00c9glise [&hellip;]<\/p>\n","protected":false},"author":6,"featured_media":0,"parent":40346,"menu_order":0,"comment_status":"closed","ping_status":"closed","template":"","meta":{"content-type":"","_jet_sm_ready_style":"","_jet_sm_style":"","_jet_sm_controls_values":"","_jet_sm_fonts_collection":"","_jet_sm_fonts_links":"","footnotes":""},"class_list":["post-38794","page","type-page","status-publish","hentry"],"yoast_head":"<!-- This site is optimized with the Yoast SEO Premium plugin v27.1 (Yoast SEO v27.1.1) - https:\/\/yoast.com\/product\/yoast-seo-premium-wordpress\/ -->\n<title>Projets missionnaires nazar\u00e9ens approuv\u00e9s - Church of the Nazarene<\/title>\n<meta name=\"robots\" content=\"index, follow, max-snippet:-1, max-image-preview:large, max-video-preview:-1\" \/>\n<link rel=\"canonical\" href=\"https:\/\/nazarene.org\/fr\/developpement-de-lintendance\/projets-missionnaires-nazareens-approuves\/\" \/>\n<meta property=\"og:locale\" content=\"fr_FR\" \/>\n<meta property=\"og:type\" content=\"article\" \/>\n<meta property=\"og:title\" content=\"Projets missionnaires nazar\u00e9ens approuv\u00e9s\" \/>\n<meta property=\"og:description\" content=\"Projets missionnaires nazar\u00e9ens approuv\u00e9s Projets de missions nazar\u00e9ens approuv\u00e9s (anciennement projets de missions sp\u00e9ciales 10 %&nbsp;) Chaque ann\u00e9e, les nazar\u00e9ens donnent environ 26 millions de dollars en plus de leurs dons pour l&rsquo;\u00e9vang\u00e9lisation mondiale afin de faire des disciples semblables au Christ dans les nations. Pour voir le rapport annuel le plus r\u00e9cent de l&rsquo;\u00c9glise [&hellip;]\" \/>\n<meta property=\"og:url\" content=\"https:\/\/nazarene.org\/fr\/developpement-de-lintendance\/projets-missionnaires-nazareens-approuves\/\" \/>\n<meta property=\"og:site_name\" content=\"Church of the Nazarene\" \/>\n<meta property=\"article:publisher\" content=\"https:\/\/www.facebook.com\/NazareneOfficial\/\" \/>\n<meta property=\"article:modified_time\" content=\"2025-06-10T05:43:15+00:00\" \/>\n<meta name=\"twitter:card\" content=\"summary_large_image\" \/>\n<meta name=\"twitter:site\" content=\"@Nazarene\" \/>\n<script type=\"application\/ld+json\" class=\"yoast-schema-graph\">{\"@context\":\"https:\/\/schema.org\",\"@graph\":[{\"@type\":\"WebPage\",\"@id\":\"https:\/\/nazarene.org\/fr\/developpement-de-lintendance\/projets-missionnaires-nazareens-approuves\/\",\"url\":\"https:\/\/nazarene.org\/fr\/developpement-de-lintendance\/projets-missionnaires-nazareens-approuves\/\",\"name\":\"Projets missionnaires nazar\u00e9ens approuv\u00e9s - Church of the Nazarene\",\"isPartOf\":{\"@id\":\"https:\/\/nazarene.org\/fr\/#website\"},\"datePublished\":\"2025-01-29T17:13:37+00:00\",\"dateModified\":\"2025-06-10T05:43:15+00:00\",\"breadcrumb\":{\"@id\":\"https:\/\/nazarene.org\/fr\/developpement-de-lintendance\/projets-missionnaires-nazareens-approuves\/#breadcrumb\"},\"inLanguage\":\"fr-FR\",\"potentialAction\":[{\"@type\":\"ReadAction\",\"target\":[\"https:\/\/nazarene.org\/fr\/developpement-de-lintendance\/projets-missionnaires-nazareens-approuves\/\"]}]},{\"@type\":\"BreadcrumbList\",\"@id\":\"https:\/\/nazarene.org\/fr\/developpement-de-lintendance\/projets-missionnaires-nazareens-approuves\/#breadcrumb\",\"itemListElement\":[{\"@type\":\"ListItem\",\"position\":1,\"name\":\"Home\",\"item\":\"https:\/\/nazarene.org\/fr\/\"},{\"@type\":\"ListItem\",\"position\":2,\"name\":\"Projets missionnaires nazar\u00e9ens approuv\u00e9s\"}]},{\"@type\":\"WebSite\",\"@id\":\"https:\/\/nazarene.org\/fr\/#website\",\"url\":\"https:\/\/nazarene.org\/fr\/\",\"name\":\"Church of the Nazarene\",\"description\":\"Making Christlike Disciples in the Nations\",\"publisher\":{\"@id\":\"https:\/\/nazarene.org\/fr\/#organization\"},\"potentialAction\":[{\"@type\":\"SearchAction\",\"target\":{\"@type\":\"EntryPoint\",\"urlTemplate\":\"https:\/\/nazarene.org\/fr\/?s={search_term_string}\"},\"query-input\":{\"@type\":\"PropertyValueSpecification\",\"valueRequired\":true,\"valueName\":\"search_term_string\"}}],\"inLanguage\":\"fr-FR\"},{\"@type\":\"Organization\",\"@id\":\"https:\/\/nazarene.org\/fr\/#organization\",\"name\":\"Church of the Nazarene\",\"url\":\"https:\/\/nazarene.org\/fr\/\",\"logo\":{\"@type\":\"ImageObject\",\"inLanguage\":\"fr-FR\",\"@id\":\"https:\/\/nazarene.org\/fr\/#\/schema\/logo\/image\/\",\"url\":\"https:\/\/nazarene.org\/wp-content\/uploads\/2024\/06\/Naz_Desktop_Black_Logo-1.svg\",\"contentUrl\":\"https:\/\/nazarene.org\/wp-content\/uploads\/2024\/06\/Naz_Desktop_Black_Logo-1.svg\",\"width\":258,\"height\":36,\"caption\":\"Church of the Nazarene\"},\"image\":{\"@id\":\"https:\/\/nazarene.org\/fr\/#\/schema\/logo\/image\/\"},\"sameAs\":[\"https:\/\/www.facebook.com\/NazareneOfficial\/\",\"https:\/\/x.com\/Nazarene\",\"https:\/\/www.instagram.com\/nazareneofficial\/\"]}]}<\/script>\n<!-- \/ Yoast SEO Premium plugin. -->","yoast_head_json":{"title":"Projets missionnaires nazar\u00e9ens approuv\u00e9s - Church of the Nazarene","robots":{"index":"index","follow":"follow","max-snippet":"max-snippet:-1","max-image-preview":"max-image-preview:large","max-video-preview":"max-video-preview:-1"},"canonical":"https:\/\/nazarene.org\/fr\/developpement-de-lintendance\/projets-missionnaires-nazareens-approuves\/","og_locale":"fr_FR","og_type":"article","og_title":"Projets missionnaires nazar\u00e9ens approuv\u00e9s","og_description":"Projets missionnaires nazar\u00e9ens approuv\u00e9s Projets de missions nazar\u00e9ens approuv\u00e9s (anciennement projets de missions sp\u00e9ciales 10 %&nbsp;) Chaque ann\u00e9e, les nazar\u00e9ens donnent environ 26 millions de dollars en plus de leurs dons pour l&rsquo;\u00e9vang\u00e9lisation mondiale afin de faire des disciples semblables au Christ dans les nations. Pour voir le rapport annuel le plus r\u00e9cent de l&rsquo;\u00c9glise [&hellip;]","og_url":"https:\/\/nazarene.org\/fr\/developpement-de-lintendance\/projets-missionnaires-nazareens-approuves\/","og_site_name":"Church of the Nazarene","article_publisher":"https:\/\/www.facebook.com\/NazareneOfficial\/","article_modified_time":"2025-06-10T05:43:15+00:00","twitter_card":"summary_large_image","twitter_site":"@Nazarene","schema":{"@context":"https:\/\/schema.org","@graph":[{"@type":"WebPage","@id":"https:\/\/nazarene.org\/fr\/developpement-de-lintendance\/projets-missionnaires-nazareens-approuves\/","url":"https:\/\/nazarene.org\/fr\/developpement-de-lintendance\/projets-missionnaires-nazareens-approuves\/","name":"Projets missionnaires nazar\u00e9ens approuv\u00e9s - Church of the Nazarene","isPartOf":{"@id":"https:\/\/nazarene.org\/fr\/#website"},"datePublished":"2025-01-29T17:13:37+00:00","dateModified":"2025-06-10T05:43:15+00:00","breadcrumb":{"@id":"https:\/\/nazarene.org\/fr\/developpement-de-lintendance\/projets-missionnaires-nazareens-approuves\/#breadcrumb"},"inLanguage":"fr-FR","potentialAction":[{"@type":"ReadAction","target":["https:\/\/nazarene.org\/fr\/developpement-de-lintendance\/projets-missionnaires-nazareens-approuves\/"]}]},{"@type":"BreadcrumbList","@id":"https:\/\/nazarene.org\/fr\/developpement-de-lintendance\/projets-missionnaires-nazareens-approuves\/#breadcrumb","itemListElement":[{"@type":"ListItem","position":1,"name":"Home","item":"https:\/\/nazarene.org\/fr\/"},{"@type":"ListItem","position":2,"name":"Projets missionnaires nazar\u00e9ens approuv\u00e9s"}]},{"@type":"WebSite","@id":"https:\/\/nazarene.org\/fr\/#website","url":"https:\/\/nazarene.org\/fr\/","name":"Church of the Nazarene","description":"Making Christlike Disciples in the Nations","publisher":{"@id":"https:\/\/nazarene.org\/fr\/#organization"},"potentialAction":[{"@type":"SearchAction","target":{"@type":"EntryPoint","urlTemplate":"https:\/\/nazarene.org\/fr\/?s={search_term_string}"},"query-input":{"@type":"PropertyValueSpecification","valueRequired":true,"valueName":"search_term_string"}}],"inLanguage":"fr-FR"},{"@type":"Organization","@id":"https:\/\/nazarene.org\/fr\/#organization","name":"Church of the Nazarene","url":"https:\/\/nazarene.org\/fr\/","logo":{"@type":"ImageObject","inLanguage":"fr-FR","@id":"https:\/\/nazarene.org\/fr\/#\/schema\/logo\/image\/","url":"https:\/\/nazarene.org\/wp-content\/uploads\/2024\/06\/Naz_Desktop_Black_Logo-1.svg","contentUrl":"https:\/\/nazarene.org\/wp-content\/uploads\/2024\/06\/Naz_Desktop_Black_Logo-1.svg","width":258,"height":36,"caption":"Church of the Nazarene"},"image":{"@id":"https:\/\/nazarene.org\/fr\/#\/schema\/logo\/image\/"},"sameAs":["https:\/\/www.facebook.com\/NazareneOfficial\/","https:\/\/x.com\/Nazarene","https:\/\/www.instagram.com\/nazareneofficial\/"]}]}},"_links":{"self":[{"href":"https:\/\/nazarene.org\/fr\/wp-json\/wp\/v2\/pages\/38794","targetHints":{"allow":["GET"]}}],"collection":[{"href":"https:\/\/nazarene.org\/fr\/wp-json\/wp\/v2\/pages"}],"about":[{"href":"https:\/\/nazarene.org\/fr\/wp-json\/wp\/v2\/types\/page"}],"author":[{"embeddable":true,"href":"https:\/\/nazarene.org\/fr\/wp-json\/wp\/v2\/users\/6"}],"replies":[{"embeddable":true,"href":"https:\/\/nazarene.org\/fr\/wp-json\/wp\/v2\/comments?post=38794"}],"version-history":[{"count":0,"href":"https:\/\/nazarene.org\/fr\/wp-json\/wp\/v2\/pages\/38794\/revisions"}],"up":[{"embeddable":true,"href":"https:\/\/nazarene.org\/fr\/wp-json\/wp\/v2\/pages\/40346"}],"wp:attachment":[{"href":"https:\/\/nazarene.org\/fr\/wp-json\/wp\/v2\/media?parent=38794"}],"curies":[{"name":"wp","href":"https:\/\/api.w.org\/{rel}","templated":true}]}}