{"id":38286,"date":"2025-04-02T01:02:53","date_gmt":"2025-04-02T06:02:53","guid":{"rendered":"https:\/\/nazarene.org\/kiosque\/"},"modified":"2025-06-09T19:33:34","modified_gmt":"2025-06-10T00:33:34","slug":"kiosque","status":"publish","type":"page","link":"https:\/\/nazarene.org\/fr\/kiosque\/","title":{"rendered":"Kiosque"},"content":{"rendered":"\t\t<div data-elementor-type=\"wp-page\" data-elementor-id=\"38286\" class=\"elementor elementor-38286 elementor-24139\" data-elementor-post-type=\"page\">\n\t\t\t\t<div class=\"elementor-element elementor-element-ed81292 e-con-full e-flex e-con e-parent\" data-id=\"ed81292\" data-element_type=\"container\" data-e-type=\"container\" data-settings=\"{&quot;background_background&quot;:&quot;slideshow&quot;,&quot;background_slideshow_gallery&quot;:[{&quot;id&quot;:23704,&quot;url&quot;:&quot;https:\\\/\\\/nazarene.org\\\/wp-content\\\/uploads\\\/2025\\\/03\\\/kateryna-hliznitsova-P0aErAaXDgI-unsplash-scaled.webp&quot;},{&quot;id&quot;:23393,&quot;url&quot;:&quot;https:\\\/\\\/nazarene.org\\\/wp-content\\\/uploads\\\/2025\\\/03\\\/unsplash-community-gw5ywBUZzA-unsplash-scaled.jpg&quot;},{&quot;id&quot;:23151,&quot;url&quot;:&quot;https:\\\/\\\/nazarene.org\\\/wp-content\\\/uploads\\\/2022\\\/10\\\/matheus-ferrero-TkrRvwxjb_8-unsplash-scaled.jpg&quot;},{&quot;id&quot;:22944,&quot;url&quot;:&quot;https:\\\/\\\/nazarene.org\\\/wp-content\\\/uploads\\\/2023\\\/09\\\/erika-giraud-4EFeD-VTgu4-unsplash-1-scaled.jpg&quot;},{&quot;id&quot;:22237,&quot;url&quot;:&quot;https:\\\/\\\/nazarene.org\\\/wp-content\\\/uploads\\\/2025\\\/03\\\/joel-muniz-y3ZY6qFln_g-unsplash-scaled.webp&quot;},{&quot;id&quot;:26711,&quot;url&quot;:&quot;https:\\\/\\\/nazarene.org\\\/wp-content\\\/uploads\\\/2025\\\/02\\\/rodolphe-heraud-FFExOsGckhE-unsplash.jpg&quot;},{&quot;id&quot;:1275,&quot;url&quot;:&quot;https:\\\/\\\/nazarene.org\\\/wp-content\\\/uploads\\\/2024\\\/06\\\/bradford-zak-T4N6nRmfHzw-unsplash.webp&quot;}],&quot;background_slideshow_slide_duration&quot;:10000,&quot;background_slideshow_ken_burns&quot;:&quot;yes&quot;,&quot;background_slideshow_ken_burns_zoom_direction&quot;:&quot;out&quot;,&quot;jet_parallax_layout_list&quot;:[],&quot;background_slideshow_loop&quot;:&quot;yes&quot;,&quot;background_slideshow_slide_transition&quot;:&quot;fade&quot;,&quot;background_slideshow_transition_duration&quot;:500}\">\n\t\t<div class=\"elementor-element elementor-element-57d6723 e-con-full e-flex e-con e-child\" data-id=\"57d6723\" data-element_type=\"container\" data-e-type=\"container\" data-settings=\"{&quot;jet_parallax_layout_list&quot;:[]}\">\n\t\t\t\t<div class=\"elementor-element elementor-element-0e61991 elementor-widget elementor-widget-html\" data-id=\"0e61991\" data-element_type=\"widget\" data-e-type=\"widget\" data-widget_type=\"html.default\">\n\t\t\t\t<div class=\"elementor-widget-container\">\n\t\t\t\t\t<div id=\"ww_f6b73cf1c6e2f\" v=\"1.3\" loc=\"id\" a=\"{\" t=\"\">Plus de pr\u00e9visions : <a href=\"https:\/\/oneweather.org\/new_york_city\/30_days\/\" id=\"ww_f6b73cf1c6e2f_u\" target=\"_blank\">Pr\u00e9visions m\u00e9t\u00e9orologiques \u00e0 30 jours NYC<\/a><\/div><script async=\"\" src=\"https:\/\/app3.weatherwidget.org\/js\/?id=ww_f6b73cf1c6e2f\"><\/script>\t\t\t\t<\/div>\n\t\t\t\t<\/div>\n\t\t\t\t<\/div>\n\t\t<div class=\"elementor-element elementor-element-4dcfd11 e-con-full e-flex e-con e-child\" data-id=\"4dcfd11\" data-element_type=\"container\" data-e-type=\"container\" data-settings=\"{&quot;jet_parallax_layout_list&quot;:[]}\">\n\t\t\t\t<div class=\"elementor-element elementor-element-85e678a elementor-widget elementor-widget-shortcode\" data-id=\"85e678a\" data-element_type=\"widget\" data-e-type=\"widget\" data-widget_type=\"shortcode.default\">\n\t\t\t\t<div class=\"elementor-widget-container\">\n\t\t\t\t\t\t\t<div class=\"elementor-shortcode\">\r\n<!-- Time and date display -->\r\n<div id=\"time\" class=\"time-style\"><\/div>\r\n<div id=\"date\" class=\"date-style\"><\/div>\r\n\r\n<style>\r\n    .time-style {\r\n        font-size: 3em;\r\n        font-weight: bold;\r\n        color: #FFFFFF;\r\n\t\ttext-align: center;\r\n    }\r\n    .date-style {\r\n        font-size: 1.25em;\r\n        font-weight: normal;\r\n        color: #F7F7F7;\r\n\t\ttext-align: center;\r\n\t\ttext-transform: uppercase;\r\n    }\r\n<\/style>\r\n\r\n<script>\r\n    const days = [\"Sunday\", \"Monday\", \"Tuesday\", \"Wednesday\", \"Thursday\", \"Friday\", \"Saturday\"];\r\n    const months = [\r\n        \"January\", \"February\", \"March\", \"April\", \"May\", \"June\",\r\n        \"July\", \"August\", \"September\", \"October\", \"November\", \"December\"\r\n    ];\r\n\r\n    let serverTime = new Date(\"2026-04-15 07:42:31\");\r\n\r\n    function updateClock() {\r\n        let dayName = days[serverTime.getDay()];\r\n        let monthName = months[serverTime.getMonth()];\r\n        let day = serverTime.getDate();\r\n        let year = serverTime.getFullYear();\r\n\r\n        let h = serverTime.getHours();\r\n        let m = serverTime.getMinutes();\r\n        let session = \"AM\";\r\n\r\n        if (h == 0) {\r\n            h = 12;\r\n        } else if (h > 12) {\r\n            h -= 12;\r\n            session = \"PM\";\r\n        }\r\n\r\n        h = (h < 10) ? \"0\" + h : h;\r\n        m = (m < 10) ? \"0\" + m : m;\r\n        day = (day < 10) ? \"0\" + day : day;\r\n\r\n        const dateString = `${dayName}, ${monthName} ${day}, ${year}`;\r\n        const timeString = `${h}:${m} ${session}`;\r\n\r\n        document.getElementById(\"time\").innerHTML = timeString;\r\n        document.getElementById(\"date\").innerHTML = dateString;\r\n\r\n        serverTime.setSeconds(serverTime.getSeconds() + 1);\r\n    }\r\n\r\n    setInterval(updateClock, 1000);\r\n    updateClock();\r\n<\/script>\r\n<\/div>\n\t\t\t\t\t\t<\/div>\n\t\t\t\t<\/div>\n\t\t\t\t<\/div>\n\t\t<div class=\"elementor-element elementor-element-4eda935 e-con-full e-flex e-con e-child\" data-id=\"4eda935\" data-element_type=\"container\" data-e-type=\"container\" data-settings=\"{&quot;jet_parallax_layout_list&quot;:[]}\">\n\t\t<div class=\"elementor-element elementor-element-e5abeaf e-con-full e-flex e-con e-child\" data-id=\"e5abeaf\" data-element_type=\"container\" data-e-type=\"container\" data-settings=\"{&quot;jet_parallax_layout_list&quot;:[]}\">\n\t\t<div class=\"elementor-element elementor-element-937c7e1 e-con-full e-flex e-con e-child\" data-id=\"937c7e1\" data-element_type=\"container\" data-e-type=\"container\" data-settings=\"{&quot;jet_parallax_layout_list&quot;:[],&quot;background_background&quot;:&quot;classic&quot;}\">\n\t\t\t\t<\/div>\n\t\t<div class=\"elementor-element elementor-element-8c716ff e-con-full e-flex e-con e-child\" data-id=\"8c716ff\" data-element_type=\"container\" data-e-type=\"container\" data-settings=\"{&quot;jet_parallax_layout_list&quot;:[]}\">\n\t\t\t\t<div class=\"elementor-element elementor-element-8c28c52 elementor-widget elementor-widget-heading\" data-id=\"8c28c52\" data-element_type=\"widget\" data-e-type=\"widget\" data-widget_type=\"heading.default\">\n\t\t\t\t<div class=\"elementor-widget-container\">\n\t\t\t\t\t<h6 class=\"elementor-heading-title elementor-size-default\">Missions mondiales<\/h6>\t\t\t\t<\/div>\n\t\t\t\t<\/div>\n\t\t\t\t<\/div>\n\t\t\t\t<\/div>\n\t\t<div class=\"elementor-element elementor-element-a8f93af e-con-full e-flex e-con e-child\" data-id=\"a8f93af\" data-element_type=\"container\" data-e-type=\"container\" data-settings=\"{&quot;jet_parallax_layout_list&quot;:[]}\">\n\t\t<div class=\"elementor-element elementor-element-df96dae e-con-full e-flex e-con e-child\" data-id=\"df96dae\" data-element_type=\"container\" data-e-type=\"container\" data-settings=\"{&quot;jet_parallax_layout_list&quot;:[],&quot;background_background&quot;:&quot;classic&quot;}\">\n\t\t\t\t<\/div>\n\t\t<div class=\"elementor-element elementor-element-cfc6677 e-con-full e-flex e-con e-child\" data-id=\"cfc6677\" data-element_type=\"container\" data-e-type=\"container\" data-settings=\"{&quot;jet_parallax_layout_list&quot;:[]}\">\n\t\t\t\t<div class=\"elementor-element elementor-element-95e3ed0 elementor-widget elementor-widget-heading\" data-id=\"95e3ed0\" data-element_type=\"widget\" data-e-type=\"widget\" data-widget_type=\"heading.default\">\n\t\t\t\t<div class=\"elementor-widget-container\">\n\t\t\t\t\t<h6 class=\"elementor-heading-title elementor-size-default\">Impact mondial<\/h6>\t\t\t\t<\/div>\n\t\t\t\t<\/div>\n\t\t\t\t<\/div>\n\t\t\t\t<\/div>\n\t\t<div class=\"elementor-element elementor-element-24aab67 e-con-full e-flex e-con e-child\" data-id=\"24aab67\" data-element_type=\"container\" data-e-type=\"container\" data-settings=\"{&quot;jet_parallax_layout_list&quot;:[]}\">\n\t\t<div class=\"elementor-element elementor-element-25c8076 e-con-full e-flex e-con e-child\" data-id=\"25c8076\" data-element_type=\"container\" data-e-type=\"container\" data-settings=\"{&quot;jet_parallax_layout_list&quot;:[],&quot;background_background&quot;:&quot;classic&quot;}\">\n\t\t\t\t<\/div>\n\t\t<div class=\"elementor-element elementor-element-a9d2f55 e-con-full e-flex e-con e-child\" data-id=\"a9d2f55\" data-element_type=\"container\" data-e-type=\"container\" data-settings=\"{&quot;jet_parallax_layout_list&quot;:[]}\">\n\t\t\t\t<div class=\"elementor-element elementor-element-1681573 elementor-widget elementor-widget-heading\" data-id=\"1681573\" data-element_type=\"widget\" data-e-type=\"widget\" data-widget_type=\"heading.default\">\n\t\t\t\t<div class=\"elementor-widget-container\">\n\t\t\t\t\t<h6 class=\"elementor-heading-title elementor-size-default\">Envoyez-moi<\/h6>\t\t\t\t<\/div>\n\t\t\t\t<\/div>\n\t\t\t\t<\/div>\n\t\t\t\t<\/div>\n\t\t<div class=\"elementor-element elementor-element-60c5378 e-con-full e-flex e-con e-child\" data-id=\"60c5378\" data-element_type=\"container\" data-e-type=\"container\" data-settings=\"{&quot;jet_parallax_layout_list&quot;:[]}\">\n\t\t<div class=\"elementor-element elementor-element-509120d e-con-full e-flex e-con e-child\" data-id=\"509120d\" data-element_type=\"container\" data-e-type=\"container\" data-settings=\"{&quot;jet_parallax_layout_list&quot;:[],&quot;background_background&quot;:&quot;classic&quot;}\">\n\t\t\t\t<\/div>\n\t\t<div class=\"elementor-element elementor-element-317e540 e-con-full e-flex e-con e-child\" data-id=\"317e540\" data-element_type=\"container\" data-e-type=\"container\" data-settings=\"{&quot;jet_parallax_layout_list&quot;:[]}\">\n\t\t\t\t<div class=\"elementor-element elementor-element-699ac21 elementor-widget elementor-widget-heading\" data-id=\"699ac21\" data-element_type=\"widget\" data-e-type=\"widget\" data-widget_type=\"heading.default\">\n\t\t\t\t<div class=\"elementor-widget-container\">\n\t\t\t\t\t<h6 class=\"elementor-heading-title elementor-size-default\">Profils missionnaires<\/h6>\t\t\t\t<\/div>\n\t\t\t\t<\/div>\n\t\t\t\t<\/div>\n\t\t\t\t<\/div>\n\t\t<div class=\"elementor-element elementor-element-9d94ad9 e-con-full e-flex e-con e-child\" data-id=\"9d94ad9\" data-element_type=\"container\" data-e-type=\"container\" data-settings=\"{&quot;jet_parallax_layout_list&quot;:[]}\">\n\t\t<div class=\"elementor-element elementor-element-f193130 e-con-full e-flex e-con e-child\" data-id=\"f193130\" data-element_type=\"container\" data-e-type=\"container\" data-settings=\"{&quot;jet_parallax_layout_list&quot;:[],&quot;background_background&quot;:&quot;classic&quot;}\">\n\t\t\t\t<\/div>\n\t\t<div class=\"elementor-element elementor-element-934521f e-con-full e-flex e-con e-child\" data-id=\"934521f\" data-element_type=\"container\" data-e-type=\"container\" data-settings=\"{&quot;jet_parallax_layout_list&quot;:[]}\">\n\t\t\t\t<div class=\"elementor-element elementor-element-26f79e8 elementor-widget elementor-widget-heading\" data-id=\"26f79e8\" data-element_type=\"widget\" data-e-type=\"widget\" data-widget_type=\"heading.default\">\n\t\t\t\t<div class=\"elementor-widget-container\">\n\t\t\t\t\t<h6 class=\"elementor-heading-title elementor-size-default\">Opportunit\u00e9s<\/h6>\t\t\t\t<\/div>\n\t\t\t\t<\/div>\n\t\t\t\t<\/div>\n\t\t\t\t<\/div>\n\t\t\t\t<\/div>\n\t\t\t\t<\/div>\n\t\t\t\t<\/div>\n\t\t","protected":false},"excerpt":{"rendered":"<p>Plus de pr\u00e9visions : Pr\u00e9visions m\u00e9t\u00e9orologiques \u00e0 30 jours NYC Missions mondiales Impact mondial Envoyez-moi Profils missionnaires Opportunit\u00e9s<\/p>\n","protected":false},"author":1,"featured_media":0,"parent":0,"menu_order":0,"comment_status":"closed","ping_status":"closed","template":"","meta":{"content-type":"","_jet_sm_ready_style":"","_jet_sm_style":"","_jet_sm_controls_values":"","_jet_sm_fonts_collection":"","_jet_sm_fonts_links":"","footnotes":""},"class_list":["post-38286","page","type-page","status-publish","hentry"],"yoast_head":"<!-- This site is optimized with the Yoast SEO Premium plugin v27.1 (Yoast SEO v27.1.1) - https:\/\/yoast.com\/product\/yoast-seo-premium-wordpress\/ -->\n<title>Kiosque - Church of the Nazarene<\/title>\n<meta name=\"robots\" content=\"index, follow, max-snippet:-1, max-image-preview:large, max-video-preview:-1\" \/>\n<link rel=\"canonical\" href=\"https:\/\/nazarene.org\/fr\/kiosque\/\" \/>\n<meta property=\"og:locale\" content=\"fr_FR\" \/>\n<meta property=\"og:type\" content=\"article\" \/>\n<meta property=\"og:title\" content=\"Kiosque\" \/>\n<meta property=\"og:description\" content=\"Plus de pr\u00e9visions : Pr\u00e9visions m\u00e9t\u00e9orologiques \u00e0 30 jours NYC Missions mondiales Impact mondial Envoyez-moi Profils missionnaires Opportunit\u00e9s\" \/>\n<meta property=\"og:url\" content=\"https:\/\/nazarene.org\/fr\/kiosque\/\" \/>\n<meta property=\"og:site_name\" content=\"Church of the Nazarene\" \/>\n<meta property=\"article:publisher\" content=\"https:\/\/www.facebook.com\/NazareneOfficial\/\" \/>\n<meta property=\"article:modified_time\" content=\"2025-06-10T00:33:34+00:00\" \/>\n<meta name=\"twitter:card\" content=\"summary_large_image\" \/>\n<meta name=\"twitter:site\" content=\"@Nazarene\" \/>\n<script type=\"application\/ld+json\" class=\"yoast-schema-graph\">{\"@context\":\"https:\/\/schema.org\",\"@graph\":[{\"@type\":\"WebPage\",\"@id\":\"https:\/\/nazarene.org\/fr\/kiosque\/\",\"url\":\"https:\/\/nazarene.org\/fr\/kiosque\/\",\"name\":\"Kiosque - Church of the Nazarene\",\"isPartOf\":{\"@id\":\"https:\/\/nazarene.org\/fr\/#website\"},\"datePublished\":\"2025-04-02T06:02:53+00:00\",\"dateModified\":\"2025-06-10T00:33:34+00:00\",\"breadcrumb\":{\"@id\":\"https:\/\/nazarene.org\/fr\/kiosque\/#breadcrumb\"},\"inLanguage\":\"fr-FR\",\"potentialAction\":[{\"@type\":\"ReadAction\",\"target\":[\"https:\/\/nazarene.org\/fr\/kiosque\/\"]}]},{\"@type\":\"BreadcrumbList\",\"@id\":\"https:\/\/nazarene.org\/fr\/kiosque\/#breadcrumb\",\"itemListElement\":[{\"@type\":\"ListItem\",\"position\":1,\"name\":\"Home\",\"item\":\"https:\/\/nazarene.org\/fr\/\"},{\"@type\":\"ListItem\",\"position\":2,\"name\":\"Kiosque\"}]},{\"@type\":\"WebSite\",\"@id\":\"https:\/\/nazarene.org\/fr\/#website\",\"url\":\"https:\/\/nazarene.org\/fr\/\",\"name\":\"Church of the Nazarene\",\"description\":\"Making Christlike Disciples in the Nations\",\"publisher\":{\"@id\":\"https:\/\/nazarene.org\/fr\/#organization\"},\"potentialAction\":[{\"@type\":\"SearchAction\",\"target\":{\"@type\":\"EntryPoint\",\"urlTemplate\":\"https:\/\/nazarene.org\/fr\/?s={search_term_string}\"},\"query-input\":{\"@type\":\"PropertyValueSpecification\",\"valueRequired\":true,\"valueName\":\"search_term_string\"}}],\"inLanguage\":\"fr-FR\"},{\"@type\":\"Organization\",\"@id\":\"https:\/\/nazarene.org\/fr\/#organization\",\"name\":\"Church of the Nazarene\",\"url\":\"https:\/\/nazarene.org\/fr\/\",\"logo\":{\"@type\":\"ImageObject\",\"inLanguage\":\"fr-FR\",\"@id\":\"https:\/\/nazarene.org\/fr\/#\/schema\/logo\/image\/\",\"url\":\"https:\/\/nazarene.org\/wp-content\/uploads\/2024\/06\/Naz_Desktop_Black_Logo-1.svg\",\"contentUrl\":\"https:\/\/nazarene.org\/wp-content\/uploads\/2024\/06\/Naz_Desktop_Black_Logo-1.svg\",\"width\":258,\"height\":36,\"caption\":\"Church of the Nazarene\"},\"image\":{\"@id\":\"https:\/\/nazarene.org\/fr\/#\/schema\/logo\/image\/\"},\"sameAs\":[\"https:\/\/www.facebook.com\/NazareneOfficial\/\",\"https:\/\/x.com\/Nazarene\",\"https:\/\/www.instagram.com\/nazareneofficial\/\"]}]}<\/script>\n<!-- \/ Yoast SEO Premium plugin. -->","yoast_head_json":{"title":"Kiosque - Church of the Nazarene","robots":{"index":"index","follow":"follow","max-snippet":"max-snippet:-1","max-image-preview":"max-image-preview:large","max-video-preview":"max-video-preview:-1"},"canonical":"https:\/\/nazarene.org\/fr\/kiosque\/","og_locale":"fr_FR","og_type":"article","og_title":"Kiosque","og_description":"Plus de pr\u00e9visions : Pr\u00e9visions m\u00e9t\u00e9orologiques \u00e0 30 jours NYC Missions mondiales Impact mondial Envoyez-moi Profils missionnaires Opportunit\u00e9s","og_url":"https:\/\/nazarene.org\/fr\/kiosque\/","og_site_name":"Church of the Nazarene","article_publisher":"https:\/\/www.facebook.com\/NazareneOfficial\/","article_modified_time":"2025-06-10T00:33:34+00:00","twitter_card":"summary_large_image","twitter_site":"@Nazarene","schema":{"@context":"https:\/\/schema.org","@graph":[{"@type":"WebPage","@id":"https:\/\/nazarene.org\/fr\/kiosque\/","url":"https:\/\/nazarene.org\/fr\/kiosque\/","name":"Kiosque - Church of the Nazarene","isPartOf":{"@id":"https:\/\/nazarene.org\/fr\/#website"},"datePublished":"2025-04-02T06:02:53+00:00","dateModified":"2025-06-10T00:33:34+00:00","breadcrumb":{"@id":"https:\/\/nazarene.org\/fr\/kiosque\/#breadcrumb"},"inLanguage":"fr-FR","potentialAction":[{"@type":"ReadAction","target":["https:\/\/nazarene.org\/fr\/kiosque\/"]}]},{"@type":"BreadcrumbList","@id":"https:\/\/nazarene.org\/fr\/kiosque\/#breadcrumb","itemListElement":[{"@type":"ListItem","position":1,"name":"Home","item":"https:\/\/nazarene.org\/fr\/"},{"@type":"ListItem","position":2,"name":"Kiosque"}]},{"@type":"WebSite","@id":"https:\/\/nazarene.org\/fr\/#website","url":"https:\/\/nazarene.org\/fr\/","name":"Church of the Nazarene","description":"Making Christlike Disciples in the Nations","publisher":{"@id":"https:\/\/nazarene.org\/fr\/#organization"},"potentialAction":[{"@type":"SearchAction","target":{"@type":"EntryPoint","urlTemplate":"https:\/\/nazarene.org\/fr\/?s={search_term_string}"},"query-input":{"@type":"PropertyValueSpecification","valueRequired":true,"valueName":"search_term_string"}}],"inLanguage":"fr-FR"},{"@type":"Organization","@id":"https:\/\/nazarene.org\/fr\/#organization","name":"Church of the Nazarene","url":"https:\/\/nazarene.org\/fr\/","logo":{"@type":"ImageObject","inLanguage":"fr-FR","@id":"https:\/\/nazarene.org\/fr\/#\/schema\/logo\/image\/","url":"https:\/\/nazarene.org\/wp-content\/uploads\/2024\/06\/Naz_Desktop_Black_Logo-1.svg","contentUrl":"https:\/\/nazarene.org\/wp-content\/uploads\/2024\/06\/Naz_Desktop_Black_Logo-1.svg","width":258,"height":36,"caption":"Church of the Nazarene"},"image":{"@id":"https:\/\/nazarene.org\/fr\/#\/schema\/logo\/image\/"},"sameAs":["https:\/\/www.facebook.com\/NazareneOfficial\/","https:\/\/x.com\/Nazarene","https:\/\/www.instagram.com\/nazareneofficial\/"]}]}},"_links":{"self":[{"href":"https:\/\/nazarene.org\/fr\/wp-json\/wp\/v2\/pages\/38286","targetHints":{"allow":["GET"]}}],"collection":[{"href":"https:\/\/nazarene.org\/fr\/wp-json\/wp\/v2\/pages"}],"about":[{"href":"https:\/\/nazarene.org\/fr\/wp-json\/wp\/v2\/types\/page"}],"author":[{"embeddable":true,"href":"https:\/\/nazarene.org\/fr\/wp-json\/wp\/v2\/users\/1"}],"replies":[{"embeddable":true,"href":"https:\/\/nazarene.org\/fr\/wp-json\/wp\/v2\/comments?post=38286"}],"version-history":[{"count":0,"href":"https:\/\/nazarene.org\/fr\/wp-json\/wp\/v2\/pages\/38286\/revisions"}],"wp:attachment":[{"href":"https:\/\/nazarene.org\/fr\/wp-json\/wp\/v2\/media?parent=38286"}],"curies":[{"name":"wp","href":"https:\/\/api.w.org\/{rel}","templated":true}]}}