{"id":38167,"date":"2025-05-23T14:35:57","date_gmt":"2025-05-23T19:35:57","guid":{"rendered":"https:\/\/nazarene.org\/mobilisation-explorer\/"},"modified":"2025-06-09T19:05:46","modified_gmt":"2025-06-10T00:05:46","slug":"mobilisation-explorer","status":"publish","type":"page","link":"https:\/\/nazarene.org\/fr\/missions-mondiales-2\/mobilisation-explorer\/","title":{"rendered":"Mobilisation Explorer"},"content":{"rendered":"\t\t<div data-elementor-type=\"wp-page\" data-elementor-id=\"38167\" class=\"elementor elementor-38167 elementor-36347\" data-elementor-post-type=\"page\">\n\t\t\t\t<div class=\"elementor-element elementor-element-3afea2b e-flex e-con-boxed e-con e-parent\" data-id=\"3afea2b\" data-element_type=\"container\" data-e-type=\"container\" data-settings=\"{&quot;background_background&quot;:&quot;classic&quot;,&quot;jet_parallax_layout_list&quot;:[]}\">\n\t\t\t\t\t<div class=\"e-con-inner\">\n\t\t\t\t<div class=\"elementor-element elementor-element-d4ac1ba elementor-widget elementor-widget-heading\" data-id=\"d4ac1ba\" data-element_type=\"widget\" data-e-type=\"widget\" data-widget_type=\"heading.default\">\n\t\t\t\t<div class=\"elementor-widget-container\">\n\t\t\t\t\t<h1 class=\"elementor-heading-title elementor-size-default\">Mobilisation Explorer<\/h1>\t\t\t\t<\/div>\n\t\t\t\t<\/div>\n\t\t\t\t<div class=\"elementor-element elementor-element-25ce95e elementor-widget-divider--view-line elementor-widget elementor-widget-divider\" data-id=\"25ce95e\" data-element_type=\"widget\" data-e-type=\"widget\" data-widget_type=\"divider.default\">\n\t\t\t\t<div class=\"elementor-widget-container\">\n\t\t\t\t\t\t\t<div class=\"elementor-divider\">\n\t\t\t<span class=\"elementor-divider-separator\">\n\t\t\t\t\t\t<\/span>\n\t\t<\/div>\n\t\t\t\t\t\t<\/div>\n\t\t\t\t<\/div>\n\t\t\t\t<div class=\"elementor-element elementor-element-832d92a elementor-widget__width-initial elementor-widget elementor-widget-text-editor\" data-id=\"832d92a\" data-element_type=\"widget\" data-e-type=\"widget\" data-widget_type=\"text-editor.default\">\n\t\t\t\t<div class=\"elementor-widget-container\">\n\t\t\t\t\t\t\t\t\t<p>Un \u00e9v\u00e9nement con\u00e7u pour vous aider \u00e0 explorer votre appel et vous \u00e9quiper pour le service missionnaire.<\/p>\t\t\t\t\t\t\t\t<\/div>\n\t\t\t\t<\/div>\n\t\t\t\t\t<\/div>\n\t\t\t\t<\/div>\n\t\t<div class=\"elementor-element elementor-element-b3820bb e-flex e-con-boxed e-con e-parent\" data-id=\"b3820bb\" data-element_type=\"container\" data-e-type=\"container\" data-settings=\"{&quot;background_background&quot;:&quot;classic&quot;,&quot;jet_parallax_layout_list&quot;:[]}\">\n\t\t\t\t\t<div class=\"e-con-inner\">\n\t\t<div class=\"elementor-element elementor-element-875aa3b e-con-full e-flex e-con e-child\" data-id=\"875aa3b\" data-element_type=\"container\" data-e-type=\"container\" data-settings=\"{&quot;jet_parallax_layout_list&quot;:[]}\">\n\t\t<div class=\"elementor-element elementor-element-29015e3 e-con-full e-flex e-con e-child\" data-id=\"29015e3\" data-element_type=\"container\" data-e-type=\"container\" data-settings=\"{&quot;jet_parallax_layout_list&quot;:[]}\">\n\t\t<div class=\"elementor-element elementor-element-ebe2d08 e-con-full e-flex e-con e-child\" data-id=\"ebe2d08\" data-element_type=\"container\" data-e-type=\"container\" data-settings=\"{&quot;jet_parallax_layout_list&quot;:[],&quot;background_background&quot;:&quot;classic&quot;}\">\n\t\t<div class=\"elementor-element elementor-element-63e89d4 e-con-full e-flex e-con e-child\" data-id=\"63e89d4\" data-element_type=\"container\" data-e-type=\"container\" data-settings=\"{&quot;jet_parallax_layout_list&quot;:[],&quot;background_background&quot;:&quot;classic&quot;}\">\n\t\t<div class=\"elementor-element elementor-element-6b2f27c e-con-full e-flex e-con e-child\" data-id=\"6b2f27c\" data-element_type=\"container\" data-e-type=\"container\" data-settings=\"{&quot;jet_parallax_layout_list&quot;:[]}\">\n\t\t\t\t<div class=\"elementor-element elementor-element-f682f9f elementor-widget elementor-widget-heading\" data-id=\"f682f9f\" data-element_type=\"widget\" data-e-type=\"widget\" data-widget_type=\"heading.default\">\n\t\t\t\t<div class=\"elementor-widget-container\">\n\t\t\t\t\t<h2 class=\"elementor-heading-title elementor-size-default\">S'INSCRIRE POUR UN \u00c9V\u00c9NEMENT\n\n<\/h2>\t\t\t\t<\/div>\n\t\t\t\t<\/div>\n\t\t\t\t<div class=\"elementor-element elementor-element-d638929 elementor-widget elementor-widget-text-editor\" data-id=\"d638929\" data-element_type=\"widget\" data-e-type=\"widget\" data-widget_type=\"text-editor.default\">\n\t\t\t\t<div class=\"elementor-widget-container\">\n\t\t\t\t\t\t\t\t\t<p>Trouvez un \u00e9v\u00e9nement Explorer \u00e0 venir (pr\u00e9c\u00e9demment appel\u00e9 Orientation interculturelle) pr\u00e8s de vous et r\u00e9servez votre place aujourd&rsquo;hui.<\/p>\t\t\t\t\t\t\t\t<\/div>\n\t\t\t\t<\/div>\n\t\t\t\t<\/div>\n\t\t\t\t<div class=\"elementor-element elementor-element-4984ecd elementor-widget elementor-widget-button\" data-id=\"4984ecd\" data-element_type=\"widget\" data-e-type=\"widget\" data-widget_type=\"button.default\">\n\t\t\t\t<div class=\"elementor-widget-container\">\n\t\t\t\t\t\t\t\t\t<div class=\"elementor-button-wrapper\">\n\t\t\t\t\t<a class=\"elementor-button elementor-button-link elementor-size-sm\" href=\"https:\/\/nazarene.org\/who-we-are\/organization\/ministries\/global-missions\/send-me\/explore\" target=\"_blank\">\n\t\t\t\t\t\t<span class=\"elementor-button-content-wrapper\">\n\t\t\t\t\t\t<span class=\"elementor-button-icon\">\n\t\t\t\t<svg aria-hidden=\"true\" class=\"e-font-icon-svg e-fas-arrow-right\" viewBox=\"0 0 448 512\" xmlns=\"http:\/\/www.w3.org\/2000\/svg\"><path d=\"M190.5 66.9l22.2-22.2c9.4-9.4 24.6-9.4 33.9 0L441 239c9.4 9.4 9.4 24.6 0 33.9L246.6 467.3c-9.4 9.4-24.6 9.4-33.9 0l-22.2-22.2c-9.5-9.5-9.3-25 .4-34.3L311.4 296H24c-13.3 0-24-10.7-24-24v-32c0-13.3 10.7-24 24-24h287.4L190.9 101.2c-9.8-9.3-10-24.8-.4-34.3z\"><\/path><\/svg>\t\t\t<\/span>\n\t\t\t\t\t\t\t\t\t<span class=\"elementor-button-text\">REGISTRER<\/span>\n\t\t\t\t\t<\/span>\n\t\t\t\t\t<\/a>\n\t\t\t\t<\/div>\n\t\t\t\t\t\t\t\t<\/div>\n\t\t\t\t<\/div>\n\t\t\t\t<\/div>\n\t\t\t\t<\/div>\n\t\t<div class=\"elementor-element elementor-element-78201bc e-con-full e-flex e-con e-child\" data-id=\"78201bc\" data-element_type=\"container\" data-e-type=\"container\" data-settings=\"{&quot;jet_parallax_layout_list&quot;:[],&quot;background_background&quot;:&quot;classic&quot;}\">\n\t\t<div class=\"elementor-element elementor-element-8924e57 e-con-full e-flex e-con e-child\" data-id=\"8924e57\" data-element_type=\"container\" data-e-type=\"container\" data-settings=\"{&quot;jet_parallax_layout_list&quot;:[],&quot;background_background&quot;:&quot;classic&quot;}\">\n\t\t<div class=\"elementor-element elementor-element-1c557dd e-con-full e-flex e-con e-child\" data-id=\"1c557dd\" data-element_type=\"container\" data-e-type=\"container\" data-settings=\"{&quot;jet_parallax_layout_list&quot;:[]}\">\n\t\t\t\t<div class=\"elementor-element elementor-element-7b5749d elementor-widget elementor-widget-heading\" data-id=\"7b5749d\" data-element_type=\"widget\" data-e-type=\"widget\" data-widget_type=\"heading.default\">\n\t\t\t\t<div class=\"elementor-widget-container\">\n\t\t\t\t\t<h2 class=\"elementor-heading-title elementor-size-default\">ASSISTER \u00c0 L'\u00c9V\u00c9NEMENT<\/h2>\t\t\t\t<\/div>\n\t\t\t\t<\/div>\n\t\t\t\t<div class=\"elementor-element elementor-element-1700e8e elementor-widget elementor-widget-text-editor\" data-id=\"1700e8e\" data-element_type=\"widget\" data-e-type=\"widget\" data-widget_type=\"text-editor.default\">\n\t\t\t\t<div class=\"elementor-widget-container\">\n\t\t\t\t\t\t\t\t\t<div class=\"block__wysiwyg\" data-layout-content-preview-placeholder-label=\"\" title=\"\" block=\"\"><div class=\"styles-wrapper-7d67fe0d-6b68-4224-bf36-8c25f554f991\"><section class=\"wysiwyg\"><div class=\"wysiwyg__content border\"><div class=\"flex-container flex-wrap\"><div><p>Rencontrez des missionnaires et des leaders de mission qui vous aideront \u00e0 guider pendant votre voyage.<\/p><\/div><\/div><\/div><\/section><\/div><\/div>\t\t\t\t\t\t\t\t<\/div>\n\t\t\t\t<\/div>\n\t\t\t\t<\/div>\n\t\t\t\t<\/div>\n\t\t\t\t<\/div>\n\t\t<div class=\"elementor-element elementor-element-2fca1c8 e-con-full e-flex e-con e-child\" data-id=\"2fca1c8\" data-element_type=\"container\" data-e-type=\"container\" data-settings=\"{&quot;jet_parallax_layout_list&quot;:[],&quot;background_background&quot;:&quot;classic&quot;}\">\n\t\t<div class=\"elementor-element elementor-element-1f297a9 e-con-full e-flex e-con e-child\" data-id=\"1f297a9\" data-element_type=\"container\" data-e-type=\"container\" data-settings=\"{&quot;jet_parallax_layout_list&quot;:[],&quot;background_background&quot;:&quot;classic&quot;}\">\n\t\t<div class=\"elementor-element elementor-element-6d0a06b e-con-full e-flex e-con e-child\" data-id=\"6d0a06b\" data-element_type=\"container\" data-e-type=\"container\" data-settings=\"{&quot;jet_parallax_layout_list&quot;:[]}\">\n\t\t\t\t<div class=\"elementor-element elementor-element-129b82c elementor-widget elementor-widget-heading\" data-id=\"129b82c\" data-element_type=\"widget\" data-e-type=\"widget\" data-widget_type=\"heading.default\">\n\t\t\t\t<div class=\"elementor-widget-container\">\n\t\t\t\t\t<h2 class=\"elementor-heading-title elementor-size-default\">PR\u00c9PARER<\/h2>\t\t\t\t<\/div>\n\t\t\t\t<\/div>\n\t\t\t\t<div class=\"elementor-element elementor-element-ce50596 elementor-widget elementor-widget-text-editor\" data-id=\"ce50596\" data-element_type=\"widget\" data-e-type=\"widget\" data-widget_type=\"text-editor.default\">\n\t\t\t\t<div class=\"elementor-widget-container\">\n\t\t\t\t\t\t\t\t\t<div class=\"block__wysiwyg\" data-layout-content-preview-placeholder-label=\"\" title=\"\" block=\"\"><div class=\"styles-wrapper-fa666082-544a-4fc9-9d9c-f88c187511a3\"><section class=\"wysiwyg\"><div class=\"wysiwyg__content border\"><div class=\"flex-container flex-wrap\"><div><p>Recevoir un plan de d\u00e9veloppement personnalis\u00e9 pour vous aider \u00e0 vous \u00e9quiper pour un minist\u00e8re efficace.<\/p><\/div><\/div><\/div><\/section><\/div><\/div>\t\t\t\t\t\t\t\t<\/div>\n\t\t\t\t<\/div>\n\t\t\t\t<\/div>\n\t\t\t\t<\/div>\n\t\t\t\t<\/div>\n\t\t\t\t<\/div>\n\t\t\t\t<\/div>\n\t\t\t\t\t<\/div>\n\t\t\t\t<\/div>\n\t\t<div class=\"elementor-element elementor-element-fa4a2e5 e-flex e-con-boxed e-con e-parent\" data-id=\"fa4a2e5\" data-element_type=\"container\" data-e-type=\"container\" data-settings=\"{&quot;background_background&quot;:&quot;classic&quot;,&quot;jet_parallax_layout_list&quot;:[]}\">\n\t\t\t\t\t<div class=\"e-con-inner\">\n\t\t<div class=\"elementor-element elementor-element-2e0fef6 e-flex e-con-boxed e-con e-child\" data-id=\"2e0fef6\" data-element_type=\"container\" data-e-type=\"container\" data-settings=\"{&quot;jet_parallax_layout_list&quot;:[]}\">\n\t\t\t\t\t<div class=\"e-con-inner\">\n\t\t<div class=\"elementor-element elementor-element-2d4d3ff e-con-full e-flex e-con e-child\" data-id=\"2d4d3ff\" data-element_type=\"container\" data-e-type=\"container\" data-settings=\"{&quot;jet_parallax_layout_list&quot;:[]}\">\n\t\t\t\t<div class=\"elementor-element elementor-element-13ed142 elementor-widget elementor-widget-heading\" data-id=\"13ed142\" data-element_type=\"widget\" data-e-type=\"widget\" data-widget_type=\"heading.default\">\n\t\t\t\t<div class=\"elementor-widget-container\">\n\t\t\t\t\t<h3 class=\"elementor-heading-title elementor-size-default\">Ce que vous pouvez ATTENDRE \u00e0 EXPLORER<\/h3>\t\t\t\t<\/div>\n\t\t\t\t<\/div>\n\t\t\t\t<\/div>\n\t\t\t\t<div class=\"elementor-element elementor-element-31fda61 elementor-widget-divider--view-line elementor-widget elementor-widget-divider\" data-id=\"31fda61\" data-element_type=\"widget\" data-e-type=\"widget\" data-widget_type=\"divider.default\">\n\t\t\t\t<div class=\"elementor-widget-container\">\n\t\t\t\t\t\t\t<div class=\"elementor-divider\">\n\t\t\t<span class=\"elementor-divider-separator\">\n\t\t\t\t\t\t<\/span>\n\t\t<\/div>\n\t\t\t\t\t\t<\/div>\n\t\t\t\t<\/div>\n\t\t\t\t<div class=\"elementor-element elementor-element-617d8e8 elementor-widget__width-initial elementor-widget elementor-widget-text-editor\" data-id=\"617d8e8\" data-element_type=\"widget\" data-e-type=\"widget\" data-widget_type=\"text-editor.default\">\n\t\t\t\t<div class=\"elementor-widget-container\">\n\t\t\t\t\t\t\t\t\t<p style=\"text-align: center;\"> Rencontrer avec des missionnaires nazar\u00e9ens exp\u00e9riment\u00e9s et des leaders de missions<\/p><p style=\"text-align: center;\"> Participer \u00e0 des exercices de construction de comp\u00e9tences missionnaires<\/p><p style=\"text-align: center;\"> D\u00e9couvrir des \u00e9l\u00e9ments cl\u00e9s \u00e0 un service missionnaire efficace<\/p><p style=\"text-align: center;\"> Se familiariser avec les missions dans l&rsquo;\u00c9glise du Nazar\u00e9en<\/p><p style=\"text-align: center;\"> En savoir plus sur les opportunit\u00e9s futures de service missionnaire<\/p><p style=\"text-align: center;\"> Recevoir les prochaines \u00e9tapes recommand\u00e9es pour votre voyage<\/p>\t\t\t\t\t\t\t\t<\/div>\n\t\t\t\t<\/div>\n\t\t\t\t\t<\/div>\n\t\t\t\t<\/div>\n\t\t\t\t\t<\/div>\n\t\t\t\t<\/div>\n\t\t<div class=\"elementor-element elementor-element-39f8f9e e-flex e-con-boxed e-con e-parent\" data-id=\"39f8f9e\" data-element_type=\"container\" data-e-type=\"container\" data-settings=\"{&quot;background_background&quot;:&quot;classic&quot;,&quot;jet_parallax_layout_list&quot;:[]}\">\n\t\t\t\t\t<div class=\"e-con-inner\">\n\t\t<div class=\"elementor-element elementor-element-e45487a e-con-full e-flex e-con e-child\" data-id=\"e45487a\" data-element_type=\"container\" data-e-type=\"container\" data-settings=\"{&quot;jet_parallax_layout_list&quot;:[],&quot;background_background&quot;:&quot;classic&quot;}\">\n\t\t\t\t<div class=\"elementor-element elementor-element-5e54c90 elementor-widget elementor-widget-heading\" data-id=\"5e54c90\" data-element_type=\"widget\" data-e-type=\"widget\" data-widget_type=\"heading.default\">\n\t\t\t\t<div class=\"elementor-widget-container\">\n\t\t\t\t\t<h3 class=\"elementor-heading-title elementor-size-default\">\u00c9v\u00e9nements d'explorer \u00e0 venir<\/h3>\t\t\t\t<\/div>\n\t\t\t\t<\/div>\n\t\t\t\t<div class=\"elementor-element elementor-element-66e1b9b elementor-widget-divider--view-line elementor-widget elementor-widget-divider\" data-id=\"66e1b9b\" data-element_type=\"widget\" data-e-type=\"widget\" data-widget_type=\"divider.default\">\n\t\t\t\t<div class=\"elementor-widget-container\">\n\t\t\t\t\t\t\t<div class=\"elementor-divider\">\n\t\t\t<span class=\"elementor-divider-separator\">\n\t\t\t\t\t\t<\/span>\n\t\t<\/div>\n\t\t\t\t\t\t<\/div>\n\t\t\t\t<\/div>\n\t\t\t\t<div class=\"elementor-element elementor-element-a9b2572 elementor-widget__width-initial elementor-widget elementor-widget-text-editor\" data-id=\"a9b2572\" data-element_type=\"widget\" data-e-type=\"widget\" data-widget_type=\"text-editor.default\">\n\t\t\t\t<div class=\"elementor-widget-container\">\n\t\t\t\t\t\t\t\t\t<p>En raison de la pand\u00e9mie de coronavirus en cours, nous avons suspendu nos \u00e9v\u00e9nements Explorer pour le temps \u00eatre. Veuillez garder un \u0153il ouvert pour les futurs \u00e9v\u00e9nements Explorer et contacter l&rsquo;\u00e9quipe d&rsquo;Engagement des missions mondiales avec toute question \u00e0 <a href=\"mailto:sendme@nazarene.org\" target=\"_blank\" rel=\"noopener\">sendme@nazarene.org<\/a>.<\/p>\t\t\t\t\t\t\t\t<\/div>\n\t\t\t\t<\/div>\n\t\t\t\t<\/div>\n\t\t<div class=\"elementor-element elementor-element-e52b0d9 e-con-full e-flex e-con e-child\" data-id=\"e52b0d9\" data-element_type=\"container\" data-e-type=\"container\" data-settings=\"{&quot;background_background&quot;:&quot;classic&quot;,&quot;jet_parallax_layout_list&quot;:[]}\">\n\t\t\t\t<div class=\"elementor-element elementor-element-5e664f2 elementor-widget__width-initial elementor-widget elementor-widget-heading\" data-id=\"5e664f2\" data-element_type=\"widget\" data-e-type=\"widget\" data-widget_type=\"heading.default\">\n\t\t\t\t<div class=\"elementor-widget-container\">\n\t\t\t\t\t<h2 class=\"elementor-heading-title elementor-size-default\">Assister \u00e0 Explorer \u00e9tait excitant parce que Dieu me parlait clairement. \"<\/h2>\t\t\t\t<\/div>\n\t\t\t\t<\/div>\n\t\t\t\t<div class=\"elementor-element elementor-element-c0c6bf8 elementor-widget elementor-widget-spacer\" data-id=\"c0c6bf8\" data-element_type=\"widget\" data-e-type=\"widget\" data-widget_type=\"spacer.default\">\n\t\t\t\t<div class=\"elementor-widget-container\">\n\t\t\t\t\t\t\t<div class=\"elementor-spacer\">\n\t\t\t<div class=\"elementor-spacer-inner\"><\/div>\n\t\t<\/div>\n\t\t\t\t\t\t<\/div>\n\t\t\t\t<\/div>\n\t\t\t\t<div class=\"elementor-element elementor-element-e1244d6 elementor-widget elementor-widget-text-editor\" data-id=\"e1244d6\" data-element_type=\"widget\" data-e-type=\"widget\" data-widget_type=\"text-editor.default\">\n\t\t\t\t<div class=\"elementor-widget-container\">\n\t\t\t\t\t\t\t\t\t<p>Je savais que je voulais servir de mani\u00e8re transculturelle, mais je ne savais pas o\u00f9 ou comment. L&rsquo;\u00e9quipe d&rsquo;Explorer \u00e9tait tr\u00e8s personnelle, ils ont \u00e9cout\u00e9, partag\u00e9 et ont pri\u00e9 avec moi ! Il n&rsquo;\u00e9tait pas difficile de se connecter, ils \u00e9taient vraiment authentiques et se souciaient de ce que Dieu faisait dans la vie de tout le monde qui a assist\u00e9 \u00e0 l&rsquo;\u00e9v\u00e9nement ! Assister \u00e0 Explorer \u00e9tait excitant parce que Dieu me parlait clairement. Depuis qu&rsquo;il a assist\u00e9, Dieu a ouvert les portes \u00e0 l&rsquo;endroit o\u00f9 il veut que j&rsquo;aille. Tamara B.<\/p>\t\t\t\t\t\t\t\t<\/div>\n\t\t\t\t<\/div>\n\t\t\t\t<\/div>\n\t\t\t\t\t<\/div>\n\t\t\t\t<\/div>\n\t\t\t\t<\/div>\n\t\t","protected":false},"excerpt":{"rendered":"<p>Mobilisation Explorer Un \u00e9v\u00e9nement con\u00e7u pour vous aider \u00e0 explorer votre appel et vous \u00e9quiper pour le service missionnaire. S&rsquo;INSCRIRE POUR UN \u00c9V\u00c9NEMENT Trouvez un \u00e9v\u00e9nement Explorer \u00e0 venir (pr\u00e9c\u00e9demment appel\u00e9 Orientation interculturelle) pr\u00e8s de vous et r\u00e9servez votre place aujourd&rsquo;hui. REGISTRER ASSISTER \u00c0 L&rsquo;\u00c9V\u00c9NEMENT Rencontrez des missionnaires et des leaders de mission qui vous [&hellip;]<\/p>\n","protected":false},"author":8,"featured_media":0,"parent":65321,"menu_order":0,"comment_status":"closed","ping_status":"closed","template":"","meta":{"content-type":"","_jet_sm_ready_style":"","_jet_sm_style":"","_jet_sm_controls_values":"","_jet_sm_fonts_collection":"","_jet_sm_fonts_links":"","footnotes":""},"class_list":["post-38167","page","type-page","status-publish","hentry"],"yoast_head":"<!-- This site is optimized with the Yoast SEO Premium plugin v27.1 (Yoast SEO v27.1.1) - https:\/\/yoast.com\/product\/yoast-seo-premium-wordpress\/ -->\n<title>Mobilisation Explorer - Church of the Nazarene<\/title>\n<meta name=\"robots\" content=\"index, follow, max-snippet:-1, max-image-preview:large, max-video-preview:-1\" \/>\n<link rel=\"canonical\" href=\"https:\/\/nazarene.org\/fr\/missions-mondiales-2\/mobilisation-explorer\/\" \/>\n<meta property=\"og:locale\" content=\"fr_FR\" \/>\n<meta property=\"og:type\" content=\"article\" \/>\n<meta property=\"og:title\" content=\"Mobilisation Explorer\" \/>\n<meta property=\"og:description\" content=\"Mobilisation Explorer Un \u00e9v\u00e9nement con\u00e7u pour vous aider \u00e0 explorer votre appel et vous \u00e9quiper pour le service missionnaire. S&rsquo;INSCRIRE POUR UN \u00c9V\u00c9NEMENT Trouvez un \u00e9v\u00e9nement Explorer \u00e0 venir (pr\u00e9c\u00e9demment appel\u00e9 Orientation interculturelle) pr\u00e8s de vous et r\u00e9servez votre place aujourd&rsquo;hui. REGISTRER ASSISTER \u00c0 L&rsquo;\u00c9V\u00c9NEMENT Rencontrez des missionnaires et des leaders de mission qui vous [&hellip;]\" \/>\n<meta property=\"og:url\" content=\"https:\/\/nazarene.org\/fr\/missions-mondiales-2\/mobilisation-explorer\/\" \/>\n<meta property=\"og:site_name\" content=\"Church of the Nazarene\" \/>\n<meta property=\"article:publisher\" content=\"https:\/\/www.facebook.com\/NazareneOfficial\/\" \/>\n<meta property=\"article:modified_time\" content=\"2025-06-10T00:05:46+00:00\" \/>\n<meta name=\"twitter:card\" content=\"summary_large_image\" \/>\n<meta name=\"twitter:site\" content=\"@Nazarene\" \/>\n<script type=\"application\/ld+json\" class=\"yoast-schema-graph\">{\"@context\":\"https:\/\/schema.org\",\"@graph\":[{\"@type\":\"WebPage\",\"@id\":\"https:\/\/nazarene.org\/fr\/missions-mondiales-2\/mobilisation-explorer\/\",\"url\":\"https:\/\/nazarene.org\/fr\/missions-mondiales-2\/mobilisation-explorer\/\",\"name\":\"Mobilisation Explorer - Church of the Nazarene\",\"isPartOf\":{\"@id\":\"https:\/\/nazarene.org\/fr\/#website\"},\"datePublished\":\"2025-05-23T19:35:57+00:00\",\"dateModified\":\"2025-06-10T00:05:46+00:00\",\"breadcrumb\":{\"@id\":\"https:\/\/nazarene.org\/fr\/missions-mondiales-2\/mobilisation-explorer\/#breadcrumb\"},\"inLanguage\":\"fr-FR\",\"potentialAction\":[{\"@type\":\"ReadAction\",\"target\":[\"https:\/\/nazarene.org\/fr\/missions-mondiales-2\/mobilisation-explorer\/\"]}]},{\"@type\":\"BreadcrumbList\",\"@id\":\"https:\/\/nazarene.org\/fr\/missions-mondiales-2\/mobilisation-explorer\/#breadcrumb\",\"itemListElement\":[{\"@type\":\"ListItem\",\"position\":1,\"name\":\"Home\",\"item\":\"https:\/\/nazarene.org\/fr\/\"},{\"@type\":\"ListItem\",\"position\":2,\"name\":\"Mobilisation Explorer\"}]},{\"@type\":\"WebSite\",\"@id\":\"https:\/\/nazarene.org\/fr\/#website\",\"url\":\"https:\/\/nazarene.org\/fr\/\",\"name\":\"Church of the Nazarene\",\"description\":\"Making Christlike Disciples in the Nations\",\"publisher\":{\"@id\":\"https:\/\/nazarene.org\/fr\/#organization\"},\"potentialAction\":[{\"@type\":\"SearchAction\",\"target\":{\"@type\":\"EntryPoint\",\"urlTemplate\":\"https:\/\/nazarene.org\/fr\/?s={search_term_string}\"},\"query-input\":{\"@type\":\"PropertyValueSpecification\",\"valueRequired\":true,\"valueName\":\"search_term_string\"}}],\"inLanguage\":\"fr-FR\"},{\"@type\":\"Organization\",\"@id\":\"https:\/\/nazarene.org\/fr\/#organization\",\"name\":\"Church of the Nazarene\",\"url\":\"https:\/\/nazarene.org\/fr\/\",\"logo\":{\"@type\":\"ImageObject\",\"inLanguage\":\"fr-FR\",\"@id\":\"https:\/\/nazarene.org\/fr\/#\/schema\/logo\/image\/\",\"url\":\"https:\/\/nazarene.org\/wp-content\/uploads\/2024\/06\/Naz_Desktop_Black_Logo-1.svg\",\"contentUrl\":\"https:\/\/nazarene.org\/wp-content\/uploads\/2024\/06\/Naz_Desktop_Black_Logo-1.svg\",\"width\":258,\"height\":36,\"caption\":\"Church of the Nazarene\"},\"image\":{\"@id\":\"https:\/\/nazarene.org\/fr\/#\/schema\/logo\/image\/\"},\"sameAs\":[\"https:\/\/www.facebook.com\/NazareneOfficial\/\",\"https:\/\/x.com\/Nazarene\",\"https:\/\/www.instagram.com\/nazareneofficial\/\"]}]}<\/script>\n<!-- \/ Yoast SEO Premium plugin. -->","yoast_head_json":{"title":"Mobilisation Explorer - Church of the Nazarene","robots":{"index":"index","follow":"follow","max-snippet":"max-snippet:-1","max-image-preview":"max-image-preview:large","max-video-preview":"max-video-preview:-1"},"canonical":"https:\/\/nazarene.org\/fr\/missions-mondiales-2\/mobilisation-explorer\/","og_locale":"fr_FR","og_type":"article","og_title":"Mobilisation Explorer","og_description":"Mobilisation Explorer Un \u00e9v\u00e9nement con\u00e7u pour vous aider \u00e0 explorer votre appel et vous \u00e9quiper pour le service missionnaire. S&rsquo;INSCRIRE POUR UN \u00c9V\u00c9NEMENT Trouvez un \u00e9v\u00e9nement Explorer \u00e0 venir (pr\u00e9c\u00e9demment appel\u00e9 Orientation interculturelle) pr\u00e8s de vous et r\u00e9servez votre place aujourd&rsquo;hui. REGISTRER ASSISTER \u00c0 L&rsquo;\u00c9V\u00c9NEMENT Rencontrez des missionnaires et des leaders de mission qui vous [&hellip;]","og_url":"https:\/\/nazarene.org\/fr\/missions-mondiales-2\/mobilisation-explorer\/","og_site_name":"Church of the Nazarene","article_publisher":"https:\/\/www.facebook.com\/NazareneOfficial\/","article_modified_time":"2025-06-10T00:05:46+00:00","twitter_card":"summary_large_image","twitter_site":"@Nazarene","schema":{"@context":"https:\/\/schema.org","@graph":[{"@type":"WebPage","@id":"https:\/\/nazarene.org\/fr\/missions-mondiales-2\/mobilisation-explorer\/","url":"https:\/\/nazarene.org\/fr\/missions-mondiales-2\/mobilisation-explorer\/","name":"Mobilisation Explorer - Church of the Nazarene","isPartOf":{"@id":"https:\/\/nazarene.org\/fr\/#website"},"datePublished":"2025-05-23T19:35:57+00:00","dateModified":"2025-06-10T00:05:46+00:00","breadcrumb":{"@id":"https:\/\/nazarene.org\/fr\/missions-mondiales-2\/mobilisation-explorer\/#breadcrumb"},"inLanguage":"fr-FR","potentialAction":[{"@type":"ReadAction","target":["https:\/\/nazarene.org\/fr\/missions-mondiales-2\/mobilisation-explorer\/"]}]},{"@type":"BreadcrumbList","@id":"https:\/\/nazarene.org\/fr\/missions-mondiales-2\/mobilisation-explorer\/#breadcrumb","itemListElement":[{"@type":"ListItem","position":1,"name":"Home","item":"https:\/\/nazarene.org\/fr\/"},{"@type":"ListItem","position":2,"name":"Mobilisation Explorer"}]},{"@type":"WebSite","@id":"https:\/\/nazarene.org\/fr\/#website","url":"https:\/\/nazarene.org\/fr\/","name":"Church of the Nazarene","description":"Making Christlike Disciples in the Nations","publisher":{"@id":"https:\/\/nazarene.org\/fr\/#organization"},"potentialAction":[{"@type":"SearchAction","target":{"@type":"EntryPoint","urlTemplate":"https:\/\/nazarene.org\/fr\/?s={search_term_string}"},"query-input":{"@type":"PropertyValueSpecification","valueRequired":true,"valueName":"search_term_string"}}],"inLanguage":"fr-FR"},{"@type":"Organization","@id":"https:\/\/nazarene.org\/fr\/#organization","name":"Church of the Nazarene","url":"https:\/\/nazarene.org\/fr\/","logo":{"@type":"ImageObject","inLanguage":"fr-FR","@id":"https:\/\/nazarene.org\/fr\/#\/schema\/logo\/image\/","url":"https:\/\/nazarene.org\/wp-content\/uploads\/2024\/06\/Naz_Desktop_Black_Logo-1.svg","contentUrl":"https:\/\/nazarene.org\/wp-content\/uploads\/2024\/06\/Naz_Desktop_Black_Logo-1.svg","width":258,"height":36,"caption":"Church of the Nazarene"},"image":{"@id":"https:\/\/nazarene.org\/fr\/#\/schema\/logo\/image\/"},"sameAs":["https:\/\/www.facebook.com\/NazareneOfficial\/","https:\/\/x.com\/Nazarene","https:\/\/www.instagram.com\/nazareneofficial\/"]}]}},"_links":{"self":[{"href":"https:\/\/nazarene.org\/fr\/wp-json\/wp\/v2\/pages\/38167","targetHints":{"allow":["GET"]}}],"collection":[{"href":"https:\/\/nazarene.org\/fr\/wp-json\/wp\/v2\/pages"}],"about":[{"href":"https:\/\/nazarene.org\/fr\/wp-json\/wp\/v2\/types\/page"}],"author":[{"embeddable":true,"href":"https:\/\/nazarene.org\/fr\/wp-json\/wp\/v2\/users\/8"}],"replies":[{"embeddable":true,"href":"https:\/\/nazarene.org\/fr\/wp-json\/wp\/v2\/comments?post=38167"}],"version-history":[{"count":0,"href":"https:\/\/nazarene.org\/fr\/wp-json\/wp\/v2\/pages\/38167\/revisions"}],"up":[{"embeddable":true,"href":"https:\/\/nazarene.org\/fr\/wp-json\/wp\/v2\/pages\/65321"}],"wp:attachment":[{"href":"https:\/\/nazarene.org\/fr\/wp-json\/wp\/v2\/media?parent=38167"}],"curies":[{"name":"wp","href":"https:\/\/api.w.org\/{rel}","templated":true}]}}