{"id":40280,"date":"2025-01-15T14:21:00","date_gmt":"2025-01-15T20:21:00","guid":{"rendered":"https:\/\/nazarene.org\/aprendizaje-permanente\/"},"modified":"2026-03-23T14:15:24","modified_gmt":"2026-03-23T19:15:24","slug":"aprendizaje-permanente","status":"publish","type":"page","link":"https:\/\/nazarene.org\/es\/desarrollo-global-del-clero\/aprendizaje-permanente\/","title":{"rendered":"Aprendizaje Permanente"},"content":{"rendered":"\t\t<div data-elementor-type=\"wp-page\" data-elementor-id=\"40280\" class=\"elementor elementor-40280 elementor-6106\" data-elementor-post-type=\"page\">\n\t\t\t\t<div class=\"elementor-element elementor-element-3afea2b e-flex e-con-boxed e-con e-parent\" data-id=\"3afea2b\" data-element_type=\"container\" data-e-type=\"container\" data-settings=\"{&quot;background_background&quot;:&quot;gradient&quot;,&quot;jet_parallax_layout_list&quot;:[]}\">\n\t\t\t\t\t<div class=\"e-con-inner\">\n\t\t\t\t<div class=\"elementor-element elementor-element-d4ac1ba elementor-widget elementor-widget-heading\" data-id=\"d4ac1ba\" data-element_type=\"widget\" data-e-type=\"widget\" data-widget_type=\"heading.default\">\n\t\t\t\t<div class=\"elementor-widget-container\">\n\t\t\t\t\t<h1 class=\"elementor-heading-title elementor-size-default\">Aprendizaje permanente<\/h1>\t\t\t\t<\/div>\n\t\t\t\t<\/div>\n\t\t\t\t\t<\/div>\n\t\t\t\t<\/div>\n\t\t<div class=\"elementor-element elementor-element-4ea39de e-flex e-con-boxed e-con e-parent\" data-id=\"4ea39de\" data-element_type=\"container\" data-e-type=\"container\" data-settings=\"{&quot;jet_parallax_layout_list&quot;:[],&quot;background_background&quot;:&quot;classic&quot;}\">\n\t\t\t\t\t<div class=\"e-con-inner\">\n\t\t<div class=\"elementor-element elementor-element-67e09d3 e-con-full e-flex e-con e-child\" data-id=\"67e09d3\" data-element_type=\"container\" data-e-type=\"container\" data-settings=\"{&quot;background_background&quot;:&quot;classic&quot;,&quot;jet_parallax_layout_list&quot;:[]}\">\n\t\t\t\t<div class=\"elementor-element elementor-element-5061490 elementor-widget__width-initial elementor-widget-mobile__width-inherit elementor-widget elementor-widget-heading\" data-id=\"5061490\" data-element_type=\"widget\" data-e-type=\"widget\" data-widget_type=\"heading.default\">\n\t\t\t\t<div class=\"elementor-widget-container\">\n\t\t\t\t\t<h3 class=\"elementor-heading-title elementor-size-default\">Registro para Aprendizaje Permanente<\/h3>\t\t\t\t<\/div>\n\t\t\t\t<\/div>\n\t\t\t\t<div class=\"elementor-element elementor-element-06bb55e elementor-widget elementor-widget-text-editor\" data-id=\"06bb55e\" data-element_type=\"widget\" data-e-type=\"widget\" data-widget_type=\"text-editor.default\">\n\t\t\t\t<div class=\"elementor-widget-container\">\n\t\t\t\t\t\t\t\t\t<p><a href=\"https:\/\/resources.nazarene.org\/index.php\/s\/PXXNmeSmWagz6rH\/download\" target=\"_blank\" rel=\"noopener\">Declaraciones del manual sobre el Aprendizaje Permanente<\/a><br><a href=\"https:\/\/resources.nazarene.org\/index.php\/s\/77P4GDcPzbqc7YM\/download\" target=\"_blank\" rel=\"noopener\">\u00bfQu\u00e9 se considera como Aprendizaje Permanente?<\/a><br>(El Documento Contiene Ingl\u00e9s, Espa\u00f1ol, Fran\u00e7ais, \ud55c\uad6d\uc5b4, Portugu\u00eas)<\/p>\t\t\t\t\t\t\t\t<\/div>\n\t\t\t\t<\/div>\n\t\t\t\t<div class=\"elementor-element elementor-element-631aa93 elementor-widget elementor-widget-jet-button\" data-id=\"631aa93\" data-element_type=\"widget\" data-e-type=\"widget\" data-widget_type=\"jet-button.default\">\n\t\t\t\t<div class=\"elementor-widget-container\">\n\t\t\t\t\t<div class=\"elementor-jet-button jet-elements\"><div class=\"jet-button__container\">\n\t<a class=\"jet-button__instance jet-button__instance--icon-right hover-effect-0\" href=\"https:\/\/learning.nazarene.org\/language\" target=\"_blank\">\n\t\t<div class=\"jet-button__plane jet-button__plane-normal\"><\/div>\n\t\t<div class=\"jet-button__plane jet-button__plane-hover\"><\/div>\n\t\t<div class=\"jet-button__state jet-button__state-normal\">\n\t\t\t<span class=\"jet-button__icon jet-elements-icon\"><svg aria-hidden=\"true\" class=\"e-font-icon-svg e-fas-arrow-right\" viewBox=\"0 0 448 512\" xmlns=\"http:\/\/www.w3.org\/2000\/svg\"><path d=\"M190.5 66.9l22.2-22.2c9.4-9.4 24.6-9.4 33.9 0L441 239c9.4 9.4 9.4 24.6 0 33.9L246.6 467.3c-9.4 9.4-24.6 9.4-33.9 0l-22.2-22.2c-9.5-9.5-9.3-25 .4-34.3L311.4 296H24c-13.3 0-24-10.7-24-24v-32c0-13.3 10.7-24 24-24h287.4L190.9 101.2c-9.8-9.3-10-24.8-.4-34.3z\"><\/path><\/svg><\/span><span class=\"jet-button__label\">REGISTRARSE<\/span>\t\t<\/div>\n\t\t<div class=\"jet-button__state jet-button__state-hover\">\n\t\t\t<span class=\"jet-button__icon jet-elements-icon\"><svg aria-hidden=\"true\" class=\"e-font-icon-svg e-fas-arrow-right\" viewBox=\"0 0 448 512\" xmlns=\"http:\/\/www.w3.org\/2000\/svg\"><path d=\"M190.5 66.9l22.2-22.2c9.4-9.4 24.6-9.4 33.9 0L441 239c9.4 9.4 9.4 24.6 0 33.9L246.6 467.3c-9.4 9.4-24.6 9.4-33.9 0l-22.2-22.2c-9.5-9.5-9.3-25 .4-34.3L311.4 296H24c-13.3 0-24-10.7-24-24v-32c0-13.3 10.7-24 24-24h287.4L190.9 101.2c-9.8-9.3-10-24.8-.4-34.3z\"><\/path><\/svg><\/span><span class=\"jet-button__label\">REGISTRARSE<\/span>\t\t<\/div>\n\t<\/a>\n<\/div>\n<\/div>\t\t\t\t<\/div>\n\t\t\t\t<\/div>\n\t\t\t\t<\/div>\n\t\t\t\t\t<\/div>\n\t\t\t\t<\/div>\n\t\t<div class=\"elementor-element elementor-element-f7a84e6 e-flex e-con-boxed e-con e-parent\" data-id=\"f7a84e6\" data-element_type=\"container\" data-e-type=\"container\" data-settings=\"{&quot;jet_parallax_layout_list&quot;:[]}\">\n\t\t\t\t\t<div class=\"e-con-inner\">\n\t\t<div class=\"elementor-element elementor-element-f0201cf e-con-full e-flex e-con e-child\" data-id=\"f0201cf\" data-element_type=\"container\" data-e-type=\"container\" data-settings=\"{&quot;jet_parallax_layout_list&quot;:[]}\">\n\t\t\t\t<div class=\"elementor-element elementor-element-b079521 elementor-widget elementor-widget-heading\" data-id=\"b079521\" data-element_type=\"widget\" data-e-type=\"widget\" data-widget_type=\"heading.default\">\n\t\t\t\t<div class=\"elementor-widget-container\">\n\t\t\t\t\t<h1 class=\"elementor-heading-title elementor-size-default\">Descubre los est\u00e1ndares denominacionales para el aprendizaje permanente, qu\u00e9 actividades cuentan como horas de aprendizaje permanente y c\u00f3mo dar a conocer tus propias actividades de aprendizaje permanente.<\/h1>\t\t\t\t<\/div>\n\t\t\t\t<\/div>\n\t\t\t\t<div class=\"elementor-element elementor-element-1a52d17 elementor-widget elementor-widget-text-editor\" data-id=\"1a52d17\" data-element_type=\"widget\" data-e-type=\"widget\" data-widget_type=\"text-editor.default\">\n\t\t\t\t<div class=\"elementor-widget-container\">\n\t\t\t\t\t\t\t\t\t<p><a href=\"https:\/\/resources.nazarene.org\/index.php\/s\/PXXNmeSmWagz6rH\/download\" target=\"_blank\" rel=\"noopener\" data-wplink-edit=\"true\">Declaraciones del manual sobre el Aprendizaje Permanete<\/a><br><a href=\"https:\/\/resources.nazarene.org\/index.php\/s\/77P4GDcPzbqc7YM\/download\" target=\"_blank\" rel=\"noopener\" data-wplink-edit=\"true\">\u00bfQu\u00e9 se considera como Aprendizaje Permanete?<\/a><br>(El documento contiene Ingl\u00e9s, Espa\u00f1ol, Fran\u00e7ais, \ud55c\uad6d\uc5b4, Portugu\u00eas)<\/p>\t\t\t\t\t\t\t\t<\/div>\n\t\t\t\t<\/div>\n\t\t\t\t<div class=\"elementor-element elementor-element-0645b17 elementor-widget elementor-widget-heading\" data-id=\"0645b17\" data-element_type=\"widget\" data-e-type=\"widget\" data-widget_type=\"heading.default\">\n\t\t\t\t<div class=\"elementor-widget-container\">\n\t\t\t\t\t<h1 class=\"elementor-heading-title elementor-size-default\">C\u00f3mo informar las horas de aprendizaje permanente<\/h1>\t\t\t\t<\/div>\n\t\t\t\t<\/div>\n\t\t\t\t<div class=\"elementor-element elementor-element-8ef3576 elementor-widget elementor-widget-text-editor\" data-id=\"8ef3576\" data-element_type=\"widget\" data-e-type=\"widget\" data-widget_type=\"text-editor.default\">\n\t\t\t\t<div class=\"elementor-widget-container\">\n\t\t\t\t\t\t\t\t\t<p>Las horas de aprendizaje permanente deber\u00e1n ser reportadas en el <a href=\"https:\/\/learning.nazarene.org\/language\" target=\"_blank\" rel=\"noopener\">Registro para el Aprendizaje Permanente.<\/a> El registro es una herramienta multiling\u00fce y adaptada a dispositivos m\u00f3viles que ofrece a los ministros nazarenos la oportunidad de registrar y dar cuenta de sus esfuerzos por desarrollar y mantener una rutina de aprendizaje permanente con el fin de mejorar el ministerio al que Dios les ha llamado. La mayor parte de la informaci\u00f3n que figura a continuaci\u00f3n tambi\u00e9n est\u00e1 disponible en el sitio web del Registro para el Aprendizaje Permanente en varios idiomas.  <\/p><p><a href=\"https:\/\/resources.nazarene.org\/index.php\/s\/fEjzJDcsTYi2byE\/download\" target=\"_blank\" rel=\"noopener\">Informaci\u00f3n sobre el Registro para el Aprendizaje Permanente<\/a><\/p><p>Primeros pasos en el Registro para el Aprendizaje Permanente (Disponible en <a href=\"https:\/\/resources.nazarene.org\/index.php\/s\/wEoWdxDLSq7Hzc5\/download\" target=\"_blank\" rel=\"noopener\">English<\/a>, <a href=\"https:\/\/resources.nazarene.org\/index.php\/s\/cQF2MQCTJFQ9y4N\/download\" target=\"_blank\" rel=\"noopener\">Espa\u00f1ol<\/a>, <a href=\"https:\/\/resources.nazarene.org\/index.php\/s\/ogJXQ4kpy9CE4wX\/download\" target=\"_blank\" rel=\"noopener\">Fran\u00e7ais<\/a>, <a href=\"https:\/\/resources.nazarene.org\/index.php\/s\/oEEeQdjwykaizGp\/download\" target=\"_blank\" rel=\"noopener\">\ud55c\uad6d\uc5b4<\/a>, <a href=\"https:\/\/resources.nazarene.org\/index.php\/s\/Sw8AXkAYGgYwTrt\/download\" target=\"_blank\" rel=\"noopener\">Portugu\u00eas<\/a>)<\/p><p><a href=\"https:\/\/resources.nazarene.org\/index.php\/s\/PXXNmeSmWagz6rH\/download\" target=\"_blank\" rel=\"noopener\">Pautas para reportar el aprendizaje permanente<\/a><\/p><p><a href=\"https:\/\/resources.nazarene.org\/index.php\/s\/nTzgmEWmmSCLFjx\/download\" target=\"_blank\" rel=\"noopener\">C\u00f3mo reportar la inscripci\u00f3n en un Programa de Grado<\/a><\/p><p><a href=\"https:\/\/resources.nazarene.org\/index.php\/s\/pxZ8kFx6zifDmQH\/download\" target=\"_blank\" rel=\"noopener\">Consejos de exploraci\u00f3n para el Registro de Aprendizaje Permanente<\/a><\/p><p>Informes Anuales y Mantenimiento de Cuentas (Disponible en <a href=\"https:\/\/resources.nazarene.org\/index.php\/s\/tg3pWGZDapHgf6R\/download\" target=\"_blank\" rel=\"noopener\">English<\/a>, <a href=\"https:\/\/resources.nazarene.org\/index.php\/s\/REr5Xmjd7kteqqc\/download\" target=\"_blank\" rel=\"noopener\">Espa\u00f1ol<\/a>, <a href=\"https:\/\/resources.nazarene.org\/index.php\/s\/YXSa2y4XaztjCSj\/download\" target=\"_blank\" rel=\"noopener\">Fran\u00e7ais<\/a>, <a href=\"https:\/\/resources.nazarene.org\/index.php\/s\/mc8ry5dkE87nr7x\/download\" target=\"_blank\" rel=\"noopener\">\ud55c\uad6d\uc5b4<\/a>, <a href=\"https:\/\/resources.nazarene.org\/index.php\/s\/Sw8AXkAYGgYwTrt\/download\" target=\"_blank\" rel=\"noopener\">Portugu\u00eas<\/a>)<\/p>\t\t\t\t\t\t\t\t<\/div>\n\t\t\t\t<\/div>\n\t\t\t\t<div class=\"elementor-element elementor-element-fde9721 elementor-widget elementor-widget-heading\" data-id=\"fde9721\" data-element_type=\"widget\" data-e-type=\"widget\" data-widget_type=\"heading.default\">\n\t\t\t\t<div class=\"elementor-widget-container\">\n\t\t\t\t\t<h1 class=\"elementor-heading-title elementor-size-default\">Fuentes Nazarene para el Aprendizaje Permanente<\/h1>\t\t\t\t<\/div>\n\t\t\t\t<\/div>\n\t\t\t\t<div class=\"elementor-element elementor-element-b9b5d0f elementor-widget elementor-widget-text-editor\" data-id=\"b9b5d0f\" data-element_type=\"widget\" data-e-type=\"widget\" data-widget_type=\"text-editor.default\">\n\t\t\t\t<div class=\"elementor-widget-container\">\n\t\t\t\t\t\t\t\t\t<p>Estamos trabajando para ofrecer enlaces a entidades nazarenas que ofrecen regularmente oportunidades de formaci\u00f3n continua dirigidas espec\u00edficamente al cuerpo ministerial, as\u00ed como para ofrecer dichas oportunidades en el mayor n\u00famero posible de idiomas.<\/p><p><a href=\"https:\/\/usacanadaregion.org\/clergy-development\/lifelong-learning\/access-learning-opportunities\" target=\"_blank\" rel=\"noopener\">Regi\u00f3n EE. UU. \/Canada<\/a><\/p>\t\t\t\t\t\t\t\t<\/div>\n\t\t\t\t<\/div>\n\t\t\t\t<div class=\"elementor-element elementor-element-5b088e4 elementor-widget elementor-widget-heading\" data-id=\"5b088e4\" data-element_type=\"widget\" data-e-type=\"widget\" data-widget_type=\"heading.default\">\n\t\t\t\t<div class=\"elementor-widget-container\">\n\t\t\t\t\t<h1 class=\"elementor-heading-title elementor-size-default\">Administraci\u00f3n del aprendizaje permanente<\/h1>\t\t\t\t<\/div>\n\t\t\t\t<\/div>\n\t\t\t\t<div class=\"elementor-element elementor-element-cc3f8fd elementor-widget elementor-widget-text-editor\" data-id=\"cc3f8fd\" data-element_type=\"widget\" data-e-type=\"widget\" data-widget_type=\"text-editor.default\">\n\t\t\t\t<div class=\"elementor-widget-container\">\n\t\t\t\t\t\t\t\t\t<p><a href=\"https:\/\/resources.nazarene.org\/index.php\/s\/bMc7CwWBnKWNdEn\/download\" target=\"_blank\" rel=\"noopener\">El Registro de Aprendizaje Permanente: Fundamentos para Administradores Distritales y Regionales<\/a><\/p><p><a href=\"https:\/\/resources.nazarene.org\/index.php\/s\/asRwj2TrJ3zj7nZ\/download\" target=\"_blank\" rel=\"noopener\">Facilita la vida a quienes siguen Aprendiendo Continuamente: Utiliza C\u00f3digos de Eventos<\/a><\/p>\t\t\t\t\t\t\t\t<\/div>\n\t\t\t\t<\/div>\n\t\t\t\t<\/div>\n\t\t\t\t\t<\/div>\n\t\t\t\t<\/div>\n\t\t<div class=\"elementor-element elementor-element-6936560 e-flex e-con-boxed e-con e-parent\" data-id=\"6936560\" data-element_type=\"container\" data-e-type=\"container\" data-settings=\"{&quot;background_background&quot;:&quot;classic&quot;,&quot;jet_parallax_layout_list&quot;:[]}\">\n\t\t\t\t\t<div class=\"e-con-inner\">\n\t\t<div class=\"elementor-element elementor-element-4dcfc1b e-con-full e-flex e-con e-child\" data-id=\"4dcfc1b\" data-element_type=\"container\" data-e-type=\"container\" data-settings=\"{&quot;jet_parallax_layout_list&quot;:[]}\">\n\t\t\t\t<div class=\"elementor-element elementor-element-d3cb69f elementor-widget elementor-widget-heading\" data-id=\"d3cb69f\" data-element_type=\"widget\" data-e-type=\"widget\" data-widget_type=\"heading.default\">\n\t\t\t\t<div class=\"elementor-widget-container\">\n\t\t\t\t\t<h1 class=\"elementor-heading-title elementor-size-default\">C\u00f3mo contactar con Desarrollo del Cuerpo Ministerial<\/h1>\t\t\t\t<\/div>\n\t\t\t\t<\/div>\n\t\t\t\t<div class=\"elementor-element elementor-element-5e33d74 elementor-widget elementor-widget-heading\" data-id=\"5e33d74\" data-element_type=\"widget\" data-e-type=\"widget\" data-widget_type=\"heading.default\">\n\t\t\t\t<div class=\"elementor-widget-container\">\n\t\t\t\t\t<h2 class=\"elementor-heading-title elementor-size-default\">Reg\u00edstrate para recibir noticias semanales de la Iglesia del Nazareno.<\/h2>\t\t\t\t<\/div>\n\t\t\t\t<\/div>\n\t\t\t\t<\/div>\n\t\t<div class=\"elementor-element elementor-element-8d09a26 e-con-full e-flex e-con e-child\" data-id=\"8d09a26\" data-element_type=\"container\" data-e-type=\"container\" data-settings=\"{&quot;jet_parallax_layout_list&quot;:[]}\">\n\t\t\t\t<div class=\"elementor-element elementor-element-b94776b elementor-align-center elementor-widget elementor-widget-button\" data-id=\"b94776b\" data-element_type=\"widget\" data-e-type=\"widget\" data-widget_type=\"button.default\">\n\t\t\t\t<div class=\"elementor-widget-container\">\n\t\t\t\t\t\t\t\t\t<div class=\"elementor-button-wrapper\">\n\t\t\t\t\t<a class=\"elementor-button elementor-button-link elementor-size-sm\" href=\"mailto:pastor@nazarene.org\">\n\t\t\t\t\t\t<span class=\"elementor-button-content-wrapper\">\n\t\t\t\t\t\t<span class=\"elementor-button-icon\">\n\t\t\t\t<svg aria-hidden=\"true\" class=\"e-font-icon-svg e-fas-arrow-right\" viewBox=\"0 0 448 512\" xmlns=\"http:\/\/www.w3.org\/2000\/svg\"><path d=\"M190.5 66.9l22.2-22.2c9.4-9.4 24.6-9.4 33.9 0L441 239c9.4 9.4 9.4 24.6 0 33.9L246.6 467.3c-9.4 9.4-24.6 9.4-33.9 0l-22.2-22.2c-9.5-9.5-9.3-25 .4-34.3L311.4 296H24c-13.3 0-24-10.7-24-24v-32c0-13.3 10.7-24 24-24h287.4L190.9 101.2c-9.8-9.3-10-24.8-.4-34.3z\"><\/path><\/svg>\t\t\t<\/span>\n\t\t\t\t\t\t\t\t\t<span class=\"elementor-button-text\">EMAIL<\/span>\n\t\t\t\t\t<\/span>\n\t\t\t\t\t<\/a>\n\t\t\t\t<\/div>\n\t\t\t\t\t\t\t\t<\/div>\n\t\t\t\t<\/div>\n\t\t\t\t<div class=\"elementor-element elementor-element-be51271 elementor-align-center elementor-widget elementor-widget-button\" data-id=\"be51271\" data-element_type=\"widget\" data-e-type=\"widget\" data-widget_type=\"button.default\">\n\t\t\t\t<div class=\"elementor-widget-container\">\n\t\t\t\t\t\t\t\t\t<div class=\"elementor-button-wrapper\">\n\t\t\t\t\t<a class=\"elementor-button elementor-button-link elementor-size-sm\" href=\"tel:1-800-306-7651\">\n\t\t\t\t\t\t<span class=\"elementor-button-content-wrapper\">\n\t\t\t\t\t\t<span class=\"elementor-button-icon\">\n\t\t\t\t<svg aria-hidden=\"true\" class=\"e-font-icon-svg e-fas-arrow-right\" viewBox=\"0 0 448 512\" xmlns=\"http:\/\/www.w3.org\/2000\/svg\"><path d=\"M190.5 66.9l22.2-22.2c9.4-9.4 24.6-9.4 33.9 0L441 239c9.4 9.4 9.4 24.6 0 33.9L246.6 467.3c-9.4 9.4-24.6 9.4-33.9 0l-22.2-22.2c-9.5-9.5-9.3-25 .4-34.3L311.4 296H24c-13.3 0-24-10.7-24-24v-32c0-13.3 10.7-24 24-24h287.4L190.9 101.2c-9.8-9.3-10-24.8-.4-34.3z\"><\/path><\/svg>\t\t\t<\/span>\n\t\t\t\t\t\t\t\t\t<span class=\"elementor-button-text\">1-800-306-7651<\/span>\n\t\t\t\t\t<\/span>\n\t\t\t\t\t<\/a>\n\t\t\t\t<\/div>\n\t\t\t\t\t\t\t\t<\/div>\n\t\t\t\t<\/div>\n\t\t\t\t<\/div>\n\t\t\t\t\t<\/div>\n\t\t\t\t<\/div>\n\t\t\t\t<\/div>\n\t\t","protected":false},"excerpt":{"rendered":"<p>Aprendizaje permanente Registro para Aprendizaje Permanente Declaraciones del manual sobre el Aprendizaje Permanente\u00bfQu\u00e9 se considera como Aprendizaje Permanente?(El Documento Contiene Ingl\u00e9s, Espa\u00f1ol, Fran\u00e7ais, \ud55c\uad6d\uc5b4, Portugu\u00eas) REGISTRARSE REGISTRARSE Descubre los est\u00e1ndares denominacionales para el aprendizaje permanente, qu\u00e9 actividades cuentan como horas de aprendizaje permanente y c\u00f3mo dar a conocer tus propias actividades de aprendizaje permanente. Declaraciones [&hellip;]<\/p>\n","protected":false},"author":6,"featured_media":0,"parent":40289,"menu_order":0,"comment_status":"closed","ping_status":"closed","template":"","meta":{"content-type":"","_jet_sm_ready_style":"","_jet_sm_style":"","_jet_sm_controls_values":"","_jet_sm_fonts_collection":"","_jet_sm_fonts_links":"","footnotes":""},"class_list":["post-40280","page","type-page","status-publish","hentry"],"yoast_head":"<!-- This site is optimized with the Yoast SEO Premium plugin v27.1 (Yoast SEO v27.1.1) - https:\/\/yoast.com\/product\/yoast-seo-premium-wordpress\/ -->\n<title>Aprendizaje Permanente - Church of the Nazarene<\/title>\n<meta name=\"robots\" content=\"index, follow, max-snippet:-1, max-image-preview:large, max-video-preview:-1\" \/>\n<link rel=\"canonical\" href=\"https:\/\/nazarene.org\/es\/desarrollo-global-del-clero\/aprendizaje-permanente\/\" \/>\n<meta property=\"og:locale\" content=\"es_ES\" \/>\n<meta property=\"og:type\" content=\"article\" \/>\n<meta property=\"og:title\" content=\"Aprendizaje Permanente\" \/>\n<meta property=\"og:description\" content=\"Aprendizaje permanente Registro para Aprendizaje Permanente Declaraciones del manual sobre el Aprendizaje Permanente\u00bfQu\u00e9 se considera como Aprendizaje Permanente?(El Documento Contiene Ingl\u00e9s, Espa\u00f1ol, Fran\u00e7ais, \ud55c\uad6d\uc5b4, Portugu\u00eas) REGISTRARSE REGISTRARSE Descubre los est\u00e1ndares denominacionales para el aprendizaje permanente, qu\u00e9 actividades cuentan como horas de aprendizaje permanente y c\u00f3mo dar a conocer tus propias actividades de aprendizaje permanente. Declaraciones [&hellip;]\" \/>\n<meta property=\"og:url\" content=\"https:\/\/nazarene.org\/es\/desarrollo-global-del-clero\/aprendizaje-permanente\/\" \/>\n<meta property=\"og:site_name\" content=\"Church of the Nazarene\" \/>\n<meta property=\"article:publisher\" content=\"https:\/\/www.facebook.com\/NazareneOfficial\/\" \/>\n<meta property=\"article:modified_time\" content=\"2026-03-23T19:15:24+00:00\" \/>\n<meta name=\"twitter:card\" content=\"summary_large_image\" \/>\n<meta name=\"twitter:site\" content=\"@Nazarene\" \/>\n<script type=\"application\/ld+json\" class=\"yoast-schema-graph\">{\"@context\":\"https:\/\/schema.org\",\"@graph\":[{\"@type\":\"WebPage\",\"@id\":\"https:\/\/nazarene.org\/es\/desarrollo-global-del-clero\/aprendizaje-permanente\/\",\"url\":\"https:\/\/nazarene.org\/es\/desarrollo-global-del-clero\/aprendizaje-permanente\/\",\"name\":\"Aprendizaje Permanente - Church of the Nazarene\",\"isPartOf\":{\"@id\":\"https:\/\/nazarene.org\/es\/#website\"},\"datePublished\":\"2025-01-15T20:21:00+00:00\",\"dateModified\":\"2026-03-23T19:15:24+00:00\",\"breadcrumb\":{\"@id\":\"https:\/\/nazarene.org\/es\/desarrollo-global-del-clero\/aprendizaje-permanente\/#breadcrumb\"},\"inLanguage\":\"es\",\"potentialAction\":[{\"@type\":\"ReadAction\",\"target\":[\"https:\/\/nazarene.org\/es\/desarrollo-global-del-clero\/aprendizaje-permanente\/\"]}]},{\"@type\":\"BreadcrumbList\",\"@id\":\"https:\/\/nazarene.org\/es\/desarrollo-global-del-clero\/aprendizaje-permanente\/#breadcrumb\",\"itemListElement\":[{\"@type\":\"ListItem\",\"position\":1,\"name\":\"Home\",\"item\":\"https:\/\/nazarene.org\/es\/inicio\/\"},{\"@type\":\"ListItem\",\"position\":2,\"name\":\"Desarrollo Global del Cuerpo Ministerial\",\"item\":\"https:\/\/nazarene.org\/es\/desarrollo-global-del-clero\/\"},{\"@type\":\"ListItem\",\"position\":3,\"name\":\"Aprendizaje Permanente\"}]},{\"@type\":\"WebSite\",\"@id\":\"https:\/\/nazarene.org\/es\/#website\",\"url\":\"https:\/\/nazarene.org\/es\/\",\"name\":\"Church of the Nazarene\",\"description\":\"Making Christlike Disciples in the Nations\",\"publisher\":{\"@id\":\"https:\/\/nazarene.org\/es\/#organization\"},\"potentialAction\":[{\"@type\":\"SearchAction\",\"target\":{\"@type\":\"EntryPoint\",\"urlTemplate\":\"https:\/\/nazarene.org\/es\/?s={search_term_string}\"},\"query-input\":{\"@type\":\"PropertyValueSpecification\",\"valueRequired\":true,\"valueName\":\"search_term_string\"}}],\"inLanguage\":\"es\"},{\"@type\":\"Organization\",\"@id\":\"https:\/\/nazarene.org\/es\/#organization\",\"name\":\"Church of the Nazarene\",\"url\":\"https:\/\/nazarene.org\/es\/\",\"logo\":{\"@type\":\"ImageObject\",\"inLanguage\":\"es\",\"@id\":\"https:\/\/nazarene.org\/es\/#\/schema\/logo\/image\/\",\"url\":\"https:\/\/nazarene.org\/wp-content\/uploads\/2024\/06\/Naz_Desktop_Black_Logo-1.svg\",\"contentUrl\":\"https:\/\/nazarene.org\/wp-content\/uploads\/2024\/06\/Naz_Desktop_Black_Logo-1.svg\",\"width\":258,\"height\":36,\"caption\":\"Church of the Nazarene\"},\"image\":{\"@id\":\"https:\/\/nazarene.org\/es\/#\/schema\/logo\/image\/\"},\"sameAs\":[\"https:\/\/www.facebook.com\/NazareneOfficial\/\",\"https:\/\/x.com\/Nazarene\",\"https:\/\/www.instagram.com\/nazareneofficial\/\"]}]}<\/script>\n<!-- \/ Yoast SEO Premium plugin. -->","yoast_head_json":{"title":"Aprendizaje Permanente - Church of the Nazarene","robots":{"index":"index","follow":"follow","max-snippet":"max-snippet:-1","max-image-preview":"max-image-preview:large","max-video-preview":"max-video-preview:-1"},"canonical":"https:\/\/nazarene.org\/es\/desarrollo-global-del-clero\/aprendizaje-permanente\/","og_locale":"es_ES","og_type":"article","og_title":"Aprendizaje Permanente","og_description":"Aprendizaje permanente Registro para Aprendizaje Permanente Declaraciones del manual sobre el Aprendizaje Permanente\u00bfQu\u00e9 se considera como Aprendizaje Permanente?(El Documento Contiene Ingl\u00e9s, Espa\u00f1ol, Fran\u00e7ais, \ud55c\uad6d\uc5b4, Portugu\u00eas) REGISTRARSE REGISTRARSE Descubre los est\u00e1ndares denominacionales para el aprendizaje permanente, qu\u00e9 actividades cuentan como horas de aprendizaje permanente y c\u00f3mo dar a conocer tus propias actividades de aprendizaje permanente. Declaraciones [&hellip;]","og_url":"https:\/\/nazarene.org\/es\/desarrollo-global-del-clero\/aprendizaje-permanente\/","og_site_name":"Church of the Nazarene","article_publisher":"https:\/\/www.facebook.com\/NazareneOfficial\/","article_modified_time":"2026-03-23T19:15:24+00:00","twitter_card":"summary_large_image","twitter_site":"@Nazarene","schema":{"@context":"https:\/\/schema.org","@graph":[{"@type":"WebPage","@id":"https:\/\/nazarene.org\/es\/desarrollo-global-del-clero\/aprendizaje-permanente\/","url":"https:\/\/nazarene.org\/es\/desarrollo-global-del-clero\/aprendizaje-permanente\/","name":"Aprendizaje Permanente - Church of the Nazarene","isPartOf":{"@id":"https:\/\/nazarene.org\/es\/#website"},"datePublished":"2025-01-15T20:21:00+00:00","dateModified":"2026-03-23T19:15:24+00:00","breadcrumb":{"@id":"https:\/\/nazarene.org\/es\/desarrollo-global-del-clero\/aprendizaje-permanente\/#breadcrumb"},"inLanguage":"es","potentialAction":[{"@type":"ReadAction","target":["https:\/\/nazarene.org\/es\/desarrollo-global-del-clero\/aprendizaje-permanente\/"]}]},{"@type":"BreadcrumbList","@id":"https:\/\/nazarene.org\/es\/desarrollo-global-del-clero\/aprendizaje-permanente\/#breadcrumb","itemListElement":[{"@type":"ListItem","position":1,"name":"Home","item":"https:\/\/nazarene.org\/es\/inicio\/"},{"@type":"ListItem","position":2,"name":"Desarrollo Global del Cuerpo Ministerial","item":"https:\/\/nazarene.org\/es\/desarrollo-global-del-clero\/"},{"@type":"ListItem","position":3,"name":"Aprendizaje Permanente"}]},{"@type":"WebSite","@id":"https:\/\/nazarene.org\/es\/#website","url":"https:\/\/nazarene.org\/es\/","name":"Church of the Nazarene","description":"Making Christlike Disciples in the Nations","publisher":{"@id":"https:\/\/nazarene.org\/es\/#organization"},"potentialAction":[{"@type":"SearchAction","target":{"@type":"EntryPoint","urlTemplate":"https:\/\/nazarene.org\/es\/?s={search_term_string}"},"query-input":{"@type":"PropertyValueSpecification","valueRequired":true,"valueName":"search_term_string"}}],"inLanguage":"es"},{"@type":"Organization","@id":"https:\/\/nazarene.org\/es\/#organization","name":"Church of the Nazarene","url":"https:\/\/nazarene.org\/es\/","logo":{"@type":"ImageObject","inLanguage":"es","@id":"https:\/\/nazarene.org\/es\/#\/schema\/logo\/image\/","url":"https:\/\/nazarene.org\/wp-content\/uploads\/2024\/06\/Naz_Desktop_Black_Logo-1.svg","contentUrl":"https:\/\/nazarene.org\/wp-content\/uploads\/2024\/06\/Naz_Desktop_Black_Logo-1.svg","width":258,"height":36,"caption":"Church of the Nazarene"},"image":{"@id":"https:\/\/nazarene.org\/es\/#\/schema\/logo\/image\/"},"sameAs":["https:\/\/www.facebook.com\/NazareneOfficial\/","https:\/\/x.com\/Nazarene","https:\/\/www.instagram.com\/nazareneofficial\/"]}]}},"_links":{"self":[{"href":"https:\/\/nazarene.org\/es\/wp-json\/wp\/v2\/pages\/40280","targetHints":{"allow":["GET"]}}],"collection":[{"href":"https:\/\/nazarene.org\/es\/wp-json\/wp\/v2\/pages"}],"about":[{"href":"https:\/\/nazarene.org\/es\/wp-json\/wp\/v2\/types\/page"}],"author":[{"embeddable":true,"href":"https:\/\/nazarene.org\/es\/wp-json\/wp\/v2\/users\/6"}],"replies":[{"embeddable":true,"href":"https:\/\/nazarene.org\/es\/wp-json\/wp\/v2\/comments?post=40280"}],"version-history":[{"count":6,"href":"https:\/\/nazarene.org\/es\/wp-json\/wp\/v2\/pages\/40280\/revisions"}],"predecessor-version":[{"id":70272,"href":"https:\/\/nazarene.org\/es\/wp-json\/wp\/v2\/pages\/40280\/revisions\/70272"}],"up":[{"embeddable":true,"href":"https:\/\/nazarene.org\/es\/wp-json\/wp\/v2\/pages\/40289"}],"wp:attachment":[{"href":"https:\/\/nazarene.org\/es\/wp-json\/wp\/v2\/media?parent=40280"}],"curies":[{"name":"wp","href":"https:\/\/api.w.org\/{rel}","templated":true}]}}