{"id":40264,"date":"2025-01-16T15:07:22","date_gmt":"2025-01-16T21:07:22","guid":{"rendered":"https:\/\/nazarene.org\/libros-de-fuentes-ministeriales\/"},"modified":"2026-03-31T15:38:00","modified_gmt":"2026-03-31T20:38:00","slug":"libros-de-fuentes-ministeriales","status":"publish","type":"page","link":"https:\/\/nazarene.org\/es\/desarrollo-global-del-clero\/libros-de-fuentes-ministeriales\/","title":{"rendered":"Libros de Referencias Ministeriales"},"content":{"rendered":"\t\t<div data-elementor-type=\"wp-page\" data-elementor-id=\"40264\" class=\"elementor elementor-40264 elementor-6463\" data-elementor-post-type=\"page\">\n\t\t\t\t<div class=\"elementor-element elementor-element-3afea2b e-flex e-con-boxed e-con e-parent\" data-id=\"3afea2b\" data-element_type=\"container\" data-e-type=\"container\" data-settings=\"{&quot;background_background&quot;:&quot;gradient&quot;,&quot;jet_parallax_layout_list&quot;:[]}\">\n\t\t\t\t\t<div class=\"e-con-inner\">\n\t\t\t\t<div class=\"elementor-element elementor-element-d4ac1ba elementor-widget elementor-widget-heading\" data-id=\"d4ac1ba\" data-element_type=\"widget\" data-e-type=\"widget\" data-widget_type=\"heading.default\">\n\t\t\t\t<div class=\"elementor-widget-container\">\n\t\t\t\t\t<h1 class=\"elementor-heading-title elementor-size-default\">Libros de Referencias Ministeriales<\/h1>\t\t\t\t<\/div>\n\t\t\t\t<\/div>\n\t\t\t\t\t<\/div>\n\t\t\t\t<\/div>\n\t\t<div class=\"elementor-element elementor-element-50a963f e-flex e-con-boxed e-con e-parent\" data-id=\"50a963f\" data-element_type=\"container\" data-e-type=\"container\" data-settings=\"{&quot;jet_parallax_layout_list&quot;:[]}\">\n\t\t\t\t\t<div class=\"e-con-inner\">\n\t\t<div class=\"elementor-element elementor-element-f707a6d e-con-full e-flex e-con e-child\" data-id=\"f707a6d\" data-element_type=\"container\" data-e-type=\"container\" data-settings=\"{&quot;jet_parallax_layout_list&quot;:[]}\">\n\t\t\t\t<div class=\"elementor-element elementor-element-58f955f elementor-widget elementor-widget-heading\" data-id=\"58f955f\" data-element_type=\"widget\" data-e-type=\"widget\" data-widget_type=\"heading.default\">\n\t\t\t\t<div class=\"elementor-widget-container\">\n\t\t\t\t\t<h1 class=\"elementor-heading-title elementor-size-default\">Libros de Referencias Ministeriales<\/h1>\t\t\t\t<\/div>\n\t\t\t\t<\/div>\n\t\t\t\t<div class=\"elementor-element elementor-element-14d5629 elementor-hidden-widescreen elementor-hidden-desktop elementor-hidden-tablet elementor-hidden-mobile elementor-widget elementor-widget-text-editor\" data-id=\"14d5629\" data-element_type=\"widget\" data-e-type=\"widget\" data-widget_type=\"text-editor.default\">\n\t\t\t\t<div class=\"elementor-widget-container\">\n\t\t\t\t\t\t\t\t\t<p><a href=\"\/wp-content\/uploads\/2025\/01\/internationalsb.pdf\" target=\"_blank\" rel=\"noopener\">Internacional<\/a><br><a href=\"\/wp-content\/uploads\/2025\/01\/Sourcebook-Africa-Region-2019-2020.pdf\" target=\"_blank\" rel=\"noopener\">\u00c1frica<\/a><br><a href=\"\/wp-content\/uploads\/2025\/01\/AsiaPacific_Sourcebook_2015.pdf\" target=\"_blank\" rel=\"noopener\">Asia-Pac\u00edfico<\/a><br><a href=\"\/wp-content\/uploads\/2025\/01\/Eurasia_Sourcebook_2015.pdf\" target=\"_blank\" rel=\"noopener\">Eurasia<\/a><br><a href=\"\/wp-content\/uploads\/2025\/01\/macsb.pdf\" target=\"_blank\" rel=\"noopener\">Mesoam\u00e9rica<\/a><br><a href=\"\/wp-content\/uploads\/2025\/01\/macsb.pdf\" target=\"_blank\" rel=\"noopener\">Sur Am\u00e9rica<\/a><br>EE. UU.\/Canad\u00e1 &#8211; <a href=\"\/wp-content\/uploads\/2025\/01\/USACanada_Sourcebook_Revised2015_Final1.pdf\" target=\"_blank\" rel=\"noopener\">English<\/a>, <a href=\"\/wp-content\/uploads\/2025\/01\/USA-Canada_Sourcebook_Revised2015_French.pdf\" target=\"_blank\" rel=\"noopener\">French<\/a>, <a href=\"\/wp-content\/uploads\/2025\/01\/USA-Canada_Sourcebook_Revised2015_Spanish.pdf\" target=\"_blank\" rel=\"noopener\">Spanish<\/a><\/p><p><em>Este libro de referencia (revisado en 2015) sustituye a las versiones anteriores del libro de referencia de Canad\u00e1 y del libro de referencia de EE. UU.<\/em><\/p>\t\t\t\t\t\t\t\t<\/div>\n\t\t\t\t<\/div>\n\t\t\t\t<div class=\"elementor-element elementor-element-a1bb84d elementor-widget elementor-widget-text-editor\" data-id=\"a1bb84d\" data-element_type=\"widget\" data-e-type=\"widget\" data-widget_type=\"text-editor.default\">\n\t\t\t\t<div class=\"elementor-widget-container\">\n\t\t\t\t\t\t\t\t\t<p>NOTA: Para obtener esta informaci\u00f3n, p\u00f3ngase en contacto con el Departamento de Educaci\u00f3n Global y Desarrollo del Cuerpo Ministerial <a href=\"mailto:gecd@nazarene.org\">gecd@nazarene.org<\/a>.<\/p>\t\t\t\t\t\t\t\t<\/div>\n\t\t\t\t<\/div>\n\t\t\t\t<div class=\"elementor-element elementor-element-d661b36 elementor-widget elementor-widget-heading\" data-id=\"d661b36\" data-element_type=\"widget\" data-e-type=\"widget\" data-widget_type=\"heading.default\">\n\t\t\t\t<div class=\"elementor-widget-container\">\n\t\t\t\t\t<h1 class=\"elementor-heading-title elementor-size-default\">Manuales Regionales para Candidatos Ministeriales<\/h1>\t\t\t\t<\/div>\n\t\t\t\t<\/div>\n\t\t\t\t<div class=\"elementor-element elementor-element-4806a32 elementor-widget elementor-widget-text-editor\" data-id=\"4806a32\" data-element_type=\"widget\" data-e-type=\"widget\" data-widget_type=\"text-editor.default\">\n\t\t\t\t<div class=\"elementor-widget-container\">\n\t\t\t\t\t\t\t\t\t<p>EE. UU.\/Canad\u00e1 \u2014<br><a href=\"https:\/\/resources.nazarene.org\/index.php\/s\/mqx42GR9YwpYRno\" target=\"_blank\" rel=\"noopener\">Gu\u00eda para la preparaci\u00f3n al ministerio y la ordenaci\u00f3n<\/a><br><a href=\"\/wp-content\/uploads\/2025\/01\/CalltoMinistry_0.pdf\" target=\"_blank\" rel=\"noopener\">Inscripci\u00f3n del llamado al ministerio<\/a><\/p>\t\t\t\t\t\t\t\t<\/div>\n\t\t\t\t<\/div>\n\t\t\t\t<\/div>\n\t\t\t\t\t<\/div>\n\t\t\t\t<\/div>\n\t\t<div class=\"elementor-element elementor-element-ec502b3 e-flex e-con-boxed e-con e-parent\" data-id=\"ec502b3\" data-element_type=\"container\" data-e-type=\"container\" data-settings=\"{&quot;background_background&quot;:&quot;classic&quot;,&quot;jet_parallax_layout_list&quot;:[]}\">\n\t\t\t\t\t<div class=\"e-con-inner\">\n\t\t<div class=\"elementor-element elementor-element-4df6553 e-con-full e-flex e-con e-child\" data-id=\"4df6553\" data-element_type=\"container\" data-e-type=\"container\" data-settings=\"{&quot;jet_parallax_layout_list&quot;:[]}\">\n\t\t\t\t<div class=\"elementor-element elementor-element-e346b28 elementor-widget elementor-widget-heading\" data-id=\"e346b28\" data-element_type=\"widget\" data-e-type=\"widget\" data-widget_type=\"heading.default\">\n\t\t\t\t<div class=\"elementor-widget-container\">\n\t\t\t\t\t<h1 class=\"elementor-heading-title elementor-size-default\">C\u00f3mo ponerse en contacto con Desarrollo del Cuerpo Ministerial<\/h1>\t\t\t\t<\/div>\n\t\t\t\t<\/div>\n\t\t\t\t<div class=\"elementor-element elementor-element-bfa9ec2 elementor-widget elementor-widget-heading\" data-id=\"bfa9ec2\" data-element_type=\"widget\" data-e-type=\"widget\" data-widget_type=\"heading.default\">\n\t\t\t\t<div class=\"elementor-widget-container\">\n\t\t\t\t\t<h2 class=\"elementor-heading-title elementor-size-default\">Reg\u00edstrate para recibir noticias semanales de la Iglesia del Nazareno.<\/h2>\t\t\t\t<\/div>\n\t\t\t\t<\/div>\n\t\t\t\t<\/div>\n\t\t<div class=\"elementor-element elementor-element-4ea9b22 e-con-full e-flex e-con e-child\" data-id=\"4ea9b22\" data-element_type=\"container\" data-e-type=\"container\" data-settings=\"{&quot;jet_parallax_layout_list&quot;:[]}\">\n\t\t\t\t<div class=\"elementor-element elementor-element-c4931a6 elementor-align-center elementor-widget elementor-widget-button\" data-id=\"c4931a6\" data-element_type=\"widget\" data-e-type=\"widget\" data-widget_type=\"button.default\">\n\t\t\t\t<div class=\"elementor-widget-container\">\n\t\t\t\t\t\t\t\t\t<div class=\"elementor-button-wrapper\">\n\t\t\t\t\t<a class=\"elementor-button elementor-button-link elementor-size-sm\" href=\"mailto:pastor@nazarene.org\">\n\t\t\t\t\t\t<span class=\"elementor-button-content-wrapper\">\n\t\t\t\t\t\t<span class=\"elementor-button-icon\">\n\t\t\t\t<svg aria-hidden=\"true\" class=\"e-font-icon-svg e-fas-arrow-right\" viewBox=\"0 0 448 512\" xmlns=\"http:\/\/www.w3.org\/2000\/svg\"><path d=\"M190.5 66.9l22.2-22.2c9.4-9.4 24.6-9.4 33.9 0L441 239c9.4 9.4 9.4 24.6 0 33.9L246.6 467.3c-9.4 9.4-24.6 9.4-33.9 0l-22.2-22.2c-9.5-9.5-9.3-25 .4-34.3L311.4 296H24c-13.3 0-24-10.7-24-24v-32c0-13.3 10.7-24 24-24h287.4L190.9 101.2c-9.8-9.3-10-24.8-.4-34.3z\"><\/path><\/svg>\t\t\t<\/span>\n\t\t\t\t\t\t\t\t\t<span class=\"elementor-button-text\">EMAIL<\/span>\n\t\t\t\t\t<\/span>\n\t\t\t\t\t<\/a>\n\t\t\t\t<\/div>\n\t\t\t\t\t\t\t\t<\/div>\n\t\t\t\t<\/div>\n\t\t\t\t<div class=\"elementor-element elementor-element-d0162a7 elementor-align-center elementor-widget elementor-widget-button\" data-id=\"d0162a7\" data-element_type=\"widget\" data-e-type=\"widget\" data-widget_type=\"button.default\">\n\t\t\t\t<div class=\"elementor-widget-container\">\n\t\t\t\t\t\t\t\t\t<div class=\"elementor-button-wrapper\">\n\t\t\t\t\t<a class=\"elementor-button elementor-button-link elementor-size-sm\" href=\"tel:1-800-306-7651\">\n\t\t\t\t\t\t<span class=\"elementor-button-content-wrapper\">\n\t\t\t\t\t\t<span class=\"elementor-button-icon\">\n\t\t\t\t<svg aria-hidden=\"true\" class=\"e-font-icon-svg e-fas-arrow-right\" viewBox=\"0 0 448 512\" xmlns=\"http:\/\/www.w3.org\/2000\/svg\"><path d=\"M190.5 66.9l22.2-22.2c9.4-9.4 24.6-9.4 33.9 0L441 239c9.4 9.4 9.4 24.6 0 33.9L246.6 467.3c-9.4 9.4-24.6 9.4-33.9 0l-22.2-22.2c-9.5-9.5-9.3-25 .4-34.3L311.4 296H24c-13.3 0-24-10.7-24-24v-32c0-13.3 10.7-24 24-24h287.4L190.9 101.2c-9.8-9.3-10-24.8-.4-34.3z\"><\/path><\/svg>\t\t\t<\/span>\n\t\t\t\t\t\t\t\t\t<span class=\"elementor-button-text\">1-800-306-7651<\/span>\n\t\t\t\t\t<\/span>\n\t\t\t\t\t<\/a>\n\t\t\t\t<\/div>\n\t\t\t\t\t\t\t\t<\/div>\n\t\t\t\t<\/div>\n\t\t\t\t<\/div>\n\t\t\t\t\t<\/div>\n\t\t\t\t<\/div>\n\t\t\t\t<\/div>\n\t\t","protected":false},"excerpt":{"rendered":"<p>Libros de Referencias Ministeriales Libros de Referencias Ministeriales Internacional\u00c1fricaAsia-Pac\u00edficoEurasiaMesoam\u00e9ricaSur Am\u00e9ricaEE. UU.\/Canad\u00e1 &#8211; English, French, Spanish Este libro de referencia (revisado en 2015) sustituye a las versiones anteriores del libro de referencia de Canad\u00e1 y del libro de referencia de EE. UU. NOTA: Para obtener esta informaci\u00f3n, p\u00f3ngase en contacto con el Departamento de Educaci\u00f3n Global [&hellip;]<\/p>\n","protected":false},"author":6,"featured_media":0,"parent":40289,"menu_order":0,"comment_status":"closed","ping_status":"closed","template":"","meta":{"content-type":"","_jet_sm_ready_style":"","_jet_sm_style":"","_jet_sm_controls_values":"","_jet_sm_fonts_collection":"","_jet_sm_fonts_links":"","footnotes":""},"class_list":["post-40264","page","type-page","status-publish","hentry"],"yoast_head":"<!-- This site is optimized with the Yoast SEO Premium plugin v27.1 (Yoast SEO v27.1.1) - https:\/\/yoast.com\/product\/yoast-seo-premium-wordpress\/ -->\n<title>Libros de Referencias Ministeriales - Church of the Nazarene<\/title>\n<meta name=\"robots\" content=\"index, follow, max-snippet:-1, max-image-preview:large, max-video-preview:-1\" \/>\n<link rel=\"canonical\" href=\"https:\/\/nazarene.org\/es\/desarrollo-global-del-clero\/libros-de-fuentes-ministeriales\/\" \/>\n<meta property=\"og:locale\" content=\"es_ES\" \/>\n<meta property=\"og:type\" content=\"article\" \/>\n<meta property=\"og:title\" content=\"Libros de Referencias Ministeriales\" \/>\n<meta property=\"og:description\" content=\"Libros de Referencias Ministeriales Libros de Referencias Ministeriales Internacional\u00c1fricaAsia-Pac\u00edficoEurasiaMesoam\u00e9ricaSur Am\u00e9ricaEE. UU.\/Canad\u00e1 &#8211; English, French, Spanish Este libro de referencia (revisado en 2015) sustituye a las versiones anteriores del libro de referencia de Canad\u00e1 y del libro de referencia de EE. UU. NOTA: Para obtener esta informaci\u00f3n, p\u00f3ngase en contacto con el Departamento de Educaci\u00f3n Global [&hellip;]\" \/>\n<meta property=\"og:url\" content=\"https:\/\/nazarene.org\/es\/desarrollo-global-del-clero\/libros-de-fuentes-ministeriales\/\" \/>\n<meta property=\"og:site_name\" content=\"Church of the Nazarene\" \/>\n<meta property=\"article:publisher\" content=\"https:\/\/www.facebook.com\/NazareneOfficial\/\" \/>\n<meta property=\"article:modified_time\" content=\"2026-03-31T20:38:00+00:00\" \/>\n<meta name=\"twitter:card\" content=\"summary_large_image\" \/>\n<meta name=\"twitter:site\" content=\"@Nazarene\" \/>\n<script type=\"application\/ld+json\" class=\"yoast-schema-graph\">{\"@context\":\"https:\/\/schema.org\",\"@graph\":[{\"@type\":\"WebPage\",\"@id\":\"https:\/\/nazarene.org\/es\/desarrollo-global-del-clero\/libros-de-fuentes-ministeriales\/\",\"url\":\"https:\/\/nazarene.org\/es\/desarrollo-global-del-clero\/libros-de-fuentes-ministeriales\/\",\"name\":\"Libros de Referencias Ministeriales - Church of the Nazarene\",\"isPartOf\":{\"@id\":\"https:\/\/nazarene.org\/es\/#website\"},\"datePublished\":\"2025-01-16T21:07:22+00:00\",\"dateModified\":\"2026-03-31T20:38:00+00:00\",\"breadcrumb\":{\"@id\":\"https:\/\/nazarene.org\/es\/desarrollo-global-del-clero\/libros-de-fuentes-ministeriales\/#breadcrumb\"},\"inLanguage\":\"es\",\"potentialAction\":[{\"@type\":\"ReadAction\",\"target\":[\"https:\/\/nazarene.org\/es\/desarrollo-global-del-clero\/libros-de-fuentes-ministeriales\/\"]}]},{\"@type\":\"BreadcrumbList\",\"@id\":\"https:\/\/nazarene.org\/es\/desarrollo-global-del-clero\/libros-de-fuentes-ministeriales\/#breadcrumb\",\"itemListElement\":[{\"@type\":\"ListItem\",\"position\":1,\"name\":\"Home\",\"item\":\"https:\/\/nazarene.org\/es\/inicio\/\"},{\"@type\":\"ListItem\",\"position\":2,\"name\":\"Desarrollo Global del Cuerpo Ministerial\",\"item\":\"https:\/\/nazarene.org\/es\/desarrollo-global-del-clero\/\"},{\"@type\":\"ListItem\",\"position\":3,\"name\":\"Libros de Referencias Ministeriales\"}]},{\"@type\":\"WebSite\",\"@id\":\"https:\/\/nazarene.org\/es\/#website\",\"url\":\"https:\/\/nazarene.org\/es\/\",\"name\":\"Church of the Nazarene\",\"description\":\"Making Christlike Disciples in the Nations\",\"publisher\":{\"@id\":\"https:\/\/nazarene.org\/es\/#organization\"},\"potentialAction\":[{\"@type\":\"SearchAction\",\"target\":{\"@type\":\"EntryPoint\",\"urlTemplate\":\"https:\/\/nazarene.org\/es\/?s={search_term_string}\"},\"query-input\":{\"@type\":\"PropertyValueSpecification\",\"valueRequired\":true,\"valueName\":\"search_term_string\"}}],\"inLanguage\":\"es\"},{\"@type\":\"Organization\",\"@id\":\"https:\/\/nazarene.org\/es\/#organization\",\"name\":\"Church of the Nazarene\",\"url\":\"https:\/\/nazarene.org\/es\/\",\"logo\":{\"@type\":\"ImageObject\",\"inLanguage\":\"es\",\"@id\":\"https:\/\/nazarene.org\/es\/#\/schema\/logo\/image\/\",\"url\":\"https:\/\/nazarene.org\/wp-content\/uploads\/2024\/06\/Naz_Desktop_Black_Logo-1.svg\",\"contentUrl\":\"https:\/\/nazarene.org\/wp-content\/uploads\/2024\/06\/Naz_Desktop_Black_Logo-1.svg\",\"width\":258,\"height\":36,\"caption\":\"Church of the Nazarene\"},\"image\":{\"@id\":\"https:\/\/nazarene.org\/es\/#\/schema\/logo\/image\/\"},\"sameAs\":[\"https:\/\/www.facebook.com\/NazareneOfficial\/\",\"https:\/\/x.com\/Nazarene\",\"https:\/\/www.instagram.com\/nazareneofficial\/\"]}]}<\/script>\n<!-- \/ Yoast SEO Premium plugin. -->","yoast_head_json":{"title":"Libros de Referencias Ministeriales - Church of the Nazarene","robots":{"index":"index","follow":"follow","max-snippet":"max-snippet:-1","max-image-preview":"max-image-preview:large","max-video-preview":"max-video-preview:-1"},"canonical":"https:\/\/nazarene.org\/es\/desarrollo-global-del-clero\/libros-de-fuentes-ministeriales\/","og_locale":"es_ES","og_type":"article","og_title":"Libros de Referencias Ministeriales","og_description":"Libros de Referencias Ministeriales Libros de Referencias Ministeriales Internacional\u00c1fricaAsia-Pac\u00edficoEurasiaMesoam\u00e9ricaSur Am\u00e9ricaEE. UU.\/Canad\u00e1 &#8211; English, French, Spanish Este libro de referencia (revisado en 2015) sustituye a las versiones anteriores del libro de referencia de Canad\u00e1 y del libro de referencia de EE. UU. NOTA: Para obtener esta informaci\u00f3n, p\u00f3ngase en contacto con el Departamento de Educaci\u00f3n Global [&hellip;]","og_url":"https:\/\/nazarene.org\/es\/desarrollo-global-del-clero\/libros-de-fuentes-ministeriales\/","og_site_name":"Church of the Nazarene","article_publisher":"https:\/\/www.facebook.com\/NazareneOfficial\/","article_modified_time":"2026-03-31T20:38:00+00:00","twitter_card":"summary_large_image","twitter_site":"@Nazarene","schema":{"@context":"https:\/\/schema.org","@graph":[{"@type":"WebPage","@id":"https:\/\/nazarene.org\/es\/desarrollo-global-del-clero\/libros-de-fuentes-ministeriales\/","url":"https:\/\/nazarene.org\/es\/desarrollo-global-del-clero\/libros-de-fuentes-ministeriales\/","name":"Libros de Referencias Ministeriales - Church of the Nazarene","isPartOf":{"@id":"https:\/\/nazarene.org\/es\/#website"},"datePublished":"2025-01-16T21:07:22+00:00","dateModified":"2026-03-31T20:38:00+00:00","breadcrumb":{"@id":"https:\/\/nazarene.org\/es\/desarrollo-global-del-clero\/libros-de-fuentes-ministeriales\/#breadcrumb"},"inLanguage":"es","potentialAction":[{"@type":"ReadAction","target":["https:\/\/nazarene.org\/es\/desarrollo-global-del-clero\/libros-de-fuentes-ministeriales\/"]}]},{"@type":"BreadcrumbList","@id":"https:\/\/nazarene.org\/es\/desarrollo-global-del-clero\/libros-de-fuentes-ministeriales\/#breadcrumb","itemListElement":[{"@type":"ListItem","position":1,"name":"Home","item":"https:\/\/nazarene.org\/es\/inicio\/"},{"@type":"ListItem","position":2,"name":"Desarrollo Global del Cuerpo Ministerial","item":"https:\/\/nazarene.org\/es\/desarrollo-global-del-clero\/"},{"@type":"ListItem","position":3,"name":"Libros de Referencias Ministeriales"}]},{"@type":"WebSite","@id":"https:\/\/nazarene.org\/es\/#website","url":"https:\/\/nazarene.org\/es\/","name":"Church of the Nazarene","description":"Making Christlike Disciples in the Nations","publisher":{"@id":"https:\/\/nazarene.org\/es\/#organization"},"potentialAction":[{"@type":"SearchAction","target":{"@type":"EntryPoint","urlTemplate":"https:\/\/nazarene.org\/es\/?s={search_term_string}"},"query-input":{"@type":"PropertyValueSpecification","valueRequired":true,"valueName":"search_term_string"}}],"inLanguage":"es"},{"@type":"Organization","@id":"https:\/\/nazarene.org\/es\/#organization","name":"Church of the Nazarene","url":"https:\/\/nazarene.org\/es\/","logo":{"@type":"ImageObject","inLanguage":"es","@id":"https:\/\/nazarene.org\/es\/#\/schema\/logo\/image\/","url":"https:\/\/nazarene.org\/wp-content\/uploads\/2024\/06\/Naz_Desktop_Black_Logo-1.svg","contentUrl":"https:\/\/nazarene.org\/wp-content\/uploads\/2024\/06\/Naz_Desktop_Black_Logo-1.svg","width":258,"height":36,"caption":"Church of the Nazarene"},"image":{"@id":"https:\/\/nazarene.org\/es\/#\/schema\/logo\/image\/"},"sameAs":["https:\/\/www.facebook.com\/NazareneOfficial\/","https:\/\/x.com\/Nazarene","https:\/\/www.instagram.com\/nazareneofficial\/"]}]}},"_links":{"self":[{"href":"https:\/\/nazarene.org\/es\/wp-json\/wp\/v2\/pages\/40264","targetHints":{"allow":["GET"]}}],"collection":[{"href":"https:\/\/nazarene.org\/es\/wp-json\/wp\/v2\/pages"}],"about":[{"href":"https:\/\/nazarene.org\/es\/wp-json\/wp\/v2\/types\/page"}],"author":[{"embeddable":true,"href":"https:\/\/nazarene.org\/es\/wp-json\/wp\/v2\/users\/6"}],"replies":[{"embeddable":true,"href":"https:\/\/nazarene.org\/es\/wp-json\/wp\/v2\/comments?post=40264"}],"version-history":[{"count":7,"href":"https:\/\/nazarene.org\/es\/wp-json\/wp\/v2\/pages\/40264\/revisions"}],"predecessor-version":[{"id":71544,"href":"https:\/\/nazarene.org\/es\/wp-json\/wp\/v2\/pages\/40264\/revisions\/71544"}],"up":[{"embeddable":true,"href":"https:\/\/nazarene.org\/es\/wp-json\/wp\/v2\/pages\/40289"}],"wp:attachment":[{"href":"https:\/\/nazarene.org\/es\/wp-json\/wp\/v2\/media?parent=40264"}],"curies":[{"name":"wp","href":"https:\/\/api.w.org\/{rel}","templated":true}]}}