{"id":40236,"date":"2025-01-16T11:12:57","date_gmt":"2025-01-16T17:12:57","guid":{"rendered":"https:\/\/nazarene.org\/licencias-y-ordenacion\/"},"modified":"2026-03-24T09:49:48","modified_gmt":"2026-03-24T14:49:48","slug":"licencias-y-ordenacion","status":"publish","type":"page","link":"https:\/\/nazarene.org\/es\/desarrollo-global-del-clero\/licencias-y-ordenacion\/","title":{"rendered":"Licencias y Ordenaci\u00f3n"},"content":{"rendered":"\t\t<div data-elementor-type=\"wp-page\" data-elementor-id=\"40236\" class=\"elementor elementor-40236 elementor-6268\" data-elementor-post-type=\"page\">\n\t\t\t\t<div class=\"elementor-element elementor-element-3afea2b e-flex e-con-boxed e-con e-parent\" data-id=\"3afea2b\" data-element_type=\"container\" data-e-type=\"container\" data-settings=\"{&quot;background_background&quot;:&quot;gradient&quot;,&quot;jet_parallax_layout_list&quot;:[]}\">\n\t\t\t\t\t<div class=\"e-con-inner\">\n\t\t\t\t<div class=\"elementor-element elementor-element-d4ac1ba elementor-widget elementor-widget-heading\" data-id=\"d4ac1ba\" data-element_type=\"widget\" data-e-type=\"widget\" data-widget_type=\"heading.default\">\n\t\t\t\t<div class=\"elementor-widget-container\">\n\t\t\t\t\t<h1 class=\"elementor-heading-title elementor-size-default\">Licencias y Ordenaci\u00f3n<\/h1>\t\t\t\t<\/div>\n\t\t\t\t<\/div>\n\t\t\t\t\t<\/div>\n\t\t\t\t<\/div>\n\t\t<div class=\"elementor-element elementor-element-4ea39de e-flex e-con-boxed e-con e-parent\" data-id=\"4ea39de\" data-element_type=\"container\" data-e-type=\"container\" data-settings=\"{&quot;jet_parallax_layout_list&quot;:[],&quot;background_background&quot;:&quot;classic&quot;}\">\n\t\t\t\t\t<div class=\"e-con-inner\">\n\t\t<div class=\"elementor-element elementor-element-67e09d3 e-con-full e-flex e-con e-child\" data-id=\"67e09d3\" data-element_type=\"container\" data-e-type=\"container\" data-settings=\"{&quot;background_background&quot;:&quot;classic&quot;,&quot;jet_parallax_layout_list&quot;:[]}\">\n\t\t\t\t<div class=\"elementor-element elementor-element-5061490 elementor-widget__width-initial elementor-widget-mobile__width-inherit elementor-widget elementor-widget-heading\" data-id=\"5061490\" data-element_type=\"widget\" data-e-type=\"widget\" data-widget_type=\"heading.default\">\n\t\t\t\t<div class=\"elementor-widget-container\">\n\t\t\t\t\t<h3 class=\"elementor-heading-title elementor-size-default\">A continuaci\u00f3n encontrar\u00e1 los formularios y solicitudes requeridos para obtener licencias ministeriales y ordenaciones. Para obtener informaci\u00f3n sobre los procedimientos espec\u00edficos de su regi\u00f3n, consulte el sitio web regional.<\/h3>\t\t\t\t<\/div>\n\t\t\t\t<\/div>\n\t\t\t\t<\/div>\n\t\t\t\t\t<\/div>\n\t\t\t\t<\/div>\n\t\t<div class=\"elementor-element elementor-element-d81cb13 e-flex e-con-boxed e-con e-parent\" data-id=\"d81cb13\" data-element_type=\"container\" data-e-type=\"container\" data-settings=\"{&quot;jet_parallax_layout_list&quot;:[],&quot;background_background&quot;:&quot;classic&quot;}\">\n\t\t\t\t\t<div class=\"e-con-inner\">\n\t\t<div class=\"elementor-element elementor-element-d0c3a6c e-con-full e-flex e-con e-child\" data-id=\"d0c3a6c\" data-element_type=\"container\" data-e-type=\"container\" data-settings=\"{&quot;background_background&quot;:&quot;classic&quot;,&quot;jet_parallax_layout_list&quot;:[]}\">\n\t\t\t\t<div class=\"elementor-element elementor-element-5645119 elementor-widget elementor-widget-heading\" data-id=\"5645119\" data-element_type=\"widget\" data-e-type=\"widget\" data-widget_type=\"heading.default\">\n\t\t\t\t<div class=\"elementor-widget-container\">\n\t\t\t\t\t<h1 class=\"elementor-heading-title elementor-size-default\">Formularios<\/h1>\t\t\t\t<\/div>\n\t\t\t\t<\/div>\n\t\t\t\t<div class=\"elementor-element elementor-element-e50a656 elementor-widget elementor-widget-text-editor\" data-id=\"e50a656\" data-element_type=\"widget\" data-e-type=\"widget\" data-widget_type=\"text-editor.default\">\n\t\t\t\t<div class=\"elementor-widget-container\">\n\t\t\t\t\t\t\t\t\t<p><strong>Formulario de Verificaci\u00f3n de Historial<\/strong> &#8211; <a href=\"\/wp-content\/uploads\/2025\/01\/Verification_CredentialHistoryRequest_fillableForm_2016-11.pdf\" target=\"_blank\" rel=\"noopener\">English<\/a>, <a href=\"\/wp-content\/uploads\/2025\/01\/Demande-de-verification-de-lhistorique-de-laccreditation.pdf\" target=\"_blank\" rel=\"noopener\">Fran\u00e7ais<\/a>, <a href=\"\/wp-content\/uploads\/2025\/01\/CredentialVerificationKorean.pdf\" target=\"_blank\" rel=\"noopener\">\ud55c\uad6d\uc5b4<\/a>, <a href=\"\/wp-content\/uploads\/2025\/01\/CredentialVerificationPortuguese.pdf\" target=\"_blank\" rel=\"noopener\">Portugu\u00eas<\/a>)<\/p><p><strong>Manuales Regionales para Candidatos Ministeriales <\/strong>&#8211; EE. UU. \/Canada: <a href=\"\/wp-content\/uploads\/2025\/01\/GuideToMinisterialPrepAndOrdination.pdf\" target=\"_blank\" rel=\"noopener\">English<\/a>, <a href=\"\/wp-content\/uploads\/2025\/01\/Guide-de-la-preparation-ministerielle-et-de-lordination.pdf\" target=\"_blank\" rel=\"noopener\">Fran\u00e7ais<\/a>, <a href=\"\/wp-content\/uploads\/2025\/01\/Guia-para-la-Preparacion-Ministerial-y-Ordenacion-2017.pdf\" target=\"_blank\" rel=\"noopener\">Espa\u00f1ol<\/a><\/p><p>Solicitud de Licencias de Ministros Distritales &#8211; <a href=\"\/wp-content\/uploads\/2025\/01\/ApplicationForDistrictMinistersLicenseEnglish-FORM-1.30.18.pdf\" target=\"_blank\" rel=\"noopener\">English<\/a>, <a href=\"\/wp-content\/uploads\/2025\/01\/Application-For-District-Ministers-License-French-1.3.2018-Rev.pdf\" target=\"_blank\" rel=\"noopener\">Fran\u00e7ais<\/a>, <a href=\"\/wp-content\/uploads\/2025\/01\/ApplicationForDistrictMinistersLicenseSpanish-FORM-1.30.2018.pdf\" target=\"_blank\" rel=\"noopener\">Espa\u00f1ol<\/a>, <a href=\"\/wp-content\/uploads\/2025\/01\/ApplicationForDistrictMinistersLicensePortuguese-1.30.2018-Rev.pdf\" target=\"_blank\" rel=\"noopener\">Portugu\u00e8s<\/a><\/p><p>Un paso esencial para la acreditaci\u00f3n de cualquier persona que solicite una licencia ministerial local o distrital es verificar su historial de credenciales en la Iglesia del Nazareno ante la Oficina del Secretario General. Dicha verificaci\u00f3n constituye un ejercicio indispensable de diligencia debida por parte de las juntas de las iglesias locales y de los distritos en el cumplimiento de sus respectivas responsabilidades en relaci\u00f3n con la concesi\u00f3n de licencias ministeriales. <\/p>\t\t\t\t\t\t\t\t<\/div>\n\t\t\t\t<\/div>\n\t\t\t\t<div class=\"elementor-element elementor-element-c713665 elementor-widget elementor-widget-heading\" data-id=\"c713665\" data-element_type=\"widget\" data-e-type=\"widget\" data-widget_type=\"heading.default\">\n\t\t\t\t<div class=\"elementor-widget-container\">\n\t\t\t\t\t<h1 class=\"elementor-heading-title elementor-size-default\">Solicitud de Ordenaci\u00f3n\/Reconocimiento de Ordenaci\u00f3n<\/h1>\t\t\t\t<\/div>\n\t\t\t\t<\/div>\n\t\t\t\t<div class=\"elementor-element elementor-element-743cff7 elementor-widget__width-inherit elementor-widget elementor-widget-text-editor\" data-id=\"743cff7\" data-element_type=\"widget\" data-e-type=\"widget\" data-widget_type=\"text-editor.default\">\n\t\t\t\t<div class=\"elementor-widget-container\">\n\t\t\t\t\t\t\t\t\t<p><a href=\"\/wp-content\/uploads\/2025\/01\/Ordination-Recognition-Questionnaire-English-rev-11.2.18-fill-in.pdf\" target=\"_blank\" rel=\"noopener\">Solicitud de Ordenaci\u00f3n<\/a><br>Para candidatos a la ordenaci\u00f3n o Ministros Ordenados que soliciten el reconocimiento de sus credenciales<\/p><p><a href=\"\/wp-content\/uploads\/2025\/01\/QUESTIONNAIRE-POUR-LORDINATION-OU-LA-RECONNAISSANCE-rev-02.11.2018.pdf\" target=\"_blank\" rel=\"noopener\">Demande d&#8217;ordination (Fran\u00e7ais)<\/a><br>Pour les candidat(e)s \u00e0 l&#8217;ordination ou les ministres ordonn\u00e9s demandant la reconnaissance de leur accr\u00e9ditation <\/p><p><a href=\"\/wp-content\/uploads\/2025\/01\/Cuestionario-para-Ordenacion-y-Reconocimiento-de-Credencial-rev-11-2018-fill-in.pdf\" target=\"_blank\" rel=\"noopener\">Demande d&#8217;ordination (Espa\u00f1ol)<\/a><br>Para candidatos a la ordenados o Ministros Ordenados que soliciten el reconocimiento de sus credenciales<\/p><p><a href=\"\/wp-content\/uploads\/2025\/01\/Questionario-para-Ordenacao-Reconhecimento-Rev-5.11.18-Fill-in.pdf\" target=\"_blank\" rel=\"noopener\">Pedido de Ordena\u00e7\u00e3o (Portugu\u00e8s)<\/a><br>Para Candidatos \u00e0 Ordena\u00e7\u00e3o ou Ministros Ordenados pedindo o reconhecimento de Credenciais<\/p>\t\t\t\t\t\t\t\t<\/div>\n\t\t\t\t<\/div>\n\t\t\t\t<\/div>\n\t\t\t\t\t<\/div>\n\t\t\t\t<\/div>\n\t\t<div class=\"elementor-element elementor-element-8f468c7 e-flex e-con-boxed e-con e-parent\" data-id=\"8f468c7\" data-element_type=\"container\" data-e-type=\"container\" data-settings=\"{&quot;background_background&quot;:&quot;classic&quot;,&quot;jet_parallax_layout_list&quot;:[]}\">\n\t\t\t\t\t<div class=\"e-con-inner\">\n\t\t<div class=\"elementor-element elementor-element-73b55ea e-con-full e-flex e-con e-child\" data-id=\"73b55ea\" data-element_type=\"container\" data-e-type=\"container\" data-settings=\"{&quot;jet_parallax_layout_list&quot;:[]}\">\n\t\t\t\t<div class=\"elementor-element elementor-element-b68b509 elementor-widget elementor-widget-heading\" data-id=\"b68b509\" data-element_type=\"widget\" data-e-type=\"widget\" data-widget_type=\"heading.default\">\n\t\t\t\t<div class=\"elementor-widget-container\">\n\t\t\t\t\t<h1 class=\"elementor-heading-title elementor-size-default\">C\u00f3mo ponerse en contacto con Desarrollo del Cuerpo Ministerial<\/h1>\t\t\t\t<\/div>\n\t\t\t\t<\/div>\n\t\t\t\t<div class=\"elementor-element elementor-element-796d497 elementor-widget elementor-widget-heading\" data-id=\"796d497\" data-element_type=\"widget\" data-e-type=\"widget\" data-widget_type=\"heading.default\">\n\t\t\t\t<div class=\"elementor-widget-container\">\n\t\t\t\t\t<h2 class=\"elementor-heading-title elementor-size-default\">Reg\u00edstrate para recibir noticias semanales de la Iglesia del Nazareno.<\/h2>\t\t\t\t<\/div>\n\t\t\t\t<\/div>\n\t\t\t\t<\/div>\n\t\t<div class=\"elementor-element elementor-element-92eaceb e-con-full e-flex e-con e-child\" data-id=\"92eaceb\" data-element_type=\"container\" data-e-type=\"container\" data-settings=\"{&quot;jet_parallax_layout_list&quot;:[]}\">\n\t\t\t\t<div class=\"elementor-element elementor-element-0d18b7c elementor-align-center elementor-widget elementor-widget-button\" data-id=\"0d18b7c\" data-element_type=\"widget\" data-e-type=\"widget\" data-widget_type=\"button.default\">\n\t\t\t\t<div class=\"elementor-widget-container\">\n\t\t\t\t\t\t\t\t\t<div class=\"elementor-button-wrapper\">\n\t\t\t\t\t<a class=\"elementor-button elementor-button-link elementor-size-sm\" href=\"mailto:pastor@nazarene.org\">\n\t\t\t\t\t\t<span class=\"elementor-button-content-wrapper\">\n\t\t\t\t\t\t<span class=\"elementor-button-icon\">\n\t\t\t\t<svg aria-hidden=\"true\" class=\"e-font-icon-svg e-fas-arrow-right\" viewBox=\"0 0 448 512\" xmlns=\"http:\/\/www.w3.org\/2000\/svg\"><path d=\"M190.5 66.9l22.2-22.2c9.4-9.4 24.6-9.4 33.9 0L441 239c9.4 9.4 9.4 24.6 0 33.9L246.6 467.3c-9.4 9.4-24.6 9.4-33.9 0l-22.2-22.2c-9.5-9.5-9.3-25 .4-34.3L311.4 296H24c-13.3 0-24-10.7-24-24v-32c0-13.3 10.7-24 24-24h287.4L190.9 101.2c-9.8-9.3-10-24.8-.4-34.3z\"><\/path><\/svg>\t\t\t<\/span>\n\t\t\t\t\t\t\t\t\t<span class=\"elementor-button-text\">EMAIL<\/span>\n\t\t\t\t\t<\/span>\n\t\t\t\t\t<\/a>\n\t\t\t\t<\/div>\n\t\t\t\t\t\t\t\t<\/div>\n\t\t\t\t<\/div>\n\t\t\t\t<div class=\"elementor-element elementor-element-a338f67 elementor-align-center elementor-widget elementor-widget-button\" data-id=\"a338f67\" data-element_type=\"widget\" data-e-type=\"widget\" data-widget_type=\"button.default\">\n\t\t\t\t<div class=\"elementor-widget-container\">\n\t\t\t\t\t\t\t\t\t<div class=\"elementor-button-wrapper\">\n\t\t\t\t\t<a class=\"elementor-button elementor-button-link elementor-size-sm\" href=\"tel:1-800-306-7651\">\n\t\t\t\t\t\t<span class=\"elementor-button-content-wrapper\">\n\t\t\t\t\t\t<span class=\"elementor-button-icon\">\n\t\t\t\t<svg aria-hidden=\"true\" class=\"e-font-icon-svg e-fas-arrow-right\" viewBox=\"0 0 448 512\" xmlns=\"http:\/\/www.w3.org\/2000\/svg\"><path d=\"M190.5 66.9l22.2-22.2c9.4-9.4 24.6-9.4 33.9 0L441 239c9.4 9.4 9.4 24.6 0 33.9L246.6 467.3c-9.4 9.4-24.6 9.4-33.9 0l-22.2-22.2c-9.5-9.5-9.3-25 .4-34.3L311.4 296H24c-13.3 0-24-10.7-24-24v-32c0-13.3 10.7-24 24-24h287.4L190.9 101.2c-9.8-9.3-10-24.8-.4-34.3z\"><\/path><\/svg>\t\t\t<\/span>\n\t\t\t\t\t\t\t\t\t<span class=\"elementor-button-text\">1-800-306-7651<\/span>\n\t\t\t\t\t<\/span>\n\t\t\t\t\t<\/a>\n\t\t\t\t<\/div>\n\t\t\t\t\t\t\t\t<\/div>\n\t\t\t\t<\/div>\n\t\t\t\t<\/div>\n\t\t\t\t\t<\/div>\n\t\t\t\t<\/div>\n\t\t\t\t<\/div>\n\t\t","protected":false},"excerpt":{"rendered":"<p>Licencias y Ordenaci\u00f3n A continuaci\u00f3n encontrar\u00e1 los formularios y solicitudes requeridos para obtener licencias ministeriales y ordenaciones. Para obtener informaci\u00f3n sobre los procedimientos espec\u00edficos de su regi\u00f3n, consulte el sitio web regional. Formularios Formulario de Verificaci\u00f3n de Historial &#8211; English, Fran\u00e7ais, \ud55c\uad6d\uc5b4, Portugu\u00eas) Manuales Regionales para Candidatos Ministeriales &#8211; EE. UU. \/Canada: English, Fran\u00e7ais, Espa\u00f1ol [&hellip;]<\/p>\n","protected":false},"author":6,"featured_media":0,"parent":40289,"menu_order":0,"comment_status":"closed","ping_status":"closed","template":"","meta":{"content-type":"","_jet_sm_ready_style":"","_jet_sm_style":"","_jet_sm_controls_values":"","_jet_sm_fonts_collection":"","_jet_sm_fonts_links":"","footnotes":""},"class_list":["post-40236","page","type-page","status-publish","hentry"],"yoast_head":"<!-- This site is optimized with the Yoast SEO Premium plugin v27.1 (Yoast SEO v27.1.1) - https:\/\/yoast.com\/product\/yoast-seo-premium-wordpress\/ -->\n<title>Licencias y Ordenaci\u00f3n - Church of the Nazarene<\/title>\n<meta name=\"robots\" content=\"index, follow, max-snippet:-1, max-image-preview:large, max-video-preview:-1\" \/>\n<link rel=\"canonical\" href=\"https:\/\/nazarene.org\/es\/desarrollo-global-del-clero\/licencias-y-ordenacion\/\" \/>\n<meta property=\"og:locale\" content=\"es_ES\" \/>\n<meta property=\"og:type\" content=\"article\" \/>\n<meta property=\"og:title\" content=\"Licencias y Ordenaci\u00f3n\" \/>\n<meta property=\"og:description\" content=\"Licencias y Ordenaci\u00f3n A continuaci\u00f3n encontrar\u00e1 los formularios y solicitudes requeridos para obtener licencias ministeriales y ordenaciones. Para obtener informaci\u00f3n sobre los procedimientos espec\u00edficos de su regi\u00f3n, consulte el sitio web regional. Formularios Formulario de Verificaci\u00f3n de Historial &#8211; English, Fran\u00e7ais, \ud55c\uad6d\uc5b4, Portugu\u00eas) Manuales Regionales para Candidatos Ministeriales &#8211; EE. UU. \/Canada: English, Fran\u00e7ais, Espa\u00f1ol [&hellip;]\" \/>\n<meta property=\"og:url\" content=\"https:\/\/nazarene.org\/es\/desarrollo-global-del-clero\/licencias-y-ordenacion\/\" \/>\n<meta property=\"og:site_name\" content=\"Church of the Nazarene\" \/>\n<meta property=\"article:publisher\" content=\"https:\/\/www.facebook.com\/NazareneOfficial\/\" \/>\n<meta property=\"article:modified_time\" content=\"2026-03-24T14:49:48+00:00\" \/>\n<meta name=\"twitter:card\" content=\"summary_large_image\" \/>\n<meta name=\"twitter:site\" content=\"@Nazarene\" \/>\n<script type=\"application\/ld+json\" class=\"yoast-schema-graph\">{\"@context\":\"https:\/\/schema.org\",\"@graph\":[{\"@type\":\"WebPage\",\"@id\":\"https:\/\/nazarene.org\/es\/desarrollo-global-del-clero\/licencias-y-ordenacion\/\",\"url\":\"https:\/\/nazarene.org\/es\/desarrollo-global-del-clero\/licencias-y-ordenacion\/\",\"name\":\"Licencias y Ordenaci\u00f3n - Church of the Nazarene\",\"isPartOf\":{\"@id\":\"https:\/\/nazarene.org\/es\/#website\"},\"datePublished\":\"2025-01-16T17:12:57+00:00\",\"dateModified\":\"2026-03-24T14:49:48+00:00\",\"breadcrumb\":{\"@id\":\"https:\/\/nazarene.org\/es\/desarrollo-global-del-clero\/licencias-y-ordenacion\/#breadcrumb\"},\"inLanguage\":\"es\",\"potentialAction\":[{\"@type\":\"ReadAction\",\"target\":[\"https:\/\/nazarene.org\/es\/desarrollo-global-del-clero\/licencias-y-ordenacion\/\"]}]},{\"@type\":\"BreadcrumbList\",\"@id\":\"https:\/\/nazarene.org\/es\/desarrollo-global-del-clero\/licencias-y-ordenacion\/#breadcrumb\",\"itemListElement\":[{\"@type\":\"ListItem\",\"position\":1,\"name\":\"Home\",\"item\":\"https:\/\/nazarene.org\/es\/inicio\/\"},{\"@type\":\"ListItem\",\"position\":2,\"name\":\"Desarrollo Global del Cuerpo Ministerial\",\"item\":\"https:\/\/nazarene.org\/es\/desarrollo-global-del-clero\/\"},{\"@type\":\"ListItem\",\"position\":3,\"name\":\"Licencias y Ordenaci\u00f3n\"}]},{\"@type\":\"WebSite\",\"@id\":\"https:\/\/nazarene.org\/es\/#website\",\"url\":\"https:\/\/nazarene.org\/es\/\",\"name\":\"Church of the Nazarene\",\"description\":\"Making Christlike Disciples in the Nations\",\"publisher\":{\"@id\":\"https:\/\/nazarene.org\/es\/#organization\"},\"potentialAction\":[{\"@type\":\"SearchAction\",\"target\":{\"@type\":\"EntryPoint\",\"urlTemplate\":\"https:\/\/nazarene.org\/es\/?s={search_term_string}\"},\"query-input\":{\"@type\":\"PropertyValueSpecification\",\"valueRequired\":true,\"valueName\":\"search_term_string\"}}],\"inLanguage\":\"es\"},{\"@type\":\"Organization\",\"@id\":\"https:\/\/nazarene.org\/es\/#organization\",\"name\":\"Church of the Nazarene\",\"url\":\"https:\/\/nazarene.org\/es\/\",\"logo\":{\"@type\":\"ImageObject\",\"inLanguage\":\"es\",\"@id\":\"https:\/\/nazarene.org\/es\/#\/schema\/logo\/image\/\",\"url\":\"https:\/\/nazarene.org\/wp-content\/uploads\/2024\/06\/Naz_Desktop_Black_Logo-1.svg\",\"contentUrl\":\"https:\/\/nazarene.org\/wp-content\/uploads\/2024\/06\/Naz_Desktop_Black_Logo-1.svg\",\"width\":258,\"height\":36,\"caption\":\"Church of the Nazarene\"},\"image\":{\"@id\":\"https:\/\/nazarene.org\/es\/#\/schema\/logo\/image\/\"},\"sameAs\":[\"https:\/\/www.facebook.com\/NazareneOfficial\/\",\"https:\/\/x.com\/Nazarene\",\"https:\/\/www.instagram.com\/nazareneofficial\/\"]}]}<\/script>\n<!-- \/ Yoast SEO Premium plugin. -->","yoast_head_json":{"title":"Licencias y Ordenaci\u00f3n - Church of the Nazarene","robots":{"index":"index","follow":"follow","max-snippet":"max-snippet:-1","max-image-preview":"max-image-preview:large","max-video-preview":"max-video-preview:-1"},"canonical":"https:\/\/nazarene.org\/es\/desarrollo-global-del-clero\/licencias-y-ordenacion\/","og_locale":"es_ES","og_type":"article","og_title":"Licencias y Ordenaci\u00f3n","og_description":"Licencias y Ordenaci\u00f3n A continuaci\u00f3n encontrar\u00e1 los formularios y solicitudes requeridos para obtener licencias ministeriales y ordenaciones. Para obtener informaci\u00f3n sobre los procedimientos espec\u00edficos de su regi\u00f3n, consulte el sitio web regional. Formularios Formulario de Verificaci\u00f3n de Historial &#8211; English, Fran\u00e7ais, \ud55c\uad6d\uc5b4, Portugu\u00eas) Manuales Regionales para Candidatos Ministeriales &#8211; EE. UU. \/Canada: English, Fran\u00e7ais, Espa\u00f1ol [&hellip;]","og_url":"https:\/\/nazarene.org\/es\/desarrollo-global-del-clero\/licencias-y-ordenacion\/","og_site_name":"Church of the Nazarene","article_publisher":"https:\/\/www.facebook.com\/NazareneOfficial\/","article_modified_time":"2026-03-24T14:49:48+00:00","twitter_card":"summary_large_image","twitter_site":"@Nazarene","schema":{"@context":"https:\/\/schema.org","@graph":[{"@type":"WebPage","@id":"https:\/\/nazarene.org\/es\/desarrollo-global-del-clero\/licencias-y-ordenacion\/","url":"https:\/\/nazarene.org\/es\/desarrollo-global-del-clero\/licencias-y-ordenacion\/","name":"Licencias y Ordenaci\u00f3n - Church of the Nazarene","isPartOf":{"@id":"https:\/\/nazarene.org\/es\/#website"},"datePublished":"2025-01-16T17:12:57+00:00","dateModified":"2026-03-24T14:49:48+00:00","breadcrumb":{"@id":"https:\/\/nazarene.org\/es\/desarrollo-global-del-clero\/licencias-y-ordenacion\/#breadcrumb"},"inLanguage":"es","potentialAction":[{"@type":"ReadAction","target":["https:\/\/nazarene.org\/es\/desarrollo-global-del-clero\/licencias-y-ordenacion\/"]}]},{"@type":"BreadcrumbList","@id":"https:\/\/nazarene.org\/es\/desarrollo-global-del-clero\/licencias-y-ordenacion\/#breadcrumb","itemListElement":[{"@type":"ListItem","position":1,"name":"Home","item":"https:\/\/nazarene.org\/es\/inicio\/"},{"@type":"ListItem","position":2,"name":"Desarrollo Global del Cuerpo Ministerial","item":"https:\/\/nazarene.org\/es\/desarrollo-global-del-clero\/"},{"@type":"ListItem","position":3,"name":"Licencias y Ordenaci\u00f3n"}]},{"@type":"WebSite","@id":"https:\/\/nazarene.org\/es\/#website","url":"https:\/\/nazarene.org\/es\/","name":"Church of the Nazarene","description":"Making Christlike Disciples in the Nations","publisher":{"@id":"https:\/\/nazarene.org\/es\/#organization"},"potentialAction":[{"@type":"SearchAction","target":{"@type":"EntryPoint","urlTemplate":"https:\/\/nazarene.org\/es\/?s={search_term_string}"},"query-input":{"@type":"PropertyValueSpecification","valueRequired":true,"valueName":"search_term_string"}}],"inLanguage":"es"},{"@type":"Organization","@id":"https:\/\/nazarene.org\/es\/#organization","name":"Church of the Nazarene","url":"https:\/\/nazarene.org\/es\/","logo":{"@type":"ImageObject","inLanguage":"es","@id":"https:\/\/nazarene.org\/es\/#\/schema\/logo\/image\/","url":"https:\/\/nazarene.org\/wp-content\/uploads\/2024\/06\/Naz_Desktop_Black_Logo-1.svg","contentUrl":"https:\/\/nazarene.org\/wp-content\/uploads\/2024\/06\/Naz_Desktop_Black_Logo-1.svg","width":258,"height":36,"caption":"Church of the Nazarene"},"image":{"@id":"https:\/\/nazarene.org\/es\/#\/schema\/logo\/image\/"},"sameAs":["https:\/\/www.facebook.com\/NazareneOfficial\/","https:\/\/x.com\/Nazarene","https:\/\/www.instagram.com\/nazareneofficial\/"]}]}},"_links":{"self":[{"href":"https:\/\/nazarene.org\/es\/wp-json\/wp\/v2\/pages\/40236","targetHints":{"allow":["GET"]}}],"collection":[{"href":"https:\/\/nazarene.org\/es\/wp-json\/wp\/v2\/pages"}],"about":[{"href":"https:\/\/nazarene.org\/es\/wp-json\/wp\/v2\/types\/page"}],"author":[{"embeddable":true,"href":"https:\/\/nazarene.org\/es\/wp-json\/wp\/v2\/users\/6"}],"replies":[{"embeddable":true,"href":"https:\/\/nazarene.org\/es\/wp-json\/wp\/v2\/comments?post=40236"}],"version-history":[{"count":6,"href":"https:\/\/nazarene.org\/es\/wp-json\/wp\/v2\/pages\/40236\/revisions"}],"predecessor-version":[{"id":70364,"href":"https:\/\/nazarene.org\/es\/wp-json\/wp\/v2\/pages\/40236\/revisions\/70364"}],"up":[{"embeddable":true,"href":"https:\/\/nazarene.org\/es\/wp-json\/wp\/v2\/pages\/40289"}],"wp:attachment":[{"href":"https:\/\/nazarene.org\/es\/wp-json\/wp\/v2\/media?parent=40236"}],"curies":[{"name":"wp","href":"https:\/\/api.w.org\/{rel}","templated":true}]}}