{"id":39929,"date":"2025-03-20T15:24:29","date_gmt":"2025-03-20T20:24:29","guid":{"rendered":"https:\/\/nazarene.org\/smith-y-vision-nazarena\/"},"modified":"2025-06-10T03:16:46","modified_gmt":"2025-06-10T08:16:46","slug":"smith-y-vision-nazarena","status":"publish","type":"page","link":"https:\/\/nazarene.org\/es\/smith-y-vision-nazarena\/","title":{"rendered":"Smith y Visi\u00f3n Nazarena"},"content":{"rendered":"\t\t<div data-elementor-type=\"wp-page\" data-elementor-id=\"39929\" class=\"elementor elementor-39929 elementor-21716\" data-elementor-post-type=\"page\">\n\t\t\t\t<div class=\"elementor-element elementor-element-3afea2b e-flex e-con-boxed e-con e-parent\" data-id=\"3afea2b\" data-element_type=\"container\" data-e-type=\"container\" data-settings=\"{&quot;background_background&quot;:&quot;classic&quot;,&quot;jet_parallax_layout_list&quot;:[]}\">\n\t\t\t\t\t<div class=\"e-con-inner\">\n\t\t\t\t<div class=\"elementor-element elementor-element-d4ac1ba elementor-widget elementor-widget-heading\" data-id=\"d4ac1ba\" data-element_type=\"widget\" data-e-type=\"widget\" data-widget_type=\"heading.default\">\n\t\t\t\t<div class=\"elementor-widget-container\">\n\t\t\t\t\t<h1 class=\"elementor-heading-title elementor-size-default\">Smith y Visi\u00f3n Nazarena<\/h1>\t\t\t\t<\/div>\n\t\t\t\t<\/div>\n\t\t\t\t\t<\/div>\n\t\t\t\t<\/div>\n\t\t<div class=\"elementor-element elementor-element-12e9800 e-flex e-con-boxed e-con e-parent\" data-id=\"12e9800\" data-element_type=\"container\" data-e-type=\"container\" data-settings=\"{&quot;background_background&quot;:&quot;classic&quot;,&quot;jet_parallax_layout_list&quot;:[]}\">\n\t\t\t\t\t<div class=\"e-con-inner\">\n\t\t<div class=\"elementor-element elementor-element-43e6c2c e-con-full e-flex e-con e-child\" data-id=\"43e6c2c\" data-element_type=\"container\" data-e-type=\"container\" data-settings=\"{&quot;jet_parallax_layout_list&quot;:[],&quot;background_background&quot;:&quot;classic&quot;}\">\n\t\t\t\t<div class=\"elementor-element elementor-element-a9cae34 elementor-widget elementor-widget-heading\" data-id=\"a9cae34\" data-element_type=\"widget\" data-e-type=\"widget\" data-widget_type=\"heading.default\">\n\t\t\t\t<div class=\"elementor-widget-container\">\n\t\t\t\t\t<h3 class=\"elementor-heading-title elementor-size-default\">Timothy Smith y la recuperaci\u00f3n de la Visi\u00f3n nazarena<\/h3>\t\t\t\t<\/div>\n\t\t\t\t<\/div>\n\t\t\t\t<div class=\"elementor-element elementor-element-f98ea5a elementor-widget__width-initial elementor-widget elementor-widget-text-editor\" data-id=\"f98ea5a\" data-element_type=\"widget\" data-e-type=\"widget\" data-widget_type=\"text-editor.default\">\n\t\t\t\t<div class=\"elementor-widget-container\">\n\t\t\t\t\t\t\t\t\t<div class=\"layout__region layout__region--left flex-1-1 flex-grow-0 xl-flex-4-5\"><div class=\"block__wysiwyg\" data-layout-content-preview-placeholder-label=\"\" content=\"\" block=\"\"><div class=\"styles-wrapper-c99c42b8-ff27-4af5-a290-1259c4c27ea2\"><section class=\"wysiwyg\"><div class=\"wysiwyg__content\"><div class=\"flex-container flex-wrap\"><p>Santidad hoy (marzo de 1999)<\/p><p>Nadie rastre\u00f3 las huellas en todo el paisaje nazareno mejor que Timothy L. Smith. Historiador, pastor, maestro y predicador, Smith encarn\u00f3 uno de los ideales m\u00e1s nobles de John Wesley: la uni\u00f3n de \u00abconocimiento y piedad vital\u00bb.<\/p><p>Smith era producto de un hogar nazareno y ambos padres, de hecho, eran ministros. Comenz\u00f3 a realizar avivamientos mucho antes de graduarse con honores en historia de la Universidad de Virginia, mostrando un compromiso temprano tanto con la iglesia como con el aprendizaje.<\/p><p>Obtuvo t\u00edtulos avanzados en historia estadounidense en la Universidad de Harvard, heredando los intereses de su mentor, Arthur Schlesinger, Sr., en Am\u00e9rica urbana, fermento social y reforma. El primer libro de Smith, <em>Revivalismo y Reforma Social<\/em>, era una publicaci\u00f3n importante y ha estado impreso casi continuamente desde 1957. Smith contrarrest\u00f3 las ideas prevalentes entonces sobre el renacimiento.<\/p><p>En ese momento, muchos acad\u00e9micos asumieron que el reavivamiento era una fuerza conservadora que imped\u00eda el cambio, pero Smith argument\u00f3 que el reavivamiento a menudo expandi\u00f3 visiones y cre\u00f3 energ\u00edas que iniciaban, en lugar de obstaculizar, la reforma social. Subray\u00f3 el papel de los abolicionistas evang\u00e9licos como Charles Finney y Orange Scott en la campa\u00f1a contra la esclavitud, y de hombres y mujeres con corazones para los pobres como Phoebe Palmer y B. T. Roberts, que se negaron a abandonar la ciudad pero la vieron como su lugar para el servicio. Smith fue el primero en llamar la atenci\u00f3n sobre el liderazgo de la se\u00f1ora Palmer del movimiento wesleyano de santidad temprano.<\/p><p><em>El reavivamiento y la reforma social<\/em> establecieron la reputaci\u00f3n de Smith como acad\u00e9mico y lo catapultaron a las filas del liderazgo evang\u00e9lico. Mientras que los acad\u00e9micos debatieron sus tesis, los evang\u00e9licos lo usaron como un recurso para redescubrir su patrimonio. El libro de Smith, junto con The Uneasy Conscience of Modern <em>Fundamentalism de Carl F. H. Henry<\/em> y The Great Reversal de David Moberg, ayudaron a los evang\u00e9licos a redescubrir el ministerio social en el nombre de Cristo, una dimensi\u00f3n del ministerio abandonada en gran parte durante la fase fundamentalista del evangelicalismo.<\/p><p>Smith continu\u00f3 sondeando. Escribi\u00f3 ensayos pioneros sobre religi\u00f3n y educaci\u00f3n superior y el papel de la etnicidad en la formaci\u00f3n de la religi\u00f3n estadounidense. Y subi\u00f3 a los escalones m\u00e1s altos de su profesi\u00f3n, finalmente ense\u00f1ando historia estadounidense en la Universidad Johns Hopkins y sirviendo como presidente de la Sociedad Americana de Historia de la Iglesia.<\/p><p>\u00bfQu\u00e9 consideraba como su logro profesional m\u00e1s sobresaliente? En 1981 m\u00e1s o menos, respondi\u00f3 directamente a esta pregunta, citando su segundo libro, <em>Llamado a la santidad<\/em> (1962), una historia de or\u00edgenes nazarenos y desarrollo temprano.<\/p><p>Called to Holiness fue un logro notable de muchas maneras. Los materiales b\u00e1sicos para comprender los or\u00edgenes de la iglesia eran escasos y fugitivos. El desaf\u00edo de Smith no era solo escribir la historia, sino tambi\u00e9n descubrir y reunir fuentes originales adecuadas para apoyar el proyecto. Muchos de los diarios, libros de registro y cartas que encontr\u00f3 en manos privadas finalmente fueron donados a los Archivos Nazarenos.<\/p><p>Smith desarroll\u00f3 una tesis clara y coherente sobre los or\u00edgenes nazarenos y el desarrollo que mantuvo unido a su libro. Argument\u00f3 que la Iglesia del Nazareno no puede ser entendida a menos que primero nos demos cuenta de que siempre ha habido m\u00e1s de una tradici\u00f3n de santidad trabajando en nuestro medio. Espec\u00edficamente, vio dos tradiciones de santidad en funcionamiento entre los primeros nazarenos: una rural y una urbana. Smith argument\u00f3 que el matrimonio de estas dos tradiciones va lejos para comprender c\u00f3mo se origin\u00f3 la iglesia y explicar algunas de las tensiones continuas que han caracterizado su vida. Ese libro, tan ricamente poblado con personas llamadas Bresee, Reynolds, Jernigan, Cagle, Chapman, Fitkin, Williams, Hoople y muchos otros nombres, es lectura b\u00e1sica para cualquiera que quiera entender esta iglesia.<\/p><p>La vida fruct\u00edfera de Timothy Smith termin\u00f3 en 1997, pero su influencia vive. Y vale la pena ser recordado por los dem\u00e1s que tambi\u00e9n rastrean las huellas dejadas en el paisaje nazareno.<\/p><p><em>Esto fue publicado originalmente como un art\u00edculo en Holiness Today (marzo de 1999) bajo el t\u00edtulo \u00abTimothy Smith y la recuperaci\u00f3n de la Visi\u00f3n nazarena\u00bb. Es reutilizado por permiso. <\/em><\/p><p>Para leer una copia digital de Called to Unholiness de Timothy Smith (ISBN 083-410-282) <a href=\"http:\/\/wesley.nnu.edu\/fileadmin\/lib\/view_wc_book.php?hdm=2593\" target=\"_blank\" rel=\"noopener\">Haga clic aqu\u00ed<\/a><\/p><\/div><\/div><\/section><\/div><\/div><\/div>\t\t\t\t\t\t\t\t<\/div>\n\t\t\t\t<\/div>\n\t\t\t\t<\/div>\n\t\t\t\t\t<\/div>\n\t\t\t\t<\/div>\n\t\t<div class=\"elementor-element elementor-element-5d6e2fe elementor-hidden-widescreen elementor-hidden-desktop elementor-hidden-tablet elementor-hidden-mobile e-flex e-con-boxed e-con e-parent\" data-id=\"5d6e2fe\" data-element_type=\"container\" data-e-type=\"container\" data-settings=\"{&quot;jet_parallax_layout_list&quot;:[],&quot;background_background&quot;:&quot;classic&quot;}\">\n\t\t\t\t\t<div class=\"e-con-inner\">\n\t\t\t\t<div class=\"elementor-element elementor-element-6f0ae55 elementor-widget elementor-widget-heading\" data-id=\"6f0ae55\" data-element_type=\"widget\" data-e-type=\"widget\" data-widget_type=\"heading.default\">\n\t\t\t\t<div class=\"elementor-widget-container\">\n\t\t\t\t\t<h3 class=\"elementor-heading-title elementor-size-default\">Esenciales nazarenos<\/h3>\t\t\t\t<\/div>\n\t\t\t\t<\/div>\n\t\t\t\t<div class=\"elementor-element elementor-element-242fee2 elementor-widget-divider--view-line elementor-widget elementor-widget-divider\" data-id=\"242fee2\" data-element_type=\"widget\" data-e-type=\"widget\" data-widget_type=\"divider.default\">\n\t\t\t\t<div class=\"elementor-widget-container\">\n\t\t\t\t\t\t\t<div class=\"elementor-divider\">\n\t\t\t<span class=\"elementor-divider-separator\">\n\t\t\t\t\t\t<\/span>\n\t\t<\/div>\n\t\t\t\t\t\t<\/div>\n\t\t\t\t<\/div>\n\t\t\t\t<div class=\"elementor-element elementor-element-13139cb elementor-widget__width-initial elementor-widget-mobile__width-inherit elementor-widget elementor-widget-text-editor\" data-id=\"13139cb\" data-element_type=\"widget\" data-e-type=\"widget\" data-widget_type=\"text-editor.default\">\n\t\t\t\t<div class=\"elementor-widget-container\">\n\t\t\t\t\t\t\t\t\t<p>Nazarene Essentials explica por qu\u00e9 la Iglesia del Nazareno existe como un movimiento mundial de Santidad y Gran Comisi\u00f3n en la tradici\u00f3n wesleyana-arminiana.<\/p>\t\t\t\t\t\t\t\t<\/div>\n\t\t\t\t<\/div>\n\t\t\t\t<div class=\"elementor-element elementor-element-b77c5f1 elementor-align-center elementor-widget elementor-widget-button\" data-id=\"b77c5f1\" data-element_type=\"widget\" data-e-type=\"widget\" data-widget_type=\"button.default\">\n\t\t\t\t<div class=\"elementor-widget-container\">\n\t\t\t\t\t\t\t\t\t<div class=\"elementor-button-wrapper\">\n\t\t\t\t\t<a class=\"elementor-button elementor-button-link elementor-size-sm\" href=\"https:\/\/nazarene.org\/es\/esenciales-nazarenos\/\">\n\t\t\t\t\t\t<span class=\"elementor-button-content-wrapper\">\n\t\t\t\t\t\t<span class=\"elementor-button-icon\">\n\t\t\t\t<svg aria-hidden=\"true\" class=\"e-font-icon-svg e-fas-arrow-right\" viewBox=\"0 0 448 512\" xmlns=\"http:\/\/www.w3.org\/2000\/svg\"><path d=\"M190.5 66.9l22.2-22.2c9.4-9.4 24.6-9.4 33.9 0L441 239c9.4 9.4 9.4 24.6 0 33.9L246.6 467.3c-9.4 9.4-24.6 9.4-33.9 0l-22.2-22.2c-9.5-9.5-9.3-25 .4-34.3L311.4 296H24c-13.3 0-24-10.7-24-24v-32c0-13.3 10.7-24 24-24h287.4L190.9 101.2c-9.8-9.3-10-24.8-.4-34.3z\"><\/path><\/svg>\t\t\t<\/span>\n\t\t\t\t\t\t\t\t\t<span class=\"elementor-button-text\">M\u00c1S INFORMACI\u00d3N<\/span>\n\t\t\t\t\t<\/span>\n\t\t\t\t\t<\/a>\n\t\t\t\t<\/div>\n\t\t\t\t\t\t\t\t<\/div>\n\t\t\t\t<\/div>\n\t\t\t\t\t<\/div>\n\t\t\t\t<\/div>\n\t\t\t\t<\/div>\n\t\t","protected":false},"excerpt":{"rendered":"<p>Smith y Visi\u00f3n Nazarena Timothy Smith y la recuperaci\u00f3n de la Visi\u00f3n nazarena Santidad hoy (marzo de 1999) Nadie rastre\u00f3 las huellas en todo el paisaje nazareno mejor que Timothy L. Smith. Historiador, pastor, maestro y predicador, Smith encarn\u00f3 uno de los ideales m\u00e1s nobles de John Wesley: la uni\u00f3n de \u00abconocimiento y piedad vital\u00bb. [&hellip;]<\/p>\n","protected":false},"author":8,"featured_media":0,"parent":0,"menu_order":0,"comment_status":"closed","ping_status":"closed","template":"","meta":{"content-type":"","_jet_sm_ready_style":"","_jet_sm_style":"","_jet_sm_controls_values":"","_jet_sm_fonts_collection":"","_jet_sm_fonts_links":"","footnotes":""},"class_list":["post-39929","page","type-page","status-publish","hentry"],"yoast_head":"<!-- This site is optimized with the Yoast SEO Premium plugin v27.1 (Yoast SEO v27.1.1) - https:\/\/yoast.com\/product\/yoast-seo-premium-wordpress\/ -->\n<title>Smith y Visi\u00f3n Nazarena - Church of the Nazarene<\/title>\n<meta name=\"robots\" content=\"index, follow, max-snippet:-1, max-image-preview:large, max-video-preview:-1\" \/>\n<link rel=\"canonical\" href=\"https:\/\/nazarene.org\/es\/smith-y-vision-nazarena\/\" \/>\n<meta property=\"og:locale\" content=\"es_ES\" \/>\n<meta property=\"og:type\" content=\"article\" \/>\n<meta property=\"og:title\" content=\"Smith y Visi\u00f3n Nazarena\" \/>\n<meta property=\"og:description\" content=\"Smith y Visi\u00f3n Nazarena Timothy Smith y la recuperaci\u00f3n de la Visi\u00f3n nazarena Santidad hoy (marzo de 1999) Nadie rastre\u00f3 las huellas en todo el paisaje nazareno mejor que Timothy L. Smith. Historiador, pastor, maestro y predicador, Smith encarn\u00f3 uno de los ideales m\u00e1s nobles de John Wesley: la uni\u00f3n de \u00abconocimiento y piedad vital\u00bb. [&hellip;]\" \/>\n<meta property=\"og:url\" content=\"https:\/\/nazarene.org\/es\/smith-y-vision-nazarena\/\" \/>\n<meta property=\"og:site_name\" content=\"Church of the Nazarene\" \/>\n<meta property=\"article:publisher\" content=\"https:\/\/www.facebook.com\/NazareneOfficial\/\" \/>\n<meta property=\"article:modified_time\" content=\"2025-06-10T08:16:46+00:00\" \/>\n<meta name=\"twitter:card\" content=\"summary_large_image\" \/>\n<meta name=\"twitter:site\" content=\"@Nazarene\" \/>\n<script type=\"application\/ld+json\" class=\"yoast-schema-graph\">{\"@context\":\"https:\/\/schema.org\",\"@graph\":[{\"@type\":\"WebPage\",\"@id\":\"https:\/\/nazarene.org\/es\/smith-y-vision-nazarena\/\",\"url\":\"https:\/\/nazarene.org\/es\/smith-y-vision-nazarena\/\",\"name\":\"Smith y Visi\u00f3n Nazarena - Church of the Nazarene\",\"isPartOf\":{\"@id\":\"https:\/\/nazarene.org\/es\/#website\"},\"datePublished\":\"2025-03-20T20:24:29+00:00\",\"dateModified\":\"2025-06-10T08:16:46+00:00\",\"breadcrumb\":{\"@id\":\"https:\/\/nazarene.org\/es\/smith-y-vision-nazarena\/#breadcrumb\"},\"inLanguage\":\"es\",\"potentialAction\":[{\"@type\":\"ReadAction\",\"target\":[\"https:\/\/nazarene.org\/es\/smith-y-vision-nazarena\/\"]}]},{\"@type\":\"BreadcrumbList\",\"@id\":\"https:\/\/nazarene.org\/es\/smith-y-vision-nazarena\/#breadcrumb\",\"itemListElement\":[{\"@type\":\"ListItem\",\"position\":1,\"name\":\"Home\",\"item\":\"https:\/\/nazarene.org\/es\/inicio\/\"},{\"@type\":\"ListItem\",\"position\":2,\"name\":\"Smith y Visi\u00f3n Nazarena\"}]},{\"@type\":\"WebSite\",\"@id\":\"https:\/\/nazarene.org\/es\/#website\",\"url\":\"https:\/\/nazarene.org\/es\/\",\"name\":\"Church of the Nazarene\",\"description\":\"Making Christlike Disciples in the Nations\",\"publisher\":{\"@id\":\"https:\/\/nazarene.org\/es\/#organization\"},\"potentialAction\":[{\"@type\":\"SearchAction\",\"target\":{\"@type\":\"EntryPoint\",\"urlTemplate\":\"https:\/\/nazarene.org\/es\/?s={search_term_string}\"},\"query-input\":{\"@type\":\"PropertyValueSpecification\",\"valueRequired\":true,\"valueName\":\"search_term_string\"}}],\"inLanguage\":\"es\"},{\"@type\":\"Organization\",\"@id\":\"https:\/\/nazarene.org\/es\/#organization\",\"name\":\"Church of the Nazarene\",\"url\":\"https:\/\/nazarene.org\/es\/\",\"logo\":{\"@type\":\"ImageObject\",\"inLanguage\":\"es\",\"@id\":\"https:\/\/nazarene.org\/es\/#\/schema\/logo\/image\/\",\"url\":\"https:\/\/nazarene.org\/wp-content\/uploads\/2024\/06\/Naz_Desktop_Black_Logo-1.svg\",\"contentUrl\":\"https:\/\/nazarene.org\/wp-content\/uploads\/2024\/06\/Naz_Desktop_Black_Logo-1.svg\",\"width\":258,\"height\":36,\"caption\":\"Church of the Nazarene\"},\"image\":{\"@id\":\"https:\/\/nazarene.org\/es\/#\/schema\/logo\/image\/\"},\"sameAs\":[\"https:\/\/www.facebook.com\/NazareneOfficial\/\",\"https:\/\/x.com\/Nazarene\",\"https:\/\/www.instagram.com\/nazareneofficial\/\"]}]}<\/script>\n<!-- \/ Yoast SEO Premium plugin. -->","yoast_head_json":{"title":"Smith y Visi\u00f3n Nazarena - Church of the Nazarene","robots":{"index":"index","follow":"follow","max-snippet":"max-snippet:-1","max-image-preview":"max-image-preview:large","max-video-preview":"max-video-preview:-1"},"canonical":"https:\/\/nazarene.org\/es\/smith-y-vision-nazarena\/","og_locale":"es_ES","og_type":"article","og_title":"Smith y Visi\u00f3n Nazarena","og_description":"Smith y Visi\u00f3n Nazarena Timothy Smith y la recuperaci\u00f3n de la Visi\u00f3n nazarena Santidad hoy (marzo de 1999) Nadie rastre\u00f3 las huellas en todo el paisaje nazareno mejor que Timothy L. Smith. Historiador, pastor, maestro y predicador, Smith encarn\u00f3 uno de los ideales m\u00e1s nobles de John Wesley: la uni\u00f3n de \u00abconocimiento y piedad vital\u00bb. [&hellip;]","og_url":"https:\/\/nazarene.org\/es\/smith-y-vision-nazarena\/","og_site_name":"Church of the Nazarene","article_publisher":"https:\/\/www.facebook.com\/NazareneOfficial\/","article_modified_time":"2025-06-10T08:16:46+00:00","twitter_card":"summary_large_image","twitter_site":"@Nazarene","schema":{"@context":"https:\/\/schema.org","@graph":[{"@type":"WebPage","@id":"https:\/\/nazarene.org\/es\/smith-y-vision-nazarena\/","url":"https:\/\/nazarene.org\/es\/smith-y-vision-nazarena\/","name":"Smith y Visi\u00f3n Nazarena - Church of the Nazarene","isPartOf":{"@id":"https:\/\/nazarene.org\/es\/#website"},"datePublished":"2025-03-20T20:24:29+00:00","dateModified":"2025-06-10T08:16:46+00:00","breadcrumb":{"@id":"https:\/\/nazarene.org\/es\/smith-y-vision-nazarena\/#breadcrumb"},"inLanguage":"es","potentialAction":[{"@type":"ReadAction","target":["https:\/\/nazarene.org\/es\/smith-y-vision-nazarena\/"]}]},{"@type":"BreadcrumbList","@id":"https:\/\/nazarene.org\/es\/smith-y-vision-nazarena\/#breadcrumb","itemListElement":[{"@type":"ListItem","position":1,"name":"Home","item":"https:\/\/nazarene.org\/es\/inicio\/"},{"@type":"ListItem","position":2,"name":"Smith y Visi\u00f3n Nazarena"}]},{"@type":"WebSite","@id":"https:\/\/nazarene.org\/es\/#website","url":"https:\/\/nazarene.org\/es\/","name":"Church of the Nazarene","description":"Making Christlike Disciples in the Nations","publisher":{"@id":"https:\/\/nazarene.org\/es\/#organization"},"potentialAction":[{"@type":"SearchAction","target":{"@type":"EntryPoint","urlTemplate":"https:\/\/nazarene.org\/es\/?s={search_term_string}"},"query-input":{"@type":"PropertyValueSpecification","valueRequired":true,"valueName":"search_term_string"}}],"inLanguage":"es"},{"@type":"Organization","@id":"https:\/\/nazarene.org\/es\/#organization","name":"Church of the Nazarene","url":"https:\/\/nazarene.org\/es\/","logo":{"@type":"ImageObject","inLanguage":"es","@id":"https:\/\/nazarene.org\/es\/#\/schema\/logo\/image\/","url":"https:\/\/nazarene.org\/wp-content\/uploads\/2024\/06\/Naz_Desktop_Black_Logo-1.svg","contentUrl":"https:\/\/nazarene.org\/wp-content\/uploads\/2024\/06\/Naz_Desktop_Black_Logo-1.svg","width":258,"height":36,"caption":"Church of the Nazarene"},"image":{"@id":"https:\/\/nazarene.org\/es\/#\/schema\/logo\/image\/"},"sameAs":["https:\/\/www.facebook.com\/NazareneOfficial\/","https:\/\/x.com\/Nazarene","https:\/\/www.instagram.com\/nazareneofficial\/"]}]}},"_links":{"self":[{"href":"https:\/\/nazarene.org\/es\/wp-json\/wp\/v2\/pages\/39929","targetHints":{"allow":["GET"]}}],"collection":[{"href":"https:\/\/nazarene.org\/es\/wp-json\/wp\/v2\/pages"}],"about":[{"href":"https:\/\/nazarene.org\/es\/wp-json\/wp\/v2\/types\/page"}],"author":[{"embeddable":true,"href":"https:\/\/nazarene.org\/es\/wp-json\/wp\/v2\/users\/8"}],"replies":[{"embeddable":true,"href":"https:\/\/nazarene.org\/es\/wp-json\/wp\/v2\/comments?post=39929"}],"version-history":[{"count":0,"href":"https:\/\/nazarene.org\/es\/wp-json\/wp\/v2\/pages\/39929\/revisions"}],"wp:attachment":[{"href":"https:\/\/nazarene.org\/es\/wp-json\/wp\/v2\/media?parent=39929"}],"curies":[{"name":"wp","href":"https:\/\/api.w.org\/{rel}","templated":true}]}}