{"id":39900,"date":"2025-03-20T15:34:46","date_gmt":"2025-03-20T20:34:46","guid":{"rendered":"https:\/\/nazarene.org\/tradicion-wesleyana\/"},"modified":"2026-04-04T22:38:35","modified_gmt":"2026-04-05T03:38:35","slug":"tradicion-wesleyana","status":"publish","type":"page","link":"https:\/\/nazarene.org\/es\/tradicion-wesleyana\/","title":{"rendered":"Tradici\u00f3n Wesleyana"},"content":{"rendered":"\t\t<div data-elementor-type=\"wp-page\" data-elementor-id=\"39900\" class=\"elementor elementor-39900 elementor-21738\" data-elementor-post-type=\"page\">\n\t\t\t\t<div class=\"elementor-element elementor-element-3afea2b e-flex e-con-boxed e-con e-parent\" data-id=\"3afea2b\" data-element_type=\"container\" data-e-type=\"container\" data-settings=\"{&quot;background_background&quot;:&quot;classic&quot;,&quot;jet_parallax_layout_list&quot;:[]}\">\n\t\t\t\t\t<div class=\"e-con-inner\">\n\t\t\t\t<div class=\"elementor-element elementor-element-d4ac1ba elementor-widget elementor-widget-heading\" data-id=\"d4ac1ba\" data-element_type=\"widget\" data-e-type=\"widget\" data-widget_type=\"heading.default\">\n\t\t\t\t<div class=\"elementor-widget-container\">\n\t\t\t\t\t<h1 class=\"elementor-heading-title elementor-size-default\">Tradici\u00f3n Wesleyana<\/h1>\t\t\t\t<\/div>\n\t\t\t\t<\/div>\n\t\t\t\t\t<\/div>\n\t\t\t\t<\/div>\n\t\t<div class=\"elementor-element elementor-element-12e9800 e-flex e-con-boxed e-con e-parent\" data-id=\"12e9800\" data-element_type=\"container\" data-e-type=\"container\" data-settings=\"{&quot;background_background&quot;:&quot;classic&quot;,&quot;jet_parallax_layout_list&quot;:[]}\">\n\t\t\t\t\t<div class=\"e-con-inner\">\n\t\t<div class=\"elementor-element elementor-element-43e6c2c e-con-full e-flex e-con e-child\" data-id=\"43e6c2c\" data-element_type=\"container\" data-e-type=\"container\" data-settings=\"{&quot;jet_parallax_layout_list&quot;:[],&quot;background_background&quot;:&quot;classic&quot;}\">\n\t\t\t\t<div class=\"elementor-element elementor-element-d6cdfe0 elementor-widget elementor-widget-heading\" data-id=\"d6cdfe0\" data-element_type=\"widget\" data-e-type=\"widget\" data-widget_type=\"heading.default\">\n\t\t\t\t<div class=\"elementor-widget-container\">\n\t\t\t\t\t<h2 class=\"elementor-heading-title elementor-size-default\">Una Iglesia en la Tradici\u00f3n Wesleyana<\/h2>\t\t\t\t<\/div>\n\t\t\t\t<\/div>\n\t\t\t\t<div class=\"elementor-element elementor-element-f98ea5a elementor-widget__width-initial elementor-widget elementor-widget-text-editor\" data-id=\"f98ea5a\" data-element_type=\"widget\" data-e-type=\"widget\" data-widget_type=\"text-editor.default\">\n\t\t\t\t<div class=\"elementor-widget-container\">\n\t\t\t\t\t\t\t\t\t<p><strong>De D\u00f3nde Venimos<\/strong><\/p>\n<p>El linaje nazareno se remonta a la Reforma inglesa, la expansi\u00f3n internacional del metodismo y el movimiento wesleyano de santidad en Am\u00e9rica.<br>\u2022 La Iglesia del Nazareno surgi\u00f3 como una uni\u00f3n de diversas denominaciones wesleyanas y de santidad, y en 1915 ya agrupaba a siete organismos norteamericanos y brit\u00e1nicos que anteriormente eran independientes.<br>\u2022 Phineas F. Bresee defini\u00f3 la estructura de gobierno de la iglesia. Hiram F. Reynolds forj\u00f3 su identidad como iglesia comprometida con las misiones globales. Entre otros l\u00edderes de la primera \u00e9poca se encontraban C. W. Ruth, C. B. Jernigan, William Howard Hoople, Mary Lee Cagle, George Sharpe, J. O. McClurkan, Susan Fitkin, R. T. Williams, J. B. Chapman y H. Orton Wiley.  <br>\u2022 La Iglesia tuvo una dimensi\u00f3n internacional desde sus inicios. Hoy en d\u00eda es, por vocaci\u00f3n, una iglesia internacional con m\u00e1s de 380 distritos en todo el mundo, tres cuartas partes de los cuales se encuentran fuera de Norteam\u00e9rica. Hay cerca de 1,4 millones de nazarenos. M\u00e1s de la mitad vive fuera de Estados Unidos y Canad\u00e1.   <\/p>\n<p> <\/p>\n<p><strong>Lo que Creemos y Ense\u00f1amos<\/strong><\/p>\n<p>\u2022 Creemos que somos solo una parte de la Iglesia universal de Cristo y que compartimos con los creyentes de otras comunidades un Se\u00f1or, una fe y un bautismo.<br>\u2022 Al igual que otros protestantes, afirmamos la prioridad de la salvaci\u00f3n solo por la gracia, mediante la fe en Cristo; el sacerdocio de todos los creyentes; y la Biblia como norma definitiva de la fe y la pr\u00e1ctica cristianas.<br>\u2022 Creemos que el Antiguo y el Nuevo Testamento revelan la voluntad de Dios para todas las personas en lo que respecta al pecado, la salvaci\u00f3n y la nueva vida en Cristo.<br>Afirmamos que la muerte de Cristo expi\u00f3 los pecados de toda la humanidad, y que esta gracia es eficaz para la salvaci\u00f3n de cada persona que la acepta.<br>\u2022 Creemos que los cristianos son justificados y santificados \u00fanicamente por la fe.<br>\u2022 Creemos que la gracia santificadora de Cristo se recibe inicialmente en el nuevo nacimiento (regeneraci\u00f3n), cuando el Esp\u00edritu Santo implanta en nuestro interior un nuevo principio de vida espiritual, y que dicha gracia santificadora va aumentando a medida que vivimos seg\u00fan el Esp\u00edritu. Afirmamos que la entera santificaci\u00f3n es un don de gracia y una posibilidad para todos los creyentes, en la que el coraz\u00f3n queda purificado de todo pecado y se desborda de amor hacia Dios y hacia el pr\u00f3jimo. <\/p>\n<p> <\/p>\n<p><strong>Nuestra Misi\u00f3n<\/strong><\/p>\n<p>\u2022 La Iglesia del Nazareno es una iglesia de la \u00abGran Comisi\u00f3n\u00bb<br>\u2022 Por ello, nuestros miembros se esfuerzan por dar testimonio de forma fiel y atractiva a todas las personas, para que la vida de Cristo que hay en ellos atraiga a otros hacia el amor, la adoraci\u00f3n y el servicio a Dios.<br>\u2022 Estamos llamados, sobre todo, a predicar el Evangelio a los pobres.<br>\u2022 Los medios fundamentales a trav\u00e9s de los cuales llevamos a cabo nuestra misi\u00f3n son los siguientes: el adoraci\u00f3n colectiva, la evangelizaci\u00f3n, el ministerio de la compasi\u00f3n, la formaci\u00f3n cristiana y la educaci\u00f3n.<br>\u2022 Dado que todo el pueblo de Dios constituye \u00abla Iglesia\u00bb, y dado que cada cristiano est\u00e1 llamado al ministerio en virtud de su bautismo, cada creyente de la Iglesia del Nazareno tiene un papel que desempe\u00f1ar en el cumplimiento de la misi\u00f3n a la que estamos llamados como comunidad.<\/p>\n<p> <\/p>\n<p>Stan Ingersol, 2001. Adaptado de Wes Tracy y Stan Ingersol, Aqu\u00ed Permanecemos: El Lugar de los Nazarenos en el Panorama Religioso (1999). Publicado en Santidad Hoy (junio de 2001): 66.  <\/p>\t\t\t\t\t\t\t\t<\/div>\n\t\t\t\t<\/div>\n\t\t\t\t<\/div>\n\t\t\t\t\t<\/div>\n\t\t\t\t<\/div>\n\t\t<div class=\"elementor-element elementor-element-5d6e2fe elementor-hidden-widescreen elementor-hidden-desktop elementor-hidden-tablet elementor-hidden-mobile e-flex e-con-boxed e-con e-parent\" data-id=\"5d6e2fe\" data-element_type=\"container\" data-e-type=\"container\" data-settings=\"{&quot;jet_parallax_layout_list&quot;:[],&quot;background_background&quot;:&quot;classic&quot;}\">\n\t\t\t\t\t<div class=\"e-con-inner\">\n\t\t\t\t<div class=\"elementor-element elementor-element-6f0ae55 elementor-widget elementor-widget-heading\" data-id=\"6f0ae55\" data-element_type=\"widget\" data-e-type=\"widget\" data-widget_type=\"heading.default\">\n\t\t\t\t<div class=\"elementor-widget-container\">\n\t\t\t\t\t<h3 class=\"elementor-heading-title elementor-size-default\">Esenciales Nazarenos<\/h3>\t\t\t\t<\/div>\n\t\t\t\t<\/div>\n\t\t\t\t<div class=\"elementor-element elementor-element-242fee2 elementor-widget-divider--view-line elementor-widget elementor-widget-divider\" data-id=\"242fee2\" data-element_type=\"widget\" data-e-type=\"widget\" data-widget_type=\"divider.default\">\n\t\t\t\t<div class=\"elementor-widget-container\">\n\t\t\t\t\t\t\t<div class=\"elementor-divider\">\n\t\t\t<span class=\"elementor-divider-separator\">\n\t\t\t\t\t\t<\/span>\n\t\t<\/div>\n\t\t\t\t\t\t<\/div>\n\t\t\t\t<\/div>\n\t\t\t\t<div class=\"elementor-element elementor-element-13139cb elementor-widget__width-initial elementor-widget-mobile__width-inherit elementor-widget elementor-widget-text-editor\" data-id=\"13139cb\" data-element_type=\"widget\" data-e-type=\"widget\" data-widget_type=\"text-editor.default\">\n\t\t\t\t<div class=\"elementor-widget-container\">\n\t\t\t\t\t\t\t\t\t<p>Esenciales Nazarenos explica por qu\u00e9 la Iglesia del Nazareno existe como un movimiento mundial de santidad y de la Gran Comisi\u00f3n dentro de la tradici\u00f3n arminiano-wesleyana.<\/p>\t\t\t\t\t\t\t\t<\/div>\n\t\t\t\t<\/div>\n\t\t\t\t<div class=\"elementor-element elementor-element-b77c5f1 elementor-align-center elementor-widget elementor-widget-button\" data-id=\"b77c5f1\" data-element_type=\"widget\" data-e-type=\"widget\" data-widget_type=\"button.default\">\n\t\t\t\t<div class=\"elementor-widget-container\">\n\t\t\t\t\t\t\t\t\t<div class=\"elementor-button-wrapper\">\n\t\t\t\t\t<a class=\"elementor-button elementor-button-link elementor-size-sm\" href=\"https:\/\/nazarene.org\/es\/esenciales-nazarenos\/\">\n\t\t\t\t\t\t<span class=\"elementor-button-content-wrapper\">\n\t\t\t\t\t\t<span class=\"elementor-button-icon\">\n\t\t\t\t<svg aria-hidden=\"true\" class=\"e-font-icon-svg e-fas-arrow-right\" viewBox=\"0 0 448 512\" xmlns=\"http:\/\/www.w3.org\/2000\/svg\"><path d=\"M190.5 66.9l22.2-22.2c9.4-9.4 24.6-9.4 33.9 0L441 239c9.4 9.4 9.4 24.6 0 33.9L246.6 467.3c-9.4 9.4-24.6 9.4-33.9 0l-22.2-22.2c-9.5-9.5-9.3-25 .4-34.3L311.4 296H24c-13.3 0-24-10.7-24-24v-32c0-13.3 10.7-24 24-24h287.4L190.9 101.2c-9.8-9.3-10-24.8-.4-34.3z\"><\/path><\/svg>\t\t\t<\/span>\n\t\t\t\t\t\t\t\t\t<span class=\"elementor-button-text\">M\u00c1S INFORMACI\u00d3N<\/span>\n\t\t\t\t\t<\/span>\n\t\t\t\t\t<\/a>\n\t\t\t\t<\/div>\n\t\t\t\t\t\t\t\t<\/div>\n\t\t\t\t<\/div>\n\t\t\t\t\t<\/div>\n\t\t\t\t<\/div>\n\t\t\t\t<\/div>\n\t\t","protected":false},"excerpt":{"rendered":"<p>Tradici\u00f3n Wesleyana Una Iglesia en la Tradici\u00f3n Wesleyana De D\u00f3nde Venimos El linaje nazareno se remonta a la Reforma inglesa, la expansi\u00f3n internacional del metodismo y el movimiento wesleyano de santidad en Am\u00e9rica.\u2022 La Iglesia del Nazareno surgi\u00f3 como una uni\u00f3n de diversas denominaciones wesleyanas y de santidad, y en 1915 ya agrupaba a siete [&hellip;]<\/p>\n","protected":false},"author":8,"featured_media":0,"parent":0,"menu_order":0,"comment_status":"closed","ping_status":"closed","template":"","meta":{"content-type":"","_jet_sm_ready_style":"","_jet_sm_style":"","_jet_sm_controls_values":"","_jet_sm_fonts_collection":"","_jet_sm_fonts_links":"","footnotes":""},"class_list":["post-39900","page","type-page","status-publish","hentry"],"yoast_head":"<!-- This site is optimized with the Yoast SEO Premium plugin v27.1 (Yoast SEO v27.1.1) - https:\/\/yoast.com\/product\/yoast-seo-premium-wordpress\/ -->\n<title>Tradici\u00f3n Wesleyana - Church of the Nazarene<\/title>\n<meta name=\"robots\" content=\"index, follow, max-snippet:-1, max-image-preview:large, max-video-preview:-1\" \/>\n<link rel=\"canonical\" href=\"https:\/\/nazarene.org\/es\/tradicion-wesleyana\/\" \/>\n<meta property=\"og:locale\" content=\"es_ES\" \/>\n<meta property=\"og:type\" content=\"article\" \/>\n<meta property=\"og:title\" content=\"Tradici\u00f3n Wesleyana\" \/>\n<meta property=\"og:description\" content=\"Tradici\u00f3n Wesleyana Una Iglesia en la Tradici\u00f3n Wesleyana De D\u00f3nde Venimos El linaje nazareno se remonta a la Reforma inglesa, la expansi\u00f3n internacional del metodismo y el movimiento wesleyano de santidad en Am\u00e9rica.\u2022 La Iglesia del Nazareno surgi\u00f3 como una uni\u00f3n de diversas denominaciones wesleyanas y de santidad, y en 1915 ya agrupaba a siete [&hellip;]\" \/>\n<meta property=\"og:url\" content=\"https:\/\/nazarene.org\/es\/tradicion-wesleyana\/\" \/>\n<meta property=\"og:site_name\" content=\"Church of the Nazarene\" \/>\n<meta property=\"article:publisher\" content=\"https:\/\/www.facebook.com\/NazareneOfficial\/\" \/>\n<meta property=\"article:modified_time\" content=\"2026-04-05T03:38:35+00:00\" \/>\n<meta name=\"twitter:card\" content=\"summary_large_image\" \/>\n<meta name=\"twitter:site\" content=\"@Nazarene\" \/>\n<script type=\"application\/ld+json\" class=\"yoast-schema-graph\">{\"@context\":\"https:\/\/schema.org\",\"@graph\":[{\"@type\":\"WebPage\",\"@id\":\"https:\/\/nazarene.org\/es\/tradicion-wesleyana\/\",\"url\":\"https:\/\/nazarene.org\/es\/tradicion-wesleyana\/\",\"name\":\"Tradici\u00f3n Wesleyana - Church of the Nazarene\",\"isPartOf\":{\"@id\":\"https:\/\/nazarene.org\/es\/#website\"},\"datePublished\":\"2025-03-20T20:34:46+00:00\",\"dateModified\":\"2026-04-05T03:38:35+00:00\",\"breadcrumb\":{\"@id\":\"https:\/\/nazarene.org\/es\/tradicion-wesleyana\/#breadcrumb\"},\"inLanguage\":\"es\",\"potentialAction\":[{\"@type\":\"ReadAction\",\"target\":[\"https:\/\/nazarene.org\/es\/tradicion-wesleyana\/\"]}]},{\"@type\":\"BreadcrumbList\",\"@id\":\"https:\/\/nazarene.org\/es\/tradicion-wesleyana\/#breadcrumb\",\"itemListElement\":[{\"@type\":\"ListItem\",\"position\":1,\"name\":\"Home\",\"item\":\"https:\/\/nazarene.org\/es\/inicio\/\"},{\"@type\":\"ListItem\",\"position\":2,\"name\":\"Tradici\u00f3n Wesleyana\"}]},{\"@type\":\"WebSite\",\"@id\":\"https:\/\/nazarene.org\/es\/#website\",\"url\":\"https:\/\/nazarene.org\/es\/\",\"name\":\"Church of the Nazarene\",\"description\":\"Making Christlike Disciples in the Nations\",\"publisher\":{\"@id\":\"https:\/\/nazarene.org\/es\/#organization\"},\"potentialAction\":[{\"@type\":\"SearchAction\",\"target\":{\"@type\":\"EntryPoint\",\"urlTemplate\":\"https:\/\/nazarene.org\/es\/?s={search_term_string}\"},\"query-input\":{\"@type\":\"PropertyValueSpecification\",\"valueRequired\":true,\"valueName\":\"search_term_string\"}}],\"inLanguage\":\"es\"},{\"@type\":\"Organization\",\"@id\":\"https:\/\/nazarene.org\/es\/#organization\",\"name\":\"Church of the Nazarene\",\"url\":\"https:\/\/nazarene.org\/es\/\",\"logo\":{\"@type\":\"ImageObject\",\"inLanguage\":\"es\",\"@id\":\"https:\/\/nazarene.org\/es\/#\/schema\/logo\/image\/\",\"url\":\"https:\/\/nazarene.org\/wp-content\/uploads\/2024\/06\/Naz_Desktop_Black_Logo-1.svg\",\"contentUrl\":\"https:\/\/nazarene.org\/wp-content\/uploads\/2024\/06\/Naz_Desktop_Black_Logo-1.svg\",\"width\":258,\"height\":36,\"caption\":\"Church of the Nazarene\"},\"image\":{\"@id\":\"https:\/\/nazarene.org\/es\/#\/schema\/logo\/image\/\"},\"sameAs\":[\"https:\/\/www.facebook.com\/NazareneOfficial\/\",\"https:\/\/x.com\/Nazarene\",\"https:\/\/www.instagram.com\/nazareneofficial\/\"]}]}<\/script>\n<!-- \/ Yoast SEO Premium plugin. -->","yoast_head_json":{"title":"Tradici\u00f3n Wesleyana - Church of the Nazarene","robots":{"index":"index","follow":"follow","max-snippet":"max-snippet:-1","max-image-preview":"max-image-preview:large","max-video-preview":"max-video-preview:-1"},"canonical":"https:\/\/nazarene.org\/es\/tradicion-wesleyana\/","og_locale":"es_ES","og_type":"article","og_title":"Tradici\u00f3n Wesleyana","og_description":"Tradici\u00f3n Wesleyana Una Iglesia en la Tradici\u00f3n Wesleyana De D\u00f3nde Venimos El linaje nazareno se remonta a la Reforma inglesa, la expansi\u00f3n internacional del metodismo y el movimiento wesleyano de santidad en Am\u00e9rica.\u2022 La Iglesia del Nazareno surgi\u00f3 como una uni\u00f3n de diversas denominaciones wesleyanas y de santidad, y en 1915 ya agrupaba a siete [&hellip;]","og_url":"https:\/\/nazarene.org\/es\/tradicion-wesleyana\/","og_site_name":"Church of the Nazarene","article_publisher":"https:\/\/www.facebook.com\/NazareneOfficial\/","article_modified_time":"2026-04-05T03:38:35+00:00","twitter_card":"summary_large_image","twitter_site":"@Nazarene","schema":{"@context":"https:\/\/schema.org","@graph":[{"@type":"WebPage","@id":"https:\/\/nazarene.org\/es\/tradicion-wesleyana\/","url":"https:\/\/nazarene.org\/es\/tradicion-wesleyana\/","name":"Tradici\u00f3n Wesleyana - Church of the Nazarene","isPartOf":{"@id":"https:\/\/nazarene.org\/es\/#website"},"datePublished":"2025-03-20T20:34:46+00:00","dateModified":"2026-04-05T03:38:35+00:00","breadcrumb":{"@id":"https:\/\/nazarene.org\/es\/tradicion-wesleyana\/#breadcrumb"},"inLanguage":"es","potentialAction":[{"@type":"ReadAction","target":["https:\/\/nazarene.org\/es\/tradicion-wesleyana\/"]}]},{"@type":"BreadcrumbList","@id":"https:\/\/nazarene.org\/es\/tradicion-wesleyana\/#breadcrumb","itemListElement":[{"@type":"ListItem","position":1,"name":"Home","item":"https:\/\/nazarene.org\/es\/inicio\/"},{"@type":"ListItem","position":2,"name":"Tradici\u00f3n Wesleyana"}]},{"@type":"WebSite","@id":"https:\/\/nazarene.org\/es\/#website","url":"https:\/\/nazarene.org\/es\/","name":"Church of the Nazarene","description":"Making Christlike Disciples in the Nations","publisher":{"@id":"https:\/\/nazarene.org\/es\/#organization"},"potentialAction":[{"@type":"SearchAction","target":{"@type":"EntryPoint","urlTemplate":"https:\/\/nazarene.org\/es\/?s={search_term_string}"},"query-input":{"@type":"PropertyValueSpecification","valueRequired":true,"valueName":"search_term_string"}}],"inLanguage":"es"},{"@type":"Organization","@id":"https:\/\/nazarene.org\/es\/#organization","name":"Church of the Nazarene","url":"https:\/\/nazarene.org\/es\/","logo":{"@type":"ImageObject","inLanguage":"es","@id":"https:\/\/nazarene.org\/es\/#\/schema\/logo\/image\/","url":"https:\/\/nazarene.org\/wp-content\/uploads\/2024\/06\/Naz_Desktop_Black_Logo-1.svg","contentUrl":"https:\/\/nazarene.org\/wp-content\/uploads\/2024\/06\/Naz_Desktop_Black_Logo-1.svg","width":258,"height":36,"caption":"Church of the Nazarene"},"image":{"@id":"https:\/\/nazarene.org\/es\/#\/schema\/logo\/image\/"},"sameAs":["https:\/\/www.facebook.com\/NazareneOfficial\/","https:\/\/x.com\/Nazarene","https:\/\/www.instagram.com\/nazareneofficial\/"]}]}},"_links":{"self":[{"href":"https:\/\/nazarene.org\/es\/wp-json\/wp\/v2\/pages\/39900","targetHints":{"allow":["GET"]}}],"collection":[{"href":"https:\/\/nazarene.org\/es\/wp-json\/wp\/v2\/pages"}],"about":[{"href":"https:\/\/nazarene.org\/es\/wp-json\/wp\/v2\/types\/page"}],"author":[{"embeddable":true,"href":"https:\/\/nazarene.org\/es\/wp-json\/wp\/v2\/users\/8"}],"replies":[{"embeddable":true,"href":"https:\/\/nazarene.org\/es\/wp-json\/wp\/v2\/comments?post=39900"}],"version-history":[{"count":6,"href":"https:\/\/nazarene.org\/es\/wp-json\/wp\/v2\/pages\/39900\/revisions"}],"predecessor-version":[{"id":71928,"href":"https:\/\/nazarene.org\/es\/wp-json\/wp\/v2\/pages\/39900\/revisions\/71928"}],"wp:attachment":[{"href":"https:\/\/nazarene.org\/es\/wp-json\/wp\/v2\/media?parent=39900"}],"curies":[{"name":"wp","href":"https:\/\/api.w.org\/{rel}","templated":true}]}}