{"id":39896,"date":"2025-03-20T15:32:44","date_gmt":"2025-03-20T20:32:44","guid":{"rendered":"https:\/\/nazarene.org\/w-c-wilson\/"},"modified":"2025-06-10T03:16:48","modified_gmt":"2025-06-10T08:16:48","slug":"w-c-wilson","status":"publish","type":"page","link":"https:\/\/nazarene.org\/es\/w-c-wilson\/","title":{"rendered":"W.C. Wilson"},"content":{"rendered":"\t\t<div data-elementor-type=\"wp-page\" data-elementor-id=\"39896\" class=\"elementor elementor-39896 elementor-21732\" data-elementor-post-type=\"page\">\n\t\t\t\t<div class=\"elementor-element elementor-element-3afea2b e-flex e-con-boxed e-con e-parent\" data-id=\"3afea2b\" data-element_type=\"container\" data-e-type=\"container\" data-settings=\"{&quot;background_background&quot;:&quot;classic&quot;,&quot;jet_parallax_layout_list&quot;:[]}\">\n\t\t\t\t\t<div class=\"e-con-inner\">\n\t\t\t\t<div class=\"elementor-element elementor-element-d4ac1ba elementor-widget elementor-widget-heading\" data-id=\"d4ac1ba\" data-element_type=\"widget\" data-e-type=\"widget\" data-widget_type=\"heading.default\">\n\t\t\t\t<div class=\"elementor-widget-container\">\n\t\t\t\t\t<h1 class=\"elementor-heading-title elementor-size-default\">W.C. Wilson<\/h1>\t\t\t\t<\/div>\n\t\t\t\t<\/div>\n\t\t\t\t\t<\/div>\n\t\t\t\t<\/div>\n\t\t<div class=\"elementor-element elementor-element-12e9800 e-flex e-con-boxed e-con e-parent\" data-id=\"12e9800\" data-element_type=\"container\" data-e-type=\"container\" data-settings=\"{&quot;background_background&quot;:&quot;classic&quot;,&quot;jet_parallax_layout_list&quot;:[]}\">\n\t\t\t\t\t<div class=\"e-con-inner\">\n\t\t<div class=\"elementor-element elementor-element-43e6c2c e-con-full e-flex e-con e-child\" data-id=\"43e6c2c\" data-element_type=\"container\" data-e-type=\"container\" data-settings=\"{&quot;jet_parallax_layout_list&quot;:[],&quot;background_background&quot;:&quot;classic&quot;}\">\n\t\t\t\t<div class=\"elementor-element elementor-element-f98ea5a elementor-widget__width-initial elementor-widget elementor-widget-text-editor\" data-id=\"f98ea5a\" data-element_type=\"widget\" data-e-type=\"widget\" data-widget_type=\"text-editor.default\">\n\t\t\t\t<div class=\"elementor-widget-container\">\n\t\t\t\t\t\t\t\t\t<div class=\"layout__region layout__region--left flex-1-1 flex-grow-0 xl-flex-4-5\"><div class=\"block__wysiwyg\" data-layout-content-preview-placeholder-label=\"\" content=\"\" block=\"\"><div class=\"styles-wrapper-ea7ee296-ca47-48bb-b068-0a6a1851ccbc\"><section class=\"wysiwyg\"><div class=\"wysiwyg__content\"><div class=\"flex-container flex-wrap\"><p>William C. Wilson cerr\u00f3 un puente sobre muchas de las contradicciones de la Iglesia primitiva del Nazareno. Super\u00f3 su regionalismo subyacente, conociendo bien las actitudes seccionales de su Sur nativo, al tiempo que crec\u00eda para apreciar el etos de California a principios del siglo XX. Del mismo modo, cerr\u00f3 un puente entre la mente dividida de la primera denominaci\u00f3n sobre la \u00e9tica, entendiendo (y predicando por un tiempo) una \u00e9tica de legalismo, pero aceptando gradualmente la vista de que la santidad proporciona libertad, no ley, en la vida cristiana. Predic\u00f3 la realidad de las experiencias de crisis de gracia, pero reconoci\u00f3 que su llamado a predicar era una conciencia gradual, no la \u00abvoz de Dios\u00bb distinta de la que los asociados a veces daban testimonio. Como primer superintendente de distrito, fue presionado a participar en la vida administrativa de una denominaci\u00f3n infantil, aunque su mayor amor era la predicaci\u00f3n, una vocaci\u00f3n que tambi\u00e9n despert\u00f3 en tres de sus hijos. Finalmente, en un momento de su vida en que Wilson pod\u00eda permitirse el lujo de hacer sacrificios financieros, fue elegido superintendente general de su iglesia, aunque la remuneraci\u00f3n de la oficina apenas calificaba como ingreso suplementario.<\/p><p> <\/p><p>Wilson enfrent\u00f3 las iron\u00edas de su vida con una gracia excesivamente grande. Era, sobre todo, un predicador de la reconciliaci\u00f3n, primero entre pecadores y la Gracia Divina; en segundo lugar, entre y entre aquellos que confiesan su lealtad a Cristo y su Iglesia.<\/p><p> <\/p><p>Su ministerio fue asistido por esposas e hijos que conoc\u00edan personalmente la gracia que predicaba. Sus hijos mayores experimentaron el dolor por la muerte de su joven madre, la ruptura de su hogar y la resurrecci\u00f3n de la familia despu\u00e9s del nuevo matrimonio de Wilson. Juntos, la familia Wilson experiment\u00f3 la impotencia de la muerte de un beb\u00e9 y la tr\u00e1gica p\u00e9rdida de un hijo adulto poco despu\u00e9s de su matrimonio. Pero tambi\u00e9n experimentaron reuniones alegres, disfrutaron de algunos \u00abbuenos pastorados\u00bb y encontraron tiempo en California para pasar algunos momentos felices juntos en la playa.<\/p><p> <\/p><p>Solo el difunto Mallalieu Wilson podr\u00eda haber escrito este retrato \u00edntimo de su padre, W. C. Wilson. Mallalieu Wilson conoc\u00eda personalmente a muchos de los fundadores de la Iglesia del Nazareno. De hecho, puede ser caracterizado como uno de sus \u00abj\u00f3venes fundadores\u00bb. Nacido en 1898, fue criado entre las iglesias nazarenas de la costa oeste, donde particip\u00f3 en sus programas juveniles pioneros. Creci\u00f3 alrededor de Phineas Bresee, John Goodwin, Edward F. Walker, A. O. Henricks, E. P. Ellyson, Seth Rees y otros que lideraron la iglesia en el sur de California y m\u00e1s all\u00e1. Los conoc\u00eda a trav\u00e9s de la iglesia, reuniones de campamento, asambleas de distrito y a trav\u00e9s de la comunidad \u00edntima de Pasadena y su Universidad Nazarena (m\u00e1s tarde Pasadena College), donde era l\u00edder estudiantil tanto en la Academia (escuela secundaria) como en el Colegio.<\/p><p> <\/p><p>Este relato refleja la visi\u00f3n de Mallalieu Wilson sobre las personalidades que dieron forma a la Iglesia del Nazareno en sus a\u00f1os formativos. Detr\u00e1s de sus puntos de vista, a veces hay las opiniones de su padre. Pero el libro no es solo sobre nazarenos; tambi\u00e9n ilumina a personas y problemas significativos en el Movimiento de Santidad m\u00e1s amplio.<\/p><p> <\/p><p>Sobre todo, registra la historia de William C. Wilson, cuyo viaje de fe lo llev\u00f3 a trav\u00e9s del paisaje de sectas de santidad dispersas a la Iglesia del Nazareno y de un extremo de la naci\u00f3n a otro. Por la providencia de Dios, Wilson fue elegido por pares y laicos para ser uno de sus superintendentes generales.<\/p><p> <\/p><p>Para leer una copia digital de la historia de vida de W. C. Wilson, <a href=\"http:\/\/wesley.nnu.edu\/wesleyctr\/books\/2501-2600\/HDM2594.pdf\" target=\"_blank\" rel=\"noopener\">haga clic aqu\u00ed<\/a>.<\/p><\/div><\/div><\/section><\/div><\/div><\/div>\t\t\t\t\t\t\t\t<\/div>\n\t\t\t\t<\/div>\n\t\t\t\t<\/div>\n\t\t\t\t\t<\/div>\n\t\t\t\t<\/div>\n\t\t<div class=\"elementor-element elementor-element-5d6e2fe elementor-hidden-widescreen elementor-hidden-desktop elementor-hidden-tablet elementor-hidden-mobile e-flex e-con-boxed e-con e-parent\" data-id=\"5d6e2fe\" data-element_type=\"container\" data-e-type=\"container\" data-settings=\"{&quot;jet_parallax_layout_list&quot;:[],&quot;background_background&quot;:&quot;classic&quot;}\">\n\t\t\t\t\t<div class=\"e-con-inner\">\n\t\t\t\t<div class=\"elementor-element elementor-element-6f0ae55 elementor-widget elementor-widget-heading\" data-id=\"6f0ae55\" data-element_type=\"widget\" data-e-type=\"widget\" data-widget_type=\"heading.default\">\n\t\t\t\t<div class=\"elementor-widget-container\">\n\t\t\t\t\t<h3 class=\"elementor-heading-title elementor-size-default\">Esenciales nazarenos<\/h3>\t\t\t\t<\/div>\n\t\t\t\t<\/div>\n\t\t\t\t<div class=\"elementor-element elementor-element-242fee2 elementor-widget-divider--view-line elementor-widget elementor-widget-divider\" data-id=\"242fee2\" data-element_type=\"widget\" data-e-type=\"widget\" data-widget_type=\"divider.default\">\n\t\t\t\t<div class=\"elementor-widget-container\">\n\t\t\t\t\t\t\t<div class=\"elementor-divider\">\n\t\t\t<span class=\"elementor-divider-separator\">\n\t\t\t\t\t\t<\/span>\n\t\t<\/div>\n\t\t\t\t\t\t<\/div>\n\t\t\t\t<\/div>\n\t\t\t\t<div class=\"elementor-element elementor-element-13139cb elementor-widget__width-initial elementor-widget-mobile__width-inherit elementor-widget elementor-widget-text-editor\" data-id=\"13139cb\" data-element_type=\"widget\" data-e-type=\"widget\" data-widget_type=\"text-editor.default\">\n\t\t\t\t<div class=\"elementor-widget-container\">\n\t\t\t\t\t\t\t\t\t<p>Nazarene Essentials explica por qu\u00e9 la Iglesia del Nazareno existe como un movimiento mundial de Santidad y Gran Comisi\u00f3n en la tradici\u00f3n wesleyana-arminiana.<\/p>\t\t\t\t\t\t\t\t<\/div>\n\t\t\t\t<\/div>\n\t\t\t\t<div class=\"elementor-element elementor-element-b77c5f1 elementor-align-center elementor-widget elementor-widget-button\" data-id=\"b77c5f1\" data-element_type=\"widget\" data-e-type=\"widget\" data-widget_type=\"button.default\">\n\t\t\t\t<div class=\"elementor-widget-container\">\n\t\t\t\t\t\t\t\t\t<div class=\"elementor-button-wrapper\">\n\t\t\t\t\t<a class=\"elementor-button elementor-button-link elementor-size-sm\" href=\"https:\/\/nazarene.org\/es\/esenciales-nazarenos\/\">\n\t\t\t\t\t\t<span class=\"elementor-button-content-wrapper\">\n\t\t\t\t\t\t<span class=\"elementor-button-icon\">\n\t\t\t\t<svg aria-hidden=\"true\" class=\"e-font-icon-svg e-fas-arrow-right\" viewBox=\"0 0 448 512\" xmlns=\"http:\/\/www.w3.org\/2000\/svg\"><path d=\"M190.5 66.9l22.2-22.2c9.4-9.4 24.6-9.4 33.9 0L441 239c9.4 9.4 9.4 24.6 0 33.9L246.6 467.3c-9.4 9.4-24.6 9.4-33.9 0l-22.2-22.2c-9.5-9.5-9.3-25 .4-34.3L311.4 296H24c-13.3 0-24-10.7-24-24v-32c0-13.3 10.7-24 24-24h287.4L190.9 101.2c-9.8-9.3-10-24.8-.4-34.3z\"><\/path><\/svg>\t\t\t<\/span>\n\t\t\t\t\t\t\t\t\t<span class=\"elementor-button-text\">M\u00c1S INFORMACI\u00d3N<\/span>\n\t\t\t\t\t<\/span>\n\t\t\t\t\t<\/a>\n\t\t\t\t<\/div>\n\t\t\t\t\t\t\t\t<\/div>\n\t\t\t\t<\/div>\n\t\t\t\t\t<\/div>\n\t\t\t\t<\/div>\n\t\t\t\t<\/div>\n\t\t","protected":false},"excerpt":{"rendered":"<p>W.C. Wilson William C. Wilson cerr\u00f3 un puente sobre muchas de las contradicciones de la Iglesia primitiva del Nazareno. Super\u00f3 su regionalismo subyacente, conociendo bien las actitudes seccionales de su Sur nativo, al tiempo que crec\u00eda para apreciar el etos de California a principios del siglo XX. Del mismo modo, cerr\u00f3 un puente entre la [&hellip;]<\/p>\n","protected":false},"author":8,"featured_media":0,"parent":0,"menu_order":0,"comment_status":"closed","ping_status":"closed","template":"","meta":{"content-type":"","_jet_sm_ready_style":"","_jet_sm_style":"","_jet_sm_controls_values":"","_jet_sm_fonts_collection":"","_jet_sm_fonts_links":"","footnotes":""},"class_list":["post-39896","page","type-page","status-publish","hentry"],"yoast_head":"<!-- This site is optimized with the Yoast SEO Premium plugin v27.1 (Yoast SEO v27.1.1) - https:\/\/yoast.com\/product\/yoast-seo-premium-wordpress\/ -->\n<title>W.C. Wilson - Church of the Nazarene<\/title>\n<meta name=\"robots\" content=\"index, follow, max-snippet:-1, max-image-preview:large, max-video-preview:-1\" \/>\n<link rel=\"canonical\" href=\"https:\/\/nazarene.org\/es\/w-c-wilson\/\" \/>\n<meta property=\"og:locale\" content=\"es_ES\" \/>\n<meta property=\"og:type\" content=\"article\" \/>\n<meta property=\"og:title\" content=\"W.C. Wilson\" \/>\n<meta property=\"og:description\" content=\"W.C. Wilson William C. Wilson cerr\u00f3 un puente sobre muchas de las contradicciones de la Iglesia primitiva del Nazareno. Super\u00f3 su regionalismo subyacente, conociendo bien las actitudes seccionales de su Sur nativo, al tiempo que crec\u00eda para apreciar el etos de California a principios del siglo XX. Del mismo modo, cerr\u00f3 un puente entre la [&hellip;]\" \/>\n<meta property=\"og:url\" content=\"https:\/\/nazarene.org\/es\/w-c-wilson\/\" \/>\n<meta property=\"og:site_name\" content=\"Church of the Nazarene\" \/>\n<meta property=\"article:publisher\" content=\"https:\/\/www.facebook.com\/NazareneOfficial\/\" \/>\n<meta property=\"article:modified_time\" content=\"2025-06-10T08:16:48+00:00\" \/>\n<meta name=\"twitter:card\" content=\"summary_large_image\" \/>\n<meta name=\"twitter:site\" content=\"@Nazarene\" \/>\n<script type=\"application\/ld+json\" class=\"yoast-schema-graph\">{\"@context\":\"https:\/\/schema.org\",\"@graph\":[{\"@type\":\"WebPage\",\"@id\":\"https:\/\/nazarene.org\/es\/w-c-wilson\/\",\"url\":\"https:\/\/nazarene.org\/es\/w-c-wilson\/\",\"name\":\"W.C. Wilson - Church of the Nazarene\",\"isPartOf\":{\"@id\":\"https:\/\/nazarene.org\/es\/#website\"},\"datePublished\":\"2025-03-20T20:32:44+00:00\",\"dateModified\":\"2025-06-10T08:16:48+00:00\",\"breadcrumb\":{\"@id\":\"https:\/\/nazarene.org\/es\/w-c-wilson\/#breadcrumb\"},\"inLanguage\":\"es\",\"potentialAction\":[{\"@type\":\"ReadAction\",\"target\":[\"https:\/\/nazarene.org\/es\/w-c-wilson\/\"]}]},{\"@type\":\"BreadcrumbList\",\"@id\":\"https:\/\/nazarene.org\/es\/w-c-wilson\/#breadcrumb\",\"itemListElement\":[{\"@type\":\"ListItem\",\"position\":1,\"name\":\"Home\",\"item\":\"https:\/\/nazarene.org\/es\/inicio\/\"},{\"@type\":\"ListItem\",\"position\":2,\"name\":\"W.C. Wilson\"}]},{\"@type\":\"WebSite\",\"@id\":\"https:\/\/nazarene.org\/es\/#website\",\"url\":\"https:\/\/nazarene.org\/es\/\",\"name\":\"Church of the Nazarene\",\"description\":\"Making Christlike Disciples in the Nations\",\"publisher\":{\"@id\":\"https:\/\/nazarene.org\/es\/#organization\"},\"potentialAction\":[{\"@type\":\"SearchAction\",\"target\":{\"@type\":\"EntryPoint\",\"urlTemplate\":\"https:\/\/nazarene.org\/es\/?s={search_term_string}\"},\"query-input\":{\"@type\":\"PropertyValueSpecification\",\"valueRequired\":true,\"valueName\":\"search_term_string\"}}],\"inLanguage\":\"es\"},{\"@type\":\"Organization\",\"@id\":\"https:\/\/nazarene.org\/es\/#organization\",\"name\":\"Church of the Nazarene\",\"url\":\"https:\/\/nazarene.org\/es\/\",\"logo\":{\"@type\":\"ImageObject\",\"inLanguage\":\"es\",\"@id\":\"https:\/\/nazarene.org\/es\/#\/schema\/logo\/image\/\",\"url\":\"https:\/\/nazarene.org\/wp-content\/uploads\/2024\/06\/Naz_Desktop_Black_Logo-1.svg\",\"contentUrl\":\"https:\/\/nazarene.org\/wp-content\/uploads\/2024\/06\/Naz_Desktop_Black_Logo-1.svg\",\"width\":258,\"height\":36,\"caption\":\"Church of the Nazarene\"},\"image\":{\"@id\":\"https:\/\/nazarene.org\/es\/#\/schema\/logo\/image\/\"},\"sameAs\":[\"https:\/\/www.facebook.com\/NazareneOfficial\/\",\"https:\/\/x.com\/Nazarene\",\"https:\/\/www.instagram.com\/nazareneofficial\/\"]}]}<\/script>\n<!-- \/ Yoast SEO Premium plugin. -->","yoast_head_json":{"title":"W.C. Wilson - Church of the Nazarene","robots":{"index":"index","follow":"follow","max-snippet":"max-snippet:-1","max-image-preview":"max-image-preview:large","max-video-preview":"max-video-preview:-1"},"canonical":"https:\/\/nazarene.org\/es\/w-c-wilson\/","og_locale":"es_ES","og_type":"article","og_title":"W.C. Wilson","og_description":"W.C. Wilson William C. Wilson cerr\u00f3 un puente sobre muchas de las contradicciones de la Iglesia primitiva del Nazareno. Super\u00f3 su regionalismo subyacente, conociendo bien las actitudes seccionales de su Sur nativo, al tiempo que crec\u00eda para apreciar el etos de California a principios del siglo XX. Del mismo modo, cerr\u00f3 un puente entre la [&hellip;]","og_url":"https:\/\/nazarene.org\/es\/w-c-wilson\/","og_site_name":"Church of the Nazarene","article_publisher":"https:\/\/www.facebook.com\/NazareneOfficial\/","article_modified_time":"2025-06-10T08:16:48+00:00","twitter_card":"summary_large_image","twitter_site":"@Nazarene","schema":{"@context":"https:\/\/schema.org","@graph":[{"@type":"WebPage","@id":"https:\/\/nazarene.org\/es\/w-c-wilson\/","url":"https:\/\/nazarene.org\/es\/w-c-wilson\/","name":"W.C. Wilson - Church of the Nazarene","isPartOf":{"@id":"https:\/\/nazarene.org\/es\/#website"},"datePublished":"2025-03-20T20:32:44+00:00","dateModified":"2025-06-10T08:16:48+00:00","breadcrumb":{"@id":"https:\/\/nazarene.org\/es\/w-c-wilson\/#breadcrumb"},"inLanguage":"es","potentialAction":[{"@type":"ReadAction","target":["https:\/\/nazarene.org\/es\/w-c-wilson\/"]}]},{"@type":"BreadcrumbList","@id":"https:\/\/nazarene.org\/es\/w-c-wilson\/#breadcrumb","itemListElement":[{"@type":"ListItem","position":1,"name":"Home","item":"https:\/\/nazarene.org\/es\/inicio\/"},{"@type":"ListItem","position":2,"name":"W.C. Wilson"}]},{"@type":"WebSite","@id":"https:\/\/nazarene.org\/es\/#website","url":"https:\/\/nazarene.org\/es\/","name":"Church of the Nazarene","description":"Making Christlike Disciples in the Nations","publisher":{"@id":"https:\/\/nazarene.org\/es\/#organization"},"potentialAction":[{"@type":"SearchAction","target":{"@type":"EntryPoint","urlTemplate":"https:\/\/nazarene.org\/es\/?s={search_term_string}"},"query-input":{"@type":"PropertyValueSpecification","valueRequired":true,"valueName":"search_term_string"}}],"inLanguage":"es"},{"@type":"Organization","@id":"https:\/\/nazarene.org\/es\/#organization","name":"Church of the Nazarene","url":"https:\/\/nazarene.org\/es\/","logo":{"@type":"ImageObject","inLanguage":"es","@id":"https:\/\/nazarene.org\/es\/#\/schema\/logo\/image\/","url":"https:\/\/nazarene.org\/wp-content\/uploads\/2024\/06\/Naz_Desktop_Black_Logo-1.svg","contentUrl":"https:\/\/nazarene.org\/wp-content\/uploads\/2024\/06\/Naz_Desktop_Black_Logo-1.svg","width":258,"height":36,"caption":"Church of the Nazarene"},"image":{"@id":"https:\/\/nazarene.org\/es\/#\/schema\/logo\/image\/"},"sameAs":["https:\/\/www.facebook.com\/NazareneOfficial\/","https:\/\/x.com\/Nazarene","https:\/\/www.instagram.com\/nazareneofficial\/"]}]}},"_links":{"self":[{"href":"https:\/\/nazarene.org\/es\/wp-json\/wp\/v2\/pages\/39896","targetHints":{"allow":["GET"]}}],"collection":[{"href":"https:\/\/nazarene.org\/es\/wp-json\/wp\/v2\/pages"}],"about":[{"href":"https:\/\/nazarene.org\/es\/wp-json\/wp\/v2\/types\/page"}],"author":[{"embeddable":true,"href":"https:\/\/nazarene.org\/es\/wp-json\/wp\/v2\/users\/8"}],"replies":[{"embeddable":true,"href":"https:\/\/nazarene.org\/es\/wp-json\/wp\/v2\/comments?post=39896"}],"version-history":[{"count":0,"href":"https:\/\/nazarene.org\/es\/wp-json\/wp\/v2\/pages\/39896\/revisions"}],"wp:attachment":[{"href":"https:\/\/nazarene.org\/es\/wp-json\/wp\/v2\/media?parent=39896"}],"curies":[{"name":"wp","href":"https:\/\/api.w.org\/{rel}","templated":true}]}}