{"id":39890,"date":"2025-03-20T15:27:27","date_gmt":"2025-03-20T20:27:27","guid":{"rendered":"https:\/\/nazarene.org\/puntos-de-inflexion\/"},"modified":"2025-06-10T03:16:46","modified_gmt":"2025-06-10T08:16:46","slug":"puntos-de-inflexion","status":"publish","type":"page","link":"https:\/\/nazarene.org\/es\/puntos-de-inflexion\/","title":{"rendered":"Puntos de inflexi\u00f3n"},"content":{"rendered":"\t\t<div data-elementor-type=\"wp-page\" data-elementor-id=\"39890\" class=\"elementor elementor-39890 elementor-21722\" data-elementor-post-type=\"page\">\n\t\t\t\t<div class=\"elementor-element elementor-element-3afea2b e-flex e-con-boxed e-con e-parent\" data-id=\"3afea2b\" data-element_type=\"container\" data-e-type=\"container\" data-settings=\"{&quot;background_background&quot;:&quot;classic&quot;,&quot;jet_parallax_layout_list&quot;:[]}\">\n\t\t\t\t\t<div class=\"e-con-inner\">\n\t\t\t\t<div class=\"elementor-element elementor-element-d4ac1ba elementor-widget elementor-widget-heading\" data-id=\"d4ac1ba\" data-element_type=\"widget\" data-e-type=\"widget\" data-widget_type=\"heading.default\">\n\t\t\t\t<div class=\"elementor-widget-container\">\n\t\t\t\t\t<h1 class=\"elementor-heading-title elementor-size-default\">Puntos de inflexi\u00f3n en la historia nazarena<\/h1>\t\t\t\t<\/div>\n\t\t\t\t<\/div>\n\t\t\t\t\t<\/div>\n\t\t\t\t<\/div>\n\t\t<div class=\"elementor-element elementor-element-12e9800 e-flex e-con-boxed e-con e-parent\" data-id=\"12e9800\" data-element_type=\"container\" data-e-type=\"container\" data-settings=\"{&quot;background_background&quot;:&quot;classic&quot;,&quot;jet_parallax_layout_list&quot;:[]}\">\n\t\t\t\t\t<div class=\"e-con-inner\">\n\t\t<div class=\"elementor-element elementor-element-43e6c2c e-con-full e-flex e-con e-child\" data-id=\"43e6c2c\" data-element_type=\"container\" data-e-type=\"container\" data-settings=\"{&quot;jet_parallax_layout_list&quot;:[],&quot;background_background&quot;:&quot;classic&quot;}\">\n\t\t\t\t<div class=\"elementor-element elementor-element-a9cae34 elementor-widget elementor-widget-heading\" data-id=\"a9cae34\" data-element_type=\"widget\" data-e-type=\"widget\" data-widget_type=\"heading.default\">\n\t\t\t\t<div class=\"elementor-widget-container\">\n\t\t\t\t\t<h3 class=\"elementor-heading-title elementor-size-default\">Un resumen de las principales tendencias<\/h3>\t\t\t\t<\/div>\n\t\t\t\t<\/div>\n\t\t\t\t<div class=\"elementor-element elementor-element-f98ea5a elementor-widget__width-initial elementor-widget elementor-widget-text-editor\" data-id=\"f98ea5a\" data-element_type=\"widget\" data-e-type=\"widget\" data-widget_type=\"text-editor.default\">\n\t\t\t\t<div class=\"elementor-widget-container\">\n\t\t\t\t\t\t\t\t\t<div class=\"layout__region layout__region--left flex-1-1 flex-grow-0 xl-flex-4-5\">\n<div class=\"block__wysiwyg\" data-layout-content-preview-placeholder-label=\"\" content=\"\" block=\"\">\n<div class=\"styles-wrapper-6edf979c-a596-4e08-89bf-7db386c9819b\">\n<section class=\"wysiwyg\">\n<div class=\"wysiwyg__content\">\n<div class=\"flex-container flex-wrap\">\n<p><strong>Per\u00edodo uno: La b\u00fasqueda de fundaciones, 1887-1915<\/strong><\/p>\n<p><em>La fundaci\u00f3n de los cuerpos de padres.<\/em><br> ESTE DE ESTADOS UNIDOS: MOVIMIENTO DE NUEVA INGLATERRA<\/p>\n<p>Iglesia Evang\u00e9lica del pueblo, Providence, Rhode Island (1887)<br>La Iglesia Pentecostal, Lynn, Mass., (1888)<br>Otras iglesias de Nueva Inglaterra.<br>Asociaci\u00f3n Evang\u00e9lica Central de Santidad (1890), primera organizaci\u00f3n de iglesias en el linaje nazareno.<\/p>\n<p> <\/p>\n<p>SUR DE ESTADOS UNIDOS: EL MOVIMIENTO DE TENNESSEE<\/p>\n<p>Iglesia del Nuevo Testamento de Cristo se origina en Tennessee (1894)<\/p>\n<p> <\/p>\n<p>ESTE DE ESTADOS UNIDOS: EL MOVIMIENTO DE BROOKLYN<\/p>\n<p>Tres congregaciones en Brooklyn fundadas por William Howard Hoople, comenzando con la Iglesia Pentecostal de Utica Avenue (1894)<br>Asociaci\u00f3n de Iglesias Pentecostales de Am\u00e9rica organizada (1895) como una asociaci\u00f3n de iglesias de santidad del \u00e1rea de la ciudad de Nueva York.<\/p>\n<p> <\/p>\n<p>OESTE DE ESTADOS UNIDOS: EL MOVIMIENTO DEL PAC\u00cdFICO<\/p>\n<p>Primera Iglesia del Nazareno de Los \u00c1ngeles establecida (1895). Se convierte en la iglesia madre de la rama occidental<\/p>\n<p> <\/p>\n<p>SUR DE ESTADOS UNIDOS: EL MOVIMIENTO DE TEXAS<\/p>\n<p>La Iglesia Independiente de Santidad se origina en el este de Texas (1901).<\/p>\n<p> <\/p>\n<p>CUERPOS REGIONALES SE CONSOLIDAN Y CRECEN<\/p>\n<p>Los movimientos de Nueva Inglaterra y Brooklyn se unen en 1896. El cuerpo unido conserva el nombre del movimiento de Brooklyn y se llama Asociaci\u00f3n de Iglesias Pentecostales de Am\u00e9rica. Para 1907, se extend\u00eda desde Nueva Escocia, Canad\u00e1 a Iowa.<br>Los grupos de Tennessee y Texas se unen en 1904, creando la Iglesia de la Santidad de Cristo. Para 1908 la Iglesia de la Santidad de Cristo llegaba desde Nuevo M\u00e9xico a Georgia.<br>Para 1907, la Iglesia del Nazareno de Bresee se extiende desde el sur de California al norte hasta Seattle y al este hasta Illinois.<\/p>\n<p> <\/p>\n<p>Un punto de inflexi\u00f3n importante es el <em>movimiento de unidad<\/em>, que culmina en fusiones en 1907, 1908 y 1915. Para la \u00faltima fecha, lo que alguna vez hab\u00edan sido siete grupos distintos en los Estados Unidos y uno en Escocia, se hab\u00edan unido en una sola denominaci\u00f3n internacional con iglesias en el Caribe, Am\u00e9rica Central, Am\u00e9rica del Sur, \u00c1frica, Asia y Cabo Verde.<br> <\/p>\n<p>Primera Asamblea General en Chicago, Ill., (1907) une a la Asociaci\u00f3n de Iglesias Pentecostales de Am\u00e9rica y la Iglesia del Nazareno. El nombre \u00abIglesia Pentecostal del Nazareno\u00bb se selecciona como el nombre de la iglesia.<br>Segunda Asamblea General en Pilot Point, Tex., (1908) trae a la Iglesia de la Santidad de Cristo al cuerpo unido. La Iglesia Pentecostal del Nazareno ahora existe en la mayor\u00eda de las \u00e1reas de los Estados Unidos y en la provincia canadiense de Nueva Escocia.<br>Dos fusiones clave en 1915 agregan la Misi\u00f3n Pentecostal (Sureste de los Estados Unidos) y la Iglesia Pentecostal de Escocia a la iglesia.<br>La Quinta Asamblea General elimina la palabra \u00abPentecostal\u00bb del nombre de la iglesia porque el surgimiento del pentecostalismo que habla lenguas modernas le ha dado a la palabra nuevos significados populares.<br>La Sexta Asamblea General (1923) elige 1908 como la fecha de aniversario oficial para la iglesia unida.<\/p>\n<p> <\/p>\n<p>Un punto de inflexi\u00f3n cr\u00edtico con la creaci\u00f3n de la Editorial Nazarena por la acci\u00f3n de la Tercera Asamblea General (1911). Esta acci\u00f3n reemplaz\u00f3 a tres compa\u00f1\u00edas editoriales regionales con una compa\u00f1\u00eda central, y reemplaz\u00f3 a tres peri\u00f3dicos regionales con un peri\u00f3dico denominacional fuerte, <em>Herald of Holiness<\/em>, que comenz\u00f3 a publicar en la primavera de 1912 y continu\u00f3 hasta 1998, cuando fue reemplazado por <em>Holiness Today<\/em>.<\/p>\n<p> <\/p>\n<p>Otro punto culminante fue el <em>desarrollo de una red de colegios de artes liberales<\/em> para educar a ministros y a laicos cristianos. Los primeros nazarenos se inclinaron hacia el modelo metodista de educaci\u00f3n superior, que inclu\u00eda una amplia educaci\u00f3n en ciencias y humanidades. Los metodistas tambi\u00e9n cre\u00edan que cada conferencia anual deber\u00eda tener su propio colegio. Por el contrario, el modelo bautista hizo hincapi\u00e9 en los colegios b\u00edblicos con un curr\u00edculo estrecho. Los primeros nazarenos eligieron el modelo metodista porque (1) les permiti\u00f3 educar a su clero y laicos juntos, y (2) proporcion\u00f3 al clero una amplia educaci\u00f3n.<\/p>\n<p> <\/p>\n<p><em>Empresa misionera<\/em>. El primer trabajo fuera de los Estados Unidos y Canad\u00e1 fue en la India, seguido de Cabo Verde, China, Jap\u00f3n y M\u00e9xico. La Misi\u00f3n Pentecostal, que se fusion\u00f3 con la Iglesia del Nazareno en 1915, agreg\u00f3 obras misioneras en Cuba, Am\u00e9rica Central y Am\u00e9rica del Sur. El desarrollo de la empresa misionera nazarena se convirti\u00f3 en una de las caracter\u00edsticas definitorias de la iglesia en las generaciones que estaban por delante.<br>Per\u00edodo dos: La era de la organizaci\u00f3n, 1915-1945<\/p>\n<p> <\/p>\n<p><em>Las mujeres se organizan para misiones.<\/em> La Sociedad Misionera de Mujeres fue autorizada en 1915 como auxiliar de la iglesia. En una fecha posterior, abri\u00f3 su membres\u00eda a hombres y se convirti\u00f3 en la Sociedad Misionera Mundial Nazarena.<\/p>\n<p> <\/p>\n<p><em>La Junta General fue creada<\/em> por la acci\u00f3n de la Asamblea General de 1923 y comenz\u00f3 a funcionar de inmediato. Reemplaz\u00f3 a un sistema de juntas independientes que a menudo compet\u00edan entre s\u00ed por el d\u00f3lar de la iglesia. Estas juntas independientes se convirtieron en departamentos de la Junta General.<\/p>\n<p> <\/p>\n<p>La Asamblea General 1923 autoriza al <em>Departamento de Escuelas de la Iglesia<\/em> y por primera vez la Iglesia del Nazareno comenz\u00f3 una planificaci\u00f3n detallada y sistem\u00e1tica del curr\u00edculo de educaci\u00f3n cristiana.<\/p>\n<p> <\/p>\n<p>El programa internacional de la Iglesia del Nazareno sufri\u00f3 mucho de las consecuencias sociales y econ\u00f3micas de la Gran Depresi\u00f3n y la posterior Guerra Mundial. <em>\u00abAbandonamiento\u00bb<\/em> se convirti\u00f3 en la consigna ya que la iglesia se ve\u00eda obligada a organizar sus recursos cuidadosamente. Al mismo tiempo, los l\u00edderes de iglesia establecieron planes para una expansi\u00f3n significativa de los esfuerzos misioneros en la era de posguerra.<\/p>\n<p> <\/p>\n<p><strong>Per\u00edodo tres: La era de evangelismo, 1946-1970<\/strong><\/p>\n<p> <\/p>\n<p>El tercer per\u00edodo est\u00e1 marcado por una <em>explosi\u00f3n de actividad misionera<\/em> que llev\u00f3 a la iglesia a nuevas \u00e1reas, como Corea y Filipinas. Tambi\u00e9n ingres\u00f3 a Australia e Italia cuando obras ind\u00edgenas significativas en estos pa\u00edses se unieron a la Iglesia del Nazareno. La Cruzada por Almas de Mediados de Siglo y otros esfuerzos reavivadores caracterizaron a la iglesia en Am\u00e9rica del Norte y en otros continentes.<\/p>\n<p> <\/p>\n<p>La iglesia realiz\u00f3 <em>capacitaci\u00f3n teol\u00f3gica de posgrado para el ministerio<\/em> cuando se fund\u00f3 el Seminario Teol\u00f3gico Nazareno en 1945. Ahora hay varias instituciones de posgrado de religi\u00f3n que proporcionan capacitaci\u00f3n especializada.<\/p>\n<p> <\/p>\n<p>Se autorizaron transmisiones de radio y comienza el programa <em>\u00abDuchas de bendiciones\u00bb<\/em>, pronto seguido por <em>\u00abLa Hora Nazarena\u00bb <\/em>y transmisiones en otros idiomas.<\/p>\n<p> <\/p>\n<p>La iglesia <em>respondi\u00f3 al Movimiento Juvenil<\/em> de los 60 creando Cuerpos Misioneros Estudiantiles y grupos de canto orientados a j\u00f3venes, como Lost and Found. La Iglesia Maranatha del Nazareno en Paramus, N.J., tipifica la divulgaci\u00f3n a la cultura hippie.<\/p>\n<p> <\/p>\n<p><strong>Per\u00edodo cuatro: Buscar una identidad en una era de cambio, 1971 al presente<\/strong><\/p>\n<p> <\/p>\n<p>La iglesia se tom\u00f3 en serio la <em>internacionalizaci\u00f3n<\/em> mientras hac\u00eda frente a las crecientes demandas de tama\u00f1o y diversidad cultural.<\/p>\n<p> <\/p>\n<p><em>Ministerios compasivos<\/em> devueltos al coraz\u00f3n de la iglesia, como un aspecto del evangelismo y como signo del reino de Dios trabajando en medio de nosotros. Esto ocurri\u00f3 por primera vez a trav\u00e9s de la fundaci\u00f3n de ministerios urbanos, particularmente la Comunidad de Esperanza en Washington, D.C. y la Iglesia del Nazareno de Manhattan en la ciudad de Nueva York. M\u00e1s tarde por la Oficina de Ministerios Compasivos en el Centro de Ministerio Global.<\/p>\n<\/div>\n<\/div>\n<\/section>\n<\/div>\n<\/div>\n<\/div>\t\t\t\t\t\t\t\t<\/div>\n\t\t\t\t<\/div>\n\t\t\t\t<\/div>\n\t\t\t\t\t<\/div>\n\t\t\t\t<\/div>\n\t\t<div class=\"elementor-element elementor-element-5d6e2fe elementor-hidden-widescreen elementor-hidden-desktop elementor-hidden-tablet elementor-hidden-mobile e-flex e-con-boxed e-con e-parent\" data-id=\"5d6e2fe\" data-element_type=\"container\" data-e-type=\"container\" data-settings=\"{&quot;jet_parallax_layout_list&quot;:[],&quot;background_background&quot;:&quot;classic&quot;}\">\n\t\t\t\t\t<div class=\"e-con-inner\">\n\t\t\t\t<div class=\"elementor-element elementor-element-6f0ae55 elementor-widget elementor-widget-heading\" data-id=\"6f0ae55\" data-element_type=\"widget\" data-e-type=\"widget\" data-widget_type=\"heading.default\">\n\t\t\t\t<div class=\"elementor-widget-container\">\n\t\t\t\t\t<h3 class=\"elementor-heading-title elementor-size-default\">Esenciales nazarenos<\/h3>\t\t\t\t<\/div>\n\t\t\t\t<\/div>\n\t\t\t\t<div class=\"elementor-element elementor-element-242fee2 elementor-widget-divider--view-line elementor-widget elementor-widget-divider\" data-id=\"242fee2\" data-element_type=\"widget\" data-e-type=\"widget\" data-widget_type=\"divider.default\">\n\t\t\t\t<div class=\"elementor-widget-container\">\n\t\t\t\t\t\t\t<div class=\"elementor-divider\">\n\t\t\t<span class=\"elementor-divider-separator\">\n\t\t\t\t\t\t<\/span>\n\t\t<\/div>\n\t\t\t\t\t\t<\/div>\n\t\t\t\t<\/div>\n\t\t\t\t<div class=\"elementor-element elementor-element-13139cb elementor-widget__width-initial elementor-widget-mobile__width-inherit elementor-widget elementor-widget-text-editor\" data-id=\"13139cb\" data-element_type=\"widget\" data-e-type=\"widget\" data-widget_type=\"text-editor.default\">\n\t\t\t\t<div class=\"elementor-widget-container\">\n\t\t\t\t\t\t\t\t\t<p>Nazarene Essentials explica por qu\u00e9 la Iglesia del Nazareno existe como un movimiento mundial de Santidad y Gran Comisi\u00f3n en la tradici\u00f3n wesleyana-arminiana.<\/p>\t\t\t\t\t\t\t\t<\/div>\n\t\t\t\t<\/div>\n\t\t\t\t<div class=\"elementor-element elementor-element-b77c5f1 elementor-align-center elementor-widget elementor-widget-button\" data-id=\"b77c5f1\" data-element_type=\"widget\" data-e-type=\"widget\" data-widget_type=\"button.default\">\n\t\t\t\t<div class=\"elementor-widget-container\">\n\t\t\t\t\t\t\t\t\t<div class=\"elementor-button-wrapper\">\n\t\t\t\t\t<a class=\"elementor-button elementor-button-link elementor-size-sm\" href=\"https:\/\/nazarene.org\/es\/esenciales-nazarenos\/\">\n\t\t\t\t\t\t<span class=\"elementor-button-content-wrapper\">\n\t\t\t\t\t\t<span class=\"elementor-button-icon\">\n\t\t\t\t<svg aria-hidden=\"true\" class=\"e-font-icon-svg e-fas-arrow-right\" viewBox=\"0 0 448 512\" xmlns=\"http:\/\/www.w3.org\/2000\/svg\"><path d=\"M190.5 66.9l22.2-22.2c9.4-9.4 24.6-9.4 33.9 0L441 239c9.4 9.4 9.4 24.6 0 33.9L246.6 467.3c-9.4 9.4-24.6 9.4-33.9 0l-22.2-22.2c-9.5-9.5-9.3-25 .4-34.3L311.4 296H24c-13.3 0-24-10.7-24-24v-32c0-13.3 10.7-24 24-24h287.4L190.9 101.2c-9.8-9.3-10-24.8-.4-34.3z\"><\/path><\/svg>\t\t\t<\/span>\n\t\t\t\t\t\t\t\t\t<span class=\"elementor-button-text\">M\u00c1S INFORMACI\u00d3N<\/span>\n\t\t\t\t\t<\/span>\n\t\t\t\t\t<\/a>\n\t\t\t\t<\/div>\n\t\t\t\t\t\t\t\t<\/div>\n\t\t\t\t<\/div>\n\t\t\t\t\t<\/div>\n\t\t\t\t<\/div>\n\t\t\t\t<\/div>\n\t\t","protected":false},"excerpt":{"rendered":"<p>Puntos de inflexi\u00f3n en la historia nazarena Un resumen de las principales tendencias Per\u00edodo uno: La b\u00fasqueda de fundaciones, 1887-1915 La fundaci\u00f3n de los cuerpos de padres. ESTE DE ESTADOS UNIDOS: MOVIMIENTO DE NUEVA INGLATERRA Iglesia Evang\u00e9lica del pueblo, Providence, Rhode Island (1887)La Iglesia Pentecostal, Lynn, Mass., (1888)Otras iglesias de Nueva Inglaterra.Asociaci\u00f3n Evang\u00e9lica Central de [&hellip;]<\/p>\n","protected":false},"author":8,"featured_media":0,"parent":0,"menu_order":0,"comment_status":"closed","ping_status":"closed","template":"","meta":{"content-type":"","_jet_sm_ready_style":"","_jet_sm_style":"","_jet_sm_controls_values":"","_jet_sm_fonts_collection":"","_jet_sm_fonts_links":"","footnotes":""},"class_list":["post-39890","page","type-page","status-publish","hentry"],"yoast_head":"<!-- This site is optimized with the Yoast SEO Premium plugin v27.1 (Yoast SEO v27.1.1) - https:\/\/yoast.com\/product\/yoast-seo-premium-wordpress\/ -->\n<title>Puntos de inflexi\u00f3n - Church of the Nazarene<\/title>\n<meta name=\"robots\" content=\"index, follow, max-snippet:-1, max-image-preview:large, max-video-preview:-1\" \/>\n<link rel=\"canonical\" href=\"https:\/\/nazarene.org\/es\/puntos-de-inflexion\/\" \/>\n<meta property=\"og:locale\" content=\"es_ES\" \/>\n<meta property=\"og:type\" content=\"article\" \/>\n<meta property=\"og:title\" content=\"Puntos de inflexi\u00f3n\" \/>\n<meta property=\"og:description\" content=\"Puntos de inflexi\u00f3n en la historia nazarena Un resumen de las principales tendencias Per\u00edodo uno: La b\u00fasqueda de fundaciones, 1887-1915 La fundaci\u00f3n de los cuerpos de padres. ESTE DE ESTADOS UNIDOS: MOVIMIENTO DE NUEVA INGLATERRA Iglesia Evang\u00e9lica del pueblo, Providence, Rhode Island (1887)La Iglesia Pentecostal, Lynn, Mass., (1888)Otras iglesias de Nueva Inglaterra.Asociaci\u00f3n Evang\u00e9lica Central de [&hellip;]\" \/>\n<meta property=\"og:url\" content=\"https:\/\/nazarene.org\/es\/puntos-de-inflexion\/\" \/>\n<meta property=\"og:site_name\" content=\"Church of the Nazarene\" \/>\n<meta property=\"article:publisher\" content=\"https:\/\/www.facebook.com\/NazareneOfficial\/\" \/>\n<meta property=\"article:modified_time\" content=\"2025-06-10T08:16:46+00:00\" \/>\n<meta name=\"twitter:card\" content=\"summary_large_image\" \/>\n<meta name=\"twitter:site\" content=\"@Nazarene\" \/>\n<script type=\"application\/ld+json\" class=\"yoast-schema-graph\">{\"@context\":\"https:\/\/schema.org\",\"@graph\":[{\"@type\":\"WebPage\",\"@id\":\"https:\/\/nazarene.org\/es\/puntos-de-inflexion\/\",\"url\":\"https:\/\/nazarene.org\/es\/puntos-de-inflexion\/\",\"name\":\"Puntos de inflexi\u00f3n - Church of the Nazarene\",\"isPartOf\":{\"@id\":\"https:\/\/nazarene.org\/es\/#website\"},\"datePublished\":\"2025-03-20T20:27:27+00:00\",\"dateModified\":\"2025-06-10T08:16:46+00:00\",\"breadcrumb\":{\"@id\":\"https:\/\/nazarene.org\/es\/puntos-de-inflexion\/#breadcrumb\"},\"inLanguage\":\"es\",\"potentialAction\":[{\"@type\":\"ReadAction\",\"target\":[\"https:\/\/nazarene.org\/es\/puntos-de-inflexion\/\"]}]},{\"@type\":\"BreadcrumbList\",\"@id\":\"https:\/\/nazarene.org\/es\/puntos-de-inflexion\/#breadcrumb\",\"itemListElement\":[{\"@type\":\"ListItem\",\"position\":1,\"name\":\"Home\",\"item\":\"https:\/\/nazarene.org\/es\/inicio\/\"},{\"@type\":\"ListItem\",\"position\":2,\"name\":\"Puntos de inflexi\u00f3n\"}]},{\"@type\":\"WebSite\",\"@id\":\"https:\/\/nazarene.org\/es\/#website\",\"url\":\"https:\/\/nazarene.org\/es\/\",\"name\":\"Church of the Nazarene\",\"description\":\"Making Christlike Disciples in the Nations\",\"publisher\":{\"@id\":\"https:\/\/nazarene.org\/es\/#organization\"},\"potentialAction\":[{\"@type\":\"SearchAction\",\"target\":{\"@type\":\"EntryPoint\",\"urlTemplate\":\"https:\/\/nazarene.org\/es\/?s={search_term_string}\"},\"query-input\":{\"@type\":\"PropertyValueSpecification\",\"valueRequired\":true,\"valueName\":\"search_term_string\"}}],\"inLanguage\":\"es\"},{\"@type\":\"Organization\",\"@id\":\"https:\/\/nazarene.org\/es\/#organization\",\"name\":\"Church of the Nazarene\",\"url\":\"https:\/\/nazarene.org\/es\/\",\"logo\":{\"@type\":\"ImageObject\",\"inLanguage\":\"es\",\"@id\":\"https:\/\/nazarene.org\/es\/#\/schema\/logo\/image\/\",\"url\":\"https:\/\/nazarene.org\/wp-content\/uploads\/2024\/06\/Naz_Desktop_Black_Logo-1.svg\",\"contentUrl\":\"https:\/\/nazarene.org\/wp-content\/uploads\/2024\/06\/Naz_Desktop_Black_Logo-1.svg\",\"width\":258,\"height\":36,\"caption\":\"Church of the Nazarene\"},\"image\":{\"@id\":\"https:\/\/nazarene.org\/es\/#\/schema\/logo\/image\/\"},\"sameAs\":[\"https:\/\/www.facebook.com\/NazareneOfficial\/\",\"https:\/\/x.com\/Nazarene\",\"https:\/\/www.instagram.com\/nazareneofficial\/\"]}]}<\/script>\n<!-- \/ Yoast SEO Premium plugin. -->","yoast_head_json":{"title":"Puntos de inflexi\u00f3n - Church of the Nazarene","robots":{"index":"index","follow":"follow","max-snippet":"max-snippet:-1","max-image-preview":"max-image-preview:large","max-video-preview":"max-video-preview:-1"},"canonical":"https:\/\/nazarene.org\/es\/puntos-de-inflexion\/","og_locale":"es_ES","og_type":"article","og_title":"Puntos de inflexi\u00f3n","og_description":"Puntos de inflexi\u00f3n en la historia nazarena Un resumen de las principales tendencias Per\u00edodo uno: La b\u00fasqueda de fundaciones, 1887-1915 La fundaci\u00f3n de los cuerpos de padres. ESTE DE ESTADOS UNIDOS: MOVIMIENTO DE NUEVA INGLATERRA Iglesia Evang\u00e9lica del pueblo, Providence, Rhode Island (1887)La Iglesia Pentecostal, Lynn, Mass., (1888)Otras iglesias de Nueva Inglaterra.Asociaci\u00f3n Evang\u00e9lica Central de [&hellip;]","og_url":"https:\/\/nazarene.org\/es\/puntos-de-inflexion\/","og_site_name":"Church of the Nazarene","article_publisher":"https:\/\/www.facebook.com\/NazareneOfficial\/","article_modified_time":"2025-06-10T08:16:46+00:00","twitter_card":"summary_large_image","twitter_site":"@Nazarene","schema":{"@context":"https:\/\/schema.org","@graph":[{"@type":"WebPage","@id":"https:\/\/nazarene.org\/es\/puntos-de-inflexion\/","url":"https:\/\/nazarene.org\/es\/puntos-de-inflexion\/","name":"Puntos de inflexi\u00f3n - Church of the Nazarene","isPartOf":{"@id":"https:\/\/nazarene.org\/es\/#website"},"datePublished":"2025-03-20T20:27:27+00:00","dateModified":"2025-06-10T08:16:46+00:00","breadcrumb":{"@id":"https:\/\/nazarene.org\/es\/puntos-de-inflexion\/#breadcrumb"},"inLanguage":"es","potentialAction":[{"@type":"ReadAction","target":["https:\/\/nazarene.org\/es\/puntos-de-inflexion\/"]}]},{"@type":"BreadcrumbList","@id":"https:\/\/nazarene.org\/es\/puntos-de-inflexion\/#breadcrumb","itemListElement":[{"@type":"ListItem","position":1,"name":"Home","item":"https:\/\/nazarene.org\/es\/inicio\/"},{"@type":"ListItem","position":2,"name":"Puntos de inflexi\u00f3n"}]},{"@type":"WebSite","@id":"https:\/\/nazarene.org\/es\/#website","url":"https:\/\/nazarene.org\/es\/","name":"Church of the Nazarene","description":"Making Christlike Disciples in the Nations","publisher":{"@id":"https:\/\/nazarene.org\/es\/#organization"},"potentialAction":[{"@type":"SearchAction","target":{"@type":"EntryPoint","urlTemplate":"https:\/\/nazarene.org\/es\/?s={search_term_string}"},"query-input":{"@type":"PropertyValueSpecification","valueRequired":true,"valueName":"search_term_string"}}],"inLanguage":"es"},{"@type":"Organization","@id":"https:\/\/nazarene.org\/es\/#organization","name":"Church of the Nazarene","url":"https:\/\/nazarene.org\/es\/","logo":{"@type":"ImageObject","inLanguage":"es","@id":"https:\/\/nazarene.org\/es\/#\/schema\/logo\/image\/","url":"https:\/\/nazarene.org\/wp-content\/uploads\/2024\/06\/Naz_Desktop_Black_Logo-1.svg","contentUrl":"https:\/\/nazarene.org\/wp-content\/uploads\/2024\/06\/Naz_Desktop_Black_Logo-1.svg","width":258,"height":36,"caption":"Church of the Nazarene"},"image":{"@id":"https:\/\/nazarene.org\/es\/#\/schema\/logo\/image\/"},"sameAs":["https:\/\/www.facebook.com\/NazareneOfficial\/","https:\/\/x.com\/Nazarene","https:\/\/www.instagram.com\/nazareneofficial\/"]}]}},"_links":{"self":[{"href":"https:\/\/nazarene.org\/es\/wp-json\/wp\/v2\/pages\/39890","targetHints":{"allow":["GET"]}}],"collection":[{"href":"https:\/\/nazarene.org\/es\/wp-json\/wp\/v2\/pages"}],"about":[{"href":"https:\/\/nazarene.org\/es\/wp-json\/wp\/v2\/types\/page"}],"author":[{"embeddable":true,"href":"https:\/\/nazarene.org\/es\/wp-json\/wp\/v2\/users\/8"}],"replies":[{"embeddable":true,"href":"https:\/\/nazarene.org\/es\/wp-json\/wp\/v2\/comments?post=39890"}],"version-history":[{"count":0,"href":"https:\/\/nazarene.org\/es\/wp-json\/wp\/v2\/pages\/39890\/revisions"}],"wp:attachment":[{"href":"https:\/\/nazarene.org\/es\/wp-json\/wp\/v2\/media?parent=39890"}],"curies":[{"name":"wp","href":"https:\/\/api.w.org\/{rel}","templated":true}]}}