{"id":39709,"date":"2025-03-20T14:55:49","date_gmt":"2025-03-20T19:55:49","guid":{"rendered":"https:\/\/nazarene.org\/phineas-f-bresee\/"},"modified":"2025-06-10T03:01:54","modified_gmt":"2025-06-10T08:01:54","slug":"phineas-f-bresee","status":"publish","type":"page","link":"https:\/\/nazarene.org\/es\/phineas-f-bresee\/","title":{"rendered":"Phineas F. Bresee"},"content":{"rendered":"\t\t<div data-elementor-type=\"wp-page\" data-elementor-id=\"39709\" class=\"elementor elementor-39709 elementor-21679\" data-elementor-post-type=\"page\">\n\t\t\t\t<div class=\"elementor-element elementor-element-3afea2b e-flex e-con-boxed e-con e-parent\" data-id=\"3afea2b\" data-element_type=\"container\" data-e-type=\"container\" data-settings=\"{&quot;background_background&quot;:&quot;classic&quot;,&quot;jet_parallax_layout_list&quot;:[]}\">\n\t\t\t\t\t<div class=\"e-con-inner\">\n\t\t\t\t<div class=\"elementor-element elementor-element-d4ac1ba elementor-widget elementor-widget-heading\" data-id=\"d4ac1ba\" data-element_type=\"widget\" data-e-type=\"widget\" data-widget_type=\"heading.default\">\n\t\t\t\t<div class=\"elementor-widget-container\">\n\t\t\t\t\t<h1 class=\"elementor-heading-title elementor-size-default\">Declaraci\u00f3n hist\u00f3rica<\/h1>\t\t\t\t<\/div>\n\t\t\t\t<\/div>\n\t\t\t\t\t<\/div>\n\t\t\t\t<\/div>\n\t\t<div class=\"elementor-element elementor-element-8e2fef3 e-flex e-con-boxed e-con e-parent\" data-id=\"8e2fef3\" data-element_type=\"container\" data-e-type=\"container\" data-settings=\"{&quot;background_background&quot;:&quot;classic&quot;,&quot;jet_parallax_layout_list&quot;:[]}\">\n\t\t\t\t\t<div class=\"e-con-inner\">\n\t\t<div class=\"elementor-element elementor-element-0c43af7 e-con-full e-flex e-con e-child\" data-id=\"0c43af7\" data-element_type=\"container\" data-e-type=\"container\" data-settings=\"{&quot;jet_parallax_layout_list&quot;:[]}\">\n\t\t\t\t<div class=\"elementor-element elementor-element-0e17ad9 elementor-widget elementor-widget-image\" data-id=\"0e17ad9\" data-element_type=\"widget\" data-e-type=\"widget\" data-widget_type=\"image.default\">\n\t\t\t\t<div class=\"elementor-widget-container\">\n\t\t\t\t\t\t\t\t\t\t\t\t\t\t\t<img fetchpriority=\"high\" decoding=\"async\" width=\"450\" height=\"500\" src=\"https:\/\/nazarene.org\/wp-content\/uploads\/2025\/03\/PBresee.webp\" class=\"attachment-large size-large wp-image-21685\" alt=\"\" srcset=\"https:\/\/nazarene.org\/wp-content\/uploads\/2025\/03\/PBresee.webp 450w, https:\/\/nazarene.org\/wp-content\/uploads\/2025\/03\/PBresee-270x300.webp 270w\" sizes=\"(max-width: 450px) 100vw, 450px\" \/>\t\t\t\t\t\t\t\t\t\t\t\t\t\t\t<\/div>\n\t\t\t\t<\/div>\n\t\t\t\t<\/div>\n\t\t<div class=\"elementor-element elementor-element-9311c3b e-con-full e-flex e-con e-child\" data-id=\"9311c3b\" data-element_type=\"container\" data-e-type=\"container\" data-settings=\"{&quot;jet_parallax_layout_list&quot;:[]}\">\n\t\t\t\t<div class=\"elementor-element elementor-element-8c43b6e elementor-widget__width-initial elementor-widget-mobile__width-inherit elementor-widget elementor-widget-text-editor\" data-id=\"8c43b6e\" data-element_type=\"widget\" data-e-type=\"widget\" data-widget_type=\"text-editor.default\">\n\t\t\t\t<div class=\"elementor-widget-container\">\n\t\t\t\t\t\t\t\t\t<div class=\"layout__region layout__region--left flex-1-1 flex-grow-0 xl-flex-4-5\"><div class=\"block__wysiwyg\" data-layout-content-preview-placeholder-label=\"\" content=\"\" block=\"\"><div class=\"styles-wrapper-5b7fa342-041e-4e19-a1d4-834e1dffe346\"><section class=\"wysiwyg\"><div class=\"wysiwyg__content\"><div class=\"flex-container flex-wrap\"><div class=\"flex-container flex-dir-row\"><div class=\"flex-1-1 md-flex-3-4 padding\"><p>Carl O. Bangs<\/p><p>La publicaci\u00f3n en 1995 de la biograf\u00eda de Carl Bangs de Phineas F. Bresee hace avanzar nuestra comprensi\u00f3n de la historia nazarena temprana. Bresee ha sido tema de varias biograf\u00edas grandes y peque\u00f1as, pero Phineas F. Bresee: His Life in the Methodism, el Movimiento de Santidad y la Iglesia del Nazareno es el primero escrito por un acad\u00e9mico experimentado e internacionalmente conocido.<\/p><p> <\/p><p>La perspectiva del libro difiere marcadamente de la de las biograf\u00edas anteriores de Bresee, que examinaron su vida desde el punto de vista de su papel como fundador nazareno, abreviando su carrera metodista: 25 a\u00f1os en Iowa y 12 m\u00e1s en California. Por el contrario, el ministerio metodista de Bresee ocupa m\u00e1s de la mitad de la nueva biograf\u00eda, para Bangs hace la pregunta m\u00e1s simple, pero fundamentalmente diferente: \u00ab\u00bfQui\u00e9n era Bresee?\u00bb Esta pregunta l\u00edder simple ha resultado en un tipo de biograf\u00eda diferente de sus predecesores. Bangs demuestra h\u00e1bilmente en el proceso que para entender el significado de la Iglesia del Nazareno para Bresee, primero debe entender lo que significaba el metodismo para \u00e9l.<br> <\/p><p>Primero, Bangs construye el caso de que la teolog\u00eda de santidad de Bresee estaba firmemente arraigada en el metodismo.<br>En segundo lugar, Bangs muestra cu\u00e1n crucial fue el ministerio de Iowa en el desarrollo de Bresee.<br>En tercer lugar, la pr\u00e1ctica de Bresee de mezclar negocios con religi\u00f3n y sus desafortunadas consecuencias se consideran completamente y con m\u00e1s detalle que en cuentas anteriores, y se colocan bajo una nueva luz.<br>Cuarto, la nueva biograf\u00eda muestra el ascenso de Bresee a prominencia en el metodismo de California entre 1883 y 1892.<br>Quinto, proporciona material nuevo sobre las circunstancias que rodean la retirada de Bresee del ministerio metodista, su expulsi\u00f3n de la Misi\u00f3n Peniel y los or\u00edgenes de la Iglesia del Nazareno en Los \u00c1ngeles.<br>Por \u00faltimo, el libro muestra c\u00f3mo la vida de reflexi\u00f3n de Bresee sobre la iglesia y su ministerio afect\u00f3 a la teolog\u00eda y la pr\u00e1ctica de los nazarenos de Los \u00c1ngeles y, finalmente, a una uni\u00f3n m\u00e1s amplia de personas de santidad que componen la Iglesia del Nazareno actual.<\/p><p> <\/p><p>Hay muchos deleites interesantes en el camino: el uso de los diarios de la hija de Phineas, Sue Bresee; la tormenta que estall\u00f3 sobre Bresee durante el a\u00f1o que ministr\u00f3 a trav\u00e9s de la Misi\u00f3n independiente Peniel; la influencia de metodistas clave como Leslie F. Gay y el juez W. S. Knott en Bresee y su influencia sobre ellos; la disensi\u00f3n que desgarr\u00f3 el coraz\u00f3n de la Primera Iglesia de Los \u00c1ngeles en 1907 y 1908, en el momento que deber\u00eda haber sido el momento de triunfo de Bresee; y muchas otras hebras fascinantes de la historia de Bresee.<\/p><p> <\/p><p>Stan Ingersol, Ph.D. Gerente de archivos, Iglesia del Nazareno<\/p><\/div><\/div><\/div><\/div><\/section><\/div><\/div><\/div>\t\t\t\t\t\t\t\t<\/div>\n\t\t\t\t<\/div>\n\t\t\t\t<\/div>\n\t\t\t\t\t<\/div>\n\t\t\t\t<\/div>\n\t\t\t\t<\/div>\n\t\t","protected":false},"excerpt":{"rendered":"<p>Declaraci\u00f3n hist\u00f3rica Carl O. Bangs La publicaci\u00f3n en 1995 de la biograf\u00eda de Carl Bangs de Phineas F. Bresee hace avanzar nuestra comprensi\u00f3n de la historia nazarena temprana. Bresee ha sido tema de varias biograf\u00edas grandes y peque\u00f1as, pero Phineas F. Bresee: His Life in the Methodism, el Movimiento de Santidad y la Iglesia del [&hellip;]<\/p>\n","protected":false},"author":8,"featured_media":0,"parent":0,"menu_order":0,"comment_status":"closed","ping_status":"closed","template":"","meta":{"content-type":"","_jet_sm_ready_style":"","_jet_sm_style":"","_jet_sm_controls_values":"","_jet_sm_fonts_collection":"","_jet_sm_fonts_links":"","footnotes":""},"class_list":["post-39709","page","type-page","status-publish","hentry"],"yoast_head":"<!-- This site is optimized with the Yoast SEO Premium plugin v27.1 (Yoast SEO v27.1.1) - https:\/\/yoast.com\/product\/yoast-seo-premium-wordpress\/ -->\n<title>Phineas F. Bresee - Church of the Nazarene<\/title>\n<meta name=\"robots\" content=\"index, follow, max-snippet:-1, max-image-preview:large, max-video-preview:-1\" \/>\n<link rel=\"canonical\" href=\"https:\/\/nazarene.org\/es\/phineas-f-bresee\/\" \/>\n<meta property=\"og:locale\" content=\"es_ES\" \/>\n<meta property=\"og:type\" content=\"article\" \/>\n<meta property=\"og:title\" content=\"Phineas F. Bresee\" \/>\n<meta property=\"og:description\" content=\"Declaraci\u00f3n hist\u00f3rica Carl O. Bangs La publicaci\u00f3n en 1995 de la biograf\u00eda de Carl Bangs de Phineas F. Bresee hace avanzar nuestra comprensi\u00f3n de la historia nazarena temprana. Bresee ha sido tema de varias biograf\u00edas grandes y peque\u00f1as, pero Phineas F. Bresee: His Life in the Methodism, el Movimiento de Santidad y la Iglesia del [&hellip;]\" \/>\n<meta property=\"og:url\" content=\"https:\/\/nazarene.org\/es\/phineas-f-bresee\/\" \/>\n<meta property=\"og:site_name\" content=\"Church of the Nazarene\" \/>\n<meta property=\"article:publisher\" content=\"https:\/\/www.facebook.com\/NazareneOfficial\/\" \/>\n<meta property=\"article:modified_time\" content=\"2025-06-10T08:01:54+00:00\" \/>\n<meta property=\"og:image\" content=\"https:\/\/nazarene.org\/wp-content\/uploads\/2025\/03\/PBresee.webp\" \/>\n\t<meta property=\"og:image:width\" content=\"450\" \/>\n\t<meta property=\"og:image:height\" content=\"500\" \/>\n\t<meta property=\"og:image:type\" content=\"image\/webp\" \/>\n<meta name=\"twitter:card\" content=\"summary_large_image\" \/>\n<meta name=\"twitter:site\" content=\"@Nazarene\" \/>\n<script type=\"application\/ld+json\" class=\"yoast-schema-graph\">{\"@context\":\"https:\/\/schema.org\",\"@graph\":[{\"@type\":\"WebPage\",\"@id\":\"https:\/\/nazarene.org\/es\/phineas-f-bresee\/\",\"url\":\"https:\/\/nazarene.org\/es\/phineas-f-bresee\/\",\"name\":\"Phineas F. Bresee - Church of the Nazarene\",\"isPartOf\":{\"@id\":\"https:\/\/nazarene.org\/es\/#website\"},\"primaryImageOfPage\":{\"@id\":\"https:\/\/nazarene.org\/es\/phineas-f-bresee\/#primaryimage\"},\"image\":{\"@id\":\"https:\/\/nazarene.org\/es\/phineas-f-bresee\/#primaryimage\"},\"thumbnailUrl\":\"https:\/\/nazarene.org\/wp-content\/uploads\/2025\/03\/PBresee.webp\",\"datePublished\":\"2025-03-20T19:55:49+00:00\",\"dateModified\":\"2025-06-10T08:01:54+00:00\",\"breadcrumb\":{\"@id\":\"https:\/\/nazarene.org\/es\/phineas-f-bresee\/#breadcrumb\"},\"inLanguage\":\"es\",\"potentialAction\":[{\"@type\":\"ReadAction\",\"target\":[\"https:\/\/nazarene.org\/es\/phineas-f-bresee\/\"]}]},{\"@type\":\"ImageObject\",\"inLanguage\":\"es\",\"@id\":\"https:\/\/nazarene.org\/es\/phineas-f-bresee\/#primaryimage\",\"url\":\"https:\/\/nazarene.org\/wp-content\/uploads\/2025\/03\/PBresee.webp\",\"contentUrl\":\"https:\/\/nazarene.org\/wp-content\/uploads\/2025\/03\/PBresee.webp\"},{\"@type\":\"BreadcrumbList\",\"@id\":\"https:\/\/nazarene.org\/es\/phineas-f-bresee\/#breadcrumb\",\"itemListElement\":[{\"@type\":\"ListItem\",\"position\":1,\"name\":\"Home\",\"item\":\"https:\/\/nazarene.org\/es\/inicio\/\"},{\"@type\":\"ListItem\",\"position\":2,\"name\":\"Phineas F. Bresee\"}]},{\"@type\":\"WebSite\",\"@id\":\"https:\/\/nazarene.org\/es\/#website\",\"url\":\"https:\/\/nazarene.org\/es\/\",\"name\":\"Church of the Nazarene\",\"description\":\"Making Christlike Disciples in the Nations\",\"publisher\":{\"@id\":\"https:\/\/nazarene.org\/es\/#organization\"},\"potentialAction\":[{\"@type\":\"SearchAction\",\"target\":{\"@type\":\"EntryPoint\",\"urlTemplate\":\"https:\/\/nazarene.org\/es\/?s={search_term_string}\"},\"query-input\":{\"@type\":\"PropertyValueSpecification\",\"valueRequired\":true,\"valueName\":\"search_term_string\"}}],\"inLanguage\":\"es\"},{\"@type\":\"Organization\",\"@id\":\"https:\/\/nazarene.org\/es\/#organization\",\"name\":\"Church of the Nazarene\",\"url\":\"https:\/\/nazarene.org\/es\/\",\"logo\":{\"@type\":\"ImageObject\",\"inLanguage\":\"es\",\"@id\":\"https:\/\/nazarene.org\/es\/#\/schema\/logo\/image\/\",\"url\":\"https:\/\/nazarene.org\/wp-content\/uploads\/2024\/06\/Naz_Desktop_Black_Logo-1.svg\",\"contentUrl\":\"https:\/\/nazarene.org\/wp-content\/uploads\/2024\/06\/Naz_Desktop_Black_Logo-1.svg\",\"width\":258,\"height\":36,\"caption\":\"Church of the Nazarene\"},\"image\":{\"@id\":\"https:\/\/nazarene.org\/es\/#\/schema\/logo\/image\/\"},\"sameAs\":[\"https:\/\/www.facebook.com\/NazareneOfficial\/\",\"https:\/\/x.com\/Nazarene\",\"https:\/\/www.instagram.com\/nazareneofficial\/\"]}]}<\/script>\n<!-- \/ Yoast SEO Premium plugin. -->","yoast_head_json":{"title":"Phineas F. Bresee - Church of the Nazarene","robots":{"index":"index","follow":"follow","max-snippet":"max-snippet:-1","max-image-preview":"max-image-preview:large","max-video-preview":"max-video-preview:-1"},"canonical":"https:\/\/nazarene.org\/es\/phineas-f-bresee\/","og_locale":"es_ES","og_type":"article","og_title":"Phineas F. Bresee","og_description":"Declaraci\u00f3n hist\u00f3rica Carl O. Bangs La publicaci\u00f3n en 1995 de la biograf\u00eda de Carl Bangs de Phineas F. Bresee hace avanzar nuestra comprensi\u00f3n de la historia nazarena temprana. Bresee ha sido tema de varias biograf\u00edas grandes y peque\u00f1as, pero Phineas F. Bresee: His Life in the Methodism, el Movimiento de Santidad y la Iglesia del [&hellip;]","og_url":"https:\/\/nazarene.org\/es\/phineas-f-bresee\/","og_site_name":"Church of the Nazarene","article_publisher":"https:\/\/www.facebook.com\/NazareneOfficial\/","article_modified_time":"2025-06-10T08:01:54+00:00","og_image":[{"width":450,"height":500,"url":"https:\/\/nazarene.org\/wp-content\/uploads\/2025\/03\/PBresee.webp","type":"image\/webp"}],"twitter_card":"summary_large_image","twitter_site":"@Nazarene","schema":{"@context":"https:\/\/schema.org","@graph":[{"@type":"WebPage","@id":"https:\/\/nazarene.org\/es\/phineas-f-bresee\/","url":"https:\/\/nazarene.org\/es\/phineas-f-bresee\/","name":"Phineas F. Bresee - Church of the Nazarene","isPartOf":{"@id":"https:\/\/nazarene.org\/es\/#website"},"primaryImageOfPage":{"@id":"https:\/\/nazarene.org\/es\/phineas-f-bresee\/#primaryimage"},"image":{"@id":"https:\/\/nazarene.org\/es\/phineas-f-bresee\/#primaryimage"},"thumbnailUrl":"https:\/\/nazarene.org\/wp-content\/uploads\/2025\/03\/PBresee.webp","datePublished":"2025-03-20T19:55:49+00:00","dateModified":"2025-06-10T08:01:54+00:00","breadcrumb":{"@id":"https:\/\/nazarene.org\/es\/phineas-f-bresee\/#breadcrumb"},"inLanguage":"es","potentialAction":[{"@type":"ReadAction","target":["https:\/\/nazarene.org\/es\/phineas-f-bresee\/"]}]},{"@type":"ImageObject","inLanguage":"es","@id":"https:\/\/nazarene.org\/es\/phineas-f-bresee\/#primaryimage","url":"https:\/\/nazarene.org\/wp-content\/uploads\/2025\/03\/PBresee.webp","contentUrl":"https:\/\/nazarene.org\/wp-content\/uploads\/2025\/03\/PBresee.webp"},{"@type":"BreadcrumbList","@id":"https:\/\/nazarene.org\/es\/phineas-f-bresee\/#breadcrumb","itemListElement":[{"@type":"ListItem","position":1,"name":"Home","item":"https:\/\/nazarene.org\/es\/inicio\/"},{"@type":"ListItem","position":2,"name":"Phineas F. Bresee"}]},{"@type":"WebSite","@id":"https:\/\/nazarene.org\/es\/#website","url":"https:\/\/nazarene.org\/es\/","name":"Church of the Nazarene","description":"Making Christlike Disciples in the Nations","publisher":{"@id":"https:\/\/nazarene.org\/es\/#organization"},"potentialAction":[{"@type":"SearchAction","target":{"@type":"EntryPoint","urlTemplate":"https:\/\/nazarene.org\/es\/?s={search_term_string}"},"query-input":{"@type":"PropertyValueSpecification","valueRequired":true,"valueName":"search_term_string"}}],"inLanguage":"es"},{"@type":"Organization","@id":"https:\/\/nazarene.org\/es\/#organization","name":"Church of the Nazarene","url":"https:\/\/nazarene.org\/es\/","logo":{"@type":"ImageObject","inLanguage":"es","@id":"https:\/\/nazarene.org\/es\/#\/schema\/logo\/image\/","url":"https:\/\/nazarene.org\/wp-content\/uploads\/2024\/06\/Naz_Desktop_Black_Logo-1.svg","contentUrl":"https:\/\/nazarene.org\/wp-content\/uploads\/2024\/06\/Naz_Desktop_Black_Logo-1.svg","width":258,"height":36,"caption":"Church of the Nazarene"},"image":{"@id":"https:\/\/nazarene.org\/es\/#\/schema\/logo\/image\/"},"sameAs":["https:\/\/www.facebook.com\/NazareneOfficial\/","https:\/\/x.com\/Nazarene","https:\/\/www.instagram.com\/nazareneofficial\/"]}]}},"_links":{"self":[{"href":"https:\/\/nazarene.org\/es\/wp-json\/wp\/v2\/pages\/39709","targetHints":{"allow":["GET"]}}],"collection":[{"href":"https:\/\/nazarene.org\/es\/wp-json\/wp\/v2\/pages"}],"about":[{"href":"https:\/\/nazarene.org\/es\/wp-json\/wp\/v2\/types\/page"}],"author":[{"embeddable":true,"href":"https:\/\/nazarene.org\/es\/wp-json\/wp\/v2\/users\/8"}],"replies":[{"embeddable":true,"href":"https:\/\/nazarene.org\/es\/wp-json\/wp\/v2\/comments?post=39709"}],"version-history":[{"count":0,"href":"https:\/\/nazarene.org\/es\/wp-json\/wp\/v2\/pages\/39709\/revisions"}],"wp:attachment":[{"href":"https:\/\/nazarene.org\/es\/wp-json\/wp\/v2\/media?parent=39709"}],"curies":[{"name":"wp","href":"https:\/\/api.w.org\/{rel}","templated":true}]}}