{"id":38809,"date":"2025-01-29T11:13:37","date_gmt":"2025-01-29T17:13:37","guid":{"rendered":"https:\/\/nazarene.org\/proyectos-de-misiones-nazarenas-aprobados\/"},"modified":"2025-06-10T00:43:15","modified_gmt":"2025-06-10T05:43:15","slug":"proyectos-de-misiones-nazarenas-aprobados","status":"publish","type":"page","link":"https:\/\/nazarene.org\/es\/desarrollo-de-la-administracion\/proyectos-de-misiones-nazarenas-aprobados\/","title":{"rendered":"Proyectos de misiones nazarenas aprobados"},"content":{"rendered":"\t\t<div data-elementor-type=\"wp-page\" data-elementor-id=\"38809\" class=\"elementor elementor-38809 elementor-7163\" data-elementor-post-type=\"page\">\n\t\t\t\t<div class=\"elementor-element elementor-element-3afea2b e-flex e-con-boxed e-con e-parent\" data-id=\"3afea2b\" data-element_type=\"container\" data-e-type=\"container\" data-settings=\"{&quot;background_background&quot;:&quot;classic&quot;,&quot;jet_parallax_layout_list&quot;:[]}\">\n\t\t\t\t\t<div class=\"e-con-inner\">\n\t\t\t\t<div class=\"elementor-element elementor-element-d4ac1ba elementor-widget elementor-widget-heading\" data-id=\"d4ac1ba\" data-element_type=\"widget\" data-e-type=\"widget\" data-widget_type=\"heading.default\">\n\t\t\t\t<div class=\"elementor-widget-container\">\n\t\t\t\t\t<h1 class=\"elementor-heading-title elementor-size-default\">Proyectos de misiones nazarenas aprobados<\/h1>\t\t\t\t<\/div>\n\t\t\t\t<\/div>\n\t\t\t\t\t<\/div>\n\t\t\t\t<\/div>\n\t\t<div class=\"elementor-element elementor-element-fe9b9eb e-flex e-con-boxed e-con e-parent\" data-id=\"fe9b9eb\" data-element_type=\"container\" data-e-type=\"container\" data-settings=\"{&quot;jet_parallax_layout_list&quot;:[],&quot;background_background&quot;:&quot;classic&quot;}\">\n\t\t\t\t\t<div class=\"e-con-inner\">\n\t\t<div class=\"elementor-element elementor-element-c7b06dd e-con-full e-flex e-con e-child\" data-id=\"c7b06dd\" data-element_type=\"container\" data-e-type=\"container\" data-settings=\"{&quot;background_background&quot;:&quot;classic&quot;,&quot;jet_parallax_layout_list&quot;:[]}\">\n\t\t\t\t<div class=\"elementor-element elementor-element-b0d8025 elementor-widget elementor-widget-heading\" data-id=\"b0d8025\" data-element_type=\"widget\" data-e-type=\"widget\" data-widget_type=\"heading.default\">\n\t\t\t\t<div class=\"elementor-widget-container\">\n\t\t\t\t\t<h2 class=\"elementor-heading-title elementor-size-default\">Proyectos de misiones aprobados por Nazarenos (anteriormente 10 % de misiones especiales)<\/h2>\t\t\t\t<\/div>\n\t\t\t\t<\/div>\n\t\t\t\t<div class=\"elementor-element elementor-element-5bd070c elementor-widget elementor-widget-text-editor\" data-id=\"5bd070c\" data-element_type=\"widget\" data-e-type=\"widget\" data-widget_type=\"text-editor.default\">\n\t\t\t\t<div class=\"elementor-widget-container\">\n\t\t\t\t\t\t\t\t\t<p>Cada a\u00f1o, los nazarenos dan aproximadamente $26 millones adem\u00e1s de las donaciones para la evangelizaci\u00f3n mundial con el fin de hacer disc\u00edpulos semejantes a Cristo en las naciones. Para ver el informe anual m\u00e1s reciente de la Iglesia del Nazareno, <a href=\"https:\/\/nazarene.org\/financial-accountability\/\">haga clic aqu\u00ed<\/a>.<\/p><p>Los Proyectos de Misiones Nazarenas Aprobadas son aprobados estrat\u00e9gicamente en cada una de las seis regiones globales de la Iglesia del Nazareno y ayudan a financiar proyectos que van m\u00e1s all\u00e1 de la infraestructura y tecnolog\u00eda provistas a trav\u00e9s de las donaciones para la Evangelizaci\u00f3n Mundial de cada iglesia nazarena local.<\/p><p>Una lista completa de los Proyectos Nazarenos Aprobados de Misiones est\u00e1 disponible en nazarene.org\/give. Estos proyectos est\u00e1n listados por categor\u00eda: Alabastro, regi\u00f3n, nuestros misioneros, JESUS Film, j\u00f3venes nazarenos, World Mission Broadcast, Nazarene Compassionate Ministries e iniciativas educativas. Si no encuentra el proyecto aprobado al que desea donar, comun\u00edquese con <a href=\"mailto:stewardship@nazarene.org\">stewardship@nazarene.org<\/a> o llame al 1-800-544-8413 para obtener ayuda.<\/p><p>Todas las donaciones para Proyectos Nazarenos Aprobados cuentan para el reconocimiento de su iglesia local y para los objetivos de donaci\u00f3n de Funding the Mission.<\/p>\t\t\t\t\t\t\t\t<\/div>\n\t\t\t\t<\/div>\n\t\t\t\t<\/div>\n\t\t\t\t\t<\/div>\n\t\t\t\t<\/div>\n\t\t<div class=\"elementor-element elementor-element-cac5911 e-flex e-con-boxed e-con e-parent\" data-id=\"cac5911\" data-element_type=\"container\" data-e-type=\"container\" data-settings=\"{&quot;jet_parallax_layout_list&quot;:[],&quot;background_background&quot;:&quot;classic&quot;}\">\n\t\t\t\t\t<div class=\"e-con-inner\">\n\t\t<div class=\"elementor-element elementor-element-5ceccb6 e-con-full e-flex e-con e-child\" data-id=\"5ceccb6\" data-element_type=\"container\" data-e-type=\"container\" data-settings=\"{&quot;background_background&quot;:&quot;classic&quot;,&quot;jet_parallax_layout_list&quot;:[]}\">\n\t\t\t\t<div class=\"elementor-element elementor-element-3577c54 elementor-widget elementor-widget-heading\" data-id=\"3577c54\" data-element_type=\"widget\" data-e-type=\"widget\" data-widget_type=\"heading.default\">\n\t\t\t\t<div class=\"elementor-widget-container\">\n\t\t\t\t\t<h2 class=\"elementor-heading-title elementor-size-default\">\u00bfC\u00f3mo puedo contribuir a un proyecto de misiones aprobadas por Nazarenos? <\/h2>\t\t\t\t<\/div>\n\t\t\t\t<\/div>\n\t\t\t\t<div class=\"elementor-element elementor-element-0fe592c elementor-widget elementor-widget-text-editor\" data-id=\"0fe592c\" data-element_type=\"widget\" data-e-type=\"widget\" data-widget_type=\"text-editor.default\">\n\t\t\t\t<div class=\"elementor-widget-container\">\n\t\t\t\t\t\t\t\t\t<h6>1. D\u00e9 electr\u00f3nicamente o mediante cheque a proyectos fuera de los EE. UU.<\/h6><p>La forma m\u00e1s econ\u00f3mica de dar es en l\u00ednea a trav\u00e9s de <a href=\"https:\/\/give.nazarene.org\/donate\/world-evangelism-fund\" target=\"_blank\" rel=\"noopener\">nazarene.org\/give<\/a> para donaciones individuales y FundingtheMission.org para donaciones a la iglesia. Los regalos tambi\u00e9n se pueden hacer mediante cheque utilizando un formulario de remesas individual o de la iglesia.<\/p><h6>2. Dona a un proyecto aprobado en los EE. UU.<\/h6><p>Todas las donaciones para Proyectos de Misiones Nazarenas Aprobadas en los Estados Unidos se env\u00edan directamente al proyecto de los Estados Unidos. Para recibir reconocimiento por estos donativos, se invita a una iglesia a completar el formulario de donaci\u00f3n punto a punto en FundingtheMission.org.<br>Los proyectos aprobados en los Estados Unidos cumplen con uno de los siguientes requisitos:<\/p><ul><li>El ministerio es un centro de ministerio compasivo nazareno aprobado en la regi\u00f3n de EE.UU. y Canad\u00e1.<\/li><li>El ministerio es un nuevo desarrollo de iglesia aprobado en la regi\u00f3n de EE.UU. \/ Canad\u00e1 en su primer a\u00f1o de organizaci\u00f3n.<\/li><li>El ministerio es un Proyecto de Misiones Nazarenas aprobado por la Regi\u00f3n de EE.UU. y Canad\u00e1.<\/li><\/ul><h6><br>3. Fundaci\u00f3n Iglesia del Nazareno<\/h6><p>Las personas y algunas iglesias eligen hacer donaciones no monetarias, como acciones, activos apreciados o donaciones de bienes planificadas, para Proyectos de Misiones Nazarenas Aprobadas a trav\u00e9s de la Fundaci\u00f3n Nazarena. La Fundaci\u00f3n ayuda a convertir cualquier activo comercializable de valor en efectivo para donarlo al proyecto de su elecci\u00f3n.<\/p>\t\t\t\t\t\t\t\t<\/div>\n\t\t\t\t<\/div>\n\t\t\t\t<\/div>\n\t\t\t\t\t<\/div>\n\t\t\t\t<\/div>\n\t\t<div class=\"elementor-element elementor-element-811431c e-flex e-con-boxed e-con e-parent\" data-id=\"811431c\" data-element_type=\"container\" data-e-type=\"container\" data-settings=\"{&quot;jet_parallax_layout_list&quot;:[],&quot;background_background&quot;:&quot;classic&quot;}\">\n\t\t\t\t\t<div class=\"e-con-inner\">\n\t\t<div class=\"elementor-element elementor-element-3b7b51a e-con-full e-flex e-con e-child\" data-id=\"3b7b51a\" data-element_type=\"container\" data-e-type=\"container\" data-settings=\"{&quot;background_background&quot;:&quot;classic&quot;,&quot;jet_parallax_layout_list&quot;:[]}\">\n\t\t\t\t<div class=\"elementor-element elementor-element-129e075 elementor-widget elementor-widget-heading\" data-id=\"129e075\" data-element_type=\"widget\" data-e-type=\"widget\" data-widget_type=\"heading.default\">\n\t\t\t\t<div class=\"elementor-widget-container\">\n\t\t\t\t\t<h2 class=\"elementor-heading-title elementor-size-default\">Reconocimiento de la Iglesia por la generosidad <\/h2>\t\t\t\t<\/div>\n\t\t\t\t<\/div>\n\t\t\t\t<div class=\"elementor-element elementor-element-09cd184 elementor-widget elementor-widget-text-editor\" data-id=\"09cd184\" data-element_type=\"widget\" data-e-type=\"widget\" data-widget_type=\"text-editor.default\">\n\t\t\t\t<div class=\"elementor-widget-container\">\n\t\t\t\t\t\t\t\t\t<p>Las generosas donaciones de los nazarenos y de las iglesias permiten que la Iglesia del Nazareno florezca. Hay varias iglesias que son reconocidas por sus donaciones. <a href=\"\/stewardship-recognition\/\">Leer m\u00e1s<\/a>.<\/p><p><strong>Iglesia de Evangelismo Mundial<\/strong><\/p><p>Congregaciones que dan al menos el 5.5% de sus ingresos totales para la evangelizaci\u00f3n mundial y cumplen con todos los dem\u00e1s objetivos de distrito, educaci\u00f3n y pensiones y beneficios (EE.UU.).<\/p><p><strong>Iglesia de Excelencia en la Evangelizaci\u00f3n Mundial (NMI) <\/strong><\/p><p>Congregaciones que dan al menos el 5,7 % de sus ingresos totales (o exceden la meta del 5,5 % en 1.500 d\u00f3lares) para la evangelizaci\u00f3n mundial.<\/p><p><strong>Misi\u00f3n 10 (15, 20, 25, 30, +) Iglesia<\/strong><\/p><p>Congregaciones que dan por lo menos el 5.5% de sus ingresos totales para la Evangelizaci\u00f3n Mundial y cumplen con todos los dem\u00e1s objetivos distritales, educativos y de Pensiones y Beneficios (EE.UU.) y generosamente aumentan sus donaciones para Proyectos Nazarenos Aprobados de Misiones (Evangelismo Mundial y Proyectos Aprobados) al 10 (15, 20, 25, 30) % de sus ingresos totales.<\/p>\t\t\t\t\t\t\t\t<\/div>\n\t\t\t\t<\/div>\n\t\t\t\t<\/div>\n\t\t\t\t\t<\/div>\n\t\t\t\t<\/div>\n\t\t<div class=\"elementor-element elementor-element-614b5b8 e-flex e-con-boxed e-con e-parent\" data-id=\"614b5b8\" data-element_type=\"container\" data-e-type=\"container\" data-settings=\"{&quot;jet_parallax_layout_list&quot;:[],&quot;background_background&quot;:&quot;classic&quot;}\">\n\t\t\t\t\t<div class=\"e-con-inner\">\n\t\t<div class=\"elementor-element elementor-element-9cbcb2a e-con-full e-flex e-con e-child\" data-id=\"9cbcb2a\" data-element_type=\"container\" data-e-type=\"container\" data-settings=\"{&quot;background_background&quot;:&quot;classic&quot;,&quot;jet_parallax_layout_list&quot;:[]}\">\n\t\t\t\t<div class=\"elementor-element elementor-element-a3a9e2b elementor-widget elementor-widget-heading\" data-id=\"a3a9e2b\" data-element_type=\"widget\" data-e-type=\"widget\" data-widget_type=\"heading.default\">\n\t\t\t\t<div class=\"elementor-widget-container\">\n\t\t\t\t\t<h2 class=\"elementor-heading-title elementor-size-default\">Historia de las Donaciones Misioneras en la Iglesia del Nazareno<\/h2>\t\t\t\t<\/div>\n\t\t\t\t<\/div>\n\t\t\t\t<div class=\"elementor-element elementor-element-b002191 elementor-widget elementor-widget-text-editor\" data-id=\"b002191\" data-element_type=\"widget\" data-e-type=\"widget\" data-widget_type=\"text-editor.default\">\n\t\t\t\t<div class=\"elementor-widget-container\">\n\t\t\t\t\t\t\t\t\t<p>En 1905, Leslie F. Gay, vicepresidente de la Junta Misionera General de la Primera Iglesia del Nazareno de Los \u00c1ngeles, defendi\u00f3 una resoluci\u00f3n alentando a las iglesias a dar el 10 por ciento de sus ingresos totales a la obra misionera. En 1949, Louise Robinson Chapman, presidenta de Misiones Nazarenas Internacional, en un discurso apasionado, desafi\u00f3 a las iglesias nazarenas a demostrar su devoci\u00f3n a la misi\u00f3n cumpliendo con esta meta de donaci\u00f3n del diez por ciento. <br><br>Hoy en d\u00eda, muchas personas e iglesias siguen honrando tradiciones pasadas y se desaf\u00edan a s\u00ed mismos a responder al llamado y dar m\u00e1s all\u00e1 de su diezmo y donar a Proyectos Nazarenos Aprobados de Misiones que Dios pone en sus corazones. Estos proyectos se llamaban hist\u00f3ricamente Diez por Ciento de Misi\u00f3n Especiales (ahora Proyectos de Misiones Nazarenas Aprobadas).<\/p>\t\t\t\t\t\t\t\t<\/div>\n\t\t\t\t<\/div>\n\t\t\t\t<\/div>\n\t\t\t\t\t<\/div>\n\t\t\t\t<\/div>\n\t\t<div class=\"elementor-element elementor-element-76cc461 e-flex e-con-boxed e-con e-parent\" data-id=\"76cc461\" data-element_type=\"container\" data-e-type=\"container\" data-settings=\"{&quot;jet_parallax_layout_list&quot;:[],&quot;background_background&quot;:&quot;classic&quot;}\">\n\t\t\t\t\t<div class=\"e-con-inner\">\n\t\t<div class=\"elementor-element elementor-element-1f0c8a8 e-con-full e-flex e-con e-child\" data-id=\"1f0c8a8\" data-element_type=\"container\" data-e-type=\"container\" data-settings=\"{&quot;background_background&quot;:&quot;classic&quot;,&quot;jet_parallax_layout_list&quot;:[]}\">\n\t\t\t\t<div class=\"elementor-element elementor-element-e85cf50 elementor-widget__width-initial elementor-widget elementor-widget-heading\" data-id=\"e85cf50\" data-element_type=\"widget\" data-e-type=\"widget\" data-widget_type=\"heading.default\">\n\t\t\t\t<div class=\"elementor-widget-container\">\n\t\t\t\t\t<h3 class=\"elementor-heading-title elementor-size-default\"><a href=\"mailto:stewardship@nazarene.org\">stewardship@nazarene.org<\/a><br>\nLlame sin cargo: 1-800-544-8413<br>\nN\u00famero de fax: 913-577-0875<br><\/h3>\t\t\t\t<\/div>\n\t\t\t\t<\/div>\n\t\t\t\t<\/div>\n\t\t\t\t\t<\/div>\n\t\t\t\t<\/div>\n\t\t\t\t<\/div>\n\t\t","protected":false},"excerpt":{"rendered":"<p>Proyectos de misiones nazarenas aprobados Proyectos de misiones aprobados por Nazarenos (anteriormente 10 % de misiones especiales) Cada a\u00f1o, los nazarenos dan aproximadamente $26 millones adem\u00e1s de las donaciones para la evangelizaci\u00f3n mundial con el fin de hacer disc\u00edpulos semejantes a Cristo en las naciones. Para ver el informe anual m\u00e1s reciente de la Iglesia [&hellip;]<\/p>\n","protected":false},"author":6,"featured_media":0,"parent":40309,"menu_order":0,"comment_status":"closed","ping_status":"closed","template":"","meta":{"content-type":"","_jet_sm_ready_style":"","_jet_sm_style":"","_jet_sm_controls_values":"","_jet_sm_fonts_collection":"","_jet_sm_fonts_links":"","footnotes":""},"class_list":["post-38809","page","type-page","status-publish","hentry"],"yoast_head":"<!-- This site is optimized with the Yoast SEO Premium plugin v27.1 (Yoast SEO v27.1.1) - https:\/\/yoast.com\/product\/yoast-seo-premium-wordpress\/ -->\n<title>Proyectos de misiones nazarenas aprobados - Church of the Nazarene<\/title>\n<meta name=\"robots\" content=\"index, follow, max-snippet:-1, max-image-preview:large, max-video-preview:-1\" \/>\n<link rel=\"canonical\" href=\"https:\/\/nazarene.org\/es\/desarrollo-de-la-administracion\/proyectos-de-misiones-nazarenas-aprobados\/\" \/>\n<meta property=\"og:locale\" content=\"es_ES\" \/>\n<meta property=\"og:type\" content=\"article\" \/>\n<meta property=\"og:title\" content=\"Proyectos de misiones nazarenas aprobados\" \/>\n<meta property=\"og:description\" content=\"Proyectos de misiones nazarenas aprobados Proyectos de misiones aprobados por Nazarenos (anteriormente 10 % de misiones especiales) Cada a\u00f1o, los nazarenos dan aproximadamente $26 millones adem\u00e1s de las donaciones para la evangelizaci\u00f3n mundial con el fin de hacer disc\u00edpulos semejantes a Cristo en las naciones. Para ver el informe anual m\u00e1s reciente de la Iglesia [&hellip;]\" \/>\n<meta property=\"og:url\" content=\"https:\/\/nazarene.org\/es\/desarrollo-de-la-administracion\/proyectos-de-misiones-nazarenas-aprobados\/\" \/>\n<meta property=\"og:site_name\" content=\"Church of the Nazarene\" \/>\n<meta property=\"article:publisher\" content=\"https:\/\/www.facebook.com\/NazareneOfficial\/\" \/>\n<meta property=\"article:modified_time\" content=\"2025-06-10T05:43:15+00:00\" \/>\n<meta name=\"twitter:card\" content=\"summary_large_image\" \/>\n<meta name=\"twitter:site\" content=\"@Nazarene\" \/>\n<script type=\"application\/ld+json\" class=\"yoast-schema-graph\">{\"@context\":\"https:\/\/schema.org\",\"@graph\":[{\"@type\":\"WebPage\",\"@id\":\"https:\/\/nazarene.org\/es\/desarrollo-de-la-administracion\/proyectos-de-misiones-nazarenas-aprobados\/\",\"url\":\"https:\/\/nazarene.org\/es\/desarrollo-de-la-administracion\/proyectos-de-misiones-nazarenas-aprobados\/\",\"name\":\"Proyectos de misiones nazarenas aprobados - Church of the Nazarene\",\"isPartOf\":{\"@id\":\"https:\/\/nazarene.org\/es\/#website\"},\"datePublished\":\"2025-01-29T17:13:37+00:00\",\"dateModified\":\"2025-06-10T05:43:15+00:00\",\"breadcrumb\":{\"@id\":\"https:\/\/nazarene.org\/es\/desarrollo-de-la-administracion\/proyectos-de-misiones-nazarenas-aprobados\/#breadcrumb\"},\"inLanguage\":\"es\",\"potentialAction\":[{\"@type\":\"ReadAction\",\"target\":[\"https:\/\/nazarene.org\/es\/desarrollo-de-la-administracion\/proyectos-de-misiones-nazarenas-aprobados\/\"]}]},{\"@type\":\"BreadcrumbList\",\"@id\":\"https:\/\/nazarene.org\/es\/desarrollo-de-la-administracion\/proyectos-de-misiones-nazarenas-aprobados\/#breadcrumb\",\"itemListElement\":[{\"@type\":\"ListItem\",\"position\":1,\"name\":\"Home\",\"item\":\"https:\/\/nazarene.org\/es\/inicio\/\"},{\"@type\":\"ListItem\",\"position\":2,\"name\":\"Proyectos de misiones nazarenas aprobados\"}]},{\"@type\":\"WebSite\",\"@id\":\"https:\/\/nazarene.org\/es\/#website\",\"url\":\"https:\/\/nazarene.org\/es\/\",\"name\":\"Church of the Nazarene\",\"description\":\"Making Christlike Disciples in the Nations\",\"publisher\":{\"@id\":\"https:\/\/nazarene.org\/es\/#organization\"},\"potentialAction\":[{\"@type\":\"SearchAction\",\"target\":{\"@type\":\"EntryPoint\",\"urlTemplate\":\"https:\/\/nazarene.org\/es\/?s={search_term_string}\"},\"query-input\":{\"@type\":\"PropertyValueSpecification\",\"valueRequired\":true,\"valueName\":\"search_term_string\"}}],\"inLanguage\":\"es\"},{\"@type\":\"Organization\",\"@id\":\"https:\/\/nazarene.org\/es\/#organization\",\"name\":\"Church of the Nazarene\",\"url\":\"https:\/\/nazarene.org\/es\/\",\"logo\":{\"@type\":\"ImageObject\",\"inLanguage\":\"es\",\"@id\":\"https:\/\/nazarene.org\/es\/#\/schema\/logo\/image\/\",\"url\":\"https:\/\/nazarene.org\/wp-content\/uploads\/2024\/06\/Naz_Desktop_Black_Logo-1.svg\",\"contentUrl\":\"https:\/\/nazarene.org\/wp-content\/uploads\/2024\/06\/Naz_Desktop_Black_Logo-1.svg\",\"width\":258,\"height\":36,\"caption\":\"Church of the Nazarene\"},\"image\":{\"@id\":\"https:\/\/nazarene.org\/es\/#\/schema\/logo\/image\/\"},\"sameAs\":[\"https:\/\/www.facebook.com\/NazareneOfficial\/\",\"https:\/\/x.com\/Nazarene\",\"https:\/\/www.instagram.com\/nazareneofficial\/\"]}]}<\/script>\n<!-- \/ Yoast SEO Premium plugin. -->","yoast_head_json":{"title":"Proyectos de misiones nazarenas aprobados - Church of the Nazarene","robots":{"index":"index","follow":"follow","max-snippet":"max-snippet:-1","max-image-preview":"max-image-preview:large","max-video-preview":"max-video-preview:-1"},"canonical":"https:\/\/nazarene.org\/es\/desarrollo-de-la-administracion\/proyectos-de-misiones-nazarenas-aprobados\/","og_locale":"es_ES","og_type":"article","og_title":"Proyectos de misiones nazarenas aprobados","og_description":"Proyectos de misiones nazarenas aprobados Proyectos de misiones aprobados por Nazarenos (anteriormente 10 % de misiones especiales) Cada a\u00f1o, los nazarenos dan aproximadamente $26 millones adem\u00e1s de las donaciones para la evangelizaci\u00f3n mundial con el fin de hacer disc\u00edpulos semejantes a Cristo en las naciones. Para ver el informe anual m\u00e1s reciente de la Iglesia [&hellip;]","og_url":"https:\/\/nazarene.org\/es\/desarrollo-de-la-administracion\/proyectos-de-misiones-nazarenas-aprobados\/","og_site_name":"Church of the Nazarene","article_publisher":"https:\/\/www.facebook.com\/NazareneOfficial\/","article_modified_time":"2025-06-10T05:43:15+00:00","twitter_card":"summary_large_image","twitter_site":"@Nazarene","schema":{"@context":"https:\/\/schema.org","@graph":[{"@type":"WebPage","@id":"https:\/\/nazarene.org\/es\/desarrollo-de-la-administracion\/proyectos-de-misiones-nazarenas-aprobados\/","url":"https:\/\/nazarene.org\/es\/desarrollo-de-la-administracion\/proyectos-de-misiones-nazarenas-aprobados\/","name":"Proyectos de misiones nazarenas aprobados - Church of the Nazarene","isPartOf":{"@id":"https:\/\/nazarene.org\/es\/#website"},"datePublished":"2025-01-29T17:13:37+00:00","dateModified":"2025-06-10T05:43:15+00:00","breadcrumb":{"@id":"https:\/\/nazarene.org\/es\/desarrollo-de-la-administracion\/proyectos-de-misiones-nazarenas-aprobados\/#breadcrumb"},"inLanguage":"es","potentialAction":[{"@type":"ReadAction","target":["https:\/\/nazarene.org\/es\/desarrollo-de-la-administracion\/proyectos-de-misiones-nazarenas-aprobados\/"]}]},{"@type":"BreadcrumbList","@id":"https:\/\/nazarene.org\/es\/desarrollo-de-la-administracion\/proyectos-de-misiones-nazarenas-aprobados\/#breadcrumb","itemListElement":[{"@type":"ListItem","position":1,"name":"Home","item":"https:\/\/nazarene.org\/es\/inicio\/"},{"@type":"ListItem","position":2,"name":"Proyectos de misiones nazarenas aprobados"}]},{"@type":"WebSite","@id":"https:\/\/nazarene.org\/es\/#website","url":"https:\/\/nazarene.org\/es\/","name":"Church of the Nazarene","description":"Making Christlike Disciples in the Nations","publisher":{"@id":"https:\/\/nazarene.org\/es\/#organization"},"potentialAction":[{"@type":"SearchAction","target":{"@type":"EntryPoint","urlTemplate":"https:\/\/nazarene.org\/es\/?s={search_term_string}"},"query-input":{"@type":"PropertyValueSpecification","valueRequired":true,"valueName":"search_term_string"}}],"inLanguage":"es"},{"@type":"Organization","@id":"https:\/\/nazarene.org\/es\/#organization","name":"Church of the Nazarene","url":"https:\/\/nazarene.org\/es\/","logo":{"@type":"ImageObject","inLanguage":"es","@id":"https:\/\/nazarene.org\/es\/#\/schema\/logo\/image\/","url":"https:\/\/nazarene.org\/wp-content\/uploads\/2024\/06\/Naz_Desktop_Black_Logo-1.svg","contentUrl":"https:\/\/nazarene.org\/wp-content\/uploads\/2024\/06\/Naz_Desktop_Black_Logo-1.svg","width":258,"height":36,"caption":"Church of the Nazarene"},"image":{"@id":"https:\/\/nazarene.org\/es\/#\/schema\/logo\/image\/"},"sameAs":["https:\/\/www.facebook.com\/NazareneOfficial\/","https:\/\/x.com\/Nazarene","https:\/\/www.instagram.com\/nazareneofficial\/"]}]}},"_links":{"self":[{"href":"https:\/\/nazarene.org\/es\/wp-json\/wp\/v2\/pages\/38809","targetHints":{"allow":["GET"]}}],"collection":[{"href":"https:\/\/nazarene.org\/es\/wp-json\/wp\/v2\/pages"}],"about":[{"href":"https:\/\/nazarene.org\/es\/wp-json\/wp\/v2\/types\/page"}],"author":[{"embeddable":true,"href":"https:\/\/nazarene.org\/es\/wp-json\/wp\/v2\/users\/6"}],"replies":[{"embeddable":true,"href":"https:\/\/nazarene.org\/es\/wp-json\/wp\/v2\/comments?post=38809"}],"version-history":[{"count":0,"href":"https:\/\/nazarene.org\/es\/wp-json\/wp\/v2\/pages\/38809\/revisions"}],"up":[{"embeddable":true,"href":"https:\/\/nazarene.org\/es\/wp-json\/wp\/v2\/pages\/40309"}],"wp:attachment":[{"href":"https:\/\/nazarene.org\/es\/wp-json\/wp\/v2\/media?parent=38809"}],"curies":[{"name":"wp","href":"https:\/\/api.w.org\/{rel}","templated":true}]}}