{"id":36810,"date":"2025-05-23T15:04:40","date_gmt":"2025-05-23T20:04:40","guid":{"rendered":"https:\/\/nazarene.org\/soporte-a-wmb\/"},"modified":"2026-04-06T15:39:40","modified_gmt":"2026-04-06T20:39:40","slug":"soporte-a-wmb","status":"publish","type":"page","link":"https:\/\/nazarene.org\/es\/transmision-de-la-mision-mundial\/soporte-a-wmb\/","title":{"rendered":"Apoye a TMM"},"content":{"rendered":"\t\t<div data-elementor-type=\"wp-page\" data-elementor-id=\"36810\" class=\"elementor elementor-36810 elementor-36390\" data-elementor-post-type=\"page\">\n\t\t\t\t<div class=\"elementor-element elementor-element-3afea2b e-flex e-con-boxed e-con e-parent\" data-id=\"3afea2b\" data-element_type=\"container\" data-e-type=\"container\" data-settings=\"{&quot;background_background&quot;:&quot;classic&quot;,&quot;jet_parallax_layout_list&quot;:[]}\">\n\t\t\t\t\t<div class=\"e-con-inner\">\n\t\t\t\t<div class=\"elementor-element elementor-element-d4ac1ba elementor-widget elementor-widget-heading\" data-id=\"d4ac1ba\" data-element_type=\"widget\" data-e-type=\"widget\" data-widget_type=\"heading.default\">\n\t\t\t\t<div class=\"elementor-widget-container\">\n\t\t\t\t\t<h1 class=\"elementor-heading-title elementor-size-default\">Apoye a TMM<\/h1>\t\t\t\t<\/div>\n\t\t\t\t<\/div>\n\t\t\t\t\t<\/div>\n\t\t\t\t<\/div>\n\t\t<div class=\"elementor-element elementor-element-39f8f9e e-flex e-con-boxed e-con e-parent\" data-id=\"39f8f9e\" data-element_type=\"container\" data-e-type=\"container\" data-settings=\"{&quot;background_background&quot;:&quot;classic&quot;,&quot;jet_parallax_layout_list&quot;:[]}\">\n\t\t\t\t\t<div class=\"e-con-inner\">\n\t\t<div class=\"elementor-element elementor-element-e45487a e-con-full e-flex e-con e-child\" data-id=\"e45487a\" data-element_type=\"container\" data-e-type=\"container\" data-settings=\"{&quot;jet_parallax_layout_list&quot;:[],&quot;background_background&quot;:&quot;classic&quot;}\">\n\t\t\t\t<div class=\"elementor-element elementor-element-5e54c90 elementor-widget elementor-widget-heading\" data-id=\"5e54c90\" data-element_type=\"widget\" data-e-type=\"widget\" data-widget_type=\"heading.default\">\n\t\t\t\t<div class=\"elementor-widget-container\">\n\t\t\t\t\t<h3 class=\"elementor-heading-title elementor-size-default\">Ofrenda para Transmisi\u00f3n de Misi\u00f3n Mundial\n<\/h3>\t\t\t\t<\/div>\n\t\t\t\t<\/div>\n\t\t\t\t<div class=\"elementor-element elementor-element-66e1b9b elementor-widget-divider--view-line elementor-widget elementor-widget-divider\" data-id=\"66e1b9b\" data-element_type=\"widget\" data-e-type=\"widget\" data-widget_type=\"divider.default\">\n\t\t\t\t<div class=\"elementor-widget-container\">\n\t\t\t\t\t\t\t<div class=\"elementor-divider\">\n\t\t\t<span class=\"elementor-divider-separator\">\n\t\t\t\t\t\t<\/span>\n\t\t<\/div>\n\t\t\t\t\t\t<\/div>\n\t\t\t\t<\/div>\n\t\t\t\t<div class=\"elementor-element elementor-element-a9b2572 elementor-widget__width-initial elementor-widget elementor-widget-text-editor\" data-id=\"a9b2572\" data-element_type=\"widget\" data-e-type=\"widget\" data-widget_type=\"text-editor.default\">\n\t\t\t\t<div class=\"elementor-widget-container\">\n\t\t\t\t\t\t\t\t\t<p>Las donaciones a Trasnsmisiones de Misi\u00f3n Mundial permiten llegar a millones de personas de todo el mundo para dar a conocer a Cristo, ya que financian la producci\u00f3n de programas, el tiempo de emisi\u00f3n y los materiales de seguimiento. <\/p><p> <\/p><p>Los programas de Santidad, que se emiten por radio, televisi\u00f3n e Internet, est\u00e1n llegando a los rincones m\u00e1s rec\u00f3nditos del mundo con el mensaje de Jes\u00fas y su amor redentor. Adem\u00e1s, ayudan a formar como disc\u00edpulos a quienes responden a ese mensaje. <\/p><p> <\/p><p>Las oraciones y el apoyo econ\u00f3mico de las iglesias nazarenas y de los particulares son fundamentales para mantener los programas de TMM al aire. Te sugerimos que colabores estrechamente con los l\u00edderes de tu iglesia para encontrar el mejor momento posible para dar a conocer TMM y recaudar ofrendas. <\/p>\t\t\t\t\t\t\t\t<\/div>\n\t\t\t\t<\/div>\n\t\t\t\t<div class=\"elementor-element elementor-element-423039f elementor-hidden-mobile elementor-widget elementor-widget-spacer\" data-id=\"423039f\" data-element_type=\"widget\" data-e-type=\"widget\" data-widget_type=\"spacer.default\">\n\t\t\t\t<div class=\"elementor-widget-container\">\n\t\t\t\t\t\t\t<div class=\"elementor-spacer\">\n\t\t\t<div class=\"elementor-spacer-inner\"><\/div>\n\t\t<\/div>\n\t\t\t\t\t\t<\/div>\n\t\t\t\t<\/div>\n\t\t\t\t<\/div>\n\t\t\t\t\t<\/div>\n\t\t\t\t<\/div>\n\t\t<div class=\"elementor-element elementor-element-5eff4ab e-flex e-con-boxed e-con e-parent\" data-id=\"5eff4ab\" data-element_type=\"container\" data-e-type=\"container\" data-settings=\"{&quot;background_background&quot;:&quot;classic&quot;,&quot;jet_parallax_layout_list&quot;:[]}\">\n\t\t\t\t\t<div class=\"e-con-inner\">\n\t\t<div class=\"elementor-element elementor-element-37d8b9f e-flex e-con-boxed e-con e-child\" data-id=\"37d8b9f\" data-element_type=\"container\" data-e-type=\"container\" data-settings=\"{&quot;jet_parallax_layout_list&quot;:[]}\">\n\t\t\t\t\t<div class=\"e-con-inner\">\n\t\t<div class=\"elementor-element elementor-element-136262f e-con-full e-flex e-con e-child\" data-id=\"136262f\" data-element_type=\"container\" data-e-type=\"container\" data-settings=\"{&quot;jet_parallax_layout_list&quot;:[]}\">\n\t\t\t\t<div class=\"elementor-element elementor-element-2ef5ac1 elementor-widget elementor-widget-heading\" data-id=\"2ef5ac1\" data-element_type=\"widget\" data-e-type=\"widget\" data-widget_type=\"heading.default\">\n\t\t\t\t<div class=\"elementor-widget-container\">\n\t\t\t\t\t<h3 class=\"elementor-heading-title elementor-size-default\">Donar en l\u00ednea<\/h3>\t\t\t\t<\/div>\n\t\t\t\t<\/div>\n\t\t\t\t<\/div>\n\t\t\t\t<div class=\"elementor-element elementor-element-d48f2dd elementor-widget-divider--view-line elementor-widget elementor-widget-divider\" data-id=\"d48f2dd\" data-element_type=\"widget\" data-e-type=\"widget\" data-widget_type=\"divider.default\">\n\t\t\t\t<div class=\"elementor-widget-container\">\n\t\t\t\t\t\t\t<div class=\"elementor-divider\">\n\t\t\t<span class=\"elementor-divider-separator\">\n\t\t\t\t\t\t<\/span>\n\t\t<\/div>\n\t\t\t\t\t\t<\/div>\n\t\t\t\t<\/div>\n\t\t\t\t<div class=\"elementor-element elementor-element-c24e727 elementor-widget__width-initial elementor-widget elementor-widget-text-editor\" data-id=\"c24e727\" data-element_type=\"widget\" data-e-type=\"widget\" data-widget_type=\"text-editor.default\">\n\t\t\t\t<div class=\"elementor-widget-container\">\n\t\t\t\t\t\t\t\t\t<p>O bien, extienda los cheques a nombre de Transmisiones de Misi\u00f3n Mundial y env\u00edelos por correo a:<\/p><p> <\/p><p>Iglesia del Nazareno<\/p><p>Servicio de Tesorer\u00eda Global<\/p><p>P.O. Box 843116<\/p><p>Kansas City, MO 64184-3116<\/p>\t\t\t\t\t\t\t\t<\/div>\n\t\t\t\t<\/div>\n\t\t\t\t<div class=\"elementor-element elementor-element-16854e2 elementor-align-center elementor-widget elementor-widget-button\" data-id=\"16854e2\" data-element_type=\"widget\" data-e-type=\"widget\" data-widget_type=\"button.default\">\n\t\t\t\t<div class=\"elementor-widget-container\">\n\t\t\t\t\t\t\t\t\t<div class=\"elementor-button-wrapper\">\n\t\t\t\t\t<a class=\"elementor-button elementor-button-link elementor-size-sm\" href=\"https:\/\/give.nazarene.org\/donate\/world-mission-broadcast\" target=\"_blank\">\n\t\t\t\t\t\t<span class=\"elementor-button-content-wrapper\">\n\t\t\t\t\t\t<span class=\"elementor-button-icon\">\n\t\t\t\t<svg aria-hidden=\"true\" class=\"e-font-icon-svg e-fas-arrow-right\" viewBox=\"0 0 448 512\" xmlns=\"http:\/\/www.w3.org\/2000\/svg\"><path d=\"M190.5 66.9l22.2-22.2c9.4-9.4 24.6-9.4 33.9 0L441 239c9.4 9.4 9.4 24.6 0 33.9L246.6 467.3c-9.4 9.4-24.6 9.4-33.9 0l-22.2-22.2c-9.5-9.5-9.3-25 .4-34.3L311.4 296H24c-13.3 0-24-10.7-24-24v-32c0-13.3 10.7-24 24-24h287.4L190.9 101.2c-9.8-9.3-10-24.8-.4-34.3z\"><\/path><\/svg>\t\t\t<\/span>\n\t\t\t\t\t\t\t\t\t<span class=\"elementor-button-text\">DONAR AHORA<\/span>\n\t\t\t\t\t<\/span>\n\t\t\t\t\t<\/a>\n\t\t\t\t<\/div>\n\t\t\t\t\t\t\t\t<\/div>\n\t\t\t\t<\/div>\n\t\t\t\t\t<\/div>\n\t\t\t\t<\/div>\n\t\t\t\t\t<\/div>\n\t\t\t\t<\/div>\n\t\t<div class=\"elementor-element elementor-element-f619eb2 e-flex e-con-boxed e-con e-parent\" data-id=\"f619eb2\" data-element_type=\"container\" data-e-type=\"container\" data-settings=\"{&quot;background_background&quot;:&quot;classic&quot;,&quot;jet_parallax_layout_list&quot;:[]}\">\n\t\t\t\t\t<div class=\"e-con-inner\">\n\t\t<div class=\"elementor-element elementor-element-e47f33b e-con-full e-flex e-con e-child\" data-id=\"e47f33b\" data-element_type=\"container\" data-e-type=\"container\" data-settings=\"{&quot;jet_parallax_layout_list&quot;:[],&quot;background_background&quot;:&quot;classic&quot;}\">\n\t\t\t\t<div class=\"elementor-element elementor-element-7e6e7ed elementor-widget elementor-widget-heading\" data-id=\"7e6e7ed\" data-element_type=\"widget\" data-e-type=\"widget\" data-widget_type=\"heading.default\">\n\t\t\t\t<div class=\"elementor-widget-container\">\n\t\t\t\t\t<h3 class=\"elementor-heading-title elementor-size-default\">TMM Adopta-Un-Proyecto<\/h3>\t\t\t\t<\/div>\n\t\t\t\t<\/div>\n\t\t\t\t<div class=\"elementor-element elementor-element-654391f elementor-widget-divider--view-line elementor-widget elementor-widget-divider\" data-id=\"654391f\" data-element_type=\"widget\" data-e-type=\"widget\" data-widget_type=\"divider.default\">\n\t\t\t\t<div class=\"elementor-widget-container\">\n\t\t\t\t\t\t\t<div class=\"elementor-divider\">\n\t\t\t<span class=\"elementor-divider-separator\">\n\t\t\t\t\t\t<\/span>\n\t\t<\/div>\n\t\t\t\t\t\t<\/div>\n\t\t\t\t<\/div>\n\t\t\t\t<div class=\"elementor-element elementor-element-17f2c41 elementor-widget__width-initial elementor-widget elementor-widget-text-editor\" data-id=\"17f2c41\" data-element_type=\"widget\" data-e-type=\"widget\" data-widget_type=\"text-editor.default\">\n\t\t\t\t<div class=\"elementor-widget-container\">\n\t\t\t\t\t\t\t\t\t<div class=\"layout__region layout__region--left flex-1-1 flex-grow-0 xl-flex-4-5\"><div class=\"block__wysiwyg\" data-layout-content-preview-placeholder-label=\"\"text\" block\"><div class=\"styles-wrapper-584d2a84-5c7d-4792-875a-8c11232d4a09\"><section class=\"wysiwyg\"><div class=\"wysiwyg__content\"><div class=\"flex-container flex-wrap\"><p>\u00bfPrefieres colaborar con un proyecto concreto de TMM? Si es as\u00ed, nuestra iniciativa \u00abAdopta un proyecto\u00bb es lo que buscas. Hay muchos programas de TMM que no pueden financiarse con la recaudaci\u00f3n anual, pero las oportunidades est\u00e1n ah\u00ed. A continuaci\u00f3n se enumeran los proyectos actuales:   <\/p><p> <\/p><p><a href=\"https:\/\/asiapacificnazarene.org\/nyi-across-the-philippines-challenged-to-get-involved-in-radio-ministry\/\" target=\"_blank\" rel=\"noopener\">Kits de producci\u00f3n<\/a> \u2013 TMM est\u00e1 equipando a l\u00edderes de todo el mundo que sienten una gran pasi\u00f3n por llevar el Evangelio a su generaci\u00f3n. Al aportar fondos para un kit de producci\u00f3n, permitir\u00e1s que un locutor cree programas atractivos y relevantes que lleven la Buena Nueva a las personas de su comunidad. Cada kit contiene un ordenador port\u00e1til, software de grabaci\u00f3n y edici\u00f3n de audio, una interfaz de hardware, un micr\u00f3fono y auriculares. Un inversor de corriente permite realizar grabaciones sobre el terreno conect\u00e1ndolo a la bater\u00eda de un coche.    Los cables y accesorios completan el estudio de grabaci\u00f3n virtual incluido en el kit de producci\u00f3n. <\/p><p> <\/p><p>Precio: 1400,00 $ por kit de producci\u00f3n para Windows o 1600 $ por kit de producci\u00f3n para Mac.<\/p><\/div><\/div><\/section><\/div><\/div><\/div>\t\t\t\t\t\t\t\t<\/div>\n\t\t\t\t<\/div>\n\t\t\t\t<div class=\"elementor-element elementor-element-b84e2d9 elementor-widget elementor-widget-spacer\" data-id=\"b84e2d9\" data-element_type=\"widget\" data-e-type=\"widget\" data-widget_type=\"spacer.default\">\n\t\t\t\t<div class=\"elementor-widget-container\">\n\t\t\t\t\t\t\t<div class=\"elementor-spacer\">\n\t\t\t<div class=\"elementor-spacer-inner\"><\/div>\n\t\t<\/div>\n\t\t\t\t\t\t<\/div>\n\t\t\t\t<\/div>\n\t\t\t\t<\/div>\n\t\t\t\t\t<\/div>\n\t\t\t\t<\/div>\n\t\t<div class=\"elementor-element elementor-element-66c93bb e-flex e-con-boxed e-con e-parent\" data-id=\"66c93bb\" data-element_type=\"container\" data-e-type=\"container\" data-settings=\"{&quot;background_background&quot;:&quot;classic&quot;,&quot;jet_parallax_layout_list&quot;:[]}\">\n\t\t\t\t\t<div class=\"e-con-inner\">\n\t\t<div class=\"elementor-element elementor-element-cc047ad e-con-full e-flex e-con e-child\" data-id=\"cc047ad\" data-element_type=\"container\" data-e-type=\"container\" data-settings=\"{&quot;background_background&quot;:&quot;classic&quot;,&quot;jet_parallax_layout_list&quot;:[]}\">\n\t\t<div class=\"elementor-element elementor-element-a16f554 e-con-full e-flex e-con e-child\" data-id=\"a16f554\" data-element_type=\"container\" data-e-type=\"container\" data-settings=\"{&quot;jet_parallax_layout_list&quot;:[]}\">\n\t\t\t\t<div class=\"elementor-element elementor-element-0a3a44c elementor-widget__width-initial elementor-widget elementor-widget-heading\" data-id=\"0a3a44c\" data-element_type=\"widget\" data-e-type=\"widget\" data-widget_type=\"heading.default\">\n\t\t\t\t<div class=\"elementor-widget-container\">\n\t\t\t\t\t<h2 class=\"elementor-heading-title elementor-size-default\">CON\u00c9CTATE CON NOSOTROS<\/h2>\t\t\t\t<\/div>\n\t\t\t\t<\/div>\n\t\t\t\t<div class=\"elementor-element elementor-element-7ec5b5a elementor-widget elementor-widget-text-editor\" data-id=\"7ec5b5a\" data-element_type=\"widget\" data-e-type=\"widget\" data-widget_type=\"text-editor.default\">\n\t\t\t\t<div class=\"elementor-widget-container\">\n\t\t\t\t\t\t\t\t\t<p><a href=\"mailto:wmb@nazarene.org\">wmb@nazarene.org<\/a><a href=\"mailto:%20wmb@nazarene.org\"> <\/a><br>Phone: 913-577-2901<\/p><div class=\"layout-content md-flex-3-4 xl-flex-4-5\"><div><div id=\"block-nazarene-org-content\"><article class=\"node node__component-page node__component-page__view_mode_full support-wmb\" role=\"article\"><div><div class=\"layout layout--eighty-twenty-regions flex-container flex-dir-column overlay-top-light\"><div class=\"layout-content-overlay flex-container flex-dir-column flex-jc-center\"><div class=\"layout--inner flex-container flex-dir-column xl-flex-dir-row flex-jc-flex-start flex-ai-flex-start row flex-gutters\"><div class=\"layout__region layout__region--right flex-1-1 flex-grow-0 xl-flex-1-5\"><div class=\"block__wysiwyg\" data-layout-content-preview-placeholder-label=\"\"text\" block\"><div class=\"styles-wrapper-df09d713-6a3c-408f-a472-a22f06a23141\"><section class=\"wysiwyg\"><div class=\"wysiwyg__content\"><div class=\"flex-container flex-wrap\"><p><strong>Transmisiones de Misi\u00f3n Mundial<\/strong><br>17001 Prairie Star Parkway<br>Lenexa, KS, USA 66220<\/p><\/div><\/div><\/section><\/div><\/div><\/div><\/div><\/div><\/div><\/div><\/article><\/div><\/div><\/div>\t\t\t\t\t\t\t\t<\/div>\n\t\t\t\t<\/div>\n\t\t\t\t<\/div>\n\t\t\t\t<\/div>\n\t\t\t\t\t<\/div>\n\t\t\t\t<\/div>\n\t\t\t\t<\/div>\n\t\t","protected":false},"excerpt":{"rendered":"<p>Apoye a TMM Ofrenda para Transmisi\u00f3n de Misi\u00f3n Mundial Las donaciones a Trasnsmisiones de Misi\u00f3n Mundial permiten llegar a millones de personas de todo el mundo para dar a conocer a Cristo, ya que financian la producci\u00f3n de programas, el tiempo de emisi\u00f3n y los materiales de seguimiento. Los programas de Santidad, que se emiten [&hellip;]<\/p>\n","protected":false},"author":8,"featured_media":0,"parent":37732,"menu_order":0,"comment_status":"closed","ping_status":"closed","template":"","meta":{"content-type":"","_jet_sm_ready_style":"","_jet_sm_style":"","_jet_sm_controls_values":"","_jet_sm_fonts_collection":"","_jet_sm_fonts_links":"","footnotes":""},"class_list":["post-36810","page","type-page","status-publish","hentry"],"yoast_head":"<!-- This site is optimized with the Yoast SEO Premium plugin v27.1 (Yoast SEO v27.1.1) - https:\/\/yoast.com\/product\/yoast-seo-premium-wordpress\/ -->\n<title>Apoye a TMM - Church of the Nazarene<\/title>\n<meta name=\"robots\" content=\"index, follow, max-snippet:-1, max-image-preview:large, max-video-preview:-1\" \/>\n<link rel=\"canonical\" href=\"https:\/\/nazarene.org\/es\/transmision-de-la-mision-mundial\/soporte-a-wmb\/\" \/>\n<meta property=\"og:locale\" content=\"es_ES\" \/>\n<meta property=\"og:type\" content=\"article\" \/>\n<meta property=\"og:title\" content=\"Apoye a TMM\" \/>\n<meta property=\"og:description\" content=\"Apoye a TMM Ofrenda para Transmisi\u00f3n de Misi\u00f3n Mundial Las donaciones a Trasnsmisiones de Misi\u00f3n Mundial permiten llegar a millones de personas de todo el mundo para dar a conocer a Cristo, ya que financian la producci\u00f3n de programas, el tiempo de emisi\u00f3n y los materiales de seguimiento. Los programas de Santidad, que se emiten [&hellip;]\" \/>\n<meta property=\"og:url\" content=\"https:\/\/nazarene.org\/es\/transmision-de-la-mision-mundial\/soporte-a-wmb\/\" \/>\n<meta property=\"og:site_name\" content=\"Church of the Nazarene\" \/>\n<meta property=\"article:publisher\" content=\"https:\/\/www.facebook.com\/NazareneOfficial\/\" \/>\n<meta property=\"article:modified_time\" content=\"2026-04-06T20:39:40+00:00\" \/>\n<meta name=\"twitter:card\" content=\"summary_large_image\" \/>\n<meta name=\"twitter:site\" content=\"@Nazarene\" \/>\n<script type=\"application\/ld+json\" class=\"yoast-schema-graph\">{\"@context\":\"https:\/\/schema.org\",\"@graph\":[{\"@type\":\"WebPage\",\"@id\":\"https:\/\/nazarene.org\/es\/transmision-de-la-mision-mundial\/soporte-a-wmb\/\",\"url\":\"https:\/\/nazarene.org\/es\/transmision-de-la-mision-mundial\/soporte-a-wmb\/\",\"name\":\"Apoye a TMM - Church of the Nazarene\",\"isPartOf\":{\"@id\":\"https:\/\/nazarene.org\/es\/#website\"},\"datePublished\":\"2025-05-23T20:04:40+00:00\",\"dateModified\":\"2026-04-06T20:39:40+00:00\",\"breadcrumb\":{\"@id\":\"https:\/\/nazarene.org\/es\/transmision-de-la-mision-mundial\/soporte-a-wmb\/#breadcrumb\"},\"inLanguage\":\"es\",\"potentialAction\":[{\"@type\":\"ReadAction\",\"target\":[\"https:\/\/nazarene.org\/es\/transmision-de-la-mision-mundial\/soporte-a-wmb\/\"]}]},{\"@type\":\"BreadcrumbList\",\"@id\":\"https:\/\/nazarene.org\/es\/transmision-de-la-mision-mundial\/soporte-a-wmb\/#breadcrumb\",\"itemListElement\":[{\"@type\":\"ListItem\",\"position\":1,\"name\":\"Home\",\"item\":\"https:\/\/nazarene.org\/es\/inicio\/\"},{\"@type\":\"ListItem\",\"position\":2,\"name\":\"Transmisi\u00f3n de Misi\u00f3n Mundial\",\"item\":\"https:\/\/nazarene.org\/es\/transmision-de-la-mision-mundial\/\"},{\"@type\":\"ListItem\",\"position\":3,\"name\":\"Apoye a TMM\"}]},{\"@type\":\"WebSite\",\"@id\":\"https:\/\/nazarene.org\/es\/#website\",\"url\":\"https:\/\/nazarene.org\/es\/\",\"name\":\"Church of the Nazarene\",\"description\":\"Making Christlike Disciples in the Nations\",\"publisher\":{\"@id\":\"https:\/\/nazarene.org\/es\/#organization\"},\"potentialAction\":[{\"@type\":\"SearchAction\",\"target\":{\"@type\":\"EntryPoint\",\"urlTemplate\":\"https:\/\/nazarene.org\/es\/?s={search_term_string}\"},\"query-input\":{\"@type\":\"PropertyValueSpecification\",\"valueRequired\":true,\"valueName\":\"search_term_string\"}}],\"inLanguage\":\"es\"},{\"@type\":\"Organization\",\"@id\":\"https:\/\/nazarene.org\/es\/#organization\",\"name\":\"Church of the Nazarene\",\"url\":\"https:\/\/nazarene.org\/es\/\",\"logo\":{\"@type\":\"ImageObject\",\"inLanguage\":\"es\",\"@id\":\"https:\/\/nazarene.org\/es\/#\/schema\/logo\/image\/\",\"url\":\"https:\/\/nazarene.org\/wp-content\/uploads\/2024\/06\/Naz_Desktop_Black_Logo-1.svg\",\"contentUrl\":\"https:\/\/nazarene.org\/wp-content\/uploads\/2024\/06\/Naz_Desktop_Black_Logo-1.svg\",\"width\":258,\"height\":36,\"caption\":\"Church of the Nazarene\"},\"image\":{\"@id\":\"https:\/\/nazarene.org\/es\/#\/schema\/logo\/image\/\"},\"sameAs\":[\"https:\/\/www.facebook.com\/NazareneOfficial\/\",\"https:\/\/x.com\/Nazarene\",\"https:\/\/www.instagram.com\/nazareneofficial\/\"]}]}<\/script>\n<!-- \/ Yoast SEO Premium plugin. -->","yoast_head_json":{"title":"Apoye a TMM - Church of the Nazarene","robots":{"index":"index","follow":"follow","max-snippet":"max-snippet:-1","max-image-preview":"max-image-preview:large","max-video-preview":"max-video-preview:-1"},"canonical":"https:\/\/nazarene.org\/es\/transmision-de-la-mision-mundial\/soporte-a-wmb\/","og_locale":"es_ES","og_type":"article","og_title":"Apoye a TMM","og_description":"Apoye a TMM Ofrenda para Transmisi\u00f3n de Misi\u00f3n Mundial Las donaciones a Trasnsmisiones de Misi\u00f3n Mundial permiten llegar a millones de personas de todo el mundo para dar a conocer a Cristo, ya que financian la producci\u00f3n de programas, el tiempo de emisi\u00f3n y los materiales de seguimiento. Los programas de Santidad, que se emiten [&hellip;]","og_url":"https:\/\/nazarene.org\/es\/transmision-de-la-mision-mundial\/soporte-a-wmb\/","og_site_name":"Church of the Nazarene","article_publisher":"https:\/\/www.facebook.com\/NazareneOfficial\/","article_modified_time":"2026-04-06T20:39:40+00:00","twitter_card":"summary_large_image","twitter_site":"@Nazarene","schema":{"@context":"https:\/\/schema.org","@graph":[{"@type":"WebPage","@id":"https:\/\/nazarene.org\/es\/transmision-de-la-mision-mundial\/soporte-a-wmb\/","url":"https:\/\/nazarene.org\/es\/transmision-de-la-mision-mundial\/soporte-a-wmb\/","name":"Apoye a TMM - Church of the Nazarene","isPartOf":{"@id":"https:\/\/nazarene.org\/es\/#website"},"datePublished":"2025-05-23T20:04:40+00:00","dateModified":"2026-04-06T20:39:40+00:00","breadcrumb":{"@id":"https:\/\/nazarene.org\/es\/transmision-de-la-mision-mundial\/soporte-a-wmb\/#breadcrumb"},"inLanguage":"es","potentialAction":[{"@type":"ReadAction","target":["https:\/\/nazarene.org\/es\/transmision-de-la-mision-mundial\/soporte-a-wmb\/"]}]},{"@type":"BreadcrumbList","@id":"https:\/\/nazarene.org\/es\/transmision-de-la-mision-mundial\/soporte-a-wmb\/#breadcrumb","itemListElement":[{"@type":"ListItem","position":1,"name":"Home","item":"https:\/\/nazarene.org\/es\/inicio\/"},{"@type":"ListItem","position":2,"name":"Transmisi\u00f3n de Misi\u00f3n Mundial","item":"https:\/\/nazarene.org\/es\/transmision-de-la-mision-mundial\/"},{"@type":"ListItem","position":3,"name":"Apoye a TMM"}]},{"@type":"WebSite","@id":"https:\/\/nazarene.org\/es\/#website","url":"https:\/\/nazarene.org\/es\/","name":"Church of the Nazarene","description":"Making Christlike Disciples in the Nations","publisher":{"@id":"https:\/\/nazarene.org\/es\/#organization"},"potentialAction":[{"@type":"SearchAction","target":{"@type":"EntryPoint","urlTemplate":"https:\/\/nazarene.org\/es\/?s={search_term_string}"},"query-input":{"@type":"PropertyValueSpecification","valueRequired":true,"valueName":"search_term_string"}}],"inLanguage":"es"},{"@type":"Organization","@id":"https:\/\/nazarene.org\/es\/#organization","name":"Church of the Nazarene","url":"https:\/\/nazarene.org\/es\/","logo":{"@type":"ImageObject","inLanguage":"es","@id":"https:\/\/nazarene.org\/es\/#\/schema\/logo\/image\/","url":"https:\/\/nazarene.org\/wp-content\/uploads\/2024\/06\/Naz_Desktop_Black_Logo-1.svg","contentUrl":"https:\/\/nazarene.org\/wp-content\/uploads\/2024\/06\/Naz_Desktop_Black_Logo-1.svg","width":258,"height":36,"caption":"Church of the Nazarene"},"image":{"@id":"https:\/\/nazarene.org\/es\/#\/schema\/logo\/image\/"},"sameAs":["https:\/\/www.facebook.com\/NazareneOfficial\/","https:\/\/x.com\/Nazarene","https:\/\/www.instagram.com\/nazareneofficial\/"]}]}},"_links":{"self":[{"href":"https:\/\/nazarene.org\/es\/wp-json\/wp\/v2\/pages\/36810","targetHints":{"allow":["GET"]}}],"collection":[{"href":"https:\/\/nazarene.org\/es\/wp-json\/wp\/v2\/pages"}],"about":[{"href":"https:\/\/nazarene.org\/es\/wp-json\/wp\/v2\/types\/page"}],"author":[{"embeddable":true,"href":"https:\/\/nazarene.org\/es\/wp-json\/wp\/v2\/users\/8"}],"replies":[{"embeddable":true,"href":"https:\/\/nazarene.org\/es\/wp-json\/wp\/v2\/comments?post=36810"}],"version-history":[{"count":11,"href":"https:\/\/nazarene.org\/es\/wp-json\/wp\/v2\/pages\/36810\/revisions"}],"predecessor-version":[{"id":72066,"href":"https:\/\/nazarene.org\/es\/wp-json\/wp\/v2\/pages\/36810\/revisions\/72066"}],"up":[{"embeddable":true,"href":"https:\/\/nazarene.org\/es\/wp-json\/wp\/v2\/pages\/37732"}],"wp:attachment":[{"href":"https:\/\/nazarene.org\/es\/wp-json\/wp\/v2\/media?parent=36810"}],"curies":[{"name":"wp","href":"https:\/\/api.w.org\/{rel}","templated":true}]}}